{"id":2917,"date":"2018-03-26T06:12:20","date_gmt":"2018-03-26T05:12:20","guid":{"rendered":"https:\/\/woo-themes-plugins.com\/product\/usps-versandmethode-woocommerce-lieferungs-plugin\/"},"modified":"2018-04-26T18:29:31","modified_gmt":"2018-04-26T17:29:31","slug":"usps-versandmethode-woocommerce-lieferungs-plugin","status":"publish","type":"product","link":"https:\/\/woo-themes-plugins.com\/de\/product\/usps-versandmethode-woocommerce-lieferungs-plugin\/","title":{"rendered":"USPS-Versandmethode &#8211; WooCommerce-Lieferungs-Plugin"},"content":{"rendered":"<p><span id=\"result_box\" class=\"\" lang=\"de\">Verkaufen Sie in die Vereinigten Staaten von Amerika? Sie m\u00fcssen also unbedingt die Dienste von USPS in Anspruch nehmen.<\/span><\/p>\n<p>Mit dieser Erweiterung WooCommerce k\u00f6nnen Sie Ihren Kunden den realen Preis live anzeigen.<\/p>\n<p><span class=\"\">Um von dieser Funktion zu profitieren, m\u00fcssen einige Regeln eingehalten werden, wie z. B. die Bezahlung von Kunden in US-Dollar, Virgin Islands oder Puerto Ribo.<\/span> <span class=\"\">Das System ist auch f\u00fcr den amerikanischen Markt zugeschnitten, da Sie Zoll und Pfund als Ma\u00dfeinheit verwenden m\u00fcssen.<\/span> <span class=\"\">Zu Ihrer Information werden die Messwertumrechnungen von Ihnen selbst durchgef\u00fchrt, wenn dies auf Ihrer WooCommerce-Website erforderlich ist.<\/span><\/p>\n<p><span class=\"\">Wenn Sie die Dienste von USPS nutzen, ist dieses Plugin WooCommerce in den Radius der wesentlichen Plugins einzuordnen.<\/span><\/p>\n","protected":false},"excerpt":{"rendered":"<p><span id=\"result_box\" class=\"\" lang=\"de\">Offizielles WooCommerce-Plugin, das die Integration des USPS-Carriers (mit seinen Kursraten) direkt in Ihre eCommerce WooCommerce-Site erm\u00f6glicht.<\/span><\/p>\n","protected":false},"featured_media":2448,"template":"","meta":{"_monsterinsights_skip_tracking":false,"_monsterinsights_sitenote_active":false,"_monsterinsights_sitenote_note":"","_monsterinsights_sitenote_category":0},"product_cat":[208],"product_tag":[1113],"class_list":["post-2917","product","type-product","status-publish","has-post-thumbnail","hentry","product_cat-plugin-woocommerce-de","product_tag-woocommerce-lieferung","pa_dev-woo-plugin-theme-woocommerce-de","pa_marketplace-woocommerce-woocommerce-com-de"],"yoast_head":"<!-- This site is optimized with the Yoast SEO plugin v23.1 - https:\/\/yoast.com\/wordpress\/plugins\/seo\/ -->\n<title>USPS-Versandmethode - WooCommerce-Lieferungs-Plugin - Woo-themes-plugins.com<\/title>\n<meta name=\"robots\" content=\"index, follow, max-snippet:-1, max-image-preview:large, max-video-preview:-1\" \/>\n<link rel=\"canonical\" href=\"https:\/\/woo-themes-plugins.com\/de\/produkt\/usps-versandmethode-woocommerce-lieferungs-plugin\/\" \/>\n<meta property=\"og:locale\" content=\"de_DE\" \/>\n<meta property=\"og:type\" content=\"article\" \/>\n<meta property=\"og:title\" content=\"USPS-Versandmethode - WooCommerce-Lieferungs-Plugin - Woo-themes-plugins.com\" \/>\n<meta property=\"og:description\" content=\"Offizielles WooCommerce-Plugin, das die Integration des USPS-Carriers (mit seinen Kursraten) direkt in Ihre eCommerce WooCommerce-Site erm\u00f6glicht.\" \/>\n<meta property=\"og:url\" content=\"https:\/\/woo-themes-plugins.com\/de\/produkt\/usps-versandmethode-woocommerce-lieferungs-plugin\/\" \/>\n<meta property=\"og:site_name\" content=\"Woo-themes-plugins.com\" \/>\n<meta property=\"article:modified_time\" content=\"2018-04-26T17:29:31+00:00\" \/>\n<meta property=\"og:image\" content=\"https:\/\/woo-themes-plugins.com\/wp-content\/uploads\/sites\/7\/2018\/03\/woo-themes-plugins_woocommerce-usps-shipping-method-plugin-woocommerce.jpg\" \/>\n\t<meta property=\"og:image:width\" content=\"900\" \/>\n\t<meta property=\"og:image:height\" content=\"900\" \/>\n\t<meta property=\"og:image:type\" content=\"image\/jpeg\" \/>\n<meta name=\"twitter:label1\" content=\"Gesch\u00e4tzte Lesezeit\" \/>\n\t<meta name=\"twitter:data1\" content=\"1\u00a0Minute\" \/>\n<script type=\"application\/ld+json\" class=\"yoast-schema-graph\">{\"@context\":\"https:\/\/schema.org\",\"@graph\":[{\"@type\":\"WebPage\",\"@id\":\"https:\/\/woo-themes-plugins.com\/de\/produkt\/usps-versandmethode-woocommerce-lieferungs-plugin\/\",\"url\":\"https:\/\/woo-themes-plugins.com\/de\/produkt\/usps-versandmethode-woocommerce-lieferungs-plugin\/\",\"name\":\"USPS-Versandmethode - WooCommerce-Lieferungs-Plugin - Woo-themes-plugins.com\",\"isPartOf\":{\"@id\":\"https:\/\/woo-themes-plugins.com\/it\/#website\"},\"primaryImageOfPage\":{\"@id\":\"https:\/\/woo-themes-plugins.com\/de\/produkt\/usps-versandmethode-woocommerce-lieferungs-plugin\/#primaryimage\"},\"image\":{\"@id\":\"https:\/\/woo-themes-plugins.com\/de\/produkt\/usps-versandmethode-woocommerce-lieferungs-plugin\/#primaryimage\"},\"thumbnailUrl\":\"https:\/\/woo-themes-plugins.com\/wp-content\/uploads\/sites\/7\/2018\/03\/woo-themes-plugins_woocommerce-usps-shipping-method-plugin-woocommerce.jpg\",\"datePublished\":\"2018-03-26T05:12:20+00:00\",\"dateModified\":\"2018-04-26T17:29:31+00:00\",\"breadcrumb\":{\"@id\":\"https:\/\/woo-themes-plugins.com\/de\/produkt\/usps-versandmethode-woocommerce-lieferungs-plugin\/#breadcrumb\"},\"inLanguage\":\"de\",\"potentialAction\":[{\"@type\":\"ReadAction\",\"target\":[\"https:\/\/woo-themes-plugins.com\/de\/produkt\/usps-versandmethode-woocommerce-lieferungs-plugin\/\"]}]},{\"@type\":\"ImageObject\",\"inLanguage\":\"de\",\"@id\":\"https:\/\/woo-themes-plugins.com\/de\/produkt\/usps-versandmethode-woocommerce-lieferungs-plugin\/#primaryimage\",\"url\":\"https:\/\/woo-themes-plugins.com\/wp-content\/uploads\/sites\/7\/2018\/03\/woo-themes-plugins_woocommerce-usps-shipping-method-plugin-woocommerce.jpg\",\"contentUrl\":\"https:\/\/woo-themes-plugins.com\/wp-content\/uploads\/sites\/7\/2018\/03\/woo-themes-plugins_woocommerce-usps-shipping-method-plugin-woocommerce.jpg\",\"width\":900,\"height\":900},{\"@type\":\"BreadcrumbList\",\"@id\":\"https:\/\/woo-themes-plugins.com\/de\/produkt\/usps-versandmethode-woocommerce-lieferungs-plugin\/#breadcrumb\",\"itemListElement\":[{\"@type\":\"ListItem\",\"position\":1,\"name\":\"Accueil\",\"item\":\"https:\/\/woo-themes-plugins.com\/fr\/\"},{\"@type\":\"ListItem\",\"position\":2,\"name\":\"Shop\",\"item\":\"https:\/\/woo-themes-plugins.com\/shop\/\"},{\"@type\":\"ListItem\",\"position\":3,\"name\":\"USPS-Versandmethode &#8211; WooCommerce-Lieferungs-Plugin\"}]},{\"@type\":\"WebSite\",\"@id\":\"https:\/\/woo-themes-plugins.com\/it\/#website\",\"url\":\"https:\/\/woo-themes-plugins.com\/it\/\",\"name\":\"Woo-themes-plugins.com\",\"description\":\"Tous les th\u00e8mes et plugins WooCommerce Premium\",\"potentialAction\":[{\"@type\":\"SearchAction\",\"target\":{\"@type\":\"EntryPoint\",\"urlTemplate\":\"https:\/\/woo-themes-plugins.com\/it\/?s={search_term_string}\"},\"query-input\":\"required name=search_term_string\"}],\"inLanguage\":\"de\"}]}<\/script>\n<!-- \/ Yoast SEO plugin. -->","yoast_head_json":{"title":"USPS-Versandmethode - WooCommerce-Lieferungs-Plugin - Woo-themes-plugins.com","robots":{"index":"index","follow":"follow","max-snippet":"max-snippet:-1","max-image-preview":"max-image-preview:large","max-video-preview":"max-video-preview:-1"},"canonical":"https:\/\/woo-themes-plugins.com\/de\/produkt\/usps-versandmethode-woocommerce-lieferungs-plugin\/","og_locale":"de_DE","og_type":"article","og_title":"USPS-Versandmethode - WooCommerce-Lieferungs-Plugin - Woo-themes-plugins.com","og_description":"Offizielles WooCommerce-Plugin, das die Integration des USPS-Carriers (mit seinen Kursraten) direkt in Ihre eCommerce WooCommerce-Site erm\u00f6glicht.","og_url":"https:\/\/woo-themes-plugins.com\/de\/produkt\/usps-versandmethode-woocommerce-lieferungs-plugin\/","og_site_name":"Woo-themes-plugins.com","article_modified_time":"2018-04-26T17:29:31+00:00","og_image":[{"width":900,"height":900,"url":"https:\/\/woo-themes-plugins.com\/wp-content\/uploads\/sites\/7\/2018\/03\/woo-themes-plugins_woocommerce-usps-shipping-method-plugin-woocommerce.jpg","type":"image\/jpeg"}],"twitter_misc":{"Gesch\u00e4tzte Lesezeit":"1\u00a0Minute"},"schema":{"@context":"https:\/\/schema.org","@graph":[{"@type":"WebPage","@id":"https:\/\/woo-themes-plugins.com\/de\/produkt\/usps-versandmethode-woocommerce-lieferungs-plugin\/","url":"https:\/\/woo-themes-plugins.com\/de\/produkt\/usps-versandmethode-woocommerce-lieferungs-plugin\/","name":"USPS-Versandmethode - WooCommerce-Lieferungs-Plugin - Woo-themes-plugins.com","isPartOf":{"@id":"https:\/\/woo-themes-plugins.com\/it\/#website"},"primaryImageOfPage":{"@id":"https:\/\/woo-themes-plugins.com\/de\/produkt\/usps-versandmethode-woocommerce-lieferungs-plugin\/#primaryimage"},"image":{"@id":"https:\/\/woo-themes-plugins.com\/de\/produkt\/usps-versandmethode-woocommerce-lieferungs-plugin\/#primaryimage"},"thumbnailUrl":"https:\/\/woo-themes-plugins.com\/wp-content\/uploads\/sites\/7\/2018\/03\/woo-themes-plugins_woocommerce-usps-shipping-method-plugin-woocommerce.jpg","datePublished":"2018-03-26T05:12:20+00:00","dateModified":"2018-04-26T17:29:31+00:00","breadcrumb":{"@id":"https:\/\/woo-themes-plugins.com\/de\/produkt\/usps-versandmethode-woocommerce-lieferungs-plugin\/#breadcrumb"},"inLanguage":"de","potentialAction":[{"@type":"ReadAction","target":["https:\/\/woo-themes-plugins.com\/de\/produkt\/usps-versandmethode-woocommerce-lieferungs-plugin\/"]}]},{"@type":"ImageObject","inLanguage":"de","@id":"https:\/\/woo-themes-plugins.com\/de\/produkt\/usps-versandmethode-woocommerce-lieferungs-plugin\/#primaryimage","url":"https:\/\/woo-themes-plugins.com\/wp-content\/uploads\/sites\/7\/2018\/03\/woo-themes-plugins_woocommerce-usps-shipping-method-plugin-woocommerce.jpg","contentUrl":"https:\/\/woo-themes-plugins.com\/wp-content\/uploads\/sites\/7\/2018\/03\/woo-themes-plugins_woocommerce-usps-shipping-method-plugin-woocommerce.jpg","width":900,"height":900},{"@type":"BreadcrumbList","@id":"https:\/\/woo-themes-plugins.com\/de\/produkt\/usps-versandmethode-woocommerce-lieferungs-plugin\/#breadcrumb","itemListElement":[{"@type":"ListItem","position":1,"name":"Accueil","item":"https:\/\/woo-themes-plugins.com\/fr\/"},{"@type":"ListItem","position":2,"name":"Shop","item":"https:\/\/woo-themes-plugins.com\/shop\/"},{"@type":"ListItem","position":3,"name":"USPS-Versandmethode &#8211; WooCommerce-Lieferungs-Plugin"}]},{"@type":"WebSite","@id":"https:\/\/woo-themes-plugins.com\/it\/#website","url":"https:\/\/woo-themes-plugins.com\/it\/","name":"Woo-themes-plugins.com","description":"Tous les th\u00e8mes et plugins WooCommerce Premium","potentialAction":[{"@type":"SearchAction","target":{"@type":"EntryPoint","urlTemplate":"https:\/\/woo-themes-plugins.com\/it\/?s={search_term_string}"},"query-input":"required name=search_term_string"}],"inLanguage":"de"}]}},"_links":{"self":[{"href":"https:\/\/woo-themes-plugins.com\/de\/wp-json\/wp\/v2\/product\/2917","targetHints":{"allow":["GET"]}}],"collection":[{"href":"https:\/\/woo-themes-plugins.com\/de\/wp-json\/wp\/v2\/product"}],"about":[{"href":"https:\/\/woo-themes-plugins.com\/de\/wp-json\/wp\/v2\/types\/product"}],"wp:featuredmedia":[{"embeddable":true,"href":"https:\/\/woo-themes-plugins.com\/de\/wp-json\/wp\/v2\/media\/2448"}],"wp:attachment":[{"href":"https:\/\/woo-themes-plugins.com\/de\/wp-json\/wp\/v2\/media?parent=2917"}],"wp:term":[{"taxonomy":"product_cat","embeddable":true,"href":"https:\/\/woo-themes-plugins.com\/de\/wp-json\/wp\/v2\/product_cat?post=2917"},{"taxonomy":"product_tag","embeddable":true,"href":"https:\/\/woo-themes-plugins.com\/de\/wp-json\/wp\/v2\/product_tag?post=2917"}],"curies":[{"name":"wp","href":"https:\/\/api.w.org\/{rel}","templated":true}]}}