{"id":2918,"date":"2018-03-26T06:00:37","date_gmt":"2018-03-26T05:00:37","guid":{"rendered":"https:\/\/woo-themes-plugins.com\/product\/woocommerce-kunden-bestellung-csv-export-exportauftrage-kunden-woocommerce-plugin\/"},"modified":"2018-04-26T18:29:03","modified_gmt":"2018-04-26T17:29:03","slug":"woocommerce-kunden-bestellung-csv-export-exportauftrage-kunden-woocommerce-plugin","status":"publish","type":"product","link":"https:\/\/woo-themes-plugins.com\/de\/product\/woocommerce-kunden-bestellung-csv-export-exportauftrage-kunden-woocommerce-plugin\/","title":{"rendered":"WooCommerce Kunden \/ Bestellung CSV-Export &#8211; Exportauftr\u00e4ge &amp; Kunden &#8211; WooCommerce Plugin"},"content":{"rendered":"<p><span id=\"result_box\" class=\"\" lang=\"de\">Obwohl WooCommerce die M\u00f6glichkeit bietet, Berichte zu erstellen, m\u00fcssen viele eCommerce-Benutzer dennoch regelm\u00e4\u00dfige CSV-Extraktionen durchf\u00fchren, um Auftr\u00e4ge zu verfolgen, Kunden zu verwalten oder einfach alle ihre Daten in Excel lesen zu k\u00f6nnen.<\/span><\/p>\n<p>Diese WooCommerce-Erweiterung soll den WooCommerce-Datenextraktionsprozess vereinfachen, indem wir einen sehr gezielten Export oder einen Export unserer gesamten WooCommerce-Site erm\u00f6glichen. Es ist sogar m\u00f6glich, automatische Extraktionen zu definieren, die per FTP, HTTP POST oder sogar per E-Mail versendet werden.<\/p>\n<p>Extraktionsaufgaben stehen im Hintergrund unserer WooCommerce-Site. Mit anderen Worten bedeutet dies, dass dieser Prozess keinen Vorrang vor anderen hat und Ihren Kunden maximale Leistung bietet. Selbst wenn Sie tausende von Zeilen exportieren m\u00fcssen, keine Sorgen, wird es unsere eCommerce-Website nicht verlangsamen.<\/p>\n","protected":false},"excerpt":{"rendered":"<p><span id=\"result_box\" class=\"\" lang=\"de\">Dieses WooCommerce-Plugin erm\u00f6glicht es Ihnen, CSV-Exporte von Bestellungen und Kunden von Ihrer WooCommerce-Website zu exportieren.<\/span><\/p>\n","protected":false},"featured_media":2440,"template":"","meta":{"_monsterinsights_skip_tracking":false,"_monsterinsights_sitenote_active":false,"_monsterinsights_sitenote_note":"","_monsterinsights_sitenote_category":0},"product_cat":[208],"product_tag":[1051,1059,1047],"class_list":["post-2918","product","type-product","status-publish","has-post-thumbnail","hentry","product_cat-plugin-woocommerce-de","product_tag-importeur-exporteur-kunden-woocommerce","product_tag-plugin-export-woocommerce-de","product_tag-woocommerce-befehle-exportieren-importieren","pa_dev-woo-plugin-theme-skyverge-de","pa_marketplace-woocommerce-woocommerce-com-de"],"yoast_head":"<!-- This site is optimized with the Yoast SEO plugin v23.1 - https:\/\/yoast.com\/wordpress\/plugins\/seo\/ -->\n<title>Paypal by Braintree - Zahlungssystem - WooCommerce Plugin<\/title>\n<meta name=\"description\" content=\"Offizielles WooCommerce-Plugin und kostenlos zur direkten Nutzung der Paypal-L\u00f6sung auf der Bezahlseite Ihrer eCommerce WooCommerce-Website \u00fcber Braintree-Dienste.\" \/>\n<meta name=\"robots\" content=\"index, follow, max-snippet:-1, max-image-preview:large, max-video-preview:-1\" \/>\n<link rel=\"canonical\" href=\"https:\/\/woo-themes-plugins.com\/de\/produkt\/woocommerce-kunden-bestellung-csv-export-exportauftrage-kunden-woocommerce-plugin\/\" \/>\n<meta property=\"og:locale\" content=\"de_DE\" \/>\n<meta property=\"og:type\" content=\"article\" \/>\n<meta property=\"og:title\" content=\"Paypal by Braintree - Zahlungssystem - WooCommerce Plugin\" \/>\n<meta property=\"og:description\" content=\"Offizielles WooCommerce-Plugin und kostenlos zur direkten Nutzung der Paypal-L\u00f6sung auf der Bezahlseite Ihrer eCommerce WooCommerce-Website \u00fcber Braintree-Dienste.\" \/>\n<meta property=\"og:url\" content=\"https:\/\/woo-themes-plugins.com\/de\/produkt\/woocommerce-kunden-bestellung-csv-export-exportauftrage-kunden-woocommerce-plugin\/\" \/>\n<meta property=\"og:site_name\" content=\"Woo-themes-plugins.com\" \/>\n<meta property=\"article:modified_time\" content=\"2018-04-26T17:29:03+00:00\" \/>\n<meta property=\"og:image\" content=\"https:\/\/woo-themes-plugins.com\/wp-content\/uploads\/sites\/7\/2018\/03\/woo-themes-plugins_woocommerce-customer-order-csv-export-plugin-woocommerce.jpg\" \/>\n\t<meta property=\"og:image:width\" content=\"900\" \/>\n\t<meta property=\"og:image:height\" content=\"900\" \/>\n\t<meta property=\"og:image:type\" content=\"image\/jpeg\" \/>\n<meta name=\"twitter:label1\" content=\"Gesch\u00e4tzte Lesezeit\" \/>\n\t<meta name=\"twitter:data1\" content=\"1\u00a0Minute\" \/>\n<script type=\"application\/ld+json\" class=\"yoast-schema-graph\">{\"@context\":\"https:\/\/schema.org\",\"@graph\":[{\"@type\":\"WebPage\",\"@id\":\"https:\/\/woo-themes-plugins.com\/de\/produkt\/woocommerce-kunden-bestellung-csv-export-exportauftrage-kunden-woocommerce-plugin\/\",\"url\":\"https:\/\/woo-themes-plugins.com\/de\/produkt\/woocommerce-kunden-bestellung-csv-export-exportauftrage-kunden-woocommerce-plugin\/\",\"name\":\"Paypal by Braintree - Zahlungssystem - WooCommerce Plugin\",\"isPartOf\":{\"@id\":\"https:\/\/woo-themes-plugins.com\/it\/#website\"},\"primaryImageOfPage\":{\"@id\":\"https:\/\/woo-themes-plugins.com\/de\/produkt\/woocommerce-kunden-bestellung-csv-export-exportauftrage-kunden-woocommerce-plugin\/#primaryimage\"},\"image\":{\"@id\":\"https:\/\/woo-themes-plugins.com\/de\/produkt\/woocommerce-kunden-bestellung-csv-export-exportauftrage-kunden-woocommerce-plugin\/#primaryimage\"},\"thumbnailUrl\":\"https:\/\/woo-themes-plugins.com\/wp-content\/uploads\/sites\/7\/2018\/03\/woo-themes-plugins_woocommerce-customer-order-csv-export-plugin-woocommerce.jpg\",\"datePublished\":\"2018-03-26T05:00:37+00:00\",\"dateModified\":\"2018-04-26T17:29:03+00:00\",\"description\":\"Offizielles WooCommerce-Plugin und kostenlos zur direkten Nutzung der Paypal-L\u00f6sung auf der Bezahlseite Ihrer eCommerce WooCommerce-Website \u00fcber Braintree-Dienste.\",\"breadcrumb\":{\"@id\":\"https:\/\/woo-themes-plugins.com\/de\/produkt\/woocommerce-kunden-bestellung-csv-export-exportauftrage-kunden-woocommerce-plugin\/#breadcrumb\"},\"inLanguage\":\"de\",\"potentialAction\":[{\"@type\":\"ReadAction\",\"target\":[\"https:\/\/woo-themes-plugins.com\/de\/produkt\/woocommerce-kunden-bestellung-csv-export-exportauftrage-kunden-woocommerce-plugin\/\"]}]},{\"@type\":\"ImageObject\",\"inLanguage\":\"de\",\"@id\":\"https:\/\/woo-themes-plugins.com\/de\/produkt\/woocommerce-kunden-bestellung-csv-export-exportauftrage-kunden-woocommerce-plugin\/#primaryimage\",\"url\":\"https:\/\/woo-themes-plugins.com\/wp-content\/uploads\/sites\/7\/2018\/03\/woo-themes-plugins_woocommerce-customer-order-csv-export-plugin-woocommerce.jpg\",\"contentUrl\":\"https:\/\/woo-themes-plugins.com\/wp-content\/uploads\/sites\/7\/2018\/03\/woo-themes-plugins_woocommerce-customer-order-csv-export-plugin-woocommerce.jpg\",\"width\":900,\"height\":900},{\"@type\":\"BreadcrumbList\",\"@id\":\"https:\/\/woo-themes-plugins.com\/de\/produkt\/woocommerce-kunden-bestellung-csv-export-exportauftrage-kunden-woocommerce-plugin\/#breadcrumb\",\"itemListElement\":[{\"@type\":\"ListItem\",\"position\":1,\"name\":\"Accueil\",\"item\":\"https:\/\/woo-themes-plugins.com\/fr\/\"},{\"@type\":\"ListItem\",\"position\":2,\"name\":\"Shop\",\"item\":\"https:\/\/woo-themes-plugins.com\/shop\/\"},{\"@type\":\"ListItem\",\"position\":3,\"name\":\"WooCommerce Kunden \/ Bestellung CSV-Export &#8211; Exportauftr\u00e4ge &amp; Kunden &#8211; WooCommerce Plugin\"}]},{\"@type\":\"WebSite\",\"@id\":\"https:\/\/woo-themes-plugins.com\/it\/#website\",\"url\":\"https:\/\/woo-themes-plugins.com\/it\/\",\"name\":\"Woo-themes-plugins.com\",\"description\":\"Tous les th\u00e8mes et plugins WooCommerce Premium\",\"potentialAction\":[{\"@type\":\"SearchAction\",\"target\":{\"@type\":\"EntryPoint\",\"urlTemplate\":\"https:\/\/woo-themes-plugins.com\/it\/?s={search_term_string}\"},\"query-input\":\"required name=search_term_string\"}],\"inLanguage\":\"de\"}]}<\/script>\n<!-- \/ Yoast SEO plugin. -->","yoast_head_json":{"title":"Paypal by Braintree - Zahlungssystem - WooCommerce Plugin","description":"Offizielles WooCommerce-Plugin und kostenlos zur direkten Nutzung der Paypal-L\u00f6sung auf der Bezahlseite Ihrer eCommerce WooCommerce-Website \u00fcber Braintree-Dienste.","robots":{"index":"index","follow":"follow","max-snippet":"max-snippet:-1","max-image-preview":"max-image-preview:large","max-video-preview":"max-video-preview:-1"},"canonical":"https:\/\/woo-themes-plugins.com\/de\/produkt\/woocommerce-kunden-bestellung-csv-export-exportauftrage-kunden-woocommerce-plugin\/","og_locale":"de_DE","og_type":"article","og_title":"Paypal by Braintree - Zahlungssystem - WooCommerce Plugin","og_description":"Offizielles WooCommerce-Plugin und kostenlos zur direkten Nutzung der Paypal-L\u00f6sung auf der Bezahlseite Ihrer eCommerce WooCommerce-Website \u00fcber Braintree-Dienste.","og_url":"https:\/\/woo-themes-plugins.com\/de\/produkt\/woocommerce-kunden-bestellung-csv-export-exportauftrage-kunden-woocommerce-plugin\/","og_site_name":"Woo-themes-plugins.com","article_modified_time":"2018-04-26T17:29:03+00:00","og_image":[{"width":900,"height":900,"url":"https:\/\/woo-themes-plugins.com\/wp-content\/uploads\/sites\/7\/2018\/03\/woo-themes-plugins_woocommerce-customer-order-csv-export-plugin-woocommerce.jpg","type":"image\/jpeg"}],"twitter_misc":{"Gesch\u00e4tzte Lesezeit":"1\u00a0Minute"},"schema":{"@context":"https:\/\/schema.org","@graph":[{"@type":"WebPage","@id":"https:\/\/woo-themes-plugins.com\/de\/produkt\/woocommerce-kunden-bestellung-csv-export-exportauftrage-kunden-woocommerce-plugin\/","url":"https:\/\/woo-themes-plugins.com\/de\/produkt\/woocommerce-kunden-bestellung-csv-export-exportauftrage-kunden-woocommerce-plugin\/","name":"Paypal by Braintree - Zahlungssystem - WooCommerce Plugin","isPartOf":{"@id":"https:\/\/woo-themes-plugins.com\/it\/#website"},"primaryImageOfPage":{"@id":"https:\/\/woo-themes-plugins.com\/de\/produkt\/woocommerce-kunden-bestellung-csv-export-exportauftrage-kunden-woocommerce-plugin\/#primaryimage"},"image":{"@id":"https:\/\/woo-themes-plugins.com\/de\/produkt\/woocommerce-kunden-bestellung-csv-export-exportauftrage-kunden-woocommerce-plugin\/#primaryimage"},"thumbnailUrl":"https:\/\/woo-themes-plugins.com\/wp-content\/uploads\/sites\/7\/2018\/03\/woo-themes-plugins_woocommerce-customer-order-csv-export-plugin-woocommerce.jpg","datePublished":"2018-03-26T05:00:37+00:00","dateModified":"2018-04-26T17:29:03+00:00","description":"Offizielles WooCommerce-Plugin und kostenlos zur direkten Nutzung der Paypal-L\u00f6sung auf der Bezahlseite Ihrer eCommerce WooCommerce-Website \u00fcber Braintree-Dienste.","breadcrumb":{"@id":"https:\/\/woo-themes-plugins.com\/de\/produkt\/woocommerce-kunden-bestellung-csv-export-exportauftrage-kunden-woocommerce-plugin\/#breadcrumb"},"inLanguage":"de","potentialAction":[{"@type":"ReadAction","target":["https:\/\/woo-themes-plugins.com\/de\/produkt\/woocommerce-kunden-bestellung-csv-export-exportauftrage-kunden-woocommerce-plugin\/"]}]},{"@type":"ImageObject","inLanguage":"de","@id":"https:\/\/woo-themes-plugins.com\/de\/produkt\/woocommerce-kunden-bestellung-csv-export-exportauftrage-kunden-woocommerce-plugin\/#primaryimage","url":"https:\/\/woo-themes-plugins.com\/wp-content\/uploads\/sites\/7\/2018\/03\/woo-themes-plugins_woocommerce-customer-order-csv-export-plugin-woocommerce.jpg","contentUrl":"https:\/\/woo-themes-plugins.com\/wp-content\/uploads\/sites\/7\/2018\/03\/woo-themes-plugins_woocommerce-customer-order-csv-export-plugin-woocommerce.jpg","width":900,"height":900},{"@type":"BreadcrumbList","@id":"https:\/\/woo-themes-plugins.com\/de\/produkt\/woocommerce-kunden-bestellung-csv-export-exportauftrage-kunden-woocommerce-plugin\/#breadcrumb","itemListElement":[{"@type":"ListItem","position":1,"name":"Accueil","item":"https:\/\/woo-themes-plugins.com\/fr\/"},{"@type":"ListItem","position":2,"name":"Shop","item":"https:\/\/woo-themes-plugins.com\/shop\/"},{"@type":"ListItem","position":3,"name":"WooCommerce Kunden \/ Bestellung CSV-Export &#8211; Exportauftr\u00e4ge &amp; Kunden &#8211; WooCommerce Plugin"}]},{"@type":"WebSite","@id":"https:\/\/woo-themes-plugins.com\/it\/#website","url":"https:\/\/woo-themes-plugins.com\/it\/","name":"Woo-themes-plugins.com","description":"Tous les th\u00e8mes et plugins WooCommerce Premium","potentialAction":[{"@type":"SearchAction","target":{"@type":"EntryPoint","urlTemplate":"https:\/\/woo-themes-plugins.com\/it\/?s={search_term_string}"},"query-input":"required name=search_term_string"}],"inLanguage":"de"}]}},"_links":{"self":[{"href":"https:\/\/woo-themes-plugins.com\/de\/wp-json\/wp\/v2\/product\/2918","targetHints":{"allow":["GET"]}}],"collection":[{"href":"https:\/\/woo-themes-plugins.com\/de\/wp-json\/wp\/v2\/product"}],"about":[{"href":"https:\/\/woo-themes-plugins.com\/de\/wp-json\/wp\/v2\/types\/product"}],"wp:featuredmedia":[{"embeddable":true,"href":"https:\/\/woo-themes-plugins.com\/de\/wp-json\/wp\/v2\/media\/2440"}],"wp:attachment":[{"href":"https:\/\/woo-themes-plugins.com\/de\/wp-json\/wp\/v2\/media?parent=2918"}],"wp:term":[{"taxonomy":"product_cat","embeddable":true,"href":"https:\/\/woo-themes-plugins.com\/de\/wp-json\/wp\/v2\/product_cat?post=2918"},{"taxonomy":"product_tag","embeddable":true,"href":"https:\/\/woo-themes-plugins.com\/de\/wp-json\/wp\/v2\/product_tag?post=2918"}],"curies":[{"name":"wp","href":"https:\/\/api.w.org\/{rel}","templated":true}]}}