{"id":2919,"date":"2018-03-26T05:49:12","date_gmt":"2018-03-26T04:49:12","guid":{"rendered":"https:\/\/woo-themes-plugins.com\/product\/paypal-cb-by-braintree-zahlungssystem-woocommerce-plugin\/"},"modified":"2018-04-26T18:28:42","modified_gmt":"2018-04-26T17:28:42","slug":"paypal-cb-by-braintree-zahlungssystem-woocommerce-plugin","status":"publish","type":"product","link":"https:\/\/woo-themes-plugins.com\/de\/product\/paypal-cb-by-braintree-zahlungssystem-woocommerce-plugin\/","title":{"rendered":"Paypal &amp; CB by Braintree &#8211; Zahlungssystem &#8211; WooCommerce Plugin"},"content":{"rendered":"<p><span id=\"result_box\" class=\"\" lang=\"de\"><span title=\"Ce plugin WooCommerce offre une grande vari\u00e9t\u00e9 de fonctionnalit\u00e9 \u00e0 qui veux utiliser Paypal sur son site WooCommerce.\">Dieses WooCommerce-Plugin bietet eine Vielzahl von Funktionen f\u00fcr die Nutzung von Paypal auf seiner WooCommerce-Website. <\/span><span title=\"Paypal by Braintree est comme son nom l'indique une solution de paiement te proposant d'inclure Paypal sur ton site.\">Paypal by Braintree ist, wie der Name schon sagt, eine Zahlungsl\u00f6sung, die vorschl\u00e4gt, Paypal auf Ihrer Seite einzubinden. <\/span><span title=\"\u00c9trange non ?\">Merkw\u00fcrdiges Nein? <\/span><span title=\"Apr\u00e8s tout, il est possible de le faire nativement avec WooCommerce, non ?\">Schlie\u00dflich ist es m\u00f6glich, es nativ mit WooCommerce zu machen, oder? <\/span><span title=\"En fait... Oui et non.\">In der Tat &#8230; Ja und Nein. <\/span><span title=\"Disons que cette extension WooCommerce va bien plus loin en te permettant d'inclure le paiement par Paypal directement sur ton site, mais aussi des moyens de paiements pour cartes bancaires.\">Lassen Sie uns sagen, dass diese Erweiterung WooCommerce viel weiter geht, indem Sie die Zahlung per Paypal direkt auf Ihrer Website einschlie\u00dfen, aber auch Zahlungsmittel f\u00fcr Kreditkarten. <\/span><span title=\"Fini les clients qui sont renvoy\u00e9s sur le site de Paypal pour payer.\">Beendete die Kunden, die auf der Paypal-Website zur\u00fcckgeschickt wurden, um zu bezahlen. <\/span><span title=\"Avec cette extension, vos clients restent sur votre site WooCommerce. \">Mit dieser Erweiterung bleiben Ihre Kunden auf Ihrer WooCommerce-Website.<\/span><\/span><\/p>\n<p><span title=\"En plus d'offrir une mise en \u0153uvre d\u00e9concertante de simplicit\u00e9, ce plugin WooCommerce te permettra : \u00a0\u00a0\u00a0\u00a0\">Dieses WooCommerce-Plugin bietet nicht nur eine verwirrende Umsetzung der Einfachheit, sondern auch:<\/span><\/p>\n<p><span title=\"Accepter toutes les plus grandes cartes de cr\u00e9dits comme Visa, MasterCard, American Express, Discover, Diner's Club et JCB \u00a0\u00a0\u00a0\u00a0\">Akzeptieren Sie alle g\u00e4ngigen Kreditkarten wie Visa, MasterCard, American Express, Discover, Diner&#8217;s Club und JCB<br \/>\n<\/span><span title=\"Compatible PCI DSS v3.0 SAQ-A \u00a0\u00a0\u00a0\u00a0\">PCI DSS v3.0 kompatibles SAQ-A<br \/>\n<\/span><span title=\"Activation au choix du contr\u00f4le AVS ou CVV \u00a0\u00a0\u00a0\u00a0\">Optionale Aktivierung der AVS- oder CVV-Steuerung<br \/>\n<\/span><span title=\"Processus de renboursement int\u00e9gr\u00e9 \u00e0 l'interface d'administration de WooCommerce \u00a0\u00a0\u00a0\u00a0\">Rebate-Prozess integriert mit der WooCommerce-Administrationsoberfl\u00e4che<br \/>\n<\/span><span title=\"Compatible avec le plugin de paiement recurrant WooCommerce Subscriptions \">Kompatibel mit dem WooCommerce-Abonnement f\u00fcr wiederkehrende Zahlungen<\/span><\/p>\n<p><span title=\"Une fois le plugin d'install\u00e9 sur ton site, la connexion avec Braintree se fera en un clic sur ton interface d'administration WooCommerce.\">Sobald das Plugin auf Ihrer Site installiert ist, wird die Verbindung mit Braintree mit einem Klick auf Ihrer Administrationsoberfl\u00e4che WooCommerce hergestellt. <\/span><span title=\"Cela activera l'ensemble des fonctionnalit\u00e9s que nous venons de lister. \">Dies aktiviert alle Funktionen, die wir gerade aufgelistet haben.<\/span><\/p>\n<p><span title=\"Au fait, si tu es habitu\u00e9 aux autres solutions Paypal, tu vas certainement recherch\u00e9 partout o\u00f9 mettre ta cl\u00e9 secrette.\">\u00dcbrigens, wenn Sie mit anderen Paypal-L\u00f6sungen vertraut sind, werden Sie sicherlich \u00fcberall nach Ihrem geheimen Schl\u00fcssel suchen. <\/span><span title=\"Avec Paypal by Braintree, cela est rendu caduc.\">Mit Paypal von Braintree ist das obsolet.<\/span><\/p>\n","protected":false},"excerpt":{"rendered":"<p><span id=\"result_box\" class=\"\" lang=\"de\">WooCommerce bietet Ihnen dieses kostenlose und offizielle Plugin, mit dem Sie eine Zahlung \u00fcber PayPal direkt auf Ihrer Website WooCommerce \u00fcber die Dienste von Braintree einrichten k\u00f6nnen.<\/span><\/p>\n","protected":false},"featured_media":2432,"template":"","meta":{"_monsterinsights_skip_tracking":false,"_monsterinsights_sitenote_active":false,"_monsterinsights_sitenote_note":"","_monsterinsights_sitenote_category":0},"product_cat":[208],"product_tag":[1069,660,1048],"class_list":["post-2919","product","type-product","status-publish","has-post-thumbnail","hentry","product_cat-plugin-woocommerce-de","product_tag-losungszahlung-woocommerce","product_tag-paypal-woocommerce-de","product_tag-woocommerce-befehle-exportieren-importieren-de","pa_dev-woo-plugin-theme-woocommerce-de","pa_marketplace-woocommerce-woocommerce-com-de"],"yoast_head":"<!-- This site is optimized with the Yoast SEO plugin v23.1 - https:\/\/yoast.com\/wordpress\/plugins\/seo\/ -->\n<title>Paypal by Braintree - Zahlungssystem - WooCommerce Plugin<\/title>\n<meta name=\"description\" content=\"Offizielles WooCommerce-Plugin und kostenlos zur direkten Nutzung der Paypal-L\u00f6sung auf der Bezahlseite Ihrer eCommerce WooCommerce-Website \u00fcber Braintree-Dienste.\" \/>\n<meta name=\"robots\" content=\"index, follow, max-snippet:-1, max-image-preview:large, max-video-preview:-1\" \/>\n<link rel=\"canonical\" href=\"https:\/\/woo-themes-plugins.com\/de\/produkt\/paypal-cb-by-braintree-zahlungssystem-woocommerce-plugin\/\" \/>\n<meta property=\"og:locale\" content=\"de_DE\" \/>\n<meta property=\"og:type\" content=\"article\" \/>\n<meta property=\"og:title\" content=\"Paypal by Braintree - Zahlungssystem - WooCommerce Plugin\" \/>\n<meta property=\"og:description\" content=\"Offizielles WooCommerce-Plugin und kostenlos zur direkten Nutzung der Paypal-L\u00f6sung auf der Bezahlseite Ihrer eCommerce WooCommerce-Website \u00fcber Braintree-Dienste.\" \/>\n<meta property=\"og:url\" content=\"https:\/\/woo-themes-plugins.com\/de\/produkt\/paypal-cb-by-braintree-zahlungssystem-woocommerce-plugin\/\" \/>\n<meta property=\"og:site_name\" content=\"Woo-themes-plugins.com\" \/>\n<meta property=\"article:modified_time\" content=\"2018-04-26T17:28:42+00:00\" \/>\n<meta property=\"og:image\" content=\"https:\/\/woo-themes-plugins.com\/wp-content\/uploads\/sites\/7\/2018\/03\/woo-themes-plugins_woocommerce-paypal-cb-braintree.jpg\" \/>\n\t<meta property=\"og:image:width\" content=\"900\" \/>\n\t<meta property=\"og:image:height\" content=\"900\" \/>\n\t<meta property=\"og:image:type\" content=\"image\/jpeg\" \/>\n<meta name=\"twitter:label1\" content=\"Gesch\u00e4tzte Lesezeit\" \/>\n\t<meta name=\"twitter:data1\" content=\"1\u00a0Minute\" \/>\n<script type=\"application\/ld+json\" class=\"yoast-schema-graph\">{\"@context\":\"https:\/\/schema.org\",\"@graph\":[{\"@type\":\"WebPage\",\"@id\":\"https:\/\/woo-themes-plugins.com\/de\/produkt\/paypal-cb-by-braintree-zahlungssystem-woocommerce-plugin\/\",\"url\":\"https:\/\/woo-themes-plugins.com\/de\/produkt\/paypal-cb-by-braintree-zahlungssystem-woocommerce-plugin\/\",\"name\":\"Paypal by Braintree - Zahlungssystem - WooCommerce Plugin\",\"isPartOf\":{\"@id\":\"https:\/\/woo-themes-plugins.com\/it\/#website\"},\"primaryImageOfPage\":{\"@id\":\"https:\/\/woo-themes-plugins.com\/de\/produkt\/paypal-cb-by-braintree-zahlungssystem-woocommerce-plugin\/#primaryimage\"},\"image\":{\"@id\":\"https:\/\/woo-themes-plugins.com\/de\/produkt\/paypal-cb-by-braintree-zahlungssystem-woocommerce-plugin\/#primaryimage\"},\"thumbnailUrl\":\"https:\/\/woo-themes-plugins.com\/wp-content\/uploads\/sites\/7\/2018\/03\/woo-themes-plugins_woocommerce-paypal-cb-braintree.jpg\",\"datePublished\":\"2018-03-26T04:49:12+00:00\",\"dateModified\":\"2018-04-26T17:28:42+00:00\",\"description\":\"Offizielles WooCommerce-Plugin und kostenlos zur direkten Nutzung der Paypal-L\u00f6sung auf der Bezahlseite Ihrer eCommerce WooCommerce-Website \u00fcber Braintree-Dienste.\",\"breadcrumb\":{\"@id\":\"https:\/\/woo-themes-plugins.com\/de\/produkt\/paypal-cb-by-braintree-zahlungssystem-woocommerce-plugin\/#breadcrumb\"},\"inLanguage\":\"de\",\"potentialAction\":[{\"@type\":\"ReadAction\",\"target\":[\"https:\/\/woo-themes-plugins.com\/de\/produkt\/paypal-cb-by-braintree-zahlungssystem-woocommerce-plugin\/\"]}]},{\"@type\":\"ImageObject\",\"inLanguage\":\"de\",\"@id\":\"https:\/\/woo-themes-plugins.com\/de\/produkt\/paypal-cb-by-braintree-zahlungssystem-woocommerce-plugin\/#primaryimage\",\"url\":\"https:\/\/woo-themes-plugins.com\/wp-content\/uploads\/sites\/7\/2018\/03\/woo-themes-plugins_woocommerce-paypal-cb-braintree.jpg\",\"contentUrl\":\"https:\/\/woo-themes-plugins.com\/wp-content\/uploads\/sites\/7\/2018\/03\/woo-themes-plugins_woocommerce-paypal-cb-braintree.jpg\",\"width\":900,\"height\":900},{\"@type\":\"BreadcrumbList\",\"@id\":\"https:\/\/woo-themes-plugins.com\/de\/produkt\/paypal-cb-by-braintree-zahlungssystem-woocommerce-plugin\/#breadcrumb\",\"itemListElement\":[{\"@type\":\"ListItem\",\"position\":1,\"name\":\"Accueil\",\"item\":\"https:\/\/woo-themes-plugins.com\/fr\/\"},{\"@type\":\"ListItem\",\"position\":2,\"name\":\"Shop\",\"item\":\"https:\/\/woo-themes-plugins.com\/shop\/\"},{\"@type\":\"ListItem\",\"position\":3,\"name\":\"Paypal &amp; CB by Braintree &#8211; Zahlungssystem &#8211; WooCommerce Plugin\"}]},{\"@type\":\"WebSite\",\"@id\":\"https:\/\/woo-themes-plugins.com\/it\/#website\",\"url\":\"https:\/\/woo-themes-plugins.com\/it\/\",\"name\":\"Woo-themes-plugins.com\",\"description\":\"Tous les th\u00e8mes et plugins WooCommerce Premium\",\"potentialAction\":[{\"@type\":\"SearchAction\",\"target\":{\"@type\":\"EntryPoint\",\"urlTemplate\":\"https:\/\/woo-themes-plugins.com\/it\/?s={search_term_string}\"},\"query-input\":\"required name=search_term_string\"}],\"inLanguage\":\"de\"}]}<\/script>\n<!-- \/ Yoast SEO plugin. -->","yoast_head_json":{"title":"Paypal by Braintree - Zahlungssystem - WooCommerce Plugin","description":"Offizielles WooCommerce-Plugin und kostenlos zur direkten Nutzung der Paypal-L\u00f6sung auf der Bezahlseite Ihrer eCommerce WooCommerce-Website \u00fcber Braintree-Dienste.","robots":{"index":"index","follow":"follow","max-snippet":"max-snippet:-1","max-image-preview":"max-image-preview:large","max-video-preview":"max-video-preview:-1"},"canonical":"https:\/\/woo-themes-plugins.com\/de\/produkt\/paypal-cb-by-braintree-zahlungssystem-woocommerce-plugin\/","og_locale":"de_DE","og_type":"article","og_title":"Paypal by Braintree - Zahlungssystem - WooCommerce Plugin","og_description":"Offizielles WooCommerce-Plugin und kostenlos zur direkten Nutzung der Paypal-L\u00f6sung auf der Bezahlseite Ihrer eCommerce WooCommerce-Website \u00fcber Braintree-Dienste.","og_url":"https:\/\/woo-themes-plugins.com\/de\/produkt\/paypal-cb-by-braintree-zahlungssystem-woocommerce-plugin\/","og_site_name":"Woo-themes-plugins.com","article_modified_time":"2018-04-26T17:28:42+00:00","og_image":[{"width":900,"height":900,"url":"https:\/\/woo-themes-plugins.com\/wp-content\/uploads\/sites\/7\/2018\/03\/woo-themes-plugins_woocommerce-paypal-cb-braintree.jpg","type":"image\/jpeg"}],"twitter_misc":{"Gesch\u00e4tzte Lesezeit":"1\u00a0Minute"},"schema":{"@context":"https:\/\/schema.org","@graph":[{"@type":"WebPage","@id":"https:\/\/woo-themes-plugins.com\/de\/produkt\/paypal-cb-by-braintree-zahlungssystem-woocommerce-plugin\/","url":"https:\/\/woo-themes-plugins.com\/de\/produkt\/paypal-cb-by-braintree-zahlungssystem-woocommerce-plugin\/","name":"Paypal by Braintree - Zahlungssystem - WooCommerce Plugin","isPartOf":{"@id":"https:\/\/woo-themes-plugins.com\/it\/#website"},"primaryImageOfPage":{"@id":"https:\/\/woo-themes-plugins.com\/de\/produkt\/paypal-cb-by-braintree-zahlungssystem-woocommerce-plugin\/#primaryimage"},"image":{"@id":"https:\/\/woo-themes-plugins.com\/de\/produkt\/paypal-cb-by-braintree-zahlungssystem-woocommerce-plugin\/#primaryimage"},"thumbnailUrl":"https:\/\/woo-themes-plugins.com\/wp-content\/uploads\/sites\/7\/2018\/03\/woo-themes-plugins_woocommerce-paypal-cb-braintree.jpg","datePublished":"2018-03-26T04:49:12+00:00","dateModified":"2018-04-26T17:28:42+00:00","description":"Offizielles WooCommerce-Plugin und kostenlos zur direkten Nutzung der Paypal-L\u00f6sung auf der Bezahlseite Ihrer eCommerce WooCommerce-Website \u00fcber Braintree-Dienste.","breadcrumb":{"@id":"https:\/\/woo-themes-plugins.com\/de\/produkt\/paypal-cb-by-braintree-zahlungssystem-woocommerce-plugin\/#breadcrumb"},"inLanguage":"de","potentialAction":[{"@type":"ReadAction","target":["https:\/\/woo-themes-plugins.com\/de\/produkt\/paypal-cb-by-braintree-zahlungssystem-woocommerce-plugin\/"]}]},{"@type":"ImageObject","inLanguage":"de","@id":"https:\/\/woo-themes-plugins.com\/de\/produkt\/paypal-cb-by-braintree-zahlungssystem-woocommerce-plugin\/#primaryimage","url":"https:\/\/woo-themes-plugins.com\/wp-content\/uploads\/sites\/7\/2018\/03\/woo-themes-plugins_woocommerce-paypal-cb-braintree.jpg","contentUrl":"https:\/\/woo-themes-plugins.com\/wp-content\/uploads\/sites\/7\/2018\/03\/woo-themes-plugins_woocommerce-paypal-cb-braintree.jpg","width":900,"height":900},{"@type":"BreadcrumbList","@id":"https:\/\/woo-themes-plugins.com\/de\/produkt\/paypal-cb-by-braintree-zahlungssystem-woocommerce-plugin\/#breadcrumb","itemListElement":[{"@type":"ListItem","position":1,"name":"Accueil","item":"https:\/\/woo-themes-plugins.com\/fr\/"},{"@type":"ListItem","position":2,"name":"Shop","item":"https:\/\/woo-themes-plugins.com\/shop\/"},{"@type":"ListItem","position":3,"name":"Paypal &amp; CB by Braintree &#8211; Zahlungssystem &#8211; WooCommerce Plugin"}]},{"@type":"WebSite","@id":"https:\/\/woo-themes-plugins.com\/it\/#website","url":"https:\/\/woo-themes-plugins.com\/it\/","name":"Woo-themes-plugins.com","description":"Tous les th\u00e8mes et plugins WooCommerce Premium","potentialAction":[{"@type":"SearchAction","target":{"@type":"EntryPoint","urlTemplate":"https:\/\/woo-themes-plugins.com\/it\/?s={search_term_string}"},"query-input":"required name=search_term_string"}],"inLanguage":"de"}]}},"_links":{"self":[{"href":"https:\/\/woo-themes-plugins.com\/de\/wp-json\/wp\/v2\/product\/2919","targetHints":{"allow":["GET"]}}],"collection":[{"href":"https:\/\/woo-themes-plugins.com\/de\/wp-json\/wp\/v2\/product"}],"about":[{"href":"https:\/\/woo-themes-plugins.com\/de\/wp-json\/wp\/v2\/types\/product"}],"wp:featuredmedia":[{"embeddable":true,"href":"https:\/\/woo-themes-plugins.com\/de\/wp-json\/wp\/v2\/media\/2432"}],"wp:attachment":[{"href":"https:\/\/woo-themes-plugins.com\/de\/wp-json\/wp\/v2\/media?parent=2919"}],"wp:term":[{"taxonomy":"product_cat","embeddable":true,"href":"https:\/\/woo-themes-plugins.com\/de\/wp-json\/wp\/v2\/product_cat?post=2919"},{"taxonomy":"product_tag","embeddable":true,"href":"https:\/\/woo-themes-plugins.com\/de\/wp-json\/wp\/v2\/product_tag?post=2919"}],"curies":[{"name":"wp","href":"https:\/\/api.w.org\/{rel}","templated":true}]}}