{"id":2921,"date":"2018-03-26T05:37:50","date_gmt":"2018-03-26T04:37:50","guid":{"rendered":"https:\/\/woo-themes-plugins.com\/product\/woocommerce-google-analytics-statistiken-analytics-woocommerce-plugin\/"},"modified":"2018-04-26T18:28:01","modified_gmt":"2018-04-26T17:28:01","slug":"woocommerce-google-analytics-statistiken-analytics-woocommerce-plugin","status":"publish","type":"product","link":"https:\/\/woo-themes-plugins.com\/de\/product\/woocommerce-google-analytics-statistiken-analytics-woocommerce-plugin\/","title":{"rendered":"WooCommerce Google Analytics &#8211; Statistiken &amp; Analytics &#8211; WooCommerce-Plugin"},"content":{"rendered":"<p><span id=\"result_box\" class=\"\" lang=\"de\">Erhalten Sie kostenlosen Zugriff auf Google Analytics-Stammdaten mit dieser WooCommerce-Erweiterung.<\/span><\/p>\n<p><span class=\"\">Mit dieser kostenlosen Google Analytics WooCommerce-Erweiterung werden Sie in der Lage sein, die Kan\u00e4le zu kennen, die Kunden wie Suchmaschinen oder verweisende Websites zum Beispiel bringen.<\/span> <span class=\"\">Auf diese Weise k\u00f6nnen Sie sich auf diejenigen konzentrieren, die Ihnen die meisten Besucher melden.<\/span> <span class=\"\">Aber das h\u00f6rt nat\u00fcrlich nicht auf.<\/span> <span class=\"\">Schlie\u00dflich sprechen wir \u00fcber WooCommerce, so dass Sie die Orte auf Ihrer Website entdecken k\u00f6nnen, die Sie das meiste Geld verlieren lassen.<\/span> <span class=\"\">Dies wird durch die Analyse des Benutzerflusses Ihrer Produktseiten auf Ihre Zahlungsseiten erm\u00f6glicht.<\/span> <span class=\"\">Um Ihre Kunden noch besser zu verstehen, k\u00f6nnen Sie die Einnahmen aus den Kan\u00e4len \u00fcberpr\u00fcfen oder ermitteln, wonach Ihre Kunden auf Ihrer Website suchen.<\/span><\/p>\n<p><span class=\"\">Eine kostenlose Erweiterung f\u00fcr WooCommerce, die eindeutig zu den wesentlichen Erweiterungen von WooCommerce geh\u00f6rt.<\/span><\/p>\n","protected":false},"excerpt":{"rendered":"<p><span id=\"result_box\" class=\"\" lang=\"de\">Das kostenlose Google Analytics WooCommerce-Plugin wird von WooCommerce-Entwicklern angeboten. Mit diesem Plugin k\u00f6nnen Sie das Google Analytics-Tracking auf Ihrer eCommerce WooCommerce-Website einrichten. Perfekt, um alles \u00fcber E-Commerce direkt in Ihren Google Analytics-Berichten zu erfahren.<\/span><\/p>\n","protected":false},"featured_media":2408,"template":"","meta":{"_monsterinsights_skip_tracking":false,"_monsterinsights_sitenote_active":false,"_monsterinsights_sitenote_note":"","_monsterinsights_sitenote_category":0},"product_cat":[208],"product_tag":[970,1114,1048],"class_list":["post-2921","product","type-product","status-publish","has-post-thumbnail","hentry","product_cat-plugin-woocommerce-de","product_tag-google-analytics-plugin-woocommerce-de","product_tag-unverzichtbare-woocommerce","product_tag-woocommerce-befehle-exportieren-importieren-de","pa_dev-woo-plugin-theme-woocommerce-de","pa_marketplace-woocommerce-woocommerce-com-de"],"yoast_head":"<!-- This site is optimized with the Yoast SEO plugin v23.1 - https:\/\/yoast.com\/wordpress\/plugins\/seo\/ -->\n<title>WooCommerce Google Analytics - Statistik &amp; Analyse - Plugin<\/title>\n<meta name=\"description\" content=\"M\u00fcssen Sie Google Analytics auf Ihrer WooCommerce-Website einrichten? WooCommerce Google Analytics, kostenlos, ist das Plugin, das vom selben Team wie WooCommerce entwickelt wurde. Sie m\u00fcssen lediglich Google Analytics WooCommerce installieren und Ihre Verk\u00e4ufe in Google Analytics direkt ansehen.\" \/>\n<meta name=\"robots\" content=\"index, follow, max-snippet:-1, max-image-preview:large, max-video-preview:-1\" \/>\n<link rel=\"canonical\" href=\"https:\/\/woo-themes-plugins.com\/de\/produkt\/woocommerce-google-analytics-statistiken-analytics-woocommerce-plugin\/\" \/>\n<meta property=\"og:locale\" content=\"de_DE\" \/>\n<meta property=\"og:type\" content=\"article\" \/>\n<meta property=\"og:title\" content=\"WooCommerce Google Analytics - Statistik &amp; Analyse - Plugin\" \/>\n<meta property=\"og:description\" content=\"M\u00fcssen Sie Google Analytics auf Ihrer WooCommerce-Website einrichten? WooCommerce Google Analytics, kostenlos, ist das Plugin, das vom selben Team wie WooCommerce entwickelt wurde. Sie m\u00fcssen lediglich Google Analytics WooCommerce installieren und Ihre Verk\u00e4ufe in Google Analytics direkt ansehen.\" \/>\n<meta property=\"og:url\" content=\"https:\/\/woo-themes-plugins.com\/de\/produkt\/woocommerce-google-analytics-statistiken-analytics-woocommerce-plugin\/\" \/>\n<meta property=\"og:site_name\" content=\"Woo-themes-plugins.com\" \/>\n<meta property=\"article:modified_time\" content=\"2018-04-26T17:28:01+00:00\" \/>\n<meta property=\"og:image\" content=\"https:\/\/woo-themes-plugins.com\/wp-content\/uploads\/sites\/7\/2018\/03\/woo-themes-plugins_woocommerce-google-analytics.jpg\" \/>\n\t<meta property=\"og:image:width\" content=\"900\" \/>\n\t<meta property=\"og:image:height\" content=\"900\" \/>\n\t<meta property=\"og:image:type\" content=\"image\/jpeg\" \/>\n<meta name=\"twitter:label1\" content=\"Gesch\u00e4tzte Lesezeit\" \/>\n\t<meta name=\"twitter:data1\" content=\"1\u00a0Minute\" \/>\n<script type=\"application\/ld+json\" class=\"yoast-schema-graph\">{\"@context\":\"https:\/\/schema.org\",\"@graph\":[{\"@type\":\"WebPage\",\"@id\":\"https:\/\/woo-themes-plugins.com\/de\/produkt\/woocommerce-google-analytics-statistiken-analytics-woocommerce-plugin\/\",\"url\":\"https:\/\/woo-themes-plugins.com\/de\/produkt\/woocommerce-google-analytics-statistiken-analytics-woocommerce-plugin\/\",\"name\":\"WooCommerce Google Analytics - Statistik & Analyse - Plugin\",\"isPartOf\":{\"@id\":\"https:\/\/woo-themes-plugins.com\/it\/#website\"},\"primaryImageOfPage\":{\"@id\":\"https:\/\/woo-themes-plugins.com\/de\/produkt\/woocommerce-google-analytics-statistiken-analytics-woocommerce-plugin\/#primaryimage\"},\"image\":{\"@id\":\"https:\/\/woo-themes-plugins.com\/de\/produkt\/woocommerce-google-analytics-statistiken-analytics-woocommerce-plugin\/#primaryimage\"},\"thumbnailUrl\":\"https:\/\/woo-themes-plugins.com\/wp-content\/uploads\/sites\/7\/2018\/03\/woo-themes-plugins_woocommerce-google-analytics.jpg\",\"datePublished\":\"2018-03-26T04:37:50+00:00\",\"dateModified\":\"2018-04-26T17:28:01+00:00\",\"description\":\"M\u00fcssen Sie Google Analytics auf Ihrer WooCommerce-Website einrichten? WooCommerce Google Analytics, kostenlos, ist das Plugin, das vom selben Team wie WooCommerce entwickelt wurde. Sie m\u00fcssen lediglich Google Analytics WooCommerce installieren und Ihre Verk\u00e4ufe in Google Analytics direkt ansehen.\",\"breadcrumb\":{\"@id\":\"https:\/\/woo-themes-plugins.com\/de\/produkt\/woocommerce-google-analytics-statistiken-analytics-woocommerce-plugin\/#breadcrumb\"},\"inLanguage\":\"de\",\"potentialAction\":[{\"@type\":\"ReadAction\",\"target\":[\"https:\/\/woo-themes-plugins.com\/de\/produkt\/woocommerce-google-analytics-statistiken-analytics-woocommerce-plugin\/\"]}]},{\"@type\":\"ImageObject\",\"inLanguage\":\"de\",\"@id\":\"https:\/\/woo-themes-plugins.com\/de\/produkt\/woocommerce-google-analytics-statistiken-analytics-woocommerce-plugin\/#primaryimage\",\"url\":\"https:\/\/woo-themes-plugins.com\/wp-content\/uploads\/sites\/7\/2018\/03\/woo-themes-plugins_woocommerce-google-analytics.jpg\",\"contentUrl\":\"https:\/\/woo-themes-plugins.com\/wp-content\/uploads\/sites\/7\/2018\/03\/woo-themes-plugins_woocommerce-google-analytics.jpg\",\"width\":900,\"height\":900},{\"@type\":\"BreadcrumbList\",\"@id\":\"https:\/\/woo-themes-plugins.com\/de\/produkt\/woocommerce-google-analytics-statistiken-analytics-woocommerce-plugin\/#breadcrumb\",\"itemListElement\":[{\"@type\":\"ListItem\",\"position\":1,\"name\":\"Accueil\",\"item\":\"https:\/\/woo-themes-plugins.com\/fr\/\"},{\"@type\":\"ListItem\",\"position\":2,\"name\":\"Shop\",\"item\":\"https:\/\/woo-themes-plugins.com\/shop\/\"},{\"@type\":\"ListItem\",\"position\":3,\"name\":\"WooCommerce Google Analytics &#8211; Statistiken &amp; Analytics &#8211; WooCommerce-Plugin\"}]},{\"@type\":\"WebSite\",\"@id\":\"https:\/\/woo-themes-plugins.com\/it\/#website\",\"url\":\"https:\/\/woo-themes-plugins.com\/it\/\",\"name\":\"Woo-themes-plugins.com\",\"description\":\"Tous les th\u00e8mes et plugins WooCommerce Premium\",\"potentialAction\":[{\"@type\":\"SearchAction\",\"target\":{\"@type\":\"EntryPoint\",\"urlTemplate\":\"https:\/\/woo-themes-plugins.com\/it\/?s={search_term_string}\"},\"query-input\":\"required name=search_term_string\"}],\"inLanguage\":\"de\"}]}<\/script>\n<!-- \/ Yoast SEO plugin. -->","yoast_head_json":{"title":"WooCommerce Google Analytics - Statistik & Analyse - Plugin","description":"M\u00fcssen Sie Google Analytics auf Ihrer WooCommerce-Website einrichten? WooCommerce Google Analytics, kostenlos, ist das Plugin, das vom selben Team wie WooCommerce entwickelt wurde. Sie m\u00fcssen lediglich Google Analytics WooCommerce installieren und Ihre Verk\u00e4ufe in Google Analytics direkt ansehen.","robots":{"index":"index","follow":"follow","max-snippet":"max-snippet:-1","max-image-preview":"max-image-preview:large","max-video-preview":"max-video-preview:-1"},"canonical":"https:\/\/woo-themes-plugins.com\/de\/produkt\/woocommerce-google-analytics-statistiken-analytics-woocommerce-plugin\/","og_locale":"de_DE","og_type":"article","og_title":"WooCommerce Google Analytics - Statistik & Analyse - Plugin","og_description":"M\u00fcssen Sie Google Analytics auf Ihrer WooCommerce-Website einrichten? WooCommerce Google Analytics, kostenlos, ist das Plugin, das vom selben Team wie WooCommerce entwickelt wurde. Sie m\u00fcssen lediglich Google Analytics WooCommerce installieren und Ihre Verk\u00e4ufe in Google Analytics direkt ansehen.","og_url":"https:\/\/woo-themes-plugins.com\/de\/produkt\/woocommerce-google-analytics-statistiken-analytics-woocommerce-plugin\/","og_site_name":"Woo-themes-plugins.com","article_modified_time":"2018-04-26T17:28:01+00:00","og_image":[{"width":900,"height":900,"url":"https:\/\/woo-themes-plugins.com\/wp-content\/uploads\/sites\/7\/2018\/03\/woo-themes-plugins_woocommerce-google-analytics.jpg","type":"image\/jpeg"}],"twitter_misc":{"Gesch\u00e4tzte Lesezeit":"1\u00a0Minute"},"schema":{"@context":"https:\/\/schema.org","@graph":[{"@type":"WebPage","@id":"https:\/\/woo-themes-plugins.com\/de\/produkt\/woocommerce-google-analytics-statistiken-analytics-woocommerce-plugin\/","url":"https:\/\/woo-themes-plugins.com\/de\/produkt\/woocommerce-google-analytics-statistiken-analytics-woocommerce-plugin\/","name":"WooCommerce Google Analytics - Statistik & Analyse - Plugin","isPartOf":{"@id":"https:\/\/woo-themes-plugins.com\/it\/#website"},"primaryImageOfPage":{"@id":"https:\/\/woo-themes-plugins.com\/de\/produkt\/woocommerce-google-analytics-statistiken-analytics-woocommerce-plugin\/#primaryimage"},"image":{"@id":"https:\/\/woo-themes-plugins.com\/de\/produkt\/woocommerce-google-analytics-statistiken-analytics-woocommerce-plugin\/#primaryimage"},"thumbnailUrl":"https:\/\/woo-themes-plugins.com\/wp-content\/uploads\/sites\/7\/2018\/03\/woo-themes-plugins_woocommerce-google-analytics.jpg","datePublished":"2018-03-26T04:37:50+00:00","dateModified":"2018-04-26T17:28:01+00:00","description":"M\u00fcssen Sie Google Analytics auf Ihrer WooCommerce-Website einrichten? WooCommerce Google Analytics, kostenlos, ist das Plugin, das vom selben Team wie WooCommerce entwickelt wurde. Sie m\u00fcssen lediglich Google Analytics WooCommerce installieren und Ihre Verk\u00e4ufe in Google Analytics direkt ansehen.","breadcrumb":{"@id":"https:\/\/woo-themes-plugins.com\/de\/produkt\/woocommerce-google-analytics-statistiken-analytics-woocommerce-plugin\/#breadcrumb"},"inLanguage":"de","potentialAction":[{"@type":"ReadAction","target":["https:\/\/woo-themes-plugins.com\/de\/produkt\/woocommerce-google-analytics-statistiken-analytics-woocommerce-plugin\/"]}]},{"@type":"ImageObject","inLanguage":"de","@id":"https:\/\/woo-themes-plugins.com\/de\/produkt\/woocommerce-google-analytics-statistiken-analytics-woocommerce-plugin\/#primaryimage","url":"https:\/\/woo-themes-plugins.com\/wp-content\/uploads\/sites\/7\/2018\/03\/woo-themes-plugins_woocommerce-google-analytics.jpg","contentUrl":"https:\/\/woo-themes-plugins.com\/wp-content\/uploads\/sites\/7\/2018\/03\/woo-themes-plugins_woocommerce-google-analytics.jpg","width":900,"height":900},{"@type":"BreadcrumbList","@id":"https:\/\/woo-themes-plugins.com\/de\/produkt\/woocommerce-google-analytics-statistiken-analytics-woocommerce-plugin\/#breadcrumb","itemListElement":[{"@type":"ListItem","position":1,"name":"Accueil","item":"https:\/\/woo-themes-plugins.com\/fr\/"},{"@type":"ListItem","position":2,"name":"Shop","item":"https:\/\/woo-themes-plugins.com\/shop\/"},{"@type":"ListItem","position":3,"name":"WooCommerce Google Analytics &#8211; Statistiken &amp; Analytics &#8211; WooCommerce-Plugin"}]},{"@type":"WebSite","@id":"https:\/\/woo-themes-plugins.com\/it\/#website","url":"https:\/\/woo-themes-plugins.com\/it\/","name":"Woo-themes-plugins.com","description":"Tous les th\u00e8mes et plugins WooCommerce Premium","potentialAction":[{"@type":"SearchAction","target":{"@type":"EntryPoint","urlTemplate":"https:\/\/woo-themes-plugins.com\/it\/?s={search_term_string}"},"query-input":"required name=search_term_string"}],"inLanguage":"de"}]}},"_links":{"self":[{"href":"https:\/\/woo-themes-plugins.com\/de\/wp-json\/wp\/v2\/product\/2921","targetHints":{"allow":["GET"]}}],"collection":[{"href":"https:\/\/woo-themes-plugins.com\/de\/wp-json\/wp\/v2\/product"}],"about":[{"href":"https:\/\/woo-themes-plugins.com\/de\/wp-json\/wp\/v2\/types\/product"}],"wp:featuredmedia":[{"embeddable":true,"href":"https:\/\/woo-themes-plugins.com\/de\/wp-json\/wp\/v2\/media\/2408"}],"wp:attachment":[{"href":"https:\/\/woo-themes-plugins.com\/de\/wp-json\/wp\/v2\/media?parent=2921"}],"wp:term":[{"taxonomy":"product_cat","embeddable":true,"href":"https:\/\/woo-themes-plugins.com\/de\/wp-json\/wp\/v2\/product_cat?post=2921"},{"taxonomy":"product_tag","embeddable":true,"href":"https:\/\/woo-themes-plugins.com\/de\/wp-json\/wp\/v2\/product_tag?post=2921"}],"curies":[{"name":"wp","href":"https:\/\/api.w.org\/{rel}","templated":true}]}}