{"id":2922,"date":"2018-03-23T20:13:19","date_gmt":"2018-03-23T19:13:19","guid":{"rendered":"https:\/\/woo-themes-plugins.com\/product\/stripe-zahlungslosung-woocommerce-woocommerce-plugin\/"},"modified":"2018-03-23T20:13:19","modified_gmt":"2018-03-23T19:13:19","slug":"stripe-zahlungslosung-woocommerce-woocommerce-plugin","status":"publish","type":"product","link":"https:\/\/woo-themes-plugins.com\/de\/product\/stripe-zahlungslosung-woocommerce-woocommerce-plugin\/","title":{"rendered":"Stripe &#8211; Zahlungsl\u00f6sung WooCommerce &#8211; WooCommerce Plugin"},"content":{"rendered":"<p><span id=\"result_box\" class=\"\" lang=\"de\">Mit dem WooCommerce Stripe-Plugin k\u00f6nnen Sie Bankzahlungen direkt auf der Bezahlseite Ihrer Website oder Ihres Handys akzeptieren. Mit dem WooCommerce Stripe-Plugin bleiben Ihre Kunden w\u00e4hrend des Kaufvorgangs auf Ihrer eCommerce-Website, ohne jemals auf die Zahlungsseite der Bank weitergeleitet zu werden. Dies wurde nachgewiesen, diese Art von Operation erh\u00f6ht die Glaubw\u00fcrdigkeit der Website in den Augen der Kunden und erh\u00f6ht somit nat\u00fcrlich den Umsatz.<\/p>\n<p>Stripe ist eine einfache Methode, um Bankzahlungen direkt auf der WooCommerce-Seite zu akzeptieren. Sie m\u00fcssen ein Konto bei Stripe erstellen, aber dies ist kostenlos und kostenlos und versteckte Kosten. Stripe wird von Hunderttausenden von E-Commerce-Websites auf der ganzen Welt verwendet. Mit mehr als 25 verschiedenen L\u00e4ndern, die von dieser Bankl\u00f6sung verwaltet werden, ist dies leicht zu verstehen. Dar\u00fcber hinaus akzeptiert Strip nicht weniger als 135 verschiedene W\u00e4hrungen.<\/p>\n<p>Dieses WooCommerce-Plugin ist kostenlos.<\/span><\/p>\n","protected":false},"excerpt":{"rendered":"<p><span id=\"result_box\" class=\"\" lang=\"de\">Mit dem Stripe-Plugin k\u00f6nnen Sie die gleichnamige Zahlungsl\u00f6sung in Ihre eCommerce WooCommerce-Website integrieren.<\/span><\/p>\n","protected":false},"featured_media":216,"template":"","meta":{"_monsterinsights_skip_tracking":false,"_monsterinsights_sitenote_active":false,"_monsterinsights_sitenote_note":"","_monsterinsights_sitenote_category":0},"product_cat":[208],"product_tag":[1069,1048],"class_list":["post-2922","product","type-product","status-publish","has-post-thumbnail","hentry","product_cat-plugin-woocommerce-de","product_tag-losungszahlung-woocommerce","product_tag-woocommerce-befehle-exportieren-importieren-de","pa_dev-woo-plugin-theme-woocommerce-de","pa_marketplace-woocommerce-woocommerce-com-de"],"yoast_head":"<!-- This site is optimized with the Yoast SEO plugin v23.1 - https:\/\/yoast.com\/wordpress\/plugins\/seo\/ -->\n<title>Stripe - Zahlungsl\u00f6sung WooCommerce - WooCommerce Plugin<\/title>\n<meta name=\"description\" content=\"Das WooCommerce-Plugin zur Verwaltung der Stripe-Zahlungsl\u00f6sung.\" \/>\n<meta name=\"robots\" content=\"index, follow, max-snippet:-1, max-image-preview:large, max-video-preview:-1\" \/>\n<link rel=\"canonical\" href=\"https:\/\/woo-themes-plugins.com\/de\/produkt\/stripe-zahlungslosung-woocommerce-woocommerce-plugin\/\" \/>\n<meta property=\"og:locale\" content=\"de_DE\" \/>\n<meta property=\"og:type\" content=\"article\" \/>\n<meta property=\"og:title\" content=\"Stripe - Zahlungsl\u00f6sung WooCommerce - WooCommerce Plugin\" \/>\n<meta property=\"og:description\" content=\"Das WooCommerce-Plugin zur Verwaltung der Stripe-Zahlungsl\u00f6sung.\" \/>\n<meta property=\"og:url\" content=\"https:\/\/woo-themes-plugins.com\/de\/produkt\/stripe-zahlungslosung-woocommerce-woocommerce-plugin\/\" \/>\n<meta property=\"og:site_name\" content=\"Woo-themes-plugins.com\" \/>\n<meta property=\"og:image\" content=\"https:\/\/woo-themes-plugins.com\/wp-content\/uploads\/sites\/7\/2018\/03\/stripe.jpg\" \/>\n\t<meta property=\"og:image:width\" content=\"1024\" \/>\n\t<meta property=\"og:image:height\" content=\"512\" \/>\n\t<meta property=\"og:image:type\" content=\"image\/jpeg\" \/>\n<meta name=\"twitter:label1\" content=\"Gesch\u00e4tzte Lesezeit\" \/>\n\t<meta name=\"twitter:data1\" content=\"1\u00a0Minute\" \/>\n<script type=\"application\/ld+json\" class=\"yoast-schema-graph\">{\"@context\":\"https:\/\/schema.org\",\"@graph\":[{\"@type\":\"WebPage\",\"@id\":\"https:\/\/woo-themes-plugins.com\/de\/produkt\/stripe-zahlungslosung-woocommerce-woocommerce-plugin\/\",\"url\":\"https:\/\/woo-themes-plugins.com\/de\/produkt\/stripe-zahlungslosung-woocommerce-woocommerce-plugin\/\",\"name\":\"Stripe - Zahlungsl\u00f6sung WooCommerce - WooCommerce Plugin\",\"isPartOf\":{\"@id\":\"https:\/\/woo-themes-plugins.com\/it\/#website\"},\"primaryImageOfPage\":{\"@id\":\"https:\/\/woo-themes-plugins.com\/de\/produkt\/stripe-zahlungslosung-woocommerce-woocommerce-plugin\/#primaryimage\"},\"image\":{\"@id\":\"https:\/\/woo-themes-plugins.com\/de\/produkt\/stripe-zahlungslosung-woocommerce-woocommerce-plugin\/#primaryimage\"},\"thumbnailUrl\":\"https:\/\/woo-themes-plugins.com\/wp-content\/uploads\/sites\/7\/2018\/03\/stripe.jpg\",\"datePublished\":\"2018-03-23T19:13:19+00:00\",\"dateModified\":\"2018-03-23T19:13:19+00:00\",\"description\":\"Das WooCommerce-Plugin zur Verwaltung der Stripe-Zahlungsl\u00f6sung.\",\"breadcrumb\":{\"@id\":\"https:\/\/woo-themes-plugins.com\/de\/produkt\/stripe-zahlungslosung-woocommerce-woocommerce-plugin\/#breadcrumb\"},\"inLanguage\":\"de\",\"potentialAction\":[{\"@type\":\"ReadAction\",\"target\":[\"https:\/\/woo-themes-plugins.com\/de\/produkt\/stripe-zahlungslosung-woocommerce-woocommerce-plugin\/\"]}]},{\"@type\":\"ImageObject\",\"inLanguage\":\"de\",\"@id\":\"https:\/\/woo-themes-plugins.com\/de\/produkt\/stripe-zahlungslosung-woocommerce-woocommerce-plugin\/#primaryimage\",\"url\":\"https:\/\/woo-themes-plugins.com\/wp-content\/uploads\/sites\/7\/2018\/03\/stripe.jpg\",\"contentUrl\":\"https:\/\/woo-themes-plugins.com\/wp-content\/uploads\/sites\/7\/2018\/03\/stripe.jpg\",\"width\":1024,\"height\":512},{\"@type\":\"BreadcrumbList\",\"@id\":\"https:\/\/woo-themes-plugins.com\/de\/produkt\/stripe-zahlungslosung-woocommerce-woocommerce-plugin\/#breadcrumb\",\"itemListElement\":[{\"@type\":\"ListItem\",\"position\":1,\"name\":\"Accueil\",\"item\":\"https:\/\/woo-themes-plugins.com\/fr\/\"},{\"@type\":\"ListItem\",\"position\":2,\"name\":\"Shop\",\"item\":\"https:\/\/woo-themes-plugins.com\/shop\/\"},{\"@type\":\"ListItem\",\"position\":3,\"name\":\"Stripe &#8211; Zahlungsl\u00f6sung WooCommerce &#8211; WooCommerce Plugin\"}]},{\"@type\":\"WebSite\",\"@id\":\"https:\/\/woo-themes-plugins.com\/it\/#website\",\"url\":\"https:\/\/woo-themes-plugins.com\/it\/\",\"name\":\"Woo-themes-plugins.com\",\"description\":\"Tous les th\u00e8mes et plugins WooCommerce Premium\",\"potentialAction\":[{\"@type\":\"SearchAction\",\"target\":{\"@type\":\"EntryPoint\",\"urlTemplate\":\"https:\/\/woo-themes-plugins.com\/it\/?s={search_term_string}\"},\"query-input\":\"required name=search_term_string\"}],\"inLanguage\":\"de\"}]}<\/script>\n<!-- \/ Yoast SEO plugin. -->","yoast_head_json":{"title":"Stripe - Zahlungsl\u00f6sung WooCommerce - WooCommerce Plugin","description":"Das WooCommerce-Plugin zur Verwaltung der Stripe-Zahlungsl\u00f6sung.","robots":{"index":"index","follow":"follow","max-snippet":"max-snippet:-1","max-image-preview":"max-image-preview:large","max-video-preview":"max-video-preview:-1"},"canonical":"https:\/\/woo-themes-plugins.com\/de\/produkt\/stripe-zahlungslosung-woocommerce-woocommerce-plugin\/","og_locale":"de_DE","og_type":"article","og_title":"Stripe - Zahlungsl\u00f6sung WooCommerce - WooCommerce Plugin","og_description":"Das WooCommerce-Plugin zur Verwaltung der Stripe-Zahlungsl\u00f6sung.","og_url":"https:\/\/woo-themes-plugins.com\/de\/produkt\/stripe-zahlungslosung-woocommerce-woocommerce-plugin\/","og_site_name":"Woo-themes-plugins.com","og_image":[{"width":1024,"height":512,"url":"https:\/\/woo-themes-plugins.com\/wp-content\/uploads\/sites\/7\/2018\/03\/stripe.jpg","type":"image\/jpeg"}],"twitter_misc":{"Gesch\u00e4tzte Lesezeit":"1\u00a0Minute"},"schema":{"@context":"https:\/\/schema.org","@graph":[{"@type":"WebPage","@id":"https:\/\/woo-themes-plugins.com\/de\/produkt\/stripe-zahlungslosung-woocommerce-woocommerce-plugin\/","url":"https:\/\/woo-themes-plugins.com\/de\/produkt\/stripe-zahlungslosung-woocommerce-woocommerce-plugin\/","name":"Stripe - Zahlungsl\u00f6sung WooCommerce - WooCommerce Plugin","isPartOf":{"@id":"https:\/\/woo-themes-plugins.com\/it\/#website"},"primaryImageOfPage":{"@id":"https:\/\/woo-themes-plugins.com\/de\/produkt\/stripe-zahlungslosung-woocommerce-woocommerce-plugin\/#primaryimage"},"image":{"@id":"https:\/\/woo-themes-plugins.com\/de\/produkt\/stripe-zahlungslosung-woocommerce-woocommerce-plugin\/#primaryimage"},"thumbnailUrl":"https:\/\/woo-themes-plugins.com\/wp-content\/uploads\/sites\/7\/2018\/03\/stripe.jpg","datePublished":"2018-03-23T19:13:19+00:00","dateModified":"2018-03-23T19:13:19+00:00","description":"Das WooCommerce-Plugin zur Verwaltung der Stripe-Zahlungsl\u00f6sung.","breadcrumb":{"@id":"https:\/\/woo-themes-plugins.com\/de\/produkt\/stripe-zahlungslosung-woocommerce-woocommerce-plugin\/#breadcrumb"},"inLanguage":"de","potentialAction":[{"@type":"ReadAction","target":["https:\/\/woo-themes-plugins.com\/de\/produkt\/stripe-zahlungslosung-woocommerce-woocommerce-plugin\/"]}]},{"@type":"ImageObject","inLanguage":"de","@id":"https:\/\/woo-themes-plugins.com\/de\/produkt\/stripe-zahlungslosung-woocommerce-woocommerce-plugin\/#primaryimage","url":"https:\/\/woo-themes-plugins.com\/wp-content\/uploads\/sites\/7\/2018\/03\/stripe.jpg","contentUrl":"https:\/\/woo-themes-plugins.com\/wp-content\/uploads\/sites\/7\/2018\/03\/stripe.jpg","width":1024,"height":512},{"@type":"BreadcrumbList","@id":"https:\/\/woo-themes-plugins.com\/de\/produkt\/stripe-zahlungslosung-woocommerce-woocommerce-plugin\/#breadcrumb","itemListElement":[{"@type":"ListItem","position":1,"name":"Accueil","item":"https:\/\/woo-themes-plugins.com\/fr\/"},{"@type":"ListItem","position":2,"name":"Shop","item":"https:\/\/woo-themes-plugins.com\/shop\/"},{"@type":"ListItem","position":3,"name":"Stripe &#8211; Zahlungsl\u00f6sung WooCommerce &#8211; WooCommerce Plugin"}]},{"@type":"WebSite","@id":"https:\/\/woo-themes-plugins.com\/it\/#website","url":"https:\/\/woo-themes-plugins.com\/it\/","name":"Woo-themes-plugins.com","description":"Tous les th\u00e8mes et plugins WooCommerce Premium","potentialAction":[{"@type":"SearchAction","target":{"@type":"EntryPoint","urlTemplate":"https:\/\/woo-themes-plugins.com\/it\/?s={search_term_string}"},"query-input":"required name=search_term_string"}],"inLanguage":"de"}]}},"_links":{"self":[{"href":"https:\/\/woo-themes-plugins.com\/de\/wp-json\/wp\/v2\/product\/2922","targetHints":{"allow":["GET"]}}],"collection":[{"href":"https:\/\/woo-themes-plugins.com\/de\/wp-json\/wp\/v2\/product"}],"about":[{"href":"https:\/\/woo-themes-plugins.com\/de\/wp-json\/wp\/v2\/types\/product"}],"wp:featuredmedia":[{"embeddable":true,"href":"https:\/\/woo-themes-plugins.com\/de\/wp-json\/wp\/v2\/media\/216"}],"wp:attachment":[{"href":"https:\/\/woo-themes-plugins.com\/de\/wp-json\/wp\/v2\/media?parent=2922"}],"wp:term":[{"taxonomy":"product_cat","embeddable":true,"href":"https:\/\/woo-themes-plugins.com\/de\/wp-json\/wp\/v2\/product_cat?post=2922"},{"taxonomy":"product_tag","embeddable":true,"href":"https:\/\/woo-themes-plugins.com\/de\/wp-json\/wp\/v2\/product_tag?post=2922"}],"curies":[{"name":"wp","href":"https:\/\/api.w.org\/{rel}","templated":true}]}}