{"id":2923,"date":"2018-03-26T05:32:48","date_gmt":"2018-03-26T04:32:48","guid":{"rendered":"https:\/\/woo-themes-plugins.com\/product\/woocommerce-abonnement-wiederkehrende-zahlung-woocommerce-plugin\/"},"modified":"2018-04-26T18:27:48","modified_gmt":"2018-04-26T17:27:48","slug":"woocommerce-abonnement-wiederkehrende-zahlung-woocommerce-plugin","status":"publish","type":"product","link":"https:\/\/woo-themes-plugins.com\/de\/product\/woocommerce-abonnement-wiederkehrende-zahlung-woocommerce-plugin\/","title":{"rendered":"WooCommerce Abonnement &#8211; Wiederkehrende Zahlung &#8211; WooCommerce Plugin"},"content":{"rendered":"<p><span id=\"result_box\" class=\"\" lang=\"de\"><span title=\"Le commerce est par d\u00e9finition fluctuant.\">Der Handel schwankt definitionsgem\u00e4\u00df. <\/span><span title=\"Comment pr\u00e9voir le niveau de vos ventes d'un mois sur l'autre ?\">Wie prognostiziere ich das Umsatzniveau von Monat zu Monat? <\/span><span title=\"Trop de facteurs peuvent venir influencer les ventes d'un mois sur l'autre pour avoir la certitude quand \u00e0 son chiffre d'affaire en fin de mois.\">Zu viele Faktoren k\u00f6nnen den Umsatz von einem Monat zum n\u00e4chsten beeinflussen, um sicher zu sein, wann der Umsatz am Ende des Monats ist. <\/span><span title=\"Et si je te disais qu'il existe une solution ?\">Was, wenn ich dir sagte, dass es eine L\u00f6sung gibt? <\/span><span title=\"La mise en place d'un abonnement !\">Ein Abonnement einrichten! <\/span><span title=\"Un abonnement, c'est la certitude de conna\u00eetre son chiffre d'affaire \u00e0 l'avance. \">Ein Abonnement ist die Gewissheit, Ihren Umsatz im Voraus zu kennen.<\/span><\/span><\/p>\n<p><span title=\"En plus de la bonne id\u00e9e qui te permettra de vendre \u00e0 une fr\u00e9quence d\u00e9finit un certain type de produit ou service, il va falloir que ton site WooCommerce soit en mesure de traiter le paiement r\u00e9curant d'un abonnement.\">Zus\u00e4tzlich zu der guten Idee, die es Ihnen erlaubt, eine bestimmte Art von Produkt oder Dienstleistung zu verkaufen, ist es notwendig, dass Ihre WooCommerce-Seite die wiederkehrende Zahlung eines Abonnements verarbeiten kann. <\/span><span title=\"La solution, c'est WooCommerce Subscription, une extension certifi\u00e9e WooCommerce qui te permettra de cr\u00e9er et g\u00e9rer des produits avec un paiement r\u00e9curant. \">Die L\u00f6sung ist WooCommerce Subscription, eine zertifizierte WooCommerce-Erweiterung, mit der Sie Produkte mit einer wiederkehrenden Zahlung erstellen und verwalten k\u00f6nnen.<\/span><\/p>\n<p><span title=\"WooCommerce Subscription est une extension WooCommerce qui va te permettra d'acc\u00e9der \u00e0 toutes une gamme vari\u00e9e d'abonnement pour les biens et les services.\">WooCommerce Subscription ist eine WooCommerce-Erweiterung, mit der Sie auf eine Vielzahl von Abonnements f\u00fcr Waren und Dienstleistungen zugreifen k\u00f6nnen. <\/span><span title=\"Cette extension va te permettra par exemple de cr\u00e9er une formule d'abonnement mensuel \u00e0 un club de sport, un abonnement hebdomadaire \u00e0 un service de formation \u00e0 distance ou encore un abonnement annuel \u00e0 un logiciel.\">Mit dieser Erweiterung k\u00f6nnen Sie beispielsweise ein monatliches Abonnement f\u00fcr einen Sportverein, ein w\u00f6chentliches Abonnement f\u00fcr Fernunterricht oder ein Jahresabonnement f\u00fcr eine Software erstellen. <\/span><span title=\"Tu vas m\u00eame pouvoir ajouter des frais d'adh\u00e9sion payables uniquement la premi\u00e8re fois, offrir des p\u00e9riodes d'essais ou encore indiquer la date de fin d'un service. \">Sie k\u00f6nnen sogar nur zum ersten Mal einen Mitgliedsbeitrag hinzuf\u00fcgen, Testzeitr\u00e4ume anbieten oder das Enddatum einer Dienstleistung angeben.<\/span><\/p>\n<p><span title=\"WooCommerce Subscription est tout simplement le plugin de r\u00e9f\u00e9rence en mati\u00e8re de cr\u00e9ation d'abonnement ou de paiement r\u00e9curant avec WooCommerce.\">WooCommerce Subscription ist einfach das Referenz-Plugin zum Erstellen von Abonnements oder Zahlungen mit WooCommerce.<\/span><\/p>\n","protected":false},"excerpt":{"rendered":"<p><span id=\"result_box\" class=\"\" lang=\"de\">Mit dem WooCommerce-Abonnement-Plugin k\u00f6nnen Sie ein wiederkehrendes Zahlungssystem auf Ihrer eCommerce WooCommerce-Website einrichten, beispielsweise ein Abonnement f\u00fcr Ihren Shop.<\/span><\/p>\n","protected":false},"featured_media":2400,"template":"","meta":{"_monsterinsights_skip_tracking":false,"_monsterinsights_sitenote_active":false,"_monsterinsights_sitenote_note":"","_monsterinsights_sitenote_category":0},"product_cat":[208],"product_tag":[1069,1114,1111],"class_list":["post-2923","product","type-product","status-publish","has-post-thumbnail","hentry","product_cat-plugin-woocommerce-de","product_tag-losungszahlung-woocommerce","product_tag-unverzichtbare-woocommerce","product_tag-woocommerce-sportgeschaft","pa_dev-woo-plugin-theme-woocommerce-de","pa_marketplace-woocommerce-woocommerce-com-de"],"yoast_head":"<!-- This site is optimized with the Yoast SEO plugin v23.1 - https:\/\/yoast.com\/wordpress\/plugins\/seo\/ -->\n<title>WooCommerce Abonnement - Wiederkehrende Zahlung - WooCommerce Plugin<\/title>\n<meta name=\"description\" content=\"Das WooCommerce-Plugin zur Verwaltung wiederkehrender Zahlungen auf Ihrer E-Commerce-Website, oder anders gesagt, dieses Plugin erm\u00f6glicht es Ihnen, ein Abonnement auf Ihrer WooCommerce-Website einzurichten.\" \/>\n<meta name=\"robots\" content=\"index, follow, max-snippet:-1, max-image-preview:large, max-video-preview:-1\" \/>\n<link rel=\"canonical\" href=\"https:\/\/woo-themes-plugins.com\/de\/produkt\/woocommerce-abonnement-wiederkehrende-zahlung-woocommerce-plugin\/\" \/>\n<meta property=\"og:locale\" content=\"de_DE\" \/>\n<meta property=\"og:type\" content=\"article\" \/>\n<meta property=\"og:title\" content=\"WooCommerce Abonnement - Wiederkehrende Zahlung - WooCommerce Plugin\" \/>\n<meta property=\"og:description\" content=\"Das WooCommerce-Plugin zur Verwaltung wiederkehrender Zahlungen auf Ihrer E-Commerce-Website, oder anders gesagt, dieses Plugin erm\u00f6glicht es Ihnen, ein Abonnement auf Ihrer WooCommerce-Website einzurichten.\" \/>\n<meta property=\"og:url\" content=\"https:\/\/woo-themes-plugins.com\/de\/produkt\/woocommerce-abonnement-wiederkehrende-zahlung-woocommerce-plugin\/\" \/>\n<meta property=\"og:site_name\" content=\"Woo-themes-plugins.com\" \/>\n<meta property=\"article:modified_time\" content=\"2018-04-26T17:27:48+00:00\" \/>\n<meta property=\"og:image\" content=\"https:\/\/woo-themes-plugins.com\/wp-content\/uploads\/sites\/7\/2018\/03\/woo-themes-plugins_woocommerce-subscription-payement.jpg\" \/>\n\t<meta property=\"og:image:width\" content=\"900\" \/>\n\t<meta property=\"og:image:height\" content=\"900\" \/>\n\t<meta property=\"og:image:type\" content=\"image\/jpeg\" \/>\n<meta name=\"twitter:label1\" content=\"Gesch\u00e4tzte Lesezeit\" \/>\n\t<meta name=\"twitter:data1\" content=\"1\u00a0Minute\" \/>\n<script type=\"application\/ld+json\" class=\"yoast-schema-graph\">{\"@context\":\"https:\/\/schema.org\",\"@graph\":[{\"@type\":\"WebPage\",\"@id\":\"https:\/\/woo-themes-plugins.com\/de\/produkt\/woocommerce-abonnement-wiederkehrende-zahlung-woocommerce-plugin\/\",\"url\":\"https:\/\/woo-themes-plugins.com\/de\/produkt\/woocommerce-abonnement-wiederkehrende-zahlung-woocommerce-plugin\/\",\"name\":\"WooCommerce Abonnement - Wiederkehrende Zahlung - WooCommerce Plugin\",\"isPartOf\":{\"@id\":\"https:\/\/woo-themes-plugins.com\/it\/#website\"},\"primaryImageOfPage\":{\"@id\":\"https:\/\/woo-themes-plugins.com\/de\/produkt\/woocommerce-abonnement-wiederkehrende-zahlung-woocommerce-plugin\/#primaryimage\"},\"image\":{\"@id\":\"https:\/\/woo-themes-plugins.com\/de\/produkt\/woocommerce-abonnement-wiederkehrende-zahlung-woocommerce-plugin\/#primaryimage\"},\"thumbnailUrl\":\"https:\/\/woo-themes-plugins.com\/wp-content\/uploads\/sites\/7\/2018\/03\/woo-themes-plugins_woocommerce-subscription-payement.jpg\",\"datePublished\":\"2018-03-26T04:32:48+00:00\",\"dateModified\":\"2018-04-26T17:27:48+00:00\",\"description\":\"Das WooCommerce-Plugin zur Verwaltung wiederkehrender Zahlungen auf Ihrer E-Commerce-Website, oder anders gesagt, dieses Plugin erm\u00f6glicht es Ihnen, ein Abonnement auf Ihrer WooCommerce-Website einzurichten.\",\"breadcrumb\":{\"@id\":\"https:\/\/woo-themes-plugins.com\/de\/produkt\/woocommerce-abonnement-wiederkehrende-zahlung-woocommerce-plugin\/#breadcrumb\"},\"inLanguage\":\"de\",\"potentialAction\":[{\"@type\":\"ReadAction\",\"target\":[\"https:\/\/woo-themes-plugins.com\/de\/produkt\/woocommerce-abonnement-wiederkehrende-zahlung-woocommerce-plugin\/\"]}]},{\"@type\":\"ImageObject\",\"inLanguage\":\"de\",\"@id\":\"https:\/\/woo-themes-plugins.com\/de\/produkt\/woocommerce-abonnement-wiederkehrende-zahlung-woocommerce-plugin\/#primaryimage\",\"url\":\"https:\/\/woo-themes-plugins.com\/wp-content\/uploads\/sites\/7\/2018\/03\/woo-themes-plugins_woocommerce-subscription-payement.jpg\",\"contentUrl\":\"https:\/\/woo-themes-plugins.com\/wp-content\/uploads\/sites\/7\/2018\/03\/woo-themes-plugins_woocommerce-subscription-payement.jpg\",\"width\":900,\"height\":900},{\"@type\":\"BreadcrumbList\",\"@id\":\"https:\/\/woo-themes-plugins.com\/de\/produkt\/woocommerce-abonnement-wiederkehrende-zahlung-woocommerce-plugin\/#breadcrumb\",\"itemListElement\":[{\"@type\":\"ListItem\",\"position\":1,\"name\":\"Accueil\",\"item\":\"https:\/\/woo-themes-plugins.com\/fr\/\"},{\"@type\":\"ListItem\",\"position\":2,\"name\":\"Shop\",\"item\":\"https:\/\/woo-themes-plugins.com\/shop\/\"},{\"@type\":\"ListItem\",\"position\":3,\"name\":\"WooCommerce Abonnement &#8211; Wiederkehrende Zahlung &#8211; WooCommerce Plugin\"}]},{\"@type\":\"WebSite\",\"@id\":\"https:\/\/woo-themes-plugins.com\/it\/#website\",\"url\":\"https:\/\/woo-themes-plugins.com\/it\/\",\"name\":\"Woo-themes-plugins.com\",\"description\":\"Tous les th\u00e8mes et plugins WooCommerce Premium\",\"potentialAction\":[{\"@type\":\"SearchAction\",\"target\":{\"@type\":\"EntryPoint\",\"urlTemplate\":\"https:\/\/woo-themes-plugins.com\/it\/?s={search_term_string}\"},\"query-input\":\"required name=search_term_string\"}],\"inLanguage\":\"de\"}]}<\/script>\n<!-- \/ Yoast SEO plugin. -->","yoast_head_json":{"title":"WooCommerce Abonnement - Wiederkehrende Zahlung - WooCommerce Plugin","description":"Das WooCommerce-Plugin zur Verwaltung wiederkehrender Zahlungen auf Ihrer E-Commerce-Website, oder anders gesagt, dieses Plugin erm\u00f6glicht es Ihnen, ein Abonnement auf Ihrer WooCommerce-Website einzurichten.","robots":{"index":"index","follow":"follow","max-snippet":"max-snippet:-1","max-image-preview":"max-image-preview:large","max-video-preview":"max-video-preview:-1"},"canonical":"https:\/\/woo-themes-plugins.com\/de\/produkt\/woocommerce-abonnement-wiederkehrende-zahlung-woocommerce-plugin\/","og_locale":"de_DE","og_type":"article","og_title":"WooCommerce Abonnement - Wiederkehrende Zahlung - WooCommerce Plugin","og_description":"Das WooCommerce-Plugin zur Verwaltung wiederkehrender Zahlungen auf Ihrer E-Commerce-Website, oder anders gesagt, dieses Plugin erm\u00f6glicht es Ihnen, ein Abonnement auf Ihrer WooCommerce-Website einzurichten.","og_url":"https:\/\/woo-themes-plugins.com\/de\/produkt\/woocommerce-abonnement-wiederkehrende-zahlung-woocommerce-plugin\/","og_site_name":"Woo-themes-plugins.com","article_modified_time":"2018-04-26T17:27:48+00:00","og_image":[{"width":900,"height":900,"url":"https:\/\/woo-themes-plugins.com\/wp-content\/uploads\/sites\/7\/2018\/03\/woo-themes-plugins_woocommerce-subscription-payement.jpg","type":"image\/jpeg"}],"twitter_misc":{"Gesch\u00e4tzte Lesezeit":"1\u00a0Minute"},"schema":{"@context":"https:\/\/schema.org","@graph":[{"@type":"WebPage","@id":"https:\/\/woo-themes-plugins.com\/de\/produkt\/woocommerce-abonnement-wiederkehrende-zahlung-woocommerce-plugin\/","url":"https:\/\/woo-themes-plugins.com\/de\/produkt\/woocommerce-abonnement-wiederkehrende-zahlung-woocommerce-plugin\/","name":"WooCommerce Abonnement - Wiederkehrende Zahlung - WooCommerce Plugin","isPartOf":{"@id":"https:\/\/woo-themes-plugins.com\/it\/#website"},"primaryImageOfPage":{"@id":"https:\/\/woo-themes-plugins.com\/de\/produkt\/woocommerce-abonnement-wiederkehrende-zahlung-woocommerce-plugin\/#primaryimage"},"image":{"@id":"https:\/\/woo-themes-plugins.com\/de\/produkt\/woocommerce-abonnement-wiederkehrende-zahlung-woocommerce-plugin\/#primaryimage"},"thumbnailUrl":"https:\/\/woo-themes-plugins.com\/wp-content\/uploads\/sites\/7\/2018\/03\/woo-themes-plugins_woocommerce-subscription-payement.jpg","datePublished":"2018-03-26T04:32:48+00:00","dateModified":"2018-04-26T17:27:48+00:00","description":"Das WooCommerce-Plugin zur Verwaltung wiederkehrender Zahlungen auf Ihrer E-Commerce-Website, oder anders gesagt, dieses Plugin erm\u00f6glicht es Ihnen, ein Abonnement auf Ihrer WooCommerce-Website einzurichten.","breadcrumb":{"@id":"https:\/\/woo-themes-plugins.com\/de\/produkt\/woocommerce-abonnement-wiederkehrende-zahlung-woocommerce-plugin\/#breadcrumb"},"inLanguage":"de","potentialAction":[{"@type":"ReadAction","target":["https:\/\/woo-themes-plugins.com\/de\/produkt\/woocommerce-abonnement-wiederkehrende-zahlung-woocommerce-plugin\/"]}]},{"@type":"ImageObject","inLanguage":"de","@id":"https:\/\/woo-themes-plugins.com\/de\/produkt\/woocommerce-abonnement-wiederkehrende-zahlung-woocommerce-plugin\/#primaryimage","url":"https:\/\/woo-themes-plugins.com\/wp-content\/uploads\/sites\/7\/2018\/03\/woo-themes-plugins_woocommerce-subscription-payement.jpg","contentUrl":"https:\/\/woo-themes-plugins.com\/wp-content\/uploads\/sites\/7\/2018\/03\/woo-themes-plugins_woocommerce-subscription-payement.jpg","width":900,"height":900},{"@type":"BreadcrumbList","@id":"https:\/\/woo-themes-plugins.com\/de\/produkt\/woocommerce-abonnement-wiederkehrende-zahlung-woocommerce-plugin\/#breadcrumb","itemListElement":[{"@type":"ListItem","position":1,"name":"Accueil","item":"https:\/\/woo-themes-plugins.com\/fr\/"},{"@type":"ListItem","position":2,"name":"Shop","item":"https:\/\/woo-themes-plugins.com\/shop\/"},{"@type":"ListItem","position":3,"name":"WooCommerce Abonnement &#8211; Wiederkehrende Zahlung &#8211; WooCommerce Plugin"}]},{"@type":"WebSite","@id":"https:\/\/woo-themes-plugins.com\/it\/#website","url":"https:\/\/woo-themes-plugins.com\/it\/","name":"Woo-themes-plugins.com","description":"Tous les th\u00e8mes et plugins WooCommerce Premium","potentialAction":[{"@type":"SearchAction","target":{"@type":"EntryPoint","urlTemplate":"https:\/\/woo-themes-plugins.com\/it\/?s={search_term_string}"},"query-input":"required name=search_term_string"}],"inLanguage":"de"}]}},"_links":{"self":[{"href":"https:\/\/woo-themes-plugins.com\/de\/wp-json\/wp\/v2\/product\/2923","targetHints":{"allow":["GET"]}}],"collection":[{"href":"https:\/\/woo-themes-plugins.com\/de\/wp-json\/wp\/v2\/product"}],"about":[{"href":"https:\/\/woo-themes-plugins.com\/de\/wp-json\/wp\/v2\/types\/product"}],"wp:featuredmedia":[{"embeddable":true,"href":"https:\/\/woo-themes-plugins.com\/de\/wp-json\/wp\/v2\/media\/2400"}],"wp:attachment":[{"href":"https:\/\/woo-themes-plugins.com\/de\/wp-json\/wp\/v2\/media?parent=2923"}],"wp:term":[{"taxonomy":"product_cat","embeddable":true,"href":"https:\/\/woo-themes-plugins.com\/de\/wp-json\/wp\/v2\/product_cat?post=2923"},{"taxonomy":"product_tag","embeddable":true,"href":"https:\/\/woo-themes-plugins.com\/de\/wp-json\/wp\/v2\/product_tag?post=2923"}],"curies":[{"name":"wp","href":"https:\/\/api.w.org\/{rel}","templated":true}]}}