{"id":2925,"date":"2018-03-24T07:06:49","date_gmt":"2018-03-24T06:06:49","guid":{"rendered":"https:\/\/woo-themes-plugins.com\/product\/produkt-add-ons-kunden-anpassbares-produkt-woocommerce-plugin\/"},"modified":"2018-04-26T18:27:27","modified_gmt":"2018-04-26T17:27:27","slug":"produkt-add-ons-kunden-anpassbares-produkt-woocommerce-plugin","status":"publish","type":"product","link":"https:\/\/woo-themes-plugins.com\/de\/product\/produkt-add-ons-kunden-anpassbares-produkt-woocommerce-plugin\/","title":{"rendered":"Produkt Add-Ons &#8211; Kunden anpassbares Produkt &#8211; WooCommerce Plugin"},"content":{"rendered":"<p><span id=\"result_box\" class=\"\" lang=\"de\"><span title=\"Product add-ons est un plugin officiel WooCommerce qui permettra \u00e0 tes clients de personnaliser leurs produits en ajoutant de nouvelles options comme un champ texte, une liste d\u00e9roulante de choix ou encore des choix par boutons radios.\">Product Add-ons ist ein offizielles WooCommerce-Plugin, mit dem Ihre Kunden ihre Produkte anpassen k\u00f6nnen, indem sie neue Optionen wie ein Textfeld, eine Dropdown-Liste mit Auswahlm\u00f6glichkeiten oder Optionsfelder hinzuf\u00fcgen. <\/span><span title=\"Cette extension WooCommerce a \u00e9t\u00e9 pr\u00e9vue pour rendre de nombreux services comme par exemple l'ajout d'un message, une donation, un texte ou une image \u00e0 graver au laser sur un produit, un message \u00e0 imprimer sur un t-shirt...\">Diese Erweiterung WooCommerce wurde geplant, um viele Dienste wie das Hinzuf\u00fcgen einer Nachricht, eine Spende, einen Text oder ein Bild zum Lasergravieren auf ein Produkt, eine Nachricht zum Drucken auf einem T-Shirt &#8230; <\/span><span title=\"la liste est longue.\">Die Liste ist lang. <\/span><span title=\"Ce plugin WooCommerce sera particuli\u00e8rement utile lorsque ton produit n\u00e9cessitera une entr\u00e9e de la part de ton client. \">Dieses WooCommerce-Plugin wird besonders n\u00fctzlich sein, wenn Ihr Produkt einen Eintrag von Ihrem Kunden ben\u00f6tigt.<\/span><\/span><\/p>\n<p><span title=\"Cette extension WooCommerce supporte diff\u00e9rents types de champs comme les champs texte, les s\u00e9lections multiples, les s\u00e9lections par radio boutons, un champ prix libre ou encore un champ d'envoi de fichier par le client. \">Diese WooCommerce-Erweiterung unterst\u00fctzt verschiedene Arten von Feldern, wie z. B. Textfelder, Mehrfachauswahl, Optionsfeldauswahl, ein freies Preisfeld oder ein Dateisendefeld durch den Kunden.<\/span><\/p>\n<p><span title=\"Product Add-ons peut \u00eatre activ\u00e9 pour toute ta boutique WooCommerce ou seulement sur des produits cibl\u00e9s.\">Produkt-Add-ons k\u00f6nnen f\u00fcr Ihren gesamten WooCommerce-Shop oder nur f\u00fcr bestimmte Produkte aktiviert werden. <\/span><span title=\"Pratique.\">Praxis. <\/span><span title=\"Bien entendu, cette extension est compatible avec WooCommerce Subscription, l'un des plugins phare de WooCommerce. \">Nat\u00fcrlich ist diese Erweiterung kompatibel mit WooCommerce Subscription, einem der Flaggschiff-Plugins von WooCommerce.<\/span><\/p>\n<p><span title=\"Une fois le plugin activ\u00e9 et configur\u00e9, les nouveaux champs apparaitrons juste en dessous de la description courte, avant le bouton d'ajout au panier.\">Sobald das Plugin aktiviert und konfiguriert ist, erscheinen die neuen Felder direkt unter der Kurzbeschreibung, bevor Sie den Warenkorb hinzuf\u00fcgen.<\/span><\/p>\n","protected":false},"excerpt":{"rendered":"<p><span id=\"result_box\" class=\"\" lang=\"de\">Das Plug-in Product Add-Ons, das von WooCommerce.com entwickelt wurde, erm\u00f6glicht es Ihnen, in Ihre Produkte Bereiche einzutragen, die Ihr Kunde ausf\u00fcllen muss, um sie anzupassen. Wenn Sie ein Produkt haben und Sie vorhaben, eine Nachricht oder ein Bild darauf zu brennen, zu drucken, zu zeichnen, dann ist dies das Plugin, das Sie brauchen.<\/span><\/p>\n","protected":false},"featured_media":239,"template":"","meta":{"_monsterinsights_skip_tracking":false,"_monsterinsights_sitenote_active":false,"_monsterinsights_sitenote_note":"","_monsterinsights_sitenote_category":0},"product_cat":[208],"product_tag":[1069],"class_list":["post-2925","product","type-product","status-publish","has-post-thumbnail","hentry","product_cat-plugin-woocommerce-de","product_tag-losungszahlung-woocommerce","pa_dev-woo-plugin-theme-woocommerce-de","pa_marketplace-woocommerce-woocommerce-com-de"],"yoast_head":"<!-- This site is optimized with the Yoast SEO plugin v23.1 - https:\/\/yoast.com\/wordpress\/plugins\/seo\/ -->\n<title>Amazon Pay - WooCommerce-Zahlungsl\u00f6sung - WooCommerce-Plugin<\/title>\n<meta name=\"description\" content=\"Das WooCommerce-Plugin zur Verwaltung der Stripe-Zahlungsl\u00f6sung.\" \/>\n<meta name=\"robots\" content=\"index, follow, max-snippet:-1, max-image-preview:large, max-video-preview:-1\" \/>\n<link rel=\"canonical\" href=\"https:\/\/woo-themes-plugins.com\/de\/produkt\/produkt-add-ons-kunden-anpassbares-produkt-woocommerce-plugin\/\" \/>\n<meta property=\"og:locale\" content=\"de_DE\" \/>\n<meta property=\"og:type\" content=\"article\" \/>\n<meta property=\"og:title\" content=\"Amazon Pay - WooCommerce-Zahlungsl\u00f6sung - WooCommerce-Plugin\" \/>\n<meta property=\"og:description\" content=\"Das WooCommerce-Plugin zur Verwaltung der Stripe-Zahlungsl\u00f6sung.\" \/>\n<meta property=\"og:url\" content=\"https:\/\/woo-themes-plugins.com\/de\/produkt\/produkt-add-ons-kunden-anpassbares-produkt-woocommerce-plugin\/\" \/>\n<meta property=\"og:site_name\" content=\"Woo-themes-plugins.com\" \/>\n<meta property=\"article:modified_time\" content=\"2018-04-26T17:27:27+00:00\" \/>\n<meta property=\"og:image\" content=\"https:\/\/woo-themes-plugins.com\/wp-content\/uploads\/sites\/7\/2018\/03\/product-add-ons-woocommerce.jpg\" \/>\n\t<meta property=\"og:image:width\" content=\"1024\" \/>\n\t<meta property=\"og:image:height\" content=\"512\" \/>\n\t<meta property=\"og:image:type\" content=\"image\/jpeg\" \/>\n<meta name=\"twitter:label1\" content=\"Gesch\u00e4tzte Lesezeit\" \/>\n\t<meta name=\"twitter:data1\" content=\"1\u00a0Minute\" \/>\n<script type=\"application\/ld+json\" class=\"yoast-schema-graph\">{\"@context\":\"https:\/\/schema.org\",\"@graph\":[{\"@type\":\"WebPage\",\"@id\":\"https:\/\/woo-themes-plugins.com\/de\/produkt\/produkt-add-ons-kunden-anpassbares-produkt-woocommerce-plugin\/\",\"url\":\"https:\/\/woo-themes-plugins.com\/de\/produkt\/produkt-add-ons-kunden-anpassbares-produkt-woocommerce-plugin\/\",\"name\":\"Amazon Pay - WooCommerce-Zahlungsl\u00f6sung - WooCommerce-Plugin\",\"isPartOf\":{\"@id\":\"https:\/\/woo-themes-plugins.com\/it\/#website\"},\"primaryImageOfPage\":{\"@id\":\"https:\/\/woo-themes-plugins.com\/de\/produkt\/produkt-add-ons-kunden-anpassbares-produkt-woocommerce-plugin\/#primaryimage\"},\"image\":{\"@id\":\"https:\/\/woo-themes-plugins.com\/de\/produkt\/produkt-add-ons-kunden-anpassbares-produkt-woocommerce-plugin\/#primaryimage\"},\"thumbnailUrl\":\"https:\/\/woo-themes-plugins.com\/wp-content\/uploads\/sites\/7\/2018\/03\/product-add-ons-woocommerce.jpg\",\"datePublished\":\"2018-03-24T06:06:49+00:00\",\"dateModified\":\"2018-04-26T17:27:27+00:00\",\"description\":\"Das WooCommerce-Plugin zur Verwaltung der Stripe-Zahlungsl\u00f6sung.\",\"breadcrumb\":{\"@id\":\"https:\/\/woo-themes-plugins.com\/de\/produkt\/produkt-add-ons-kunden-anpassbares-produkt-woocommerce-plugin\/#breadcrumb\"},\"inLanguage\":\"de\",\"potentialAction\":[{\"@type\":\"ReadAction\",\"target\":[\"https:\/\/woo-themes-plugins.com\/de\/produkt\/produkt-add-ons-kunden-anpassbares-produkt-woocommerce-plugin\/\"]}]},{\"@type\":\"ImageObject\",\"inLanguage\":\"de\",\"@id\":\"https:\/\/woo-themes-plugins.com\/de\/produkt\/produkt-add-ons-kunden-anpassbares-produkt-woocommerce-plugin\/#primaryimage\",\"url\":\"https:\/\/woo-themes-plugins.com\/wp-content\/uploads\/sites\/7\/2018\/03\/product-add-ons-woocommerce.jpg\",\"contentUrl\":\"https:\/\/woo-themes-plugins.com\/wp-content\/uploads\/sites\/7\/2018\/03\/product-add-ons-woocommerce.jpg\",\"width\":1024,\"height\":512},{\"@type\":\"BreadcrumbList\",\"@id\":\"https:\/\/woo-themes-plugins.com\/de\/produkt\/produkt-add-ons-kunden-anpassbares-produkt-woocommerce-plugin\/#breadcrumb\",\"itemListElement\":[{\"@type\":\"ListItem\",\"position\":1,\"name\":\"Accueil\",\"item\":\"https:\/\/woo-themes-plugins.com\/fr\/\"},{\"@type\":\"ListItem\",\"position\":2,\"name\":\"Shop\",\"item\":\"https:\/\/woo-themes-plugins.com\/shop\/\"},{\"@type\":\"ListItem\",\"position\":3,\"name\":\"Produkt Add-Ons &#8211; Kunden anpassbares Produkt &#8211; WooCommerce Plugin\"}]},{\"@type\":\"WebSite\",\"@id\":\"https:\/\/woo-themes-plugins.com\/it\/#website\",\"url\":\"https:\/\/woo-themes-plugins.com\/it\/\",\"name\":\"Woo-themes-plugins.com\",\"description\":\"Tous les th\u00e8mes et plugins WooCommerce Premium\",\"potentialAction\":[{\"@type\":\"SearchAction\",\"target\":{\"@type\":\"EntryPoint\",\"urlTemplate\":\"https:\/\/woo-themes-plugins.com\/it\/?s={search_term_string}\"},\"query-input\":\"required name=search_term_string\"}],\"inLanguage\":\"de\"}]}<\/script>\n<!-- \/ Yoast SEO plugin. -->","yoast_head_json":{"title":"Amazon Pay - WooCommerce-Zahlungsl\u00f6sung - WooCommerce-Plugin","description":"Das WooCommerce-Plugin zur Verwaltung der Stripe-Zahlungsl\u00f6sung.","robots":{"index":"index","follow":"follow","max-snippet":"max-snippet:-1","max-image-preview":"max-image-preview:large","max-video-preview":"max-video-preview:-1"},"canonical":"https:\/\/woo-themes-plugins.com\/de\/produkt\/produkt-add-ons-kunden-anpassbares-produkt-woocommerce-plugin\/","og_locale":"de_DE","og_type":"article","og_title":"Amazon Pay - WooCommerce-Zahlungsl\u00f6sung - WooCommerce-Plugin","og_description":"Das WooCommerce-Plugin zur Verwaltung der Stripe-Zahlungsl\u00f6sung.","og_url":"https:\/\/woo-themes-plugins.com\/de\/produkt\/produkt-add-ons-kunden-anpassbares-produkt-woocommerce-plugin\/","og_site_name":"Woo-themes-plugins.com","article_modified_time":"2018-04-26T17:27:27+00:00","og_image":[{"width":1024,"height":512,"url":"https:\/\/woo-themes-plugins.com\/wp-content\/uploads\/sites\/7\/2018\/03\/product-add-ons-woocommerce.jpg","type":"image\/jpeg"}],"twitter_misc":{"Gesch\u00e4tzte Lesezeit":"1\u00a0Minute"},"schema":{"@context":"https:\/\/schema.org","@graph":[{"@type":"WebPage","@id":"https:\/\/woo-themes-plugins.com\/de\/produkt\/produkt-add-ons-kunden-anpassbares-produkt-woocommerce-plugin\/","url":"https:\/\/woo-themes-plugins.com\/de\/produkt\/produkt-add-ons-kunden-anpassbares-produkt-woocommerce-plugin\/","name":"Amazon Pay - WooCommerce-Zahlungsl\u00f6sung - WooCommerce-Plugin","isPartOf":{"@id":"https:\/\/woo-themes-plugins.com\/it\/#website"},"primaryImageOfPage":{"@id":"https:\/\/woo-themes-plugins.com\/de\/produkt\/produkt-add-ons-kunden-anpassbares-produkt-woocommerce-plugin\/#primaryimage"},"image":{"@id":"https:\/\/woo-themes-plugins.com\/de\/produkt\/produkt-add-ons-kunden-anpassbares-produkt-woocommerce-plugin\/#primaryimage"},"thumbnailUrl":"https:\/\/woo-themes-plugins.com\/wp-content\/uploads\/sites\/7\/2018\/03\/product-add-ons-woocommerce.jpg","datePublished":"2018-03-24T06:06:49+00:00","dateModified":"2018-04-26T17:27:27+00:00","description":"Das WooCommerce-Plugin zur Verwaltung der Stripe-Zahlungsl\u00f6sung.","breadcrumb":{"@id":"https:\/\/woo-themes-plugins.com\/de\/produkt\/produkt-add-ons-kunden-anpassbares-produkt-woocommerce-plugin\/#breadcrumb"},"inLanguage":"de","potentialAction":[{"@type":"ReadAction","target":["https:\/\/woo-themes-plugins.com\/de\/produkt\/produkt-add-ons-kunden-anpassbares-produkt-woocommerce-plugin\/"]}]},{"@type":"ImageObject","inLanguage":"de","@id":"https:\/\/woo-themes-plugins.com\/de\/produkt\/produkt-add-ons-kunden-anpassbares-produkt-woocommerce-plugin\/#primaryimage","url":"https:\/\/woo-themes-plugins.com\/wp-content\/uploads\/sites\/7\/2018\/03\/product-add-ons-woocommerce.jpg","contentUrl":"https:\/\/woo-themes-plugins.com\/wp-content\/uploads\/sites\/7\/2018\/03\/product-add-ons-woocommerce.jpg","width":1024,"height":512},{"@type":"BreadcrumbList","@id":"https:\/\/woo-themes-plugins.com\/de\/produkt\/produkt-add-ons-kunden-anpassbares-produkt-woocommerce-plugin\/#breadcrumb","itemListElement":[{"@type":"ListItem","position":1,"name":"Accueil","item":"https:\/\/woo-themes-plugins.com\/fr\/"},{"@type":"ListItem","position":2,"name":"Shop","item":"https:\/\/woo-themes-plugins.com\/shop\/"},{"@type":"ListItem","position":3,"name":"Produkt Add-Ons &#8211; Kunden anpassbares Produkt &#8211; WooCommerce Plugin"}]},{"@type":"WebSite","@id":"https:\/\/woo-themes-plugins.com\/it\/#website","url":"https:\/\/woo-themes-plugins.com\/it\/","name":"Woo-themes-plugins.com","description":"Tous les th\u00e8mes et plugins WooCommerce Premium","potentialAction":[{"@type":"SearchAction","target":{"@type":"EntryPoint","urlTemplate":"https:\/\/woo-themes-plugins.com\/it\/?s={search_term_string}"},"query-input":"required name=search_term_string"}],"inLanguage":"de"}]}},"_links":{"self":[{"href":"https:\/\/woo-themes-plugins.com\/de\/wp-json\/wp\/v2\/product\/2925","targetHints":{"allow":["GET"]}}],"collection":[{"href":"https:\/\/woo-themes-plugins.com\/de\/wp-json\/wp\/v2\/product"}],"about":[{"href":"https:\/\/woo-themes-plugins.com\/de\/wp-json\/wp\/v2\/types\/product"}],"wp:featuredmedia":[{"embeddable":true,"href":"https:\/\/woo-themes-plugins.com\/de\/wp-json\/wp\/v2\/media\/239"}],"wp:attachment":[{"href":"https:\/\/woo-themes-plugins.com\/de\/wp-json\/wp\/v2\/media?parent=2925"}],"wp:term":[{"taxonomy":"product_cat","embeddable":true,"href":"https:\/\/woo-themes-plugins.com\/de\/wp-json\/wp\/v2\/product_cat?post=2925"},{"taxonomy":"product_tag","embeddable":true,"href":"https:\/\/woo-themes-plugins.com\/de\/wp-json\/wp\/v2\/product_tag?post=2925"}],"curies":[{"name":"wp","href":"https:\/\/api.w.org\/{rel}","templated":true}]}}