{"id":2926,"date":"2018-03-24T06:59:20","date_gmt":"2018-03-24T05:59:20","guid":{"rendered":"https:\/\/woo-themes-plugins.com\/product\/facebook-fur-woocommerce-plugin-fur-soziale-netzwerke-woocommerce-plugin\/"},"modified":"2018-04-26T18:26:39","modified_gmt":"2018-04-26T17:26:39","slug":"facebook-fur-woocommerce-plugin-fur-soziale-netzwerke-woocommerce-plugin","status":"publish","type":"product","link":"https:\/\/woo-themes-plugins.com\/de\/product\/facebook-fur-woocommerce-plugin-fur-soziale-netzwerke-woocommerce-plugin\/","title":{"rendered":"Facebook f\u00fcr WooCommerce &#8211; Plugin f\u00fcr soziale Netzwerke &#8211; WooCommerce Plugin"},"content":{"rendered":"<p><span id=\"result_box\" class=\"\" lang=\"de\"><span title=\"Ce plugin WooCommerce Facebook va te permettre d'ajouter un l\u00e9vier de vente important \u00e0 ton site WooCommerce : la gestion simple de ta page Facebook. \">Dieses WooCommerce Facebook-Plugin erm\u00f6glicht es Ihnen, Ihrer WooCommerce-Website einen wichtigen Verkaufsrepr\u00e4sentanten hinzuzuf\u00fcgen: die einfache Verwaltung Ihrer Facebook-Seite.<\/span><\/span><\/p>\n<p><span title=\"Avec ce plugin, tu vas pouvoir r\u00e9aliser deux choses importantes : Partager tes produits simplement par WordPress sur Facebook et te permettre de cr\u00e9er une page de type shop. \">Mit diesem Plugin k\u00f6nnen Sie zwei wichtige Dinge erreichen: Teilen Sie Ihre Produkte einfach \u00fcber WordPress auf Facebook und erm\u00f6glichen Sie das Erstellen einer Shop-Typ-Seite.<\/span><\/p>\n<p><span title=\"Faire du marketing sur Facebook c'est s'offrir la possibilit\u00e9 d'atteindre des clients qui n'auraient jamais eu connaissance de notre site autrement.\">Marketing auf Facebook zu betreiben bedeutet, Kunden zu erreichen, die sonst nie von unserer Seite gewusst h\u00e4tten. <\/span><span title=\"Avec l'extension Facebook Ads la t\u00e2che de ciblage de ton futur auditoire s'en trouvera fortement simplifi\u00e9.\">Mit der Facebook-Anzeigenerweiterung wird die Aufgabe, Ihre zuk\u00fcnftige Zielgruppe anzusprechen, stark vereinfacht. <\/span><span title=\"Cela te permettra de maximiser les performances de ta campagne Facebook, de trouver de nouveaux clients et de suivre la progression et de calculer le r\u00e9sultat final. \">Auf diese Weise k\u00f6nnen Sie die Leistung Ihrer Facebook-Kampagne maximieren, neue Kunden finden, den Fortschritt verfolgen und das Endergebnis berechnen.<\/span><\/p>\n<p><span title=\"Pour ce qui est de la cr\u00e9ation d'une r\u00e9plication de sa boutique WooCommerce sur Facebook, ce plugin va te permettre de soumettre tout ton catalogue en un seul clic.\">In Bezug auf die Erstellung einer Replikation seines WooCommerce-Shops auf Facebook erm\u00f6glicht dieses Plugin Ihnen, Ihren gesamten Katalog mit einem Klick einzureichen. <\/span><span title=\"Avec cette extension WooCommerce, ta boutique en ligne va s'ouvrir \u00e0 des milliers de nouveaux clients.\">Mit dieser WooCommerce-Erweiterung \u00f6ffnet sich Ihr Online-Shop f\u00fcr Tausende neuer Kunden.<\/span><\/p>\n","protected":false},"excerpt":{"rendered":"<p><span id=\"result_box\" class=\"\" lang=\"de\">Mit dem offiziellen Facebook for WooCommerce Plugin k\u00f6nnen Sie Ihren eCommerce Shop WooCommerce ganz einfach mit Ihrer Facebook-Seite verbinden.<\/span><\/p>\n","protected":false},"featured_media":232,"template":"","meta":{"_monsterinsights_skip_tracking":false,"_monsterinsights_sitenote_active":false,"_monsterinsights_sitenote_note":"","_monsterinsights_sitenote_category":0},"product_cat":[208],"product_tag":[1069,1114,1048],"class_list":["post-2926","product","type-product","status-publish","has-post-thumbnail","hentry","product_cat-plugin-woocommerce-de","product_tag-losungszahlung-woocommerce","product_tag-unverzichtbare-woocommerce","product_tag-woocommerce-befehle-exportieren-importieren-de","pa_dev-woo-plugin-theme-facebook-de","pa_marketplace-woocommerce-woocommerce-com-de"],"yoast_head":"<!-- This site is optimized with the Yoast SEO plugin v23.1 - https:\/\/yoast.com\/wordpress\/plugins\/seo\/ -->\n<title>Facebook f\u00fcr WooCommerce - Plugin f\u00fcr soziale Netzwerke - WooCommerce Plugin - Woo-themes-plugins.com<\/title>\n<meta name=\"robots\" content=\"index, follow, max-snippet:-1, max-image-preview:large, max-video-preview:-1\" \/>\n<link rel=\"canonical\" href=\"https:\/\/woo-themes-plugins.com\/de\/produkt\/facebook-fur-woocommerce-plugin-fur-soziale-netzwerke-woocommerce-plugin\/\" \/>\n<meta property=\"og:locale\" content=\"de_DE\" \/>\n<meta property=\"og:type\" content=\"article\" \/>\n<meta property=\"og:title\" content=\"Facebook f\u00fcr WooCommerce - Plugin f\u00fcr soziale Netzwerke - WooCommerce Plugin - Woo-themes-plugins.com\" \/>\n<meta property=\"og:description\" content=\"Mit dem offiziellen Facebook for WooCommerce Plugin k\u00f6nnen Sie Ihren eCommerce Shop WooCommerce ganz einfach mit Ihrer Facebook-Seite verbinden.\" \/>\n<meta property=\"og:url\" content=\"https:\/\/woo-themes-plugins.com\/de\/produkt\/facebook-fur-woocommerce-plugin-fur-soziale-netzwerke-woocommerce-plugin\/\" \/>\n<meta property=\"og:site_name\" content=\"Woo-themes-plugins.com\" \/>\n<meta property=\"article:modified_time\" content=\"2018-04-26T17:26:39+00:00\" \/>\n<meta property=\"og:image\" content=\"https:\/\/woo-themes-plugins.com\/wp-content\/uploads\/sites\/7\/2018\/03\/Hacking-facebook-login.jpg\" \/>\n\t<meta property=\"og:image:width\" content=\"728\" \/>\n\t<meta property=\"og:image:height\" content=\"450\" \/>\n\t<meta property=\"og:image:type\" content=\"image\/jpeg\" \/>\n<meta name=\"twitter:label1\" content=\"Gesch\u00e4tzte Lesezeit\" \/>\n\t<meta name=\"twitter:data1\" content=\"1\u00a0Minute\" \/>\n<script type=\"application\/ld+json\" class=\"yoast-schema-graph\">{\"@context\":\"https:\/\/schema.org\",\"@graph\":[{\"@type\":\"WebPage\",\"@id\":\"https:\/\/woo-themes-plugins.com\/de\/produkt\/facebook-fur-woocommerce-plugin-fur-soziale-netzwerke-woocommerce-plugin\/\",\"url\":\"https:\/\/woo-themes-plugins.com\/de\/produkt\/facebook-fur-woocommerce-plugin-fur-soziale-netzwerke-woocommerce-plugin\/\",\"name\":\"Facebook f\u00fcr WooCommerce - Plugin f\u00fcr soziale Netzwerke - WooCommerce Plugin - Woo-themes-plugins.com\",\"isPartOf\":{\"@id\":\"https:\/\/woo-themes-plugins.com\/it\/#website\"},\"primaryImageOfPage\":{\"@id\":\"https:\/\/woo-themes-plugins.com\/de\/produkt\/facebook-fur-woocommerce-plugin-fur-soziale-netzwerke-woocommerce-plugin\/#primaryimage\"},\"image\":{\"@id\":\"https:\/\/woo-themes-plugins.com\/de\/produkt\/facebook-fur-woocommerce-plugin-fur-soziale-netzwerke-woocommerce-plugin\/#primaryimage\"},\"thumbnailUrl\":\"https:\/\/woo-themes-plugins.com\/wp-content\/uploads\/sites\/7\/2018\/03\/Hacking-facebook-login.jpg\",\"datePublished\":\"2018-03-24T05:59:20+00:00\",\"dateModified\":\"2018-04-26T17:26:39+00:00\",\"breadcrumb\":{\"@id\":\"https:\/\/woo-themes-plugins.com\/de\/produkt\/facebook-fur-woocommerce-plugin-fur-soziale-netzwerke-woocommerce-plugin\/#breadcrumb\"},\"inLanguage\":\"de\",\"potentialAction\":[{\"@type\":\"ReadAction\",\"target\":[\"https:\/\/woo-themes-plugins.com\/de\/produkt\/facebook-fur-woocommerce-plugin-fur-soziale-netzwerke-woocommerce-plugin\/\"]}]},{\"@type\":\"ImageObject\",\"inLanguage\":\"de\",\"@id\":\"https:\/\/woo-themes-plugins.com\/de\/produkt\/facebook-fur-woocommerce-plugin-fur-soziale-netzwerke-woocommerce-plugin\/#primaryimage\",\"url\":\"https:\/\/woo-themes-plugins.com\/wp-content\/uploads\/sites\/7\/2018\/03\/Hacking-facebook-login.jpg\",\"contentUrl\":\"https:\/\/woo-themes-plugins.com\/wp-content\/uploads\/sites\/7\/2018\/03\/Hacking-facebook-login.jpg\",\"width\":728,\"height\":450},{\"@type\":\"BreadcrumbList\",\"@id\":\"https:\/\/woo-themes-plugins.com\/de\/produkt\/facebook-fur-woocommerce-plugin-fur-soziale-netzwerke-woocommerce-plugin\/#breadcrumb\",\"itemListElement\":[{\"@type\":\"ListItem\",\"position\":1,\"name\":\"Accueil\",\"item\":\"https:\/\/woo-themes-plugins.com\/fr\/\"},{\"@type\":\"ListItem\",\"position\":2,\"name\":\"Shop\",\"item\":\"https:\/\/woo-themes-plugins.com\/shop\/\"},{\"@type\":\"ListItem\",\"position\":3,\"name\":\"Facebook f\u00fcr WooCommerce &#8211; Plugin f\u00fcr soziale Netzwerke &#8211; WooCommerce Plugin\"}]},{\"@type\":\"WebSite\",\"@id\":\"https:\/\/woo-themes-plugins.com\/it\/#website\",\"url\":\"https:\/\/woo-themes-plugins.com\/it\/\",\"name\":\"Woo-themes-plugins.com\",\"description\":\"Tous les th\u00e8mes et plugins WooCommerce Premium\",\"potentialAction\":[{\"@type\":\"SearchAction\",\"target\":{\"@type\":\"EntryPoint\",\"urlTemplate\":\"https:\/\/woo-themes-plugins.com\/it\/?s={search_term_string}\"},\"query-input\":\"required name=search_term_string\"}],\"inLanguage\":\"de\"}]}<\/script>\n<!-- \/ Yoast SEO plugin. -->","yoast_head_json":{"title":"Facebook f\u00fcr WooCommerce - Plugin f\u00fcr soziale Netzwerke - WooCommerce Plugin - Woo-themes-plugins.com","robots":{"index":"index","follow":"follow","max-snippet":"max-snippet:-1","max-image-preview":"max-image-preview:large","max-video-preview":"max-video-preview:-1"},"canonical":"https:\/\/woo-themes-plugins.com\/de\/produkt\/facebook-fur-woocommerce-plugin-fur-soziale-netzwerke-woocommerce-plugin\/","og_locale":"de_DE","og_type":"article","og_title":"Facebook f\u00fcr WooCommerce - Plugin f\u00fcr soziale Netzwerke - WooCommerce Plugin - Woo-themes-plugins.com","og_description":"Mit dem offiziellen Facebook for WooCommerce Plugin k\u00f6nnen Sie Ihren eCommerce Shop WooCommerce ganz einfach mit Ihrer Facebook-Seite verbinden.","og_url":"https:\/\/woo-themes-plugins.com\/de\/produkt\/facebook-fur-woocommerce-plugin-fur-soziale-netzwerke-woocommerce-plugin\/","og_site_name":"Woo-themes-plugins.com","article_modified_time":"2018-04-26T17:26:39+00:00","og_image":[{"width":728,"height":450,"url":"https:\/\/woo-themes-plugins.com\/wp-content\/uploads\/sites\/7\/2018\/03\/Hacking-facebook-login.jpg","type":"image\/jpeg"}],"twitter_misc":{"Gesch\u00e4tzte Lesezeit":"1\u00a0Minute"},"schema":{"@context":"https:\/\/schema.org","@graph":[{"@type":"WebPage","@id":"https:\/\/woo-themes-plugins.com\/de\/produkt\/facebook-fur-woocommerce-plugin-fur-soziale-netzwerke-woocommerce-plugin\/","url":"https:\/\/woo-themes-plugins.com\/de\/produkt\/facebook-fur-woocommerce-plugin-fur-soziale-netzwerke-woocommerce-plugin\/","name":"Facebook f\u00fcr WooCommerce - Plugin f\u00fcr soziale Netzwerke - WooCommerce Plugin - Woo-themes-plugins.com","isPartOf":{"@id":"https:\/\/woo-themes-plugins.com\/it\/#website"},"primaryImageOfPage":{"@id":"https:\/\/woo-themes-plugins.com\/de\/produkt\/facebook-fur-woocommerce-plugin-fur-soziale-netzwerke-woocommerce-plugin\/#primaryimage"},"image":{"@id":"https:\/\/woo-themes-plugins.com\/de\/produkt\/facebook-fur-woocommerce-plugin-fur-soziale-netzwerke-woocommerce-plugin\/#primaryimage"},"thumbnailUrl":"https:\/\/woo-themes-plugins.com\/wp-content\/uploads\/sites\/7\/2018\/03\/Hacking-facebook-login.jpg","datePublished":"2018-03-24T05:59:20+00:00","dateModified":"2018-04-26T17:26:39+00:00","breadcrumb":{"@id":"https:\/\/woo-themes-plugins.com\/de\/produkt\/facebook-fur-woocommerce-plugin-fur-soziale-netzwerke-woocommerce-plugin\/#breadcrumb"},"inLanguage":"de","potentialAction":[{"@type":"ReadAction","target":["https:\/\/woo-themes-plugins.com\/de\/produkt\/facebook-fur-woocommerce-plugin-fur-soziale-netzwerke-woocommerce-plugin\/"]}]},{"@type":"ImageObject","inLanguage":"de","@id":"https:\/\/woo-themes-plugins.com\/de\/produkt\/facebook-fur-woocommerce-plugin-fur-soziale-netzwerke-woocommerce-plugin\/#primaryimage","url":"https:\/\/woo-themes-plugins.com\/wp-content\/uploads\/sites\/7\/2018\/03\/Hacking-facebook-login.jpg","contentUrl":"https:\/\/woo-themes-plugins.com\/wp-content\/uploads\/sites\/7\/2018\/03\/Hacking-facebook-login.jpg","width":728,"height":450},{"@type":"BreadcrumbList","@id":"https:\/\/woo-themes-plugins.com\/de\/produkt\/facebook-fur-woocommerce-plugin-fur-soziale-netzwerke-woocommerce-plugin\/#breadcrumb","itemListElement":[{"@type":"ListItem","position":1,"name":"Accueil","item":"https:\/\/woo-themes-plugins.com\/fr\/"},{"@type":"ListItem","position":2,"name":"Shop","item":"https:\/\/woo-themes-plugins.com\/shop\/"},{"@type":"ListItem","position":3,"name":"Facebook f\u00fcr WooCommerce &#8211; Plugin f\u00fcr soziale Netzwerke &#8211; WooCommerce Plugin"}]},{"@type":"WebSite","@id":"https:\/\/woo-themes-plugins.com\/it\/#website","url":"https:\/\/woo-themes-plugins.com\/it\/","name":"Woo-themes-plugins.com","description":"Tous les th\u00e8mes et plugins WooCommerce Premium","potentialAction":[{"@type":"SearchAction","target":{"@type":"EntryPoint","urlTemplate":"https:\/\/woo-themes-plugins.com\/it\/?s={search_term_string}"},"query-input":"required name=search_term_string"}],"inLanguage":"de"}]}},"_links":{"self":[{"href":"https:\/\/woo-themes-plugins.com\/de\/wp-json\/wp\/v2\/product\/2926","targetHints":{"allow":["GET"]}}],"collection":[{"href":"https:\/\/woo-themes-plugins.com\/de\/wp-json\/wp\/v2\/product"}],"about":[{"href":"https:\/\/woo-themes-plugins.com\/de\/wp-json\/wp\/v2\/types\/product"}],"wp:featuredmedia":[{"embeddable":true,"href":"https:\/\/woo-themes-plugins.com\/de\/wp-json\/wp\/v2\/media\/232"}],"wp:attachment":[{"href":"https:\/\/woo-themes-plugins.com\/de\/wp-json\/wp\/v2\/media?parent=2926"}],"wp:term":[{"taxonomy":"product_cat","embeddable":true,"href":"https:\/\/woo-themes-plugins.com\/de\/wp-json\/wp\/v2\/product_cat?post=2926"},{"taxonomy":"product_tag","embeddable":true,"href":"https:\/\/woo-themes-plugins.com\/de\/wp-json\/wp\/v2\/product_tag?post=2926"}],"curies":[{"name":"wp","href":"https:\/\/api.w.org\/{rel}","templated":true}]}}