{"id":4608,"date":"2018-04-19T10:13:00","date_gmt":"2018-04-19T09:13:00","guid":{"rendered":"https:\/\/woo-themes-plugins.com\/product\/divi-das-woocommerce-thema-absolut-zu-wissen\/"},"modified":"2018-04-26T17:47:09","modified_gmt":"2018-04-26T16:47:09","slug":"divi-das-woocommerce-thema-absolut-zu-wissen","status":"publish","type":"product","link":"https:\/\/woo-themes-plugins.com\/de\/product\/divi-das-woocommerce-thema-absolut-zu-wissen\/","title":{"rendered":"DIVI &#8211; DAS WOOCommerce-THEMA, ABSOLUT ZU WISSEN"},"content":{"rendered":"<p><span id=\"result_box\" class=\"\" lang=\"de\"><span title=\"Pourquoi ce th\u00e8me plut\u00f4t qu'un autre ?\">Warum dieses Thema und nicht ein anderes? <\/span><span title=\"Apr\u00e8s tout, il suffit de regarder la s\u00e9lection de th\u00e8mes WooCommerce que nous faisons sur woo-themes-plugins.com pour se convaincre du fait que moult autres th\u00e8mes WooCommerce existent.\">Schauen Sie sich doch einmal die Auswahl der WooCommerce-Themen an, die wir auf woo-themes-plugins.com machen, um uns davon zu \u00fcberzeugen, dass es viele andere WooCommerce-Themen gibt. <\/span><span title=\"Alors, pourquoi ? \">Also, warum?<\/span><\/span><\/p>\n<p><span title=\"Avant de parler du th\u00e8me en lui-m\u00eame, une des raisons qui en font une s\u00e9lection de choix tient dans sa long\u00e9vit\u00e9.\">Bevor man \u00fcber das Thema selbst spricht, liegt einer der Gr\u00fcnde, die es zu einer Auswahl machen, in seiner Langlebigkeit. <\/span><span title=\"Ce th\u00e8me existe depuis... En fait, je sais m\u00eame plus tellement j'ai l'impression de l'avoir toujours connu.\">Dieses Thema gibt es seit &#8230; In der Tat, ich wei\u00df sogar mehr, ich f\u00fchle, dass ich es immer gewusst habe. <\/span><span title=\"Divi est un th\u00e8me qui a vu le jour chez Elegant Themes.\">Divi ist ein Thema, das bei Elegant Themes aufgetaucht ist. <\/span><span title=\"Ce n'est pas leur premier th\u00e8me, loin de l\u00e0, mais c'est le tout premier et seul th\u00e8me permettant autant de souplesse parmi la s\u00e9lection de chez Elegant Themes.\">Dies ist nicht ihr erstes Thema, weit entfernt davon, aber es ist das erste und einzige Thema, das so viel Flexibilit\u00e4t bei der Auswahl von Elegant Themes zul\u00e4sst. <\/span><span title=\"Plut\u00f4t que de se disperser, Divi est devenu LE th\u00e8me de chez Elegant Themes;\">Statt zu zerstreuen, wurde Divi DAS Thema der eleganten Themen; <\/span><span title=\"il permet v\u00e9ritablement de tout faire avec WordPress et bien entendu WooCommerce.\">Es macht wirklich alles mit WordPress und nat\u00fcrlich WooCommerce. <\/span><span title=\"Il faut bien le dire, Divi existait avant WooCommerce.\">Es muss gesagt werden, Divi existierte vor WooCommerce. <\/span><span title=\"Divi n'est pas un th\u00e8me fait juste pour WooCommerce;\">Divi ist kein Thema nur f\u00fcr WooCommerce; <\/span><span title=\"c'est un th\u00e8me qui supporte \u00e9norm\u00e9ment de souplesse dont l'int\u00e9gration d'une vraie boutique de eCommerce au travers de WooCommerce. \">Es ist ein Thema, das viel Flexibilit\u00e4t bietet, einschlie\u00dflich der Integration eines echten E-Commerce-Shops \u00fcber WooCommerce.<\/span><\/p>\n<p><span title=\"Difficile de d\u00e9crire dans le d\u00e9tail un th\u00e8me WooCommerce qui permet litt\u00e9ralement de tout faire.\">Schwierig, ein WooCommerce-Thema im Detail zu beschreiben, mit dem man buchst\u00e4blich alles machen kann. <\/span><span title=\"Concentrons-nous sur des \u00e9l\u00e9ments bien pr\u00e9cis.\">Konzentrieren wir uns auf bestimmte Dinge. <\/span><span title=\"Une des immenses forces de Divi est son constructeur de page juste hallucinant de r\u00e9activit\u00e9 et de souplesse.\">Eine der immensen St\u00e4rken von Divi ist der Aufbau einer &#8222;Just-Mind-Blowing&#8220; -Seite mit Reaktionsf\u00e4higkeit und Flexibilit\u00e4t. <\/span><span title=\"Gr\u00e2ce \u00e0 ce constructeur, tu pourras r\u00e9aliser 100% de tes pages sans jamais voir l'ombre d'un shortcode et encore moins de code PHP ou JavaScript.\">Dank diesem Hersteller k\u00f6nnen Sie 100% Ihrer Seiten realisieren, ohne jemals den Schatten eines Shortcodes und noch weniger Code von PHP oder JavaScript zu sehen. <\/span><span title=\"Ce th\u00e8me c'est tr\u00e8s largement impos\u00e9 dans le monde de la fabrication \u00e0 la cha\u00eene de sites WooCommerce ne se ressemblant pas, mais reposant sur une base commune. \">Dieses Thema ist in der Welt der Herstellung der Kette von Websites WooCommerce nicht sehr \u00e4hnlich, sondern basiert auf einer gemeinsamen Basis.<\/span><\/p>\n<p><span title=\"Bien entendu ce th\u00e8me WooCommerce est responsible, nous permet d'acc\u00e9der \u00e0 des tonnes de shortcodes, autorise le drag and drop, permet de personnaliser 100% de son interface au clic et tellement plus.\">Nat\u00fcrlich ist dieses Thema WooCommerce verantwortlich, erm\u00f6glicht uns den Zugriff auf Tonnen von Shortcodes, erm\u00f6glicht das Drag and Drop, erlaubt es, 100% seiner Oberfl\u00e4che an den Klick anzupassen und so viel mehr. <\/span><span title=\"All\u00e9, lances-toi et d\u00e9couvres sans plus tarder Divi.\">Komm schon, finde heraus und entdecke Divi ohne Verz\u00f6gerung.<\/span><\/p>\n","protected":false},"excerpt":{"rendered":"<p><span id=\"result_box\" class=\"\" lang=\"de\">Keine Sorgen mit meiner Tastatur; fast mit dem Titel eines WooCommerce-Themas geschrieen zu haben, es ist nicht cool, sorry. Aber hier ist Divi ein WooCommerce-Thema, so unausweichlich, dass ich einen Weg brauchte, um deine Aufmerksamkeit zu erregen, um es dir zu sagen;)<\/span><\/p>\n<p>Zwei M\u00f6glichkeiten f\u00fcr Sie, sich zu \u00fcberzeugen, lesen Sie die lange Beschreibung, oder entdecken Sie sofort eine Demonstration dieses Themas, indem Sie auf den Download-Button klicken. Ich bin sicher, dass Sie in 30 Sekunden von der Kraft dieses Themas WooCommerce wie kein anderer \u00fcberzeugt sein werden.<\/p>\n","protected":false},"featured_media":3074,"template":"","meta":{"_monsterinsights_skip_tracking":false,"_monsterinsights_sitenote_active":false,"_monsterinsights_sitenote_note":"","_monsterinsights_sitenote_category":0},"product_cat":[209],"product_tag":[1043,1073,1053,1056,1057,1071,1072,1114,1062,1116,1086,1065,1067,1119,1110],"class_list":["post-4608","product","type-product","status-publish","has-post-thumbnail","hentry","product_cat-woocommerce-thema-de","product_tag-anfanger-woocommerce","product_tag-minimalistisches-thema-woocommerce","product_tag-moderne-woocommerce-thema","product_tag-optimierter-woocommerce","product_tag-personalisierbare-woocommerce-themen","product_tag-thema-woocommerce-flat-design","product_tag-thema-woocommerce-hi-tech-de","product_tag-unverzichtbare-woocommerce","product_tag-vielseitiges-thema-woocommerce","product_tag-willkommener-installation-ein-klick","product_tag-woocommerce-bekleidungsgeschaft","product_tag-woocommerce-responsive-de","product_tag-woocommerce-seo-de","product_tag-woocommerce-thema-mit-blog","product_tag-woocommerce-thema-mit-builder-de","pa_dev-woo-plugin-theme-sara_p-de","pa_marketplace-woocommerce-themeforest-net-de"],"yoast_head":"<!-- This site is optimized with the Yoast SEO plugin v23.1 - https:\/\/yoast.com\/wordpress\/plugins\/seo\/ -->\n<title>DIVI - DAS WOOCommerce-THEMA, ABSOLUT ZU WISSEN - Woo-themes-plugins.com<\/title>\n<meta name=\"robots\" content=\"index, follow, max-snippet:-1, max-image-preview:large, max-video-preview:-1\" \/>\n<link rel=\"canonical\" href=\"https:\/\/woo-themes-plugins.com\/de\/produkt\/divi-das-woocommerce-thema-absolut-zu-wissen\/\" \/>\n<meta property=\"og:locale\" content=\"de_DE\" \/>\n<meta property=\"og:type\" content=\"article\" \/>\n<meta property=\"og:title\" content=\"DIVI - DAS WOOCommerce-THEMA, ABSOLUT ZU WISSEN - Woo-themes-plugins.com\" \/>\n<meta property=\"og:description\" content=\"Keine Sorgen mit meiner Tastatur; fast mit dem Titel eines WooCommerce-Themas geschrieen zu haben, es ist nicht cool, sorry. Aber hier ist Divi ein WooCommerce-Thema, so unausweichlich, dass ich einen Weg brauchte, um deine Aufmerksamkeit zu erregen, um es dir zu sagen;)  Zwei M\u00f6glichkeiten f\u00fcr Sie, sich zu \u00fcberzeugen, lesen Sie die lange Beschreibung, oder entdecken Sie sofort eine Demonstration dieses Themas, indem Sie auf den Download-Button klicken. Ich bin sicher, dass Sie in 30 Sekunden von der Kraft dieses Themas WooCommerce wie kein anderer \u00fcberzeugt sein werden.\" \/>\n<meta property=\"og:url\" content=\"https:\/\/woo-themes-plugins.com\/de\/produkt\/divi-das-woocommerce-thema-absolut-zu-wissen\/\" \/>\n<meta property=\"og:site_name\" content=\"Woo-themes-plugins.com\" \/>\n<meta property=\"article:modified_time\" content=\"2018-04-26T16:47:09+00:00\" \/>\n<meta property=\"og:image\" content=\"https:\/\/woo-themes-plugins.com\/wp-content\/uploads\/sites\/7\/2018\/04\/woo-themes-plugins_divi-theme-woocommerce-incontournable-4.jpg\" \/>\n\t<meta property=\"og:image:width\" content=\"644\" \/>\n\t<meta property=\"og:image:height\" content=\"900\" \/>\n\t<meta property=\"og:image:type\" content=\"image\/jpeg\" \/>\n<meta name=\"twitter:label1\" content=\"Gesch\u00e4tzte Lesezeit\" \/>\n\t<meta name=\"twitter:data1\" content=\"2\u00a0Minuten\" \/>\n<script type=\"application\/ld+json\" class=\"yoast-schema-graph\">{\"@context\":\"https:\/\/schema.org\",\"@graph\":[{\"@type\":\"WebPage\",\"@id\":\"https:\/\/woo-themes-plugins.com\/de\/produkt\/divi-das-woocommerce-thema-absolut-zu-wissen\/\",\"url\":\"https:\/\/woo-themes-plugins.com\/de\/produkt\/divi-das-woocommerce-thema-absolut-zu-wissen\/\",\"name\":\"DIVI - DAS WOOCommerce-THEMA, ABSOLUT ZU WISSEN - Woo-themes-plugins.com\",\"isPartOf\":{\"@id\":\"https:\/\/woo-themes-plugins.com\/it\/#website\"},\"primaryImageOfPage\":{\"@id\":\"https:\/\/woo-themes-plugins.com\/de\/produkt\/divi-das-woocommerce-thema-absolut-zu-wissen\/#primaryimage\"},\"image\":{\"@id\":\"https:\/\/woo-themes-plugins.com\/de\/produkt\/divi-das-woocommerce-thema-absolut-zu-wissen\/#primaryimage\"},\"thumbnailUrl\":\"https:\/\/woo-themes-plugins.com\/wp-content\/uploads\/sites\/7\/2018\/04\/woo-themes-plugins_divi-theme-woocommerce-incontournable-4.jpg\",\"datePublished\":\"2018-04-19T09:13:00+00:00\",\"dateModified\":\"2018-04-26T16:47:09+00:00\",\"breadcrumb\":{\"@id\":\"https:\/\/woo-themes-plugins.com\/de\/produkt\/divi-das-woocommerce-thema-absolut-zu-wissen\/#breadcrumb\"},\"inLanguage\":\"de\",\"potentialAction\":[{\"@type\":\"ReadAction\",\"target\":[\"https:\/\/woo-themes-plugins.com\/de\/produkt\/divi-das-woocommerce-thema-absolut-zu-wissen\/\"]}]},{\"@type\":\"ImageObject\",\"inLanguage\":\"de\",\"@id\":\"https:\/\/woo-themes-plugins.com\/de\/produkt\/divi-das-woocommerce-thema-absolut-zu-wissen\/#primaryimage\",\"url\":\"https:\/\/woo-themes-plugins.com\/wp-content\/uploads\/sites\/7\/2018\/04\/woo-themes-plugins_divi-theme-woocommerce-incontournable-4.jpg\",\"contentUrl\":\"https:\/\/woo-themes-plugins.com\/wp-content\/uploads\/sites\/7\/2018\/04\/woo-themes-plugins_divi-theme-woocommerce-incontournable-4.jpg\",\"width\":644,\"height\":900},{\"@type\":\"BreadcrumbList\",\"@id\":\"https:\/\/woo-themes-plugins.com\/de\/produkt\/divi-das-woocommerce-thema-absolut-zu-wissen\/#breadcrumb\",\"itemListElement\":[{\"@type\":\"ListItem\",\"position\":1,\"name\":\"Accueil\",\"item\":\"https:\/\/woo-themes-plugins.com\/fr\/\"},{\"@type\":\"ListItem\",\"position\":2,\"name\":\"Shop\",\"item\":\"https:\/\/woo-themes-plugins.com\/shop\/\"},{\"@type\":\"ListItem\",\"position\":3,\"name\":\"DIVI &#8211; DAS WOOCommerce-THEMA, ABSOLUT ZU WISSEN\"}]},{\"@type\":\"WebSite\",\"@id\":\"https:\/\/woo-themes-plugins.com\/it\/#website\",\"url\":\"https:\/\/woo-themes-plugins.com\/it\/\",\"name\":\"Woo-themes-plugins.com\",\"description\":\"Tous les th\u00e8mes et plugins WooCommerce Premium\",\"potentialAction\":[{\"@type\":\"SearchAction\",\"target\":{\"@type\":\"EntryPoint\",\"urlTemplate\":\"https:\/\/woo-themes-plugins.com\/it\/?s={search_term_string}\"},\"query-input\":\"required name=search_term_string\"}],\"inLanguage\":\"de\"}]}<\/script>\n<!-- \/ Yoast SEO plugin. -->","yoast_head_json":{"title":"DIVI - DAS WOOCommerce-THEMA, ABSOLUT ZU WISSEN - Woo-themes-plugins.com","robots":{"index":"index","follow":"follow","max-snippet":"max-snippet:-1","max-image-preview":"max-image-preview:large","max-video-preview":"max-video-preview:-1"},"canonical":"https:\/\/woo-themes-plugins.com\/de\/produkt\/divi-das-woocommerce-thema-absolut-zu-wissen\/","og_locale":"de_DE","og_type":"article","og_title":"DIVI - DAS WOOCommerce-THEMA, ABSOLUT ZU WISSEN - Woo-themes-plugins.com","og_description":"Keine Sorgen mit meiner Tastatur; fast mit dem Titel eines WooCommerce-Themas geschrieen zu haben, es ist nicht cool, sorry. Aber hier ist Divi ein WooCommerce-Thema, so unausweichlich, dass ich einen Weg brauchte, um deine Aufmerksamkeit zu erregen, um es dir zu sagen;)  Zwei M\u00f6glichkeiten f\u00fcr Sie, sich zu \u00fcberzeugen, lesen Sie die lange Beschreibung, oder entdecken Sie sofort eine Demonstration dieses Themas, indem Sie auf den Download-Button klicken. Ich bin sicher, dass Sie in 30 Sekunden von der Kraft dieses Themas WooCommerce wie kein anderer \u00fcberzeugt sein werden.","og_url":"https:\/\/woo-themes-plugins.com\/de\/produkt\/divi-das-woocommerce-thema-absolut-zu-wissen\/","og_site_name":"Woo-themes-plugins.com","article_modified_time":"2018-04-26T16:47:09+00:00","og_image":[{"width":644,"height":900,"url":"https:\/\/woo-themes-plugins.com\/wp-content\/uploads\/sites\/7\/2018\/04\/woo-themes-plugins_divi-theme-woocommerce-incontournable-4.jpg","type":"image\/jpeg"}],"twitter_misc":{"Gesch\u00e4tzte Lesezeit":"2\u00a0Minuten"},"schema":{"@context":"https:\/\/schema.org","@graph":[{"@type":"WebPage","@id":"https:\/\/woo-themes-plugins.com\/de\/produkt\/divi-das-woocommerce-thema-absolut-zu-wissen\/","url":"https:\/\/woo-themes-plugins.com\/de\/produkt\/divi-das-woocommerce-thema-absolut-zu-wissen\/","name":"DIVI - DAS WOOCommerce-THEMA, ABSOLUT ZU WISSEN - Woo-themes-plugins.com","isPartOf":{"@id":"https:\/\/woo-themes-plugins.com\/it\/#website"},"primaryImageOfPage":{"@id":"https:\/\/woo-themes-plugins.com\/de\/produkt\/divi-das-woocommerce-thema-absolut-zu-wissen\/#primaryimage"},"image":{"@id":"https:\/\/woo-themes-plugins.com\/de\/produkt\/divi-das-woocommerce-thema-absolut-zu-wissen\/#primaryimage"},"thumbnailUrl":"https:\/\/woo-themes-plugins.com\/wp-content\/uploads\/sites\/7\/2018\/04\/woo-themes-plugins_divi-theme-woocommerce-incontournable-4.jpg","datePublished":"2018-04-19T09:13:00+00:00","dateModified":"2018-04-26T16:47:09+00:00","breadcrumb":{"@id":"https:\/\/woo-themes-plugins.com\/de\/produkt\/divi-das-woocommerce-thema-absolut-zu-wissen\/#breadcrumb"},"inLanguage":"de","potentialAction":[{"@type":"ReadAction","target":["https:\/\/woo-themes-plugins.com\/de\/produkt\/divi-das-woocommerce-thema-absolut-zu-wissen\/"]}]},{"@type":"ImageObject","inLanguage":"de","@id":"https:\/\/woo-themes-plugins.com\/de\/produkt\/divi-das-woocommerce-thema-absolut-zu-wissen\/#primaryimage","url":"https:\/\/woo-themes-plugins.com\/wp-content\/uploads\/sites\/7\/2018\/04\/woo-themes-plugins_divi-theme-woocommerce-incontournable-4.jpg","contentUrl":"https:\/\/woo-themes-plugins.com\/wp-content\/uploads\/sites\/7\/2018\/04\/woo-themes-plugins_divi-theme-woocommerce-incontournable-4.jpg","width":644,"height":900},{"@type":"BreadcrumbList","@id":"https:\/\/woo-themes-plugins.com\/de\/produkt\/divi-das-woocommerce-thema-absolut-zu-wissen\/#breadcrumb","itemListElement":[{"@type":"ListItem","position":1,"name":"Accueil","item":"https:\/\/woo-themes-plugins.com\/fr\/"},{"@type":"ListItem","position":2,"name":"Shop","item":"https:\/\/woo-themes-plugins.com\/shop\/"},{"@type":"ListItem","position":3,"name":"DIVI &#8211; DAS WOOCommerce-THEMA, ABSOLUT ZU WISSEN"}]},{"@type":"WebSite","@id":"https:\/\/woo-themes-plugins.com\/it\/#website","url":"https:\/\/woo-themes-plugins.com\/it\/","name":"Woo-themes-plugins.com","description":"Tous les th\u00e8mes et plugins WooCommerce Premium","potentialAction":[{"@type":"SearchAction","target":{"@type":"EntryPoint","urlTemplate":"https:\/\/woo-themes-plugins.com\/it\/?s={search_term_string}"},"query-input":"required name=search_term_string"}],"inLanguage":"de"}]}},"_links":{"self":[{"href":"https:\/\/woo-themes-plugins.com\/de\/wp-json\/wp\/v2\/product\/4608","targetHints":{"allow":["GET"]}}],"collection":[{"href":"https:\/\/woo-themes-plugins.com\/de\/wp-json\/wp\/v2\/product"}],"about":[{"href":"https:\/\/woo-themes-plugins.com\/de\/wp-json\/wp\/v2\/types\/product"}],"wp:featuredmedia":[{"embeddable":true,"href":"https:\/\/woo-themes-plugins.com\/de\/wp-json\/wp\/v2\/media\/3074"}],"wp:attachment":[{"href":"https:\/\/woo-themes-plugins.com\/de\/wp-json\/wp\/v2\/media?parent=4608"}],"wp:term":[{"taxonomy":"product_cat","embeddable":true,"href":"https:\/\/woo-themes-plugins.com\/de\/wp-json\/wp\/v2\/product_cat?post=4608"},{"taxonomy":"product_tag","embeddable":true,"href":"https:\/\/woo-themes-plugins.com\/de\/wp-json\/wp\/v2\/product_tag?post=4608"}],"curies":[{"name":"wp","href":"https:\/\/api.w.org\/{rel}","templated":true}]}}