{"id":4609,"date":"2018-04-26T17:47:18","date_gmt":"2018-04-26T16:47:18","guid":{"rendered":"https:\/\/woo-themes-plugins.com\/?post_type=product&#038;p=4609"},"modified":"2018-04-26T17:47:18","modified_gmt":"2018-04-26T16:47:18","slug":"woocommerce-punkte-und-belohnungen-woocommerce-kundenloyalitat-plugin","status":"publish","type":"product","link":"https:\/\/woo-themes-plugins.com\/de\/product\/woocommerce-punkte-und-belohnungen-woocommerce-kundenloyalitat-plugin\/","title":{"rendered":"WooCommerce Punkte und Belohnungen &#8211; WooCommerce Kundenloyalit\u00e4t Plugin"},"content":{"rendered":"<p><span id=\"result_box\" class=\"\" lang=\"de\"><span title=\"Si les wishlists manquent tant par d\u00e9faut \u00e0 WooCommerce, c'est que tous types de sites d\u00e9velopp\u00e9s avec WooCommerce peut tirer partie et b\u00e9n\u00e9fice de l'ajout de ce type de fonctionnalit\u00e9. \">Wenn bei WooCommerce standardm\u00e4\u00dfig keine Wunschlisten fehlen, k\u00f6nnen alle Arten von Websites, die mit WooCommerce entwickelt wurden, vom Hinzuf\u00fcgen dieser Funktionalit\u00e4t profitieren.<\/span><\/span><\/p>\n<p><span title=\"WooCommerce Wishlists s'engouffre dans ce vide pour nous offrir un plugin tr\u00e8s performant, nous permettant de g\u00e9rer les wishlists sur notre site WooCommerce.\">WooCommerce Wishlists st\u00fcrzen sich in diese L\u00fccke, um uns ein m\u00e4chtiges Plugin anzubieten, mit dem wir Wunschlisten auf unserer WooCommerce-Seite verwalten k\u00f6nnen. <\/span><span title=\"Gr\u00e2ce \u00e0 l'ajout des fonctionnalit\u00e9s propos\u00e9es par ce plugin, tu vas \u00eatre en mesure de proposer \u00e0 l'ensemble de tes visiteurs, un v\u00e9ritable syst\u00e8me de gestion des listes d'envies.\">Dank der zus\u00e4tzlichen Funktionen, die dieses Plugin bietet, k\u00f6nnen Sie allen Ihren Besuchern ein echtes System zur Verwaltung von Wunschlisten anbieten. <\/span><span title=\"Diff\u00e9rentes \u00e9tudes tendent \u00e0 d\u00e9montrer que permettre \u00e0 vos visiteurs de sauvegarder et g\u00e9rer leurs propres listes d'envies am\u00e9liore les taux de transformations sur les sites eCommerce.\">Verschiedene Studien zeigen, dass die Conversion-Rate auf eCommerce-Websites durch das Speichern und Verwalten eigener Wunschlisten verbessert wird. <\/span><span title=\"En effet, nous faisons face \u00e0 l'une des fonctionnalit\u00e9s qui va faire revenir votre internaute le plus facilement.\">In der Tat, wir stehen vor einer der Funktionen, die Ihren Benutzer leichter zur\u00fcckkommen lassen. <\/span><span title=\"S'il cr\u00e9e une liste d'envie, c'est bien pour la retrouver apr\u00e8s tout. \">Wenn er eine Liste von Neid erstellt, ist es gut, sie schlie\u00dflich zu finden.<\/span><\/p>\n<p><span title=\"En quelques mots, voici ce que nous permet de faire WooCommerce Wishlists : \u00a0\u00a0\u00a0\u00a0\">In ein paar Worten, hier ist, was es uns erlaubt, WooCommerce Wunschlisten zu machen:<\/span><\/p>\n<p><span title=\"Permettre aux invit\u00e9s de cr\u00e9er une liste d'envie valable 30 jours sur ton site. \u00a0\u00a0\u00a0\u00a0\">Erlauben Sie G\u00e4sten, auf Ihrer Website eine 30 Tage g\u00fcltige Wunschliste zu erstellen.<br \/>\n<\/span><span title=\"Permettre aux clients connect\u00e9s de cr\u00e9er des listes d'envies sans limite de temps pour la conservation. \u00a0\u00a0\u00a0\u00a0\">Erlauben Sie angeschlossenen Kunden, Wunschlisten ohne Zeitlimit f\u00fcr die Speicherung zu erstellen.<br \/>\n<\/span><span title=\"Nombre de wishlists sans limite. \u00a0\u00a0\u00a0\u00a0\">Anzahl unbegrenzter Wunschlisten<br \/>\n<\/span><span title=\"Contr\u00f4le de la vie priv\u00e9e sur les listes d'envies cr\u00e9\u00e9es par les clients.\">Kontrolle der Privatsph\u00e4re auf Wunschlisten, die von Kunden erstellt wurden. <\/span><span title=\"S'ils le souhaitent, la liste d'envies peut \u00eatre public ou non. \u00a0\u00a0\u00a0\u00a0\">Wenn sie es w\u00fcnschen, kann die Wunschliste \u00f6ffentlich sein oder nicht.<br \/>\n<\/span><span title=\"Possibilit\u00e9 de partage de la liste d'envies sur les r\u00e9seaux sociaux. \u00a0\u00a0\u00a0\u00a0\">M\u00f6glichkeit, die Liste der W\u00fcnsche in sozialen Netzwerken zu teilen.<br \/>\n<\/span><span title=\"Support de tous types de produit (group\u00e9, variation, simple...) \u00a0\u00a0\u00a0\u00a0\">Unterst\u00fctzung aller Arten von Produkten (gruppiert, Variation, einfach &#8230;)<br \/>\n<\/span><span title=\"Personnalisation du message d'ajout dans la liste d'envies. \u00a0\u00a0\u00a0\u00a0\">Anpassung der Nachricht hinzuf\u00fcgen in der Wunschliste.<br \/>\n<\/span><span title=\"Int\u00e9gration simple dans WordPress gr\u00e2ce \u00e0 l'utilisation de page. \">Einfache Integration in WordPress dank der Verwendung von Page.<\/span><\/p>\n<p><span title=\"D'un point de vue administrateur du site WooCommerce sur lequel ce plugin WooCommerce de listes d'envies, il te sera possible de venir regarder ce que chacune d'entre elle contient.\">Aus der Sicht eines Administrators der WooCommerce-Website, auf der dieses WooCommerce-Wunschlisten-Plug-in installiert ist, k\u00f6nnen Sie sehen, was jeder von ihnen enth\u00e4lt. <\/span><span title=\"Mieux, il te sera m\u00eame possible de faire du traitement par lot.\">Besser, Sie k\u00f6nnen sogar Stapelverarbeitung durchf\u00fchren.<\/span><\/p>\n","protected":false},"excerpt":{"rendered":"<p><span id=\"result_box\" class=\"\" lang=\"de\">Ich neige dazu zu sagen, dass Wunschlisten eine der gr\u00f6\u00dften L\u00fccken in WooCommerce sind, wenn Sie sie ohne zus\u00e4tzliches Plugin verwenden. Keine Wahl also, wenn Sie ein Wishlist-System auf seiner WooCommerce-Website haben wollen, m\u00fcssen Sie ein WooCommerce-Plugin durchlaufen. Das ist der Zweck dieses offiziellen WooCommerce-Management-Plugins! Dieses Wunschlisten-Plugin f\u00fcr WooCommerce erm\u00f6glicht Ihren Besuchern und Kunden, eine nahezu unbegrenzte Anzahl von Wunschlisten zu erstellen.<\/span><\/p>\n","protected":false},"featured_media":3044,"template":"","meta":{"_monsterinsights_skip_tracking":false,"_monsterinsights_sitenote_active":false,"_monsterinsights_sitenote_note":"","_monsterinsights_sitenote_category":0},"product_cat":[208],"product_tag":[1114,1080],"class_list":["post-4609","product","type-product","status-publish","has-post-thumbnail","hentry","product_cat-plugin-woocommerce-de","product_tag-unverzichtbare-woocommerce","product_tag-wunschliste-woocommerce","pa_dev-woo-plugin-theme-lucas-stark-de","pa_marketplace-woocommerce-woocommerce-com-de"],"yoast_head":"<!-- This site is optimized with the Yoast SEO plugin v23.1 - https:\/\/yoast.com\/wordpress\/plugins\/seo\/ -->\n<title>WooCommerce Wunschlisten - WooCommerce Plugin Wunschliste<\/title>\n<meta name=\"description\" content=\"M\u00fcssen Sie Wunschlisten auf Ihrer WooCommerce-Seite verwalten? Schau dir das offizielle WooCommerce Plugin an, um Wunschlisten zu verwalten, die ich nat\u00fcrlich WhoCommerce Wunschlisten genannt habe. Mit diesem Plugin k\u00f6nnen Ihre Kunden und Besucher beliebig viele Wunschlisten erstellen!\" \/>\n<meta name=\"robots\" content=\"index, follow, max-snippet:-1, max-image-preview:large, max-video-preview:-1\" \/>\n<link rel=\"canonical\" href=\"https:\/\/woo-themes-plugins.com\/de\/produkt\/woocommerce-punkte-und-belohnungen-woocommerce-kundenloyalitat-plugin\/\" \/>\n<meta property=\"og:locale\" content=\"de_DE\" \/>\n<meta property=\"og:type\" content=\"article\" \/>\n<meta property=\"og:title\" content=\"WooCommerce Wunschlisten - WooCommerce Plugin Wunschliste\" \/>\n<meta property=\"og:description\" content=\"M\u00fcssen Sie Wunschlisten auf Ihrer WooCommerce-Seite verwalten? Schau dir das offizielle WooCommerce Plugin an, um Wunschlisten zu verwalten, die ich nat\u00fcrlich WhoCommerce Wunschlisten genannt habe. Mit diesem Plugin k\u00f6nnen Ihre Kunden und Besucher beliebig viele Wunschlisten erstellen!\" \/>\n<meta property=\"og:url\" content=\"https:\/\/woo-themes-plugins.com\/de\/produkt\/woocommerce-punkte-und-belohnungen-woocommerce-kundenloyalitat-plugin\/\" \/>\n<meta property=\"og:site_name\" content=\"Woo-themes-plugins.com\" \/>\n<meta property=\"og:image\" content=\"https:\/\/woo-themes-plugins.com\/wp-content\/uploads\/sites\/7\/2018\/04\/woo-themes-plugins_woocommerce-woocommerce-wishlists-listes-envies-client-invite-plugin-woocommerce.jpg\" \/>\n\t<meta property=\"og:image:width\" content=\"900\" \/>\n\t<meta property=\"og:image:height\" content=\"900\" \/>\n\t<meta property=\"og:image:type\" content=\"image\/jpeg\" \/>\n<meta name=\"twitter:label1\" content=\"Gesch\u00e4tzte Lesezeit\" \/>\n\t<meta name=\"twitter:data1\" content=\"1\u00a0Minute\" \/>\n<script type=\"application\/ld+json\" class=\"yoast-schema-graph\">{\"@context\":\"https:\/\/schema.org\",\"@graph\":[{\"@type\":\"WebPage\",\"@id\":\"https:\/\/woo-themes-plugins.com\/de\/produkt\/woocommerce-punkte-und-belohnungen-woocommerce-kundenloyalitat-plugin\/\",\"url\":\"https:\/\/woo-themes-plugins.com\/de\/produkt\/woocommerce-punkte-und-belohnungen-woocommerce-kundenloyalitat-plugin\/\",\"name\":\"WooCommerce Wunschlisten - WooCommerce Plugin Wunschliste\",\"isPartOf\":{\"@id\":\"https:\/\/woo-themes-plugins.com\/it\/#website\"},\"primaryImageOfPage\":{\"@id\":\"https:\/\/woo-themes-plugins.com\/de\/produkt\/woocommerce-punkte-und-belohnungen-woocommerce-kundenloyalitat-plugin\/#primaryimage\"},\"image\":{\"@id\":\"https:\/\/woo-themes-plugins.com\/de\/produkt\/woocommerce-punkte-und-belohnungen-woocommerce-kundenloyalitat-plugin\/#primaryimage\"},\"thumbnailUrl\":\"https:\/\/woo-themes-plugins.com\/wp-content\/uploads\/sites\/7\/2018\/04\/woo-themes-plugins_woocommerce-woocommerce-wishlists-listes-envies-client-invite-plugin-woocommerce.jpg\",\"datePublished\":\"2018-04-26T16:47:18+00:00\",\"dateModified\":\"2018-04-26T16:47:18+00:00\",\"description\":\"M\u00fcssen Sie Wunschlisten auf Ihrer WooCommerce-Seite verwalten? Schau dir das offizielle WooCommerce Plugin an, um Wunschlisten zu verwalten, die ich nat\u00fcrlich WhoCommerce Wunschlisten genannt habe. Mit diesem Plugin k\u00f6nnen Ihre Kunden und Besucher beliebig viele Wunschlisten erstellen!\",\"breadcrumb\":{\"@id\":\"https:\/\/woo-themes-plugins.com\/de\/produkt\/woocommerce-punkte-und-belohnungen-woocommerce-kundenloyalitat-plugin\/#breadcrumb\"},\"inLanguage\":\"de\",\"potentialAction\":[{\"@type\":\"ReadAction\",\"target\":[\"https:\/\/woo-themes-plugins.com\/de\/produkt\/woocommerce-punkte-und-belohnungen-woocommerce-kundenloyalitat-plugin\/\"]}]},{\"@type\":\"ImageObject\",\"inLanguage\":\"de\",\"@id\":\"https:\/\/woo-themes-plugins.com\/de\/produkt\/woocommerce-punkte-und-belohnungen-woocommerce-kundenloyalitat-plugin\/#primaryimage\",\"url\":\"https:\/\/woo-themes-plugins.com\/wp-content\/uploads\/sites\/7\/2018\/04\/woo-themes-plugins_woocommerce-woocommerce-wishlists-listes-envies-client-invite-plugin-woocommerce.jpg\",\"contentUrl\":\"https:\/\/woo-themes-plugins.com\/wp-content\/uploads\/sites\/7\/2018\/04\/woo-themes-plugins_woocommerce-woocommerce-wishlists-listes-envies-client-invite-plugin-woocommerce.jpg\",\"width\":900,\"height\":900},{\"@type\":\"BreadcrumbList\",\"@id\":\"https:\/\/woo-themes-plugins.com\/de\/produkt\/woocommerce-punkte-und-belohnungen-woocommerce-kundenloyalitat-plugin\/#breadcrumb\",\"itemListElement\":[{\"@type\":\"ListItem\",\"position\":1,\"name\":\"Accueil\",\"item\":\"https:\/\/woo-themes-plugins.com\/fr\/\"},{\"@type\":\"ListItem\",\"position\":2,\"name\":\"Shop\",\"item\":\"https:\/\/woo-themes-plugins.com\/shop\/\"},{\"@type\":\"ListItem\",\"position\":3,\"name\":\"WooCommerce Punkte und Belohnungen &#8211; WooCommerce Kundenloyalit\u00e4t Plugin\"}]},{\"@type\":\"WebSite\",\"@id\":\"https:\/\/woo-themes-plugins.com\/it\/#website\",\"url\":\"https:\/\/woo-themes-plugins.com\/it\/\",\"name\":\"Woo-themes-plugins.com\",\"description\":\"Tous les th\u00e8mes et plugins WooCommerce Premium\",\"potentialAction\":[{\"@type\":\"SearchAction\",\"target\":{\"@type\":\"EntryPoint\",\"urlTemplate\":\"https:\/\/woo-themes-plugins.com\/it\/?s={search_term_string}\"},\"query-input\":\"required name=search_term_string\"}],\"inLanguage\":\"de\"}]}<\/script>\n<!-- \/ Yoast SEO plugin. -->","yoast_head_json":{"title":"WooCommerce Wunschlisten - WooCommerce Plugin Wunschliste","description":"M\u00fcssen Sie Wunschlisten auf Ihrer WooCommerce-Seite verwalten? Schau dir das offizielle WooCommerce Plugin an, um Wunschlisten zu verwalten, die ich nat\u00fcrlich WhoCommerce Wunschlisten genannt habe. Mit diesem Plugin k\u00f6nnen Ihre Kunden und Besucher beliebig viele Wunschlisten erstellen!","robots":{"index":"index","follow":"follow","max-snippet":"max-snippet:-1","max-image-preview":"max-image-preview:large","max-video-preview":"max-video-preview:-1"},"canonical":"https:\/\/woo-themes-plugins.com\/de\/produkt\/woocommerce-punkte-und-belohnungen-woocommerce-kundenloyalitat-plugin\/","og_locale":"de_DE","og_type":"article","og_title":"WooCommerce Wunschlisten - WooCommerce Plugin Wunschliste","og_description":"M\u00fcssen Sie Wunschlisten auf Ihrer WooCommerce-Seite verwalten? Schau dir das offizielle WooCommerce Plugin an, um Wunschlisten zu verwalten, die ich nat\u00fcrlich WhoCommerce Wunschlisten genannt habe. Mit diesem Plugin k\u00f6nnen Ihre Kunden und Besucher beliebig viele Wunschlisten erstellen!","og_url":"https:\/\/woo-themes-plugins.com\/de\/produkt\/woocommerce-punkte-und-belohnungen-woocommerce-kundenloyalitat-plugin\/","og_site_name":"Woo-themes-plugins.com","og_image":[{"width":900,"height":900,"url":"https:\/\/woo-themes-plugins.com\/wp-content\/uploads\/sites\/7\/2018\/04\/woo-themes-plugins_woocommerce-woocommerce-wishlists-listes-envies-client-invite-plugin-woocommerce.jpg","type":"image\/jpeg"}],"twitter_misc":{"Gesch\u00e4tzte Lesezeit":"1\u00a0Minute"},"schema":{"@context":"https:\/\/schema.org","@graph":[{"@type":"WebPage","@id":"https:\/\/woo-themes-plugins.com\/de\/produkt\/woocommerce-punkte-und-belohnungen-woocommerce-kundenloyalitat-plugin\/","url":"https:\/\/woo-themes-plugins.com\/de\/produkt\/woocommerce-punkte-und-belohnungen-woocommerce-kundenloyalitat-plugin\/","name":"WooCommerce Wunschlisten - WooCommerce Plugin Wunschliste","isPartOf":{"@id":"https:\/\/woo-themes-plugins.com\/it\/#website"},"primaryImageOfPage":{"@id":"https:\/\/woo-themes-plugins.com\/de\/produkt\/woocommerce-punkte-und-belohnungen-woocommerce-kundenloyalitat-plugin\/#primaryimage"},"image":{"@id":"https:\/\/woo-themes-plugins.com\/de\/produkt\/woocommerce-punkte-und-belohnungen-woocommerce-kundenloyalitat-plugin\/#primaryimage"},"thumbnailUrl":"https:\/\/woo-themes-plugins.com\/wp-content\/uploads\/sites\/7\/2018\/04\/woo-themes-plugins_woocommerce-woocommerce-wishlists-listes-envies-client-invite-plugin-woocommerce.jpg","datePublished":"2018-04-26T16:47:18+00:00","dateModified":"2018-04-26T16:47:18+00:00","description":"M\u00fcssen Sie Wunschlisten auf Ihrer WooCommerce-Seite verwalten? Schau dir das offizielle WooCommerce Plugin an, um Wunschlisten zu verwalten, die ich nat\u00fcrlich WhoCommerce Wunschlisten genannt habe. Mit diesem Plugin k\u00f6nnen Ihre Kunden und Besucher beliebig viele Wunschlisten erstellen!","breadcrumb":{"@id":"https:\/\/woo-themes-plugins.com\/de\/produkt\/woocommerce-punkte-und-belohnungen-woocommerce-kundenloyalitat-plugin\/#breadcrumb"},"inLanguage":"de","potentialAction":[{"@type":"ReadAction","target":["https:\/\/woo-themes-plugins.com\/de\/produkt\/woocommerce-punkte-und-belohnungen-woocommerce-kundenloyalitat-plugin\/"]}]},{"@type":"ImageObject","inLanguage":"de","@id":"https:\/\/woo-themes-plugins.com\/de\/produkt\/woocommerce-punkte-und-belohnungen-woocommerce-kundenloyalitat-plugin\/#primaryimage","url":"https:\/\/woo-themes-plugins.com\/wp-content\/uploads\/sites\/7\/2018\/04\/woo-themes-plugins_woocommerce-woocommerce-wishlists-listes-envies-client-invite-plugin-woocommerce.jpg","contentUrl":"https:\/\/woo-themes-plugins.com\/wp-content\/uploads\/sites\/7\/2018\/04\/woo-themes-plugins_woocommerce-woocommerce-wishlists-listes-envies-client-invite-plugin-woocommerce.jpg","width":900,"height":900},{"@type":"BreadcrumbList","@id":"https:\/\/woo-themes-plugins.com\/de\/produkt\/woocommerce-punkte-und-belohnungen-woocommerce-kundenloyalitat-plugin\/#breadcrumb","itemListElement":[{"@type":"ListItem","position":1,"name":"Accueil","item":"https:\/\/woo-themes-plugins.com\/fr\/"},{"@type":"ListItem","position":2,"name":"Shop","item":"https:\/\/woo-themes-plugins.com\/shop\/"},{"@type":"ListItem","position":3,"name":"WooCommerce Punkte und Belohnungen &#8211; WooCommerce Kundenloyalit\u00e4t Plugin"}]},{"@type":"WebSite","@id":"https:\/\/woo-themes-plugins.com\/it\/#website","url":"https:\/\/woo-themes-plugins.com\/it\/","name":"Woo-themes-plugins.com","description":"Tous les th\u00e8mes et plugins WooCommerce Premium","potentialAction":[{"@type":"SearchAction","target":{"@type":"EntryPoint","urlTemplate":"https:\/\/woo-themes-plugins.com\/it\/?s={search_term_string}"},"query-input":"required name=search_term_string"}],"inLanguage":"de"}]}},"_links":{"self":[{"href":"https:\/\/woo-themes-plugins.com\/de\/wp-json\/wp\/v2\/product\/4609","targetHints":{"allow":["GET"]}}],"collection":[{"href":"https:\/\/woo-themes-plugins.com\/de\/wp-json\/wp\/v2\/product"}],"about":[{"href":"https:\/\/woo-themes-plugins.com\/de\/wp-json\/wp\/v2\/types\/product"}],"wp:featuredmedia":[{"embeddable":true,"href":"https:\/\/woo-themes-plugins.com\/de\/wp-json\/wp\/v2\/media\/3044"}],"wp:attachment":[{"href":"https:\/\/woo-themes-plugins.com\/de\/wp-json\/wp\/v2\/media?parent=4609"}],"wp:term":[{"taxonomy":"product_cat","embeddable":true,"href":"https:\/\/woo-themes-plugins.com\/de\/wp-json\/wp\/v2\/product_cat?post=4609"},{"taxonomy":"product_tag","embeddable":true,"href":"https:\/\/woo-themes-plugins.com\/de\/wp-json\/wp\/v2\/product_tag?post=4609"}],"curies":[{"name":"wp","href":"https:\/\/api.w.org\/{rel}","templated":true}]}}