{"id":4611,"date":"2018-04-17T14:24:52","date_gmt":"2018-04-17T13:24:52","guid":{"rendered":"https:\/\/woo-themes-plugins.com\/product\/eu-umsatzsteuer-identifikationsnummer-professionelles-woocommerce-umsatzsteuer-plugin\/"},"modified":"2018-04-26T17:47:44","modified_gmt":"2018-04-26T16:47:44","slug":"eu-umsatzsteuer-identifikationsnummer-professionelles-woocommerce-umsatzsteuer-plugin","status":"publish","type":"product","link":"https:\/\/woo-themes-plugins.com\/de\/product\/eu-umsatzsteuer-identifikationsnummer-professionelles-woocommerce-umsatzsteuer-plugin\/","title":{"rendered":"EU Umsatzsteuer-Identifikationsnummer &#8211; Professionelles WooCommerce Umsatzsteuer-Plugin"},"content":{"rendered":"<p><span id=\"result_box\" class=\"\" lang=\"de\"><span title=\"EU VAT Number est un plugin WooCommerce d\u00e9velopp\u00e9 justement par l'\u00e9quipe derri\u00e8re WooCommerce.\">EU VAT Number ist ein WooCommerce-Plugin, das von dem Team hinter WooCommerce entwickelt wurde. <\/span><span title=\"Ce plugin nous permet de g\u00e9rer la TVA intracommunautaire de fa\u00e7on tr\u00e8s simple.\">Mit diesem Plugin k\u00f6nnen wir die innergemeinschaftliche Mehrwertsteuer sehr einfach verwalten. <\/span><span title=\"Il te suffit d'installer et d'activer ce plugin pour voir appara\u00eetre dans le tunnel de conversion, une case demandant son num\u00e9ro de TVA intracommunautaire \u00e0 votre client.\">Installieren und aktivieren Sie einfach dieses Plugin, um im Konvertierungstunnel angezeigt zu werden, ein Feld fragt nach seiner Umsatzsteuer-Identifikationsnummer f\u00fcr Ihren Kunden. <\/span><span title=\"Si ce dernier est un num\u00e9ro de TVA intracommunautaire valide, alors la TVA ne sera pas appliqu\u00e9e sur cette commande. \">Wenn es sich bei Letzterem um eine g\u00fcltige innergemeinschaftliche Umsatzsteuer-Identifikationsnummer handelt, wird die Mehrwertsteuer nicht auf diese Bestellung angewendet.<\/span><\/span><\/p>\n<p><span title=\"Ce plugin WooCommerce fait donc une v\u00e9rification du num\u00e9ro intracommunautaire fournis par ton client.\">Dieses WooCommerce-Plugin \u00fcberpr\u00fcft die von Ihrem Kunden angegebene Intra-Community-Nummer. <\/span><span title=\"Ce service se base sur le service VIES qui est le syst\u00e8me Europ\u00e9en de v\u00e9rification des num\u00e9ros de TVA intracommunautaire.\">Dieser Dienst basiert auf dem MIAS-Dienst, dem europ\u00e4ischen System zur \u00dcberpr\u00fcfung innergemeinschaftlicher Umsatzsteuernummern. <\/span><span title=\"Ce service nous assure donc qu'un vrai contr\u00f4le soit fait, pas simplement une v\u00e9rification sur le nombre de caract\u00e8res saisis par exemple.\">Dieser Dienst stellt sicher, dass eine echte \u00dcberpr\u00fcfung durchgef\u00fchrt wird, nicht nur eine \u00dcberpr\u00fcfung der Anzahl der eingegebenen Zeichen. <\/span><span title=\"Un gage de tranquillit\u00e9 pour votre commerce B2B.\">Ein Versprechen der Ruhe f\u00fcr Ihr B2B-Gesch\u00e4ft. <\/span><span title=\"Mieux, je n'ai pas peur de classer cette extension WooCommerce parmi les extensions indispensables.\">Besser, ich habe keine Angst, diese Erweiterung WooCommerce zu den wesentlichen Erweiterungen zu klassifizieren. <\/span><span title=\"En tant que pro, il est toujours appr\u00e9ciable de ne pas avoir \u00e0 payer la TVA au moment de l'achat d'un produit ou d'un service.\">Als Profi ist es immer sch\u00f6n, beim Kauf eines Produktes oder einer Dienstleistung keine Mehrwertsteuer zahlen zu m\u00fcssen.<\/span><\/p>\n","protected":false},"excerpt":{"rendered":"<p><span id=\"result_box\" class=\"\" lang=\"de\">EU VAT Number ist das WooCommerce-Plugin f\u00fcr Fachleute, die an andere Fachleute (B2B) verkaufen, die w\u00fcnschen, dass die Mehrwertsteuer nicht angewendet wird, wenn und nur wenn Ihr Kunde eine g\u00fcltige UID-Nummer hat.<\/span><\/p>\n","protected":false},"featured_media":3035,"template":"","meta":{"_monsterinsights_skip_tracking":false,"_monsterinsights_sitenote_active":false,"_monsterinsights_sitenote_note":"","_monsterinsights_sitenote_category":0},"product_cat":[208],"product_tag":[1055,1148,1149,1114],"class_list":["post-4611","product","type-product","status-publish","has-post-thumbnail","hentry","product_cat-plugin-woocommerce-de","product_tag-bestellungen-woocommerce","product_tag-buchhaltung-woocommerce","product_tag-lagerverwaltung-woocommerce","product_tag-unverzichtbare-woocommerce","pa_dev-woo-plugin-theme-woocommerce-de","pa_marketplace-woocommerce-woocommerce-com-de"],"yoast_head":"<!-- This site is optimized with the Yoast SEO plugin v23.1 - https:\/\/yoast.com\/wordpress\/plugins\/seo\/ -->\n<title>EU Umsatzsteuer-Identifikationsnummer - Professionelles WooCommerce Umsatzsteuer-Plugin<\/title>\n<meta name=\"description\" content=\"Erlaube Profis, auf deiner Website keine Mehrwertsteuer zu zahlen WooCommerce ist m\u00f6glich. Dies ist der Zweck des WooCommerce EU VAT Number Plugins. Dank dieses Plugins gibt Ihr Kunde eine Umsatzsteuer-Identifikationsnummer an und automatisch zahlt er keine Mehrwertsteuer.\" \/>\n<meta name=\"robots\" content=\"index, follow, max-snippet:-1, max-image-preview:large, max-video-preview:-1\" \/>\n<link rel=\"canonical\" href=\"https:\/\/woo-themes-plugins.com\/de\/produkt\/eu-umsatzsteuer-identifikationsnummer-professionelles-woocommerce-umsatzsteuer-plugin\/\" \/>\n<meta property=\"og:locale\" content=\"de_DE\" \/>\n<meta property=\"og:type\" content=\"article\" \/>\n<meta property=\"og:title\" content=\"EU Umsatzsteuer-Identifikationsnummer - Professionelles WooCommerce Umsatzsteuer-Plugin\" \/>\n<meta property=\"og:description\" content=\"Erlaube Profis, auf deiner Website keine Mehrwertsteuer zu zahlen WooCommerce ist m\u00f6glich. Dies ist der Zweck des WooCommerce EU VAT Number Plugins. Dank dieses Plugins gibt Ihr Kunde eine Umsatzsteuer-Identifikationsnummer an und automatisch zahlt er keine Mehrwertsteuer.\" \/>\n<meta property=\"og:url\" content=\"https:\/\/woo-themes-plugins.com\/de\/produkt\/eu-umsatzsteuer-identifikationsnummer-professionelles-woocommerce-umsatzsteuer-plugin\/\" \/>\n<meta property=\"og:site_name\" content=\"Woo-themes-plugins.com\" \/>\n<meta property=\"article:modified_time\" content=\"2018-04-26T16:47:44+00:00\" \/>\n<meta property=\"og:image\" content=\"https:\/\/woo-themes-plugins.com\/wp-content\/uploads\/sites\/7\/2018\/04\/woo-themes-plugins_woocommerce-eu-vat-number-tva-b2b-plugin-woocommerce.jpg\" \/>\n\t<meta property=\"og:image:width\" content=\"900\" \/>\n\t<meta property=\"og:image:height\" content=\"900\" \/>\n\t<meta property=\"og:image:type\" content=\"image\/jpeg\" \/>\n<meta name=\"twitter:label1\" content=\"Gesch\u00e4tzte Lesezeit\" \/>\n\t<meta name=\"twitter:data1\" content=\"1\u00a0Minute\" \/>\n<script type=\"application\/ld+json\" class=\"yoast-schema-graph\">{\"@context\":\"https:\/\/schema.org\",\"@graph\":[{\"@type\":\"WebPage\",\"@id\":\"https:\/\/woo-themes-plugins.com\/de\/produkt\/eu-umsatzsteuer-identifikationsnummer-professionelles-woocommerce-umsatzsteuer-plugin\/\",\"url\":\"https:\/\/woo-themes-plugins.com\/de\/produkt\/eu-umsatzsteuer-identifikationsnummer-professionelles-woocommerce-umsatzsteuer-plugin\/\",\"name\":\"EU Umsatzsteuer-Identifikationsnummer - Professionelles WooCommerce Umsatzsteuer-Plugin\",\"isPartOf\":{\"@id\":\"https:\/\/woo-themes-plugins.com\/it\/#website\"},\"primaryImageOfPage\":{\"@id\":\"https:\/\/woo-themes-plugins.com\/de\/produkt\/eu-umsatzsteuer-identifikationsnummer-professionelles-woocommerce-umsatzsteuer-plugin\/#primaryimage\"},\"image\":{\"@id\":\"https:\/\/woo-themes-plugins.com\/de\/produkt\/eu-umsatzsteuer-identifikationsnummer-professionelles-woocommerce-umsatzsteuer-plugin\/#primaryimage\"},\"thumbnailUrl\":\"https:\/\/woo-themes-plugins.com\/wp-content\/uploads\/sites\/7\/2018\/04\/woo-themes-plugins_woocommerce-eu-vat-number-tva-b2b-plugin-woocommerce.jpg\",\"datePublished\":\"2018-04-17T13:24:52+00:00\",\"dateModified\":\"2018-04-26T16:47:44+00:00\",\"description\":\"Erlaube Profis, auf deiner Website keine Mehrwertsteuer zu zahlen WooCommerce ist m\u00f6glich. Dies ist der Zweck des WooCommerce EU VAT Number Plugins. Dank dieses Plugins gibt Ihr Kunde eine Umsatzsteuer-Identifikationsnummer an und automatisch zahlt er keine Mehrwertsteuer.\",\"breadcrumb\":{\"@id\":\"https:\/\/woo-themes-plugins.com\/de\/produkt\/eu-umsatzsteuer-identifikationsnummer-professionelles-woocommerce-umsatzsteuer-plugin\/#breadcrumb\"},\"inLanguage\":\"de\",\"potentialAction\":[{\"@type\":\"ReadAction\",\"target\":[\"https:\/\/woo-themes-plugins.com\/de\/produkt\/eu-umsatzsteuer-identifikationsnummer-professionelles-woocommerce-umsatzsteuer-plugin\/\"]}]},{\"@type\":\"ImageObject\",\"inLanguage\":\"de\",\"@id\":\"https:\/\/woo-themes-plugins.com\/de\/produkt\/eu-umsatzsteuer-identifikationsnummer-professionelles-woocommerce-umsatzsteuer-plugin\/#primaryimage\",\"url\":\"https:\/\/woo-themes-plugins.com\/wp-content\/uploads\/sites\/7\/2018\/04\/woo-themes-plugins_woocommerce-eu-vat-number-tva-b2b-plugin-woocommerce.jpg\",\"contentUrl\":\"https:\/\/woo-themes-plugins.com\/wp-content\/uploads\/sites\/7\/2018\/04\/woo-themes-plugins_woocommerce-eu-vat-number-tva-b2b-plugin-woocommerce.jpg\",\"width\":900,\"height\":900},{\"@type\":\"BreadcrumbList\",\"@id\":\"https:\/\/woo-themes-plugins.com\/de\/produkt\/eu-umsatzsteuer-identifikationsnummer-professionelles-woocommerce-umsatzsteuer-plugin\/#breadcrumb\",\"itemListElement\":[{\"@type\":\"ListItem\",\"position\":1,\"name\":\"Accueil\",\"item\":\"https:\/\/woo-themes-plugins.com\/fr\/\"},{\"@type\":\"ListItem\",\"position\":2,\"name\":\"Shop\",\"item\":\"https:\/\/woo-themes-plugins.com\/shop\/\"},{\"@type\":\"ListItem\",\"position\":3,\"name\":\"EU Umsatzsteuer-Identifikationsnummer &#8211; Professionelles WooCommerce Umsatzsteuer-Plugin\"}]},{\"@type\":\"WebSite\",\"@id\":\"https:\/\/woo-themes-plugins.com\/it\/#website\",\"url\":\"https:\/\/woo-themes-plugins.com\/it\/\",\"name\":\"Woo-themes-plugins.com\",\"description\":\"Tous les th\u00e8mes et plugins WooCommerce Premium\",\"potentialAction\":[{\"@type\":\"SearchAction\",\"target\":{\"@type\":\"EntryPoint\",\"urlTemplate\":\"https:\/\/woo-themes-plugins.com\/it\/?s={search_term_string}\"},\"query-input\":\"required name=search_term_string\"}],\"inLanguage\":\"de\"}]}<\/script>\n<!-- \/ Yoast SEO plugin. -->","yoast_head_json":{"title":"EU Umsatzsteuer-Identifikationsnummer - Professionelles WooCommerce Umsatzsteuer-Plugin","description":"Erlaube Profis, auf deiner Website keine Mehrwertsteuer zu zahlen WooCommerce ist m\u00f6glich. Dies ist der Zweck des WooCommerce EU VAT Number Plugins. Dank dieses Plugins gibt Ihr Kunde eine Umsatzsteuer-Identifikationsnummer an und automatisch zahlt er keine Mehrwertsteuer.","robots":{"index":"index","follow":"follow","max-snippet":"max-snippet:-1","max-image-preview":"max-image-preview:large","max-video-preview":"max-video-preview:-1"},"canonical":"https:\/\/woo-themes-plugins.com\/de\/produkt\/eu-umsatzsteuer-identifikationsnummer-professionelles-woocommerce-umsatzsteuer-plugin\/","og_locale":"de_DE","og_type":"article","og_title":"EU Umsatzsteuer-Identifikationsnummer - Professionelles WooCommerce Umsatzsteuer-Plugin","og_description":"Erlaube Profis, auf deiner Website keine Mehrwertsteuer zu zahlen WooCommerce ist m\u00f6glich. Dies ist der Zweck des WooCommerce EU VAT Number Plugins. Dank dieses Plugins gibt Ihr Kunde eine Umsatzsteuer-Identifikationsnummer an und automatisch zahlt er keine Mehrwertsteuer.","og_url":"https:\/\/woo-themes-plugins.com\/de\/produkt\/eu-umsatzsteuer-identifikationsnummer-professionelles-woocommerce-umsatzsteuer-plugin\/","og_site_name":"Woo-themes-plugins.com","article_modified_time":"2018-04-26T16:47:44+00:00","og_image":[{"width":900,"height":900,"url":"https:\/\/woo-themes-plugins.com\/wp-content\/uploads\/sites\/7\/2018\/04\/woo-themes-plugins_woocommerce-eu-vat-number-tva-b2b-plugin-woocommerce.jpg","type":"image\/jpeg"}],"twitter_misc":{"Gesch\u00e4tzte Lesezeit":"1\u00a0Minute"},"schema":{"@context":"https:\/\/schema.org","@graph":[{"@type":"WebPage","@id":"https:\/\/woo-themes-plugins.com\/de\/produkt\/eu-umsatzsteuer-identifikationsnummer-professionelles-woocommerce-umsatzsteuer-plugin\/","url":"https:\/\/woo-themes-plugins.com\/de\/produkt\/eu-umsatzsteuer-identifikationsnummer-professionelles-woocommerce-umsatzsteuer-plugin\/","name":"EU Umsatzsteuer-Identifikationsnummer - Professionelles WooCommerce Umsatzsteuer-Plugin","isPartOf":{"@id":"https:\/\/woo-themes-plugins.com\/it\/#website"},"primaryImageOfPage":{"@id":"https:\/\/woo-themes-plugins.com\/de\/produkt\/eu-umsatzsteuer-identifikationsnummer-professionelles-woocommerce-umsatzsteuer-plugin\/#primaryimage"},"image":{"@id":"https:\/\/woo-themes-plugins.com\/de\/produkt\/eu-umsatzsteuer-identifikationsnummer-professionelles-woocommerce-umsatzsteuer-plugin\/#primaryimage"},"thumbnailUrl":"https:\/\/woo-themes-plugins.com\/wp-content\/uploads\/sites\/7\/2018\/04\/woo-themes-plugins_woocommerce-eu-vat-number-tva-b2b-plugin-woocommerce.jpg","datePublished":"2018-04-17T13:24:52+00:00","dateModified":"2018-04-26T16:47:44+00:00","description":"Erlaube Profis, auf deiner Website keine Mehrwertsteuer zu zahlen WooCommerce ist m\u00f6glich. Dies ist der Zweck des WooCommerce EU VAT Number Plugins. Dank dieses Plugins gibt Ihr Kunde eine Umsatzsteuer-Identifikationsnummer an und automatisch zahlt er keine Mehrwertsteuer.","breadcrumb":{"@id":"https:\/\/woo-themes-plugins.com\/de\/produkt\/eu-umsatzsteuer-identifikationsnummer-professionelles-woocommerce-umsatzsteuer-plugin\/#breadcrumb"},"inLanguage":"de","potentialAction":[{"@type":"ReadAction","target":["https:\/\/woo-themes-plugins.com\/de\/produkt\/eu-umsatzsteuer-identifikationsnummer-professionelles-woocommerce-umsatzsteuer-plugin\/"]}]},{"@type":"ImageObject","inLanguage":"de","@id":"https:\/\/woo-themes-plugins.com\/de\/produkt\/eu-umsatzsteuer-identifikationsnummer-professionelles-woocommerce-umsatzsteuer-plugin\/#primaryimage","url":"https:\/\/woo-themes-plugins.com\/wp-content\/uploads\/sites\/7\/2018\/04\/woo-themes-plugins_woocommerce-eu-vat-number-tva-b2b-plugin-woocommerce.jpg","contentUrl":"https:\/\/woo-themes-plugins.com\/wp-content\/uploads\/sites\/7\/2018\/04\/woo-themes-plugins_woocommerce-eu-vat-number-tva-b2b-plugin-woocommerce.jpg","width":900,"height":900},{"@type":"BreadcrumbList","@id":"https:\/\/woo-themes-plugins.com\/de\/produkt\/eu-umsatzsteuer-identifikationsnummer-professionelles-woocommerce-umsatzsteuer-plugin\/#breadcrumb","itemListElement":[{"@type":"ListItem","position":1,"name":"Accueil","item":"https:\/\/woo-themes-plugins.com\/fr\/"},{"@type":"ListItem","position":2,"name":"Shop","item":"https:\/\/woo-themes-plugins.com\/shop\/"},{"@type":"ListItem","position":3,"name":"EU Umsatzsteuer-Identifikationsnummer &#8211; Professionelles WooCommerce Umsatzsteuer-Plugin"}]},{"@type":"WebSite","@id":"https:\/\/woo-themes-plugins.com\/it\/#website","url":"https:\/\/woo-themes-plugins.com\/it\/","name":"Woo-themes-plugins.com","description":"Tous les th\u00e8mes et plugins WooCommerce Premium","potentialAction":[{"@type":"SearchAction","target":{"@type":"EntryPoint","urlTemplate":"https:\/\/woo-themes-plugins.com\/it\/?s={search_term_string}"},"query-input":"required name=search_term_string"}],"inLanguage":"de"}]}},"_links":{"self":[{"href":"https:\/\/woo-themes-plugins.com\/de\/wp-json\/wp\/v2\/product\/4611","targetHints":{"allow":["GET"]}}],"collection":[{"href":"https:\/\/woo-themes-plugins.com\/de\/wp-json\/wp\/v2\/product"}],"about":[{"href":"https:\/\/woo-themes-plugins.com\/de\/wp-json\/wp\/v2\/types\/product"}],"wp:featuredmedia":[{"embeddable":true,"href":"https:\/\/woo-themes-plugins.com\/de\/wp-json\/wp\/v2\/media\/3035"}],"wp:attachment":[{"href":"https:\/\/woo-themes-plugins.com\/de\/wp-json\/wp\/v2\/media?parent=4611"}],"wp:term":[{"taxonomy":"product_cat","embeddable":true,"href":"https:\/\/woo-themes-plugins.com\/de\/wp-json\/wp\/v2\/product_cat?post=4611"},{"taxonomy":"product_tag","embeddable":true,"href":"https:\/\/woo-themes-plugins.com\/de\/wp-json\/wp\/v2\/product_tag?post=4611"}],"curies":[{"name":"wp","href":"https:\/\/api.w.org\/{rel}","templated":true}]}}