{"id":4612,"date":"2018-04-17T09:58:42","date_gmt":"2018-04-17T08:58:42","guid":{"rendered":"https:\/\/woo-themes-plugins.com\/product\/xero-woocommerce-buchhaltung-stock-management-plugin\/"},"modified":"2018-04-26T17:47:59","modified_gmt":"2018-04-26T16:47:59","slug":"xero-woocommerce-buchhaltung-stock-management-plugin","status":"publish","type":"product","link":"https:\/\/woo-themes-plugins.com\/de\/product\/xero-woocommerce-buchhaltung-stock-management-plugin\/","title":{"rendered":"Xero &#8211; WooCommerce Buchhaltung \/ Stock Management Plugin"},"content":{"rendered":"<p><span id=\"result_box\" class=\"\" lang=\"de\">Kennst du Xero noch nicht? Xero ist eine Software, deren Zweck es ist, KMU eine Online-Buchhaltungssoftware zur Verf\u00fcgung zu stellen, Bankstempel zu verfolgen, aber auch Statusberichte ihrer Best\u00e4nde zu erstellen. Xero ist nicht nur besonders funktionell, sondern auch sch\u00f6n.<\/span><\/p>\n<p>Dank Xero for WooCommerce k\u00f6nnen Sie die verschiedenen Automatismen von Xero wie die automatische Rechnungserstellung einrichten. Sobald die Xero-Erweiterung f\u00fcr WooCommerce installiert ist, wird jede von Ihrer WooCommerce-Site get\u00e4tigte Bestellung sicher an Xero gesendet. Dies ist nicht alles, weil alle Ihre Produkte sowie alle Ihre Rabatte und Steuern auch mit Xero synchronisiert werden.<\/p>\n<p>Kleines Detail, du musst nat\u00fcrlich ein aktives Xero-Konto haben, um all das zu erreichen, auch mit dem Plugin.<\/p>\n","protected":false},"excerpt":{"rendered":"<p><span id=\"result_box\" class=\"\" lang=\"de\"><span class=\"\">Profitieren Sie von der Kompatibilit\u00e4ts- und Reservierungsmanagement-L\u00f6sung Xero auf seiner eCommerce WooCommerce-Website, ohne jegliche Entwicklung, dank des von WooCommerce entwickelten Xero-Plugins.<\/span><\/span><\/p>\n","protected":false},"featured_media":3026,"template":"","meta":{"_monsterinsights_skip_tracking":false,"_monsterinsights_sitenote_active":false,"_monsterinsights_sitenote_note":"","_monsterinsights_sitenote_category":0},"product_cat":[208],"product_tag":[1055,1148,1149],"class_list":["post-4612","product","type-product","status-publish","has-post-thumbnail","hentry","product_cat-plugin-woocommerce-de","product_tag-bestellungen-woocommerce","product_tag-buchhaltung-woocommerce","product_tag-lagerverwaltung-woocommerce","pa_dev-woo-plugin-theme-woocommerce-de","pa_marketplace-woocommerce-woocommerce-com-de"],"yoast_head":"<!-- This site is optimized with the Yoast SEO plugin v23.1 - https:\/\/yoast.com\/wordpress\/plugins\/seo\/ -->\n<title>Xero - WooCommerce Buchhaltung \/ Stock Management Plugin<\/title>\n<meta name=\"description\" content=\"Das offizielle WooCommerce-Plugin f\u00fcr Xero. Dank dieses Plugins f\u00fcr Xero k\u00f6nnen Sie Ihren gesamten WooCommerce-Shop mit Xero Accounting und Inventory Management Software synchronisieren.\" \/>\n<meta name=\"robots\" content=\"index, follow, max-snippet:-1, max-image-preview:large, max-video-preview:-1\" \/>\n<link rel=\"canonical\" href=\"https:\/\/woo-themes-plugins.com\/de\/produkt\/xero-woocommerce-buchhaltung-stock-management-plugin\/\" \/>\n<meta property=\"og:locale\" content=\"de_DE\" \/>\n<meta property=\"og:type\" content=\"article\" \/>\n<meta property=\"og:title\" content=\"Xero - WooCommerce Buchhaltung \/ Stock Management Plugin\" \/>\n<meta property=\"og:description\" content=\"Das offizielle WooCommerce-Plugin f\u00fcr Xero. Dank dieses Plugins f\u00fcr Xero k\u00f6nnen Sie Ihren gesamten WooCommerce-Shop mit Xero Accounting und Inventory Management Software synchronisieren.\" \/>\n<meta property=\"og:url\" content=\"https:\/\/woo-themes-plugins.com\/de\/produkt\/xero-woocommerce-buchhaltung-stock-management-plugin\/\" \/>\n<meta property=\"og:site_name\" content=\"Woo-themes-plugins.com\" \/>\n<meta property=\"article:modified_time\" content=\"2018-04-26T16:47:59+00:00\" \/>\n<meta property=\"og:image\" content=\"https:\/\/woo-themes-plugins.com\/wp-content\/uploads\/sites\/7\/2018\/04\/woo-themes-plugins_woocommerce-xero-compatibilite-gestion-stock-plugin-woocommerce.jpg\" \/>\n\t<meta property=\"og:image:width\" content=\"900\" \/>\n\t<meta property=\"og:image:height\" content=\"900\" \/>\n\t<meta property=\"og:image:type\" content=\"image\/jpeg\" \/>\n<meta name=\"twitter:label1\" content=\"Gesch\u00e4tzte Lesezeit\" \/>\n\t<meta name=\"twitter:data1\" content=\"1\u00a0Minute\" \/>\n<script type=\"application\/ld+json\" class=\"yoast-schema-graph\">{\"@context\":\"https:\/\/schema.org\",\"@graph\":[{\"@type\":\"WebPage\",\"@id\":\"https:\/\/woo-themes-plugins.com\/de\/produkt\/xero-woocommerce-buchhaltung-stock-management-plugin\/\",\"url\":\"https:\/\/woo-themes-plugins.com\/de\/produkt\/xero-woocommerce-buchhaltung-stock-management-plugin\/\",\"name\":\"Xero - WooCommerce Buchhaltung \/ Stock Management Plugin\",\"isPartOf\":{\"@id\":\"https:\/\/woo-themes-plugins.com\/it\/#website\"},\"primaryImageOfPage\":{\"@id\":\"https:\/\/woo-themes-plugins.com\/de\/produkt\/xero-woocommerce-buchhaltung-stock-management-plugin\/#primaryimage\"},\"image\":{\"@id\":\"https:\/\/woo-themes-plugins.com\/de\/produkt\/xero-woocommerce-buchhaltung-stock-management-plugin\/#primaryimage\"},\"thumbnailUrl\":\"https:\/\/woo-themes-plugins.com\/wp-content\/uploads\/sites\/7\/2018\/04\/woo-themes-plugins_woocommerce-xero-compatibilite-gestion-stock-plugin-woocommerce.jpg\",\"datePublished\":\"2018-04-17T08:58:42+00:00\",\"dateModified\":\"2018-04-26T16:47:59+00:00\",\"description\":\"Das offizielle WooCommerce-Plugin f\u00fcr Xero. Dank dieses Plugins f\u00fcr Xero k\u00f6nnen Sie Ihren gesamten WooCommerce-Shop mit Xero Accounting und Inventory Management Software synchronisieren.\",\"breadcrumb\":{\"@id\":\"https:\/\/woo-themes-plugins.com\/de\/produkt\/xero-woocommerce-buchhaltung-stock-management-plugin\/#breadcrumb\"},\"inLanguage\":\"de\",\"potentialAction\":[{\"@type\":\"ReadAction\",\"target\":[\"https:\/\/woo-themes-plugins.com\/de\/produkt\/xero-woocommerce-buchhaltung-stock-management-plugin\/\"]}]},{\"@type\":\"ImageObject\",\"inLanguage\":\"de\",\"@id\":\"https:\/\/woo-themes-plugins.com\/de\/produkt\/xero-woocommerce-buchhaltung-stock-management-plugin\/#primaryimage\",\"url\":\"https:\/\/woo-themes-plugins.com\/wp-content\/uploads\/sites\/7\/2018\/04\/woo-themes-plugins_woocommerce-xero-compatibilite-gestion-stock-plugin-woocommerce.jpg\",\"contentUrl\":\"https:\/\/woo-themes-plugins.com\/wp-content\/uploads\/sites\/7\/2018\/04\/woo-themes-plugins_woocommerce-xero-compatibilite-gestion-stock-plugin-woocommerce.jpg\",\"width\":900,\"height\":900},{\"@type\":\"BreadcrumbList\",\"@id\":\"https:\/\/woo-themes-plugins.com\/de\/produkt\/xero-woocommerce-buchhaltung-stock-management-plugin\/#breadcrumb\",\"itemListElement\":[{\"@type\":\"ListItem\",\"position\":1,\"name\":\"Accueil\",\"item\":\"https:\/\/woo-themes-plugins.com\/fr\/\"},{\"@type\":\"ListItem\",\"position\":2,\"name\":\"Shop\",\"item\":\"https:\/\/woo-themes-plugins.com\/shop\/\"},{\"@type\":\"ListItem\",\"position\":3,\"name\":\"Xero &#8211; WooCommerce Buchhaltung \/ Stock Management Plugin\"}]},{\"@type\":\"WebSite\",\"@id\":\"https:\/\/woo-themes-plugins.com\/it\/#website\",\"url\":\"https:\/\/woo-themes-plugins.com\/it\/\",\"name\":\"Woo-themes-plugins.com\",\"description\":\"Tous les th\u00e8mes et plugins WooCommerce Premium\",\"potentialAction\":[{\"@type\":\"SearchAction\",\"target\":{\"@type\":\"EntryPoint\",\"urlTemplate\":\"https:\/\/woo-themes-plugins.com\/it\/?s={search_term_string}\"},\"query-input\":\"required name=search_term_string\"}],\"inLanguage\":\"de\"}]}<\/script>\n<!-- \/ Yoast SEO plugin. -->","yoast_head_json":{"title":"Xero - WooCommerce Buchhaltung \/ Stock Management Plugin","description":"Das offizielle WooCommerce-Plugin f\u00fcr Xero. Dank dieses Plugins f\u00fcr Xero k\u00f6nnen Sie Ihren gesamten WooCommerce-Shop mit Xero Accounting und Inventory Management Software synchronisieren.","robots":{"index":"index","follow":"follow","max-snippet":"max-snippet:-1","max-image-preview":"max-image-preview:large","max-video-preview":"max-video-preview:-1"},"canonical":"https:\/\/woo-themes-plugins.com\/de\/produkt\/xero-woocommerce-buchhaltung-stock-management-plugin\/","og_locale":"de_DE","og_type":"article","og_title":"Xero - WooCommerce Buchhaltung \/ Stock Management Plugin","og_description":"Das offizielle WooCommerce-Plugin f\u00fcr Xero. Dank dieses Plugins f\u00fcr Xero k\u00f6nnen Sie Ihren gesamten WooCommerce-Shop mit Xero Accounting und Inventory Management Software synchronisieren.","og_url":"https:\/\/woo-themes-plugins.com\/de\/produkt\/xero-woocommerce-buchhaltung-stock-management-plugin\/","og_site_name":"Woo-themes-plugins.com","article_modified_time":"2018-04-26T16:47:59+00:00","og_image":[{"width":900,"height":900,"url":"https:\/\/woo-themes-plugins.com\/wp-content\/uploads\/sites\/7\/2018\/04\/woo-themes-plugins_woocommerce-xero-compatibilite-gestion-stock-plugin-woocommerce.jpg","type":"image\/jpeg"}],"twitter_misc":{"Gesch\u00e4tzte Lesezeit":"1\u00a0Minute"},"schema":{"@context":"https:\/\/schema.org","@graph":[{"@type":"WebPage","@id":"https:\/\/woo-themes-plugins.com\/de\/produkt\/xero-woocommerce-buchhaltung-stock-management-plugin\/","url":"https:\/\/woo-themes-plugins.com\/de\/produkt\/xero-woocommerce-buchhaltung-stock-management-plugin\/","name":"Xero - WooCommerce Buchhaltung \/ Stock Management Plugin","isPartOf":{"@id":"https:\/\/woo-themes-plugins.com\/it\/#website"},"primaryImageOfPage":{"@id":"https:\/\/woo-themes-plugins.com\/de\/produkt\/xero-woocommerce-buchhaltung-stock-management-plugin\/#primaryimage"},"image":{"@id":"https:\/\/woo-themes-plugins.com\/de\/produkt\/xero-woocommerce-buchhaltung-stock-management-plugin\/#primaryimage"},"thumbnailUrl":"https:\/\/woo-themes-plugins.com\/wp-content\/uploads\/sites\/7\/2018\/04\/woo-themes-plugins_woocommerce-xero-compatibilite-gestion-stock-plugin-woocommerce.jpg","datePublished":"2018-04-17T08:58:42+00:00","dateModified":"2018-04-26T16:47:59+00:00","description":"Das offizielle WooCommerce-Plugin f\u00fcr Xero. Dank dieses Plugins f\u00fcr Xero k\u00f6nnen Sie Ihren gesamten WooCommerce-Shop mit Xero Accounting und Inventory Management Software synchronisieren.","breadcrumb":{"@id":"https:\/\/woo-themes-plugins.com\/de\/produkt\/xero-woocommerce-buchhaltung-stock-management-plugin\/#breadcrumb"},"inLanguage":"de","potentialAction":[{"@type":"ReadAction","target":["https:\/\/woo-themes-plugins.com\/de\/produkt\/xero-woocommerce-buchhaltung-stock-management-plugin\/"]}]},{"@type":"ImageObject","inLanguage":"de","@id":"https:\/\/woo-themes-plugins.com\/de\/produkt\/xero-woocommerce-buchhaltung-stock-management-plugin\/#primaryimage","url":"https:\/\/woo-themes-plugins.com\/wp-content\/uploads\/sites\/7\/2018\/04\/woo-themes-plugins_woocommerce-xero-compatibilite-gestion-stock-plugin-woocommerce.jpg","contentUrl":"https:\/\/woo-themes-plugins.com\/wp-content\/uploads\/sites\/7\/2018\/04\/woo-themes-plugins_woocommerce-xero-compatibilite-gestion-stock-plugin-woocommerce.jpg","width":900,"height":900},{"@type":"BreadcrumbList","@id":"https:\/\/woo-themes-plugins.com\/de\/produkt\/xero-woocommerce-buchhaltung-stock-management-plugin\/#breadcrumb","itemListElement":[{"@type":"ListItem","position":1,"name":"Accueil","item":"https:\/\/woo-themes-plugins.com\/fr\/"},{"@type":"ListItem","position":2,"name":"Shop","item":"https:\/\/woo-themes-plugins.com\/shop\/"},{"@type":"ListItem","position":3,"name":"Xero &#8211; WooCommerce Buchhaltung \/ Stock Management Plugin"}]},{"@type":"WebSite","@id":"https:\/\/woo-themes-plugins.com\/it\/#website","url":"https:\/\/woo-themes-plugins.com\/it\/","name":"Woo-themes-plugins.com","description":"Tous les th\u00e8mes et plugins WooCommerce Premium","potentialAction":[{"@type":"SearchAction","target":{"@type":"EntryPoint","urlTemplate":"https:\/\/woo-themes-plugins.com\/it\/?s={search_term_string}"},"query-input":"required name=search_term_string"}],"inLanguage":"de"}]}},"_links":{"self":[{"href":"https:\/\/woo-themes-plugins.com\/de\/wp-json\/wp\/v2\/product\/4612","targetHints":{"allow":["GET"]}}],"collection":[{"href":"https:\/\/woo-themes-plugins.com\/de\/wp-json\/wp\/v2\/product"}],"about":[{"href":"https:\/\/woo-themes-plugins.com\/de\/wp-json\/wp\/v2\/types\/product"}],"wp:featuredmedia":[{"embeddable":true,"href":"https:\/\/woo-themes-plugins.com\/de\/wp-json\/wp\/v2\/media\/3026"}],"wp:attachment":[{"href":"https:\/\/woo-themes-plugins.com\/de\/wp-json\/wp\/v2\/media?parent=4612"}],"wp:term":[{"taxonomy":"product_cat","embeddable":true,"href":"https:\/\/woo-themes-plugins.com\/de\/wp-json\/wp\/v2\/product_cat?post=4612"},{"taxonomy":"product_tag","embeddable":true,"href":"https:\/\/woo-themes-plugins.com\/de\/wp-json\/wp\/v2\/product_tag?post=4612"}],"curies":[{"name":"wp","href":"https:\/\/api.w.org\/{rel}","templated":true}]}}