{"id":4613,"date":"2018-04-17T09:30:03","date_gmt":"2018-04-17T08:30:03","guid":{"rendered":"https:\/\/woo-themes-plugins.com\/product\/google-analytics-pro-plugin-woocommerce-suivi-analytique\/"},"modified":"2018-04-26T17:48:09","modified_gmt":"2018-04-26T16:48:09","slug":"google-analytics-pro-plugin-woocommerce-suivi-analytique","status":"publish","type":"product","link":"https:\/\/woo-themes-plugins.com\/de\/product\/google-analytics-pro-plugin-woocommerce-suivi-analytique\/","title":{"rendered":"Google Analytics Pro &#8211; Plugin WooCommerce Suivi Analytique"},"content":{"rendered":"<p><span id=\"result_box\" class=\"\" lang=\"de\"><span title=\"Avec le plugin WooCommerce Google Analytics Pro, tu vas \u00eatre en mesure de conna\u00eetre toutes les donn\u00e9es vitales propres \u00e0 un site de eCommerce comme sur le tunnel de conversion par exemple.\">Mit dem Google Analytics Pro-Plugin von WooCommerce k\u00f6nnen Sie alle f\u00fcr eine E-Commerce-Site spezifischen wichtigen Daten kennen, wie zum Beispiel den Conversion-Tunnel. <\/span><span title=\"En effet, ce plugin WooCommerce a pour but de venir ajouter tout ce qui manque afin que Google Analytics soit parfaitement int\u00e9gr\u00e9 dans votre boutique WooCommerce, et que votre site WooCommerce remonte les bonnes informations dans Google Analytics.\">Tats\u00e4chlich zielt darauf ab, dieses Plugin WooCommerce kommen hinzu, was so fehlt, dass Google Analytics vollst\u00e4ndig in Ihr WooCommerce Shop integriert ist, und Ihre Website geht WooCommerce die richtigen Informationen in Google Analytics. <\/span><span title=\"Avec ce plugin, tu vas \u00eatre en mesure d'acc\u00e9der \u00e0 des donn\u00e9es chiffr\u00e9es qui te permettrons de conna\u00eetre les axes d'am\u00e9liorations propres \u00e0 ton site WooCommerce. \">Mit diesem Plugin k\u00f6nnen Sie auf verschl\u00fcsselte Daten zugreifen, mit denen Sie die f\u00fcr Ihre WooCommerce-Website spezifischen Optimierungsachsen kennenlernen k\u00f6nnen.<\/span><\/span><\/p>\n<p><span title=\"Le plugin WooCommerce Google Analytics Pro vient aussi ajouter le support des \u00e9v\u00e8nements.\">Das Google Analytics Pro WooCommerce-Plug-in f\u00fcgt auch Ereignisunterst\u00fctzung hinzu. <\/span><span title=\"En int\u00e9grant les \u00e9v\u00e8nements, tu vas \u00eatre en mesure de savoir tr\u00e8s pr\u00e9cis\u00e9ment ce qui a conduit \u00e0 l'acte d'achat sur ton site. \">Durch die Integration der Ereignisse k\u00f6nnen Sie sehr genau wissen, was zum Kauf auf Ihrer Website gef\u00fchrt hat.<\/span><\/p>\n<p><span title=\"Simple d'utilisation et d'installation, ce plugin WooCommerce se veut \u00eatre plug and play.\">Einfach zu verwenden und zu installieren, m\u00f6chte dieses WooCommerce-Plugin plug and play sein. <\/span><span title=\"Une fois le plugin install\u00e9 sur ton site WooCommerce, tu pourras d\u00e9finir le nom des \u00e9v\u00e8nements de ton site, si ceux par d\u00e9faut ne te conviennent pas.\">Sobald das Plugin auf Ihrer Website WooCommerce installiert ist, k\u00f6nnen Sie den Namen der Ereignisse Ihrer Website definieren, wenn diese standardm\u00e4\u00dfig nicht zu Ihnen passen. <\/span><span title=\"En suite, il te suffira de v\u00e9rifier dans ton compte Google Analytics que les donn\u00e9es eCommerce remontent bien.\">Dann m\u00fcssen Sie nur in Ihrem Google Analytics-Konto einchecken, dass die eCommerce-Daten gut funktionieren. <\/span><span title=\"Et c'est tout, rien de plus \u00e0 faire pour b\u00e9n\u00e9ficier des avantages propos\u00e9s par WooCommerce Google Analytics Pro.\">Und das ist es, nichts mehr zu tun, um die Vorteile von WooCommerce Google Analytics Pro zu genie\u00dfen.<\/span><\/p>\n","protected":false},"excerpt":{"rendered":"<p><span id=\"result_box\" class=\"\" lang=\"de\">Google Analytics ist ein Tool, das im E-Commerce sehr leistungsf\u00e4hig sein kann. Dank dieses WooCommerce-Plugins k\u00f6nnen Sie Ihren Google Analytics-Datenereignissen, die von Ihren Nutzern ausgel\u00f6st wurden, Daten hinzuf\u00fcgen, aber auch Zugriff auf E-Commerce-Daten von Google Analytics haben. Daten, die nur f\u00fcr WooCommerce-Websites zug\u00e4nglich sind, mit einem Plug-in, das WooCommerce Google Analytics Pro entspricht.<\/span><\/p>\n","protected":false},"featured_media":3017,"template":"","meta":{"_monsterinsights_skip_tracking":false,"_monsterinsights_sitenote_active":false,"_monsterinsights_sitenote_note":"","_monsterinsights_sitenote_category":0},"product_cat":[208],"product_tag":[970,1058],"class_list":["post-4613","product","type-product","status-publish","has-post-thumbnail","hentry","product_cat-plugin-woocommerce-de","product_tag-google-analytics-plugin-woocommerce-de","product_tag-plugin-emarketing-woocommerce-de","pa_dev-woo-plugin-theme-skyverge-de","pa_marketplace-woocommerce-woocommerce-com-de"],"yoast_head":"<!-- This site is optimized with the Yoast SEO plugin v23.1 - https:\/\/yoast.com\/wordpress\/plugins\/seo\/ -->\n<title>Google Analytics Pro - Analyse von WooCommerce-Plug-in-Analysen<\/title>\n<meta name=\"description\" content=\"Mit diesem f\u00fcr WooCommerce entwickelten Google Analytics-Plugin k\u00f6nnen Sie alle auf Ihrer E-Commerce-Site ausgel\u00f6sten Ereignisse verfolgen, aber auch Zugriff auf alle von Google Analytics bereitgestellten E-Commerce-Daten haben, wenn Ihre WooCommerce-Website gut konfiguriert ist.\" \/>\n<meta name=\"robots\" content=\"index, follow, max-snippet:-1, max-image-preview:large, max-video-preview:-1\" \/>\n<link rel=\"canonical\" href=\"https:\/\/woo-themes-plugins.com\/de\/produkt\/google-analytics-pro-plugin-woocommerce-suivi-analytique\/\" \/>\n<meta property=\"og:locale\" content=\"de_DE\" \/>\n<meta property=\"og:type\" content=\"article\" \/>\n<meta property=\"og:title\" content=\"Google Analytics Pro - Analyse von WooCommerce-Plug-in-Analysen\" \/>\n<meta property=\"og:description\" content=\"Mit diesem f\u00fcr WooCommerce entwickelten Google Analytics-Plugin k\u00f6nnen Sie alle auf Ihrer E-Commerce-Site ausgel\u00f6sten Ereignisse verfolgen, aber auch Zugriff auf alle von Google Analytics bereitgestellten E-Commerce-Daten haben, wenn Ihre WooCommerce-Website gut konfiguriert ist.\" \/>\n<meta property=\"og:url\" content=\"https:\/\/woo-themes-plugins.com\/de\/produkt\/google-analytics-pro-plugin-woocommerce-suivi-analytique\/\" \/>\n<meta property=\"og:site_name\" content=\"Woo-themes-plugins.com\" \/>\n<meta property=\"article:modified_time\" content=\"2018-04-26T16:48:09+00:00\" \/>\n<meta property=\"og:image\" content=\"https:\/\/woo-themes-plugins.com\/wp-content\/uploads\/sites\/7\/2018\/04\/woo-themes-plugins_woocommerce-google-analytics-pro-plugin-woocommerce.jpg\" \/>\n\t<meta property=\"og:image:width\" content=\"900\" \/>\n\t<meta property=\"og:image:height\" content=\"900\" \/>\n\t<meta property=\"og:image:type\" content=\"image\/jpeg\" \/>\n<meta name=\"twitter:label1\" content=\"Gesch\u00e4tzte Lesezeit\" \/>\n\t<meta name=\"twitter:data1\" content=\"1\u00a0Minute\" \/>\n<script type=\"application\/ld+json\" class=\"yoast-schema-graph\">{\"@context\":\"https:\/\/schema.org\",\"@graph\":[{\"@type\":\"WebPage\",\"@id\":\"https:\/\/woo-themes-plugins.com\/de\/produkt\/google-analytics-pro-plugin-woocommerce-suivi-analytique\/\",\"url\":\"https:\/\/woo-themes-plugins.com\/de\/produkt\/google-analytics-pro-plugin-woocommerce-suivi-analytique\/\",\"name\":\"Google Analytics Pro - Analyse von WooCommerce-Plug-in-Analysen\",\"isPartOf\":{\"@id\":\"https:\/\/woo-themes-plugins.com\/it\/#website\"},\"primaryImageOfPage\":{\"@id\":\"https:\/\/woo-themes-plugins.com\/de\/produkt\/google-analytics-pro-plugin-woocommerce-suivi-analytique\/#primaryimage\"},\"image\":{\"@id\":\"https:\/\/woo-themes-plugins.com\/de\/produkt\/google-analytics-pro-plugin-woocommerce-suivi-analytique\/#primaryimage\"},\"thumbnailUrl\":\"https:\/\/woo-themes-plugins.com\/wp-content\/uploads\/sites\/7\/2018\/04\/woo-themes-plugins_woocommerce-google-analytics-pro-plugin-woocommerce.jpg\",\"datePublished\":\"2018-04-17T08:30:03+00:00\",\"dateModified\":\"2018-04-26T16:48:09+00:00\",\"description\":\"Mit diesem f\u00fcr WooCommerce entwickelten Google Analytics-Plugin k\u00f6nnen Sie alle auf Ihrer E-Commerce-Site ausgel\u00f6sten Ereignisse verfolgen, aber auch Zugriff auf alle von Google Analytics bereitgestellten E-Commerce-Daten haben, wenn Ihre WooCommerce-Website gut konfiguriert ist.\",\"breadcrumb\":{\"@id\":\"https:\/\/woo-themes-plugins.com\/de\/produkt\/google-analytics-pro-plugin-woocommerce-suivi-analytique\/#breadcrumb\"},\"inLanguage\":\"de\",\"potentialAction\":[{\"@type\":\"ReadAction\",\"target\":[\"https:\/\/woo-themes-plugins.com\/de\/produkt\/google-analytics-pro-plugin-woocommerce-suivi-analytique\/\"]}]},{\"@type\":\"ImageObject\",\"inLanguage\":\"de\",\"@id\":\"https:\/\/woo-themes-plugins.com\/de\/produkt\/google-analytics-pro-plugin-woocommerce-suivi-analytique\/#primaryimage\",\"url\":\"https:\/\/woo-themes-plugins.com\/wp-content\/uploads\/sites\/7\/2018\/04\/woo-themes-plugins_woocommerce-google-analytics-pro-plugin-woocommerce.jpg\",\"contentUrl\":\"https:\/\/woo-themes-plugins.com\/wp-content\/uploads\/sites\/7\/2018\/04\/woo-themes-plugins_woocommerce-google-analytics-pro-plugin-woocommerce.jpg\",\"width\":900,\"height\":900},{\"@type\":\"BreadcrumbList\",\"@id\":\"https:\/\/woo-themes-plugins.com\/de\/produkt\/google-analytics-pro-plugin-woocommerce-suivi-analytique\/#breadcrumb\",\"itemListElement\":[{\"@type\":\"ListItem\",\"position\":1,\"name\":\"Accueil\",\"item\":\"https:\/\/woo-themes-plugins.com\/fr\/\"},{\"@type\":\"ListItem\",\"position\":2,\"name\":\"Shop\",\"item\":\"https:\/\/woo-themes-plugins.com\/shop\/\"},{\"@type\":\"ListItem\",\"position\":3,\"name\":\"Google Analytics Pro &#8211; Plugin WooCommerce Suivi Analytique\"}]},{\"@type\":\"WebSite\",\"@id\":\"https:\/\/woo-themes-plugins.com\/it\/#website\",\"url\":\"https:\/\/woo-themes-plugins.com\/it\/\",\"name\":\"Woo-themes-plugins.com\",\"description\":\"Tous les th\u00e8mes et plugins WooCommerce Premium\",\"potentialAction\":[{\"@type\":\"SearchAction\",\"target\":{\"@type\":\"EntryPoint\",\"urlTemplate\":\"https:\/\/woo-themes-plugins.com\/it\/?s={search_term_string}\"},\"query-input\":\"required name=search_term_string\"}],\"inLanguage\":\"de\"}]}<\/script>\n<!-- \/ Yoast SEO plugin. -->","yoast_head_json":{"title":"Google Analytics Pro - Analyse von WooCommerce-Plug-in-Analysen","description":"Mit diesem f\u00fcr WooCommerce entwickelten Google Analytics-Plugin k\u00f6nnen Sie alle auf Ihrer E-Commerce-Site ausgel\u00f6sten Ereignisse verfolgen, aber auch Zugriff auf alle von Google Analytics bereitgestellten E-Commerce-Daten haben, wenn Ihre WooCommerce-Website gut konfiguriert ist.","robots":{"index":"index","follow":"follow","max-snippet":"max-snippet:-1","max-image-preview":"max-image-preview:large","max-video-preview":"max-video-preview:-1"},"canonical":"https:\/\/woo-themes-plugins.com\/de\/produkt\/google-analytics-pro-plugin-woocommerce-suivi-analytique\/","og_locale":"de_DE","og_type":"article","og_title":"Google Analytics Pro - Analyse von WooCommerce-Plug-in-Analysen","og_description":"Mit diesem f\u00fcr WooCommerce entwickelten Google Analytics-Plugin k\u00f6nnen Sie alle auf Ihrer E-Commerce-Site ausgel\u00f6sten Ereignisse verfolgen, aber auch Zugriff auf alle von Google Analytics bereitgestellten E-Commerce-Daten haben, wenn Ihre WooCommerce-Website gut konfiguriert ist.","og_url":"https:\/\/woo-themes-plugins.com\/de\/produkt\/google-analytics-pro-plugin-woocommerce-suivi-analytique\/","og_site_name":"Woo-themes-plugins.com","article_modified_time":"2018-04-26T16:48:09+00:00","og_image":[{"width":900,"height":900,"url":"https:\/\/woo-themes-plugins.com\/wp-content\/uploads\/sites\/7\/2018\/04\/woo-themes-plugins_woocommerce-google-analytics-pro-plugin-woocommerce.jpg","type":"image\/jpeg"}],"twitter_misc":{"Gesch\u00e4tzte Lesezeit":"1\u00a0Minute"},"schema":{"@context":"https:\/\/schema.org","@graph":[{"@type":"WebPage","@id":"https:\/\/woo-themes-plugins.com\/de\/produkt\/google-analytics-pro-plugin-woocommerce-suivi-analytique\/","url":"https:\/\/woo-themes-plugins.com\/de\/produkt\/google-analytics-pro-plugin-woocommerce-suivi-analytique\/","name":"Google Analytics Pro - Analyse von WooCommerce-Plug-in-Analysen","isPartOf":{"@id":"https:\/\/woo-themes-plugins.com\/it\/#website"},"primaryImageOfPage":{"@id":"https:\/\/woo-themes-plugins.com\/de\/produkt\/google-analytics-pro-plugin-woocommerce-suivi-analytique\/#primaryimage"},"image":{"@id":"https:\/\/woo-themes-plugins.com\/de\/produkt\/google-analytics-pro-plugin-woocommerce-suivi-analytique\/#primaryimage"},"thumbnailUrl":"https:\/\/woo-themes-plugins.com\/wp-content\/uploads\/sites\/7\/2018\/04\/woo-themes-plugins_woocommerce-google-analytics-pro-plugin-woocommerce.jpg","datePublished":"2018-04-17T08:30:03+00:00","dateModified":"2018-04-26T16:48:09+00:00","description":"Mit diesem f\u00fcr WooCommerce entwickelten Google Analytics-Plugin k\u00f6nnen Sie alle auf Ihrer E-Commerce-Site ausgel\u00f6sten Ereignisse verfolgen, aber auch Zugriff auf alle von Google Analytics bereitgestellten E-Commerce-Daten haben, wenn Ihre WooCommerce-Website gut konfiguriert ist.","breadcrumb":{"@id":"https:\/\/woo-themes-plugins.com\/de\/produkt\/google-analytics-pro-plugin-woocommerce-suivi-analytique\/#breadcrumb"},"inLanguage":"de","potentialAction":[{"@type":"ReadAction","target":["https:\/\/woo-themes-plugins.com\/de\/produkt\/google-analytics-pro-plugin-woocommerce-suivi-analytique\/"]}]},{"@type":"ImageObject","inLanguage":"de","@id":"https:\/\/woo-themes-plugins.com\/de\/produkt\/google-analytics-pro-plugin-woocommerce-suivi-analytique\/#primaryimage","url":"https:\/\/woo-themes-plugins.com\/wp-content\/uploads\/sites\/7\/2018\/04\/woo-themes-plugins_woocommerce-google-analytics-pro-plugin-woocommerce.jpg","contentUrl":"https:\/\/woo-themes-plugins.com\/wp-content\/uploads\/sites\/7\/2018\/04\/woo-themes-plugins_woocommerce-google-analytics-pro-plugin-woocommerce.jpg","width":900,"height":900},{"@type":"BreadcrumbList","@id":"https:\/\/woo-themes-plugins.com\/de\/produkt\/google-analytics-pro-plugin-woocommerce-suivi-analytique\/#breadcrumb","itemListElement":[{"@type":"ListItem","position":1,"name":"Accueil","item":"https:\/\/woo-themes-plugins.com\/fr\/"},{"@type":"ListItem","position":2,"name":"Shop","item":"https:\/\/woo-themes-plugins.com\/shop\/"},{"@type":"ListItem","position":3,"name":"Google Analytics Pro &#8211; Plugin WooCommerce Suivi Analytique"}]},{"@type":"WebSite","@id":"https:\/\/woo-themes-plugins.com\/it\/#website","url":"https:\/\/woo-themes-plugins.com\/it\/","name":"Woo-themes-plugins.com","description":"Tous les th\u00e8mes et plugins WooCommerce Premium","potentialAction":[{"@type":"SearchAction","target":{"@type":"EntryPoint","urlTemplate":"https:\/\/woo-themes-plugins.com\/it\/?s={search_term_string}"},"query-input":"required name=search_term_string"}],"inLanguage":"de"}]}},"_links":{"self":[{"href":"https:\/\/woo-themes-plugins.com\/de\/wp-json\/wp\/v2\/product\/4613","targetHints":{"allow":["GET"]}}],"collection":[{"href":"https:\/\/woo-themes-plugins.com\/de\/wp-json\/wp\/v2\/product"}],"about":[{"href":"https:\/\/woo-themes-plugins.com\/de\/wp-json\/wp\/v2\/types\/product"}],"wp:featuredmedia":[{"embeddable":true,"href":"https:\/\/woo-themes-plugins.com\/de\/wp-json\/wp\/v2\/media\/3017"}],"wp:attachment":[{"href":"https:\/\/woo-themes-plugins.com\/de\/wp-json\/wp\/v2\/media?parent=4613"}],"wp:term":[{"taxonomy":"product_cat","embeddable":true,"href":"https:\/\/woo-themes-plugins.com\/de\/wp-json\/wp\/v2\/product_cat?post=4613"},{"taxonomy":"product_tag","embeddable":true,"href":"https:\/\/woo-themes-plugins.com\/de\/wp-json\/wp\/v2\/product_tag?post=4613"}],"curies":[{"name":"wp","href":"https:\/\/api.w.org\/{rel}","templated":true}]}}