{"id":4614,"date":"2018-04-17T09:11:30","date_gmt":"2018-04-17T08:11:30","guid":{"rendered":"https:\/\/woo-themes-plugins.com\/product\/pro-produkt-versand-woocommerce-versand-management-plugin\/"},"modified":"2018-04-26T17:48:21","modified_gmt":"2018-04-26T16:48:21","slug":"pro-produkt-versand-woocommerce-versand-management-plugin","status":"publish","type":"product","link":"https:\/\/woo-themes-plugins.com\/de\/product\/pro-produkt-versand-woocommerce-versand-management-plugin\/","title":{"rendered":"Pro Produkt Versand &#8211; WooCommerce Versand Management Plugin"},"content":{"rendered":"<p><span id=\"result_box\" class=\"\" lang=\"de\"><span title=\"Nous l'avons dit, ce plugin WooCommerce va te permettre de d\u00e9finir des frais de livraisons sur la base d'un article ou de ses variations.\">Wie bereits erw\u00e4hnt, k\u00f6nnen Sie mit diesem WooCommerce-Plugin die Versandkosten basierend auf einem Artikel oder dessen Variationen festlegen. <\/span><span title=\"Ainsi, il te sera possible de d\u00e9finir diff\u00e9rents co\u00fbts de livraison pour un m\u00eame produit, en fonction de la localisation g\u00e9ographique de l'internaute souhaitant passer commende sur votre site de eCommerce. \">Auf diese Weise k\u00f6nnen Sie unterschiedliche Versandkosten f\u00fcr dasselbe Produkt festlegen, abh\u00e4ngig vom geografischen Standort des Nutzers, der Ihre E-Commerce-Website weiterleiten m\u00f6chte.<\/span><\/span><\/p>\n<p><span title=\"Les co\u00fbts de livraison unitaire peuvent \u00eatre ajout\u00e9 aux autres m\u00e9thodes de livraison d\u00e9j\u00e0 programm\u00e9 dans votre interface d'administration WooCommerce, ou \u00eatre utilis\u00e9 seul, \u00e0 100%. \">Die Einheitslieferkosten k\u00f6nnen zu anderen Versandmethoden hinzugef\u00fcgt werden, die bereits in Ihrer WooCommerce-Verwaltungsschnittstelle programmiert wurden, oder zu 100% allein verwendet werden.<\/span><\/p>\n<p><span title=\"Voici diff\u00e9rentes fonctionnalit\u00e9s offert par le plugin WooCommerce Per Product Shipping : \u00a0\u00a0\u00a0\u00a0\">Hier sind einige Funktionen, die das WooCommerce Pro Produkt Versand Plugin bietet:<\/span><\/p>\n<p><span title=\"D\u00e9finir une politique de frais d'exp\u00e9dition bas\u00e9 sur la ligne ou par produit \u00a0\u00a0\u00a0\u00a0\">Legen Sie eine Versandkostenrichtlinie fest, die auf einer Linie oder einem Produkt basiert<br \/>\n<\/span><span title=\"D\u00e9finir une politique de co\u00fbt d'exp\u00e9dition bas\u00e9 sur les variations produit \u00a0\u00a0\u00a0\u00a0\">Definieren Sie eine Versandkostenrichtlinie basierend auf Produktvariationen<br \/>\n<\/span><span title=\"Modification du co\u00fbt de livraison en fonction de la destination \u00a0\u00a0\u00a0\u00a0\">\u00c4ndern der Versandkosten je nach Zielort<br \/>\n<\/span><span title=\"Importation et exportation des taux de livraison par fichier CSV \u00a0\u00a0\u00a0\u00a0\">Import und Export von Lieferraten per CSV-Datei<br \/>\n<\/span><span title=\"Utilisation en mode s\u00e9par\u00e9 des autres m\u00e9thodes d'exp\u00e9dition \u00a0\u00a0\u00a0\u00a0\">Getrennte Verwendung anderer Versandmethoden<br \/>\n<\/span><span title=\"Ajout des co\u00fbts calcul\u00e9s au total des autres m\u00e9thodes d'exp\u00e9dition \">Hinzuf\u00fcgen berechneter Kosten zu anderen Versandmethoden<\/span><\/p>\n<p><span title=\"Une extension WooCommerce particuli\u00e8rement utile lorsqu'on commercialise sur son site internet des produits dont le co\u00fbt de livraison peut fluctuer du prix de tous les autres produits sur votre site.\">Eine WooCommerce-Erweiterung, die besonders n\u00fctzlich ist, wenn Sie Produkte auf ihrer Website verkaufen, wo die Kosten der Lieferung mit dem Preis aller anderen Produkte auf Ihrer Website schwanken k\u00f6nnen.<\/span><\/p>\n","protected":false},"excerpt":{"rendered":"<p><span id=\"result_box\" class=\"\" lang=\"de\">Dank dieses WooCommerce-Plugins k\u00f6nnen Sie direkt mit Ihrem Produkt verbundene Versandkosten definieren. Somit kann jedes Produkt eigene Versandkosten haben. Sobald alle Artikel in den Warenkorb gelegt wurden, ist dieses Plugin WooCommerce verantwortlich f\u00fcr die Berechnung aller Versandkosten, die dem Auftrag, den der Kunde vergibt, zuzurechnen sind.<\/span><\/p>\n","protected":false},"featured_media":3000,"template":"","meta":{"_monsterinsights_skip_tracking":false,"_monsterinsights_sitenote_active":false,"_monsterinsights_sitenote_note":"","_monsterinsights_sitenote_category":0},"product_cat":[208],"product_tag":[1055,1113],"class_list":["post-4614","product","type-product","status-publish","has-post-thumbnail","hentry","product_cat-plugin-woocommerce-de","product_tag-bestellungen-woocommerce","product_tag-woocommerce-lieferung","pa_dev-woo-plugin-theme-woocommerce-de","pa_marketplace-woocommerce-woocommerce-com-de"],"yoast_head":"<!-- This site is optimized with the Yoast SEO plugin v23.1 - https:\/\/yoast.com\/wordpress\/plugins\/seo\/ -->\n<title>Pro Produkt Versand - WooCommerce Plugin Management Versandkosten<\/title>\n<meta name=\"description\" content=\"Dieses WooCommerce-Plugin bietet uns die M\u00f6glichkeit, unterschiedliche Versandkosten f\u00fcr jedes Produkt zu berechnen. Sobald alle Produkte im Warenkorb sind, berechnet dieses WooCommerce-Plugin alle Versandkosten, die der laufenden Bestellung zuzurechnen sind.\" \/>\n<meta name=\"robots\" content=\"index, follow, max-snippet:-1, max-image-preview:large, max-video-preview:-1\" \/>\n<link rel=\"canonical\" href=\"https:\/\/woo-themes-plugins.com\/de\/produkt\/pro-produkt-versand-woocommerce-versand-management-plugin\/\" \/>\n<meta property=\"og:locale\" content=\"de_DE\" \/>\n<meta property=\"og:type\" content=\"article\" \/>\n<meta property=\"og:title\" content=\"Pro Produkt Versand - WooCommerce Plugin Management Versandkosten\" \/>\n<meta property=\"og:description\" content=\"Dieses WooCommerce-Plugin bietet uns die M\u00f6glichkeit, unterschiedliche Versandkosten f\u00fcr jedes Produkt zu berechnen. Sobald alle Produkte im Warenkorb sind, berechnet dieses WooCommerce-Plugin alle Versandkosten, die der laufenden Bestellung zuzurechnen sind.\" \/>\n<meta property=\"og:url\" content=\"https:\/\/woo-themes-plugins.com\/de\/produkt\/pro-produkt-versand-woocommerce-versand-management-plugin\/\" \/>\n<meta property=\"og:site_name\" content=\"Woo-themes-plugins.com\" \/>\n<meta property=\"article:modified_time\" content=\"2018-04-26T16:48:21+00:00\" \/>\n<meta property=\"og:image\" content=\"https:\/\/woo-themes-plugins.com\/wp-content\/uploads\/sites\/7\/2018\/04\/woo-themes-plugins_woocommerce-per-product-shipping-plugin-woocommerce.jpg\" \/>\n\t<meta property=\"og:image:width\" content=\"900\" \/>\n\t<meta property=\"og:image:height\" content=\"900\" \/>\n\t<meta property=\"og:image:type\" content=\"image\/jpeg\" \/>\n<meta name=\"twitter:label1\" content=\"Gesch\u00e4tzte Lesezeit\" \/>\n\t<meta name=\"twitter:data1\" content=\"1\u00a0Minute\" \/>\n<script type=\"application\/ld+json\" class=\"yoast-schema-graph\">{\"@context\":\"https:\/\/schema.org\",\"@graph\":[{\"@type\":\"WebPage\",\"@id\":\"https:\/\/woo-themes-plugins.com\/de\/produkt\/pro-produkt-versand-woocommerce-versand-management-plugin\/\",\"url\":\"https:\/\/woo-themes-plugins.com\/de\/produkt\/pro-produkt-versand-woocommerce-versand-management-plugin\/\",\"name\":\"Pro Produkt Versand - WooCommerce Plugin Management Versandkosten\",\"isPartOf\":{\"@id\":\"https:\/\/woo-themes-plugins.com\/it\/#website\"},\"primaryImageOfPage\":{\"@id\":\"https:\/\/woo-themes-plugins.com\/de\/produkt\/pro-produkt-versand-woocommerce-versand-management-plugin\/#primaryimage\"},\"image\":{\"@id\":\"https:\/\/woo-themes-plugins.com\/de\/produkt\/pro-produkt-versand-woocommerce-versand-management-plugin\/#primaryimage\"},\"thumbnailUrl\":\"https:\/\/woo-themes-plugins.com\/wp-content\/uploads\/sites\/7\/2018\/04\/woo-themes-plugins_woocommerce-per-product-shipping-plugin-woocommerce.jpg\",\"datePublished\":\"2018-04-17T08:11:30+00:00\",\"dateModified\":\"2018-04-26T16:48:21+00:00\",\"description\":\"Dieses WooCommerce-Plugin bietet uns die M\u00f6glichkeit, unterschiedliche Versandkosten f\u00fcr jedes Produkt zu berechnen. Sobald alle Produkte im Warenkorb sind, berechnet dieses WooCommerce-Plugin alle Versandkosten, die der laufenden Bestellung zuzurechnen sind.\",\"breadcrumb\":{\"@id\":\"https:\/\/woo-themes-plugins.com\/de\/produkt\/pro-produkt-versand-woocommerce-versand-management-plugin\/#breadcrumb\"},\"inLanguage\":\"de\",\"potentialAction\":[{\"@type\":\"ReadAction\",\"target\":[\"https:\/\/woo-themes-plugins.com\/de\/produkt\/pro-produkt-versand-woocommerce-versand-management-plugin\/\"]}]},{\"@type\":\"ImageObject\",\"inLanguage\":\"de\",\"@id\":\"https:\/\/woo-themes-plugins.com\/de\/produkt\/pro-produkt-versand-woocommerce-versand-management-plugin\/#primaryimage\",\"url\":\"https:\/\/woo-themes-plugins.com\/wp-content\/uploads\/sites\/7\/2018\/04\/woo-themes-plugins_woocommerce-per-product-shipping-plugin-woocommerce.jpg\",\"contentUrl\":\"https:\/\/woo-themes-plugins.com\/wp-content\/uploads\/sites\/7\/2018\/04\/woo-themes-plugins_woocommerce-per-product-shipping-plugin-woocommerce.jpg\",\"width\":900,\"height\":900},{\"@type\":\"BreadcrumbList\",\"@id\":\"https:\/\/woo-themes-plugins.com\/de\/produkt\/pro-produkt-versand-woocommerce-versand-management-plugin\/#breadcrumb\",\"itemListElement\":[{\"@type\":\"ListItem\",\"position\":1,\"name\":\"Accueil\",\"item\":\"https:\/\/woo-themes-plugins.com\/fr\/\"},{\"@type\":\"ListItem\",\"position\":2,\"name\":\"Shop\",\"item\":\"https:\/\/woo-themes-plugins.com\/shop\/\"},{\"@type\":\"ListItem\",\"position\":3,\"name\":\"Pro Produkt Versand &#8211; WooCommerce Versand Management Plugin\"}]},{\"@type\":\"WebSite\",\"@id\":\"https:\/\/woo-themes-plugins.com\/it\/#website\",\"url\":\"https:\/\/woo-themes-plugins.com\/it\/\",\"name\":\"Woo-themes-plugins.com\",\"description\":\"Tous les th\u00e8mes et plugins WooCommerce Premium\",\"potentialAction\":[{\"@type\":\"SearchAction\",\"target\":{\"@type\":\"EntryPoint\",\"urlTemplate\":\"https:\/\/woo-themes-plugins.com\/it\/?s={search_term_string}\"},\"query-input\":\"required name=search_term_string\"}],\"inLanguage\":\"de\"}]}<\/script>\n<!-- \/ Yoast SEO plugin. -->","yoast_head_json":{"title":"Pro Produkt Versand - WooCommerce Plugin Management Versandkosten","description":"Dieses WooCommerce-Plugin bietet uns die M\u00f6glichkeit, unterschiedliche Versandkosten f\u00fcr jedes Produkt zu berechnen. Sobald alle Produkte im Warenkorb sind, berechnet dieses WooCommerce-Plugin alle Versandkosten, die der laufenden Bestellung zuzurechnen sind.","robots":{"index":"index","follow":"follow","max-snippet":"max-snippet:-1","max-image-preview":"max-image-preview:large","max-video-preview":"max-video-preview:-1"},"canonical":"https:\/\/woo-themes-plugins.com\/de\/produkt\/pro-produkt-versand-woocommerce-versand-management-plugin\/","og_locale":"de_DE","og_type":"article","og_title":"Pro Produkt Versand - WooCommerce Plugin Management Versandkosten","og_description":"Dieses WooCommerce-Plugin bietet uns die M\u00f6glichkeit, unterschiedliche Versandkosten f\u00fcr jedes Produkt zu berechnen. Sobald alle Produkte im Warenkorb sind, berechnet dieses WooCommerce-Plugin alle Versandkosten, die der laufenden Bestellung zuzurechnen sind.","og_url":"https:\/\/woo-themes-plugins.com\/de\/produkt\/pro-produkt-versand-woocommerce-versand-management-plugin\/","og_site_name":"Woo-themes-plugins.com","article_modified_time":"2018-04-26T16:48:21+00:00","og_image":[{"width":900,"height":900,"url":"https:\/\/woo-themes-plugins.com\/wp-content\/uploads\/sites\/7\/2018\/04\/woo-themes-plugins_woocommerce-per-product-shipping-plugin-woocommerce.jpg","type":"image\/jpeg"}],"twitter_misc":{"Gesch\u00e4tzte Lesezeit":"1\u00a0Minute"},"schema":{"@context":"https:\/\/schema.org","@graph":[{"@type":"WebPage","@id":"https:\/\/woo-themes-plugins.com\/de\/produkt\/pro-produkt-versand-woocommerce-versand-management-plugin\/","url":"https:\/\/woo-themes-plugins.com\/de\/produkt\/pro-produkt-versand-woocommerce-versand-management-plugin\/","name":"Pro Produkt Versand - WooCommerce Plugin Management Versandkosten","isPartOf":{"@id":"https:\/\/woo-themes-plugins.com\/it\/#website"},"primaryImageOfPage":{"@id":"https:\/\/woo-themes-plugins.com\/de\/produkt\/pro-produkt-versand-woocommerce-versand-management-plugin\/#primaryimage"},"image":{"@id":"https:\/\/woo-themes-plugins.com\/de\/produkt\/pro-produkt-versand-woocommerce-versand-management-plugin\/#primaryimage"},"thumbnailUrl":"https:\/\/woo-themes-plugins.com\/wp-content\/uploads\/sites\/7\/2018\/04\/woo-themes-plugins_woocommerce-per-product-shipping-plugin-woocommerce.jpg","datePublished":"2018-04-17T08:11:30+00:00","dateModified":"2018-04-26T16:48:21+00:00","description":"Dieses WooCommerce-Plugin bietet uns die M\u00f6glichkeit, unterschiedliche Versandkosten f\u00fcr jedes Produkt zu berechnen. Sobald alle Produkte im Warenkorb sind, berechnet dieses WooCommerce-Plugin alle Versandkosten, die der laufenden Bestellung zuzurechnen sind.","breadcrumb":{"@id":"https:\/\/woo-themes-plugins.com\/de\/produkt\/pro-produkt-versand-woocommerce-versand-management-plugin\/#breadcrumb"},"inLanguage":"de","potentialAction":[{"@type":"ReadAction","target":["https:\/\/woo-themes-plugins.com\/de\/produkt\/pro-produkt-versand-woocommerce-versand-management-plugin\/"]}]},{"@type":"ImageObject","inLanguage":"de","@id":"https:\/\/woo-themes-plugins.com\/de\/produkt\/pro-produkt-versand-woocommerce-versand-management-plugin\/#primaryimage","url":"https:\/\/woo-themes-plugins.com\/wp-content\/uploads\/sites\/7\/2018\/04\/woo-themes-plugins_woocommerce-per-product-shipping-plugin-woocommerce.jpg","contentUrl":"https:\/\/woo-themes-plugins.com\/wp-content\/uploads\/sites\/7\/2018\/04\/woo-themes-plugins_woocommerce-per-product-shipping-plugin-woocommerce.jpg","width":900,"height":900},{"@type":"BreadcrumbList","@id":"https:\/\/woo-themes-plugins.com\/de\/produkt\/pro-produkt-versand-woocommerce-versand-management-plugin\/#breadcrumb","itemListElement":[{"@type":"ListItem","position":1,"name":"Accueil","item":"https:\/\/woo-themes-plugins.com\/fr\/"},{"@type":"ListItem","position":2,"name":"Shop","item":"https:\/\/woo-themes-plugins.com\/shop\/"},{"@type":"ListItem","position":3,"name":"Pro Produkt Versand &#8211; WooCommerce Versand Management Plugin"}]},{"@type":"WebSite","@id":"https:\/\/woo-themes-plugins.com\/it\/#website","url":"https:\/\/woo-themes-plugins.com\/it\/","name":"Woo-themes-plugins.com","description":"Tous les th\u00e8mes et plugins WooCommerce Premium","potentialAction":[{"@type":"SearchAction","target":{"@type":"EntryPoint","urlTemplate":"https:\/\/woo-themes-plugins.com\/it\/?s={search_term_string}"},"query-input":"required name=search_term_string"}],"inLanguage":"de"}]}},"_links":{"self":[{"href":"https:\/\/woo-themes-plugins.com\/de\/wp-json\/wp\/v2\/product\/4614","targetHints":{"allow":["GET"]}}],"collection":[{"href":"https:\/\/woo-themes-plugins.com\/de\/wp-json\/wp\/v2\/product"}],"about":[{"href":"https:\/\/woo-themes-plugins.com\/de\/wp-json\/wp\/v2\/types\/product"}],"wp:featuredmedia":[{"embeddable":true,"href":"https:\/\/woo-themes-plugins.com\/de\/wp-json\/wp\/v2\/media\/3000"}],"wp:attachment":[{"href":"https:\/\/woo-themes-plugins.com\/de\/wp-json\/wp\/v2\/media?parent=4614"}],"wp:term":[{"taxonomy":"product_cat","embeddable":true,"href":"https:\/\/woo-themes-plugins.com\/de\/wp-json\/wp\/v2\/product_cat?post=4614"},{"taxonomy":"product_tag","embeddable":true,"href":"https:\/\/woo-themes-plugins.com\/de\/wp-json\/wp\/v2\/product_tag?post=4614"}],"curies":[{"name":"wp","href":"https:\/\/api.w.org\/{rel}","templated":true}]}}