{"id":4615,"date":"2018-04-17T08:55:30","date_gmt":"2018-04-17T07:55:30","guid":{"rendered":"https:\/\/woo-themes-plugins.com\/product\/woocommerce-one-page-checkout-woocommerce-konverter-tunnel-plugin\/"},"modified":"2018-04-26T17:48:34","modified_gmt":"2018-04-26T16:48:34","slug":"woocommerce-one-page-checkout-woocommerce-konverter-tunnel-plugin","status":"publish","type":"product","link":"https:\/\/woo-themes-plugins.com\/de\/product\/woocommerce-one-page-checkout-woocommerce-konverter-tunnel-plugin\/","title":{"rendered":"WooCommerce One Page Checkout &#8211; WooCommerce Konverter Tunnel Plugin"},"content":{"rendered":"<p><span id=\"result_box\" class=\"\" lang=\"de\">Eine von WebCredible durchgef\u00fchrte Studie teilt uns mit, dass mehr als jeder zehnte Benutzer seine Bestellung wegen eines zu langen Einkaufstunnels abbricht. Dieses WooCommerce-Plugin wird die aufgegebene Basket-Rate senken, indem es eine Kundenschnittstelle anbietet, die den gesamten Bestellprozess in eine einzige Seite integriert.<\/span><\/p>\n<p>Das WooCommerce One Page Checkout-Plugin bietet uns verschiedene Optionen wie:<\/p>\n<p>Anzeigen der Zusammenfassung des Kundenkorbs und der Bestellformulare auf einer einzigen Seite<br \/>\nM\u00f6glichkeit, die Zahlung auf einer einzigen Seite f\u00fcr ein einzelnes Produkt, eine Produktgruppe oder den gesamten Produktkatalog zu aktivieren<br \/>\nM\u00f6glichkeit zum Erstellen spezieller Zielseiten Es reicht aus, die Shortcodes auf einer Seite zu hinterlegen, damit sie sich materialisiert<br \/>\nIn diesem WooCommerce-Plugin enthalten sind vorgefertigte Vorlagen, mit denen Sie den f\u00fcr Ihre WooCommerce-Website geeigneten ausw\u00e4hlen k\u00f6nnen<\/p>\n","protected":false},"excerpt":{"rendered":"<p><span id=\"result_box\" class=\"\" lang=\"de\">Wenn es eine Sache gibt, die getan werden muss, um den Umsatz zu steigern, indem die Anzahl der verlassenen Warenk\u00f6rbe reduziert wird, ist dies die Zahlungsseite. Mit WooCommerce ist dieser Umwandlungstunnel behoben &#8230; es sei denn, Sie verwenden ein Plugin wie WooCommerce One Page Checkout. Mit diesem WooCommerce-Plugin k\u00f6nnen Sie eine spezielle Seite erstellen, auf der Ihr Kunde sein Produkt ausw\u00e4hlen und direkt bezahlen kann. Die von WooCommerce One Page Checkout angebotenen Schritte reduzieren die Anzahl der Schritte, die f\u00fcr einen Kauf erforderlich sind.<\/span><\/p>\n","protected":false},"featured_media":2983,"template":"","meta":{"_monsterinsights_skip_tracking":false,"_monsterinsights_sitenote_active":false,"_monsterinsights_sitenote_note":"","_monsterinsights_sitenote_category":0},"product_cat":[208],"product_tag":[1055,1056,1058,1044],"class_list":["post-4615","product","type-product","status-publish","has-post-thumbnail","hentry","product_cat-plugin-woocommerce-de","product_tag-bestellungen-woocommerce","product_tag-optimierter-woocommerce","product_tag-plugin-emarketing-woocommerce-de","product_tag-umbautunnel-kasse-woocommerce","pa_dev-woo-plugin-theme-prospress-de","pa_marketplace-woocommerce-woocommerce-com-de"],"yoast_head":"<!-- This site is optimized with the Yoast SEO plugin v23.1 - https:\/\/yoast.com\/wordpress\/plugins\/seo\/ -->\n<title>WooCommerce One Page Checkout - Konvertierungs-Tunnel-Plugin<\/title>\n<meta name=\"description\" content=\"Wie kann der Umsatz optimiert werden, indem die Abbruchrate des Einkaufswagens begrenzt wird? Im Einsatz wird die Methode des Umwandlungstunnels zu einer einzigen Seite verdichtet, das hei\u00dft, indem die einseitige \u00dcberpr\u00fcfung auf WooCommerce \u00fcbernommen wird. Mit diesem Plugin k\u00f6nnen Sie ganz einfach den Checkout f\u00fcr eine Seite auf Ihrer WooCommerce-Website einrichten.\" \/>\n<meta name=\"robots\" content=\"index, follow, max-snippet:-1, max-image-preview:large, max-video-preview:-1\" \/>\n<link rel=\"canonical\" href=\"https:\/\/woo-themes-plugins.com\/de\/produkt\/woocommerce-one-page-checkout-woocommerce-konverter-tunnel-plugin\/\" \/>\n<meta property=\"og:locale\" content=\"de_DE\" \/>\n<meta property=\"og:type\" content=\"article\" \/>\n<meta property=\"og:title\" content=\"WooCommerce One Page Checkout - Konvertierungs-Tunnel-Plugin\" \/>\n<meta property=\"og:description\" content=\"Wie kann der Umsatz optimiert werden, indem die Abbruchrate des Einkaufswagens begrenzt wird? Im Einsatz wird die Methode des Umwandlungstunnels zu einer einzigen Seite verdichtet, das hei\u00dft, indem die einseitige \u00dcberpr\u00fcfung auf WooCommerce \u00fcbernommen wird. Mit diesem Plugin k\u00f6nnen Sie ganz einfach den Checkout f\u00fcr eine Seite auf Ihrer WooCommerce-Website einrichten.\" \/>\n<meta property=\"og:url\" content=\"https:\/\/woo-themes-plugins.com\/de\/produkt\/woocommerce-one-page-checkout-woocommerce-konverter-tunnel-plugin\/\" \/>\n<meta property=\"og:site_name\" content=\"Woo-themes-plugins.com\" \/>\n<meta property=\"article:modified_time\" content=\"2018-04-26T16:48:34+00:00\" \/>\n<meta property=\"og:image\" content=\"https:\/\/woo-themes-plugins.com\/wp-content\/uploads\/sites\/7\/2018\/04\/woo-themes-plugins_woocommerce-one-page-checkout-plugin-woocommerce.jpg\" \/>\n\t<meta property=\"og:image:width\" content=\"900\" \/>\n\t<meta property=\"og:image:height\" content=\"900\" \/>\n\t<meta property=\"og:image:type\" content=\"image\/jpeg\" \/>\n<meta name=\"twitter:label1\" content=\"Gesch\u00e4tzte Lesezeit\" \/>\n\t<meta name=\"twitter:data1\" content=\"1\u00a0Minute\" \/>\n<script type=\"application\/ld+json\" class=\"yoast-schema-graph\">{\"@context\":\"https:\/\/schema.org\",\"@graph\":[{\"@type\":\"WebPage\",\"@id\":\"https:\/\/woo-themes-plugins.com\/de\/produkt\/woocommerce-one-page-checkout-woocommerce-konverter-tunnel-plugin\/\",\"url\":\"https:\/\/woo-themes-plugins.com\/de\/produkt\/woocommerce-one-page-checkout-woocommerce-konverter-tunnel-plugin\/\",\"name\":\"WooCommerce One Page Checkout - Konvertierungs-Tunnel-Plugin\",\"isPartOf\":{\"@id\":\"https:\/\/woo-themes-plugins.com\/it\/#website\"},\"primaryImageOfPage\":{\"@id\":\"https:\/\/woo-themes-plugins.com\/de\/produkt\/woocommerce-one-page-checkout-woocommerce-konverter-tunnel-plugin\/#primaryimage\"},\"image\":{\"@id\":\"https:\/\/woo-themes-plugins.com\/de\/produkt\/woocommerce-one-page-checkout-woocommerce-konverter-tunnel-plugin\/#primaryimage\"},\"thumbnailUrl\":\"https:\/\/woo-themes-plugins.com\/wp-content\/uploads\/sites\/7\/2018\/04\/woo-themes-plugins_woocommerce-one-page-checkout-plugin-woocommerce.jpg\",\"datePublished\":\"2018-04-17T07:55:30+00:00\",\"dateModified\":\"2018-04-26T16:48:34+00:00\",\"description\":\"Wie kann der Umsatz optimiert werden, indem die Abbruchrate des Einkaufswagens begrenzt wird? Im Einsatz wird die Methode des Umwandlungstunnels zu einer einzigen Seite verdichtet, das hei\u00dft, indem die einseitige \u00dcberpr\u00fcfung auf WooCommerce \u00fcbernommen wird. Mit diesem Plugin k\u00f6nnen Sie ganz einfach den Checkout f\u00fcr eine Seite auf Ihrer WooCommerce-Website einrichten.\",\"breadcrumb\":{\"@id\":\"https:\/\/woo-themes-plugins.com\/de\/produkt\/woocommerce-one-page-checkout-woocommerce-konverter-tunnel-plugin\/#breadcrumb\"},\"inLanguage\":\"de\",\"potentialAction\":[{\"@type\":\"ReadAction\",\"target\":[\"https:\/\/woo-themes-plugins.com\/de\/produkt\/woocommerce-one-page-checkout-woocommerce-konverter-tunnel-plugin\/\"]}]},{\"@type\":\"ImageObject\",\"inLanguage\":\"de\",\"@id\":\"https:\/\/woo-themes-plugins.com\/de\/produkt\/woocommerce-one-page-checkout-woocommerce-konverter-tunnel-plugin\/#primaryimage\",\"url\":\"https:\/\/woo-themes-plugins.com\/wp-content\/uploads\/sites\/7\/2018\/04\/woo-themes-plugins_woocommerce-one-page-checkout-plugin-woocommerce.jpg\",\"contentUrl\":\"https:\/\/woo-themes-plugins.com\/wp-content\/uploads\/sites\/7\/2018\/04\/woo-themes-plugins_woocommerce-one-page-checkout-plugin-woocommerce.jpg\",\"width\":900,\"height\":900},{\"@type\":\"BreadcrumbList\",\"@id\":\"https:\/\/woo-themes-plugins.com\/de\/produkt\/woocommerce-one-page-checkout-woocommerce-konverter-tunnel-plugin\/#breadcrumb\",\"itemListElement\":[{\"@type\":\"ListItem\",\"position\":1,\"name\":\"Accueil\",\"item\":\"https:\/\/woo-themes-plugins.com\/fr\/\"},{\"@type\":\"ListItem\",\"position\":2,\"name\":\"Shop\",\"item\":\"https:\/\/woo-themes-plugins.com\/shop\/\"},{\"@type\":\"ListItem\",\"position\":3,\"name\":\"WooCommerce One Page Checkout &#8211; WooCommerce Konverter Tunnel Plugin\"}]},{\"@type\":\"WebSite\",\"@id\":\"https:\/\/woo-themes-plugins.com\/it\/#website\",\"url\":\"https:\/\/woo-themes-plugins.com\/it\/\",\"name\":\"Woo-themes-plugins.com\",\"description\":\"Tous les th\u00e8mes et plugins WooCommerce Premium\",\"potentialAction\":[{\"@type\":\"SearchAction\",\"target\":{\"@type\":\"EntryPoint\",\"urlTemplate\":\"https:\/\/woo-themes-plugins.com\/it\/?s={search_term_string}\"},\"query-input\":\"required name=search_term_string\"}],\"inLanguage\":\"de\"}]}<\/script>\n<!-- \/ Yoast SEO plugin. -->","yoast_head_json":{"title":"WooCommerce One Page Checkout - Konvertierungs-Tunnel-Plugin","description":"Wie kann der Umsatz optimiert werden, indem die Abbruchrate des Einkaufswagens begrenzt wird? Im Einsatz wird die Methode des Umwandlungstunnels zu einer einzigen Seite verdichtet, das hei\u00dft, indem die einseitige \u00dcberpr\u00fcfung auf WooCommerce \u00fcbernommen wird. Mit diesem Plugin k\u00f6nnen Sie ganz einfach den Checkout f\u00fcr eine Seite auf Ihrer WooCommerce-Website einrichten.","robots":{"index":"index","follow":"follow","max-snippet":"max-snippet:-1","max-image-preview":"max-image-preview:large","max-video-preview":"max-video-preview:-1"},"canonical":"https:\/\/woo-themes-plugins.com\/de\/produkt\/woocommerce-one-page-checkout-woocommerce-konverter-tunnel-plugin\/","og_locale":"de_DE","og_type":"article","og_title":"WooCommerce One Page Checkout - Konvertierungs-Tunnel-Plugin","og_description":"Wie kann der Umsatz optimiert werden, indem die Abbruchrate des Einkaufswagens begrenzt wird? Im Einsatz wird die Methode des Umwandlungstunnels zu einer einzigen Seite verdichtet, das hei\u00dft, indem die einseitige \u00dcberpr\u00fcfung auf WooCommerce \u00fcbernommen wird. Mit diesem Plugin k\u00f6nnen Sie ganz einfach den Checkout f\u00fcr eine Seite auf Ihrer WooCommerce-Website einrichten.","og_url":"https:\/\/woo-themes-plugins.com\/de\/produkt\/woocommerce-one-page-checkout-woocommerce-konverter-tunnel-plugin\/","og_site_name":"Woo-themes-plugins.com","article_modified_time":"2018-04-26T16:48:34+00:00","og_image":[{"width":900,"height":900,"url":"https:\/\/woo-themes-plugins.com\/wp-content\/uploads\/sites\/7\/2018\/04\/woo-themes-plugins_woocommerce-one-page-checkout-plugin-woocommerce.jpg","type":"image\/jpeg"}],"twitter_misc":{"Gesch\u00e4tzte Lesezeit":"1\u00a0Minute"},"schema":{"@context":"https:\/\/schema.org","@graph":[{"@type":"WebPage","@id":"https:\/\/woo-themes-plugins.com\/de\/produkt\/woocommerce-one-page-checkout-woocommerce-konverter-tunnel-plugin\/","url":"https:\/\/woo-themes-plugins.com\/de\/produkt\/woocommerce-one-page-checkout-woocommerce-konverter-tunnel-plugin\/","name":"WooCommerce One Page Checkout - Konvertierungs-Tunnel-Plugin","isPartOf":{"@id":"https:\/\/woo-themes-plugins.com\/it\/#website"},"primaryImageOfPage":{"@id":"https:\/\/woo-themes-plugins.com\/de\/produkt\/woocommerce-one-page-checkout-woocommerce-konverter-tunnel-plugin\/#primaryimage"},"image":{"@id":"https:\/\/woo-themes-plugins.com\/de\/produkt\/woocommerce-one-page-checkout-woocommerce-konverter-tunnel-plugin\/#primaryimage"},"thumbnailUrl":"https:\/\/woo-themes-plugins.com\/wp-content\/uploads\/sites\/7\/2018\/04\/woo-themes-plugins_woocommerce-one-page-checkout-plugin-woocommerce.jpg","datePublished":"2018-04-17T07:55:30+00:00","dateModified":"2018-04-26T16:48:34+00:00","description":"Wie kann der Umsatz optimiert werden, indem die Abbruchrate des Einkaufswagens begrenzt wird? Im Einsatz wird die Methode des Umwandlungstunnels zu einer einzigen Seite verdichtet, das hei\u00dft, indem die einseitige \u00dcberpr\u00fcfung auf WooCommerce \u00fcbernommen wird. Mit diesem Plugin k\u00f6nnen Sie ganz einfach den Checkout f\u00fcr eine Seite auf Ihrer WooCommerce-Website einrichten.","breadcrumb":{"@id":"https:\/\/woo-themes-plugins.com\/de\/produkt\/woocommerce-one-page-checkout-woocommerce-konverter-tunnel-plugin\/#breadcrumb"},"inLanguage":"de","potentialAction":[{"@type":"ReadAction","target":["https:\/\/woo-themes-plugins.com\/de\/produkt\/woocommerce-one-page-checkout-woocommerce-konverter-tunnel-plugin\/"]}]},{"@type":"ImageObject","inLanguage":"de","@id":"https:\/\/woo-themes-plugins.com\/de\/produkt\/woocommerce-one-page-checkout-woocommerce-konverter-tunnel-plugin\/#primaryimage","url":"https:\/\/woo-themes-plugins.com\/wp-content\/uploads\/sites\/7\/2018\/04\/woo-themes-plugins_woocommerce-one-page-checkout-plugin-woocommerce.jpg","contentUrl":"https:\/\/woo-themes-plugins.com\/wp-content\/uploads\/sites\/7\/2018\/04\/woo-themes-plugins_woocommerce-one-page-checkout-plugin-woocommerce.jpg","width":900,"height":900},{"@type":"BreadcrumbList","@id":"https:\/\/woo-themes-plugins.com\/de\/produkt\/woocommerce-one-page-checkout-woocommerce-konverter-tunnel-plugin\/#breadcrumb","itemListElement":[{"@type":"ListItem","position":1,"name":"Accueil","item":"https:\/\/woo-themes-plugins.com\/fr\/"},{"@type":"ListItem","position":2,"name":"Shop","item":"https:\/\/woo-themes-plugins.com\/shop\/"},{"@type":"ListItem","position":3,"name":"WooCommerce One Page Checkout &#8211; WooCommerce Konverter Tunnel Plugin"}]},{"@type":"WebSite","@id":"https:\/\/woo-themes-plugins.com\/it\/#website","url":"https:\/\/woo-themes-plugins.com\/it\/","name":"Woo-themes-plugins.com","description":"Tous les th\u00e8mes et plugins WooCommerce Premium","potentialAction":[{"@type":"SearchAction","target":{"@type":"EntryPoint","urlTemplate":"https:\/\/woo-themes-plugins.com\/it\/?s={search_term_string}"},"query-input":"required name=search_term_string"}],"inLanguage":"de"}]}},"_links":{"self":[{"href":"https:\/\/woo-themes-plugins.com\/de\/wp-json\/wp\/v2\/product\/4615","targetHints":{"allow":["GET"]}}],"collection":[{"href":"https:\/\/woo-themes-plugins.com\/de\/wp-json\/wp\/v2\/product"}],"about":[{"href":"https:\/\/woo-themes-plugins.com\/de\/wp-json\/wp\/v2\/types\/product"}],"wp:featuredmedia":[{"embeddable":true,"href":"https:\/\/woo-themes-plugins.com\/de\/wp-json\/wp\/v2\/media\/2983"}],"wp:attachment":[{"href":"https:\/\/woo-themes-plugins.com\/de\/wp-json\/wp\/v2\/media?parent=4615"}],"wp:term":[{"taxonomy":"product_cat","embeddable":true,"href":"https:\/\/woo-themes-plugins.com\/de\/wp-json\/wp\/v2\/product_cat?post=4615"},{"taxonomy":"product_tag","embeddable":true,"href":"https:\/\/woo-themes-plugins.com\/de\/wp-json\/wp\/v2\/product_tag?post=4615"}],"curies":[{"name":"wp","href":"https:\/\/api.w.org\/{rel}","templated":true}]}}