{"id":4616,"date":"2018-04-17T08:31:46","date_gmt":"2018-04-17T07:31:46","guid":{"rendered":"https:\/\/woo-themes-plugins.com\/product\/kunde-auftrag-csv-coupon-import-suite-woocommerce-plugin-importieren-von-daten\/"},"modified":"2018-04-26T17:48:48","modified_gmt":"2018-04-26T16:48:48","slug":"kunde-auftrag-csv-coupon-import-suite-woocommerce-plugin-importieren-von-daten","status":"publish","type":"product","link":"https:\/\/woo-themes-plugins.com\/de\/product\/kunde-auftrag-csv-coupon-import-suite-woocommerce-plugin-importieren-von-daten\/","title":{"rendered":"Kunde \/ Auftrag \/ CSV Coupon Import Suite &#8211; WooCommerce Plugin Importieren von Daten"},"content":{"rendered":"<p><span id=\"result_box\" class=\"\" lang=\"de\"><span title=\"Gr\u00e2ce \u00e0 Product CSV Import Suite, il est enfin devenu simple comme un jeu d'enfant d'importer directement dans WooCommerce des donn\u00e9es types commandes clients, profils clients ou encore les r\u00e9ductions, le tout gr\u00e2ce \u00e0 un fichier CSV. \">Dank der CSV-Import-Suite ist es jetzt dank einer CSV-Datei kinderleicht, direkt in WooCommerce-Datentyp-Kundenbestellungen, Kundenprofile oder Rabatte zu importieren.<\/span><\/span><\/p>\n<p><span title=\"L'importation de centaines, voir de milliers de ligne dans WooCommerce est souvent un soucis.\">Das Importieren von Hunderten, sogar Tausenden von Zeilen in WooCommerce ist oft ein Problem. <\/span><span title=\"Ce plugin WooCommerce se charge de cela, pour nous offrir enfin une interface vraiment professionnelle en ce qui concerne l'import de donn\u00e9es dans WooCommerce gr\u00e2ce \u00e0 un fichier CSV. \">Dieses WooCommerce-Plugin k\u00fcmmert sich darum, um endlich eine wirklich professionelle Schnittstelle f\u00fcr den Import von Daten in WooCommerce dank einer CSV-Datei zu bieten.<\/span><\/p>\n<p><span title=\"Ce plugin WooCommerce se r\u00e9v\u00e9lera d'une utilit\u00e9 indispensables dans de nombreux cas de figure, et tout particuli\u00e8rement lorsqu'il est question de migrer un site WooCommerce. \">Dieses WooCommerce-Plugin wird sich in vielen Situationen als n\u00fctzlich erweisen, besonders wenn es um die Migration einer WooCommerce-Site geht.<\/span><\/p>\n<p><span title=\"L'importateur d\u00e9velopp\u00e9 pour WooCommerce est suffisamment souple pour nous permettre d'importer tout type de fichier, m\u00eame dans un format non pr\u00e9d\u00e9finis \u00e0 l'avance.\">Der f\u00fcr WooCommerce entwickelte Importer ist so flexibel, dass wir jede Art von Datei importieren k\u00f6nnen, sogar in einem Format, das nicht im Voraus definiert wurde. <\/span><span title=\"Au moment de l'importation de vos donn\u00e9es dans WooCommerce, il te sera demand\u00e9 d'indiquer la corr\u00e9lation entre tes donn\u00e9es et celles de WooCommerce;\">Wenn Sie Ihre Daten in WooCommerce importieren, werden Sie aufgefordert, die Korrelation zwischen Ihren Daten und WooCommerce-Daten anzugeben; <\/span><span title=\"un jeu d'enfant.\">eine Brise. <\/span><span title=\"Il suffit d'associer les colonnes avec les donn\u00e9es propos\u00e9es. \">Es gen\u00fcgt, die Spalten den vorgeschlagenen Daten zuzuordnen.<\/span><\/p>\n<p><span title=\"Rapidement, voici ce que peut faire cet importateur de donn\u00e9es pour WooCommerce : \u00a0\u00a0\u00a0\u00a0\">Schnell, hier ist, was dieser Datenimporteur f\u00fcr WooCommerce tun kann:<\/span><\/p>\n<p><span title=\"Envoi de fichier ou import des donn\u00e9es par simple copier coller, \u00a0\u00a0\u00a0\u00a0\">Senden von Dateien oder Importieren von Daten durch einfaches Einf\u00fcgen,<br \/>\n<\/span><span title=\"Importation des donn\u00e9es clients \u00a0\u00a0\u00a0\u00a0\">Kundendaten importieren<br \/>\n<\/span><span title=\"Fusion de donn\u00e9es \u00a0\u00a0\u00a0\u00a0\">Datenfusion<br \/>\n<\/span><span title=\"Importation de coupons de r\u00e9duction \u00a0\u00a0\u00a0\u00a0\">Importieren von Gutscheinen<br \/>\n<\/span><span title=\"Importation de donn\u00e9es comprises dans des champs personnalis\u00e9s \u00a0\u00a0\u00a0\u00a0\">Importieren von Daten in benutzerdefinierten Feldern<br \/>\n<\/span><span title=\"Support des diff\u00e9rentes m\u00e9thodes d'exp\u00e9ditions \u00a0\u00a0\u00a0\u00a0\">Unterst\u00fctzung verschiedener Versandarten<br \/>\n<\/span><span title=\"Importation faite en fond, dans le but de ne pas parasiter votre boutique\">Import erfolgt im Hintergrund, um Ihren Shop nicht zu parasitieren<\/span><\/p>\n","protected":false},"excerpt":{"rendered":"<p><span id=\"result_box\" class=\"\" lang=\"de\"><span class=\"\">Leicht importiert Auftr\u00e4ge, Rabatte sowie Kunden.<\/span> Alles direkt im CSV-Format in WooCommerce. <span class=\"\">Ein unentbehrliches WooCommerce-Plugin f\u00fcr den, der seinen Shop zum Teil per Excel oder einer anderen Tabellenkalkulation betreibt.<\/span><\/span><\/p>\n","protected":false},"featured_media":2958,"template":"","meta":{"_monsterinsights_skip_tracking":false,"_monsterinsights_sitenote_active":false,"_monsterinsights_sitenote_note":"","_monsterinsights_sitenote_category":0},"product_cat":[208],"product_tag":[1050,1051,1150,1047],"class_list":["post-4616","product","type-product","status-publish","has-post-thumbnail","hentry","product_cat-plugin-woocommerce-de","product_tag-import-export-von-produkten-woocommerce","product_tag-importeur-exporteur-kunden-woocommerce","product_tag-plugin-woocommerce-importieren","product_tag-woocommerce-befehle-exportieren-importieren","pa_dev-woo-plugin-theme-skyverge-de","pa_marketplace-woocommerce-woocommerce-com-de"],"yoast_head":"<!-- This site is optimized with the Yoast SEO plugin v23.1 - https:\/\/yoast.com\/wordpress\/plugins\/seo\/ -->\n<title>Kunden \/ Bestellung \/ CSV Coupon Import Suite - WooCommerce Plugin<\/title>\n<meta name=\"description\" content=\"Das Importieren von Daten in WooCommerce im CSV-Format ist einfacher als je zuvor mit dem WooCommerce &quot;Kunden \/ Auftrag \/ Coupon CSV Import Suite&quot; -Plugin, einem unverzichtbaren WooCommerce-Plugin zum Importieren von CSV-Daten in WooCommerce.\" \/>\n<meta name=\"robots\" content=\"index, follow, max-snippet:-1, max-image-preview:large, max-video-preview:-1\" \/>\n<link rel=\"canonical\" href=\"https:\/\/woo-themes-plugins.com\/de\/produkt\/kunde-auftrag-csv-coupon-import-suite-woocommerce-plugin-importieren-von-daten\/\" \/>\n<meta property=\"og:locale\" content=\"de_DE\" \/>\n<meta property=\"og:type\" content=\"article\" \/>\n<meta property=\"og:title\" content=\"Kunden \/ Bestellung \/ CSV Coupon Import Suite - WooCommerce Plugin\" \/>\n<meta property=\"og:description\" content=\"Das Importieren von Daten in WooCommerce im CSV-Format ist einfacher als je zuvor mit dem WooCommerce &quot;Kunden \/ Auftrag \/ Coupon CSV Import Suite&quot; -Plugin, einem unverzichtbaren WooCommerce-Plugin zum Importieren von CSV-Daten in WooCommerce.\" \/>\n<meta property=\"og:url\" content=\"https:\/\/woo-themes-plugins.com\/de\/produkt\/kunde-auftrag-csv-coupon-import-suite-woocommerce-plugin-importieren-von-daten\/\" \/>\n<meta property=\"og:site_name\" content=\"Woo-themes-plugins.com\" \/>\n<meta property=\"article:modified_time\" content=\"2018-04-26T16:48:48+00:00\" \/>\n<meta property=\"og:image\" content=\"https:\/\/woo-themes-plugins.com\/wp-content\/uploads\/sites\/7\/2018\/04\/woo-themes-plugins_woocommerce-customer-order-coupon-csv-import-suite-plugin-woocommerce.jpg\" \/>\n\t<meta property=\"og:image:width\" content=\"900\" \/>\n\t<meta property=\"og:image:height\" content=\"900\" \/>\n\t<meta property=\"og:image:type\" content=\"image\/jpeg\" \/>\n<meta name=\"twitter:label1\" content=\"Gesch\u00e4tzte Lesezeit\" \/>\n\t<meta name=\"twitter:data1\" content=\"1\u00a0Minute\" \/>\n<script type=\"application\/ld+json\" class=\"yoast-schema-graph\">{\"@context\":\"https:\/\/schema.org\",\"@graph\":[{\"@type\":\"WebPage\",\"@id\":\"https:\/\/woo-themes-plugins.com\/de\/produkt\/kunde-auftrag-csv-coupon-import-suite-woocommerce-plugin-importieren-von-daten\/\",\"url\":\"https:\/\/woo-themes-plugins.com\/de\/produkt\/kunde-auftrag-csv-coupon-import-suite-woocommerce-plugin-importieren-von-daten\/\",\"name\":\"Kunden \/ Bestellung \/ CSV Coupon Import Suite - WooCommerce Plugin\",\"isPartOf\":{\"@id\":\"https:\/\/woo-themes-plugins.com\/it\/#website\"},\"primaryImageOfPage\":{\"@id\":\"https:\/\/woo-themes-plugins.com\/de\/produkt\/kunde-auftrag-csv-coupon-import-suite-woocommerce-plugin-importieren-von-daten\/#primaryimage\"},\"image\":{\"@id\":\"https:\/\/woo-themes-plugins.com\/de\/produkt\/kunde-auftrag-csv-coupon-import-suite-woocommerce-plugin-importieren-von-daten\/#primaryimage\"},\"thumbnailUrl\":\"https:\/\/woo-themes-plugins.com\/wp-content\/uploads\/sites\/7\/2018\/04\/woo-themes-plugins_woocommerce-customer-order-coupon-csv-import-suite-plugin-woocommerce.jpg\",\"datePublished\":\"2018-04-17T07:31:46+00:00\",\"dateModified\":\"2018-04-26T16:48:48+00:00\",\"description\":\"Das Importieren von Daten in WooCommerce im CSV-Format ist einfacher als je zuvor mit dem WooCommerce \\\"Kunden \/ Auftrag \/ Coupon CSV Import Suite\\\" -Plugin, einem unverzichtbaren WooCommerce-Plugin zum Importieren von CSV-Daten in WooCommerce.\",\"breadcrumb\":{\"@id\":\"https:\/\/woo-themes-plugins.com\/de\/produkt\/kunde-auftrag-csv-coupon-import-suite-woocommerce-plugin-importieren-von-daten\/#breadcrumb\"},\"inLanguage\":\"de\",\"potentialAction\":[{\"@type\":\"ReadAction\",\"target\":[\"https:\/\/woo-themes-plugins.com\/de\/produkt\/kunde-auftrag-csv-coupon-import-suite-woocommerce-plugin-importieren-von-daten\/\"]}]},{\"@type\":\"ImageObject\",\"inLanguage\":\"de\",\"@id\":\"https:\/\/woo-themes-plugins.com\/de\/produkt\/kunde-auftrag-csv-coupon-import-suite-woocommerce-plugin-importieren-von-daten\/#primaryimage\",\"url\":\"https:\/\/woo-themes-plugins.com\/wp-content\/uploads\/sites\/7\/2018\/04\/woo-themes-plugins_woocommerce-customer-order-coupon-csv-import-suite-plugin-woocommerce.jpg\",\"contentUrl\":\"https:\/\/woo-themes-plugins.com\/wp-content\/uploads\/sites\/7\/2018\/04\/woo-themes-plugins_woocommerce-customer-order-coupon-csv-import-suite-plugin-woocommerce.jpg\",\"width\":900,\"height\":900},{\"@type\":\"BreadcrumbList\",\"@id\":\"https:\/\/woo-themes-plugins.com\/de\/produkt\/kunde-auftrag-csv-coupon-import-suite-woocommerce-plugin-importieren-von-daten\/#breadcrumb\",\"itemListElement\":[{\"@type\":\"ListItem\",\"position\":1,\"name\":\"Accueil\",\"item\":\"https:\/\/woo-themes-plugins.com\/fr\/\"},{\"@type\":\"ListItem\",\"position\":2,\"name\":\"Shop\",\"item\":\"https:\/\/woo-themes-plugins.com\/shop\/\"},{\"@type\":\"ListItem\",\"position\":3,\"name\":\"Kunde \/ Auftrag \/ CSV Coupon Import Suite &#8211; WooCommerce Plugin Importieren von Daten\"}]},{\"@type\":\"WebSite\",\"@id\":\"https:\/\/woo-themes-plugins.com\/it\/#website\",\"url\":\"https:\/\/woo-themes-plugins.com\/it\/\",\"name\":\"Woo-themes-plugins.com\",\"description\":\"Tous les th\u00e8mes et plugins WooCommerce Premium\",\"potentialAction\":[{\"@type\":\"SearchAction\",\"target\":{\"@type\":\"EntryPoint\",\"urlTemplate\":\"https:\/\/woo-themes-plugins.com\/it\/?s={search_term_string}\"},\"query-input\":\"required name=search_term_string\"}],\"inLanguage\":\"de\"}]}<\/script>\n<!-- \/ Yoast SEO plugin. -->","yoast_head_json":{"title":"Kunden \/ Bestellung \/ CSV Coupon Import Suite - WooCommerce Plugin","description":"Das Importieren von Daten in WooCommerce im CSV-Format ist einfacher als je zuvor mit dem WooCommerce \"Kunden \/ Auftrag \/ Coupon CSV Import Suite\" -Plugin, einem unverzichtbaren WooCommerce-Plugin zum Importieren von CSV-Daten in WooCommerce.","robots":{"index":"index","follow":"follow","max-snippet":"max-snippet:-1","max-image-preview":"max-image-preview:large","max-video-preview":"max-video-preview:-1"},"canonical":"https:\/\/woo-themes-plugins.com\/de\/produkt\/kunde-auftrag-csv-coupon-import-suite-woocommerce-plugin-importieren-von-daten\/","og_locale":"de_DE","og_type":"article","og_title":"Kunden \/ Bestellung \/ CSV Coupon Import Suite - WooCommerce Plugin","og_description":"Das Importieren von Daten in WooCommerce im CSV-Format ist einfacher als je zuvor mit dem WooCommerce \"Kunden \/ Auftrag \/ Coupon CSV Import Suite\" -Plugin, einem unverzichtbaren WooCommerce-Plugin zum Importieren von CSV-Daten in WooCommerce.","og_url":"https:\/\/woo-themes-plugins.com\/de\/produkt\/kunde-auftrag-csv-coupon-import-suite-woocommerce-plugin-importieren-von-daten\/","og_site_name":"Woo-themes-plugins.com","article_modified_time":"2018-04-26T16:48:48+00:00","og_image":[{"width":900,"height":900,"url":"https:\/\/woo-themes-plugins.com\/wp-content\/uploads\/sites\/7\/2018\/04\/woo-themes-plugins_woocommerce-customer-order-coupon-csv-import-suite-plugin-woocommerce.jpg","type":"image\/jpeg"}],"twitter_misc":{"Gesch\u00e4tzte Lesezeit":"1\u00a0Minute"},"schema":{"@context":"https:\/\/schema.org","@graph":[{"@type":"WebPage","@id":"https:\/\/woo-themes-plugins.com\/de\/produkt\/kunde-auftrag-csv-coupon-import-suite-woocommerce-plugin-importieren-von-daten\/","url":"https:\/\/woo-themes-plugins.com\/de\/produkt\/kunde-auftrag-csv-coupon-import-suite-woocommerce-plugin-importieren-von-daten\/","name":"Kunden \/ Bestellung \/ CSV Coupon Import Suite - WooCommerce Plugin","isPartOf":{"@id":"https:\/\/woo-themes-plugins.com\/it\/#website"},"primaryImageOfPage":{"@id":"https:\/\/woo-themes-plugins.com\/de\/produkt\/kunde-auftrag-csv-coupon-import-suite-woocommerce-plugin-importieren-von-daten\/#primaryimage"},"image":{"@id":"https:\/\/woo-themes-plugins.com\/de\/produkt\/kunde-auftrag-csv-coupon-import-suite-woocommerce-plugin-importieren-von-daten\/#primaryimage"},"thumbnailUrl":"https:\/\/woo-themes-plugins.com\/wp-content\/uploads\/sites\/7\/2018\/04\/woo-themes-plugins_woocommerce-customer-order-coupon-csv-import-suite-plugin-woocommerce.jpg","datePublished":"2018-04-17T07:31:46+00:00","dateModified":"2018-04-26T16:48:48+00:00","description":"Das Importieren von Daten in WooCommerce im CSV-Format ist einfacher als je zuvor mit dem WooCommerce \"Kunden \/ Auftrag \/ Coupon CSV Import Suite\" -Plugin, einem unverzichtbaren WooCommerce-Plugin zum Importieren von CSV-Daten in WooCommerce.","breadcrumb":{"@id":"https:\/\/woo-themes-plugins.com\/de\/produkt\/kunde-auftrag-csv-coupon-import-suite-woocommerce-plugin-importieren-von-daten\/#breadcrumb"},"inLanguage":"de","potentialAction":[{"@type":"ReadAction","target":["https:\/\/woo-themes-plugins.com\/de\/produkt\/kunde-auftrag-csv-coupon-import-suite-woocommerce-plugin-importieren-von-daten\/"]}]},{"@type":"ImageObject","inLanguage":"de","@id":"https:\/\/woo-themes-plugins.com\/de\/produkt\/kunde-auftrag-csv-coupon-import-suite-woocommerce-plugin-importieren-von-daten\/#primaryimage","url":"https:\/\/woo-themes-plugins.com\/wp-content\/uploads\/sites\/7\/2018\/04\/woo-themes-plugins_woocommerce-customer-order-coupon-csv-import-suite-plugin-woocommerce.jpg","contentUrl":"https:\/\/woo-themes-plugins.com\/wp-content\/uploads\/sites\/7\/2018\/04\/woo-themes-plugins_woocommerce-customer-order-coupon-csv-import-suite-plugin-woocommerce.jpg","width":900,"height":900},{"@type":"BreadcrumbList","@id":"https:\/\/woo-themes-plugins.com\/de\/produkt\/kunde-auftrag-csv-coupon-import-suite-woocommerce-plugin-importieren-von-daten\/#breadcrumb","itemListElement":[{"@type":"ListItem","position":1,"name":"Accueil","item":"https:\/\/woo-themes-plugins.com\/fr\/"},{"@type":"ListItem","position":2,"name":"Shop","item":"https:\/\/woo-themes-plugins.com\/shop\/"},{"@type":"ListItem","position":3,"name":"Kunde \/ Auftrag \/ CSV Coupon Import Suite &#8211; WooCommerce Plugin Importieren von Daten"}]},{"@type":"WebSite","@id":"https:\/\/woo-themes-plugins.com\/it\/#website","url":"https:\/\/woo-themes-plugins.com\/it\/","name":"Woo-themes-plugins.com","description":"Tous les th\u00e8mes et plugins WooCommerce Premium","potentialAction":[{"@type":"SearchAction","target":{"@type":"EntryPoint","urlTemplate":"https:\/\/woo-themes-plugins.com\/it\/?s={search_term_string}"},"query-input":"required name=search_term_string"}],"inLanguage":"de"}]}},"_links":{"self":[{"href":"https:\/\/woo-themes-plugins.com\/de\/wp-json\/wp\/v2\/product\/4616","targetHints":{"allow":["GET"]}}],"collection":[{"href":"https:\/\/woo-themes-plugins.com\/de\/wp-json\/wp\/v2\/product"}],"about":[{"href":"https:\/\/woo-themes-plugins.com\/de\/wp-json\/wp\/v2\/types\/product"}],"wp:featuredmedia":[{"embeddable":true,"href":"https:\/\/woo-themes-plugins.com\/de\/wp-json\/wp\/v2\/media\/2958"}],"wp:attachment":[{"href":"https:\/\/woo-themes-plugins.com\/de\/wp-json\/wp\/v2\/media?parent=4616"}],"wp:term":[{"taxonomy":"product_cat","embeddable":true,"href":"https:\/\/woo-themes-plugins.com\/de\/wp-json\/wp\/v2\/product_cat?post=4616"},{"taxonomy":"product_tag","embeddable":true,"href":"https:\/\/woo-themes-plugins.com\/de\/wp-json\/wp\/v2\/product_tag?post=4616"}],"curies":[{"name":"wp","href":"https:\/\/api.w.org\/{rel}","templated":true}]}}