{"id":4617,"date":"2018-04-17T08:04:34","date_gmt":"2018-04-17T07:04:34","guid":{"rendered":"https:\/\/woo-themes-plugins.com\/product\/sage-pay-zahlung-bank-plugin-woocommerce-erweiterung\/"},"modified":"2018-04-26T17:48:56","modified_gmt":"2018-04-26T16:48:56","slug":"sage-pay-zahlung-bank-plugin-woocommerce-erweiterung","status":"publish","type":"product","link":"https:\/\/woo-themes-plugins.com\/de\/product\/sage-pay-zahlung-bank-plugin-woocommerce-erweiterung\/","title":{"rendered":"Sage Pay &#8211; Zahlung \/ Bank Plugin &#8211; WooCommerce Erweiterung"},"content":{"rendered":"<p><span id=\"result_box\" class=\"\" lang=\"de\"><span title=\"Gr\u00e2ce \u00e0 ce plugin WooCommerce, tu vas \u00eatre en mesure d'impl\u00e9menter deux types de passerelles de paiements diff\u00e9rentes.\">Mit diesem WooCommerce-Plugin k\u00f6nnen Sie zwei verschiedene Arten von Zahlungs-Gateways implementieren. <\/span><span title=\"Ce plugin de paiement WooCommerce a \u00e9t\u00e9 d\u00e9velopp\u00e9 de mani\u00e8re \u00e0 offrir une int\u00e9gration \u00e0 WooCommerce simple et rapide.\">Dieses WooCommerce-Zahlungs-Plugin wurde entwickelt, um eine einfache und schnelle WooCommerce-Integration zu bieten. <\/span><span title=\"Tu auras le choix entre une des deux passerelles de paiement, voir utiliser les deux en m\u00eame temps. \">Sie haben die Wahl zwischen einem der beiden Payment-Gateways, siehe beide gleichzeitig.<\/span><\/span><\/p>\n<p><span title=\"La premi\u00e8re solution d'int\u00e9gration de ce plugin de paiement passe par la mise en place d'un formulaire de paiement g\u00e9n\u00e9r\u00e9 par Sage Pay, directement sur ton site WooCommerce.\">Die erste Integrationsl\u00f6sung f\u00fcr dieses Zahlungs-Plugin ist die Implementierung eines von Sage Pay generierten Zahlungsformulars direkt auf Ihrer WooCommerce-Website. <\/span><span title=\"Ce formulaire est encrypt\u00e9, l'ensemble est fournis par le plugin Sage Pay.\">Dieses Formular ist verschl\u00fcsselt, das Ganze wird vom Sage Pay-Plugin bereitgestellt. <\/span><span title=\"Une fois les informations du formulaire remplies, l'internaute sera renvoy\u00e9 sur une page de paiement chez Sage. \">Sobald die Formularinformationen vollst\u00e4ndig sind, wird der Benutzer zu einer Zahlungsseite bei Sage zur\u00fcckgeleitet.<\/span><\/p>\n<p><span title=\"Pour gagner encore plus de temps, l'internaute pourra demander \u00e0 ce que son num\u00e9ro de carte bancaire soit m\u00e9moris\u00e9 par la partie bancaire de Sage Pay.\">Um noch mehr Zeit zu sparen, kann der Benutzer verlangen, dass seine Kreditkartennummer durch den Bankanteil von Sage Pay gespeichert wird. <\/span><span title=\"Encore mieux, en mode direct h\u00e9bergement WooCommerce, Sage Pay int\u00e9grera l'ensemble du processus de paiement sur ton site WooCommerce.\">Noch besser ist, Direkt-Modus-Hosting WooCommerce, Sage Pay den gesamten Zahlungsprozess auf Ihrer Webseite WooCommerce integrieren. <\/span><span title=\"Bien \u00e9videment, un certificat SSL sera indispensable.\">Offensichtlich ist ein SSL-Zertifikat erforderlich. <\/span><span title=\"Si tu as un bon , aucun probl\u00e8me pour toi.\">Wenn Sie ein gutes, kein Problem f\u00fcr Sie haben.<\/span><\/p>\n","protected":false},"excerpt":{"rendered":"<p><span id=\"result_box\" class=\"\" lang=\"de\">Akzeptiert Ihr WooCommerce-Shop Zahlungen aus Gro\u00dfbritannien? Das ist ziemlich gut, weise Bezahlung ist das WooCommerce-Plugin, mit dem Sie diese f\u00fcr Gro\u00dfbritannien reservierte Zahlungsl\u00f6sung einrichten k\u00f6nnen.<\/span><\/p>\n","protected":false},"featured_media":2941,"template":"","meta":{"_monsterinsights_skip_tracking":false,"_monsterinsights_sitenote_active":false,"_monsterinsights_sitenote_note":"","_monsterinsights_sitenote_category":0},"product_cat":[208],"product_tag":[1069,1044],"class_list":["post-4617","product","type-product","status-publish","has-post-thumbnail","hentry","product_cat-plugin-woocommerce-de","product_tag-losungszahlung-woocommerce","product_tag-umbautunnel-kasse-woocommerce","pa_dev-woo-plugin-theme-andrew-benbow-de","pa_marketplace-woocommerce-woocommerce-com-de"],"yoast_head":"<!-- This site is optimized with the Yoast SEO plugin v23.1 - https:\/\/yoast.com\/wordpress\/plugins\/seo\/ -->\n<title>Sage Pay - Zahlung \/ Bank Plugin - WooCommerce Erweiterung<\/title>\n<meta name=\"description\" content=\"Dein Gesch\u00e4ft ist in Gro\u00dfbritannien? Dieses WooCommerce-Plugin, um Kreditkartenzahlungen zu akzeptieren, sollte Sie sehr interessieren. Sage Pay ist das von Sage entwickelte WooCommerce-Plugin, mit dem Sie ihre Dienste direkt in Ihrem Online-Shop nutzen k\u00f6nnen.\" \/>\n<meta name=\"robots\" content=\"index, follow, max-snippet:-1, max-image-preview:large, max-video-preview:-1\" \/>\n<link rel=\"canonical\" href=\"https:\/\/woo-themes-plugins.com\/de\/produkt\/sage-pay-zahlung-bank-plugin-woocommerce-erweiterung\/\" \/>\n<meta property=\"og:locale\" content=\"de_DE\" \/>\n<meta property=\"og:type\" content=\"article\" \/>\n<meta property=\"og:title\" content=\"Sage Pay - Zahlung \/ Bank Plugin - WooCommerce Erweiterung\" \/>\n<meta property=\"og:description\" content=\"Dein Gesch\u00e4ft ist in Gro\u00dfbritannien? Dieses WooCommerce-Plugin, um Kreditkartenzahlungen zu akzeptieren, sollte Sie sehr interessieren. Sage Pay ist das von Sage entwickelte WooCommerce-Plugin, mit dem Sie ihre Dienste direkt in Ihrem Online-Shop nutzen k\u00f6nnen.\" \/>\n<meta property=\"og:url\" content=\"https:\/\/woo-themes-plugins.com\/de\/produkt\/sage-pay-zahlung-bank-plugin-woocommerce-erweiterung\/\" \/>\n<meta property=\"og:site_name\" content=\"Woo-themes-plugins.com\" \/>\n<meta property=\"article:modified_time\" content=\"2018-04-26T16:48:56+00:00\" \/>\n<meta property=\"og:image\" content=\"https:\/\/woo-themes-plugins.com\/wp-content\/uploads\/sites\/7\/2018\/04\/woo-themes-plugins_woocommerce-sage-pay-plugin-paiement-banquaire-cb-plugin-woocommerce.jpg\" \/>\n\t<meta property=\"og:image:width\" content=\"900\" \/>\n\t<meta property=\"og:image:height\" content=\"900\" \/>\n\t<meta property=\"og:image:type\" content=\"image\/jpeg\" \/>\n<meta name=\"twitter:label1\" content=\"Gesch\u00e4tzte Lesezeit\" \/>\n\t<meta name=\"twitter:data1\" content=\"1\u00a0Minute\" \/>\n<script type=\"application\/ld+json\" class=\"yoast-schema-graph\">{\"@context\":\"https:\/\/schema.org\",\"@graph\":[{\"@type\":\"WebPage\",\"@id\":\"https:\/\/woo-themes-plugins.com\/de\/produkt\/sage-pay-zahlung-bank-plugin-woocommerce-erweiterung\/\",\"url\":\"https:\/\/woo-themes-plugins.com\/de\/produkt\/sage-pay-zahlung-bank-plugin-woocommerce-erweiterung\/\",\"name\":\"Sage Pay - Zahlung \/ Bank Plugin - WooCommerce Erweiterung\",\"isPartOf\":{\"@id\":\"https:\/\/woo-themes-plugins.com\/it\/#website\"},\"primaryImageOfPage\":{\"@id\":\"https:\/\/woo-themes-plugins.com\/de\/produkt\/sage-pay-zahlung-bank-plugin-woocommerce-erweiterung\/#primaryimage\"},\"image\":{\"@id\":\"https:\/\/woo-themes-plugins.com\/de\/produkt\/sage-pay-zahlung-bank-plugin-woocommerce-erweiterung\/#primaryimage\"},\"thumbnailUrl\":\"https:\/\/woo-themes-plugins.com\/wp-content\/uploads\/sites\/7\/2018\/04\/woo-themes-plugins_woocommerce-sage-pay-plugin-paiement-banquaire-cb-plugin-woocommerce.jpg\",\"datePublished\":\"2018-04-17T07:04:34+00:00\",\"dateModified\":\"2018-04-26T16:48:56+00:00\",\"description\":\"Dein Gesch\u00e4ft ist in Gro\u00dfbritannien? Dieses WooCommerce-Plugin, um Kreditkartenzahlungen zu akzeptieren, sollte Sie sehr interessieren. Sage Pay ist das von Sage entwickelte WooCommerce-Plugin, mit dem Sie ihre Dienste direkt in Ihrem Online-Shop nutzen k\u00f6nnen.\",\"breadcrumb\":{\"@id\":\"https:\/\/woo-themes-plugins.com\/de\/produkt\/sage-pay-zahlung-bank-plugin-woocommerce-erweiterung\/#breadcrumb\"},\"inLanguage\":\"de\",\"potentialAction\":[{\"@type\":\"ReadAction\",\"target\":[\"https:\/\/woo-themes-plugins.com\/de\/produkt\/sage-pay-zahlung-bank-plugin-woocommerce-erweiterung\/\"]}]},{\"@type\":\"ImageObject\",\"inLanguage\":\"de\",\"@id\":\"https:\/\/woo-themes-plugins.com\/de\/produkt\/sage-pay-zahlung-bank-plugin-woocommerce-erweiterung\/#primaryimage\",\"url\":\"https:\/\/woo-themes-plugins.com\/wp-content\/uploads\/sites\/7\/2018\/04\/woo-themes-plugins_woocommerce-sage-pay-plugin-paiement-banquaire-cb-plugin-woocommerce.jpg\",\"contentUrl\":\"https:\/\/woo-themes-plugins.com\/wp-content\/uploads\/sites\/7\/2018\/04\/woo-themes-plugins_woocommerce-sage-pay-plugin-paiement-banquaire-cb-plugin-woocommerce.jpg\",\"width\":900,\"height\":900},{\"@type\":\"BreadcrumbList\",\"@id\":\"https:\/\/woo-themes-plugins.com\/de\/produkt\/sage-pay-zahlung-bank-plugin-woocommerce-erweiterung\/#breadcrumb\",\"itemListElement\":[{\"@type\":\"ListItem\",\"position\":1,\"name\":\"Accueil\",\"item\":\"https:\/\/woo-themes-plugins.com\/fr\/\"},{\"@type\":\"ListItem\",\"position\":2,\"name\":\"Shop\",\"item\":\"https:\/\/woo-themes-plugins.com\/shop\/\"},{\"@type\":\"ListItem\",\"position\":3,\"name\":\"Sage Pay &#8211; Zahlung \/ Bank Plugin &#8211; WooCommerce Erweiterung\"}]},{\"@type\":\"WebSite\",\"@id\":\"https:\/\/woo-themes-plugins.com\/it\/#website\",\"url\":\"https:\/\/woo-themes-plugins.com\/it\/\",\"name\":\"Woo-themes-plugins.com\",\"description\":\"Tous les th\u00e8mes et plugins WooCommerce Premium\",\"potentialAction\":[{\"@type\":\"SearchAction\",\"target\":{\"@type\":\"EntryPoint\",\"urlTemplate\":\"https:\/\/woo-themes-plugins.com\/it\/?s={search_term_string}\"},\"query-input\":\"required name=search_term_string\"}],\"inLanguage\":\"de\"}]}<\/script>\n<!-- \/ Yoast SEO plugin. -->","yoast_head_json":{"title":"Sage Pay - Zahlung \/ Bank Plugin - WooCommerce Erweiterung","description":"Dein Gesch\u00e4ft ist in Gro\u00dfbritannien? Dieses WooCommerce-Plugin, um Kreditkartenzahlungen zu akzeptieren, sollte Sie sehr interessieren. Sage Pay ist das von Sage entwickelte WooCommerce-Plugin, mit dem Sie ihre Dienste direkt in Ihrem Online-Shop nutzen k\u00f6nnen.","robots":{"index":"index","follow":"follow","max-snippet":"max-snippet:-1","max-image-preview":"max-image-preview:large","max-video-preview":"max-video-preview:-1"},"canonical":"https:\/\/woo-themes-plugins.com\/de\/produkt\/sage-pay-zahlung-bank-plugin-woocommerce-erweiterung\/","og_locale":"de_DE","og_type":"article","og_title":"Sage Pay - Zahlung \/ Bank Plugin - WooCommerce Erweiterung","og_description":"Dein Gesch\u00e4ft ist in Gro\u00dfbritannien? Dieses WooCommerce-Plugin, um Kreditkartenzahlungen zu akzeptieren, sollte Sie sehr interessieren. Sage Pay ist das von Sage entwickelte WooCommerce-Plugin, mit dem Sie ihre Dienste direkt in Ihrem Online-Shop nutzen k\u00f6nnen.","og_url":"https:\/\/woo-themes-plugins.com\/de\/produkt\/sage-pay-zahlung-bank-plugin-woocommerce-erweiterung\/","og_site_name":"Woo-themes-plugins.com","article_modified_time":"2018-04-26T16:48:56+00:00","og_image":[{"width":900,"height":900,"url":"https:\/\/woo-themes-plugins.com\/wp-content\/uploads\/sites\/7\/2018\/04\/woo-themes-plugins_woocommerce-sage-pay-plugin-paiement-banquaire-cb-plugin-woocommerce.jpg","type":"image\/jpeg"}],"twitter_misc":{"Gesch\u00e4tzte Lesezeit":"1\u00a0Minute"},"schema":{"@context":"https:\/\/schema.org","@graph":[{"@type":"WebPage","@id":"https:\/\/woo-themes-plugins.com\/de\/produkt\/sage-pay-zahlung-bank-plugin-woocommerce-erweiterung\/","url":"https:\/\/woo-themes-plugins.com\/de\/produkt\/sage-pay-zahlung-bank-plugin-woocommerce-erweiterung\/","name":"Sage Pay - Zahlung \/ Bank Plugin - WooCommerce Erweiterung","isPartOf":{"@id":"https:\/\/woo-themes-plugins.com\/it\/#website"},"primaryImageOfPage":{"@id":"https:\/\/woo-themes-plugins.com\/de\/produkt\/sage-pay-zahlung-bank-plugin-woocommerce-erweiterung\/#primaryimage"},"image":{"@id":"https:\/\/woo-themes-plugins.com\/de\/produkt\/sage-pay-zahlung-bank-plugin-woocommerce-erweiterung\/#primaryimage"},"thumbnailUrl":"https:\/\/woo-themes-plugins.com\/wp-content\/uploads\/sites\/7\/2018\/04\/woo-themes-plugins_woocommerce-sage-pay-plugin-paiement-banquaire-cb-plugin-woocommerce.jpg","datePublished":"2018-04-17T07:04:34+00:00","dateModified":"2018-04-26T16:48:56+00:00","description":"Dein Gesch\u00e4ft ist in Gro\u00dfbritannien? Dieses WooCommerce-Plugin, um Kreditkartenzahlungen zu akzeptieren, sollte Sie sehr interessieren. Sage Pay ist das von Sage entwickelte WooCommerce-Plugin, mit dem Sie ihre Dienste direkt in Ihrem Online-Shop nutzen k\u00f6nnen.","breadcrumb":{"@id":"https:\/\/woo-themes-plugins.com\/de\/produkt\/sage-pay-zahlung-bank-plugin-woocommerce-erweiterung\/#breadcrumb"},"inLanguage":"de","potentialAction":[{"@type":"ReadAction","target":["https:\/\/woo-themes-plugins.com\/de\/produkt\/sage-pay-zahlung-bank-plugin-woocommerce-erweiterung\/"]}]},{"@type":"ImageObject","inLanguage":"de","@id":"https:\/\/woo-themes-plugins.com\/de\/produkt\/sage-pay-zahlung-bank-plugin-woocommerce-erweiterung\/#primaryimage","url":"https:\/\/woo-themes-plugins.com\/wp-content\/uploads\/sites\/7\/2018\/04\/woo-themes-plugins_woocommerce-sage-pay-plugin-paiement-banquaire-cb-plugin-woocommerce.jpg","contentUrl":"https:\/\/woo-themes-plugins.com\/wp-content\/uploads\/sites\/7\/2018\/04\/woo-themes-plugins_woocommerce-sage-pay-plugin-paiement-banquaire-cb-plugin-woocommerce.jpg","width":900,"height":900},{"@type":"BreadcrumbList","@id":"https:\/\/woo-themes-plugins.com\/de\/produkt\/sage-pay-zahlung-bank-plugin-woocommerce-erweiterung\/#breadcrumb","itemListElement":[{"@type":"ListItem","position":1,"name":"Accueil","item":"https:\/\/woo-themes-plugins.com\/fr\/"},{"@type":"ListItem","position":2,"name":"Shop","item":"https:\/\/woo-themes-plugins.com\/shop\/"},{"@type":"ListItem","position":3,"name":"Sage Pay &#8211; Zahlung \/ Bank Plugin &#8211; WooCommerce Erweiterung"}]},{"@type":"WebSite","@id":"https:\/\/woo-themes-plugins.com\/it\/#website","url":"https:\/\/woo-themes-plugins.com\/it\/","name":"Woo-themes-plugins.com","description":"Tous les th\u00e8mes et plugins WooCommerce Premium","potentialAction":[{"@type":"SearchAction","target":{"@type":"EntryPoint","urlTemplate":"https:\/\/woo-themes-plugins.com\/it\/?s={search_term_string}"},"query-input":"required name=search_term_string"}],"inLanguage":"de"}]}},"_links":{"self":[{"href":"https:\/\/woo-themes-plugins.com\/de\/wp-json\/wp\/v2\/product\/4617","targetHints":{"allow":["GET"]}}],"collection":[{"href":"https:\/\/woo-themes-plugins.com\/de\/wp-json\/wp\/v2\/product"}],"about":[{"href":"https:\/\/woo-themes-plugins.com\/de\/wp-json\/wp\/v2\/types\/product"}],"wp:featuredmedia":[{"embeddable":true,"href":"https:\/\/woo-themes-plugins.com\/de\/wp-json\/wp\/v2\/media\/2941"}],"wp:attachment":[{"href":"https:\/\/woo-themes-plugins.com\/de\/wp-json\/wp\/v2\/media?parent=4617"}],"wp:term":[{"taxonomy":"product_cat","embeddable":true,"href":"https:\/\/woo-themes-plugins.com\/de\/wp-json\/wp\/v2\/product_cat?post=4617"},{"taxonomy":"product_tag","embeddable":true,"href":"https:\/\/woo-themes-plugins.com\/de\/wp-json\/wp\/v2\/product_tag?post=4617"}],"curies":[{"name":"wp","href":"https:\/\/api.w.org\/{rel}","templated":true}]}}