{"id":4618,"date":"2018-03-28T08:41:06","date_gmt":"2018-03-28T07:41:06","guid":{"rendered":"https:\/\/woo-themes-plugins.com\/product\/fulle-woocommerce-theme-vielseitig-stilvoll-megamenu-zoom-html5\/"},"modified":"2018-04-26T17:49:07","modified_gmt":"2018-04-26T16:49:07","slug":"fulle-woocommerce-theme-vielseitig-stilvoll-megamenu-zoom-html5","status":"publish","type":"product","link":"https:\/\/woo-themes-plugins.com\/de\/product\/fulle-woocommerce-theme-vielseitig-stilvoll-megamenu-zoom-html5\/","title":{"rendered":"Abundance &#8211; WooCommerce Theme Vielseitig &amp; amp; Stilvoll &#8211; MegaMenu, Zoom &amp; amp; HTML5"},"content":{"rendered":"<p><span id=\"result_box\" class=\"\" lang=\"de\"><span title=\"Abundance est un th\u00e8me pour WooCommerce qui cherche \u00e0 \u00eatre esth\u00e9tiquement \u00e9l\u00e9gant et techniquement polyvalent, le tout sans le moindre besoin de connaissance en terme de d\u00e9veloppement web. \">Abundance ist ein Thema f\u00fcr WooCommerce, das \u00e4sthetisch elegant und technisch vielseitig sein will, ohne das geringste Wissen in Bezug auf Web-Entwicklung.<\/span><\/span><\/p>\n<p><span title=\"Le nom de ce th\u00e8me WooCommerce se comprend rapidement lorsqu'on prend connaissance de toutes les options qu'il embarque.\">Der Name dieses Themas WooCommerce ist schnell verst\u00e4ndlich, wenn Sie alle Optionen beachten, die es eingeht. <\/span><span title=\"Prenons par exemple les lecteurs de diaporamas (slideshow).\">Nimm zum Beispiel Diashow-Spieler (Slideshow). <\/span><span title=\"Il en propose 5 diff\u00e9rents : \u00a0\u00a0\u00a0\u00a0\">Er schl\u00e4gt 5 verschiedene vor:<\/span><\/p>\n<p><span title=\"AviaCordion Slider : Un syst\u00e8me de diaporama totalement int\u00e9gr\u00e9 \u00e0 ton site, gr\u00e2ce \u00e0 du JavaScript.\">AviaCordion Slider: Ein Diashow-System, das dank JavaScript vollst\u00e4ndig in Ihre Site integriert ist. <\/span><span title=\"Ce diaporama accepte aussi bien les images que les vid\u00e9os, et peut tout ouvrir dans une lightbox. \u00a0\u00a0\u00a0\u00a0\">Diese Diashow akzeptiert Bilder sowie Videos und kann alles in einem Leuchtkasten \u00f6ffnen.<br \/>\n<\/span><span title=\"Piecemaker2 : Syst\u00e8me de slide 3D qui est enti\u00e8rement configurable au travers de l'interface d'administration de WordPress.. \u00a0\u00a0\u00a0\u00a0\">Piecemaker2: 3D-Foliensystem, das \u00fcber die Administrationsoberfl\u00e4che von WordPress vollst\u00e4ndig konfigurierbar ist.<br \/>\n<\/span><span title=\"Aviaslider : Tr\u00e8s proche du premier slider, celui-ci accepte en plus beaucoup d'effets de transitions. \u00a0\u00a0\u00a0\u00a0\">Aviaslider: Sehr nahe am ersten Slider, dieser akzeptiert zus\u00e4tzlich viele Effekte von \u00dcberg\u00e4ngen.<br \/>\n<\/span><span title=\"Fade Slider : Un syst\u00e8me de diaporama tr\u00e8s limit\u00e9, mais tr\u00e8s l\u00eager. \u00a0\u00a0\u00a0\u00a0\">Fade Slider: Ein sehr begrenztes Diashow-System, aber sehr leicht.<br \/>\n<\/span><span title=\"Caption Slider : Ce syst\u00e8me de diaporama peut venir am\u00e9liorer un peu le rendu de tes images, tout en proposant l'ajout de boutons. \">Caption Slider: Dieses Slideshow-System kann das Rendern Ihrer Bilder verbessern und bietet zus\u00e4tzlich Schaltfl\u00e4chen an.<\/span><\/p>\n<p><span title=\"Pour ce qui est des polices de caract\u00e8re et des couleurs, tu auras acc\u00e8s \u00e0 une interface de personnalisation.\">F\u00fcr Schriftarten und Farben haben Sie Zugriff auf eine Personalisierungsoberfl\u00e4che. <\/span><span title=\"Pour gagner du temps, tu peux choisir parmi une s\u00e9lection de 16 palettes de couleurs diff\u00e9rentes. \">Um Zeit zu sparen, k\u00f6nnen Sie aus einer Auswahl von 16 verschiedenen Farbpaletten w\u00e4hlen.<\/span><\/p>\n<p><span title=\"La mise en page de l'ensemble de ton site est assur\u00e9e par le fait que ce th\u00e8me vient avec beaucoup d'\u00e9l\u00e9ments de mise en page pr\u00e9configur\u00e9s, mais qui peuvent toujours \u00eatre modifi\u00e9es pour s'adapter \u00e0 tes besoins.\">Das Layout Ihrer gesamten Site wird dadurch gew\u00e4hrleistet, dass dieses Theme mit vielen vorkonfigurierten Layout-Elementen ausgeliefert wird, aber dennoch an Ihre Bed\u00fcrfnisse angepasst werden kann. <\/span><span title=\"Abundance pense aussi que la partie blog d'un site de eCommerce est une part importante et doit \u00e0 ce titre \u00eatre bien trait\u00e9e.\">Abundance ist auch der Meinung, dass der Blog-Teil einer E-Commerce-Site ein wichtiger Teil ist und gut behandelt werden sollte. <\/span><span title=\"C'est pourquoi tu vas pouvoir choisir parmi diff\u00e9rentes proposition aussi pour ton blog;\">Deshalb k\u00f6nnen Sie zwischen verschiedenen Vorschl\u00e4gen auch f\u00fcr Ihren Blog w\u00e4hlen; <\/span><span title=\"ce qui se fait quand m\u00eame de plus en plus rare dans les th\u00e8mes trop concentr\u00e9s sur WooCommerce.\">Das ist immer noch seltener in den Themen, die sich auf WooCommerce konzentrieren.<\/span><\/p>\n","protected":false},"excerpt":{"rendered":"<p><span id=\"result_box\" class=\"\" lang=\"de\">Suchst du nach einem WooCommerce-Thema, das vor allem f\u00fcr erstklassige SEO-Leistung entwickelt wurde? So ist Abundance ein WooCommerce-Thema, das genau studiert werden muss, da sein Designer besondere Aufmerksamkeit schenken muss. Lesen Sie nur das Folgende, um \u00fcberzeugt zu sein: W\u00e4hrend des gesamten Entwicklungsprozesses wurde dieses Thema unter Ber\u00fccksichtigung aller relevanten Regeln f\u00fcr SEO entwickelt, weshalb der gesamte Code HMTL Tags verwendet Semantik validieren. Alle wichtigen Inhalte f\u00fcr die nat\u00fcrliche Referenzierung werden immer so hoch wie m\u00f6glich im Quellcode platziert, um ihre Bedeutung f\u00fcr Suchmaschinenroboter zu verdeutlichen.<\/span><\/p>\n<p>Um schnell eine E-Commerce-Site mit WooCommerce zu erstellen, ist dieses Thema auch ideal, da es 16 verschiedene Layouts f\u00fcr die Homepage enth\u00e4lt.<\/p>\n","protected":false},"featured_media":3127,"template":"","meta":{"_monsterinsights_skip_tracking":false,"_monsterinsights_sitenote_active":false,"_monsterinsights_sitenote_note":"","_monsterinsights_sitenote_category":0},"product_cat":[209],"product_tag":[1043,1057,1116,1088,1098,1101,1065,1119,1110],"class_list":["post-4618","product","type-product","status-publish","has-post-thumbnail","hentry","product_cat-woocommerce-thema-de","product_tag-anfanger-woocommerce","product_tag-personalisierbare-woocommerce-themen","product_tag-willkommener-installation-ein-klick","product_tag-woocommerce-modehaus","product_tag-woocommerce-luxus-hohe-range","product_tag-woocommerce-mehrsprachig-de","product_tag-woocommerce-responsive-de","product_tag-woocommerce-thema-mit-blog","product_tag-woocommerce-thema-mit-builder-de","pa_dev-woo-plugin-theme-kriesi-de","pa_marketplace-woocommerce-themeforest-net-de"],"yoast_head":"<!-- This site is optimized with the Yoast SEO plugin v23.1 - https:\/\/yoast.com\/wordpress\/plugins\/seo\/ -->\n<title>Abundance - WooCommerce Theme Vielseitig &amp; amp; Stilvoll - MegaMenu, Zoom &amp; amp; HTML5 - Woo-themes-plugins.com<\/title>\n<meta name=\"robots\" content=\"index, follow, max-snippet:-1, max-image-preview:large, max-video-preview:-1\" \/>\n<link rel=\"canonical\" href=\"https:\/\/woo-themes-plugins.com\/de\/produkt\/fulle-woocommerce-theme-vielseitig-stilvoll-megamenu-zoom-html5\/\" \/>\n<meta property=\"og:locale\" content=\"de_DE\" \/>\n<meta property=\"og:type\" content=\"article\" \/>\n<meta property=\"og:title\" content=\"Abundance - WooCommerce Theme Vielseitig &amp; amp; Stilvoll - MegaMenu, Zoom &amp; amp; HTML5 - Woo-themes-plugins.com\" \/>\n<meta property=\"og:description\" content=\"Suchst du nach einem WooCommerce-Thema, das vor allem f\u00fcr erstklassige SEO-Leistung entwickelt wurde? So ist Abundance ein WooCommerce-Thema, das genau studiert werden muss, da sein Designer besondere Aufmerksamkeit schenken muss. Lesen Sie nur das Folgende, um \u00fcberzeugt zu sein: W\u00e4hrend des gesamten Entwicklungsprozesses wurde dieses Thema unter Ber\u00fccksichtigung aller relevanten Regeln f\u00fcr SEO entwickelt, weshalb der gesamte Code HMTL Tags verwendet Semantik validieren. Alle wichtigen Inhalte f\u00fcr die nat\u00fcrliche Referenzierung werden immer so hoch wie m\u00f6glich im Quellcode platziert, um ihre Bedeutung f\u00fcr Suchmaschinenroboter zu verdeutlichen.  Um schnell eine E-Commerce-Site mit WooCommerce zu erstellen, ist dieses Thema auch ideal, da es 16 verschiedene Layouts f\u00fcr die Homepage enth\u00e4lt.\" \/>\n<meta property=\"og:url\" content=\"https:\/\/woo-themes-plugins.com\/de\/produkt\/fulle-woocommerce-theme-vielseitig-stilvoll-megamenu-zoom-html5\/\" \/>\n<meta property=\"og:site_name\" content=\"Woo-themes-plugins.com\" \/>\n<meta property=\"article:modified_time\" content=\"2018-04-26T16:49:07+00:00\" \/>\n<meta property=\"og:image\" content=\"https:\/\/woo-themes-plugins.com\/wp-content\/uploads\/sites\/7\/2018\/03\/woo-themes-plugins-abundance-theme-woocommerce-polyvalent-elegant-megamenu-zoom-html5-4.jpg\" \/>\n\t<meta property=\"og:image:width\" content=\"644\" \/>\n\t<meta property=\"og:image:height\" content=\"900\" \/>\n\t<meta property=\"og:image:type\" content=\"image\/jpeg\" \/>\n<meta name=\"twitter:label1\" content=\"Gesch\u00e4tzte Lesezeit\" \/>\n\t<meta name=\"twitter:data1\" content=\"1\u00a0Minute\" \/>\n<script type=\"application\/ld+json\" class=\"yoast-schema-graph\">{\"@context\":\"https:\/\/schema.org\",\"@graph\":[{\"@type\":\"WebPage\",\"@id\":\"https:\/\/woo-themes-plugins.com\/de\/produkt\/fulle-woocommerce-theme-vielseitig-stilvoll-megamenu-zoom-html5\/\",\"url\":\"https:\/\/woo-themes-plugins.com\/de\/produkt\/fulle-woocommerce-theme-vielseitig-stilvoll-megamenu-zoom-html5\/\",\"name\":\"Abundance - WooCommerce Theme Vielseitig &amp; amp; Stilvoll - MegaMenu, Zoom &amp; amp; HTML5 - Woo-themes-plugins.com\",\"isPartOf\":{\"@id\":\"https:\/\/woo-themes-plugins.com\/it\/#website\"},\"primaryImageOfPage\":{\"@id\":\"https:\/\/woo-themes-plugins.com\/de\/produkt\/fulle-woocommerce-theme-vielseitig-stilvoll-megamenu-zoom-html5\/#primaryimage\"},\"image\":{\"@id\":\"https:\/\/woo-themes-plugins.com\/de\/produkt\/fulle-woocommerce-theme-vielseitig-stilvoll-megamenu-zoom-html5\/#primaryimage\"},\"thumbnailUrl\":\"https:\/\/woo-themes-plugins.com\/wp-content\/uploads\/sites\/7\/2018\/03\/woo-themes-plugins-abundance-theme-woocommerce-polyvalent-elegant-megamenu-zoom-html5-4.jpg\",\"datePublished\":\"2018-03-28T07:41:06+00:00\",\"dateModified\":\"2018-04-26T16:49:07+00:00\",\"breadcrumb\":{\"@id\":\"https:\/\/woo-themes-plugins.com\/de\/produkt\/fulle-woocommerce-theme-vielseitig-stilvoll-megamenu-zoom-html5\/#breadcrumb\"},\"inLanguage\":\"de\",\"potentialAction\":[{\"@type\":\"ReadAction\",\"target\":[\"https:\/\/woo-themes-plugins.com\/de\/produkt\/fulle-woocommerce-theme-vielseitig-stilvoll-megamenu-zoom-html5\/\"]}]},{\"@type\":\"ImageObject\",\"inLanguage\":\"de\",\"@id\":\"https:\/\/woo-themes-plugins.com\/de\/produkt\/fulle-woocommerce-theme-vielseitig-stilvoll-megamenu-zoom-html5\/#primaryimage\",\"url\":\"https:\/\/woo-themes-plugins.com\/wp-content\/uploads\/sites\/7\/2018\/03\/woo-themes-plugins-abundance-theme-woocommerce-polyvalent-elegant-megamenu-zoom-html5-4.jpg\",\"contentUrl\":\"https:\/\/woo-themes-plugins.com\/wp-content\/uploads\/sites\/7\/2018\/03\/woo-themes-plugins-abundance-theme-woocommerce-polyvalent-elegant-megamenu-zoom-html5-4.jpg\",\"width\":644,\"height\":900},{\"@type\":\"BreadcrumbList\",\"@id\":\"https:\/\/woo-themes-plugins.com\/de\/produkt\/fulle-woocommerce-theme-vielseitig-stilvoll-megamenu-zoom-html5\/#breadcrumb\",\"itemListElement\":[{\"@type\":\"ListItem\",\"position\":1,\"name\":\"Accueil\",\"item\":\"https:\/\/woo-themes-plugins.com\/fr\/\"},{\"@type\":\"ListItem\",\"position\":2,\"name\":\"Shop\",\"item\":\"https:\/\/woo-themes-plugins.com\/shop\/\"},{\"@type\":\"ListItem\",\"position\":3,\"name\":\"Abundance &#8211; WooCommerce Theme Vielseitig &amp; amp; Stilvoll &#8211; MegaMenu, Zoom &amp; amp; HTML5\"}]},{\"@type\":\"WebSite\",\"@id\":\"https:\/\/woo-themes-plugins.com\/it\/#website\",\"url\":\"https:\/\/woo-themes-plugins.com\/it\/\",\"name\":\"Woo-themes-plugins.com\",\"description\":\"Tous les th\u00e8mes et plugins WooCommerce Premium\",\"potentialAction\":[{\"@type\":\"SearchAction\",\"target\":{\"@type\":\"EntryPoint\",\"urlTemplate\":\"https:\/\/woo-themes-plugins.com\/it\/?s={search_term_string}\"},\"query-input\":\"required name=search_term_string\"}],\"inLanguage\":\"de\"}]}<\/script>\n<!-- \/ Yoast SEO plugin. -->","yoast_head_json":{"title":"Abundance - WooCommerce Theme Vielseitig &amp; amp; Stilvoll - MegaMenu, Zoom &amp; amp; HTML5 - Woo-themes-plugins.com","robots":{"index":"index","follow":"follow","max-snippet":"max-snippet:-1","max-image-preview":"max-image-preview:large","max-video-preview":"max-video-preview:-1"},"canonical":"https:\/\/woo-themes-plugins.com\/de\/produkt\/fulle-woocommerce-theme-vielseitig-stilvoll-megamenu-zoom-html5\/","og_locale":"de_DE","og_type":"article","og_title":"Abundance - WooCommerce Theme Vielseitig &amp; amp; Stilvoll - MegaMenu, Zoom &amp; amp; HTML5 - Woo-themes-plugins.com","og_description":"Suchst du nach einem WooCommerce-Thema, das vor allem f\u00fcr erstklassige SEO-Leistung entwickelt wurde? So ist Abundance ein WooCommerce-Thema, das genau studiert werden muss, da sein Designer besondere Aufmerksamkeit schenken muss. Lesen Sie nur das Folgende, um \u00fcberzeugt zu sein: W\u00e4hrend des gesamten Entwicklungsprozesses wurde dieses Thema unter Ber\u00fccksichtigung aller relevanten Regeln f\u00fcr SEO entwickelt, weshalb der gesamte Code HMTL Tags verwendet Semantik validieren. Alle wichtigen Inhalte f\u00fcr die nat\u00fcrliche Referenzierung werden immer so hoch wie m\u00f6glich im Quellcode platziert, um ihre Bedeutung f\u00fcr Suchmaschinenroboter zu verdeutlichen.  Um schnell eine E-Commerce-Site mit WooCommerce zu erstellen, ist dieses Thema auch ideal, da es 16 verschiedene Layouts f\u00fcr die Homepage enth\u00e4lt.","og_url":"https:\/\/woo-themes-plugins.com\/de\/produkt\/fulle-woocommerce-theme-vielseitig-stilvoll-megamenu-zoom-html5\/","og_site_name":"Woo-themes-plugins.com","article_modified_time":"2018-04-26T16:49:07+00:00","og_image":[{"width":644,"height":900,"url":"https:\/\/woo-themes-plugins.com\/wp-content\/uploads\/sites\/7\/2018\/03\/woo-themes-plugins-abundance-theme-woocommerce-polyvalent-elegant-megamenu-zoom-html5-4.jpg","type":"image\/jpeg"}],"twitter_misc":{"Gesch\u00e4tzte Lesezeit":"1\u00a0Minute"},"schema":{"@context":"https:\/\/schema.org","@graph":[{"@type":"WebPage","@id":"https:\/\/woo-themes-plugins.com\/de\/produkt\/fulle-woocommerce-theme-vielseitig-stilvoll-megamenu-zoom-html5\/","url":"https:\/\/woo-themes-plugins.com\/de\/produkt\/fulle-woocommerce-theme-vielseitig-stilvoll-megamenu-zoom-html5\/","name":"Abundance - WooCommerce Theme Vielseitig &amp; amp; Stilvoll - MegaMenu, Zoom &amp; amp; HTML5 - Woo-themes-plugins.com","isPartOf":{"@id":"https:\/\/woo-themes-plugins.com\/it\/#website"},"primaryImageOfPage":{"@id":"https:\/\/woo-themes-plugins.com\/de\/produkt\/fulle-woocommerce-theme-vielseitig-stilvoll-megamenu-zoom-html5\/#primaryimage"},"image":{"@id":"https:\/\/woo-themes-plugins.com\/de\/produkt\/fulle-woocommerce-theme-vielseitig-stilvoll-megamenu-zoom-html5\/#primaryimage"},"thumbnailUrl":"https:\/\/woo-themes-plugins.com\/wp-content\/uploads\/sites\/7\/2018\/03\/woo-themes-plugins-abundance-theme-woocommerce-polyvalent-elegant-megamenu-zoom-html5-4.jpg","datePublished":"2018-03-28T07:41:06+00:00","dateModified":"2018-04-26T16:49:07+00:00","breadcrumb":{"@id":"https:\/\/woo-themes-plugins.com\/de\/produkt\/fulle-woocommerce-theme-vielseitig-stilvoll-megamenu-zoom-html5\/#breadcrumb"},"inLanguage":"de","potentialAction":[{"@type":"ReadAction","target":["https:\/\/woo-themes-plugins.com\/de\/produkt\/fulle-woocommerce-theme-vielseitig-stilvoll-megamenu-zoom-html5\/"]}]},{"@type":"ImageObject","inLanguage":"de","@id":"https:\/\/woo-themes-plugins.com\/de\/produkt\/fulle-woocommerce-theme-vielseitig-stilvoll-megamenu-zoom-html5\/#primaryimage","url":"https:\/\/woo-themes-plugins.com\/wp-content\/uploads\/sites\/7\/2018\/03\/woo-themes-plugins-abundance-theme-woocommerce-polyvalent-elegant-megamenu-zoom-html5-4.jpg","contentUrl":"https:\/\/woo-themes-plugins.com\/wp-content\/uploads\/sites\/7\/2018\/03\/woo-themes-plugins-abundance-theme-woocommerce-polyvalent-elegant-megamenu-zoom-html5-4.jpg","width":644,"height":900},{"@type":"BreadcrumbList","@id":"https:\/\/woo-themes-plugins.com\/de\/produkt\/fulle-woocommerce-theme-vielseitig-stilvoll-megamenu-zoom-html5\/#breadcrumb","itemListElement":[{"@type":"ListItem","position":1,"name":"Accueil","item":"https:\/\/woo-themes-plugins.com\/fr\/"},{"@type":"ListItem","position":2,"name":"Shop","item":"https:\/\/woo-themes-plugins.com\/shop\/"},{"@type":"ListItem","position":3,"name":"Abundance &#8211; WooCommerce Theme Vielseitig &amp; amp; Stilvoll &#8211; MegaMenu, Zoom &amp; amp; HTML5"}]},{"@type":"WebSite","@id":"https:\/\/woo-themes-plugins.com\/it\/#website","url":"https:\/\/woo-themes-plugins.com\/it\/","name":"Woo-themes-plugins.com","description":"Tous les th\u00e8mes et plugins WooCommerce Premium","potentialAction":[{"@type":"SearchAction","target":{"@type":"EntryPoint","urlTemplate":"https:\/\/woo-themes-plugins.com\/it\/?s={search_term_string}"},"query-input":"required name=search_term_string"}],"inLanguage":"de"}]}},"_links":{"self":[{"href":"https:\/\/woo-themes-plugins.com\/de\/wp-json\/wp\/v2\/product\/4618","targetHints":{"allow":["GET"]}}],"collection":[{"href":"https:\/\/woo-themes-plugins.com\/de\/wp-json\/wp\/v2\/product"}],"about":[{"href":"https:\/\/woo-themes-plugins.com\/de\/wp-json\/wp\/v2\/types\/product"}],"wp:featuredmedia":[{"embeddable":true,"href":"https:\/\/woo-themes-plugins.com\/de\/wp-json\/wp\/v2\/media\/3127"}],"wp:attachment":[{"href":"https:\/\/woo-themes-plugins.com\/de\/wp-json\/wp\/v2\/media?parent=4618"}],"wp:term":[{"taxonomy":"product_cat","embeddable":true,"href":"https:\/\/woo-themes-plugins.com\/de\/wp-json\/wp\/v2\/product_cat?post=4618"},{"taxonomy":"product_tag","embeddable":true,"href":"https:\/\/woo-themes-plugins.com\/de\/wp-json\/wp\/v2\/product_tag?post=4618"}],"curies":[{"name":"wp","href":"https:\/\/api.w.org\/{rel}","templated":true}]}}