{"id":4620,"date":"2018-03-28T08:18:40","date_gmt":"2018-03-28T07:18:40","guid":{"rendered":"https:\/\/woo-themes-plugins.com\/product\/cheope-shop-thema-woocommerce-ausstattung-flexible-theme-mehrsprachig\/"},"modified":"2018-04-26T17:49:27","modified_gmt":"2018-04-26T16:49:27","slug":"cheope-shop-thema-woocommerce-ausstattung-flexible-theme-mehrsprachig","status":"publish","type":"product","link":"https:\/\/woo-themes-plugins.com\/de\/product\/cheope-shop-thema-woocommerce-ausstattung-flexible-theme-mehrsprachig\/","title":{"rendered":"Cheope Shop &#8211; Thema WooCommerce Ausstattung &#8211; Flexible Theme &amp; amp; mehrsprachig"},"content":{"rendered":"","protected":false},"excerpt":{"rendered":"<p><span id=\"result_box\" class=\"\" lang=\"de\">Cheope Shop ist das Thema von WooCommerce-M\u00f6beln, die einen minimalistischen und modernen Stil auf brillante Weise kombinieren k\u00f6nnen. Zu unserer Freude eignet sich dieses Thema sowohl f\u00fcr WooCommerce als auch f\u00fcr die Engine, die ich WordPress nannte. So k\u00f6nnen wir \u00fcberall mit unserem neuen WooCommerce-Thema spielen. Werfen Sie einen Blick darauf, was zu diesem Thema geh\u00f6rt: 2 erweiterte Slider-Management-Plugins, ein sehr effektiver Produkt-Zoom, ein Pop-up-System, das nur f\u00fcr E-Commerce unverzichtbar ist, und mehr!<\/span><\/p>\n","protected":false},"featured_media":1081,"template":"","meta":{"_monsterinsights_skip_tracking":false,"_monsterinsights_sitenote_active":false,"_monsterinsights_sitenote_note":"","_monsterinsights_sitenote_category":0},"product_cat":[209],"product_tag":[1043,963,1057,1116,1086,1088,1106,1098,1101,1065,1119,1110,1080],"class_list":["post-4620","product","type-product","status-publish","has-post-thumbnail","hentry","product_cat-woocommerce-thema-de","product_tag-anfanger-woocommerce","product_tag-bundle-plugins-premium-de","product_tag-personalisierbare-woocommerce-themen","product_tag-willkommener-installation-ein-klick","product_tag-woocommerce-bekleidungsgeschaft","product_tag-woocommerce-modehaus","product_tag-woocommerce-revolution-slider-de-2","product_tag-woocommerce-luxus-hohe-range","product_tag-woocommerce-mehrsprachig-de","product_tag-woocommerce-responsive-de","product_tag-woocommerce-thema-mit-blog","product_tag-woocommerce-thema-mit-builder-de","product_tag-wunschliste-woocommerce","pa_dev-woo-plugin-theme-sara_p-de","pa_marketplace-woocommerce-themeforest-net-de"],"yoast_head":"<!-- This site is optimized with the Yoast SEO plugin v23.1 - https:\/\/yoast.com\/wordpress\/plugins\/seo\/ -->\n<title>Cheope Shop - Thema WooCommerce Einrichtung - Flexible Theme<\/title>\n<meta name=\"robots\" content=\"index, follow, max-snippet:-1, max-image-preview:large, max-video-preview:-1\" \/>\n<link rel=\"canonical\" href=\"https:\/\/woo-themes-plugins.com\/de\/produkt\/cheope-shop-thema-woocommerce-ausstattung-flexible-theme-mehrsprachig\/\" \/>\n<meta property=\"og:locale\" content=\"de_DE\" \/>\n<meta property=\"og:type\" content=\"article\" \/>\n<meta property=\"og:title\" content=\"Cheope Shop - Thema WooCommerce Einrichtung - Flexible Theme\" \/>\n<meta property=\"og:description\" content=\"Cheope Shop ist das Thema von WooCommerce-M\u00f6beln, die einen minimalistischen und modernen Stil auf brillante Weise kombinieren k\u00f6nnen. Zu unserer Freude eignet sich dieses Thema sowohl f\u00fcr WooCommerce als auch f\u00fcr die Engine, die ich WordPress nannte. So k\u00f6nnen wir \u00fcberall mit unserem neuen WooCommerce-Thema spielen. Werfen Sie einen Blick darauf, was zu diesem Thema geh\u00f6rt: 2 erweiterte Slider-Management-Plugins, ein sehr effektiver Produkt-Zoom, ein Pop-up-System, das nur f\u00fcr E-Commerce unverzichtbar ist, und mehr!\" \/>\n<meta property=\"og:url\" content=\"https:\/\/woo-themes-plugins.com\/de\/produkt\/cheope-shop-thema-woocommerce-ausstattung-flexible-theme-mehrsprachig\/\" \/>\n<meta property=\"og:site_name\" content=\"Woo-themes-plugins.com\" \/>\n<meta property=\"article:modified_time\" content=\"2018-04-26T16:49:27+00:00\" \/>\n<meta property=\"og:image\" content=\"https:\/\/woo-themes-plugins.com\/wp-content\/uploads\/sites\/7\/2018\/03\/woo-themes-plugins-handy-theme-woocommerce-ameublement-theme-flexible-multilingue-home-3.jpg\" \/>\n\t<meta property=\"og:image:width\" content=\"1146\" \/>\n\t<meta property=\"og:image:height\" content=\"900\" \/>\n\t<meta property=\"og:image:type\" content=\"image\/jpeg\" \/>\n<script type=\"application\/ld+json\" class=\"yoast-schema-graph\">{\"@context\":\"https:\/\/schema.org\",\"@graph\":[{\"@type\":\"WebPage\",\"@id\":\"https:\/\/woo-themes-plugins.com\/de\/produkt\/cheope-shop-thema-woocommerce-ausstattung-flexible-theme-mehrsprachig\/\",\"url\":\"https:\/\/woo-themes-plugins.com\/de\/produkt\/cheope-shop-thema-woocommerce-ausstattung-flexible-theme-mehrsprachig\/\",\"name\":\"Cheope Shop - Thema WooCommerce Einrichtung - Flexible Theme\",\"isPartOf\":{\"@id\":\"https:\/\/woo-themes-plugins.com\/it\/#website\"},\"primaryImageOfPage\":{\"@id\":\"https:\/\/woo-themes-plugins.com\/de\/produkt\/cheope-shop-thema-woocommerce-ausstattung-flexible-theme-mehrsprachig\/#primaryimage\"},\"image\":{\"@id\":\"https:\/\/woo-themes-plugins.com\/de\/produkt\/cheope-shop-thema-woocommerce-ausstattung-flexible-theme-mehrsprachig\/#primaryimage\"},\"thumbnailUrl\":\"https:\/\/woo-themes-plugins.com\/wp-content\/uploads\/sites\/7\/2018\/03\/woo-themes-plugins-handy-theme-woocommerce-ameublement-theme-flexible-multilingue-home-3.jpg\",\"datePublished\":\"2018-03-28T07:18:40+00:00\",\"dateModified\":\"2018-04-26T16:49:27+00:00\",\"breadcrumb\":{\"@id\":\"https:\/\/woo-themes-plugins.com\/de\/produkt\/cheope-shop-thema-woocommerce-ausstattung-flexible-theme-mehrsprachig\/#breadcrumb\"},\"inLanguage\":\"de\",\"potentialAction\":[{\"@type\":\"ReadAction\",\"target\":[\"https:\/\/woo-themes-plugins.com\/de\/produkt\/cheope-shop-thema-woocommerce-ausstattung-flexible-theme-mehrsprachig\/\"]}]},{\"@type\":\"ImageObject\",\"inLanguage\":\"de\",\"@id\":\"https:\/\/woo-themes-plugins.com\/de\/produkt\/cheope-shop-thema-woocommerce-ausstattung-flexible-theme-mehrsprachig\/#primaryimage\",\"url\":\"https:\/\/woo-themes-plugins.com\/wp-content\/uploads\/sites\/7\/2018\/03\/woo-themes-plugins-handy-theme-woocommerce-ameublement-theme-flexible-multilingue-home-3.jpg\",\"contentUrl\":\"https:\/\/woo-themes-plugins.com\/wp-content\/uploads\/sites\/7\/2018\/03\/woo-themes-plugins-handy-theme-woocommerce-ameublement-theme-flexible-multilingue-home-3.jpg\",\"width\":1146,\"height\":900},{\"@type\":\"BreadcrumbList\",\"@id\":\"https:\/\/woo-themes-plugins.com\/de\/produkt\/cheope-shop-thema-woocommerce-ausstattung-flexible-theme-mehrsprachig\/#breadcrumb\",\"itemListElement\":[{\"@type\":\"ListItem\",\"position\":1,\"name\":\"Accueil\",\"item\":\"https:\/\/woo-themes-plugins.com\/fr\/\"},{\"@type\":\"ListItem\",\"position\":2,\"name\":\"Shop\",\"item\":\"https:\/\/woo-themes-plugins.com\/shop\/\"},{\"@type\":\"ListItem\",\"position\":3,\"name\":\"Cheope Shop &#8211; Thema WooCommerce Ausstattung &#8211; Flexible Theme &amp; amp; mehrsprachig\"}]},{\"@type\":\"WebSite\",\"@id\":\"https:\/\/woo-themes-plugins.com\/it\/#website\",\"url\":\"https:\/\/woo-themes-plugins.com\/it\/\",\"name\":\"Woo-themes-plugins.com\",\"description\":\"Tous les th\u00e8mes et plugins WooCommerce Premium\",\"potentialAction\":[{\"@type\":\"SearchAction\",\"target\":{\"@type\":\"EntryPoint\",\"urlTemplate\":\"https:\/\/woo-themes-plugins.com\/it\/?s={search_term_string}\"},\"query-input\":\"required name=search_term_string\"}],\"inLanguage\":\"de\"}]}<\/script>\n<!-- \/ Yoast SEO plugin. -->","yoast_head_json":{"title":"Cheope Shop - Thema WooCommerce Einrichtung - Flexible Theme","robots":{"index":"index","follow":"follow","max-snippet":"max-snippet:-1","max-image-preview":"max-image-preview:large","max-video-preview":"max-video-preview:-1"},"canonical":"https:\/\/woo-themes-plugins.com\/de\/produkt\/cheope-shop-thema-woocommerce-ausstattung-flexible-theme-mehrsprachig\/","og_locale":"de_DE","og_type":"article","og_title":"Cheope Shop - Thema WooCommerce Einrichtung - Flexible Theme","og_description":"Cheope Shop ist das Thema von WooCommerce-M\u00f6beln, die einen minimalistischen und modernen Stil auf brillante Weise kombinieren k\u00f6nnen. Zu unserer Freude eignet sich dieses Thema sowohl f\u00fcr WooCommerce als auch f\u00fcr die Engine, die ich WordPress nannte. So k\u00f6nnen wir \u00fcberall mit unserem neuen WooCommerce-Thema spielen. Werfen Sie einen Blick darauf, was zu diesem Thema geh\u00f6rt: 2 erweiterte Slider-Management-Plugins, ein sehr effektiver Produkt-Zoom, ein Pop-up-System, das nur f\u00fcr E-Commerce unverzichtbar ist, und mehr!","og_url":"https:\/\/woo-themes-plugins.com\/de\/produkt\/cheope-shop-thema-woocommerce-ausstattung-flexible-theme-mehrsprachig\/","og_site_name":"Woo-themes-plugins.com","article_modified_time":"2018-04-26T16:49:27+00:00","og_image":[{"width":1146,"height":900,"url":"https:\/\/woo-themes-plugins.com\/wp-content\/uploads\/sites\/7\/2018\/03\/woo-themes-plugins-handy-theme-woocommerce-ameublement-theme-flexible-multilingue-home-3.jpg","type":"image\/jpeg"}],"schema":{"@context":"https:\/\/schema.org","@graph":[{"@type":"WebPage","@id":"https:\/\/woo-themes-plugins.com\/de\/produkt\/cheope-shop-thema-woocommerce-ausstattung-flexible-theme-mehrsprachig\/","url":"https:\/\/woo-themes-plugins.com\/de\/produkt\/cheope-shop-thema-woocommerce-ausstattung-flexible-theme-mehrsprachig\/","name":"Cheope Shop - Thema WooCommerce Einrichtung - Flexible Theme","isPartOf":{"@id":"https:\/\/woo-themes-plugins.com\/it\/#website"},"primaryImageOfPage":{"@id":"https:\/\/woo-themes-plugins.com\/de\/produkt\/cheope-shop-thema-woocommerce-ausstattung-flexible-theme-mehrsprachig\/#primaryimage"},"image":{"@id":"https:\/\/woo-themes-plugins.com\/de\/produkt\/cheope-shop-thema-woocommerce-ausstattung-flexible-theme-mehrsprachig\/#primaryimage"},"thumbnailUrl":"https:\/\/woo-themes-plugins.com\/wp-content\/uploads\/sites\/7\/2018\/03\/woo-themes-plugins-handy-theme-woocommerce-ameublement-theme-flexible-multilingue-home-3.jpg","datePublished":"2018-03-28T07:18:40+00:00","dateModified":"2018-04-26T16:49:27+00:00","breadcrumb":{"@id":"https:\/\/woo-themes-plugins.com\/de\/produkt\/cheope-shop-thema-woocommerce-ausstattung-flexible-theme-mehrsprachig\/#breadcrumb"},"inLanguage":"de","potentialAction":[{"@type":"ReadAction","target":["https:\/\/woo-themes-plugins.com\/de\/produkt\/cheope-shop-thema-woocommerce-ausstattung-flexible-theme-mehrsprachig\/"]}]},{"@type":"ImageObject","inLanguage":"de","@id":"https:\/\/woo-themes-plugins.com\/de\/produkt\/cheope-shop-thema-woocommerce-ausstattung-flexible-theme-mehrsprachig\/#primaryimage","url":"https:\/\/woo-themes-plugins.com\/wp-content\/uploads\/sites\/7\/2018\/03\/woo-themes-plugins-handy-theme-woocommerce-ameublement-theme-flexible-multilingue-home-3.jpg","contentUrl":"https:\/\/woo-themes-plugins.com\/wp-content\/uploads\/sites\/7\/2018\/03\/woo-themes-plugins-handy-theme-woocommerce-ameublement-theme-flexible-multilingue-home-3.jpg","width":1146,"height":900},{"@type":"BreadcrumbList","@id":"https:\/\/woo-themes-plugins.com\/de\/produkt\/cheope-shop-thema-woocommerce-ausstattung-flexible-theme-mehrsprachig\/#breadcrumb","itemListElement":[{"@type":"ListItem","position":1,"name":"Accueil","item":"https:\/\/woo-themes-plugins.com\/fr\/"},{"@type":"ListItem","position":2,"name":"Shop","item":"https:\/\/woo-themes-plugins.com\/shop\/"},{"@type":"ListItem","position":3,"name":"Cheope Shop &#8211; Thema WooCommerce Ausstattung &#8211; Flexible Theme &amp; amp; mehrsprachig"}]},{"@type":"WebSite","@id":"https:\/\/woo-themes-plugins.com\/it\/#website","url":"https:\/\/woo-themes-plugins.com\/it\/","name":"Woo-themes-plugins.com","description":"Tous les th\u00e8mes et plugins WooCommerce Premium","potentialAction":[{"@type":"SearchAction","target":{"@type":"EntryPoint","urlTemplate":"https:\/\/woo-themes-plugins.com\/it\/?s={search_term_string}"},"query-input":"required name=search_term_string"}],"inLanguage":"de"}]}},"_links":{"self":[{"href":"https:\/\/woo-themes-plugins.com\/de\/wp-json\/wp\/v2\/product\/4620","targetHints":{"allow":["GET"]}}],"collection":[{"href":"https:\/\/woo-themes-plugins.com\/de\/wp-json\/wp\/v2\/product"}],"about":[{"href":"https:\/\/woo-themes-plugins.com\/de\/wp-json\/wp\/v2\/types\/product"}],"wp:featuredmedia":[{"embeddable":true,"href":"https:\/\/woo-themes-plugins.com\/de\/wp-json\/wp\/v2\/media\/1081"}],"wp:attachment":[{"href":"https:\/\/woo-themes-plugins.com\/de\/wp-json\/wp\/v2\/media?parent=4620"}],"wp:term":[{"taxonomy":"product_cat","embeddable":true,"href":"https:\/\/woo-themes-plugins.com\/de\/wp-json\/wp\/v2\/product_cat?post=4620"},{"taxonomy":"product_tag","embeddable":true,"href":"https:\/\/woo-themes-plugins.com\/de\/wp-json\/wp\/v2\/product_tag?post=4620"}],"curies":[{"name":"wp","href":"https:\/\/api.w.org\/{rel}","templated":true}]}}