{"id":4622,"date":"2018-03-28T07:16:00","date_gmt":"2018-03-28T06:16:00","guid":{"rendered":"https:\/\/woo-themes-plugins.com\/product\/labomba-woocommerce-theme-mode-vielseitig-minimalist-theme-whishlist-mehrsprachig\/"},"modified":"2018-04-26T17:49:58","modified_gmt":"2018-04-26T16:49:58","slug":"labomba-woocommerce-theme-mode-vielseitig-minimalist-theme-whishlist-mehrsprachig","status":"publish","type":"product","link":"https:\/\/woo-themes-plugins.com\/de\/product\/labomba-woocommerce-theme-mode-vielseitig-minimalist-theme-whishlist-mehrsprachig\/","title":{"rendered":"Labomba &#8211; WooCommerce Theme Mode &amp; amp; Vielseitig &#8211; Minimalist Theme, Whishlist &amp; amp; mehrsprachig"},"content":{"rendered":"","protected":false},"excerpt":{"rendered":"<p><span id=\"result_box\" class=\"\" lang=\"de\">Labomba ist ein WooCommerce-Thema, das entwickelt wurde, um den Mode- und Luxusorientierten Webdesigner anzusprechen. Dank dieses WooCommerce-Themas k\u00f6nnen Sie Ihre zuk\u00fcnftige eCommerce-Site nicht nur mit den neuesten Mode- und Grafiktrends grafisch dekorieren, sondern auch spezifische Funktionen f\u00fcr die Welt des eCommerce hinzuf\u00fcgen. Wir k\u00f6nnen zum Beispiel die Implementierung einer Whistlist auf ihrer eCommerce-Website zu sch\u00e4tzen wissen. Schlie\u00dflich ist hier eine Funktion, die in WooCommerce standardm\u00e4\u00dfig fehlt. Dieses WooCommerce-Thema wird auch ein gro\u00dfartiger Begleiter f\u00fcr alle sein, die einen Blogabschnitt auf ihrer eCommerce-Site einrichten m\u00f6chten.<\/span><\/p>\n","protected":false},"featured_media":995,"template":"","meta":{"_monsterinsights_skip_tracking":false,"_monsterinsights_sitenote_active":false,"_monsterinsights_sitenote_note":"","_monsterinsights_sitenote_category":0},"product_cat":[209],"product_tag":[1043,963,1057,1116,1086,1088,1106,1098,1101,1065,1119,1110,1080],"class_list":["post-4622","product","type-product","status-publish","has-post-thumbnail","hentry","product_cat-woocommerce-thema-de","product_tag-anfanger-woocommerce","product_tag-bundle-plugins-premium-de","product_tag-personalisierbare-woocommerce-themen","product_tag-willkommener-installation-ein-klick","product_tag-woocommerce-bekleidungsgeschaft","product_tag-woocommerce-modehaus","product_tag-woocommerce-revolution-slider-de-2","product_tag-woocommerce-luxus-hohe-range","product_tag-woocommerce-mehrsprachig-de","product_tag-woocommerce-responsive-de","product_tag-woocommerce-thema-mit-blog","product_tag-woocommerce-thema-mit-builder-de","product_tag-wunschliste-woocommerce","pa_dev-woo-plugin-theme-sara_p-de","pa_marketplace-woocommerce-themeforest-net-de"],"yoast_head":"<!-- This site is optimized with the Yoast SEO plugin v23.1 - https:\/\/yoast.com\/wordpress\/plugins\/seo\/ -->\n<title>Labomba - WooCommerce Fashion &amp; Versatile Theme - Mehrsprachig<\/title>\n<meta name=\"robots\" content=\"index, follow, max-snippet:-1, max-image-preview:large, max-video-preview:-1\" \/>\n<link rel=\"canonical\" href=\"https:\/\/woo-themes-plugins.com\/de\/produkt\/labomba-woocommerce-theme-mode-vielseitig-minimalist-theme-whishlist-mehrsprachig\/\" \/>\n<meta property=\"og:locale\" content=\"de_DE\" \/>\n<meta property=\"og:type\" content=\"article\" \/>\n<meta property=\"og:title\" content=\"Labomba - WooCommerce Fashion &amp; Versatile Theme - Mehrsprachig\" \/>\n<meta property=\"og:description\" content=\"Labomba ist ein WooCommerce-Thema, das entwickelt wurde, um den Mode- und Luxusorientierten Webdesigner anzusprechen. Dank dieses WooCommerce-Themas k\u00f6nnen Sie Ihre zuk\u00fcnftige eCommerce-Site nicht nur mit den neuesten Mode- und Grafiktrends grafisch dekorieren, sondern auch spezifische Funktionen f\u00fcr die Welt des eCommerce hinzuf\u00fcgen. Wir k\u00f6nnen zum Beispiel die Implementierung einer Whistlist auf ihrer eCommerce-Website zu sch\u00e4tzen wissen. Schlie\u00dflich ist hier eine Funktion, die in WooCommerce standardm\u00e4\u00dfig fehlt. Dieses WooCommerce-Thema wird auch ein gro\u00dfartiger Begleiter f\u00fcr alle sein, die einen Blogabschnitt auf ihrer eCommerce-Site einrichten m\u00f6chten.\" \/>\n<meta property=\"og:url\" content=\"https:\/\/woo-themes-plugins.com\/de\/produkt\/labomba-woocommerce-theme-mode-vielseitig-minimalist-theme-whishlist-mehrsprachig\/\" \/>\n<meta property=\"og:site_name\" content=\"Woo-themes-plugins.com\" \/>\n<meta property=\"article:modified_time\" content=\"2018-04-26T16:49:58+00:00\" \/>\n<meta property=\"og:image\" content=\"https:\/\/woo-themes-plugins.com\/wp-content\/uploads\/sites\/7\/2018\/03\/woo-themes-plugins-labomba-theme-woocommerce-mode-polyvalent-theme-minimaliste-whishlist-multilingue-home.jpg\" \/>\n\t<meta property=\"og:image:width\" content=\"906\" \/>\n\t<meta property=\"og:image:height\" content=\"900\" \/>\n\t<meta property=\"og:image:type\" content=\"image\/jpeg\" \/>\n<script type=\"application\/ld+json\" class=\"yoast-schema-graph\">{\"@context\":\"https:\/\/schema.org\",\"@graph\":[{\"@type\":\"WebPage\",\"@id\":\"https:\/\/woo-themes-plugins.com\/de\/produkt\/labomba-woocommerce-theme-mode-vielseitig-minimalist-theme-whishlist-mehrsprachig\/\",\"url\":\"https:\/\/woo-themes-plugins.com\/de\/produkt\/labomba-woocommerce-theme-mode-vielseitig-minimalist-theme-whishlist-mehrsprachig\/\",\"name\":\"Labomba - WooCommerce Fashion & Versatile Theme - Mehrsprachig\",\"isPartOf\":{\"@id\":\"https:\/\/woo-themes-plugins.com\/it\/#website\"},\"primaryImageOfPage\":{\"@id\":\"https:\/\/woo-themes-plugins.com\/de\/produkt\/labomba-woocommerce-theme-mode-vielseitig-minimalist-theme-whishlist-mehrsprachig\/#primaryimage\"},\"image\":{\"@id\":\"https:\/\/woo-themes-plugins.com\/de\/produkt\/labomba-woocommerce-theme-mode-vielseitig-minimalist-theme-whishlist-mehrsprachig\/#primaryimage\"},\"thumbnailUrl\":\"https:\/\/woo-themes-plugins.com\/wp-content\/uploads\/sites\/7\/2018\/03\/woo-themes-plugins-labomba-theme-woocommerce-mode-polyvalent-theme-minimaliste-whishlist-multilingue-home.jpg\",\"datePublished\":\"2018-03-28T06:16:00+00:00\",\"dateModified\":\"2018-04-26T16:49:58+00:00\",\"breadcrumb\":{\"@id\":\"https:\/\/woo-themes-plugins.com\/de\/produkt\/labomba-woocommerce-theme-mode-vielseitig-minimalist-theme-whishlist-mehrsprachig\/#breadcrumb\"},\"inLanguage\":\"de\",\"potentialAction\":[{\"@type\":\"ReadAction\",\"target\":[\"https:\/\/woo-themes-plugins.com\/de\/produkt\/labomba-woocommerce-theme-mode-vielseitig-minimalist-theme-whishlist-mehrsprachig\/\"]}]},{\"@type\":\"ImageObject\",\"inLanguage\":\"de\",\"@id\":\"https:\/\/woo-themes-plugins.com\/de\/produkt\/labomba-woocommerce-theme-mode-vielseitig-minimalist-theme-whishlist-mehrsprachig\/#primaryimage\",\"url\":\"https:\/\/woo-themes-plugins.com\/wp-content\/uploads\/sites\/7\/2018\/03\/woo-themes-plugins-labomba-theme-woocommerce-mode-polyvalent-theme-minimaliste-whishlist-multilingue-home.jpg\",\"contentUrl\":\"https:\/\/woo-themes-plugins.com\/wp-content\/uploads\/sites\/7\/2018\/03\/woo-themes-plugins-labomba-theme-woocommerce-mode-polyvalent-theme-minimaliste-whishlist-multilingue-home.jpg\",\"width\":906,\"height\":900},{\"@type\":\"BreadcrumbList\",\"@id\":\"https:\/\/woo-themes-plugins.com\/de\/produkt\/labomba-woocommerce-theme-mode-vielseitig-minimalist-theme-whishlist-mehrsprachig\/#breadcrumb\",\"itemListElement\":[{\"@type\":\"ListItem\",\"position\":1,\"name\":\"Accueil\",\"item\":\"https:\/\/woo-themes-plugins.com\/fr\/\"},{\"@type\":\"ListItem\",\"position\":2,\"name\":\"Shop\",\"item\":\"https:\/\/woo-themes-plugins.com\/shop\/\"},{\"@type\":\"ListItem\",\"position\":3,\"name\":\"Labomba &#8211; WooCommerce Theme Mode &amp; amp; Vielseitig &#8211; Minimalist Theme, Whishlist &amp; amp; mehrsprachig\"}]},{\"@type\":\"WebSite\",\"@id\":\"https:\/\/woo-themes-plugins.com\/it\/#website\",\"url\":\"https:\/\/woo-themes-plugins.com\/it\/\",\"name\":\"Woo-themes-plugins.com\",\"description\":\"Tous les th\u00e8mes et plugins WooCommerce Premium\",\"potentialAction\":[{\"@type\":\"SearchAction\",\"target\":{\"@type\":\"EntryPoint\",\"urlTemplate\":\"https:\/\/woo-themes-plugins.com\/it\/?s={search_term_string}\"},\"query-input\":\"required name=search_term_string\"}],\"inLanguage\":\"de\"}]}<\/script>\n<!-- \/ Yoast SEO plugin. -->","yoast_head_json":{"title":"Labomba - WooCommerce Fashion & Versatile Theme - Mehrsprachig","robots":{"index":"index","follow":"follow","max-snippet":"max-snippet:-1","max-image-preview":"max-image-preview:large","max-video-preview":"max-video-preview:-1"},"canonical":"https:\/\/woo-themes-plugins.com\/de\/produkt\/labomba-woocommerce-theme-mode-vielseitig-minimalist-theme-whishlist-mehrsprachig\/","og_locale":"de_DE","og_type":"article","og_title":"Labomba - WooCommerce Fashion & Versatile Theme - Mehrsprachig","og_description":"Labomba ist ein WooCommerce-Thema, das entwickelt wurde, um den Mode- und Luxusorientierten Webdesigner anzusprechen. Dank dieses WooCommerce-Themas k\u00f6nnen Sie Ihre zuk\u00fcnftige eCommerce-Site nicht nur mit den neuesten Mode- und Grafiktrends grafisch dekorieren, sondern auch spezifische Funktionen f\u00fcr die Welt des eCommerce hinzuf\u00fcgen. Wir k\u00f6nnen zum Beispiel die Implementierung einer Whistlist auf ihrer eCommerce-Website zu sch\u00e4tzen wissen. Schlie\u00dflich ist hier eine Funktion, die in WooCommerce standardm\u00e4\u00dfig fehlt. Dieses WooCommerce-Thema wird auch ein gro\u00dfartiger Begleiter f\u00fcr alle sein, die einen Blogabschnitt auf ihrer eCommerce-Site einrichten m\u00f6chten.","og_url":"https:\/\/woo-themes-plugins.com\/de\/produkt\/labomba-woocommerce-theme-mode-vielseitig-minimalist-theme-whishlist-mehrsprachig\/","og_site_name":"Woo-themes-plugins.com","article_modified_time":"2018-04-26T16:49:58+00:00","og_image":[{"width":906,"height":900,"url":"https:\/\/woo-themes-plugins.com\/wp-content\/uploads\/sites\/7\/2018\/03\/woo-themes-plugins-labomba-theme-woocommerce-mode-polyvalent-theme-minimaliste-whishlist-multilingue-home.jpg","type":"image\/jpeg"}],"schema":{"@context":"https:\/\/schema.org","@graph":[{"@type":"WebPage","@id":"https:\/\/woo-themes-plugins.com\/de\/produkt\/labomba-woocommerce-theme-mode-vielseitig-minimalist-theme-whishlist-mehrsprachig\/","url":"https:\/\/woo-themes-plugins.com\/de\/produkt\/labomba-woocommerce-theme-mode-vielseitig-minimalist-theme-whishlist-mehrsprachig\/","name":"Labomba - WooCommerce Fashion & Versatile Theme - Mehrsprachig","isPartOf":{"@id":"https:\/\/woo-themes-plugins.com\/it\/#website"},"primaryImageOfPage":{"@id":"https:\/\/woo-themes-plugins.com\/de\/produkt\/labomba-woocommerce-theme-mode-vielseitig-minimalist-theme-whishlist-mehrsprachig\/#primaryimage"},"image":{"@id":"https:\/\/woo-themes-plugins.com\/de\/produkt\/labomba-woocommerce-theme-mode-vielseitig-minimalist-theme-whishlist-mehrsprachig\/#primaryimage"},"thumbnailUrl":"https:\/\/woo-themes-plugins.com\/wp-content\/uploads\/sites\/7\/2018\/03\/woo-themes-plugins-labomba-theme-woocommerce-mode-polyvalent-theme-minimaliste-whishlist-multilingue-home.jpg","datePublished":"2018-03-28T06:16:00+00:00","dateModified":"2018-04-26T16:49:58+00:00","breadcrumb":{"@id":"https:\/\/woo-themes-plugins.com\/de\/produkt\/labomba-woocommerce-theme-mode-vielseitig-minimalist-theme-whishlist-mehrsprachig\/#breadcrumb"},"inLanguage":"de","potentialAction":[{"@type":"ReadAction","target":["https:\/\/woo-themes-plugins.com\/de\/produkt\/labomba-woocommerce-theme-mode-vielseitig-minimalist-theme-whishlist-mehrsprachig\/"]}]},{"@type":"ImageObject","inLanguage":"de","@id":"https:\/\/woo-themes-plugins.com\/de\/produkt\/labomba-woocommerce-theme-mode-vielseitig-minimalist-theme-whishlist-mehrsprachig\/#primaryimage","url":"https:\/\/woo-themes-plugins.com\/wp-content\/uploads\/sites\/7\/2018\/03\/woo-themes-plugins-labomba-theme-woocommerce-mode-polyvalent-theme-minimaliste-whishlist-multilingue-home.jpg","contentUrl":"https:\/\/woo-themes-plugins.com\/wp-content\/uploads\/sites\/7\/2018\/03\/woo-themes-plugins-labomba-theme-woocommerce-mode-polyvalent-theme-minimaliste-whishlist-multilingue-home.jpg","width":906,"height":900},{"@type":"BreadcrumbList","@id":"https:\/\/woo-themes-plugins.com\/de\/produkt\/labomba-woocommerce-theme-mode-vielseitig-minimalist-theme-whishlist-mehrsprachig\/#breadcrumb","itemListElement":[{"@type":"ListItem","position":1,"name":"Accueil","item":"https:\/\/woo-themes-plugins.com\/fr\/"},{"@type":"ListItem","position":2,"name":"Shop","item":"https:\/\/woo-themes-plugins.com\/shop\/"},{"@type":"ListItem","position":3,"name":"Labomba &#8211; WooCommerce Theme Mode &amp; amp; Vielseitig &#8211; Minimalist Theme, Whishlist &amp; amp; mehrsprachig"}]},{"@type":"WebSite","@id":"https:\/\/woo-themes-plugins.com\/it\/#website","url":"https:\/\/woo-themes-plugins.com\/it\/","name":"Woo-themes-plugins.com","description":"Tous les th\u00e8mes et plugins WooCommerce Premium","potentialAction":[{"@type":"SearchAction","target":{"@type":"EntryPoint","urlTemplate":"https:\/\/woo-themes-plugins.com\/it\/?s={search_term_string}"},"query-input":"required name=search_term_string"}],"inLanguage":"de"}]}},"_links":{"self":[{"href":"https:\/\/woo-themes-plugins.com\/de\/wp-json\/wp\/v2\/product\/4622","targetHints":{"allow":["GET"]}}],"collection":[{"href":"https:\/\/woo-themes-plugins.com\/de\/wp-json\/wp\/v2\/product"}],"about":[{"href":"https:\/\/woo-themes-plugins.com\/de\/wp-json\/wp\/v2\/types\/product"}],"wp:featuredmedia":[{"embeddable":true,"href":"https:\/\/woo-themes-plugins.com\/de\/wp-json\/wp\/v2\/media\/995"}],"wp:attachment":[{"href":"https:\/\/woo-themes-plugins.com\/de\/wp-json\/wp\/v2\/media?parent=4622"}],"wp:term":[{"taxonomy":"product_cat","embeddable":true,"href":"https:\/\/woo-themes-plugins.com\/de\/wp-json\/wp\/v2\/product_cat?post=4622"},{"taxonomy":"product_tag","embeddable":true,"href":"https:\/\/woo-themes-plugins.com\/de\/wp-json\/wp\/v2\/product_tag?post=4622"}],"curies":[{"name":"wp","href":"https:\/\/api.w.org\/{rel}","templated":true}]}}