{"id":4635,"date":"2018-03-27T08:33:25","date_gmt":"2018-03-27T07:33:25","guid":{"rendered":"https:\/\/woo-themes-plugins.com\/product\/electro-hi-tech-marktplatz-woocommerce-theme-modernes-theme-flexibel\/"},"modified":"2018-03-27T08:33:25","modified_gmt":"2018-03-27T07:33:25","slug":"electro-hi-tech-marktplatz-woocommerce-theme-modernes-theme-flexibel","status":"publish","type":"product","link":"https:\/\/woo-themes-plugins.com\/de\/product\/electro-hi-tech-marktplatz-woocommerce-theme-modernes-theme-flexibel\/","title":{"rendered":"Electro &#8211; Hi-Tech \/ Marktplatz WooCommerce Theme &#8211; Modernes Theme &amp; amp; flexibel"},"content":{"rendered":"","protected":false},"excerpt":{"rendered":"<p><span id=\"result_box\" class=\"\" lang=\"de\">Electro ist das perfekte WooCommerce-Thema f\u00fcr all diejenigen, die einen modernen Online-Shop auf den neuesten Stand der Technik bringen m\u00f6chten. Dieses WooCommerce-Thema bietet eine interessante Umgebung f\u00fcr Gesch\u00e4fte mit mehreren Marken. Besser, wenn Sie denken, eine Marktplatz-orientierte Website in Hi-Tech zu montieren, dann ist Electro ein WooCommerce-Thema, das Sie ernsthaft studieren m\u00fcssen.<\/span><\/p>\n","protected":false},"featured_media":2264,"template":"","meta":{"_monsterinsights_skip_tracking":false,"_monsterinsights_sitenote_active":false,"_monsterinsights_sitenote_note":"","_monsterinsights_sitenote_category":0},"product_cat":[209],"product_tag":[1043,963,1073,1053,1056,1057,1116,1100,1106,1105,1098,1101,1065,1095],"class_list":["post-4635","product","type-product","status-publish","has-post-thumbnail","hentry","product_cat-woocommerce-thema-de","product_tag-anfanger-woocommerce","product_tag-bundle-plugins-premium-de","product_tag-minimalistisches-thema-woocommerce","product_tag-moderne-woocommerce-thema","product_tag-optimierter-woocommerce","product_tag-personalisierbare-woocommerce-themen","product_tag-willkommener-installation-ein-klick","product_tag-woocommerce-marketplace-de","product_tag-woocommerce-revolution-slider-de-2","product_tag-woocommerce-visual-composer-de","product_tag-woocommerce-luxus-hohe-range","product_tag-woocommerce-mehrsprachig-de","product_tag-woocommerce-responsive-de","product_tag-woocommerce-schmuck","pa_dev-woo-plugin-theme-madrasthemes-de","pa_marketplace-woocommerce-themeforest-net-de"],"yoast_head":"<!-- This site is optimized with the Yoast SEO plugin v23.1 - https:\/\/yoast.com\/wordpress\/plugins\/seo\/ -->\n<title>Electro - Hi-Tech \/ Marktplatz WooCommerce Theme - Modernes Theme &amp; amp; flexibel - Woo-themes-plugins.com<\/title>\n<meta name=\"robots\" content=\"index, follow, max-snippet:-1, max-image-preview:large, max-video-preview:-1\" \/>\n<link rel=\"canonical\" href=\"https:\/\/woo-themes-plugins.com\/de\/produkt\/electro-hi-tech-marktplatz-woocommerce-theme-modernes-theme-flexibel\/\" \/>\n<meta property=\"og:locale\" content=\"de_DE\" \/>\n<meta property=\"og:type\" content=\"article\" \/>\n<meta property=\"og:title\" content=\"Electro - Hi-Tech \/ Marktplatz WooCommerce Theme - Modernes Theme &amp; amp; flexibel - Woo-themes-plugins.com\" \/>\n<meta property=\"og:description\" content=\"Electro ist das perfekte WooCommerce-Thema f\u00fcr all diejenigen, die einen modernen Online-Shop auf den neuesten Stand der Technik bringen m\u00f6chten. Dieses WooCommerce-Thema bietet eine interessante Umgebung f\u00fcr Gesch\u00e4fte mit mehreren Marken. Besser, wenn Sie denken, eine Marktplatz-orientierte Website in Hi-Tech zu montieren, dann ist Electro ein WooCommerce-Thema, das Sie ernsthaft studieren m\u00fcssen.\" \/>\n<meta property=\"og:url\" content=\"https:\/\/woo-themes-plugins.com\/de\/produkt\/electro-hi-tech-marktplatz-woocommerce-theme-modernes-theme-flexibel\/\" \/>\n<meta property=\"og:site_name\" content=\"Woo-themes-plugins.com\" \/>\n<meta property=\"og:image\" content=\"https:\/\/woo-themes-plugins.com\/wp-content\/uploads\/sites\/7\/2018\/03\/woo-themes-plugins_electro-theme-woocommerce-marketplace-electronics-modern-flexible-7.jpg\" \/>\n\t<meta property=\"og:image:width\" content=\"649\" \/>\n\t<meta property=\"og:image:height\" content=\"900\" \/>\n\t<meta property=\"og:image:type\" content=\"image\/jpeg\" \/>\n<script type=\"application\/ld+json\" class=\"yoast-schema-graph\">{\"@context\":\"https:\/\/schema.org\",\"@graph\":[{\"@type\":\"WebPage\",\"@id\":\"https:\/\/woo-themes-plugins.com\/de\/produkt\/electro-hi-tech-marktplatz-woocommerce-theme-modernes-theme-flexibel\/\",\"url\":\"https:\/\/woo-themes-plugins.com\/de\/produkt\/electro-hi-tech-marktplatz-woocommerce-theme-modernes-theme-flexibel\/\",\"name\":\"Electro - Hi-Tech \/ Marktplatz WooCommerce Theme - Modernes Theme &amp; amp; flexibel - Woo-themes-plugins.com\",\"isPartOf\":{\"@id\":\"https:\/\/woo-themes-plugins.com\/it\/#website\"},\"primaryImageOfPage\":{\"@id\":\"https:\/\/woo-themes-plugins.com\/de\/produkt\/electro-hi-tech-marktplatz-woocommerce-theme-modernes-theme-flexibel\/#primaryimage\"},\"image\":{\"@id\":\"https:\/\/woo-themes-plugins.com\/de\/produkt\/electro-hi-tech-marktplatz-woocommerce-theme-modernes-theme-flexibel\/#primaryimage\"},\"thumbnailUrl\":\"https:\/\/woo-themes-plugins.com\/wp-content\/uploads\/sites\/7\/2018\/03\/woo-themes-plugins_electro-theme-woocommerce-marketplace-electronics-modern-flexible-7.jpg\",\"datePublished\":\"2018-03-27T07:33:25+00:00\",\"dateModified\":\"2018-03-27T07:33:25+00:00\",\"breadcrumb\":{\"@id\":\"https:\/\/woo-themes-plugins.com\/de\/produkt\/electro-hi-tech-marktplatz-woocommerce-theme-modernes-theme-flexibel\/#breadcrumb\"},\"inLanguage\":\"de\",\"potentialAction\":[{\"@type\":\"ReadAction\",\"target\":[\"https:\/\/woo-themes-plugins.com\/de\/produkt\/electro-hi-tech-marktplatz-woocommerce-theme-modernes-theme-flexibel\/\"]}]},{\"@type\":\"ImageObject\",\"inLanguage\":\"de\",\"@id\":\"https:\/\/woo-themes-plugins.com\/de\/produkt\/electro-hi-tech-marktplatz-woocommerce-theme-modernes-theme-flexibel\/#primaryimage\",\"url\":\"https:\/\/woo-themes-plugins.com\/wp-content\/uploads\/sites\/7\/2018\/03\/woo-themes-plugins_electro-theme-woocommerce-marketplace-electronics-modern-flexible-7.jpg\",\"contentUrl\":\"https:\/\/woo-themes-plugins.com\/wp-content\/uploads\/sites\/7\/2018\/03\/woo-themes-plugins_electro-theme-woocommerce-marketplace-electronics-modern-flexible-7.jpg\",\"width\":649,\"height\":900},{\"@type\":\"BreadcrumbList\",\"@id\":\"https:\/\/woo-themes-plugins.com\/de\/produkt\/electro-hi-tech-marktplatz-woocommerce-theme-modernes-theme-flexibel\/#breadcrumb\",\"itemListElement\":[{\"@type\":\"ListItem\",\"position\":1,\"name\":\"Accueil\",\"item\":\"https:\/\/woo-themes-plugins.com\/fr\/\"},{\"@type\":\"ListItem\",\"position\":2,\"name\":\"Shop\",\"item\":\"https:\/\/woo-themes-plugins.com\/shop\/\"},{\"@type\":\"ListItem\",\"position\":3,\"name\":\"Electro &#8211; Hi-Tech \/ Marktplatz WooCommerce Theme &#8211; Modernes Theme &amp; amp; flexibel\"}]},{\"@type\":\"WebSite\",\"@id\":\"https:\/\/woo-themes-plugins.com\/it\/#website\",\"url\":\"https:\/\/woo-themes-plugins.com\/it\/\",\"name\":\"Woo-themes-plugins.com\",\"description\":\"Tous les th\u00e8mes et plugins WooCommerce Premium\",\"potentialAction\":[{\"@type\":\"SearchAction\",\"target\":{\"@type\":\"EntryPoint\",\"urlTemplate\":\"https:\/\/woo-themes-plugins.com\/it\/?s={search_term_string}\"},\"query-input\":\"required name=search_term_string\"}],\"inLanguage\":\"de\"}]}<\/script>\n<!-- \/ Yoast SEO plugin. -->","yoast_head_json":{"title":"Electro - Hi-Tech \/ Marktplatz WooCommerce Theme - Modernes Theme &amp; amp; flexibel - Woo-themes-plugins.com","robots":{"index":"index","follow":"follow","max-snippet":"max-snippet:-1","max-image-preview":"max-image-preview:large","max-video-preview":"max-video-preview:-1"},"canonical":"https:\/\/woo-themes-plugins.com\/de\/produkt\/electro-hi-tech-marktplatz-woocommerce-theme-modernes-theme-flexibel\/","og_locale":"de_DE","og_type":"article","og_title":"Electro - Hi-Tech \/ Marktplatz WooCommerce Theme - Modernes Theme &amp; amp; flexibel - Woo-themes-plugins.com","og_description":"Electro ist das perfekte WooCommerce-Thema f\u00fcr all diejenigen, die einen modernen Online-Shop auf den neuesten Stand der Technik bringen m\u00f6chten. Dieses WooCommerce-Thema bietet eine interessante Umgebung f\u00fcr Gesch\u00e4fte mit mehreren Marken. Besser, wenn Sie denken, eine Marktplatz-orientierte Website in Hi-Tech zu montieren, dann ist Electro ein WooCommerce-Thema, das Sie ernsthaft studieren m\u00fcssen.","og_url":"https:\/\/woo-themes-plugins.com\/de\/produkt\/electro-hi-tech-marktplatz-woocommerce-theme-modernes-theme-flexibel\/","og_site_name":"Woo-themes-plugins.com","og_image":[{"width":649,"height":900,"url":"https:\/\/woo-themes-plugins.com\/wp-content\/uploads\/sites\/7\/2018\/03\/woo-themes-plugins_electro-theme-woocommerce-marketplace-electronics-modern-flexible-7.jpg","type":"image\/jpeg"}],"schema":{"@context":"https:\/\/schema.org","@graph":[{"@type":"WebPage","@id":"https:\/\/woo-themes-plugins.com\/de\/produkt\/electro-hi-tech-marktplatz-woocommerce-theme-modernes-theme-flexibel\/","url":"https:\/\/woo-themes-plugins.com\/de\/produkt\/electro-hi-tech-marktplatz-woocommerce-theme-modernes-theme-flexibel\/","name":"Electro - Hi-Tech \/ Marktplatz WooCommerce Theme - Modernes Theme &amp; amp; flexibel - Woo-themes-plugins.com","isPartOf":{"@id":"https:\/\/woo-themes-plugins.com\/it\/#website"},"primaryImageOfPage":{"@id":"https:\/\/woo-themes-plugins.com\/de\/produkt\/electro-hi-tech-marktplatz-woocommerce-theme-modernes-theme-flexibel\/#primaryimage"},"image":{"@id":"https:\/\/woo-themes-plugins.com\/de\/produkt\/electro-hi-tech-marktplatz-woocommerce-theme-modernes-theme-flexibel\/#primaryimage"},"thumbnailUrl":"https:\/\/woo-themes-plugins.com\/wp-content\/uploads\/sites\/7\/2018\/03\/woo-themes-plugins_electro-theme-woocommerce-marketplace-electronics-modern-flexible-7.jpg","datePublished":"2018-03-27T07:33:25+00:00","dateModified":"2018-03-27T07:33:25+00:00","breadcrumb":{"@id":"https:\/\/woo-themes-plugins.com\/de\/produkt\/electro-hi-tech-marktplatz-woocommerce-theme-modernes-theme-flexibel\/#breadcrumb"},"inLanguage":"de","potentialAction":[{"@type":"ReadAction","target":["https:\/\/woo-themes-plugins.com\/de\/produkt\/electro-hi-tech-marktplatz-woocommerce-theme-modernes-theme-flexibel\/"]}]},{"@type":"ImageObject","inLanguage":"de","@id":"https:\/\/woo-themes-plugins.com\/de\/produkt\/electro-hi-tech-marktplatz-woocommerce-theme-modernes-theme-flexibel\/#primaryimage","url":"https:\/\/woo-themes-plugins.com\/wp-content\/uploads\/sites\/7\/2018\/03\/woo-themes-plugins_electro-theme-woocommerce-marketplace-electronics-modern-flexible-7.jpg","contentUrl":"https:\/\/woo-themes-plugins.com\/wp-content\/uploads\/sites\/7\/2018\/03\/woo-themes-plugins_electro-theme-woocommerce-marketplace-electronics-modern-flexible-7.jpg","width":649,"height":900},{"@type":"BreadcrumbList","@id":"https:\/\/woo-themes-plugins.com\/de\/produkt\/electro-hi-tech-marktplatz-woocommerce-theme-modernes-theme-flexibel\/#breadcrumb","itemListElement":[{"@type":"ListItem","position":1,"name":"Accueil","item":"https:\/\/woo-themes-plugins.com\/fr\/"},{"@type":"ListItem","position":2,"name":"Shop","item":"https:\/\/woo-themes-plugins.com\/shop\/"},{"@type":"ListItem","position":3,"name":"Electro &#8211; Hi-Tech \/ Marktplatz WooCommerce Theme &#8211; Modernes Theme &amp; amp; flexibel"}]},{"@type":"WebSite","@id":"https:\/\/woo-themes-plugins.com\/it\/#website","url":"https:\/\/woo-themes-plugins.com\/it\/","name":"Woo-themes-plugins.com","description":"Tous les th\u00e8mes et plugins WooCommerce Premium","potentialAction":[{"@type":"SearchAction","target":{"@type":"EntryPoint","urlTemplate":"https:\/\/woo-themes-plugins.com\/it\/?s={search_term_string}"},"query-input":"required name=search_term_string"}],"inLanguage":"de"}]}},"_links":{"self":[{"href":"https:\/\/woo-themes-plugins.com\/de\/wp-json\/wp\/v2\/product\/4635","targetHints":{"allow":["GET"]}}],"collection":[{"href":"https:\/\/woo-themes-plugins.com\/de\/wp-json\/wp\/v2\/product"}],"about":[{"href":"https:\/\/woo-themes-plugins.com\/de\/wp-json\/wp\/v2\/types\/product"}],"wp:featuredmedia":[{"embeddable":true,"href":"https:\/\/woo-themes-plugins.com\/de\/wp-json\/wp\/v2\/media\/2264"}],"wp:attachment":[{"href":"https:\/\/woo-themes-plugins.com\/de\/wp-json\/wp\/v2\/media?parent=4635"}],"wp:term":[{"taxonomy":"product_cat","embeddable":true,"href":"https:\/\/woo-themes-plugins.com\/de\/wp-json\/wp\/v2\/product_cat?post=4635"},{"taxonomy":"product_tag","embeddable":true,"href":"https:\/\/woo-themes-plugins.com\/de\/wp-json\/wp\/v2\/product_tag?post=4635"}],"curies":[{"name":"wp","href":"https:\/\/api.w.org\/{rel}","templated":true}]}}