{"id":4636,"date":"2018-03-27T08:39:40","date_gmt":"2018-03-27T07:39:40","guid":{"rendered":"https:\/\/woo-themes-plugins.com\/product\/basel-co-mode-luxus-woocommerce-theme-minimal-responsive-responsive-theme-ajax\/"},"modified":"2018-03-27T08:39:40","modified_gmt":"2018-03-27T07:39:40","slug":"basel-co-mode-luxus-woocommerce-theme-minimal-responsive-responsive-theme-ajax","status":"publish","type":"product","link":"https:\/\/woo-themes-plugins.com\/de\/product\/basel-co-mode-luxus-woocommerce-theme-minimal-responsive-responsive-theme-ajax\/","title":{"rendered":"Basel &amp; Co. &#8211; Mode \/ Luxus WooCommerce Theme &#8211; Minimal, Responsive &amp; Responsive Theme ajax"},"content":{"rendered":"","protected":false},"excerpt":{"rendered":"<p><span id=\"result_box\" class=\"\" lang=\"de\">Basel ist ein professionelles und minimalistisches WooCommerce-Thema, das nicht weniger als 40 verschiedene Versionen umfasst, damit Sie Ihre Website im Handumdrehen in Betrieb nehmen k\u00f6nnen. Wenn Sie alle Seiten von A bis Z gestalten m\u00f6chten, ist der Visual Page Builder f\u00fcr Anf\u00e4nger und Profis da, um wertvolle Zeit zu sparen.<\/span><\/p>\n","protected":false},"featured_media":2392,"template":"","meta":{"_monsterinsights_skip_tracking":false,"_monsterinsights_sitenote_active":false,"_monsterinsights_sitenote_note":"","_monsterinsights_sitenote_category":0},"product_cat":[209],"product_tag":[1043,963,1073,1053,1057,1070,1116,1100,1106,1105,1098,1065,1095],"class_list":["post-4636","product","type-product","status-publish","has-post-thumbnail","hentry","product_cat-woocommerce-thema-de","product_tag-anfanger-woocommerce","product_tag-bundle-plugins-premium-de","product_tag-minimalistisches-thema-woocommerce","product_tag-moderne-woocommerce-thema","product_tag-personalisierbare-woocommerce-themen","product_tag-theme-woocommerce-ajax-de","product_tag-willkommener-installation-ein-klick","product_tag-woocommerce-marketplace-de","product_tag-woocommerce-revolution-slider-de-2","product_tag-woocommerce-visual-composer-de","product_tag-woocommerce-luxus-hohe-range","product_tag-woocommerce-responsive-de","product_tag-woocommerce-schmuck","pa_dev-woo-plugin-theme-xtemos-de","pa_marketplace-woocommerce-themeforest-net-de"],"yoast_head":"<!-- This site is optimized with the Yoast SEO plugin v23.1 - https:\/\/yoast.com\/wordpress\/plugins\/seo\/ -->\n<title>Basel - WooCommerce Theme Mode \/ Luxus, Minimal &amp; Responsiv<\/title>\n<meta name=\"description\" content=\"Mit einer gro\u00dfen N\u00fcchternheit k\u00f6nnte dieses Thema WooCommerce fast &quot;nordisch&quot; genannt werden, da seine Funktionen einfach und modern zugleich sind. Diese WooCommerce-Vorlage wird in Projekten des Architekturb\u00fcros, des Interior Designs oder f\u00fcr Mode und Luxus voll zum Ausdruck kommen.\" \/>\n<meta name=\"robots\" content=\"index, follow, max-snippet:-1, max-image-preview:large, max-video-preview:-1\" \/>\n<link rel=\"canonical\" href=\"https:\/\/woo-themes-plugins.com\/de\/produkt\/basel-co-mode-luxus-woocommerce-theme-minimal-responsive-responsive-theme-ajax\/\" \/>\n<meta property=\"og:locale\" content=\"de_DE\" \/>\n<meta property=\"og:type\" content=\"article\" \/>\n<meta property=\"og:title\" content=\"Basel - WooCommerce Theme Mode \/ Luxus, Minimal &amp; Responsiv\" \/>\n<meta property=\"og:description\" content=\"Mit einer gro\u00dfen N\u00fcchternheit k\u00f6nnte dieses Thema WooCommerce fast &quot;nordisch&quot; genannt werden, da seine Funktionen einfach und modern zugleich sind. Diese WooCommerce-Vorlage wird in Projekten des Architekturb\u00fcros, des Interior Designs oder f\u00fcr Mode und Luxus voll zum Ausdruck kommen.\" \/>\n<meta property=\"og:url\" content=\"https:\/\/woo-themes-plugins.com\/de\/produkt\/basel-co-mode-luxus-woocommerce-theme-minimal-responsive-responsive-theme-ajax\/\" \/>\n<meta property=\"og:site_name\" content=\"Woo-themes-plugins.com\" \/>\n<meta property=\"og:image\" content=\"https:\/\/woo-themes-plugins.com\/wp-content\/uploads\/sites\/7\/2018\/03\/woo-themes-plugins_basel-co-theme-woocommerce-fashion-luxe-theme-minimalistic-responsive-ajax-furniture.jpg\" \/>\n\t<meta property=\"og:image:width\" content=\"644\" \/>\n\t<meta property=\"og:image:height\" content=\"900\" \/>\n\t<meta property=\"og:image:type\" content=\"image\/jpeg\" \/>\n<script type=\"application\/ld+json\" class=\"yoast-schema-graph\">{\"@context\":\"https:\/\/schema.org\",\"@graph\":[{\"@type\":\"WebPage\",\"@id\":\"https:\/\/woo-themes-plugins.com\/de\/produkt\/basel-co-mode-luxus-woocommerce-theme-minimal-responsive-responsive-theme-ajax\/\",\"url\":\"https:\/\/woo-themes-plugins.com\/de\/produkt\/basel-co-mode-luxus-woocommerce-theme-minimal-responsive-responsive-theme-ajax\/\",\"name\":\"Basel - WooCommerce Theme Mode \/ Luxus, Minimal & Responsiv\",\"isPartOf\":{\"@id\":\"https:\/\/woo-themes-plugins.com\/it\/#website\"},\"primaryImageOfPage\":{\"@id\":\"https:\/\/woo-themes-plugins.com\/de\/produkt\/basel-co-mode-luxus-woocommerce-theme-minimal-responsive-responsive-theme-ajax\/#primaryimage\"},\"image\":{\"@id\":\"https:\/\/woo-themes-plugins.com\/de\/produkt\/basel-co-mode-luxus-woocommerce-theme-minimal-responsive-responsive-theme-ajax\/#primaryimage\"},\"thumbnailUrl\":\"https:\/\/woo-themes-plugins.com\/wp-content\/uploads\/sites\/7\/2018\/03\/woo-themes-plugins_basel-co-theme-woocommerce-fashion-luxe-theme-minimalistic-responsive-ajax-furniture.jpg\",\"datePublished\":\"2018-03-27T07:39:40+00:00\",\"dateModified\":\"2018-03-27T07:39:40+00:00\",\"description\":\"Mit einer gro\u00dfen N\u00fcchternheit k\u00f6nnte dieses Thema WooCommerce fast \\\"nordisch\\\" genannt werden, da seine Funktionen einfach und modern zugleich sind. Diese WooCommerce-Vorlage wird in Projekten des Architekturb\u00fcros, des Interior Designs oder f\u00fcr Mode und Luxus voll zum Ausdruck kommen.\",\"breadcrumb\":{\"@id\":\"https:\/\/woo-themes-plugins.com\/de\/produkt\/basel-co-mode-luxus-woocommerce-theme-minimal-responsive-responsive-theme-ajax\/#breadcrumb\"},\"inLanguage\":\"de\",\"potentialAction\":[{\"@type\":\"ReadAction\",\"target\":[\"https:\/\/woo-themes-plugins.com\/de\/produkt\/basel-co-mode-luxus-woocommerce-theme-minimal-responsive-responsive-theme-ajax\/\"]}]},{\"@type\":\"ImageObject\",\"inLanguage\":\"de\",\"@id\":\"https:\/\/woo-themes-plugins.com\/de\/produkt\/basel-co-mode-luxus-woocommerce-theme-minimal-responsive-responsive-theme-ajax\/#primaryimage\",\"url\":\"https:\/\/woo-themes-plugins.com\/wp-content\/uploads\/sites\/7\/2018\/03\/woo-themes-plugins_basel-co-theme-woocommerce-fashion-luxe-theme-minimalistic-responsive-ajax-furniture.jpg\",\"contentUrl\":\"https:\/\/woo-themes-plugins.com\/wp-content\/uploads\/sites\/7\/2018\/03\/woo-themes-plugins_basel-co-theme-woocommerce-fashion-luxe-theme-minimalistic-responsive-ajax-furniture.jpg\",\"width\":644,\"height\":900},{\"@type\":\"BreadcrumbList\",\"@id\":\"https:\/\/woo-themes-plugins.com\/de\/produkt\/basel-co-mode-luxus-woocommerce-theme-minimal-responsive-responsive-theme-ajax\/#breadcrumb\",\"itemListElement\":[{\"@type\":\"ListItem\",\"position\":1,\"name\":\"Accueil\",\"item\":\"https:\/\/woo-themes-plugins.com\/fr\/\"},{\"@type\":\"ListItem\",\"position\":2,\"name\":\"Shop\",\"item\":\"https:\/\/woo-themes-plugins.com\/shop\/\"},{\"@type\":\"ListItem\",\"position\":3,\"name\":\"Basel &amp; Co. &#8211; Mode \/ Luxus WooCommerce Theme &#8211; Minimal, Responsive &amp; Responsive Theme ajax\"}]},{\"@type\":\"WebSite\",\"@id\":\"https:\/\/woo-themes-plugins.com\/it\/#website\",\"url\":\"https:\/\/woo-themes-plugins.com\/it\/\",\"name\":\"Woo-themes-plugins.com\",\"description\":\"Tous les th\u00e8mes et plugins WooCommerce Premium\",\"potentialAction\":[{\"@type\":\"SearchAction\",\"target\":{\"@type\":\"EntryPoint\",\"urlTemplate\":\"https:\/\/woo-themes-plugins.com\/it\/?s={search_term_string}\"},\"query-input\":\"required name=search_term_string\"}],\"inLanguage\":\"de\"}]}<\/script>\n<!-- \/ Yoast SEO plugin. -->","yoast_head_json":{"title":"Basel - WooCommerce Theme Mode \/ Luxus, Minimal & Responsiv","description":"Mit einer gro\u00dfen N\u00fcchternheit k\u00f6nnte dieses Thema WooCommerce fast \"nordisch\" genannt werden, da seine Funktionen einfach und modern zugleich sind. Diese WooCommerce-Vorlage wird in Projekten des Architekturb\u00fcros, des Interior Designs oder f\u00fcr Mode und Luxus voll zum Ausdruck kommen.","robots":{"index":"index","follow":"follow","max-snippet":"max-snippet:-1","max-image-preview":"max-image-preview:large","max-video-preview":"max-video-preview:-1"},"canonical":"https:\/\/woo-themes-plugins.com\/de\/produkt\/basel-co-mode-luxus-woocommerce-theme-minimal-responsive-responsive-theme-ajax\/","og_locale":"de_DE","og_type":"article","og_title":"Basel - WooCommerce Theme Mode \/ Luxus, Minimal & Responsiv","og_description":"Mit einer gro\u00dfen N\u00fcchternheit k\u00f6nnte dieses Thema WooCommerce fast \"nordisch\" genannt werden, da seine Funktionen einfach und modern zugleich sind. Diese WooCommerce-Vorlage wird in Projekten des Architekturb\u00fcros, des Interior Designs oder f\u00fcr Mode und Luxus voll zum Ausdruck kommen.","og_url":"https:\/\/woo-themes-plugins.com\/de\/produkt\/basel-co-mode-luxus-woocommerce-theme-minimal-responsive-responsive-theme-ajax\/","og_site_name":"Woo-themes-plugins.com","og_image":[{"width":644,"height":900,"url":"https:\/\/woo-themes-plugins.com\/wp-content\/uploads\/sites\/7\/2018\/03\/woo-themes-plugins_basel-co-theme-woocommerce-fashion-luxe-theme-minimalistic-responsive-ajax-furniture.jpg","type":"image\/jpeg"}],"schema":{"@context":"https:\/\/schema.org","@graph":[{"@type":"WebPage","@id":"https:\/\/woo-themes-plugins.com\/de\/produkt\/basel-co-mode-luxus-woocommerce-theme-minimal-responsive-responsive-theme-ajax\/","url":"https:\/\/woo-themes-plugins.com\/de\/produkt\/basel-co-mode-luxus-woocommerce-theme-minimal-responsive-responsive-theme-ajax\/","name":"Basel - WooCommerce Theme Mode \/ Luxus, Minimal & Responsiv","isPartOf":{"@id":"https:\/\/woo-themes-plugins.com\/it\/#website"},"primaryImageOfPage":{"@id":"https:\/\/woo-themes-plugins.com\/de\/produkt\/basel-co-mode-luxus-woocommerce-theme-minimal-responsive-responsive-theme-ajax\/#primaryimage"},"image":{"@id":"https:\/\/woo-themes-plugins.com\/de\/produkt\/basel-co-mode-luxus-woocommerce-theme-minimal-responsive-responsive-theme-ajax\/#primaryimage"},"thumbnailUrl":"https:\/\/woo-themes-plugins.com\/wp-content\/uploads\/sites\/7\/2018\/03\/woo-themes-plugins_basel-co-theme-woocommerce-fashion-luxe-theme-minimalistic-responsive-ajax-furniture.jpg","datePublished":"2018-03-27T07:39:40+00:00","dateModified":"2018-03-27T07:39:40+00:00","description":"Mit einer gro\u00dfen N\u00fcchternheit k\u00f6nnte dieses Thema WooCommerce fast \"nordisch\" genannt werden, da seine Funktionen einfach und modern zugleich sind. Diese WooCommerce-Vorlage wird in Projekten des Architekturb\u00fcros, des Interior Designs oder f\u00fcr Mode und Luxus voll zum Ausdruck kommen.","breadcrumb":{"@id":"https:\/\/woo-themes-plugins.com\/de\/produkt\/basel-co-mode-luxus-woocommerce-theme-minimal-responsive-responsive-theme-ajax\/#breadcrumb"},"inLanguage":"de","potentialAction":[{"@type":"ReadAction","target":["https:\/\/woo-themes-plugins.com\/de\/produkt\/basel-co-mode-luxus-woocommerce-theme-minimal-responsive-responsive-theme-ajax\/"]}]},{"@type":"ImageObject","inLanguage":"de","@id":"https:\/\/woo-themes-plugins.com\/de\/produkt\/basel-co-mode-luxus-woocommerce-theme-minimal-responsive-responsive-theme-ajax\/#primaryimage","url":"https:\/\/woo-themes-plugins.com\/wp-content\/uploads\/sites\/7\/2018\/03\/woo-themes-plugins_basel-co-theme-woocommerce-fashion-luxe-theme-minimalistic-responsive-ajax-furniture.jpg","contentUrl":"https:\/\/woo-themes-plugins.com\/wp-content\/uploads\/sites\/7\/2018\/03\/woo-themes-plugins_basel-co-theme-woocommerce-fashion-luxe-theme-minimalistic-responsive-ajax-furniture.jpg","width":644,"height":900},{"@type":"BreadcrumbList","@id":"https:\/\/woo-themes-plugins.com\/de\/produkt\/basel-co-mode-luxus-woocommerce-theme-minimal-responsive-responsive-theme-ajax\/#breadcrumb","itemListElement":[{"@type":"ListItem","position":1,"name":"Accueil","item":"https:\/\/woo-themes-plugins.com\/fr\/"},{"@type":"ListItem","position":2,"name":"Shop","item":"https:\/\/woo-themes-plugins.com\/shop\/"},{"@type":"ListItem","position":3,"name":"Basel &amp; Co. &#8211; Mode \/ Luxus WooCommerce Theme &#8211; Minimal, Responsive &amp; Responsive Theme ajax"}]},{"@type":"WebSite","@id":"https:\/\/woo-themes-plugins.com\/it\/#website","url":"https:\/\/woo-themes-plugins.com\/it\/","name":"Woo-themes-plugins.com","description":"Tous les th\u00e8mes et plugins WooCommerce Premium","potentialAction":[{"@type":"SearchAction","target":{"@type":"EntryPoint","urlTemplate":"https:\/\/woo-themes-plugins.com\/it\/?s={search_term_string}"},"query-input":"required name=search_term_string"}],"inLanguage":"de"}]}},"_links":{"self":[{"href":"https:\/\/woo-themes-plugins.com\/de\/wp-json\/wp\/v2\/product\/4636","targetHints":{"allow":["GET"]}}],"collection":[{"href":"https:\/\/woo-themes-plugins.com\/de\/wp-json\/wp\/v2\/product"}],"about":[{"href":"https:\/\/woo-themes-plugins.com\/de\/wp-json\/wp\/v2\/types\/product"}],"wp:featuredmedia":[{"embeddable":true,"href":"https:\/\/woo-themes-plugins.com\/de\/wp-json\/wp\/v2\/media\/2392"}],"wp:attachment":[{"href":"https:\/\/woo-themes-plugins.com\/de\/wp-json\/wp\/v2\/media?parent=4636"}],"wp:term":[{"taxonomy":"product_cat","embeddable":true,"href":"https:\/\/woo-themes-plugins.com\/de\/wp-json\/wp\/v2\/product_cat?post=4636"},{"taxonomy":"product_tag","embeddable":true,"href":"https:\/\/woo-themes-plugins.com\/de\/wp-json\/wp\/v2\/product_tag?post=4636"}],"curies":[{"name":"wp","href":"https:\/\/api.w.org\/{rel}","templated":true}]}}