{"id":4638,"date":"2018-03-27T08:51:30","date_gmt":"2018-03-27T07:51:30","guid":{"rendered":"https:\/\/woo-themes-plugins.com\/product\/woopress-thema-woocommerce-alle-seiten-theme-vielseitig-responsive-parallax\/"},"modified":"2018-03-27T08:51:30","modified_gmt":"2018-03-27T07:51:30","slug":"woopress-thema-woocommerce-alle-seiten-theme-vielseitig-responsive-parallax","status":"publish","type":"product","link":"https:\/\/woo-themes-plugins.com\/de\/product\/woopress-thema-woocommerce-alle-seiten-theme-vielseitig-responsive-parallax\/","title":{"rendered":"WooPress &#8211; Thema WooCommerce Alle Seiten &#8211; Theme Vielseitig, Responsive &amp; Parallax"},"content":{"rendered":"","protected":false},"excerpt":{"rendered":"<p><span id=\"result_box\" class=\"\" lang=\"de\">Zusammenfassung in zwei Zeilen, was WooPress tun k\u00f6nnte, w\u00e4re fast eine Beleidigung f\u00fcr dieses WooCommerce-Thema, so sehr versucht der Autor, die Messlatte hoch zu setzen. WooPress ist ein vielseitiges WooCommerce-Thema und bietet mehr als 20 Layouts f\u00fcr alle Arten von E-Commerce-Websites. Schauen Sie ein wenig die Layouts, die Sie dieses Thema vorschlagen WooCommerce: Website Spielzeug, M\u00f6bel, Blumen, mit Effekten Parallaxe, f\u00fcr Zoohandlungen, f\u00fcr Schmuck &#8230; die Auswahl ist breit und vielf\u00e4ltig.<\/span><\/p>\n","protected":false},"featured_media":945,"template":"","meta":{"_monsterinsights_skip_tracking":false,"_monsterinsights_sitenote_active":false,"_monsterinsights_sitenote_note":"","_monsterinsights_sitenote_category":0},"product_cat":[209],"product_tag":[1043,963,1076,1108,1057,1074,1070,1116,1089,1094,1091,1106,1105,1101,1065,1095,1083,1112,1107],"class_list":["post-4638","product","type-product","status-publish","has-post-thumbnail","hentry","product_cat-woocommerce-thema-de","product_tag-anfanger-woocommerce","product_tag-bundle-plugins-premium-de","product_tag-das-woocommerce-parallax-thema","product_tag-das-woocommerce-vintage-thema-de","product_tag-personalisierbare-woocommerce-themen","product_tag-thema-woocommerce-onepage","product_tag-theme-woocommerce-ajax-de","product_tag-willkommener-installation-ein-klick","product_tag-woocommerce-florist-de","product_tag-woocommerce-hardware-de","product_tag-woocommerce-mobel","product_tag-woocommerce-revolution-slider-de-2","product_tag-woocommerce-visual-composer-de","product_tag-woocommerce-mehrsprachig-de","product_tag-woocommerce-responsive-de","product_tag-woocommerce-schmuck","product_tag-woocommerce-schonheit-kosmetische-show","product_tag-woocommerce-spielzeugladen","product_tag-woocommerce-zoohandlung","pa_dev-woo-plugin-theme-8theme-de","pa_marketplace-woocommerce-themeforest-net-de"],"yoast_head":"<!-- This site is optimized with the Yoast SEO plugin v23.1 - https:\/\/yoast.com\/wordpress\/plugins\/seo\/ -->\n<title>WooPress - Thema WooCommerce Alle Seiten - Theme Vielseitig, Responsive &amp; Parallax - Woo-themes-plugins.com<\/title>\n<meta name=\"robots\" content=\"index, follow, max-snippet:-1, max-image-preview:large, max-video-preview:-1\" \/>\n<link rel=\"canonical\" href=\"https:\/\/woo-themes-plugins.com\/de\/produkt\/woopress-thema-woocommerce-alle-seiten-theme-vielseitig-responsive-parallax\/\" \/>\n<meta property=\"og:locale\" content=\"de_DE\" \/>\n<meta property=\"og:type\" content=\"article\" \/>\n<meta property=\"og:title\" content=\"WooPress - Thema WooCommerce Alle Seiten - Theme Vielseitig, Responsive &amp; Parallax - Woo-themes-plugins.com\" \/>\n<meta property=\"og:description\" content=\"Zusammenfassung in zwei Zeilen, was WooPress tun k\u00f6nnte, w\u00e4re fast eine Beleidigung f\u00fcr dieses WooCommerce-Thema, so sehr versucht der Autor, die Messlatte hoch zu setzen. WooPress ist ein vielseitiges WooCommerce-Thema und bietet mehr als 20 Layouts f\u00fcr alle Arten von E-Commerce-Websites. Schauen Sie ein wenig die Layouts, die Sie dieses Thema vorschlagen WooCommerce: Website Spielzeug, M\u00f6bel, Blumen, mit Effekten Parallaxe, f\u00fcr Zoohandlungen, f\u00fcr Schmuck ... die Auswahl ist breit und vielf\u00e4ltig.\" \/>\n<meta property=\"og:url\" content=\"https:\/\/woo-themes-plugins.com\/de\/produkt\/woopress-thema-woocommerce-alle-seiten-theme-vielseitig-responsive-parallax\/\" \/>\n<meta property=\"og:site_name\" content=\"Woo-themes-plugins.com\" \/>\n<meta property=\"og:image\" content=\"https:\/\/woo-themes-plugins.com\/wp-content\/uploads\/sites\/7\/2018\/03\/woo-themes-plugins-woopress-theme-woocommerce-tous-sites-theme-versatile-responsive-default.jpg\" \/>\n\t<meta property=\"og:image:width\" content=\"906\" \/>\n\t<meta property=\"og:image:height\" content=\"900\" \/>\n\t<meta property=\"og:image:type\" content=\"image\/jpeg\" \/>\n<script type=\"application\/ld+json\" class=\"yoast-schema-graph\">{\"@context\":\"https:\/\/schema.org\",\"@graph\":[{\"@type\":\"WebPage\",\"@id\":\"https:\/\/woo-themes-plugins.com\/de\/produkt\/woopress-thema-woocommerce-alle-seiten-theme-vielseitig-responsive-parallax\/\",\"url\":\"https:\/\/woo-themes-plugins.com\/de\/produkt\/woopress-thema-woocommerce-alle-seiten-theme-vielseitig-responsive-parallax\/\",\"name\":\"WooPress - Thema WooCommerce Alle Seiten - Theme Vielseitig, Responsive &amp; Parallax - Woo-themes-plugins.com\",\"isPartOf\":{\"@id\":\"https:\/\/woo-themes-plugins.com\/it\/#website\"},\"primaryImageOfPage\":{\"@id\":\"https:\/\/woo-themes-plugins.com\/de\/produkt\/woopress-thema-woocommerce-alle-seiten-theme-vielseitig-responsive-parallax\/#primaryimage\"},\"image\":{\"@id\":\"https:\/\/woo-themes-plugins.com\/de\/produkt\/woopress-thema-woocommerce-alle-seiten-theme-vielseitig-responsive-parallax\/#primaryimage\"},\"thumbnailUrl\":\"https:\/\/woo-themes-plugins.com\/wp-content\/uploads\/sites\/7\/2018\/03\/woo-themes-plugins-woopress-theme-woocommerce-tous-sites-theme-versatile-responsive-default.jpg\",\"datePublished\":\"2018-03-27T07:51:30+00:00\",\"dateModified\":\"2018-03-27T07:51:30+00:00\",\"breadcrumb\":{\"@id\":\"https:\/\/woo-themes-plugins.com\/de\/produkt\/woopress-thema-woocommerce-alle-seiten-theme-vielseitig-responsive-parallax\/#breadcrumb\"},\"inLanguage\":\"de\",\"potentialAction\":[{\"@type\":\"ReadAction\",\"target\":[\"https:\/\/woo-themes-plugins.com\/de\/produkt\/woopress-thema-woocommerce-alle-seiten-theme-vielseitig-responsive-parallax\/\"]}]},{\"@type\":\"ImageObject\",\"inLanguage\":\"de\",\"@id\":\"https:\/\/woo-themes-plugins.com\/de\/produkt\/woopress-thema-woocommerce-alle-seiten-theme-vielseitig-responsive-parallax\/#primaryimage\",\"url\":\"https:\/\/woo-themes-plugins.com\/wp-content\/uploads\/sites\/7\/2018\/03\/woo-themes-plugins-woopress-theme-woocommerce-tous-sites-theme-versatile-responsive-default.jpg\",\"contentUrl\":\"https:\/\/woo-themes-plugins.com\/wp-content\/uploads\/sites\/7\/2018\/03\/woo-themes-plugins-woopress-theme-woocommerce-tous-sites-theme-versatile-responsive-default.jpg\",\"width\":906,\"height\":900},{\"@type\":\"BreadcrumbList\",\"@id\":\"https:\/\/woo-themes-plugins.com\/de\/produkt\/woopress-thema-woocommerce-alle-seiten-theme-vielseitig-responsive-parallax\/#breadcrumb\",\"itemListElement\":[{\"@type\":\"ListItem\",\"position\":1,\"name\":\"Accueil\",\"item\":\"https:\/\/woo-themes-plugins.com\/fr\/\"},{\"@type\":\"ListItem\",\"position\":2,\"name\":\"Shop\",\"item\":\"https:\/\/woo-themes-plugins.com\/shop\/\"},{\"@type\":\"ListItem\",\"position\":3,\"name\":\"WooPress &#8211; Thema WooCommerce Alle Seiten &#8211; Theme Vielseitig, Responsive &amp; Parallax\"}]},{\"@type\":\"WebSite\",\"@id\":\"https:\/\/woo-themes-plugins.com\/it\/#website\",\"url\":\"https:\/\/woo-themes-plugins.com\/it\/\",\"name\":\"Woo-themes-plugins.com\",\"description\":\"Tous les th\u00e8mes et plugins WooCommerce Premium\",\"potentialAction\":[{\"@type\":\"SearchAction\",\"target\":{\"@type\":\"EntryPoint\",\"urlTemplate\":\"https:\/\/woo-themes-plugins.com\/it\/?s={search_term_string}\"},\"query-input\":\"required name=search_term_string\"}],\"inLanguage\":\"de\"}]}<\/script>\n<!-- \/ Yoast SEO plugin. -->","yoast_head_json":{"title":"WooPress - Thema WooCommerce Alle Seiten - Theme Vielseitig, Responsive &amp; Parallax - Woo-themes-plugins.com","robots":{"index":"index","follow":"follow","max-snippet":"max-snippet:-1","max-image-preview":"max-image-preview:large","max-video-preview":"max-video-preview:-1"},"canonical":"https:\/\/woo-themes-plugins.com\/de\/produkt\/woopress-thema-woocommerce-alle-seiten-theme-vielseitig-responsive-parallax\/","og_locale":"de_DE","og_type":"article","og_title":"WooPress - Thema WooCommerce Alle Seiten - Theme Vielseitig, Responsive &amp; Parallax - Woo-themes-plugins.com","og_description":"Zusammenfassung in zwei Zeilen, was WooPress tun k\u00f6nnte, w\u00e4re fast eine Beleidigung f\u00fcr dieses WooCommerce-Thema, so sehr versucht der Autor, die Messlatte hoch zu setzen. WooPress ist ein vielseitiges WooCommerce-Thema und bietet mehr als 20 Layouts f\u00fcr alle Arten von E-Commerce-Websites. Schauen Sie ein wenig die Layouts, die Sie dieses Thema vorschlagen WooCommerce: Website Spielzeug, M\u00f6bel, Blumen, mit Effekten Parallaxe, f\u00fcr Zoohandlungen, f\u00fcr Schmuck ... die Auswahl ist breit und vielf\u00e4ltig.","og_url":"https:\/\/woo-themes-plugins.com\/de\/produkt\/woopress-thema-woocommerce-alle-seiten-theme-vielseitig-responsive-parallax\/","og_site_name":"Woo-themes-plugins.com","og_image":[{"width":906,"height":900,"url":"https:\/\/woo-themes-plugins.com\/wp-content\/uploads\/sites\/7\/2018\/03\/woo-themes-plugins-woopress-theme-woocommerce-tous-sites-theme-versatile-responsive-default.jpg","type":"image\/jpeg"}],"schema":{"@context":"https:\/\/schema.org","@graph":[{"@type":"WebPage","@id":"https:\/\/woo-themes-plugins.com\/de\/produkt\/woopress-thema-woocommerce-alle-seiten-theme-vielseitig-responsive-parallax\/","url":"https:\/\/woo-themes-plugins.com\/de\/produkt\/woopress-thema-woocommerce-alle-seiten-theme-vielseitig-responsive-parallax\/","name":"WooPress - Thema WooCommerce Alle Seiten - Theme Vielseitig, Responsive &amp; Parallax - Woo-themes-plugins.com","isPartOf":{"@id":"https:\/\/woo-themes-plugins.com\/it\/#website"},"primaryImageOfPage":{"@id":"https:\/\/woo-themes-plugins.com\/de\/produkt\/woopress-thema-woocommerce-alle-seiten-theme-vielseitig-responsive-parallax\/#primaryimage"},"image":{"@id":"https:\/\/woo-themes-plugins.com\/de\/produkt\/woopress-thema-woocommerce-alle-seiten-theme-vielseitig-responsive-parallax\/#primaryimage"},"thumbnailUrl":"https:\/\/woo-themes-plugins.com\/wp-content\/uploads\/sites\/7\/2018\/03\/woo-themes-plugins-woopress-theme-woocommerce-tous-sites-theme-versatile-responsive-default.jpg","datePublished":"2018-03-27T07:51:30+00:00","dateModified":"2018-03-27T07:51:30+00:00","breadcrumb":{"@id":"https:\/\/woo-themes-plugins.com\/de\/produkt\/woopress-thema-woocommerce-alle-seiten-theme-vielseitig-responsive-parallax\/#breadcrumb"},"inLanguage":"de","potentialAction":[{"@type":"ReadAction","target":["https:\/\/woo-themes-plugins.com\/de\/produkt\/woopress-thema-woocommerce-alle-seiten-theme-vielseitig-responsive-parallax\/"]}]},{"@type":"ImageObject","inLanguage":"de","@id":"https:\/\/woo-themes-plugins.com\/de\/produkt\/woopress-thema-woocommerce-alle-seiten-theme-vielseitig-responsive-parallax\/#primaryimage","url":"https:\/\/woo-themes-plugins.com\/wp-content\/uploads\/sites\/7\/2018\/03\/woo-themes-plugins-woopress-theme-woocommerce-tous-sites-theme-versatile-responsive-default.jpg","contentUrl":"https:\/\/woo-themes-plugins.com\/wp-content\/uploads\/sites\/7\/2018\/03\/woo-themes-plugins-woopress-theme-woocommerce-tous-sites-theme-versatile-responsive-default.jpg","width":906,"height":900},{"@type":"BreadcrumbList","@id":"https:\/\/woo-themes-plugins.com\/de\/produkt\/woopress-thema-woocommerce-alle-seiten-theme-vielseitig-responsive-parallax\/#breadcrumb","itemListElement":[{"@type":"ListItem","position":1,"name":"Accueil","item":"https:\/\/woo-themes-plugins.com\/fr\/"},{"@type":"ListItem","position":2,"name":"Shop","item":"https:\/\/woo-themes-plugins.com\/shop\/"},{"@type":"ListItem","position":3,"name":"WooPress &#8211; Thema WooCommerce Alle Seiten &#8211; Theme Vielseitig, Responsive &amp; Parallax"}]},{"@type":"WebSite","@id":"https:\/\/woo-themes-plugins.com\/it\/#website","url":"https:\/\/woo-themes-plugins.com\/it\/","name":"Woo-themes-plugins.com","description":"Tous les th\u00e8mes et plugins WooCommerce Premium","potentialAction":[{"@type":"SearchAction","target":{"@type":"EntryPoint","urlTemplate":"https:\/\/woo-themes-plugins.com\/it\/?s={search_term_string}"},"query-input":"required name=search_term_string"}],"inLanguage":"de"}]}},"_links":{"self":[{"href":"https:\/\/woo-themes-plugins.com\/de\/wp-json\/wp\/v2\/product\/4638","targetHints":{"allow":["GET"]}}],"collection":[{"href":"https:\/\/woo-themes-plugins.com\/de\/wp-json\/wp\/v2\/product"}],"about":[{"href":"https:\/\/woo-themes-plugins.com\/de\/wp-json\/wp\/v2\/types\/product"}],"wp:featuredmedia":[{"embeddable":true,"href":"https:\/\/woo-themes-plugins.com\/de\/wp-json\/wp\/v2\/media\/945"}],"wp:attachment":[{"href":"https:\/\/woo-themes-plugins.com\/de\/wp-json\/wp\/v2\/media?parent=4638"}],"wp:term":[{"taxonomy":"product_cat","embeddable":true,"href":"https:\/\/woo-themes-plugins.com\/de\/wp-json\/wp\/v2\/product_cat?post=4638"},{"taxonomy":"product_tag","embeddable":true,"href":"https:\/\/woo-themes-plugins.com\/de\/wp-json\/wp\/v2\/product_tag?post=4638"}],"curies":[{"name":"wp","href":"https:\/\/api.w.org\/{rel}","templated":true}]}}