{"id":4639,"date":"2018-03-27T08:59:14","date_gmt":"2018-03-27T07:59:14","guid":{"rendered":"https:\/\/woo-themes-plugins.com\/product\/somerset-shop-woocommerce-theme-ohne-limit-vielseitiges-theme-ansprechbar\/"},"modified":"2018-03-27T08:59:14","modified_gmt":"2018-03-27T07:59:14","slug":"somerset-shop-woocommerce-theme-ohne-limit-vielseitiges-theme-ansprechbar","status":"publish","type":"product","link":"https:\/\/woo-themes-plugins.com\/de\/product\/somerset-shop-woocommerce-theme-ohne-limit-vielseitiges-theme-ansprechbar\/","title":{"rendered":"Somerset Shop &#8211; WooCommerce Theme ohne Limit &#8211; Vielseitiges Theme &amp; ansprechbar"},"content":{"rendered":"","protected":false},"excerpt":{"rendered":"<p><span id=\"result_box\" class=\"\" lang=\"de\">Der Somerservice-Shop ist ein WooCommerce-Thema, das Ihrer E-Commerce-Seite einen Hauch Frische verleiht und Ihnen gleichzeitig nahezu grenzenlose Layout-M\u00f6glichkeiten bietet. Wenn Sie auch mit den Farben spielen wollen, haben Sie eindeutig Spa\u00df. Design der Homepage mit Widgets und Shortcodes f\u00fcr gr\u00f6\u00dftm\u00f6gliche Flexibilit\u00e4t, Auswahl zwischen einer Version mit oder ohne Hintergrundgeschichte, Auswahl aus \u00fcber 60 verschiedenen Fonds &#8230; Ein echtes Thema WooCommerce Schweizer Taschenmesser .<\/span><\/p>\n","protected":false},"featured_media":457,"template":"","meta":{"_monsterinsights_skip_tracking":false,"_monsterinsights_sitenote_active":false,"_monsterinsights_sitenote_note":"","_monsterinsights_sitenote_category":0},"product_cat":[209],"product_tag":[1043,963,1076,1108,1057,1074,1070,1116,1089,1094,1091,1106,1105,1101,1065,1095,1083,1112,1107],"class_list":["post-4639","product","type-product","status-publish","has-post-thumbnail","hentry","product_cat-woocommerce-thema-de","product_tag-anfanger-woocommerce","product_tag-bundle-plugins-premium-de","product_tag-das-woocommerce-parallax-thema","product_tag-das-woocommerce-vintage-thema-de","product_tag-personalisierbare-woocommerce-themen","product_tag-thema-woocommerce-onepage","product_tag-theme-woocommerce-ajax-de","product_tag-willkommener-installation-ein-klick","product_tag-woocommerce-florist-de","product_tag-woocommerce-hardware-de","product_tag-woocommerce-mobel","product_tag-woocommerce-revolution-slider-de-2","product_tag-woocommerce-visual-composer-de","product_tag-woocommerce-mehrsprachig-de","product_tag-woocommerce-responsive-de","product_tag-woocommerce-schmuck","product_tag-woocommerce-schonheit-kosmetische-show","product_tag-woocommerce-spielzeugladen","product_tag-woocommerce-zoohandlung","pa_dev-woo-plugin-theme-sara_p-de","pa_marketplace-woocommerce-themeforest-net-de"],"yoast_head":"<!-- This site is optimized with the Yoast SEO plugin v23.1 - https:\/\/yoast.com\/wordpress\/plugins\/seo\/ -->\n<title>Somerset Shop - WooCommerce Theme ohne Limit - Vielseitiges Theme &amp; ansprechbar - Woo-themes-plugins.com<\/title>\n<meta name=\"robots\" content=\"index, follow, max-snippet:-1, max-image-preview:large, max-video-preview:-1\" \/>\n<link rel=\"canonical\" href=\"https:\/\/woo-themes-plugins.com\/de\/produkt\/somerset-shop-woocommerce-theme-ohne-limit-vielseitiges-theme-ansprechbar\/\" \/>\n<meta property=\"og:locale\" content=\"de_DE\" \/>\n<meta property=\"og:type\" content=\"article\" \/>\n<meta property=\"og:title\" content=\"Somerset Shop - WooCommerce Theme ohne Limit - Vielseitiges Theme &amp; ansprechbar - Woo-themes-plugins.com\" \/>\n<meta property=\"og:description\" content=\"Der Somerservice-Shop ist ein WooCommerce-Thema, das Ihrer E-Commerce-Seite einen Hauch Frische verleiht und Ihnen gleichzeitig nahezu grenzenlose Layout-M\u00f6glichkeiten bietet. Wenn Sie auch mit den Farben spielen wollen, haben Sie eindeutig Spa\u00df. Design der Homepage mit Widgets und Shortcodes f\u00fcr gr\u00f6\u00dftm\u00f6gliche Flexibilit\u00e4t, Auswahl zwischen einer Version mit oder ohne Hintergrundgeschichte, Auswahl aus \u00fcber 60 verschiedenen Fonds ... Ein echtes Thema WooCommerce Schweizer Taschenmesser .\" \/>\n<meta property=\"og:url\" content=\"https:\/\/woo-themes-plugins.com\/de\/produkt\/somerset-shop-woocommerce-theme-ohne-limit-vielseitiges-theme-ansprechbar\/\" \/>\n<meta property=\"og:site_name\" content=\"Woo-themes-plugins.com\" \/>\n<meta property=\"og:image\" content=\"https:\/\/woo-themes-plugins.com\/wp-content\/uploads\/sites\/7\/2018\/03\/woo-themes-plugins-sommerce-shop-theme-woocommerce-sans-limite-theme-versatile-responsive.jpeg\" \/>\n\t<meta property=\"og:image:width\" content=\"590\" \/>\n\t<meta property=\"og:image:height\" content=\"300\" \/>\n\t<meta property=\"og:image:type\" content=\"image\/jpeg\" \/>\n<script type=\"application\/ld+json\" class=\"yoast-schema-graph\">{\"@context\":\"https:\/\/schema.org\",\"@graph\":[{\"@type\":\"WebPage\",\"@id\":\"https:\/\/woo-themes-plugins.com\/de\/produkt\/somerset-shop-woocommerce-theme-ohne-limit-vielseitiges-theme-ansprechbar\/\",\"url\":\"https:\/\/woo-themes-plugins.com\/de\/produkt\/somerset-shop-woocommerce-theme-ohne-limit-vielseitiges-theme-ansprechbar\/\",\"name\":\"Somerset Shop - WooCommerce Theme ohne Limit - Vielseitiges Theme &amp; ansprechbar - Woo-themes-plugins.com\",\"isPartOf\":{\"@id\":\"https:\/\/woo-themes-plugins.com\/it\/#website\"},\"primaryImageOfPage\":{\"@id\":\"https:\/\/woo-themes-plugins.com\/de\/produkt\/somerset-shop-woocommerce-theme-ohne-limit-vielseitiges-theme-ansprechbar\/#primaryimage\"},\"image\":{\"@id\":\"https:\/\/woo-themes-plugins.com\/de\/produkt\/somerset-shop-woocommerce-theme-ohne-limit-vielseitiges-theme-ansprechbar\/#primaryimage\"},\"thumbnailUrl\":\"https:\/\/woo-themes-plugins.com\/wp-content\/uploads\/sites\/7\/2018\/03\/woo-themes-plugins-sommerce-shop-theme-woocommerce-sans-limite-theme-versatile-responsive.jpeg\",\"datePublished\":\"2018-03-27T07:59:14+00:00\",\"dateModified\":\"2018-03-27T07:59:14+00:00\",\"breadcrumb\":{\"@id\":\"https:\/\/woo-themes-plugins.com\/de\/produkt\/somerset-shop-woocommerce-theme-ohne-limit-vielseitiges-theme-ansprechbar\/#breadcrumb\"},\"inLanguage\":\"de\",\"potentialAction\":[{\"@type\":\"ReadAction\",\"target\":[\"https:\/\/woo-themes-plugins.com\/de\/produkt\/somerset-shop-woocommerce-theme-ohne-limit-vielseitiges-theme-ansprechbar\/\"]}]},{\"@type\":\"ImageObject\",\"inLanguage\":\"de\",\"@id\":\"https:\/\/woo-themes-plugins.com\/de\/produkt\/somerset-shop-woocommerce-theme-ohne-limit-vielseitiges-theme-ansprechbar\/#primaryimage\",\"url\":\"https:\/\/woo-themes-plugins.com\/wp-content\/uploads\/sites\/7\/2018\/03\/woo-themes-plugins-sommerce-shop-theme-woocommerce-sans-limite-theme-versatile-responsive.jpeg\",\"contentUrl\":\"https:\/\/woo-themes-plugins.com\/wp-content\/uploads\/sites\/7\/2018\/03\/woo-themes-plugins-sommerce-shop-theme-woocommerce-sans-limite-theme-versatile-responsive.jpeg\",\"width\":590,\"height\":300},{\"@type\":\"BreadcrumbList\",\"@id\":\"https:\/\/woo-themes-plugins.com\/de\/produkt\/somerset-shop-woocommerce-theme-ohne-limit-vielseitiges-theme-ansprechbar\/#breadcrumb\",\"itemListElement\":[{\"@type\":\"ListItem\",\"position\":1,\"name\":\"Accueil\",\"item\":\"https:\/\/woo-themes-plugins.com\/fr\/\"},{\"@type\":\"ListItem\",\"position\":2,\"name\":\"Shop\",\"item\":\"https:\/\/woo-themes-plugins.com\/shop\/\"},{\"@type\":\"ListItem\",\"position\":3,\"name\":\"Somerset Shop &#8211; WooCommerce Theme ohne Limit &#8211; Vielseitiges Theme &amp; ansprechbar\"}]},{\"@type\":\"WebSite\",\"@id\":\"https:\/\/woo-themes-plugins.com\/it\/#website\",\"url\":\"https:\/\/woo-themes-plugins.com\/it\/\",\"name\":\"Woo-themes-plugins.com\",\"description\":\"Tous les th\u00e8mes et plugins WooCommerce Premium\",\"potentialAction\":[{\"@type\":\"SearchAction\",\"target\":{\"@type\":\"EntryPoint\",\"urlTemplate\":\"https:\/\/woo-themes-plugins.com\/it\/?s={search_term_string}\"},\"query-input\":\"required name=search_term_string\"}],\"inLanguage\":\"de\"}]}<\/script>\n<!-- \/ Yoast SEO plugin. -->","yoast_head_json":{"title":"Somerset Shop - WooCommerce Theme ohne Limit - Vielseitiges Theme &amp; ansprechbar - Woo-themes-plugins.com","robots":{"index":"index","follow":"follow","max-snippet":"max-snippet:-1","max-image-preview":"max-image-preview:large","max-video-preview":"max-video-preview:-1"},"canonical":"https:\/\/woo-themes-plugins.com\/de\/produkt\/somerset-shop-woocommerce-theme-ohne-limit-vielseitiges-theme-ansprechbar\/","og_locale":"de_DE","og_type":"article","og_title":"Somerset Shop - WooCommerce Theme ohne Limit - Vielseitiges Theme &amp; ansprechbar - Woo-themes-plugins.com","og_description":"Der Somerservice-Shop ist ein WooCommerce-Thema, das Ihrer E-Commerce-Seite einen Hauch Frische verleiht und Ihnen gleichzeitig nahezu grenzenlose Layout-M\u00f6glichkeiten bietet. Wenn Sie auch mit den Farben spielen wollen, haben Sie eindeutig Spa\u00df. Design der Homepage mit Widgets und Shortcodes f\u00fcr gr\u00f6\u00dftm\u00f6gliche Flexibilit\u00e4t, Auswahl zwischen einer Version mit oder ohne Hintergrundgeschichte, Auswahl aus \u00fcber 60 verschiedenen Fonds ... Ein echtes Thema WooCommerce Schweizer Taschenmesser .","og_url":"https:\/\/woo-themes-plugins.com\/de\/produkt\/somerset-shop-woocommerce-theme-ohne-limit-vielseitiges-theme-ansprechbar\/","og_site_name":"Woo-themes-plugins.com","og_image":[{"width":590,"height":300,"url":"https:\/\/woo-themes-plugins.com\/wp-content\/uploads\/sites\/7\/2018\/03\/woo-themes-plugins-sommerce-shop-theme-woocommerce-sans-limite-theme-versatile-responsive.jpeg","type":"image\/jpeg"}],"schema":{"@context":"https:\/\/schema.org","@graph":[{"@type":"WebPage","@id":"https:\/\/woo-themes-plugins.com\/de\/produkt\/somerset-shop-woocommerce-theme-ohne-limit-vielseitiges-theme-ansprechbar\/","url":"https:\/\/woo-themes-plugins.com\/de\/produkt\/somerset-shop-woocommerce-theme-ohne-limit-vielseitiges-theme-ansprechbar\/","name":"Somerset Shop - WooCommerce Theme ohne Limit - Vielseitiges Theme &amp; ansprechbar - Woo-themes-plugins.com","isPartOf":{"@id":"https:\/\/woo-themes-plugins.com\/it\/#website"},"primaryImageOfPage":{"@id":"https:\/\/woo-themes-plugins.com\/de\/produkt\/somerset-shop-woocommerce-theme-ohne-limit-vielseitiges-theme-ansprechbar\/#primaryimage"},"image":{"@id":"https:\/\/woo-themes-plugins.com\/de\/produkt\/somerset-shop-woocommerce-theme-ohne-limit-vielseitiges-theme-ansprechbar\/#primaryimage"},"thumbnailUrl":"https:\/\/woo-themes-plugins.com\/wp-content\/uploads\/sites\/7\/2018\/03\/woo-themes-plugins-sommerce-shop-theme-woocommerce-sans-limite-theme-versatile-responsive.jpeg","datePublished":"2018-03-27T07:59:14+00:00","dateModified":"2018-03-27T07:59:14+00:00","breadcrumb":{"@id":"https:\/\/woo-themes-plugins.com\/de\/produkt\/somerset-shop-woocommerce-theme-ohne-limit-vielseitiges-theme-ansprechbar\/#breadcrumb"},"inLanguage":"de","potentialAction":[{"@type":"ReadAction","target":["https:\/\/woo-themes-plugins.com\/de\/produkt\/somerset-shop-woocommerce-theme-ohne-limit-vielseitiges-theme-ansprechbar\/"]}]},{"@type":"ImageObject","inLanguage":"de","@id":"https:\/\/woo-themes-plugins.com\/de\/produkt\/somerset-shop-woocommerce-theme-ohne-limit-vielseitiges-theme-ansprechbar\/#primaryimage","url":"https:\/\/woo-themes-plugins.com\/wp-content\/uploads\/sites\/7\/2018\/03\/woo-themes-plugins-sommerce-shop-theme-woocommerce-sans-limite-theme-versatile-responsive.jpeg","contentUrl":"https:\/\/woo-themes-plugins.com\/wp-content\/uploads\/sites\/7\/2018\/03\/woo-themes-plugins-sommerce-shop-theme-woocommerce-sans-limite-theme-versatile-responsive.jpeg","width":590,"height":300},{"@type":"BreadcrumbList","@id":"https:\/\/woo-themes-plugins.com\/de\/produkt\/somerset-shop-woocommerce-theme-ohne-limit-vielseitiges-theme-ansprechbar\/#breadcrumb","itemListElement":[{"@type":"ListItem","position":1,"name":"Accueil","item":"https:\/\/woo-themes-plugins.com\/fr\/"},{"@type":"ListItem","position":2,"name":"Shop","item":"https:\/\/woo-themes-plugins.com\/shop\/"},{"@type":"ListItem","position":3,"name":"Somerset Shop &#8211; WooCommerce Theme ohne Limit &#8211; Vielseitiges Theme &amp; ansprechbar"}]},{"@type":"WebSite","@id":"https:\/\/woo-themes-plugins.com\/it\/#website","url":"https:\/\/woo-themes-plugins.com\/it\/","name":"Woo-themes-plugins.com","description":"Tous les th\u00e8mes et plugins WooCommerce Premium","potentialAction":[{"@type":"SearchAction","target":{"@type":"EntryPoint","urlTemplate":"https:\/\/woo-themes-plugins.com\/it\/?s={search_term_string}"},"query-input":"required name=search_term_string"}],"inLanguage":"de"}]}},"_links":{"self":[{"href":"https:\/\/woo-themes-plugins.com\/de\/wp-json\/wp\/v2\/product\/4639","targetHints":{"allow":["GET"]}}],"collection":[{"href":"https:\/\/woo-themes-plugins.com\/de\/wp-json\/wp\/v2\/product"}],"about":[{"href":"https:\/\/woo-themes-plugins.com\/de\/wp-json\/wp\/v2\/types\/product"}],"wp:featuredmedia":[{"embeddable":true,"href":"https:\/\/woo-themes-plugins.com\/de\/wp-json\/wp\/v2\/media\/457"}],"wp:attachment":[{"href":"https:\/\/woo-themes-plugins.com\/de\/wp-json\/wp\/v2\/media?parent=4639"}],"wp:term":[{"taxonomy":"product_cat","embeddable":true,"href":"https:\/\/woo-themes-plugins.com\/de\/wp-json\/wp\/v2\/product_cat?post=4639"},{"taxonomy":"product_tag","embeddable":true,"href":"https:\/\/woo-themes-plugins.com\/de\/wp-json\/wp\/v2\/product_tag?post=4639"}],"curies":[{"name":"wp","href":"https:\/\/api.w.org\/{rel}","templated":true}]}}