{"id":4640,"date":"2018-03-27T09:06:57","date_gmt":"2018-03-27T08:06:57","guid":{"rendered":"https:\/\/woo-themes-plugins.com\/product\/north-theme-woocommerce-luxe-theme-minimaliste-moderne-seo-ready\/"},"modified":"2018-03-27T09:06:57","modified_gmt":"2018-03-27T08:06:57","slug":"north-theme-woocommerce-luxe-theme-minimaliste-moderne-seo-ready","status":"publish","type":"product","link":"https:\/\/woo-themes-plugins.com\/de\/product\/north-theme-woocommerce-luxe-theme-minimaliste-moderne-seo-ready\/","title":{"rendered":"North &#8211; Th\u00e8me WooCommerce Luxe &#8211; Th\u00e8me Minimaliste, Moderne &amp; SEO Ready"},"content":{"rendered":"","protected":false},"excerpt":{"rendered":"<p><span id=\"result_box\" class=\"\" lang=\"de\">Es gibt WooCommerce-Themen, die mehr als nur Themen sind, sie sind fast F\u00e4lle f\u00fcr unsere Produkte. Wenn Sie nach einem WooCommerce-Thema suchen, das entworfen wurde, um eine Luxusboutique zu f\u00fchren, denke ich, dass Sie gerade Ihr Gl\u00fcck gefunden haben. North ist ein WooCommerce-Thema f\u00fcr Luxusgesch\u00e4fte, daran besteht kein Zweifel. Sein minimalistischer Stil macht ihn zu einem idealen Kandidaten f\u00fcr Luxus, denn wer kann sich sonst noch Luxus auf einer E-Commerce-Site leisten? Der Blog-Teil ist auch ein echtes Plus dieses WooCommerce-Themas.<\/span><\/p>\n","protected":false},"featured_media":915,"template":"","meta":{"_monsterinsights_skip_tracking":false,"_monsterinsights_sitenote_active":false,"_monsterinsights_sitenote_note":"","_monsterinsights_sitenote_category":0},"product_cat":[209],"product_tag":[1043,1057,1116,1098,1101,1065,1083,1067,1119],"class_list":["post-4640","product","type-product","status-publish","has-post-thumbnail","hentry","product_cat-woocommerce-thema-de","product_tag-anfanger-woocommerce","product_tag-personalisierbare-woocommerce-themen","product_tag-willkommener-installation-ein-klick","product_tag-woocommerce-luxus-hohe-range","product_tag-woocommerce-mehrsprachig-de","product_tag-woocommerce-responsive-de","product_tag-woocommerce-schonheit-kosmetische-show","product_tag-woocommerce-seo-de","product_tag-woocommerce-thema-mit-blog","pa_dev-woo-plugin-theme-fuelthemes-de","pa_marketplace-woocommerce-themeforest-net-de"],"yoast_head":"<!-- This site is optimized with the Yoast SEO plugin v23.1 - https:\/\/yoast.com\/wordpress\/plugins\/seo\/ -->\n<title>North - Th\u00e8me WooCommerce Luxe - Th\u00e8me Minimaliste, Moderne &amp; SEO Ready - Woo-themes-plugins.com<\/title>\n<meta name=\"robots\" content=\"index, follow, max-snippet:-1, max-image-preview:large, max-video-preview:-1\" \/>\n<link rel=\"canonical\" href=\"https:\/\/woo-themes-plugins.com\/de\/produkt\/north-theme-woocommerce-luxe-theme-minimaliste-moderne-seo-ready\/\" \/>\n<meta property=\"og:locale\" content=\"de_DE\" \/>\n<meta property=\"og:type\" content=\"article\" \/>\n<meta property=\"og:title\" content=\"North - Th\u00e8me WooCommerce Luxe - Th\u00e8me Minimaliste, Moderne &amp; SEO Ready - Woo-themes-plugins.com\" \/>\n<meta property=\"og:description\" content=\"Es gibt WooCommerce-Themen, die mehr als nur Themen sind, sie sind fast F\u00e4lle f\u00fcr unsere Produkte. Wenn Sie nach einem WooCommerce-Thema suchen, das entworfen wurde, um eine Luxusboutique zu f\u00fchren, denke ich, dass Sie gerade Ihr Gl\u00fcck gefunden haben. North ist ein WooCommerce-Thema f\u00fcr Luxusgesch\u00e4fte, daran besteht kein Zweifel. Sein minimalistischer Stil macht ihn zu einem idealen Kandidaten f\u00fcr Luxus, denn wer kann sich sonst noch Luxus auf einer E-Commerce-Site leisten? Der Blog-Teil ist auch ein echtes Plus dieses WooCommerce-Themas.\" \/>\n<meta property=\"og:url\" content=\"https:\/\/woo-themes-plugins.com\/de\/produkt\/north-theme-woocommerce-luxe-theme-minimaliste-moderne-seo-ready\/\" \/>\n<meta property=\"og:site_name\" content=\"Woo-themes-plugins.com\" \/>\n<meta property=\"og:image\" content=\"https:\/\/woo-themes-plugins.com\/wp-content\/uploads\/sites\/7\/2018\/03\/woo-themes-plugins-north-theme-woocommerce-luxe-theme-minimaliste-moderne-seo-default.jpg\" \/>\n\t<meta property=\"og:image:width\" content=\"906\" \/>\n\t<meta property=\"og:image:height\" content=\"900\" \/>\n\t<meta property=\"og:image:type\" content=\"image\/jpeg\" \/>\n<script type=\"application\/ld+json\" class=\"yoast-schema-graph\">{\"@context\":\"https:\/\/schema.org\",\"@graph\":[{\"@type\":\"WebPage\",\"@id\":\"https:\/\/woo-themes-plugins.com\/de\/produkt\/north-theme-woocommerce-luxe-theme-minimaliste-moderne-seo-ready\/\",\"url\":\"https:\/\/woo-themes-plugins.com\/de\/produkt\/north-theme-woocommerce-luxe-theme-minimaliste-moderne-seo-ready\/\",\"name\":\"North - Th\u00e8me WooCommerce Luxe - Th\u00e8me Minimaliste, Moderne &amp; SEO Ready - Woo-themes-plugins.com\",\"isPartOf\":{\"@id\":\"https:\/\/woo-themes-plugins.com\/it\/#website\"},\"primaryImageOfPage\":{\"@id\":\"https:\/\/woo-themes-plugins.com\/de\/produkt\/north-theme-woocommerce-luxe-theme-minimaliste-moderne-seo-ready\/#primaryimage\"},\"image\":{\"@id\":\"https:\/\/woo-themes-plugins.com\/de\/produkt\/north-theme-woocommerce-luxe-theme-minimaliste-moderne-seo-ready\/#primaryimage\"},\"thumbnailUrl\":\"https:\/\/woo-themes-plugins.com\/wp-content\/uploads\/sites\/7\/2018\/03\/woo-themes-plugins-north-theme-woocommerce-luxe-theme-minimaliste-moderne-seo-default.jpg\",\"datePublished\":\"2018-03-27T08:06:57+00:00\",\"dateModified\":\"2018-03-27T08:06:57+00:00\",\"breadcrumb\":{\"@id\":\"https:\/\/woo-themes-plugins.com\/de\/produkt\/north-theme-woocommerce-luxe-theme-minimaliste-moderne-seo-ready\/#breadcrumb\"},\"inLanguage\":\"de\",\"potentialAction\":[{\"@type\":\"ReadAction\",\"target\":[\"https:\/\/woo-themes-plugins.com\/de\/produkt\/north-theme-woocommerce-luxe-theme-minimaliste-moderne-seo-ready\/\"]}]},{\"@type\":\"ImageObject\",\"inLanguage\":\"de\",\"@id\":\"https:\/\/woo-themes-plugins.com\/de\/produkt\/north-theme-woocommerce-luxe-theme-minimaliste-moderne-seo-ready\/#primaryimage\",\"url\":\"https:\/\/woo-themes-plugins.com\/wp-content\/uploads\/sites\/7\/2018\/03\/woo-themes-plugins-north-theme-woocommerce-luxe-theme-minimaliste-moderne-seo-default.jpg\",\"contentUrl\":\"https:\/\/woo-themes-plugins.com\/wp-content\/uploads\/sites\/7\/2018\/03\/woo-themes-plugins-north-theme-woocommerce-luxe-theme-minimaliste-moderne-seo-default.jpg\",\"width\":906,\"height\":900},{\"@type\":\"BreadcrumbList\",\"@id\":\"https:\/\/woo-themes-plugins.com\/de\/produkt\/north-theme-woocommerce-luxe-theme-minimaliste-moderne-seo-ready\/#breadcrumb\",\"itemListElement\":[{\"@type\":\"ListItem\",\"position\":1,\"name\":\"Accueil\",\"item\":\"https:\/\/woo-themes-plugins.com\/fr\/\"},{\"@type\":\"ListItem\",\"position\":2,\"name\":\"Shop\",\"item\":\"https:\/\/woo-themes-plugins.com\/shop\/\"},{\"@type\":\"ListItem\",\"position\":3,\"name\":\"North &#8211; Th\u00e8me WooCommerce Luxe &#8211; Th\u00e8me Minimaliste, Moderne &amp; SEO Ready\"}]},{\"@type\":\"WebSite\",\"@id\":\"https:\/\/woo-themes-plugins.com\/it\/#website\",\"url\":\"https:\/\/woo-themes-plugins.com\/it\/\",\"name\":\"Woo-themes-plugins.com\",\"description\":\"Tous les th\u00e8mes et plugins WooCommerce Premium\",\"potentialAction\":[{\"@type\":\"SearchAction\",\"target\":{\"@type\":\"EntryPoint\",\"urlTemplate\":\"https:\/\/woo-themes-plugins.com\/it\/?s={search_term_string}\"},\"query-input\":\"required name=search_term_string\"}],\"inLanguage\":\"de\"}]}<\/script>\n<!-- \/ Yoast SEO plugin. -->","yoast_head_json":{"title":"North - Th\u00e8me WooCommerce Luxe - Th\u00e8me Minimaliste, Moderne &amp; SEO Ready - Woo-themes-plugins.com","robots":{"index":"index","follow":"follow","max-snippet":"max-snippet:-1","max-image-preview":"max-image-preview:large","max-video-preview":"max-video-preview:-1"},"canonical":"https:\/\/woo-themes-plugins.com\/de\/produkt\/north-theme-woocommerce-luxe-theme-minimaliste-moderne-seo-ready\/","og_locale":"de_DE","og_type":"article","og_title":"North - Th\u00e8me WooCommerce Luxe - Th\u00e8me Minimaliste, Moderne &amp; SEO Ready - Woo-themes-plugins.com","og_description":"Es gibt WooCommerce-Themen, die mehr als nur Themen sind, sie sind fast F\u00e4lle f\u00fcr unsere Produkte. Wenn Sie nach einem WooCommerce-Thema suchen, das entworfen wurde, um eine Luxusboutique zu f\u00fchren, denke ich, dass Sie gerade Ihr Gl\u00fcck gefunden haben. North ist ein WooCommerce-Thema f\u00fcr Luxusgesch\u00e4fte, daran besteht kein Zweifel. Sein minimalistischer Stil macht ihn zu einem idealen Kandidaten f\u00fcr Luxus, denn wer kann sich sonst noch Luxus auf einer E-Commerce-Site leisten? Der Blog-Teil ist auch ein echtes Plus dieses WooCommerce-Themas.","og_url":"https:\/\/woo-themes-plugins.com\/de\/produkt\/north-theme-woocommerce-luxe-theme-minimaliste-moderne-seo-ready\/","og_site_name":"Woo-themes-plugins.com","og_image":[{"width":906,"height":900,"url":"https:\/\/woo-themes-plugins.com\/wp-content\/uploads\/sites\/7\/2018\/03\/woo-themes-plugins-north-theme-woocommerce-luxe-theme-minimaliste-moderne-seo-default.jpg","type":"image\/jpeg"}],"schema":{"@context":"https:\/\/schema.org","@graph":[{"@type":"WebPage","@id":"https:\/\/woo-themes-plugins.com\/de\/produkt\/north-theme-woocommerce-luxe-theme-minimaliste-moderne-seo-ready\/","url":"https:\/\/woo-themes-plugins.com\/de\/produkt\/north-theme-woocommerce-luxe-theme-minimaliste-moderne-seo-ready\/","name":"North - Th\u00e8me WooCommerce Luxe - Th\u00e8me Minimaliste, Moderne &amp; SEO Ready - Woo-themes-plugins.com","isPartOf":{"@id":"https:\/\/woo-themes-plugins.com\/it\/#website"},"primaryImageOfPage":{"@id":"https:\/\/woo-themes-plugins.com\/de\/produkt\/north-theme-woocommerce-luxe-theme-minimaliste-moderne-seo-ready\/#primaryimage"},"image":{"@id":"https:\/\/woo-themes-plugins.com\/de\/produkt\/north-theme-woocommerce-luxe-theme-minimaliste-moderne-seo-ready\/#primaryimage"},"thumbnailUrl":"https:\/\/woo-themes-plugins.com\/wp-content\/uploads\/sites\/7\/2018\/03\/woo-themes-plugins-north-theme-woocommerce-luxe-theme-minimaliste-moderne-seo-default.jpg","datePublished":"2018-03-27T08:06:57+00:00","dateModified":"2018-03-27T08:06:57+00:00","breadcrumb":{"@id":"https:\/\/woo-themes-plugins.com\/de\/produkt\/north-theme-woocommerce-luxe-theme-minimaliste-moderne-seo-ready\/#breadcrumb"},"inLanguage":"de","potentialAction":[{"@type":"ReadAction","target":["https:\/\/woo-themes-plugins.com\/de\/produkt\/north-theme-woocommerce-luxe-theme-minimaliste-moderne-seo-ready\/"]}]},{"@type":"ImageObject","inLanguage":"de","@id":"https:\/\/woo-themes-plugins.com\/de\/produkt\/north-theme-woocommerce-luxe-theme-minimaliste-moderne-seo-ready\/#primaryimage","url":"https:\/\/woo-themes-plugins.com\/wp-content\/uploads\/sites\/7\/2018\/03\/woo-themes-plugins-north-theme-woocommerce-luxe-theme-minimaliste-moderne-seo-default.jpg","contentUrl":"https:\/\/woo-themes-plugins.com\/wp-content\/uploads\/sites\/7\/2018\/03\/woo-themes-plugins-north-theme-woocommerce-luxe-theme-minimaliste-moderne-seo-default.jpg","width":906,"height":900},{"@type":"BreadcrumbList","@id":"https:\/\/woo-themes-plugins.com\/de\/produkt\/north-theme-woocommerce-luxe-theme-minimaliste-moderne-seo-ready\/#breadcrumb","itemListElement":[{"@type":"ListItem","position":1,"name":"Accueil","item":"https:\/\/woo-themes-plugins.com\/fr\/"},{"@type":"ListItem","position":2,"name":"Shop","item":"https:\/\/woo-themes-plugins.com\/shop\/"},{"@type":"ListItem","position":3,"name":"North &#8211; Th\u00e8me WooCommerce Luxe &#8211; Th\u00e8me Minimaliste, Moderne &amp; SEO Ready"}]},{"@type":"WebSite","@id":"https:\/\/woo-themes-plugins.com\/it\/#website","url":"https:\/\/woo-themes-plugins.com\/it\/","name":"Woo-themes-plugins.com","description":"Tous les th\u00e8mes et plugins WooCommerce Premium","potentialAction":[{"@type":"SearchAction","target":{"@type":"EntryPoint","urlTemplate":"https:\/\/woo-themes-plugins.com\/it\/?s={search_term_string}"},"query-input":"required name=search_term_string"}],"inLanguage":"de"}]}},"_links":{"self":[{"href":"https:\/\/woo-themes-plugins.com\/de\/wp-json\/wp\/v2\/product\/4640","targetHints":{"allow":["GET"]}}],"collection":[{"href":"https:\/\/woo-themes-plugins.com\/de\/wp-json\/wp\/v2\/product"}],"about":[{"href":"https:\/\/woo-themes-plugins.com\/de\/wp-json\/wp\/v2\/types\/product"}],"wp:featuredmedia":[{"embeddable":true,"href":"https:\/\/woo-themes-plugins.com\/de\/wp-json\/wp\/v2\/media\/915"}],"wp:attachment":[{"href":"https:\/\/woo-themes-plugins.com\/de\/wp-json\/wp\/v2\/media?parent=4640"}],"wp:term":[{"taxonomy":"product_cat","embeddable":true,"href":"https:\/\/woo-themes-plugins.com\/de\/wp-json\/wp\/v2\/product_cat?post=4640"},{"taxonomy":"product_tag","embeddable":true,"href":"https:\/\/woo-themes-plugins.com\/de\/wp-json\/wp\/v2\/product_tag?post=4640"}],"curies":[{"name":"wp","href":"https:\/\/api.w.org\/{rel}","templated":true}]}}