{"id":4641,"date":"2018-03-27T09:13:29","date_gmt":"2018-03-27T08:13:29","guid":{"rendered":"https:\/\/woo-themes-plugins.com\/product\/goodstore-woocommerce-theme-groser-shop-marktplatz-versatile-theme-modern\/"},"modified":"2018-03-27T09:13:29","modified_gmt":"2018-03-27T08:13:29","slug":"goodstore-woocommerce-theme-groser-shop-marktplatz-versatile-theme-modern","status":"publish","type":"product","link":"https:\/\/woo-themes-plugins.com\/de\/product\/goodstore-woocommerce-theme-groser-shop-marktplatz-versatile-theme-modern\/","title":{"rendered":"GoodStore &#8211; WooCommerce Theme Gro\u00dfer Shop \/ Marktplatz &#8211; Versatile Theme &amp; modern"},"content":{"rendered":"<p><span id=\"result_box\" class=\"\" lang=\"de\"><span title=\"R\u00e9sum\u00e9 ce th\u00e8me WooCommerce, c'est tout \u00e0 fait possible.\">Zusammenfassung dieses Thema WooCommerce, ist es durchaus m\u00f6glich. <\/span><span title=\"Voila ce que cela donnerait :\n\n\u00a0\u00a0\u00a0\u00a0\">Das w\u00fcrde es geben:<\/p>\n<p><\/span><span title=\"Plus de 20 mises en page de folies\n\u00a0\u00a0\u00a0\u00a0\">Mehr als 20 gro\u00dfz\u00fcgige Layouts<br \/>\n<\/span><span title=\"14 traductions d\u00e9j\u00e0 pr\u00eates\n\u00a0\u00a0\u00a0\u00a0\">14 \u00dcbersetzungen sind bereits fertig<br \/>\n<\/span><span title=\"Un th\u00e8me optimis\u00e9 pour le SEO\n\u00a0\u00a0\u00a0\u00a0\">Ein f\u00fcr SEO optimiertes Thema<br \/>\n<\/span><span title=\"Installation et configuration en trois minutes (avec la d\u00e9mo)\n\u00a0\u00a0\u00a0\u00a0\">Installation und Konfiguration in drei Minuten (mit der Demo)<br \/>\n<\/span><span title=\"Mise en page flexible\n\u00a0\u00a0\u00a0\u00a0\">Flexibles Layout<br \/>\n<\/span><span title=\"100% compatible WooCommerce Multilingue\n\u00a0\u00a0\u00a0\u00a0\">100% kompatibel WooCommerce Multilingual<br \/>\n<\/span><span title=\"Mise \u00e0 jour automatis\u00e9e\n\u00a0\u00a0\u00a0\u00a0\">Automatisiertes Update<br \/>\n<\/span><span title=\"Responsive et Retina ready\n\n\">Responsive und Retina bereit<\/p>\n<p><\/span><span title=\"Je ne sais pas ce que tu en penses, mais je trouve que ce simple r\u00e9sum\u00e9 donne l'eau \u00e0 la bouche.\n\n\">Ich wei\u00df nicht, was du denkst, aber ich denke, diese einfache Zusammenfassung gibt Mundwasser.<\/p>\n<p><\/span><span title=\"J'adore les th\u00e8mes WooCommerce d\u00e9j\u00e0 pens\u00e9 pour le multilingue car apr\u00e8s tout, il est tr\u00e8s fr\u00e9quent qu'un site de eCommerce se retrouve traduit dans au moins une langue.\">Ich liebe die Themen, die WooCommerce schon f\u00fcr die mehrsprachigen gedacht hat, denn es ist sehr \u00fcblich, dass eine E-Commerce-Seite in mindestens eine Sprache \u00fcbersetzt ist. <\/span><span title=\"Ici, ce th\u00e8me est disponible dans 14 langue diff\u00e9rentes dont l'anglais et le fran\u00e7ais.\n\n\">Dieses Thema ist in 14 verschiedenen Sprachen verf\u00fcgbar, darunter Englisch und Franz\u00f6sisch.<\/p>\n<p><\/span><span title=\"Le concepteur de GoodStore souhaite t'aider \u00e0 concevoir une boutique personnalis\u00e9e \u00e0 partir de son th\u00e8me.\">Der Designer von GoodStore m\u00f6chte Ihnen helfen, einen benutzerdefinierten Shop basierend auf seinem Thema zu entwerfen. <\/span><span title=\"Pour t'aider \u00e0 y parvenir, il te permettra d'acc\u00e9der au plugin de composition visual REVOComposer, l'un des plugins les plus simples et les plus simples \u00e0 utiliser sous WordPress.\">Um Ihnen dabei zu helfen, k\u00f6nnen Sie auf das visuelle Kompositions-Plugin REVOComposer zugreifen, eines der einfachsten und einfachsten Plugins f\u00fcr WordPress. <\/span><span title=\"En parlant de plugins premium, Slider Revolution, Essential Grid et JaW Premium Slider son de la partie avec ce th\u00e8me WooCommerce.\n\n\">Apropos Premium Plugins, Slider Revolution, Essential Grid und JaW Premium Slider Sound der Party mit diesem WooCommerce Theme.<\/p>\n<p><\/span><span title=\"D'un point de vue technique, si tu as la chance d'avoir un bon h\u00e9bergement WooCommerce, peut-\u00eatre as-tu configur\u00e9 ton site WordPress en mode multisites.\">Aus technischen Sicht, wenn Sie die Chance haben einen guten Hosting-WooCommerce zu haben, hat vielleicht konfiguriert Sie Ihre WordPress-Website in Multi-Modus. <\/span><span title=\"Si tel est le cas, ce th\u00e8me a \u00e9t\u00e9 test\u00e9 et valid\u00e9 sous pareil environnement !\">Wenn ja, wurde dieses Thema in dieser Umgebung getestet und validiert!<\/span><\/span><\/p>\n","protected":false},"excerpt":{"rendered":"<p><span id=\"result_box\" class=\"\" lang=\"de\">Ideal f\u00fcr Anf\u00e4nger, GoodStore wird jedoch mehr Profis interessieren, die mit WooCommerce arbeiten. In der Tat, dieses Thema WooCommerce bietet eine breite Palette von Personalisierung, so dass die Menschen schaffen WooCommerce-Shops auf ein Thema, das weitgehend wiederverwendbar ist verlassen k\u00f6nnen. GoodStore ist auch an der Erstellung einer Website mit einer breiten Palette von Produkten oder einfach an E-Commerce-Sites wie Marktplatz beteiligt.<\/span><\/p>\n","protected":false},"featured_media":854,"template":"","meta":{"_monsterinsights_skip_tracking":false,"_monsterinsights_sitenote_active":false,"_monsterinsights_sitenote_note":"","_monsterinsights_sitenote_category":0},"product_cat":[209],"product_tag":[1043,963,1057,1116,1086,1089,1100,1088,1106,1111,1054,1098,1101,1065,1095,1083,1067,1119,1110],"class_list":["post-4641","product","type-product","status-publish","has-post-thumbnail","hentry","product_cat-woocommerce-thema-de","product_tag-anfanger-woocommerce","product_tag-bundle-plugins-premium-de","product_tag-personalisierbare-woocommerce-themen","product_tag-willkommener-installation-ein-klick","product_tag-woocommerce-bekleidungsgeschaft","product_tag-woocommerce-florist-de","product_tag-woocommerce-marketplace-de","product_tag-woocommerce-modehaus","product_tag-woocommerce-revolution-slider-de-2","product_tag-woocommerce-sportgeschaft","product_tag-woocommerce-kompatible-multisite","product_tag-woocommerce-luxus-hohe-range","product_tag-woocommerce-mehrsprachig-de","product_tag-woocommerce-responsive-de","product_tag-woocommerce-schmuck","product_tag-woocommerce-schonheit-kosmetische-show","product_tag-woocommerce-seo-de","product_tag-woocommerce-thema-mit-blog","product_tag-woocommerce-thema-mit-builder-de","pa_dev-woo-plugin-theme-jawtemplates-de","pa_marketplace-woocommerce-themeforest-net-de"],"yoast_head":"<!-- This site is optimized with the Yoast SEO plugin v23.1 - https:\/\/yoast.com\/wordpress\/plugins\/seo\/ -->\n<title>GoodStore - WooCommerce Theme Gro\u00dfer Shop \/ Marktplatz - Versatile Theme &amp; modern - Woo-themes-plugins.com<\/title>\n<meta name=\"robots\" content=\"index, follow, max-snippet:-1, max-image-preview:large, max-video-preview:-1\" \/>\n<link rel=\"canonical\" href=\"https:\/\/woo-themes-plugins.com\/de\/produkt\/goodstore-woocommerce-theme-groser-shop-marktplatz-versatile-theme-modern\/\" \/>\n<meta property=\"og:locale\" content=\"de_DE\" \/>\n<meta property=\"og:type\" content=\"article\" \/>\n<meta property=\"og:title\" content=\"GoodStore - WooCommerce Theme Gro\u00dfer Shop \/ Marktplatz - Versatile Theme &amp; modern - Woo-themes-plugins.com\" \/>\n<meta property=\"og:description\" content=\"Ideal f\u00fcr Anf\u00e4nger, GoodStore wird jedoch mehr Profis interessieren, die mit WooCommerce arbeiten. In der Tat, dieses Thema WooCommerce bietet eine breite Palette von Personalisierung, so dass die Menschen schaffen WooCommerce-Shops auf ein Thema, das weitgehend wiederverwendbar ist verlassen k\u00f6nnen. GoodStore ist auch an der Erstellung einer Website mit einer breiten Palette von Produkten oder einfach an E-Commerce-Sites wie Marktplatz beteiligt.\" \/>\n<meta property=\"og:url\" content=\"https:\/\/woo-themes-plugins.com\/de\/produkt\/goodstore-woocommerce-theme-groser-shop-marktplatz-versatile-theme-modern\/\" \/>\n<meta property=\"og:site_name\" content=\"Woo-themes-plugins.com\" \/>\n<meta property=\"og:image\" content=\"https:\/\/woo-themes-plugins.com\/wp-content\/uploads\/sites\/7\/2018\/03\/woo-themes-plugins-goodstore-theme-woocommerce-grosse-boutique-marketplace-theme-versatile-moderne-default.jpg\" \/>\n\t<meta property=\"og:image:width\" content=\"757\" \/>\n\t<meta property=\"og:image:height\" content=\"900\" \/>\n\t<meta property=\"og:image:type\" content=\"image\/jpeg\" \/>\n<meta name=\"twitter:label1\" content=\"Gesch\u00e4tzte Lesezeit\" \/>\n\t<meta name=\"twitter:data1\" content=\"1\u00a0Minute\" \/>\n<script type=\"application\/ld+json\" class=\"yoast-schema-graph\">{\"@context\":\"https:\/\/schema.org\",\"@graph\":[{\"@type\":\"WebPage\",\"@id\":\"https:\/\/woo-themes-plugins.com\/de\/produkt\/goodstore-woocommerce-theme-groser-shop-marktplatz-versatile-theme-modern\/\",\"url\":\"https:\/\/woo-themes-plugins.com\/de\/produkt\/goodstore-woocommerce-theme-groser-shop-marktplatz-versatile-theme-modern\/\",\"name\":\"GoodStore - WooCommerce Theme Gro\u00dfer Shop \/ Marktplatz - Versatile Theme &amp; modern - Woo-themes-plugins.com\",\"isPartOf\":{\"@id\":\"https:\/\/woo-themes-plugins.com\/it\/#website\"},\"primaryImageOfPage\":{\"@id\":\"https:\/\/woo-themes-plugins.com\/de\/produkt\/goodstore-woocommerce-theme-groser-shop-marktplatz-versatile-theme-modern\/#primaryimage\"},\"image\":{\"@id\":\"https:\/\/woo-themes-plugins.com\/de\/produkt\/goodstore-woocommerce-theme-groser-shop-marktplatz-versatile-theme-modern\/#primaryimage\"},\"thumbnailUrl\":\"https:\/\/woo-themes-plugins.com\/wp-content\/uploads\/sites\/7\/2018\/03\/woo-themes-plugins-goodstore-theme-woocommerce-grosse-boutique-marketplace-theme-versatile-moderne-default.jpg\",\"datePublished\":\"2018-03-27T08:13:29+00:00\",\"dateModified\":\"2018-03-27T08:13:29+00:00\",\"breadcrumb\":{\"@id\":\"https:\/\/woo-themes-plugins.com\/de\/produkt\/goodstore-woocommerce-theme-groser-shop-marktplatz-versatile-theme-modern\/#breadcrumb\"},\"inLanguage\":\"de\",\"potentialAction\":[{\"@type\":\"ReadAction\",\"target\":[\"https:\/\/woo-themes-plugins.com\/de\/produkt\/goodstore-woocommerce-theme-groser-shop-marktplatz-versatile-theme-modern\/\"]}]},{\"@type\":\"ImageObject\",\"inLanguage\":\"de\",\"@id\":\"https:\/\/woo-themes-plugins.com\/de\/produkt\/goodstore-woocommerce-theme-groser-shop-marktplatz-versatile-theme-modern\/#primaryimage\",\"url\":\"https:\/\/woo-themes-plugins.com\/wp-content\/uploads\/sites\/7\/2018\/03\/woo-themes-plugins-goodstore-theme-woocommerce-grosse-boutique-marketplace-theme-versatile-moderne-default.jpg\",\"contentUrl\":\"https:\/\/woo-themes-plugins.com\/wp-content\/uploads\/sites\/7\/2018\/03\/woo-themes-plugins-goodstore-theme-woocommerce-grosse-boutique-marketplace-theme-versatile-moderne-default.jpg\",\"width\":757,\"height\":900},{\"@type\":\"BreadcrumbList\",\"@id\":\"https:\/\/woo-themes-plugins.com\/de\/produkt\/goodstore-woocommerce-theme-groser-shop-marktplatz-versatile-theme-modern\/#breadcrumb\",\"itemListElement\":[{\"@type\":\"ListItem\",\"position\":1,\"name\":\"Accueil\",\"item\":\"https:\/\/woo-themes-plugins.com\/fr\/\"},{\"@type\":\"ListItem\",\"position\":2,\"name\":\"Shop\",\"item\":\"https:\/\/woo-themes-plugins.com\/shop\/\"},{\"@type\":\"ListItem\",\"position\":3,\"name\":\"GoodStore &#8211; WooCommerce Theme Gro\u00dfer Shop \/ Marktplatz &#8211; Versatile Theme &amp; modern\"}]},{\"@type\":\"WebSite\",\"@id\":\"https:\/\/woo-themes-plugins.com\/it\/#website\",\"url\":\"https:\/\/woo-themes-plugins.com\/it\/\",\"name\":\"Woo-themes-plugins.com\",\"description\":\"Tous les th\u00e8mes et plugins WooCommerce Premium\",\"potentialAction\":[{\"@type\":\"SearchAction\",\"target\":{\"@type\":\"EntryPoint\",\"urlTemplate\":\"https:\/\/woo-themes-plugins.com\/it\/?s={search_term_string}\"},\"query-input\":\"required name=search_term_string\"}],\"inLanguage\":\"de\"}]}<\/script>\n<!-- \/ Yoast SEO plugin. -->","yoast_head_json":{"title":"GoodStore - WooCommerce Theme Gro\u00dfer Shop \/ Marktplatz - Versatile Theme &amp; modern - Woo-themes-plugins.com","robots":{"index":"index","follow":"follow","max-snippet":"max-snippet:-1","max-image-preview":"max-image-preview:large","max-video-preview":"max-video-preview:-1"},"canonical":"https:\/\/woo-themes-plugins.com\/de\/produkt\/goodstore-woocommerce-theme-groser-shop-marktplatz-versatile-theme-modern\/","og_locale":"de_DE","og_type":"article","og_title":"GoodStore - WooCommerce Theme Gro\u00dfer Shop \/ Marktplatz - Versatile Theme &amp; modern - Woo-themes-plugins.com","og_description":"Ideal f\u00fcr Anf\u00e4nger, GoodStore wird jedoch mehr Profis interessieren, die mit WooCommerce arbeiten. In der Tat, dieses Thema WooCommerce bietet eine breite Palette von Personalisierung, so dass die Menschen schaffen WooCommerce-Shops auf ein Thema, das weitgehend wiederverwendbar ist verlassen k\u00f6nnen. GoodStore ist auch an der Erstellung einer Website mit einer breiten Palette von Produkten oder einfach an E-Commerce-Sites wie Marktplatz beteiligt.","og_url":"https:\/\/woo-themes-plugins.com\/de\/produkt\/goodstore-woocommerce-theme-groser-shop-marktplatz-versatile-theme-modern\/","og_site_name":"Woo-themes-plugins.com","og_image":[{"width":757,"height":900,"url":"https:\/\/woo-themes-plugins.com\/wp-content\/uploads\/sites\/7\/2018\/03\/woo-themes-plugins-goodstore-theme-woocommerce-grosse-boutique-marketplace-theme-versatile-moderne-default.jpg","type":"image\/jpeg"}],"twitter_misc":{"Gesch\u00e4tzte Lesezeit":"1\u00a0Minute"},"schema":{"@context":"https:\/\/schema.org","@graph":[{"@type":"WebPage","@id":"https:\/\/woo-themes-plugins.com\/de\/produkt\/goodstore-woocommerce-theme-groser-shop-marktplatz-versatile-theme-modern\/","url":"https:\/\/woo-themes-plugins.com\/de\/produkt\/goodstore-woocommerce-theme-groser-shop-marktplatz-versatile-theme-modern\/","name":"GoodStore - WooCommerce Theme Gro\u00dfer Shop \/ Marktplatz - Versatile Theme &amp; modern - Woo-themes-plugins.com","isPartOf":{"@id":"https:\/\/woo-themes-plugins.com\/it\/#website"},"primaryImageOfPage":{"@id":"https:\/\/woo-themes-plugins.com\/de\/produkt\/goodstore-woocommerce-theme-groser-shop-marktplatz-versatile-theme-modern\/#primaryimage"},"image":{"@id":"https:\/\/woo-themes-plugins.com\/de\/produkt\/goodstore-woocommerce-theme-groser-shop-marktplatz-versatile-theme-modern\/#primaryimage"},"thumbnailUrl":"https:\/\/woo-themes-plugins.com\/wp-content\/uploads\/sites\/7\/2018\/03\/woo-themes-plugins-goodstore-theme-woocommerce-grosse-boutique-marketplace-theme-versatile-moderne-default.jpg","datePublished":"2018-03-27T08:13:29+00:00","dateModified":"2018-03-27T08:13:29+00:00","breadcrumb":{"@id":"https:\/\/woo-themes-plugins.com\/de\/produkt\/goodstore-woocommerce-theme-groser-shop-marktplatz-versatile-theme-modern\/#breadcrumb"},"inLanguage":"de","potentialAction":[{"@type":"ReadAction","target":["https:\/\/woo-themes-plugins.com\/de\/produkt\/goodstore-woocommerce-theme-groser-shop-marktplatz-versatile-theme-modern\/"]}]},{"@type":"ImageObject","inLanguage":"de","@id":"https:\/\/woo-themes-plugins.com\/de\/produkt\/goodstore-woocommerce-theme-groser-shop-marktplatz-versatile-theme-modern\/#primaryimage","url":"https:\/\/woo-themes-plugins.com\/wp-content\/uploads\/sites\/7\/2018\/03\/woo-themes-plugins-goodstore-theme-woocommerce-grosse-boutique-marketplace-theme-versatile-moderne-default.jpg","contentUrl":"https:\/\/woo-themes-plugins.com\/wp-content\/uploads\/sites\/7\/2018\/03\/woo-themes-plugins-goodstore-theme-woocommerce-grosse-boutique-marketplace-theme-versatile-moderne-default.jpg","width":757,"height":900},{"@type":"BreadcrumbList","@id":"https:\/\/woo-themes-plugins.com\/de\/produkt\/goodstore-woocommerce-theme-groser-shop-marktplatz-versatile-theme-modern\/#breadcrumb","itemListElement":[{"@type":"ListItem","position":1,"name":"Accueil","item":"https:\/\/woo-themes-plugins.com\/fr\/"},{"@type":"ListItem","position":2,"name":"Shop","item":"https:\/\/woo-themes-plugins.com\/shop\/"},{"@type":"ListItem","position":3,"name":"GoodStore &#8211; WooCommerce Theme Gro\u00dfer Shop \/ Marktplatz &#8211; Versatile Theme &amp; modern"}]},{"@type":"WebSite","@id":"https:\/\/woo-themes-plugins.com\/it\/#website","url":"https:\/\/woo-themes-plugins.com\/it\/","name":"Woo-themes-plugins.com","description":"Tous les th\u00e8mes et plugins WooCommerce Premium","potentialAction":[{"@type":"SearchAction","target":{"@type":"EntryPoint","urlTemplate":"https:\/\/woo-themes-plugins.com\/it\/?s={search_term_string}"},"query-input":"required name=search_term_string"}],"inLanguage":"de"}]}},"_links":{"self":[{"href":"https:\/\/woo-themes-plugins.com\/de\/wp-json\/wp\/v2\/product\/4641","targetHints":{"allow":["GET"]}}],"collection":[{"href":"https:\/\/woo-themes-plugins.com\/de\/wp-json\/wp\/v2\/product"}],"about":[{"href":"https:\/\/woo-themes-plugins.com\/de\/wp-json\/wp\/v2\/types\/product"}],"wp:featuredmedia":[{"embeddable":true,"href":"https:\/\/woo-themes-plugins.com\/de\/wp-json\/wp\/v2\/media\/854"}],"wp:attachment":[{"href":"https:\/\/woo-themes-plugins.com\/de\/wp-json\/wp\/v2\/media?parent=4641"}],"wp:term":[{"taxonomy":"product_cat","embeddable":true,"href":"https:\/\/woo-themes-plugins.com\/de\/wp-json\/wp\/v2\/product_cat?post=4641"},{"taxonomy":"product_tag","embeddable":true,"href":"https:\/\/woo-themes-plugins.com\/de\/wp-json\/wp\/v2\/product_tag?post=4641"}],"curies":[{"name":"wp","href":"https:\/\/api.w.org\/{rel}","templated":true}]}}