{"id":4642,"date":"2018-03-27T09:20:02","date_gmt":"2018-03-27T08:20:02","guid":{"rendered":"https:\/\/woo-themes-plugins.com\/product\/venedor-woocommerce-theme-wordpress-ecommerce-theme-bloggen\/"},"modified":"2018-03-27T09:20:02","modified_gmt":"2018-03-27T08:20:02","slug":"venedor-woocommerce-theme-wordpress-ecommerce-theme-bloggen","status":"publish","type":"product","link":"https:\/\/woo-themes-plugins.com\/de\/product\/venedor-woocommerce-theme-wordpress-ecommerce-theme-bloggen\/","title":{"rendered":"Venedor &#8211; WooCommerce Theme \/ WordPress &#8211; eCommerce Theme &amp; amp; Bloggen"},"content":{"rendered":"<p><span id=\"result_box\" class=\"\" lang=\"de\"><span title=\"Les d\u00e9veloppeurs derri\u00e8res ce th\u00e8me WooCommerce n'y vont pas avec le dos de la cuill\u00e8re car ils souhaitent ni plus, ni moins que devenir le th\u00e8me de r\u00e9f\u00e9rence lorsqu'on souhaite mixer un site WordPress et WooCommerce.\">Die Entwickler hinter diesem Thema WooCommerce gehen nicht mit der R\u00fcckseite des L\u00f6ffels, weil sie nicht mehr und wollen nicht weniger, als die Referenz werden, wenn es eine Mischung Thema WordPress und WooCommerce Website gew\u00fcnscht wird. <\/span><span title=\"Entends par l\u00e0 que l'ensemble de ton contenu est important \u00e0 tes yeux, pas juste tes fiches produits.\">Verstehen Sie, dass alle Ihre Inhalte f\u00fcr Sie wichtig sind, nicht nur Ihre Produkteintr\u00e4ge. <\/span><span title=\"Pour y parvenir, nous avons bien entendu droit \u00e0 un th\u00e8me pouvant convenir \u00e0 un tr\u00e8s grand nombre de type de boutique eCommerce.\n\n\">Um dies zu erreichen, haben wir nat\u00fcrlich Anspruch auf ein Thema, das eine sehr gro\u00dfe Anzahl von E-Commerce-Store-Typen aufnehmen kann.<\/p>\n<p><\/span><span title=\"Pour en faire un th\u00e8me premium de qualit\u00e9, Venedor est bien oblig\u00e9 de mettre la barre haute en nous proposant une large palette d'optimisation en tout genre comme :\n\n\u00a0\u00a0\u00a0\u00a0\">Um es zu einem Qualit\u00e4ts-Premium-Thema zu machen, ist Venedor verpflichtet, die Messlatte hoch zu setzen, indem eine breite Palette von Optimierungen aller Art angeboten wird, wie:<\/p>\n<p><\/span><span title=\"Un site 100% responsive\n\u00a0\u00a0\u00a0\u00a0\">Eine 100% Responsive Website<br \/>\n<\/span><span title=\"Un bel affichage sur les \u00e9crans retina\n\u00a0\u00a0\u00a0\u00a0\">Ein sch\u00f6nes Display auf Retina-Bildschirmen<br \/>\n<\/span><span title=\"Accessible aux d\u00e9butants\n\u00a0\u00a0\u00a0\u00a0\">Zug\u00e4nglich f\u00fcr Anf\u00e4nger<br \/>\n<\/span><span title=\"Jeu de test fournis\n\u00a0\u00a0\u00a0\u00a0\">Testset zur Verf\u00fcgung gestellt<br \/>\n<\/span><span title=\"Une interface d'administration riche\n\u00a0\u00a0\u00a0\u00a0\">Eine reichhaltige Administrationsoberfl\u00e4che<br \/>\n<\/span><span title=\"Des couleurs \u00e0 l'infini (ou presque quand m\u00eame)\n\u00a0\u00a0\u00a0\u00a0\">Farben bis unendlich (oder fast sowieso)<br \/>\n<\/span><span title=\"Plus de 500 polices de caract\u00e8res diff\u00e9rentes\n\u00a0\u00a0\u00a0\u00a0\">Mehr als 500 verschiedene Schriftarten<br \/>\n<\/span><span title=\"Optimisation pour les interfaces tactiles\n\u00a0\u00a0\u00a0\u00a0\">Optimierung f\u00fcr Touch-Oberfl\u00e4chen<br \/>\n<\/span><span title=\"Un th\u00e8me r\u00e9guli\u00e8rement mis \u00e0 jour\n\u00a0\u00a0\u00a0\u00a0\">Ein Thema, das regelm\u00e4\u00dfig aktualisiert wird<br \/>\n<\/span><span title=\"Un bundle de plugins premium\n\u00a0\u00a0\u00a0\u00a0\">Ein B\u00fcndel Premium-Plugins<br \/>\n<\/span><span title=\"Un support avanc\u00e9 de WooCommerce Multilingue\n\n\">Erweiterter mehrsprachiger WooCommerce-Support<\/p>\n<p><\/span><span title=\"On aimera retrouver en plus dans ce th\u00e8me un syst\u00e8me de pop up et de zoom sur les images produits, sans oublier la fonctionnalit\u00e9 de quick view qui manque tant \u00e0 WooCommerce.\n\n\">Wir finden mehr Liebe in diesem Thema ein System Popup und Zoom Produktbilder, nicht die Schnellansicht-Funktion zu erw\u00e4hnen, die sowohl WooCommerce fehlen.<\/p>\n<p><\/span><span title=\"Fan des Mega Menus ?\">Fan von Mega Men\u00fcs? <\/span><span title=\"Alors tu vas pouvoir te faire plaisir avec ce th\u00e8me WooCommerce !\">So werden Sie in der Lage sein, Sie mit diesem WooCommerce-Thema zu erfreuen! <\/span><span title=\"Mega Menu va te permettre de cr\u00e9er des menus avec des sous-menus uniques.\">Mit dem Mega-Men\u00fc k\u00f6nnen Sie Men\u00fcs mit eindeutigen Untermen\u00fcs erstellen. <\/span><span title=\"Il te sera possible de param\u00e9trer tout un tas de sous-menus au look compl\u00e8tement diff\u00e9rents ou encore mettre en avant certains produits.\">Sie k\u00f6nnen eine ganze Reihe v\u00f6llig unterschiedlicher Untermen\u00fcs einrichten oder einige Produkte hervorheben. <\/span><span title=\"De quoi booster tes ventes.\n\n\">Was soll Ihren Umsatz steigern?<\/p>\n<p><\/span><span title=\"Les techniciens seront content de savoir que ce th\u00e8me WooCommerce est bas\u00e9 sur BootStrap.\n\n\">Techniker werden sich freuen, dass dieses WooCommerce-Thema auf BootStrap basiert.<\/p>\n<p><\/span><span title=\"M\u00eame si ce th\u00e8me est bien con\u00e7u, un h\u00e9bergement WooCommerce de qualit\u00e9 fera toujours la diff\u00e9rence, penses-y !\">Auch wenn dieses Thema gut gestaltet ist, wird Qualit\u00e4t WooCommerce Hosting immer den Unterschied machen, dar\u00fcber nachdenken!<\/span><\/span><\/p>\n","protected":false},"excerpt":{"rendered":"<p><span id=\"result_box\" class=\"\" lang=\"de\">Was ist die gr\u00f6\u00dfte St\u00e4rke von WordPress im Vergleich zu anderen CMS? Schlie\u00dflich gibt es viele CMS, die nur eCommerce wie Magento oder Prestashop tun. Warum also WordPress benutzen? Ok, WooCommerce, es ist gro\u00dfartig. Aber &#8230; Magento und Prestashop sind auch top, oder? Meiner Meinung nach besteht die gr\u00f6\u00dfte St\u00e4rke von WordPress gerade darin, sich nicht auf E-Commerce zu spezialisieren; Daf\u00fcr gibt es WooCommerce, das weitere Funktionen hinzuf\u00fcgt. Venedor muss auch von diesem Prinzip ausgehen, denn dieses Thema stellt sowohl den eCommerce-Teil als auch den reinen WordPress-Teil Ihrer Website dar. Interessant.<\/span><\/p>\n","protected":false},"featured_media":775,"template":"","meta":{"_monsterinsights_skip_tracking":false,"_monsterinsights_sitenote_active":false,"_monsterinsights_sitenote_note":"","_monsterinsights_sitenote_category":0},"product_cat":[209],"product_tag":[1043,963,1057,1116,1086,1089,1100,1088,1106,1111,1098,1101,1065,1095,1083,1067,1119,1110],"class_list":["post-4642","product","type-product","status-publish","has-post-thumbnail","hentry","product_cat-woocommerce-thema-de","product_tag-anfanger-woocommerce","product_tag-bundle-plugins-premium-de","product_tag-personalisierbare-woocommerce-themen","product_tag-willkommener-installation-ein-klick","product_tag-woocommerce-bekleidungsgeschaft","product_tag-woocommerce-florist-de","product_tag-woocommerce-marketplace-de","product_tag-woocommerce-modehaus","product_tag-woocommerce-revolution-slider-de-2","product_tag-woocommerce-sportgeschaft","product_tag-woocommerce-luxus-hohe-range","product_tag-woocommerce-mehrsprachig-de","product_tag-woocommerce-responsive-de","product_tag-woocommerce-schmuck","product_tag-woocommerce-schonheit-kosmetische-show","product_tag-woocommerce-seo-de","product_tag-woocommerce-thema-mit-blog","product_tag-woocommerce-thema-mit-builder-de","pa_dev-woo-plugin-theme-p-themes-de","pa_marketplace-woocommerce-themeforest-net-de"],"yoast_head":"<!-- This site is optimized with the Yoast SEO plugin v23.1 - https:\/\/yoast.com\/wordpress\/plugins\/seo\/ -->\n<title>Venedor - WooCommerce Theme \/ WordPress - eCommerce Theme &amp; amp; Bloggen - Woo-themes-plugins.com<\/title>\n<meta name=\"robots\" content=\"index, follow, max-snippet:-1, max-image-preview:large, max-video-preview:-1\" \/>\n<link rel=\"canonical\" href=\"https:\/\/woo-themes-plugins.com\/de\/produkt\/venedor-woocommerce-theme-wordpress-ecommerce-theme-bloggen\/\" \/>\n<meta property=\"og:locale\" content=\"de_DE\" \/>\n<meta property=\"og:type\" content=\"article\" \/>\n<meta property=\"og:title\" content=\"Venedor - WooCommerce Theme \/ WordPress - eCommerce Theme &amp; amp; Bloggen - Woo-themes-plugins.com\" \/>\n<meta property=\"og:description\" content=\"Was ist die gr\u00f6\u00dfte St\u00e4rke von WordPress im Vergleich zu anderen CMS? Schlie\u00dflich gibt es viele CMS, die nur eCommerce wie Magento oder Prestashop tun. Warum also WordPress benutzen? Ok, WooCommerce, es ist gro\u00dfartig. Aber ... Magento und Prestashop sind auch top, oder? Meiner Meinung nach besteht die gr\u00f6\u00dfte St\u00e4rke von WordPress gerade darin, sich nicht auf E-Commerce zu spezialisieren; Daf\u00fcr gibt es WooCommerce, das weitere Funktionen hinzuf\u00fcgt. Venedor muss auch von diesem Prinzip ausgehen, denn dieses Thema stellt sowohl den eCommerce-Teil als auch den reinen WordPress-Teil Ihrer Website dar. Interessant.\" \/>\n<meta property=\"og:url\" content=\"https:\/\/woo-themes-plugins.com\/de\/produkt\/venedor-woocommerce-theme-wordpress-ecommerce-theme-bloggen\/\" \/>\n<meta property=\"og:site_name\" content=\"Woo-themes-plugins.com\" \/>\n<meta property=\"og:image\" content=\"https:\/\/woo-themes-plugins.com\/wp-content\/uploads\/sites\/7\/2018\/03\/woo-themes-plugins-venedor-theme-woocommerce-wordpress-theme-ecommerce-blogging-default.jpg\" \/>\n\t<meta property=\"og:image:width\" content=\"757\" \/>\n\t<meta property=\"og:image:height\" content=\"900\" \/>\n\t<meta property=\"og:image:type\" content=\"image\/jpeg\" \/>\n<meta name=\"twitter:label1\" content=\"Gesch\u00e4tzte Lesezeit\" \/>\n\t<meta name=\"twitter:data1\" content=\"1\u00a0Minute\" \/>\n<script type=\"application\/ld+json\" class=\"yoast-schema-graph\">{\"@context\":\"https:\/\/schema.org\",\"@graph\":[{\"@type\":\"WebPage\",\"@id\":\"https:\/\/woo-themes-plugins.com\/de\/produkt\/venedor-woocommerce-theme-wordpress-ecommerce-theme-bloggen\/\",\"url\":\"https:\/\/woo-themes-plugins.com\/de\/produkt\/venedor-woocommerce-theme-wordpress-ecommerce-theme-bloggen\/\",\"name\":\"Venedor - WooCommerce Theme \/ WordPress - eCommerce Theme &amp; amp; Bloggen - Woo-themes-plugins.com\",\"isPartOf\":{\"@id\":\"https:\/\/woo-themes-plugins.com\/it\/#website\"},\"primaryImageOfPage\":{\"@id\":\"https:\/\/woo-themes-plugins.com\/de\/produkt\/venedor-woocommerce-theme-wordpress-ecommerce-theme-bloggen\/#primaryimage\"},\"image\":{\"@id\":\"https:\/\/woo-themes-plugins.com\/de\/produkt\/venedor-woocommerce-theme-wordpress-ecommerce-theme-bloggen\/#primaryimage\"},\"thumbnailUrl\":\"https:\/\/woo-themes-plugins.com\/wp-content\/uploads\/sites\/7\/2018\/03\/woo-themes-plugins-venedor-theme-woocommerce-wordpress-theme-ecommerce-blogging-default.jpg\",\"datePublished\":\"2018-03-27T08:20:02+00:00\",\"dateModified\":\"2018-03-27T08:20:02+00:00\",\"breadcrumb\":{\"@id\":\"https:\/\/woo-themes-plugins.com\/de\/produkt\/venedor-woocommerce-theme-wordpress-ecommerce-theme-bloggen\/#breadcrumb\"},\"inLanguage\":\"de\",\"potentialAction\":[{\"@type\":\"ReadAction\",\"target\":[\"https:\/\/woo-themes-plugins.com\/de\/produkt\/venedor-woocommerce-theme-wordpress-ecommerce-theme-bloggen\/\"]}]},{\"@type\":\"ImageObject\",\"inLanguage\":\"de\",\"@id\":\"https:\/\/woo-themes-plugins.com\/de\/produkt\/venedor-woocommerce-theme-wordpress-ecommerce-theme-bloggen\/#primaryimage\",\"url\":\"https:\/\/woo-themes-plugins.com\/wp-content\/uploads\/sites\/7\/2018\/03\/woo-themes-plugins-venedor-theme-woocommerce-wordpress-theme-ecommerce-blogging-default.jpg\",\"contentUrl\":\"https:\/\/woo-themes-plugins.com\/wp-content\/uploads\/sites\/7\/2018\/03\/woo-themes-plugins-venedor-theme-woocommerce-wordpress-theme-ecommerce-blogging-default.jpg\",\"width\":757,\"height\":900},{\"@type\":\"BreadcrumbList\",\"@id\":\"https:\/\/woo-themes-plugins.com\/de\/produkt\/venedor-woocommerce-theme-wordpress-ecommerce-theme-bloggen\/#breadcrumb\",\"itemListElement\":[{\"@type\":\"ListItem\",\"position\":1,\"name\":\"Accueil\",\"item\":\"https:\/\/woo-themes-plugins.com\/fr\/\"},{\"@type\":\"ListItem\",\"position\":2,\"name\":\"Shop\",\"item\":\"https:\/\/woo-themes-plugins.com\/shop\/\"},{\"@type\":\"ListItem\",\"position\":3,\"name\":\"Venedor &#8211; WooCommerce Theme \/ WordPress &#8211; eCommerce Theme &amp; amp; Bloggen\"}]},{\"@type\":\"WebSite\",\"@id\":\"https:\/\/woo-themes-plugins.com\/it\/#website\",\"url\":\"https:\/\/woo-themes-plugins.com\/it\/\",\"name\":\"Woo-themes-plugins.com\",\"description\":\"Tous les th\u00e8mes et plugins WooCommerce Premium\",\"potentialAction\":[{\"@type\":\"SearchAction\",\"target\":{\"@type\":\"EntryPoint\",\"urlTemplate\":\"https:\/\/woo-themes-plugins.com\/it\/?s={search_term_string}\"},\"query-input\":\"required name=search_term_string\"}],\"inLanguage\":\"de\"}]}<\/script>\n<!-- \/ Yoast SEO plugin. -->","yoast_head_json":{"title":"Venedor - WooCommerce Theme \/ WordPress - eCommerce Theme &amp; amp; Bloggen - Woo-themes-plugins.com","robots":{"index":"index","follow":"follow","max-snippet":"max-snippet:-1","max-image-preview":"max-image-preview:large","max-video-preview":"max-video-preview:-1"},"canonical":"https:\/\/woo-themes-plugins.com\/de\/produkt\/venedor-woocommerce-theme-wordpress-ecommerce-theme-bloggen\/","og_locale":"de_DE","og_type":"article","og_title":"Venedor - WooCommerce Theme \/ WordPress - eCommerce Theme &amp; amp; Bloggen - Woo-themes-plugins.com","og_description":"Was ist die gr\u00f6\u00dfte St\u00e4rke von WordPress im Vergleich zu anderen CMS? Schlie\u00dflich gibt es viele CMS, die nur eCommerce wie Magento oder Prestashop tun. Warum also WordPress benutzen? Ok, WooCommerce, es ist gro\u00dfartig. Aber ... Magento und Prestashop sind auch top, oder? Meiner Meinung nach besteht die gr\u00f6\u00dfte St\u00e4rke von WordPress gerade darin, sich nicht auf E-Commerce zu spezialisieren; Daf\u00fcr gibt es WooCommerce, das weitere Funktionen hinzuf\u00fcgt. Venedor muss auch von diesem Prinzip ausgehen, denn dieses Thema stellt sowohl den eCommerce-Teil als auch den reinen WordPress-Teil Ihrer Website dar. Interessant.","og_url":"https:\/\/woo-themes-plugins.com\/de\/produkt\/venedor-woocommerce-theme-wordpress-ecommerce-theme-bloggen\/","og_site_name":"Woo-themes-plugins.com","og_image":[{"width":757,"height":900,"url":"https:\/\/woo-themes-plugins.com\/wp-content\/uploads\/sites\/7\/2018\/03\/woo-themes-plugins-venedor-theme-woocommerce-wordpress-theme-ecommerce-blogging-default.jpg","type":"image\/jpeg"}],"twitter_misc":{"Gesch\u00e4tzte Lesezeit":"1\u00a0Minute"},"schema":{"@context":"https:\/\/schema.org","@graph":[{"@type":"WebPage","@id":"https:\/\/woo-themes-plugins.com\/de\/produkt\/venedor-woocommerce-theme-wordpress-ecommerce-theme-bloggen\/","url":"https:\/\/woo-themes-plugins.com\/de\/produkt\/venedor-woocommerce-theme-wordpress-ecommerce-theme-bloggen\/","name":"Venedor - WooCommerce Theme \/ WordPress - eCommerce Theme &amp; amp; Bloggen - Woo-themes-plugins.com","isPartOf":{"@id":"https:\/\/woo-themes-plugins.com\/it\/#website"},"primaryImageOfPage":{"@id":"https:\/\/woo-themes-plugins.com\/de\/produkt\/venedor-woocommerce-theme-wordpress-ecommerce-theme-bloggen\/#primaryimage"},"image":{"@id":"https:\/\/woo-themes-plugins.com\/de\/produkt\/venedor-woocommerce-theme-wordpress-ecommerce-theme-bloggen\/#primaryimage"},"thumbnailUrl":"https:\/\/woo-themes-plugins.com\/wp-content\/uploads\/sites\/7\/2018\/03\/woo-themes-plugins-venedor-theme-woocommerce-wordpress-theme-ecommerce-blogging-default.jpg","datePublished":"2018-03-27T08:20:02+00:00","dateModified":"2018-03-27T08:20:02+00:00","breadcrumb":{"@id":"https:\/\/woo-themes-plugins.com\/de\/produkt\/venedor-woocommerce-theme-wordpress-ecommerce-theme-bloggen\/#breadcrumb"},"inLanguage":"de","potentialAction":[{"@type":"ReadAction","target":["https:\/\/woo-themes-plugins.com\/de\/produkt\/venedor-woocommerce-theme-wordpress-ecommerce-theme-bloggen\/"]}]},{"@type":"ImageObject","inLanguage":"de","@id":"https:\/\/woo-themes-plugins.com\/de\/produkt\/venedor-woocommerce-theme-wordpress-ecommerce-theme-bloggen\/#primaryimage","url":"https:\/\/woo-themes-plugins.com\/wp-content\/uploads\/sites\/7\/2018\/03\/woo-themes-plugins-venedor-theme-woocommerce-wordpress-theme-ecommerce-blogging-default.jpg","contentUrl":"https:\/\/woo-themes-plugins.com\/wp-content\/uploads\/sites\/7\/2018\/03\/woo-themes-plugins-venedor-theme-woocommerce-wordpress-theme-ecommerce-blogging-default.jpg","width":757,"height":900},{"@type":"BreadcrumbList","@id":"https:\/\/woo-themes-plugins.com\/de\/produkt\/venedor-woocommerce-theme-wordpress-ecommerce-theme-bloggen\/#breadcrumb","itemListElement":[{"@type":"ListItem","position":1,"name":"Accueil","item":"https:\/\/woo-themes-plugins.com\/fr\/"},{"@type":"ListItem","position":2,"name":"Shop","item":"https:\/\/woo-themes-plugins.com\/shop\/"},{"@type":"ListItem","position":3,"name":"Venedor &#8211; WooCommerce Theme \/ WordPress &#8211; eCommerce Theme &amp; amp; Bloggen"}]},{"@type":"WebSite","@id":"https:\/\/woo-themes-plugins.com\/it\/#website","url":"https:\/\/woo-themes-plugins.com\/it\/","name":"Woo-themes-plugins.com","description":"Tous les th\u00e8mes et plugins WooCommerce Premium","potentialAction":[{"@type":"SearchAction","target":{"@type":"EntryPoint","urlTemplate":"https:\/\/woo-themes-plugins.com\/it\/?s={search_term_string}"},"query-input":"required name=search_term_string"}],"inLanguage":"de"}]}},"_links":{"self":[{"href":"https:\/\/woo-themes-plugins.com\/de\/wp-json\/wp\/v2\/product\/4642","targetHints":{"allow":["GET"]}}],"collection":[{"href":"https:\/\/woo-themes-plugins.com\/de\/wp-json\/wp\/v2\/product"}],"about":[{"href":"https:\/\/woo-themes-plugins.com\/de\/wp-json\/wp\/v2\/types\/product"}],"wp:featuredmedia":[{"embeddable":true,"href":"https:\/\/woo-themes-plugins.com\/de\/wp-json\/wp\/v2\/media\/775"}],"wp:attachment":[{"href":"https:\/\/woo-themes-plugins.com\/de\/wp-json\/wp\/v2\/media?parent=4642"}],"wp:term":[{"taxonomy":"product_cat","embeddable":true,"href":"https:\/\/woo-themes-plugins.com\/de\/wp-json\/wp\/v2\/product_cat?post=4642"},{"taxonomy":"product_tag","embeddable":true,"href":"https:\/\/woo-themes-plugins.com\/de\/wp-json\/wp\/v2\/product_tag?post=4642"}],"curies":[{"name":"wp","href":"https:\/\/api.w.org\/{rel}","templated":true}]}}