{"id":4643,"date":"2018-03-27T09:25:16","date_gmt":"2018-03-27T08:25:16","guid":{"rendered":"https:\/\/woo-themes-plugins.com\/product\/room-09-shop-thema-woocommerce-mode-luxus-minimalistisches-design-mega-menu-pramie\/"},"modified":"2018-03-27T09:25:16","modified_gmt":"2018-03-27T08:25:16","slug":"room-09-shop-thema-woocommerce-mode-luxus-minimalistisches-design-mega-menu-pramie","status":"publish","type":"product","link":"https:\/\/woo-themes-plugins.com\/de\/product\/room-09-shop-thema-woocommerce-mode-luxus-minimalistisches-design-mega-menu-pramie\/","title":{"rendered":"Room 09 Shop &#8211; Thema WooCommerce Mode &amp; Luxus &#8211; minimalistisches Design, Mega Menu &amp; amp; Pr\u00e4mie"},"content":{"rendered":"","protected":false},"excerpt":{"rendered":"<p><span id=\"result_box\" class=\"\" lang=\"de\">Room 09 Shop ist ein WooCommerce-Thema, das sch\u00f6n, minimalistisch und einfach zu handhaben ist. Aber damit h\u00f6rt es nicht auf. Dieses WooCommerce-Thema stellt sicher, dass wir die bestm\u00f6gliche Erfahrung durch die Integration vieler Premium-Funktionen bieten. Verstehe, dass dieses Thema viele Plugins enth\u00e4lt, die du bezahlt haben solltest. Wir werden ein Megamenu, ein Wunschlistensystem, aber auch ein integriertes Popup-System, einen Superzoom f\u00fcr die erzeugten Bilder finden &#8230; Kurz gesagt, ein Thema, das mehr als ein Thema ist.<\/span><\/p>\n","protected":false},"featured_media":485,"template":"","meta":{"_monsterinsights_skip_tracking":false,"_monsterinsights_sitenote_active":false,"_monsterinsights_sitenote_note":"","_monsterinsights_sitenote_category":0},"product_cat":[209],"product_tag":[1043,963,1057,1116,1086,1088,1106,1098,1065,1095,1083,1119,1110],"class_list":["post-4643","product","type-product","status-publish","has-post-thumbnail","hentry","product_cat-woocommerce-thema-de","product_tag-anfanger-woocommerce","product_tag-bundle-plugins-premium-de","product_tag-personalisierbare-woocommerce-themen","product_tag-willkommener-installation-ein-klick","product_tag-woocommerce-bekleidungsgeschaft","product_tag-woocommerce-modehaus","product_tag-woocommerce-revolution-slider-de-2","product_tag-woocommerce-luxus-hohe-range","product_tag-woocommerce-responsive-de","product_tag-woocommerce-schmuck","product_tag-woocommerce-schonheit-kosmetische-show","product_tag-woocommerce-thema-mit-blog","product_tag-woocommerce-thema-mit-builder-de","pa_dev-woo-plugin-theme-sara_p-de","pa_marketplace-woocommerce-themeforest-net-de"],"yoast_head":"<!-- This site is optimized with the Yoast SEO plugin v23.1 - https:\/\/yoast.com\/wordpress\/plugins\/seo\/ -->\n<title>Room 09 Shop - Thema WooCommerce Mode &amp; Luxus - minimalistisches Design, Mega Menu &amp; amp; Pr\u00e4mie - Woo-themes-plugins.com<\/title>\n<meta name=\"robots\" content=\"index, follow, max-snippet:-1, max-image-preview:large, max-video-preview:-1\" \/>\n<link rel=\"canonical\" href=\"https:\/\/woo-themes-plugins.com\/de\/produkt\/room-09-shop-thema-woocommerce-mode-luxus-minimalistisches-design-mega-menu-pramie\/\" \/>\n<meta property=\"og:locale\" content=\"de_DE\" \/>\n<meta property=\"og:type\" content=\"article\" \/>\n<meta property=\"og:title\" content=\"Room 09 Shop - Thema WooCommerce Mode &amp; Luxus - minimalistisches Design, Mega Menu &amp; amp; Pr\u00e4mie - Woo-themes-plugins.com\" \/>\n<meta property=\"og:description\" content=\"Room 09 Shop ist ein WooCommerce-Thema, das sch\u00f6n, minimalistisch und einfach zu handhaben ist. Aber damit h\u00f6rt es nicht auf. Dieses WooCommerce-Thema stellt sicher, dass wir die bestm\u00f6gliche Erfahrung durch die Integration vieler Premium-Funktionen bieten. Verstehe, dass dieses Thema viele Plugins enth\u00e4lt, die du bezahlt haben solltest. Wir werden ein Megamenu, ein Wunschlistensystem, aber auch ein integriertes Popup-System, einen Superzoom f\u00fcr die erzeugten Bilder finden ... Kurz gesagt, ein Thema, das mehr als ein Thema ist.\" \/>\n<meta property=\"og:url\" content=\"https:\/\/woo-themes-plugins.com\/de\/produkt\/room-09-shop-thema-woocommerce-mode-luxus-minimalistisches-design-mega-menu-pramie\/\" \/>\n<meta property=\"og:site_name\" content=\"Woo-themes-plugins.com\" \/>\n<meta property=\"og:image\" content=\"https:\/\/woo-themes-plugins.com\/wp-content\/uploads\/sites\/7\/2018\/03\/woo-themes-plugins-room-09-shop-theme-woocommercemode-luxe-theme-minimaliste-megamenu-premium.jpg\" \/>\n\t<meta property=\"og:image:width\" content=\"590\" \/>\n\t<meta property=\"og:image:height\" content=\"300\" \/>\n\t<meta property=\"og:image:type\" content=\"image\/jpeg\" \/>\n<script type=\"application\/ld+json\" class=\"yoast-schema-graph\">{\"@context\":\"https:\/\/schema.org\",\"@graph\":[{\"@type\":\"WebPage\",\"@id\":\"https:\/\/woo-themes-plugins.com\/de\/produkt\/room-09-shop-thema-woocommerce-mode-luxus-minimalistisches-design-mega-menu-pramie\/\",\"url\":\"https:\/\/woo-themes-plugins.com\/de\/produkt\/room-09-shop-thema-woocommerce-mode-luxus-minimalistisches-design-mega-menu-pramie\/\",\"name\":\"Room 09 Shop - Thema WooCommerce Mode &amp; Luxus - minimalistisches Design, Mega Menu &amp; amp; Pr\u00e4mie - Woo-themes-plugins.com\",\"isPartOf\":{\"@id\":\"https:\/\/woo-themes-plugins.com\/it\/#website\"},\"primaryImageOfPage\":{\"@id\":\"https:\/\/woo-themes-plugins.com\/de\/produkt\/room-09-shop-thema-woocommerce-mode-luxus-minimalistisches-design-mega-menu-pramie\/#primaryimage\"},\"image\":{\"@id\":\"https:\/\/woo-themes-plugins.com\/de\/produkt\/room-09-shop-thema-woocommerce-mode-luxus-minimalistisches-design-mega-menu-pramie\/#primaryimage\"},\"thumbnailUrl\":\"https:\/\/woo-themes-plugins.com\/wp-content\/uploads\/sites\/7\/2018\/03\/woo-themes-plugins-room-09-shop-theme-woocommercemode-luxe-theme-minimaliste-megamenu-premium.jpg\",\"datePublished\":\"2018-03-27T08:25:16+00:00\",\"dateModified\":\"2018-03-27T08:25:16+00:00\",\"breadcrumb\":{\"@id\":\"https:\/\/woo-themes-plugins.com\/de\/produkt\/room-09-shop-thema-woocommerce-mode-luxus-minimalistisches-design-mega-menu-pramie\/#breadcrumb\"},\"inLanguage\":\"de\",\"potentialAction\":[{\"@type\":\"ReadAction\",\"target\":[\"https:\/\/woo-themes-plugins.com\/de\/produkt\/room-09-shop-thema-woocommerce-mode-luxus-minimalistisches-design-mega-menu-pramie\/\"]}]},{\"@type\":\"ImageObject\",\"inLanguage\":\"de\",\"@id\":\"https:\/\/woo-themes-plugins.com\/de\/produkt\/room-09-shop-thema-woocommerce-mode-luxus-minimalistisches-design-mega-menu-pramie\/#primaryimage\",\"url\":\"https:\/\/woo-themes-plugins.com\/wp-content\/uploads\/sites\/7\/2018\/03\/woo-themes-plugins-room-09-shop-theme-woocommercemode-luxe-theme-minimaliste-megamenu-premium.jpg\",\"contentUrl\":\"https:\/\/woo-themes-plugins.com\/wp-content\/uploads\/sites\/7\/2018\/03\/woo-themes-plugins-room-09-shop-theme-woocommercemode-luxe-theme-minimaliste-megamenu-premium.jpg\",\"width\":590,\"height\":300},{\"@type\":\"BreadcrumbList\",\"@id\":\"https:\/\/woo-themes-plugins.com\/de\/produkt\/room-09-shop-thema-woocommerce-mode-luxus-minimalistisches-design-mega-menu-pramie\/#breadcrumb\",\"itemListElement\":[{\"@type\":\"ListItem\",\"position\":1,\"name\":\"Accueil\",\"item\":\"https:\/\/woo-themes-plugins.com\/fr\/\"},{\"@type\":\"ListItem\",\"position\":2,\"name\":\"Shop\",\"item\":\"https:\/\/woo-themes-plugins.com\/shop\/\"},{\"@type\":\"ListItem\",\"position\":3,\"name\":\"Room 09 Shop &#8211; Thema WooCommerce Mode &amp; Luxus &#8211; minimalistisches Design, Mega Menu &amp; amp; Pr\u00e4mie\"}]},{\"@type\":\"WebSite\",\"@id\":\"https:\/\/woo-themes-plugins.com\/it\/#website\",\"url\":\"https:\/\/woo-themes-plugins.com\/it\/\",\"name\":\"Woo-themes-plugins.com\",\"description\":\"Tous les th\u00e8mes et plugins WooCommerce Premium\",\"potentialAction\":[{\"@type\":\"SearchAction\",\"target\":{\"@type\":\"EntryPoint\",\"urlTemplate\":\"https:\/\/woo-themes-plugins.com\/it\/?s={search_term_string}\"},\"query-input\":\"required name=search_term_string\"}],\"inLanguage\":\"de\"}]}<\/script>\n<!-- \/ Yoast SEO plugin. -->","yoast_head_json":{"title":"Room 09 Shop - Thema WooCommerce Mode &amp; Luxus - minimalistisches Design, Mega Menu &amp; amp; Pr\u00e4mie - Woo-themes-plugins.com","robots":{"index":"index","follow":"follow","max-snippet":"max-snippet:-1","max-image-preview":"max-image-preview:large","max-video-preview":"max-video-preview:-1"},"canonical":"https:\/\/woo-themes-plugins.com\/de\/produkt\/room-09-shop-thema-woocommerce-mode-luxus-minimalistisches-design-mega-menu-pramie\/","og_locale":"de_DE","og_type":"article","og_title":"Room 09 Shop - Thema WooCommerce Mode &amp; Luxus - minimalistisches Design, Mega Menu &amp; amp; Pr\u00e4mie - Woo-themes-plugins.com","og_description":"Room 09 Shop ist ein WooCommerce-Thema, das sch\u00f6n, minimalistisch und einfach zu handhaben ist. Aber damit h\u00f6rt es nicht auf. Dieses WooCommerce-Thema stellt sicher, dass wir die bestm\u00f6gliche Erfahrung durch die Integration vieler Premium-Funktionen bieten. Verstehe, dass dieses Thema viele Plugins enth\u00e4lt, die du bezahlt haben solltest. Wir werden ein Megamenu, ein Wunschlistensystem, aber auch ein integriertes Popup-System, einen Superzoom f\u00fcr die erzeugten Bilder finden ... Kurz gesagt, ein Thema, das mehr als ein Thema ist.","og_url":"https:\/\/woo-themes-plugins.com\/de\/produkt\/room-09-shop-thema-woocommerce-mode-luxus-minimalistisches-design-mega-menu-pramie\/","og_site_name":"Woo-themes-plugins.com","og_image":[{"width":590,"height":300,"url":"https:\/\/woo-themes-plugins.com\/wp-content\/uploads\/sites\/7\/2018\/03\/woo-themes-plugins-room-09-shop-theme-woocommercemode-luxe-theme-minimaliste-megamenu-premium.jpg","type":"image\/jpeg"}],"schema":{"@context":"https:\/\/schema.org","@graph":[{"@type":"WebPage","@id":"https:\/\/woo-themes-plugins.com\/de\/produkt\/room-09-shop-thema-woocommerce-mode-luxus-minimalistisches-design-mega-menu-pramie\/","url":"https:\/\/woo-themes-plugins.com\/de\/produkt\/room-09-shop-thema-woocommerce-mode-luxus-minimalistisches-design-mega-menu-pramie\/","name":"Room 09 Shop - Thema WooCommerce Mode &amp; Luxus - minimalistisches Design, Mega Menu &amp; amp; Pr\u00e4mie - Woo-themes-plugins.com","isPartOf":{"@id":"https:\/\/woo-themes-plugins.com\/it\/#website"},"primaryImageOfPage":{"@id":"https:\/\/woo-themes-plugins.com\/de\/produkt\/room-09-shop-thema-woocommerce-mode-luxus-minimalistisches-design-mega-menu-pramie\/#primaryimage"},"image":{"@id":"https:\/\/woo-themes-plugins.com\/de\/produkt\/room-09-shop-thema-woocommerce-mode-luxus-minimalistisches-design-mega-menu-pramie\/#primaryimage"},"thumbnailUrl":"https:\/\/woo-themes-plugins.com\/wp-content\/uploads\/sites\/7\/2018\/03\/woo-themes-plugins-room-09-shop-theme-woocommercemode-luxe-theme-minimaliste-megamenu-premium.jpg","datePublished":"2018-03-27T08:25:16+00:00","dateModified":"2018-03-27T08:25:16+00:00","breadcrumb":{"@id":"https:\/\/woo-themes-plugins.com\/de\/produkt\/room-09-shop-thema-woocommerce-mode-luxus-minimalistisches-design-mega-menu-pramie\/#breadcrumb"},"inLanguage":"de","potentialAction":[{"@type":"ReadAction","target":["https:\/\/woo-themes-plugins.com\/de\/produkt\/room-09-shop-thema-woocommerce-mode-luxus-minimalistisches-design-mega-menu-pramie\/"]}]},{"@type":"ImageObject","inLanguage":"de","@id":"https:\/\/woo-themes-plugins.com\/de\/produkt\/room-09-shop-thema-woocommerce-mode-luxus-minimalistisches-design-mega-menu-pramie\/#primaryimage","url":"https:\/\/woo-themes-plugins.com\/wp-content\/uploads\/sites\/7\/2018\/03\/woo-themes-plugins-room-09-shop-theme-woocommercemode-luxe-theme-minimaliste-megamenu-premium.jpg","contentUrl":"https:\/\/woo-themes-plugins.com\/wp-content\/uploads\/sites\/7\/2018\/03\/woo-themes-plugins-room-09-shop-theme-woocommercemode-luxe-theme-minimaliste-megamenu-premium.jpg","width":590,"height":300},{"@type":"BreadcrumbList","@id":"https:\/\/woo-themes-plugins.com\/de\/produkt\/room-09-shop-thema-woocommerce-mode-luxus-minimalistisches-design-mega-menu-pramie\/#breadcrumb","itemListElement":[{"@type":"ListItem","position":1,"name":"Accueil","item":"https:\/\/woo-themes-plugins.com\/fr\/"},{"@type":"ListItem","position":2,"name":"Shop","item":"https:\/\/woo-themes-plugins.com\/shop\/"},{"@type":"ListItem","position":3,"name":"Room 09 Shop &#8211; Thema WooCommerce Mode &amp; Luxus &#8211; minimalistisches Design, Mega Menu &amp; amp; Pr\u00e4mie"}]},{"@type":"WebSite","@id":"https:\/\/woo-themes-plugins.com\/it\/#website","url":"https:\/\/woo-themes-plugins.com\/it\/","name":"Woo-themes-plugins.com","description":"Tous les th\u00e8mes et plugins WooCommerce Premium","potentialAction":[{"@type":"SearchAction","target":{"@type":"EntryPoint","urlTemplate":"https:\/\/woo-themes-plugins.com\/it\/?s={search_term_string}"},"query-input":"required name=search_term_string"}],"inLanguage":"de"}]}},"_links":{"self":[{"href":"https:\/\/woo-themes-plugins.com\/de\/wp-json\/wp\/v2\/product\/4643","targetHints":{"allow":["GET"]}}],"collection":[{"href":"https:\/\/woo-themes-plugins.com\/de\/wp-json\/wp\/v2\/product"}],"about":[{"href":"https:\/\/woo-themes-plugins.com\/de\/wp-json\/wp\/v2\/types\/product"}],"wp:featuredmedia":[{"embeddable":true,"href":"https:\/\/woo-themes-plugins.com\/de\/wp-json\/wp\/v2\/media\/485"}],"wp:attachment":[{"href":"https:\/\/woo-themes-plugins.com\/de\/wp-json\/wp\/v2\/media?parent=4643"}],"wp:term":[{"taxonomy":"product_cat","embeddable":true,"href":"https:\/\/woo-themes-plugins.com\/de\/wp-json\/wp\/v2\/product_cat?post=4643"},{"taxonomy":"product_tag","embeddable":true,"href":"https:\/\/woo-themes-plugins.com\/de\/wp-json\/wp\/v2\/product_tag?post=4643"}],"curies":[{"name":"wp","href":"https:\/\/api.w.org\/{rel}","templated":true}]}}