{"id":4644,"date":"2018-03-27T09:31:25","date_gmt":"2018-03-27T08:31:25","guid":{"rendered":"https:\/\/woo-themes-plugins.com\/product\/oxygen-pure-player-woocommerce-theme-minimalistisches-theme-luxurios\/"},"modified":"2018-03-27T09:31:25","modified_gmt":"2018-03-27T08:31:25","slug":"oxygen-pure-player-woocommerce-theme-minimalistisches-theme-luxurios","status":"publish","type":"product","link":"https:\/\/woo-themes-plugins.com\/de\/product\/oxygen-pure-player-woocommerce-theme-minimalistisches-theme-luxurios\/","title":{"rendered":"Oxygen &#8211; Pure Player WooCommerce Theme &#8211; Minimalistisches Theme &amp; luxuri\u00f6s"},"content":{"rendered":"<p><span id=\"result_box\" class=\"\" lang=\"de\"><span title=\"Oxygen est un th\u00e8me WooCommerce avant tout d\u00e9velopp\u00e9 pour r\u00e9pondre aux besoins des boutiques en ligne.\">Oxygen ist ein WooCommerce-Thema, das in erster Linie f\u00fcr die Bed\u00fcrfnisse von Online-Shops entwickelt wurde. <\/span><span title=\"Ce th\u00e8me offre une grande vari\u00e9t\u00e9 d'options de personnalisation que ce soit dans sa mise en page que dans son apparence.\">Dieses Design bietet eine Vielzahl von Anpassungsm\u00f6glichkeiten, sowohl im Layout als auch im Aussehen. <\/span><span title=\"L'ensemble est param\u00e9trable \u00e0 partir d'une interface d'administration pens\u00e9e pour permettre aux d\u00e9butants de prendre en main simplement ce th\u00e8me.\n\n\">Das Set ist \u00fcber eine Administrationsoberfl\u00e4che konfigurierbar, die es Anf\u00e4ngern erlaubt, nur dieses Thema in die Hand zu nehmen.<\/p>\n<p><\/span><span title=\"Il est possible de choisir parmi 4 types d'ent\u00eates diff\u00e9rentes, de changer la typographie sur l'ensemble du site, s\u00e9parer clairement la partie eCommerce de la partie blog de ton site WooCommerce, mais aussi de cr\u00e9er des mises en pages uniques gr\u00e2ce \u00e0 l\">Sie k\u00f6nnen aus 4 verschiedenen Header-Typen w\u00e4hlen, die Typografie auf der gesamten Website \u00e4ndern, den eCommerce-Teil des Blog-Bereichs Ihrer WooCommerce-Site klar voneinander trennen, aber auch einzigartige Layouts erstellen <\/span><span title=\"'utilisation de Visual Composer qui est donc propos\u00e9 gratuitement avec ce th\u00e8me WooCommerce.\">Verwendung von Visual Composer, der daher kostenlos mit diesem WooCommerce-Thema angeboten wird. <\/span><span title=\"Un bon point lorsqu'on sait que Visual Composer s'est impos\u00e9 comme solution de personnalisation de mise en page de WordPress en cliqu\u00e9 d\u00e9pos\u00e9.\">Ein guter Punkt, wenn Sie wissen, dass Visual Composer sich als eine WordPress-Layout-Anpassungsl\u00f6sung in Click-deponiert hat. <\/span><span title=\"Le deuxi\u00e8me plugin premium qui accompagne gratuitement ce th\u00e8me est bien entendu Slider Revolution.\n\n\">Das zweite Premium-Plugin, das dieses Thema gratis begleitet, ist nat\u00fcrlich Slider Revolution.<\/p>\n<p><\/span><span title=\"Oxygen offre en plus une palette de fonctionnalit\u00e9s \u00e0 prendre en compte pour bien choisir son th\u00e8me WooCommerce :\n\n\u00a0\u00a0\u00a0\u00a0\">Oxygen bietet au\u00dferdem eine Reihe von Funktionen, die bei der Wahl des WooCommerce-Themas ber\u00fccksichtigt werden m\u00fcssen:<\/p>\n<p><\/span><span title=\"100% compatible avec WooCommerce Multilingue\n\u00a0\u00a0\u00a0\u00a0\">100% kompatibel mit WooCommerce Mehrsprachige Online-Kleinanzeigen<br \/>\n<\/span><span title=\"Responsive et Retina Ready\n\u00a0\u00a0\u00a0\u00a0\">Responsive und Retina Ready<br \/>\n<\/span><span title=\"Menu \u00e0 la verticale ou \u00e0 l'horizontale\n\u00a0\u00a0\u00a0\u00a0\">Men\u00fc vertikal oder horizontal<br \/>\n<\/span><span title=\"Quick View\n\u00a0\u00a0\u00a0\u00a0\">Schnellansicht<br \/>\n<\/span><span title=\"Wishlist\n\u00a0\u00a0\u00a0\u00a0\">Wunschliste<br \/>\n<\/span><span title=\"Module LookBook\n\u00a0\u00a0\u00a0\u00a0\">LookBook Modul<br \/>\n<\/span><span title=\"Optimis\u00e9 pour les interfaces mobiles\n\u00a0\u00a0\u00a0\u00a0\">Optimiert f\u00fcr mobile Benutzeroberfl\u00e4chen<br \/>\n<\/span><span title=\"Page de contact sympa\n\u00a0\u00a0\u00a0\u00a0\">Freundliche Kontaktseite<br \/>\n<\/span><span title=\"Utilisation de bootstrap et de LESS\n\n\">Bootstrap und LESS verwenden<\/p>\n<p><\/span><span title=\"On pourra appr\u00e9cier tout particuli\u00e8rement les deux fonctions types du eCommerce qui manque tout de m\u00eame un peu par d\u00e9faut \u00e0 WooCommerce : le quick view et la whishlist !\">Besonders zu sch\u00e4tzen wissen wir die beiden typischen Funktionen des E-Commerce, die WooCommerce immer noch ein wenig fehlen: Schnellansicht und Wunschliste! <\/span><span title=\"Gr\u00e2ce \u00e0 ce th\u00e8me WooCommerce, aucun besoin de rechercher ces fonctionnalit\u00e9s ailleurs.\n\n\">Mit diesem WooCommerce-Theme m\u00fcssen Sie diese Funktionen nicht anderswo suchen.<\/p>\n<p><\/span><span title=\"En parlant d'optimisation, il est int\u00e9ressant de noter que ce th\u00e8me est optimis\u00e9 pour le r\u00e9f\u00e9rencement naturel, que sa page d'erreur 404 a \u00e9t\u00e9 sp\u00e9cialement con\u00e7ue, un jeu d'ic\u00f4nes d\u00e9di\u00e9s et encore plus de petites choses \u00e0 d\u00e9couvrir d'urgence\">Apropos Optimierung: Dieses Thema ist f\u00fcr SEO optimiert, seine 404-Fehlerseite wurde speziell entworfen, ein dedizierter Icon-Set und noch mehr Kleinigkeiten sind dringend zu entdecken <\/span><span title=\".\n\n\">.<\/p>\n<p><\/span><span title=\"D'un point de vu technique, un h\u00e9bergement WooCommerce respectant les derni\u00e8res normes suffira amplement.\">Aus technischer Sicht reicht ein WooCommerce Hosting-Meeting mit den neuesten Standards aus.<\/span><\/span><\/p>\n","protected":false},"excerpt":{"rendered":"<p><span id=\"result_box\" class=\"\" lang=\"de\">Jede E-Commerce-Site hat ihre eigenen Besonderheiten. Der Designer dieses Themas hat WooCommerce verstanden, denn Oxygen ist ausschlie\u00dflich f\u00fcr Online-Shops type pure player (ohne physischen Laden). Dies bedeutet, dass die gesamte Website direkt auf die Website konvertiert wurde. Das Mindeste, was wir sagen k\u00f6nnen, ist, dass dieses Thema WooCommerce mehr einen Stil bietet, der sehr auf die Welt von Luxus und Minimalismus ausgerichtet ist.<\/span><\/p>\n","protected":false},"featured_media":666,"template":"","meta":{"_monsterinsights_skip_tracking":false,"_monsterinsights_sitenote_active":false,"_monsterinsights_sitenote_note":"","_monsterinsights_sitenote_category":0},"product_cat":[209],"product_tag":[1043,963,1057,1116,1086,1085,1088,1106,1098,1065,1092,1095,1083,1119,1110],"class_list":["post-4644","product","type-product","status-publish","has-post-thumbnail","hentry","product_cat-woocommerce-thema-de","product_tag-anfanger-woocommerce","product_tag-bundle-plugins-premium-de","product_tag-personalisierbare-woocommerce-themen","product_tag-willkommener-installation-ein-klick","product_tag-woocommerce-bekleidungsgeschaft","product_tag-woocommerce-bootstrap-de","product_tag-woocommerce-modehaus","product_tag-woocommerce-revolution-slider-de-2","product_tag-woocommerce-luxus-hohe-range","product_tag-woocommerce-responsive-de","product_tag-woocommerce-retina-bereit-de","product_tag-woocommerce-schmuck","product_tag-woocommerce-schonheit-kosmetische-show","product_tag-woocommerce-thema-mit-blog","product_tag-woocommerce-thema-mit-builder-de","pa_dev-woo-plugin-theme-laborator-de","pa_marketplace-woocommerce-themeforest-net-de"],"yoast_head":"<!-- This site is optimized with the Yoast SEO plugin v23.1 - https:\/\/yoast.com\/wordpress\/plugins\/seo\/ -->\n<title>Oxygen - Luxus WooCommerce Theme - Minimalistisches und reines Spieler Theme<\/title>\n<meta name=\"robots\" content=\"index, follow, max-snippet:-1, max-image-preview:large, max-video-preview:-1\" \/>\n<link rel=\"canonical\" href=\"https:\/\/woo-themes-plugins.com\/de\/produkt\/oxygen-pure-player-woocommerce-theme-minimalistisches-theme-luxurios\/\" \/>\n<meta property=\"og:locale\" content=\"de_DE\" \/>\n<meta property=\"og:type\" content=\"article\" \/>\n<meta property=\"og:title\" content=\"Oxygen - Luxus WooCommerce Theme - Minimalistisches und reines Spieler Theme\" \/>\n<meta property=\"og:description\" content=\"Jede E-Commerce-Site hat ihre eigenen Besonderheiten. Der Designer dieses Themas hat WooCommerce verstanden, denn Oxygen ist ausschlie\u00dflich f\u00fcr Online-Shops type pure player (ohne physischen Laden). Dies bedeutet, dass die gesamte Website direkt auf die Website konvertiert wurde. Das Mindeste, was wir sagen k\u00f6nnen, ist, dass dieses Thema WooCommerce mehr einen Stil bietet, der sehr auf die Welt von Luxus und Minimalismus ausgerichtet ist.\" \/>\n<meta property=\"og:url\" content=\"https:\/\/woo-themes-plugins.com\/de\/produkt\/oxygen-pure-player-woocommerce-theme-minimalistisches-theme-luxurios\/\" \/>\n<meta property=\"og:site_name\" content=\"Woo-themes-plugins.com\" \/>\n<meta property=\"og:image\" content=\"https:\/\/woo-themes-plugins.com\/wp-content\/uploads\/sites\/7\/2018\/03\/woo-themes-plugins-oxygen-theme-woocommerce-pure-player-theme-minimaliste-luxueux-mode.jpg.jpg\" \/>\n\t<meta property=\"og:image:width\" content=\"776\" \/>\n\t<meta property=\"og:image:height\" content=\"900\" \/>\n\t<meta property=\"og:image:type\" content=\"image\/jpeg\" \/>\n<meta name=\"twitter:label1\" content=\"Gesch\u00e4tzte Lesezeit\" \/>\n\t<meta name=\"twitter:data1\" content=\"1\u00a0Minute\" \/>\n<script type=\"application\/ld+json\" class=\"yoast-schema-graph\">{\"@context\":\"https:\/\/schema.org\",\"@graph\":[{\"@type\":\"WebPage\",\"@id\":\"https:\/\/woo-themes-plugins.com\/de\/produkt\/oxygen-pure-player-woocommerce-theme-minimalistisches-theme-luxurios\/\",\"url\":\"https:\/\/woo-themes-plugins.com\/de\/produkt\/oxygen-pure-player-woocommerce-theme-minimalistisches-theme-luxurios\/\",\"name\":\"Oxygen - Luxus WooCommerce Theme - Minimalistisches und reines Spieler Theme\",\"isPartOf\":{\"@id\":\"https:\/\/woo-themes-plugins.com\/it\/#website\"},\"primaryImageOfPage\":{\"@id\":\"https:\/\/woo-themes-plugins.com\/de\/produkt\/oxygen-pure-player-woocommerce-theme-minimalistisches-theme-luxurios\/#primaryimage\"},\"image\":{\"@id\":\"https:\/\/woo-themes-plugins.com\/de\/produkt\/oxygen-pure-player-woocommerce-theme-minimalistisches-theme-luxurios\/#primaryimage\"},\"thumbnailUrl\":\"https:\/\/woo-themes-plugins.com\/wp-content\/uploads\/sites\/7\/2018\/03\/woo-themes-plugins-oxygen-theme-woocommerce-pure-player-theme-minimaliste-luxueux-mode.jpg.jpg\",\"datePublished\":\"2018-03-27T08:31:25+00:00\",\"dateModified\":\"2018-03-27T08:31:25+00:00\",\"breadcrumb\":{\"@id\":\"https:\/\/woo-themes-plugins.com\/de\/produkt\/oxygen-pure-player-woocommerce-theme-minimalistisches-theme-luxurios\/#breadcrumb\"},\"inLanguage\":\"de\",\"potentialAction\":[{\"@type\":\"ReadAction\",\"target\":[\"https:\/\/woo-themes-plugins.com\/de\/produkt\/oxygen-pure-player-woocommerce-theme-minimalistisches-theme-luxurios\/\"]}]},{\"@type\":\"ImageObject\",\"inLanguage\":\"de\",\"@id\":\"https:\/\/woo-themes-plugins.com\/de\/produkt\/oxygen-pure-player-woocommerce-theme-minimalistisches-theme-luxurios\/#primaryimage\",\"url\":\"https:\/\/woo-themes-plugins.com\/wp-content\/uploads\/sites\/7\/2018\/03\/woo-themes-plugins-oxygen-theme-woocommerce-pure-player-theme-minimaliste-luxueux-mode.jpg.jpg\",\"contentUrl\":\"https:\/\/woo-themes-plugins.com\/wp-content\/uploads\/sites\/7\/2018\/03\/woo-themes-plugins-oxygen-theme-woocommerce-pure-player-theme-minimaliste-luxueux-mode.jpg.jpg\",\"width\":776,\"height\":900},{\"@type\":\"BreadcrumbList\",\"@id\":\"https:\/\/woo-themes-plugins.com\/de\/produkt\/oxygen-pure-player-woocommerce-theme-minimalistisches-theme-luxurios\/#breadcrumb\",\"itemListElement\":[{\"@type\":\"ListItem\",\"position\":1,\"name\":\"Accueil\",\"item\":\"https:\/\/woo-themes-plugins.com\/fr\/\"},{\"@type\":\"ListItem\",\"position\":2,\"name\":\"Shop\",\"item\":\"https:\/\/woo-themes-plugins.com\/shop\/\"},{\"@type\":\"ListItem\",\"position\":3,\"name\":\"Oxygen &#8211; Pure Player WooCommerce Theme &#8211; Minimalistisches Theme &amp; luxuri\u00f6s\"}]},{\"@type\":\"WebSite\",\"@id\":\"https:\/\/woo-themes-plugins.com\/it\/#website\",\"url\":\"https:\/\/woo-themes-plugins.com\/it\/\",\"name\":\"Woo-themes-plugins.com\",\"description\":\"Tous les th\u00e8mes et plugins WooCommerce Premium\",\"potentialAction\":[{\"@type\":\"SearchAction\",\"target\":{\"@type\":\"EntryPoint\",\"urlTemplate\":\"https:\/\/woo-themes-plugins.com\/it\/?s={search_term_string}\"},\"query-input\":\"required name=search_term_string\"}],\"inLanguage\":\"de\"}]}<\/script>\n<!-- \/ Yoast SEO plugin. -->","yoast_head_json":{"title":"Oxygen - Luxus WooCommerce Theme - Minimalistisches und reines Spieler Theme","robots":{"index":"index","follow":"follow","max-snippet":"max-snippet:-1","max-image-preview":"max-image-preview:large","max-video-preview":"max-video-preview:-1"},"canonical":"https:\/\/woo-themes-plugins.com\/de\/produkt\/oxygen-pure-player-woocommerce-theme-minimalistisches-theme-luxurios\/","og_locale":"de_DE","og_type":"article","og_title":"Oxygen - Luxus WooCommerce Theme - Minimalistisches und reines Spieler Theme","og_description":"Jede E-Commerce-Site hat ihre eigenen Besonderheiten. Der Designer dieses Themas hat WooCommerce verstanden, denn Oxygen ist ausschlie\u00dflich f\u00fcr Online-Shops type pure player (ohne physischen Laden). Dies bedeutet, dass die gesamte Website direkt auf die Website konvertiert wurde. Das Mindeste, was wir sagen k\u00f6nnen, ist, dass dieses Thema WooCommerce mehr einen Stil bietet, der sehr auf die Welt von Luxus und Minimalismus ausgerichtet ist.","og_url":"https:\/\/woo-themes-plugins.com\/de\/produkt\/oxygen-pure-player-woocommerce-theme-minimalistisches-theme-luxurios\/","og_site_name":"Woo-themes-plugins.com","og_image":[{"width":776,"height":900,"url":"https:\/\/woo-themes-plugins.com\/wp-content\/uploads\/sites\/7\/2018\/03\/woo-themes-plugins-oxygen-theme-woocommerce-pure-player-theme-minimaliste-luxueux-mode.jpg.jpg","type":"image\/jpeg"}],"twitter_misc":{"Gesch\u00e4tzte Lesezeit":"1\u00a0Minute"},"schema":{"@context":"https:\/\/schema.org","@graph":[{"@type":"WebPage","@id":"https:\/\/woo-themes-plugins.com\/de\/produkt\/oxygen-pure-player-woocommerce-theme-minimalistisches-theme-luxurios\/","url":"https:\/\/woo-themes-plugins.com\/de\/produkt\/oxygen-pure-player-woocommerce-theme-minimalistisches-theme-luxurios\/","name":"Oxygen - Luxus WooCommerce Theme - Minimalistisches und reines Spieler Theme","isPartOf":{"@id":"https:\/\/woo-themes-plugins.com\/it\/#website"},"primaryImageOfPage":{"@id":"https:\/\/woo-themes-plugins.com\/de\/produkt\/oxygen-pure-player-woocommerce-theme-minimalistisches-theme-luxurios\/#primaryimage"},"image":{"@id":"https:\/\/woo-themes-plugins.com\/de\/produkt\/oxygen-pure-player-woocommerce-theme-minimalistisches-theme-luxurios\/#primaryimage"},"thumbnailUrl":"https:\/\/woo-themes-plugins.com\/wp-content\/uploads\/sites\/7\/2018\/03\/woo-themes-plugins-oxygen-theme-woocommerce-pure-player-theme-minimaliste-luxueux-mode.jpg.jpg","datePublished":"2018-03-27T08:31:25+00:00","dateModified":"2018-03-27T08:31:25+00:00","breadcrumb":{"@id":"https:\/\/woo-themes-plugins.com\/de\/produkt\/oxygen-pure-player-woocommerce-theme-minimalistisches-theme-luxurios\/#breadcrumb"},"inLanguage":"de","potentialAction":[{"@type":"ReadAction","target":["https:\/\/woo-themes-plugins.com\/de\/produkt\/oxygen-pure-player-woocommerce-theme-minimalistisches-theme-luxurios\/"]}]},{"@type":"ImageObject","inLanguage":"de","@id":"https:\/\/woo-themes-plugins.com\/de\/produkt\/oxygen-pure-player-woocommerce-theme-minimalistisches-theme-luxurios\/#primaryimage","url":"https:\/\/woo-themes-plugins.com\/wp-content\/uploads\/sites\/7\/2018\/03\/woo-themes-plugins-oxygen-theme-woocommerce-pure-player-theme-minimaliste-luxueux-mode.jpg.jpg","contentUrl":"https:\/\/woo-themes-plugins.com\/wp-content\/uploads\/sites\/7\/2018\/03\/woo-themes-plugins-oxygen-theme-woocommerce-pure-player-theme-minimaliste-luxueux-mode.jpg.jpg","width":776,"height":900},{"@type":"BreadcrumbList","@id":"https:\/\/woo-themes-plugins.com\/de\/produkt\/oxygen-pure-player-woocommerce-theme-minimalistisches-theme-luxurios\/#breadcrumb","itemListElement":[{"@type":"ListItem","position":1,"name":"Accueil","item":"https:\/\/woo-themes-plugins.com\/fr\/"},{"@type":"ListItem","position":2,"name":"Shop","item":"https:\/\/woo-themes-plugins.com\/shop\/"},{"@type":"ListItem","position":3,"name":"Oxygen &#8211; Pure Player WooCommerce Theme &#8211; Minimalistisches Theme &amp; luxuri\u00f6s"}]},{"@type":"WebSite","@id":"https:\/\/woo-themes-plugins.com\/it\/#website","url":"https:\/\/woo-themes-plugins.com\/it\/","name":"Woo-themes-plugins.com","description":"Tous les th\u00e8mes et plugins WooCommerce Premium","potentialAction":[{"@type":"SearchAction","target":{"@type":"EntryPoint","urlTemplate":"https:\/\/woo-themes-plugins.com\/it\/?s={search_term_string}"},"query-input":"required name=search_term_string"}],"inLanguage":"de"}]}},"_links":{"self":[{"href":"https:\/\/woo-themes-plugins.com\/de\/wp-json\/wp\/v2\/product\/4644","targetHints":{"allow":["GET"]}}],"collection":[{"href":"https:\/\/woo-themes-plugins.com\/de\/wp-json\/wp\/v2\/product"}],"about":[{"href":"https:\/\/woo-themes-plugins.com\/de\/wp-json\/wp\/v2\/types\/product"}],"wp:featuredmedia":[{"embeddable":true,"href":"https:\/\/woo-themes-plugins.com\/de\/wp-json\/wp\/v2\/media\/666"}],"wp:attachment":[{"href":"https:\/\/woo-themes-plugins.com\/de\/wp-json\/wp\/v2\/media?parent=4644"}],"wp:term":[{"taxonomy":"product_cat","embeddable":true,"href":"https:\/\/woo-themes-plugins.com\/de\/wp-json\/wp\/v2\/product_cat?post=4644"},{"taxonomy":"product_tag","embeddable":true,"href":"https:\/\/woo-themes-plugins.com\/de\/wp-json\/wp\/v2\/product_tag?post=4644"}],"curies":[{"name":"wp","href":"https:\/\/api.w.org\/{rel}","templated":true}]}}