{"id":4645,"date":"2018-03-27T09:37:03","date_gmt":"2018-03-27T08:37:03","guid":{"rendered":"https:\/\/woo-themes-plugins.com\/product\/konigreich-amazon-affiliate-woocommerce-theme-thema-mit-woozone-kompatibel\/"},"modified":"2018-03-27T09:37:03","modified_gmt":"2018-03-27T08:37:03","slug":"konigreich-amazon-affiliate-woocommerce-theme-thema-mit-woozone-kompatibel","status":"publish","type":"product","link":"https:\/\/woo-themes-plugins.com\/de\/product\/konigreich-amazon-affiliate-woocommerce-theme-thema-mit-woozone-kompatibel\/","title":{"rendered":"K\u00f6nigreich &#8211; Amazon Affiliate WooCommerce Theme &#8211; Thema mit WooZone kompatibel"},"content":{"rendered":"<p><span id=\"result_box\" class=\"\" lang=\"de\"><span title=\"Kingdom est donc un th\u00e8me WooCommerce diff\u00e9rent car il va te permettre de mettre en place un boutique WooCommerce fonctionnant sur le principe de l'affiliation avec Amazon.\">Kingdom ist daher ein anderes WooCommerce-Thema, da es Ihnen erm\u00f6glicht, einen WooCommerce-Shop einzurichten, der nach dem Prinzip der Affiliate mit Amazon arbeitet. <\/span><span title=\"Mais que cela signifie-t-il au juste d'\u00eatre un th\u00e8me WooCommerce pens\u00e9 pour l'affiliation WooCommerce ?\">Aber was bedeutet es wirklich, ein WooCommerce-Thema zu sein, das f\u00fcr WooCommerce Affiliate gedacht ist? <\/span><span title=\"C'est la possibilit\u00e9 d'ajouter des fonctionnalit\u00e9s incroyables sur son site comme le fait de surfer gr\u00e2ce aux diff\u00e9rentes marques mises en avant sur ton site, ou encore de faire remonter l'historique de surf du client sur Amazon.\">Es ist die F\u00e4higkeit, unglaubliche Funktionen auf Ihrer Website hinzuzuf\u00fcgen, wie beispielsweise das Surfen durch verschiedene Marken auf Ihrer Website oder die Surfgeschichte des Kunden bei Amazon. <\/span><span title=\"Et c'est loin d'\u00eatre tout car en plus vos internautes auront acc\u00e8s \u00e0 un filtre cr\u00e9\u00e9 automatiquement ou encore aux produits compl\u00e9mentaires directement ins\u00e9r\u00e9 dans votre site.\">Und es ist bei weitem nicht alles, denn zus\u00e4tzlich haben Ihre Benutzer Zugriff auf einen automatisch erstellten Filter oder zus\u00e4tzliche Produkte, die direkt in Ihre Site eingef\u00fcgt werden. <\/span><span title=\"La remont\u00e9e des r\u00e9ductions et des prix est automatique.\n\n\">Der Anstieg von Rabatten und Preisen erfolgt automatisch.<\/p>\n<p><\/span><span title=\"Afin de pousser l'exp\u00e9rience encore plus loin, ce th\u00e8me WooCommerce int\u00e8gre deux plugins premium que sont Premium SEO Pack et Convert Plus;\">Um das Erlebnis noch weiter zu verbessern, enth\u00e4lt dieses WooCommerce-Theme zwei Premium-Plugins, Premium SEO Pack und Convert Plus; <\/span><span title=\"deux plugins pens\u00e9s pour accro\u00eetre les ventes sur ton site de eCommerce.\">zwei plugins sollen den umsatz auf ihrer eCommerce-seite steigern. <\/span><span title=\"D'autres plugins premium sont de la partie comme Visual Composer bien entendu !\n\n\">Andere Premium-Plugins sind nat\u00fcrlich im Spiel wie Visual Composer!<\/p>\n<p><\/span><span title=\"Pleinement compatible avec les derni\u00e8res technologies web, ce th\u00e8me WooCommerce se sentira pouss\u00e9e des ailes si ton h\u00e9bergement WooCommerce utilise du PHP 7 !\n\n\">Dieses WooCommerce-Theme ist voll kompatibel mit den neuesten Web-Technologien und wird einen Schub bekommen, wenn Ihr WooCommerce-Hosting PHP 7 verwendet!<\/p>\n<p><\/span><span title=\"En constante \u00e9volution, ce th\u00e8me WooCommerce offre encore beaucoup de fonctionnalit\u00e9s qu'il te restera \u00e0 d\u00e9couvrir comme une mise en page avanc\u00e9e pour le blog, l'int\u00e9gration des shortcodes de visual composer, l'affichage d'une liste de shopping alternative, la\">In st\u00e4ndiger Evolution bietet dieses WooCommerce &#8211; Theme immer noch viele Funktionen, die Sie als ein fortgeschrittenes Layout f\u00fcr den Blog, die Integration von Shortcodes Visual Composer, die Anzeige einer alternativen Einkaufsliste, die <\/span><span title=\"compatibilit\u00e9 avec WooCommerce Multilingue et le tout dans un \u00e9crin responsive, cela va de soit.\">Kompatibilit\u00e4t mit WooCommerce Mehrsprachig und alles in einer reaktionsschnellen Box, versteht sich von selbst.<\/span><\/span><\/p>\n","protected":false},"excerpt":{"rendered":"<p><span id=\"result_box\" class=\"\" lang=\"de\">Wenn Sie mit Amazon verbunden sind und nach einem Thema suchen, das wirklich ein Thema f\u00fcr WooCommerce Affiliate mit Amazon ist, dann k\u00f6nnen Sie endlich entspannen, Sie haben gerade das Thema Ihrer Tr\u00e4ume gefunden. K\u00f6nigreich ist mehr als nur ein Thema, es ist der Traum aller Amazon-Mitglieder. Dieses WooCommerce-Theme \u00fcberl\u00e4dt das Standardverhalten, indem es mit dem ber\u00fchmten WooZone-Plugin kompatibel ist. Sei vorsichtig, mit diesem Thema hast du eine echte Bombe in deinen H\u00e4nden;)<\/span><\/p>\n","protected":false},"featured_media":708,"template":"","meta":{"_monsterinsights_skip_tracking":false,"_monsterinsights_sitenote_active":false,"_monsterinsights_sitenote_note":"","_monsterinsights_sitenote_category":0},"product_cat":[209],"product_tag":[1043,963,1057,1116,1082,1086,1085,1088,1106,1081,1098,1065,1092,1095,1083,1119,1110],"class_list":["post-4645","product","type-product","status-publish","has-post-thumbnail","hentry","product_cat-woocommerce-thema-de","product_tag-anfanger-woocommerce","product_tag-bundle-plugins-premium-de","product_tag-personalisierbare-woocommerce-themen","product_tag-willkommener-installation-ein-klick","product_tag-woocommerce-amazon-de","product_tag-woocommerce-bekleidungsgeschaft","product_tag-woocommerce-bootstrap-de","product_tag-woocommerce-modehaus","product_tag-woocommerce-revolution-slider-de-2","product_tag-woocommerce-verbindung","product_tag-woocommerce-luxus-hohe-range","product_tag-woocommerce-responsive-de","product_tag-woocommerce-retina-bereit-de","product_tag-woocommerce-schmuck","product_tag-woocommerce-schonheit-kosmetische-show","product_tag-woocommerce-thema-mit-blog","product_tag-woocommerce-thema-mit-builder-de","pa_dev-woo-plugin-theme-aa-team-de","pa_marketplace-woocommerce-themeforest-net-de"],"yoast_head":"<!-- This site is optimized with the Yoast SEO plugin v23.1 - https:\/\/yoast.com\/wordpress\/plugins\/seo\/ -->\n<title>K\u00f6nigreich - Amazon Affiliate WooCommerce Theme - WooZone<\/title>\n<meta name=\"description\" content=\"Welches WooCommerce-Thema soll bei der Zugeh\u00f6rigkeit zu Amazon verwendet werden? K\u00f6nigreich nat\u00fcrlich! Warum w\u00e4hlen Sie dieses WooCommerce-Design, um Amazon-Partner zu machen? Denn hinter dieser Amazon WooCommerce Vorlage verbergen sich die Entwickler des WooZone Plugins, Nummer 1 f\u00fcr Amazon bei WooCommerce!\" \/>\n<meta name=\"robots\" content=\"index, follow, max-snippet:-1, max-image-preview:large, max-video-preview:-1\" \/>\n<link rel=\"canonical\" href=\"https:\/\/woo-themes-plugins.com\/de\/produkt\/konigreich-amazon-affiliate-woocommerce-theme-thema-mit-woozone-kompatibel\/\" \/>\n<meta property=\"og:locale\" content=\"de_DE\" \/>\n<meta property=\"og:type\" content=\"article\" \/>\n<meta property=\"og:title\" content=\"K\u00f6nigreich - Amazon Affiliate WooCommerce Theme - WooZone\" \/>\n<meta property=\"og:description\" content=\"Welches WooCommerce-Thema soll bei der Zugeh\u00f6rigkeit zu Amazon verwendet werden? K\u00f6nigreich nat\u00fcrlich! Warum w\u00e4hlen Sie dieses WooCommerce-Design, um Amazon-Partner zu machen? Denn hinter dieser Amazon WooCommerce Vorlage verbergen sich die Entwickler des WooZone Plugins, Nummer 1 f\u00fcr Amazon bei WooCommerce!\" \/>\n<meta property=\"og:url\" content=\"https:\/\/woo-themes-plugins.com\/de\/produkt\/konigreich-amazon-affiliate-woocommerce-theme-thema-mit-woozone-kompatibel\/\" \/>\n<meta property=\"og:site_name\" content=\"Woo-themes-plugins.com\" \/>\n<meta property=\"og:image\" content=\"https:\/\/woo-themes-plugins.com\/wp-content\/uploads\/sites\/7\/2018\/03\/woo-themes-plugins-kingdom-theme-woocommerce-affiliation-amazon-theme-compatible-woozone-default.jpg\" \/>\n\t<meta property=\"og:image:width\" content=\"757\" \/>\n\t<meta property=\"og:image:height\" content=\"900\" \/>\n\t<meta property=\"og:image:type\" content=\"image\/jpeg\" \/>\n<meta name=\"twitter:label1\" content=\"Gesch\u00e4tzte Lesezeit\" \/>\n\t<meta name=\"twitter:data1\" content=\"1\u00a0Minute\" \/>\n<script type=\"application\/ld+json\" class=\"yoast-schema-graph\">{\"@context\":\"https:\/\/schema.org\",\"@graph\":[{\"@type\":\"WebPage\",\"@id\":\"https:\/\/woo-themes-plugins.com\/de\/produkt\/konigreich-amazon-affiliate-woocommerce-theme-thema-mit-woozone-kompatibel\/\",\"url\":\"https:\/\/woo-themes-plugins.com\/de\/produkt\/konigreich-amazon-affiliate-woocommerce-theme-thema-mit-woozone-kompatibel\/\",\"name\":\"K\u00f6nigreich - Amazon Affiliate WooCommerce Theme - WooZone\",\"isPartOf\":{\"@id\":\"https:\/\/woo-themes-plugins.com\/it\/#website\"},\"primaryImageOfPage\":{\"@id\":\"https:\/\/woo-themes-plugins.com\/de\/produkt\/konigreich-amazon-affiliate-woocommerce-theme-thema-mit-woozone-kompatibel\/#primaryimage\"},\"image\":{\"@id\":\"https:\/\/woo-themes-plugins.com\/de\/produkt\/konigreich-amazon-affiliate-woocommerce-theme-thema-mit-woozone-kompatibel\/#primaryimage\"},\"thumbnailUrl\":\"https:\/\/woo-themes-plugins.com\/wp-content\/uploads\/sites\/7\/2018\/03\/woo-themes-plugins-kingdom-theme-woocommerce-affiliation-amazon-theme-compatible-woozone-default.jpg\",\"datePublished\":\"2018-03-27T08:37:03+00:00\",\"dateModified\":\"2018-03-27T08:37:03+00:00\",\"description\":\"Welches WooCommerce-Thema soll bei der Zugeh\u00f6rigkeit zu Amazon verwendet werden? K\u00f6nigreich nat\u00fcrlich! Warum w\u00e4hlen Sie dieses WooCommerce-Design, um Amazon-Partner zu machen? Denn hinter dieser Amazon WooCommerce Vorlage verbergen sich die Entwickler des WooZone Plugins, Nummer 1 f\u00fcr Amazon bei WooCommerce!\",\"breadcrumb\":{\"@id\":\"https:\/\/woo-themes-plugins.com\/de\/produkt\/konigreich-amazon-affiliate-woocommerce-theme-thema-mit-woozone-kompatibel\/#breadcrumb\"},\"inLanguage\":\"de\",\"potentialAction\":[{\"@type\":\"ReadAction\",\"target\":[\"https:\/\/woo-themes-plugins.com\/de\/produkt\/konigreich-amazon-affiliate-woocommerce-theme-thema-mit-woozone-kompatibel\/\"]}]},{\"@type\":\"ImageObject\",\"inLanguage\":\"de\",\"@id\":\"https:\/\/woo-themes-plugins.com\/de\/produkt\/konigreich-amazon-affiliate-woocommerce-theme-thema-mit-woozone-kompatibel\/#primaryimage\",\"url\":\"https:\/\/woo-themes-plugins.com\/wp-content\/uploads\/sites\/7\/2018\/03\/woo-themes-plugins-kingdom-theme-woocommerce-affiliation-amazon-theme-compatible-woozone-default.jpg\",\"contentUrl\":\"https:\/\/woo-themes-plugins.com\/wp-content\/uploads\/sites\/7\/2018\/03\/woo-themes-plugins-kingdom-theme-woocommerce-affiliation-amazon-theme-compatible-woozone-default.jpg\",\"width\":757,\"height\":900},{\"@type\":\"BreadcrumbList\",\"@id\":\"https:\/\/woo-themes-plugins.com\/de\/produkt\/konigreich-amazon-affiliate-woocommerce-theme-thema-mit-woozone-kompatibel\/#breadcrumb\",\"itemListElement\":[{\"@type\":\"ListItem\",\"position\":1,\"name\":\"Accueil\",\"item\":\"https:\/\/woo-themes-plugins.com\/fr\/\"},{\"@type\":\"ListItem\",\"position\":2,\"name\":\"Shop\",\"item\":\"https:\/\/woo-themes-plugins.com\/shop\/\"},{\"@type\":\"ListItem\",\"position\":3,\"name\":\"K\u00f6nigreich &#8211; Amazon Affiliate WooCommerce Theme &#8211; Thema mit WooZone kompatibel\"}]},{\"@type\":\"WebSite\",\"@id\":\"https:\/\/woo-themes-plugins.com\/it\/#website\",\"url\":\"https:\/\/woo-themes-plugins.com\/it\/\",\"name\":\"Woo-themes-plugins.com\",\"description\":\"Tous les th\u00e8mes et plugins WooCommerce Premium\",\"potentialAction\":[{\"@type\":\"SearchAction\",\"target\":{\"@type\":\"EntryPoint\",\"urlTemplate\":\"https:\/\/woo-themes-plugins.com\/it\/?s={search_term_string}\"},\"query-input\":\"required name=search_term_string\"}],\"inLanguage\":\"de\"}]}<\/script>\n<!-- \/ Yoast SEO plugin. -->","yoast_head_json":{"title":"K\u00f6nigreich - Amazon Affiliate WooCommerce Theme - WooZone","description":"Welches WooCommerce-Thema soll bei der Zugeh\u00f6rigkeit zu Amazon verwendet werden? K\u00f6nigreich nat\u00fcrlich! Warum w\u00e4hlen Sie dieses WooCommerce-Design, um Amazon-Partner zu machen? Denn hinter dieser Amazon WooCommerce Vorlage verbergen sich die Entwickler des WooZone Plugins, Nummer 1 f\u00fcr Amazon bei WooCommerce!","robots":{"index":"index","follow":"follow","max-snippet":"max-snippet:-1","max-image-preview":"max-image-preview:large","max-video-preview":"max-video-preview:-1"},"canonical":"https:\/\/woo-themes-plugins.com\/de\/produkt\/konigreich-amazon-affiliate-woocommerce-theme-thema-mit-woozone-kompatibel\/","og_locale":"de_DE","og_type":"article","og_title":"K\u00f6nigreich - Amazon Affiliate WooCommerce Theme - WooZone","og_description":"Welches WooCommerce-Thema soll bei der Zugeh\u00f6rigkeit zu Amazon verwendet werden? K\u00f6nigreich nat\u00fcrlich! Warum w\u00e4hlen Sie dieses WooCommerce-Design, um Amazon-Partner zu machen? Denn hinter dieser Amazon WooCommerce Vorlage verbergen sich die Entwickler des WooZone Plugins, Nummer 1 f\u00fcr Amazon bei WooCommerce!","og_url":"https:\/\/woo-themes-plugins.com\/de\/produkt\/konigreich-amazon-affiliate-woocommerce-theme-thema-mit-woozone-kompatibel\/","og_site_name":"Woo-themes-plugins.com","og_image":[{"width":757,"height":900,"url":"https:\/\/woo-themes-plugins.com\/wp-content\/uploads\/sites\/7\/2018\/03\/woo-themes-plugins-kingdom-theme-woocommerce-affiliation-amazon-theme-compatible-woozone-default.jpg","type":"image\/jpeg"}],"twitter_misc":{"Gesch\u00e4tzte Lesezeit":"1\u00a0Minute"},"schema":{"@context":"https:\/\/schema.org","@graph":[{"@type":"WebPage","@id":"https:\/\/woo-themes-plugins.com\/de\/produkt\/konigreich-amazon-affiliate-woocommerce-theme-thema-mit-woozone-kompatibel\/","url":"https:\/\/woo-themes-plugins.com\/de\/produkt\/konigreich-amazon-affiliate-woocommerce-theme-thema-mit-woozone-kompatibel\/","name":"K\u00f6nigreich - Amazon Affiliate WooCommerce Theme - WooZone","isPartOf":{"@id":"https:\/\/woo-themes-plugins.com\/it\/#website"},"primaryImageOfPage":{"@id":"https:\/\/woo-themes-plugins.com\/de\/produkt\/konigreich-amazon-affiliate-woocommerce-theme-thema-mit-woozone-kompatibel\/#primaryimage"},"image":{"@id":"https:\/\/woo-themes-plugins.com\/de\/produkt\/konigreich-amazon-affiliate-woocommerce-theme-thema-mit-woozone-kompatibel\/#primaryimage"},"thumbnailUrl":"https:\/\/woo-themes-plugins.com\/wp-content\/uploads\/sites\/7\/2018\/03\/woo-themes-plugins-kingdom-theme-woocommerce-affiliation-amazon-theme-compatible-woozone-default.jpg","datePublished":"2018-03-27T08:37:03+00:00","dateModified":"2018-03-27T08:37:03+00:00","description":"Welches WooCommerce-Thema soll bei der Zugeh\u00f6rigkeit zu Amazon verwendet werden? K\u00f6nigreich nat\u00fcrlich! Warum w\u00e4hlen Sie dieses WooCommerce-Design, um Amazon-Partner zu machen? Denn hinter dieser Amazon WooCommerce Vorlage verbergen sich die Entwickler des WooZone Plugins, Nummer 1 f\u00fcr Amazon bei WooCommerce!","breadcrumb":{"@id":"https:\/\/woo-themes-plugins.com\/de\/produkt\/konigreich-amazon-affiliate-woocommerce-theme-thema-mit-woozone-kompatibel\/#breadcrumb"},"inLanguage":"de","potentialAction":[{"@type":"ReadAction","target":["https:\/\/woo-themes-plugins.com\/de\/produkt\/konigreich-amazon-affiliate-woocommerce-theme-thema-mit-woozone-kompatibel\/"]}]},{"@type":"ImageObject","inLanguage":"de","@id":"https:\/\/woo-themes-plugins.com\/de\/produkt\/konigreich-amazon-affiliate-woocommerce-theme-thema-mit-woozone-kompatibel\/#primaryimage","url":"https:\/\/woo-themes-plugins.com\/wp-content\/uploads\/sites\/7\/2018\/03\/woo-themes-plugins-kingdom-theme-woocommerce-affiliation-amazon-theme-compatible-woozone-default.jpg","contentUrl":"https:\/\/woo-themes-plugins.com\/wp-content\/uploads\/sites\/7\/2018\/03\/woo-themes-plugins-kingdom-theme-woocommerce-affiliation-amazon-theme-compatible-woozone-default.jpg","width":757,"height":900},{"@type":"BreadcrumbList","@id":"https:\/\/woo-themes-plugins.com\/de\/produkt\/konigreich-amazon-affiliate-woocommerce-theme-thema-mit-woozone-kompatibel\/#breadcrumb","itemListElement":[{"@type":"ListItem","position":1,"name":"Accueil","item":"https:\/\/woo-themes-plugins.com\/fr\/"},{"@type":"ListItem","position":2,"name":"Shop","item":"https:\/\/woo-themes-plugins.com\/shop\/"},{"@type":"ListItem","position":3,"name":"K\u00f6nigreich &#8211; Amazon Affiliate WooCommerce Theme &#8211; Thema mit WooZone kompatibel"}]},{"@type":"WebSite","@id":"https:\/\/woo-themes-plugins.com\/it\/#website","url":"https:\/\/woo-themes-plugins.com\/it\/","name":"Woo-themes-plugins.com","description":"Tous les th\u00e8mes et plugins WooCommerce Premium","potentialAction":[{"@type":"SearchAction","target":{"@type":"EntryPoint","urlTemplate":"https:\/\/woo-themes-plugins.com\/it\/?s={search_term_string}"},"query-input":"required name=search_term_string"}],"inLanguage":"de"}]}},"_links":{"self":[{"href":"https:\/\/woo-themes-plugins.com\/de\/wp-json\/wp\/v2\/product\/4645","targetHints":{"allow":["GET"]}}],"collection":[{"href":"https:\/\/woo-themes-plugins.com\/de\/wp-json\/wp\/v2\/product"}],"about":[{"href":"https:\/\/woo-themes-plugins.com\/de\/wp-json\/wp\/v2\/types\/product"}],"wp:featuredmedia":[{"embeddable":true,"href":"https:\/\/woo-themes-plugins.com\/de\/wp-json\/wp\/v2\/media\/708"}],"wp:attachment":[{"href":"https:\/\/woo-themes-plugins.com\/de\/wp-json\/wp\/v2\/media?parent=4645"}],"wp:term":[{"taxonomy":"product_cat","embeddable":true,"href":"https:\/\/woo-themes-plugins.com\/de\/wp-json\/wp\/v2\/product_cat?post=4645"},{"taxonomy":"product_tag","embeddable":true,"href":"https:\/\/woo-themes-plugins.com\/de\/wp-json\/wp\/v2\/product_tag?post=4645"}],"curies":[{"name":"wp","href":"https:\/\/api.w.org\/{rel}","templated":true}]}}