{"id":4646,"date":"2018-03-27T09:42:15","date_gmt":"2018-03-27T08:42:15","guid":{"rendered":"https:\/\/woo-themes-plugins.com\/product\/antrieb-woocommerce-business-theme-responsives-thema-portfolio-und-ecommerce\/"},"modified":"2018-03-27T09:42:15","modified_gmt":"2018-03-27T08:42:15","slug":"antrieb-woocommerce-business-theme-responsives-thema-portfolio-und-ecommerce","status":"publish","type":"product","link":"https:\/\/woo-themes-plugins.com\/de\/product\/antrieb-woocommerce-business-theme-responsives-thema-portfolio-und-ecommerce\/","title":{"rendered":"Antrieb &#8211; WooCommerce Business Theme &#8211; Responsives Thema, Portfolio und eCommerce"},"content":{"rendered":"<p><span id=\"result_box\" class=\"\" lang=\"de\"><span title=\"Propulsion est un th\u00e8me WooCommerce responsive, qui a \u00e9t\u00e9 d\u00e9velopp\u00e9 pour convenir \u00e0 la fois aux personnes recherchant un site de type business et eCommerce, mais aussi pour les sites WordPress type portfolio.\">Propulsion ist ein responsives WooCommerce-Theme, das sowohl f\u00fcr die Suche nach einer Business- und E-Commerce-Site entwickelt wurde als auch f\u00fcr WordPress-Sites vom Portfoliotyp. <\/span><span title=\"Ce th\u00e8me a \u00e9t\u00e9 con\u00e7u comme surcouche \u00e0 WooCommerce, mais aussi pour le plugin de forum WordPress bbPress.\">Dieses Thema wurde als Overlayer f\u00fcr WooCommerce konzipiert, aber auch f\u00fcr das WordPress-Forum-Plugin bbPress. <\/span><span title=\"Ce qui vous permettra \u00e9galement d'animer facilement un forum gr\u00e2ce \u00e0 ce th\u00e8me.\n\n\">Dies erm\u00f6glicht Ihnen auch, ein Forum durch dieses Thema zu animieren.<\/p>\n<p><\/span><span title=\"Ce th\u00e8me vient avec pl\u00e9thores d'options de personnalisation.\">Dieses Thema kommt mit einer F\u00fclle von Anpassungsoptionen. <\/span><span title=\"Il te sera possible d'agir sur la couleur, mais aussi le style, les polices de caract\u00e8res, et la mise en page g\u00e9n\u00e9rale de ton site WooCommerce.\">Sie k\u00f6nnen die Farbe, den Stil, die Schriftarten und das Layout Ihrer WooCommerce-Website \u00e4ndern. <\/span><span title=\"Gr\u00e2ce au constructeur de page visuel qui est fournit avec ce th\u00e8me tu pourras facilement choisir entre les 3 types de slideshows diff\u00e9rents, les 21 styles pr\u00e9d\u00e9finis, ou encore les tonnes de polices d'\u00e9criture et de couleurs qui s'offriront \u00e0 toi.\">Mit der visuellen Seite Builder, die mit diesem Thema kommt man leicht zwischen drei verschiedenen Arten von Sachen k\u00f6nnen w\u00e4hlen, die 21 vordefinierte Stile, oder die Tonnen von Schriftarten und Farben, die Ihnen zur Verf\u00fcgung stehen wird. <\/span><span title=\"Si tu es press\u00e9, ce th\u00e8me te permettra d'aller tr\u00e8s vite.\">Wenn Sie es eilig haben, k\u00f6nnen Sie mit diesem Thema sehr schnell gehen. <\/span><span title=\"Tout comme si tu souhaites reprendre la mise en page de chacune des pages, cela sera aussi possible.\n\n\">So als ob Sie das Layout jeder Seite fortsetzen m\u00f6chten, ist es auch m\u00f6glich.<\/p>\n<p><\/span><span title=\"Ce th\u00e8me WooCommerce est orient\u00e9 SEO d\u00e9s sa conception.\">Dieses WooCommerce-Thema ist SEO orientiert an seinem Design. <\/span><span title=\"Ainsi, ce th\u00e8me utilise des balises s\u00e9mantiques valides, tout comme le CSS et le HTML ont \u00e9t\u00e9 pens\u00e9 pour \u00eatre facilement parcourus par les moteurs de recherche.\">Daher verwendet dieses Thema g\u00fcltige semantische Tags, genauso wie CSS und HTML als leicht von Suchmaschinen durchsucht werden. <\/span><span title=\"Chose importante, le contenu est toujours inclus avant le code jug\u00e9 d'une moindre importance.\">Wichtig ist, dass der Inhalt immer vor dem Code enthalten ist, der als weniger wichtig erachtet wird. <\/span><span title=\"Le meilleur exemple pour illustrer cela serait que le contenu de ton article de blog est affich\u00e9 dans le code avant le code de ta sidebar.\">Das beste Beispiel hierf\u00fcr w\u00e4re, dass der Inhalt Ihres Blogposts im Code vor dem Code Ihrer Seitenleiste angezeigt wird. <\/span><span title=\"Tu comprend mieux ?\">Verstehst du besser? <\/span><span title=\"Le but est de signaler aux moteurs de recherche que c'est cette partie qui est vraiment importante sur ton site.\n\n\">Das Ziel ist es, den Suchmaschinen zu zeigen, dass dieser Teil wirklich wichtig auf Ihrer Website ist.<\/p>\n<p><\/span><span title=\"On retrouve dans ce th\u00e8me WooCommerce diff\u00e9rentes options qui sont p\u00eale-m\u00eale :\n\n\u00a0\u00a0\u00a0\u00a0\">Wir finden in diesem Thema WooCommerce verschiedene Optionen, die durcheinander sind:<\/p>\n<p><\/span><span title=\"Un th\u00e8me WooCommerce Responsive\n\u00a0\u00a0\u00a0\u00a0\">Ein responsives WooCommerce-Theme<br \/>\n<\/span><span title=\"Le support de diff\u00e9rents types de billets\n\u00a0\u00a0\u00a0\u00a0\">Unterst\u00fctzung f\u00fcr verschiedene Arten von Banknoten<br \/>\n<\/span><span title=\"L'insertion de multiples slideshows\n\u00a0\u00a0\u00a0\u00a0\">Einf\u00fcgen mehrerer Diashows<br \/>\n<\/span><span title=\"Support des vid\u00e9os en HTML5\n\u00a0\u00a0\u00a0\u00a0\">Unterst\u00fctzen Sie Videos in HTML5<br \/>\n<\/span><span title=\"Compatible WooCommerce Multilingue\n\u00a0\u00a0\u00a0\u00a0\">Mehrsprachiger WooCommerce Support<br \/>\n<\/span><span title=\"Utilisation de sidebar unique par type de page\n\u00a0\u00a0\u00a0\u00a0\">Einzelne Seitenleiste nach Seitentyp verwenden<br \/>\n<\/span><span title=\"\u00c9diteur de shortcode visuel\n\u00a0\u00a0\u00a0\u00a0\">Visueller Kurzwahleditor<br \/>\n<\/span><span title=\"Widgets personnalis\u00e9s (Twitter, facebook, news, Rss...)\n\n\">Benutzerdefinierte Widgets (Twitter, Facebook, Nachrichten, Rss &#8230;)<\/p>\n<p><\/span><span title=\"On appr\u00e9ciera dans cette liste que ce th\u00e8me WooCommerce soit multilingue est compatible avec le plus c\u00e9l\u00e8bre plugin de traduction WooCommerce.\">Wir werden in dieser Liste zu sch\u00e4tzen wissen, dass dieses Thema WooCommerce mehrsprachig ist kompatibel mit dem ber\u00fchmtesten WooCommerce \u00dcbersetzungs-Plugin. <\/span><span title=\"Par d\u00e9faut, ce th\u00e8me vient traduit en 4 langues diff\u00e9rentes.\n\n\">Standardm\u00e4\u00dfig wird dieses Thema in 4 verschiedene Sprachen \u00fcbersetzt.<\/p>\n<p><\/span><span title=\"Enfin, bien que cela ne concerne pas directement la qualit\u00e9 de ce th\u00e8me, un support de qualit\u00e9 est offert par le concepteur de ce th\u00e8me WooCommerce.\">Obwohl dies nicht direkt die Qualit\u00e4t dieses Themas betrifft, bietet der Designer dieses Themas, WooCommerce, eine qualitativ hochwertige Unterst\u00fctzung an.<\/span><\/span><\/p>\n","protected":false},"excerpt":{"rendered":"<p><span id=\"result_box\" class=\"\" lang=\"de\">Antrieb ist ein Thema, das im Jahr 2011 begann. Seitdem ist viel Wasser unter den Br\u00fccken geflossen. Der Antrieb ist zu dem geworden, was ich hybrides Thema nennen k\u00f6nnte. Hybrid zwischen einer Showcase-Site und einer E-Commerce-Site. Wenn die Idee, den Arsch zwischen zwei St\u00fchlen zu haben, auf den ersten Blick kontraproduktiv erscheinen mag, stellt sich heraus, dass Propulsion ein sehr spezifisches Bed\u00fcrfnis in der Welt des eCommerce erf\u00fcllt: Unternehmen, die ein paar kleine Produkte auf dem Gel\u00e4nde des e Unternehmen. Ein Fall viel h\u00e4ufiger als man denken w\u00fcrde.<\/span><\/p>\n","protected":false},"featured_media":629,"template":"","meta":{"_monsterinsights_skip_tracking":false,"_monsterinsights_sitenote_active":false,"_monsterinsights_sitenote_note":"","_monsterinsights_sitenote_category":0},"product_cat":[209],"product_tag":[1043,1057,1116,1086,1054,1065,1119,1110],"class_list":["post-4646","product","type-product","status-publish","has-post-thumbnail","hentry","product_cat-woocommerce-thema-de","product_tag-anfanger-woocommerce","product_tag-personalisierbare-woocommerce-themen","product_tag-willkommener-installation-ein-klick","product_tag-woocommerce-bekleidungsgeschaft","product_tag-woocommerce-kompatible-multisite","product_tag-woocommerce-responsive-de","product_tag-woocommerce-thema-mit-blog","product_tag-woocommerce-thema-mit-builder-de","pa_dev-woo-plugin-theme-kriesi-de","pa_marketplace-woocommerce-themeforest-net-de"],"yoast_head":"<!-- This site is optimized with the Yoast SEO plugin v23.1 - https:\/\/yoast.com\/wordpress\/plugins\/seo\/ -->\n<title>Propulsion - WooCommerce Business Theme - Responsive &amp; Portfolio<\/title>\n<meta name=\"robots\" content=\"index, follow, max-snippet:-1, max-image-preview:large, max-video-preview:-1\" \/>\n<link rel=\"canonical\" href=\"https:\/\/woo-themes-plugins.com\/de\/produkt\/antrieb-woocommerce-business-theme-responsives-thema-portfolio-und-ecommerce\/\" \/>\n<meta property=\"og:locale\" content=\"de_DE\" \/>\n<meta property=\"og:type\" content=\"article\" \/>\n<meta property=\"og:title\" content=\"Propulsion - WooCommerce Business Theme - Responsive &amp; Portfolio\" \/>\n<meta property=\"og:description\" content=\"Antrieb ist ein Thema, das im Jahr 2011 begann. Seitdem ist viel Wasser unter den Br\u00fccken geflossen. Der Antrieb ist zu dem geworden, was ich hybrides Thema nennen k\u00f6nnte. Hybrid zwischen einer Showcase-Site und einer E-Commerce-Site. Wenn die Idee, den Arsch zwischen zwei St\u00fchlen zu haben, auf den ersten Blick kontraproduktiv erscheinen mag, stellt sich heraus, dass Propulsion ein sehr spezifisches Bed\u00fcrfnis in der Welt des eCommerce erf\u00fcllt: Unternehmen, die ein paar kleine Produkte auf dem Gel\u00e4nde des e Unternehmen. Ein Fall viel h\u00e4ufiger als man denken w\u00fcrde.\" \/>\n<meta property=\"og:url\" content=\"https:\/\/woo-themes-plugins.com\/de\/produkt\/antrieb-woocommerce-business-theme-responsives-thema-portfolio-und-ecommerce\/\" \/>\n<meta property=\"og:site_name\" content=\"Woo-themes-plugins.com\" \/>\n<meta property=\"og:image\" content=\"https:\/\/woo-themes-plugins.com\/wp-content\/uploads\/sites\/7\/2018\/03\/woo-themes-plugins-propulsion-theme-woocommerce-busines-theme-responsive-portfolio-ecommerce-blanc.jpg.jpg\" \/>\n\t<meta property=\"og:image:width\" content=\"776\" \/>\n\t<meta property=\"og:image:height\" content=\"900\" \/>\n\t<meta property=\"og:image:type\" content=\"image\/jpeg\" \/>\n<meta name=\"twitter:label1\" content=\"Gesch\u00e4tzte Lesezeit\" \/>\n\t<meta name=\"twitter:data1\" content=\"2\u00a0Minuten\" \/>\n<script type=\"application\/ld+json\" class=\"yoast-schema-graph\">{\"@context\":\"https:\/\/schema.org\",\"@graph\":[{\"@type\":\"WebPage\",\"@id\":\"https:\/\/woo-themes-plugins.com\/de\/produkt\/antrieb-woocommerce-business-theme-responsives-thema-portfolio-und-ecommerce\/\",\"url\":\"https:\/\/woo-themes-plugins.com\/de\/produkt\/antrieb-woocommerce-business-theme-responsives-thema-portfolio-und-ecommerce\/\",\"name\":\"Propulsion - WooCommerce Business Theme - Responsive & Portfolio\",\"isPartOf\":{\"@id\":\"https:\/\/woo-themes-plugins.com\/it\/#website\"},\"primaryImageOfPage\":{\"@id\":\"https:\/\/woo-themes-plugins.com\/de\/produkt\/antrieb-woocommerce-business-theme-responsives-thema-portfolio-und-ecommerce\/#primaryimage\"},\"image\":{\"@id\":\"https:\/\/woo-themes-plugins.com\/de\/produkt\/antrieb-woocommerce-business-theme-responsives-thema-portfolio-und-ecommerce\/#primaryimage\"},\"thumbnailUrl\":\"https:\/\/woo-themes-plugins.com\/wp-content\/uploads\/sites\/7\/2018\/03\/woo-themes-plugins-propulsion-theme-woocommerce-busines-theme-responsive-portfolio-ecommerce-blanc.jpg.jpg\",\"datePublished\":\"2018-03-27T08:42:15+00:00\",\"dateModified\":\"2018-03-27T08:42:15+00:00\",\"breadcrumb\":{\"@id\":\"https:\/\/woo-themes-plugins.com\/de\/produkt\/antrieb-woocommerce-business-theme-responsives-thema-portfolio-und-ecommerce\/#breadcrumb\"},\"inLanguage\":\"de\",\"potentialAction\":[{\"@type\":\"ReadAction\",\"target\":[\"https:\/\/woo-themes-plugins.com\/de\/produkt\/antrieb-woocommerce-business-theme-responsives-thema-portfolio-und-ecommerce\/\"]}]},{\"@type\":\"ImageObject\",\"inLanguage\":\"de\",\"@id\":\"https:\/\/woo-themes-plugins.com\/de\/produkt\/antrieb-woocommerce-business-theme-responsives-thema-portfolio-und-ecommerce\/#primaryimage\",\"url\":\"https:\/\/woo-themes-plugins.com\/wp-content\/uploads\/sites\/7\/2018\/03\/woo-themes-plugins-propulsion-theme-woocommerce-busines-theme-responsive-portfolio-ecommerce-blanc.jpg.jpg\",\"contentUrl\":\"https:\/\/woo-themes-plugins.com\/wp-content\/uploads\/sites\/7\/2018\/03\/woo-themes-plugins-propulsion-theme-woocommerce-busines-theme-responsive-portfolio-ecommerce-blanc.jpg.jpg\",\"width\":776,\"height\":900},{\"@type\":\"BreadcrumbList\",\"@id\":\"https:\/\/woo-themes-plugins.com\/de\/produkt\/antrieb-woocommerce-business-theme-responsives-thema-portfolio-und-ecommerce\/#breadcrumb\",\"itemListElement\":[{\"@type\":\"ListItem\",\"position\":1,\"name\":\"Accueil\",\"item\":\"https:\/\/woo-themes-plugins.com\/fr\/\"},{\"@type\":\"ListItem\",\"position\":2,\"name\":\"Shop\",\"item\":\"https:\/\/woo-themes-plugins.com\/shop\/\"},{\"@type\":\"ListItem\",\"position\":3,\"name\":\"Antrieb &#8211; WooCommerce Business Theme &#8211; Responsives Thema, Portfolio und eCommerce\"}]},{\"@type\":\"WebSite\",\"@id\":\"https:\/\/woo-themes-plugins.com\/it\/#website\",\"url\":\"https:\/\/woo-themes-plugins.com\/it\/\",\"name\":\"Woo-themes-plugins.com\",\"description\":\"Tous les th\u00e8mes et plugins WooCommerce Premium\",\"potentialAction\":[{\"@type\":\"SearchAction\",\"target\":{\"@type\":\"EntryPoint\",\"urlTemplate\":\"https:\/\/woo-themes-plugins.com\/it\/?s={search_term_string}\"},\"query-input\":\"required name=search_term_string\"}],\"inLanguage\":\"de\"}]}<\/script>\n<!-- \/ Yoast SEO plugin. -->","yoast_head_json":{"title":"Propulsion - WooCommerce Business Theme - Responsive & Portfolio","robots":{"index":"index","follow":"follow","max-snippet":"max-snippet:-1","max-image-preview":"max-image-preview:large","max-video-preview":"max-video-preview:-1"},"canonical":"https:\/\/woo-themes-plugins.com\/de\/produkt\/antrieb-woocommerce-business-theme-responsives-thema-portfolio-und-ecommerce\/","og_locale":"de_DE","og_type":"article","og_title":"Propulsion - WooCommerce Business Theme - Responsive & Portfolio","og_description":"Antrieb ist ein Thema, das im Jahr 2011 begann. Seitdem ist viel Wasser unter den Br\u00fccken geflossen. Der Antrieb ist zu dem geworden, was ich hybrides Thema nennen k\u00f6nnte. Hybrid zwischen einer Showcase-Site und einer E-Commerce-Site. Wenn die Idee, den Arsch zwischen zwei St\u00fchlen zu haben, auf den ersten Blick kontraproduktiv erscheinen mag, stellt sich heraus, dass Propulsion ein sehr spezifisches Bed\u00fcrfnis in der Welt des eCommerce erf\u00fcllt: Unternehmen, die ein paar kleine Produkte auf dem Gel\u00e4nde des e Unternehmen. Ein Fall viel h\u00e4ufiger als man denken w\u00fcrde.","og_url":"https:\/\/woo-themes-plugins.com\/de\/produkt\/antrieb-woocommerce-business-theme-responsives-thema-portfolio-und-ecommerce\/","og_site_name":"Woo-themes-plugins.com","og_image":[{"width":776,"height":900,"url":"https:\/\/woo-themes-plugins.com\/wp-content\/uploads\/sites\/7\/2018\/03\/woo-themes-plugins-propulsion-theme-woocommerce-busines-theme-responsive-portfolio-ecommerce-blanc.jpg.jpg","type":"image\/jpeg"}],"twitter_misc":{"Gesch\u00e4tzte Lesezeit":"2\u00a0Minuten"},"schema":{"@context":"https:\/\/schema.org","@graph":[{"@type":"WebPage","@id":"https:\/\/woo-themes-plugins.com\/de\/produkt\/antrieb-woocommerce-business-theme-responsives-thema-portfolio-und-ecommerce\/","url":"https:\/\/woo-themes-plugins.com\/de\/produkt\/antrieb-woocommerce-business-theme-responsives-thema-portfolio-und-ecommerce\/","name":"Propulsion - WooCommerce Business Theme - Responsive & Portfolio","isPartOf":{"@id":"https:\/\/woo-themes-plugins.com\/it\/#website"},"primaryImageOfPage":{"@id":"https:\/\/woo-themes-plugins.com\/de\/produkt\/antrieb-woocommerce-business-theme-responsives-thema-portfolio-und-ecommerce\/#primaryimage"},"image":{"@id":"https:\/\/woo-themes-plugins.com\/de\/produkt\/antrieb-woocommerce-business-theme-responsives-thema-portfolio-und-ecommerce\/#primaryimage"},"thumbnailUrl":"https:\/\/woo-themes-plugins.com\/wp-content\/uploads\/sites\/7\/2018\/03\/woo-themes-plugins-propulsion-theme-woocommerce-busines-theme-responsive-portfolio-ecommerce-blanc.jpg.jpg","datePublished":"2018-03-27T08:42:15+00:00","dateModified":"2018-03-27T08:42:15+00:00","breadcrumb":{"@id":"https:\/\/woo-themes-plugins.com\/de\/produkt\/antrieb-woocommerce-business-theme-responsives-thema-portfolio-und-ecommerce\/#breadcrumb"},"inLanguage":"de","potentialAction":[{"@type":"ReadAction","target":["https:\/\/woo-themes-plugins.com\/de\/produkt\/antrieb-woocommerce-business-theme-responsives-thema-portfolio-und-ecommerce\/"]}]},{"@type":"ImageObject","inLanguage":"de","@id":"https:\/\/woo-themes-plugins.com\/de\/produkt\/antrieb-woocommerce-business-theme-responsives-thema-portfolio-und-ecommerce\/#primaryimage","url":"https:\/\/woo-themes-plugins.com\/wp-content\/uploads\/sites\/7\/2018\/03\/woo-themes-plugins-propulsion-theme-woocommerce-busines-theme-responsive-portfolio-ecommerce-blanc.jpg.jpg","contentUrl":"https:\/\/woo-themes-plugins.com\/wp-content\/uploads\/sites\/7\/2018\/03\/woo-themes-plugins-propulsion-theme-woocommerce-busines-theme-responsive-portfolio-ecommerce-blanc.jpg.jpg","width":776,"height":900},{"@type":"BreadcrumbList","@id":"https:\/\/woo-themes-plugins.com\/de\/produkt\/antrieb-woocommerce-business-theme-responsives-thema-portfolio-und-ecommerce\/#breadcrumb","itemListElement":[{"@type":"ListItem","position":1,"name":"Accueil","item":"https:\/\/woo-themes-plugins.com\/fr\/"},{"@type":"ListItem","position":2,"name":"Shop","item":"https:\/\/woo-themes-plugins.com\/shop\/"},{"@type":"ListItem","position":3,"name":"Antrieb &#8211; WooCommerce Business Theme &#8211; Responsives Thema, Portfolio und eCommerce"}]},{"@type":"WebSite","@id":"https:\/\/woo-themes-plugins.com\/it\/#website","url":"https:\/\/woo-themes-plugins.com\/it\/","name":"Woo-themes-plugins.com","description":"Tous les th\u00e8mes et plugins WooCommerce Premium","potentialAction":[{"@type":"SearchAction","target":{"@type":"EntryPoint","urlTemplate":"https:\/\/woo-themes-plugins.com\/it\/?s={search_term_string}"},"query-input":"required name=search_term_string"}],"inLanguage":"de"}]}},"_links":{"self":[{"href":"https:\/\/woo-themes-plugins.com\/de\/wp-json\/wp\/v2\/product\/4646","targetHints":{"allow":["GET"]}}],"collection":[{"href":"https:\/\/woo-themes-plugins.com\/de\/wp-json\/wp\/v2\/product"}],"about":[{"href":"https:\/\/woo-themes-plugins.com\/de\/wp-json\/wp\/v2\/types\/product"}],"wp:featuredmedia":[{"embeddable":true,"href":"https:\/\/woo-themes-plugins.com\/de\/wp-json\/wp\/v2\/media\/629"}],"wp:attachment":[{"href":"https:\/\/woo-themes-plugins.com\/de\/wp-json\/wp\/v2\/media?parent=4646"}],"wp:term":[{"taxonomy":"product_cat","embeddable":true,"href":"https:\/\/woo-themes-plugins.com\/de\/wp-json\/wp\/v2\/product_cat?post=4646"},{"taxonomy":"product_tag","embeddable":true,"href":"https:\/\/woo-themes-plugins.com\/de\/wp-json\/wp\/v2\/product_tag?post=4646"}],"curies":[{"name":"wp","href":"https:\/\/api.w.org\/{rel}","templated":true}]}}