{"id":4647,"date":"2018-03-27T09:48:16","date_gmt":"2018-03-27T08:48:16","guid":{"rendered":"https:\/\/woo-themes-plugins.com\/product\/nitro-universal-woocommerce-theme-gut-physikalisches-thema-herunterladen\/"},"modified":"2018-03-27T09:48:16","modified_gmt":"2018-03-27T08:48:16","slug":"nitro-universal-woocommerce-theme-gut-physikalisches-thema-herunterladen","status":"publish","type":"product","link":"https:\/\/woo-themes-plugins.com\/de\/product\/nitro-universal-woocommerce-theme-gut-physikalisches-thema-herunterladen\/","title":{"rendered":"Nitro &#8211; Universal WooCommerce Theme &#8211; Gut Physikalisches Thema &amp; amp; Herunterladen"},"content":{"rendered":"<p><span id=\"result_box\" class=\"\" lang=\"de\"><span title=\"Nitro est un th\u00e8me WooCommerce compatible avec la derni\u00e8re version du plugin de eCommerce WordPress.\n\n\">Nitro ist ein WooCommerce-Theme, das mit der neuesten Version des WordPress eCommerce-Plugins kompatibel ist.<\/p>\n<p><\/span><span title=\"Ce th\u00e8me WooCommerce est aussi compatible avec bbPress et BuddyPress.\n\n\">Dieses WooCommerce Theme ist auch mit bbPress und BuddyPress kompatibel.<\/p>\n<p><\/span><span title=\"Nitro a \u00e9t\u00e9 con\u00e7u pour nous permettre de le personnaliser simplement gr\u00e2ce \u00e0 l'interface de personnalisation par d\u00e9faut de WordPress.\">Nitro wurde so konzipiert, dass wir es einfach \u00fcber die Standardanpassungsoberfl\u00e4che von WordPress anpassen k\u00f6nnen. <\/span><span title=\"Ainsi, tous les param\u00e8tres de votre site WooCommerce se retrouveront au m\u00eame endroit.\">Somit werden alle Parameter Ihrer WooCommerce-Site an der gleichen Stelle sein. <\/span><span title=\"Afin de pousser la personnalisation plus loin, ce th\u00e8me WooCommerce nous offre la possibilit\u00e9 de choisir entre 4 mises en pages diff\u00e9rentes rien que pour les cat\u00e9gories de produit.\">Um die Anpassung weiter voranzutreiben, bietet dieses Thema WooCommerce die M\u00f6glichkeit, zwischen 4 verschiedenen Layouts nur f\u00fcr Produktkategorien zu w\u00e4hlen. <\/span><span title=\"Lorsqu'on s'int\u00e9resse \u00e0 la mise en page des pages produits, ce n'est pas moins 10 mises en pages diff\u00e9rentes qui s'offrent \u00e0 nous.\n\n\">Wenn wir am Layout der produzierten Seiten interessiert sind, stehen uns nicht weniger als 10 verschiedene Layouts zur Verf\u00fcgung.<\/p>\n<p><\/span><span title=\"D'un point de vue eCommerce, ce th\u00e8me int\u00e8gre des fonctions suppl\u00e9mentaires comme une fonctionnalit\u00e9 de quick view, un zoom puissant et agr\u00e9able sur les images produits, une gestion graphique des soldes, ainsi qu'un bouton Acheter maintenant.\n\n\">Aus der E-Commerce-Perspektive enth\u00e4lt dieses Thema zus\u00e4tzliche Funktionen wie eine Schnellansichtsfunktion, eine leistungsstarke und angenehme Zoomfunktion f\u00fcr Produktbilder, eine grafische Verkaufsverwaltung und eine Schaltfl\u00e4che &#8222;Jetzt kaufen&#8220;.<\/p>\n<p><\/span><span title=\"Pour ce qui est des shortcodes, ce th\u00e8mes WooCommerce n'est pas en reste avec plus de 36 familles diff\u00e9rentes de shortcodes, allant des shortcodes WooCommerce aux shortcodes de pr\u00e9sentations propres \u00e0 ce th\u00e8me.\n\n\">In Bezug auf Shortcodes, dieses Thema WooCommerce ist nicht mit mehr als 36 verschiedenen Familien von Shortcodes, von Shortcodes WooCommerce Shortcodes Pr\u00e4sentationen zu diesem Thema.<\/p>\n<p><\/span><span title=\"On appr\u00e9ciera aussi la pr\u00e9sence de plugin premium inclus (dont la valeur d\u00e9passe les 260$) comme Visual Composer, WOOF Products Filter, Ninja Popup, Revolution Slider... La liste n'est pas termin\u00e9e !\n\n\">Wir sch\u00e4tzen auch das Vorhandensein von Premium-Plugin enthalten (deren Wert 260 $ \u00fcbersteigt) als Visual Composer, WOOF-Filter-Produkte, Ninja Popup, Revolution Slider &#8230; Die Liste ist nicht vollst\u00e4ndig!<\/p>\n<p><\/span><span title=\"Ce th\u00e8me est aussi anim\u00e9 par des plugins d\u00e9velopp\u00e9 par le concepteur de ce th\u00e8me comme la possibilit\u00e9 d'obtenir une r\u00e9duction apr\u00e8s avoir partag\u00e9 son lien sur les r\u00e9seaux sociaux.\n\n\">Dieses Thema wird auch durch Plugins animiert, die vom Designer dieses Themas als M\u00f6glichkeit entwickelt wurden, einen Rabatt zu erhalten, nachdem er seinen Link in sozialen Netzwerken geteilt hat.<\/p>\n<p><\/span><span title=\"V\u00e9ritable couteau suisse du th\u00e8me WooCommerce, ce n'est pas moins de 25 mises en pages diff\u00e9rentes qui te permettrons de cr\u00e9er autant de style de sites WooCommerce que tu le souhaites.\">Wahres Schweizer Taschenmesser des Themas WooCommerce, es sind nicht weniger als 25 verschiedene Layouts, mit denen Sie so viele Stile von WooCommerce-Sites erstellen k\u00f6nnen, wie Sie m\u00f6chten. <\/span><span title=\"Regardes plut\u00f4t cette liste impressionnante : Site de lingerie, site de luxe, site de mode, site avec un produit unique, site de sport...\">Schauen Sie sich diese beeindruckende Liste an: Dessous-Website, Luxus-Website, Mode-Website, Website mit einem einzigartigen Produkt, Sport-Website &#8230;<\/span><\/span><\/p>\n","protected":false},"excerpt":{"rendered":"<p><span id=\"result_box\" class=\"\" lang=\"de\">Nitro ist ein WooCommerce-Theme, das entwickelt wurde, um alle mit WooCommerce erstellten E-Commerce-Sites zu verkleiden. Ob Sie nun physische G\u00fcter oder dematerialisierte G\u00fcter zum Download anbieten m\u00f6chten, mit diesem WooCommerce-Thema k\u00f6nnen Sie das viel einfacher machen. Mit Nitro haben wir das Vergn\u00fcgen, ein WooCommerce-Thema mit UX-orientiertem Design, robuster Leistung und einzigartigen Funktionen f\u00fcr die eCommerce-Welt zu haben.<\/span><\/p>\n","protected":false},"featured_media":574,"template":"","meta":{"_monsterinsights_skip_tracking":false,"_monsterinsights_sitenote_active":false,"_monsterinsights_sitenote_note":"","_monsterinsights_sitenote_category":0},"product_cat":[209],"product_tag":[1043,1057,1116,1086,1054,1065,1119,1110],"class_list":["post-4647","product","type-product","status-publish","has-post-thumbnail","hentry","product_cat-woocommerce-thema-de","product_tag-anfanger-woocommerce","product_tag-personalisierbare-woocommerce-themen","product_tag-willkommener-installation-ein-klick","product_tag-woocommerce-bekleidungsgeschaft","product_tag-woocommerce-kompatible-multisite","product_tag-woocommerce-responsive-de","product_tag-woocommerce-thema-mit-blog","product_tag-woocommerce-thema-mit-builder-de","pa_dev-woo-plugin-theme-woorockets-de","pa_marketplace-woocommerce-themeforest-net-de"],"yoast_head":"<!-- This site is optimized with the Yoast SEO plugin v23.1 - https:\/\/yoast.com\/wordpress\/plugins\/seo\/ -->\n<title>Nitro - Universelles WooCommerce-Thema<\/title>\n<meta name=\"robots\" content=\"index, follow, max-snippet:-1, max-image-preview:large, max-video-preview:-1\" \/>\n<link rel=\"canonical\" href=\"https:\/\/woo-themes-plugins.com\/de\/produkt\/nitro-universal-woocommerce-theme-gut-physikalisches-thema-herunterladen\/\" \/>\n<meta property=\"og:locale\" content=\"de_DE\" \/>\n<meta property=\"og:type\" content=\"article\" \/>\n<meta property=\"og:title\" content=\"Nitro - Universelles WooCommerce-Thema\" \/>\n<meta property=\"og:description\" content=\"Nitro ist ein WooCommerce-Theme, das entwickelt wurde, um alle mit WooCommerce erstellten E-Commerce-Sites zu verkleiden. Ob Sie nun physische G\u00fcter oder dematerialisierte G\u00fcter zum Download anbieten m\u00f6chten, mit diesem WooCommerce-Thema k\u00f6nnen Sie das viel einfacher machen. Mit Nitro haben wir das Vergn\u00fcgen, ein WooCommerce-Thema mit UX-orientiertem Design, robuster Leistung und einzigartigen Funktionen f\u00fcr die eCommerce-Welt zu haben.\" \/>\n<meta property=\"og:url\" content=\"https:\/\/woo-themes-plugins.com\/de\/produkt\/nitro-universal-woocommerce-theme-gut-physikalisches-thema-herunterladen\/\" \/>\n<meta property=\"og:site_name\" content=\"Woo-themes-plugins.com\" \/>\n<meta property=\"og:image\" content=\"https:\/\/woo-themes-plugins.com\/wp-content\/uploads\/sites\/7\/2018\/03\/woo-themes-plugins-nitro-theme-woocommerce-universel-theme-bien-physique-telechargement-lingerie-7-1.jpg\" \/>\n\t<meta property=\"og:image:width\" content=\"783\" \/>\n\t<meta property=\"og:image:height\" content=\"900\" \/>\n\t<meta property=\"og:image:type\" content=\"image\/jpeg\" \/>\n<meta name=\"twitter:label1\" content=\"Gesch\u00e4tzte Lesezeit\" \/>\n\t<meta name=\"twitter:data1\" content=\"1\u00a0Minute\" \/>\n<script type=\"application\/ld+json\" class=\"yoast-schema-graph\">{\"@context\":\"https:\/\/schema.org\",\"@graph\":[{\"@type\":\"WebPage\",\"@id\":\"https:\/\/woo-themes-plugins.com\/de\/produkt\/nitro-universal-woocommerce-theme-gut-physikalisches-thema-herunterladen\/\",\"url\":\"https:\/\/woo-themes-plugins.com\/de\/produkt\/nitro-universal-woocommerce-theme-gut-physikalisches-thema-herunterladen\/\",\"name\":\"Nitro - Universelles WooCommerce-Thema\",\"isPartOf\":{\"@id\":\"https:\/\/woo-themes-plugins.com\/it\/#website\"},\"primaryImageOfPage\":{\"@id\":\"https:\/\/woo-themes-plugins.com\/de\/produkt\/nitro-universal-woocommerce-theme-gut-physikalisches-thema-herunterladen\/#primaryimage\"},\"image\":{\"@id\":\"https:\/\/woo-themes-plugins.com\/de\/produkt\/nitro-universal-woocommerce-theme-gut-physikalisches-thema-herunterladen\/#primaryimage\"},\"thumbnailUrl\":\"https:\/\/woo-themes-plugins.com\/wp-content\/uploads\/sites\/7\/2018\/03\/woo-themes-plugins-nitro-theme-woocommerce-universel-theme-bien-physique-telechargement-lingerie-7-1.jpg\",\"datePublished\":\"2018-03-27T08:48:16+00:00\",\"dateModified\":\"2018-03-27T08:48:16+00:00\",\"breadcrumb\":{\"@id\":\"https:\/\/woo-themes-plugins.com\/de\/produkt\/nitro-universal-woocommerce-theme-gut-physikalisches-thema-herunterladen\/#breadcrumb\"},\"inLanguage\":\"de\",\"potentialAction\":[{\"@type\":\"ReadAction\",\"target\":[\"https:\/\/woo-themes-plugins.com\/de\/produkt\/nitro-universal-woocommerce-theme-gut-physikalisches-thema-herunterladen\/\"]}]},{\"@type\":\"ImageObject\",\"inLanguage\":\"de\",\"@id\":\"https:\/\/woo-themes-plugins.com\/de\/produkt\/nitro-universal-woocommerce-theme-gut-physikalisches-thema-herunterladen\/#primaryimage\",\"url\":\"https:\/\/woo-themes-plugins.com\/wp-content\/uploads\/sites\/7\/2018\/03\/woo-themes-plugins-nitro-theme-woocommerce-universel-theme-bien-physique-telechargement-lingerie-7-1.jpg\",\"contentUrl\":\"https:\/\/woo-themes-plugins.com\/wp-content\/uploads\/sites\/7\/2018\/03\/woo-themes-plugins-nitro-theme-woocommerce-universel-theme-bien-physique-telechargement-lingerie-7-1.jpg\",\"width\":783,\"height\":900},{\"@type\":\"BreadcrumbList\",\"@id\":\"https:\/\/woo-themes-plugins.com\/de\/produkt\/nitro-universal-woocommerce-theme-gut-physikalisches-thema-herunterladen\/#breadcrumb\",\"itemListElement\":[{\"@type\":\"ListItem\",\"position\":1,\"name\":\"Accueil\",\"item\":\"https:\/\/woo-themes-plugins.com\/fr\/\"},{\"@type\":\"ListItem\",\"position\":2,\"name\":\"Shop\",\"item\":\"https:\/\/woo-themes-plugins.com\/shop\/\"},{\"@type\":\"ListItem\",\"position\":3,\"name\":\"Nitro &#8211; Universal WooCommerce Theme &#8211; Gut Physikalisches Thema &amp; amp; Herunterladen\"}]},{\"@type\":\"WebSite\",\"@id\":\"https:\/\/woo-themes-plugins.com\/it\/#website\",\"url\":\"https:\/\/woo-themes-plugins.com\/it\/\",\"name\":\"Woo-themes-plugins.com\",\"description\":\"Tous les th\u00e8mes et plugins WooCommerce Premium\",\"potentialAction\":[{\"@type\":\"SearchAction\",\"target\":{\"@type\":\"EntryPoint\",\"urlTemplate\":\"https:\/\/woo-themes-plugins.com\/it\/?s={search_term_string}\"},\"query-input\":\"required name=search_term_string\"}],\"inLanguage\":\"de\"}]}<\/script>\n<!-- \/ Yoast SEO plugin. -->","yoast_head_json":{"title":"Nitro - Universelles WooCommerce-Thema","robots":{"index":"index","follow":"follow","max-snippet":"max-snippet:-1","max-image-preview":"max-image-preview:large","max-video-preview":"max-video-preview:-1"},"canonical":"https:\/\/woo-themes-plugins.com\/de\/produkt\/nitro-universal-woocommerce-theme-gut-physikalisches-thema-herunterladen\/","og_locale":"de_DE","og_type":"article","og_title":"Nitro - Universelles WooCommerce-Thema","og_description":"Nitro ist ein WooCommerce-Theme, das entwickelt wurde, um alle mit WooCommerce erstellten E-Commerce-Sites zu verkleiden. Ob Sie nun physische G\u00fcter oder dematerialisierte G\u00fcter zum Download anbieten m\u00f6chten, mit diesem WooCommerce-Thema k\u00f6nnen Sie das viel einfacher machen. Mit Nitro haben wir das Vergn\u00fcgen, ein WooCommerce-Thema mit UX-orientiertem Design, robuster Leistung und einzigartigen Funktionen f\u00fcr die eCommerce-Welt zu haben.","og_url":"https:\/\/woo-themes-plugins.com\/de\/produkt\/nitro-universal-woocommerce-theme-gut-physikalisches-thema-herunterladen\/","og_site_name":"Woo-themes-plugins.com","og_image":[{"width":783,"height":900,"url":"https:\/\/woo-themes-plugins.com\/wp-content\/uploads\/sites\/7\/2018\/03\/woo-themes-plugins-nitro-theme-woocommerce-universel-theme-bien-physique-telechargement-lingerie-7-1.jpg","type":"image\/jpeg"}],"twitter_misc":{"Gesch\u00e4tzte Lesezeit":"1\u00a0Minute"},"schema":{"@context":"https:\/\/schema.org","@graph":[{"@type":"WebPage","@id":"https:\/\/woo-themes-plugins.com\/de\/produkt\/nitro-universal-woocommerce-theme-gut-physikalisches-thema-herunterladen\/","url":"https:\/\/woo-themes-plugins.com\/de\/produkt\/nitro-universal-woocommerce-theme-gut-physikalisches-thema-herunterladen\/","name":"Nitro - Universelles WooCommerce-Thema","isPartOf":{"@id":"https:\/\/woo-themes-plugins.com\/it\/#website"},"primaryImageOfPage":{"@id":"https:\/\/woo-themes-plugins.com\/de\/produkt\/nitro-universal-woocommerce-theme-gut-physikalisches-thema-herunterladen\/#primaryimage"},"image":{"@id":"https:\/\/woo-themes-plugins.com\/de\/produkt\/nitro-universal-woocommerce-theme-gut-physikalisches-thema-herunterladen\/#primaryimage"},"thumbnailUrl":"https:\/\/woo-themes-plugins.com\/wp-content\/uploads\/sites\/7\/2018\/03\/woo-themes-plugins-nitro-theme-woocommerce-universel-theme-bien-physique-telechargement-lingerie-7-1.jpg","datePublished":"2018-03-27T08:48:16+00:00","dateModified":"2018-03-27T08:48:16+00:00","breadcrumb":{"@id":"https:\/\/woo-themes-plugins.com\/de\/produkt\/nitro-universal-woocommerce-theme-gut-physikalisches-thema-herunterladen\/#breadcrumb"},"inLanguage":"de","potentialAction":[{"@type":"ReadAction","target":["https:\/\/woo-themes-plugins.com\/de\/produkt\/nitro-universal-woocommerce-theme-gut-physikalisches-thema-herunterladen\/"]}]},{"@type":"ImageObject","inLanguage":"de","@id":"https:\/\/woo-themes-plugins.com\/de\/produkt\/nitro-universal-woocommerce-theme-gut-physikalisches-thema-herunterladen\/#primaryimage","url":"https:\/\/woo-themes-plugins.com\/wp-content\/uploads\/sites\/7\/2018\/03\/woo-themes-plugins-nitro-theme-woocommerce-universel-theme-bien-physique-telechargement-lingerie-7-1.jpg","contentUrl":"https:\/\/woo-themes-plugins.com\/wp-content\/uploads\/sites\/7\/2018\/03\/woo-themes-plugins-nitro-theme-woocommerce-universel-theme-bien-physique-telechargement-lingerie-7-1.jpg","width":783,"height":900},{"@type":"BreadcrumbList","@id":"https:\/\/woo-themes-plugins.com\/de\/produkt\/nitro-universal-woocommerce-theme-gut-physikalisches-thema-herunterladen\/#breadcrumb","itemListElement":[{"@type":"ListItem","position":1,"name":"Accueil","item":"https:\/\/woo-themes-plugins.com\/fr\/"},{"@type":"ListItem","position":2,"name":"Shop","item":"https:\/\/woo-themes-plugins.com\/shop\/"},{"@type":"ListItem","position":3,"name":"Nitro &#8211; Universal WooCommerce Theme &#8211; Gut Physikalisches Thema &amp; amp; Herunterladen"}]},{"@type":"WebSite","@id":"https:\/\/woo-themes-plugins.com\/it\/#website","url":"https:\/\/woo-themes-plugins.com\/it\/","name":"Woo-themes-plugins.com","description":"Tous les th\u00e8mes et plugins WooCommerce Premium","potentialAction":[{"@type":"SearchAction","target":{"@type":"EntryPoint","urlTemplate":"https:\/\/woo-themes-plugins.com\/it\/?s={search_term_string}"},"query-input":"required name=search_term_string"}],"inLanguage":"de"}]}},"_links":{"self":[{"href":"https:\/\/woo-themes-plugins.com\/de\/wp-json\/wp\/v2\/product\/4647","targetHints":{"allow":["GET"]}}],"collection":[{"href":"https:\/\/woo-themes-plugins.com\/de\/wp-json\/wp\/v2\/product"}],"about":[{"href":"https:\/\/woo-themes-plugins.com\/de\/wp-json\/wp\/v2\/types\/product"}],"wp:featuredmedia":[{"embeddable":true,"href":"https:\/\/woo-themes-plugins.com\/de\/wp-json\/wp\/v2\/media\/574"}],"wp:attachment":[{"href":"https:\/\/woo-themes-plugins.com\/de\/wp-json\/wp\/v2\/media?parent=4647"}],"wp:term":[{"taxonomy":"product_cat","embeddable":true,"href":"https:\/\/woo-themes-plugins.com\/de\/wp-json\/wp\/v2\/product_cat?post=4647"},{"taxonomy":"product_tag","embeddable":true,"href":"https:\/\/woo-themes-plugins.com\/de\/wp-json\/wp\/v2\/product_tag?post=4647"}],"curies":[{"name":"wp","href":"https:\/\/api.w.org\/{rel}","templated":true}]}}