{"id":4648,"date":"2018-03-27T10:09:52","date_gmt":"2018-03-27T09:09:52","guid":{"rendered":"https:\/\/woo-themes-plugins.com\/product\/mehrsprachiges-woocommerce-woocommerce-ubersetzungs-plugin\/"},"modified":"2018-03-27T10:09:52","modified_gmt":"2018-03-27T09:09:52","slug":"mehrsprachiges-woocommerce-woocommerce-ubersetzungs-plugin","status":"publish","type":"product","link":"https:\/\/woo-themes-plugins.com\/de\/product\/mehrsprachiges-woocommerce-woocommerce-ubersetzungs-plugin\/","title":{"rendered":"Mehrsprachiges WooCommerce &#8211; WooCommerce \u00dcbersetzungs-Plugin"},"content":{"rendered":"<p><span id=\"result_box\" class=\"\" lang=\"de\"><span title=\"Soyons plut\u00f4t limpide dans notre d\u00e9marche.\">Lassen Sie uns in unserem Ansatz klar sein. <\/span><span title=\"Je consid\u00e8re qu'un site WordPress utilisant WooCommerce comme principale source de mise en ligne de contenu sur son site est avant tout un site WooCommerce, reposant sur un composant technologique qu'est WordPress.\">Ich halte eine WordPress-Website WooCommerce Haupt Quelle des Inhalts auf seiner Website ver\u00f6ffentlicht verwendet, ist in erster Linie eine WooCommerce Website, auf der Grundlage einer technischen Komponente, die WordPress ist. <\/span><span title=\"WooCommerce ajoute une couche de fonctionnalit\u00e9 type eCommerce totalement manquante \u00e0 WordPress par d\u00e9faut.\">WooCommerce f\u00fcgt WordPress standardm\u00e4\u00dfig einen vollst\u00e4ndig fehlenden eCommerce-Feature-Layer hinzu. <\/span><span title=\"Cette couche est suffisamment importante pour la consid\u00e9rer \u00e0 part enti\u00e8re.\">Diese Schicht ist wichtig genug, um sie selbst zu betrachten. <\/span><span title=\"J'esp\u00e8re \u00e0 la fois que tu m'as suivie jusqu'ici, et que tu partages ce point de vu.\n\n\">Ich hoffe zur gleichen Zeit, dass Sie mir so weit gefolgt sind, und dass Sie diesen Standpunkt teilen.<\/p>\n<p><\/span><span title=\"Le multilingue, c'est exactement la m\u00eame chose, particuli\u00e8rement lorsqu'on utilise WPML.\">Multilingual ist genau das gleiche, besonders bei der Verwendung von WPML. <\/span><span title=\"Un site WordPress avec WPML devient d\u00e8s lors un site multilingue, utilisant WordPress comme socle technologique.\">Eine WordPress-Website mit WPML wird zu einer mehrsprachigen Website, die WordPress als technologische Basis nutzt. <\/span><span title=\"Le multilingue apporte un tel lot de nouveaut\u00e9s fonctionnels, qu'il est en devient un composant \u00e0 part enti\u00e8re.\n\n\">Das Mehrsprachige bringt so viele funktionale Neuheiten mit sich, dass es zu einer eigenst\u00e4ndigen Komponente wird.<\/p>\n<p><\/span><span title=\"Maintenant, je te laisse imaginer ce qu'est un site WooCommerce Multilingue.\">Lassen Sie mich nun vorstellen, was eine mehrsprachige WooCommerce-Website ist. <\/span><span title=\"La complexit\u00e9 que cela induit en terme de gestion d'un point de vue d\u00e9veloppement de plugin.\">Die Komplexit\u00e4t, die dies aus Sicht der Entwicklung von Plugins mit sich bringt. <\/span><span title=\"Il faut que l'ensemble cohabite parfaitement avec WordPress, mais en plus que ton site WooCommerce communique bien avec ta version multilingue.\n\n\">Es ist notwendig, dass das ganze perfekt mit WordPress zusammenarbeitet, aber dar\u00fcber hinaus kommuniziert Ihre Website WooCommerce gut mit Ihrer mehrsprachigen Version.<\/p>\n<p><\/span><span title=\"Ceci pour te dire que le choix d'un plugin pour avoir un site WooCommerce Multilingue ne se fait pas \u00e0 la l\u00e9g\u00e8re.\">Dies bedeutet, dass die Wahl eines Plugins f\u00fcr eine WooCommerce Multilingual Site nicht leichtfertig ist. <\/span><span title=\"Depuis le d\u00e9but, j'utilise toujours WooCommerce Multilingue, le plugin d\u00e9velopp\u00e9 entre WPML et WooCommerce.\n\n\">Von Anfang an verwende ich immer WooCommerce Multilingual, das Plugin, das zwischen WPML und WooCommerce entwickelt wurde.<\/p>\n<p><\/span><span title=\"Simple d'utilisation, WooCommerce Multilingue est un composant du plus vaste plugin qu'est WPML.\">Einfach zu verwenden, WooCommerce Multilingual ist eine Komponente des gr\u00f6\u00dften Plugin WPML. <\/span><span title=\"Apr\u00e8s installation, tu auras acc\u00e8s \u00e0 un assistant d'installation int\u00e9gr\u00e9 qui va faire tout le boulot pour toi en ce qui concerne l'installation de tous les composants requis.\">Nach der Installation haben Sie Zugriff auf einen integrierten Installationsassistenten, der Ihnen bei der Installation aller erforderlichen Komponenten hilft. <\/span><span title=\"Une fois tout les t\u00e9l\u00e9chargements termin\u00e9, tu vas arriver sur un \u00e9cran de configuration qui va beaucoup te rappeler celui de WooCommerce;\">Sobald alle Downloads abgeschlossen sind, gelangen Sie zu einem Konfigurationsbildschirm, der Sie an WooCommerce erinnert. <\/span><span title=\"j'adore.\">Ich liebe es. <\/span><span title=\"Simple et efficace, il de r\u00e9pondre aux diff\u00e9rentes questions que le configurateur te posera, et la configuration sera faite.\n\n\">Einfach und effektiv, wird es die verschiedenen Fragen beantworten, die der Konfigurator Ihnen stellen wird, und die Konfiguration wird durchgef\u00fchrt.<\/p>\n<p><\/span><span title=\"En plus de te permettre de traduire tes produits dans autant de langues qu'il te plaira, tu pourras traduire l'ensemble de ta boutique, de tes pages, de tes cat\u00e9gories, ou encore tes \u00e9tiquettes.\">Zus\u00e4tzlich dazu, dass Sie Ihre Produkte in so vielen Sprachen \u00fcbersetzen k\u00f6nnen, wie Sie m\u00f6chten, k\u00f6nnen Sie Ihren gesamten Shop, Ihre Seiten, Ihre Kategorien oder Ihre Etiketten \u00fcbersetzen. <\/span><span title=\"Et \u00e7a ne s'arr\u00eate pas l\u00e0 !\">Und damit h\u00f6rt es nicht auf! <\/span><span title=\"Traduction de l'espace client, du tunnel de conversion, traduction des courriels envoy\u00e9s... c'est \u00e7a d'\u00eatre un vrai plugin multilingue pour WooCommerce !\">\u00dcbersetzung des Kundenbereichs, Konvertierungstunnel, \u00dcbersetzung von gesendeten E-Mails &#8230; das ist ein echtes mehrsprachiges Plugin f\u00fcr WooCommerce!<\/span><\/span><\/p>\n","protected":false},"excerpt":{"rendered":"<p><span id=\"result_box\" class=\"\" lang=\"de\">Eine Website \u00fcbersetzen WooCommerce ist nicht auf die \u00dcbersetzung von Produktseiten beschr\u00e4nkt. Ihre gesamte WooCommerce-Site muss \u00fcbersetzt werden, von der Auftragsannahme bis zur Rechnung. WPML bietet seit vielen Jahren sowohl das fortschrittlichste \u00dcbersetzungssystem in der WordPress-Welt als auch ein \u00dcbersetzungsmodul f\u00fcr WooCommerce. WPML und WooCommerce haben sich sehr fr\u00fch zu einem untrennbaren Duo in Sachen eCommerce Mehrsprachige Website mit WordPress zusammengeschlossen.<\/span><\/p>\n","protected":false},"featured_media":2792,"template":"","meta":{"_monsterinsights_skip_tracking":false,"_monsterinsights_sitenote_active":false,"_monsterinsights_sitenote_note":"","_monsterinsights_sitenote_category":0},"product_cat":[208],"product_tag":[1114,1101],"class_list":["post-4648","product","type-product","status-publish","has-post-thumbnail","hentry","product_cat-plugin-woocommerce-de","product_tag-unverzichtbare-woocommerce","product_tag-woocommerce-mehrsprachig-de","pa_dev-woo-plugin-theme-wpml-de","pa_marketplace-woocommerce-wpml-org-de"],"yoast_head":"<!-- This site is optimized with the Yoast SEO plugin v23.1 - https:\/\/yoast.com\/wordpress\/plugins\/seo\/ -->\n<title>Mehrsprachiges WooCommerce - WooCommerce \u00dcbersetzungs-Plugin<\/title>\n<meta name=\"description\" content=\"Wie \u00fcbersetzt man eine WooCommerce-Site? Welches mehrsprachige Plugin f\u00fcr WooCommerce? Wie verwalte ich \u00dcbersetzungen mit WooCommerce? All diese Fragen werden dank dieses offiziellen WooCommerce Multilingual Plugins beantwortet! Dieses WooCommerce Multilingual Plugin beantwortet sogar Fragen, die Sie sich nicht vorstellen k\u00f6nnen;)\" \/>\n<meta name=\"robots\" content=\"index, follow, max-snippet:-1, max-image-preview:large, max-video-preview:-1\" \/>\n<link rel=\"canonical\" href=\"https:\/\/woo-themes-plugins.com\/de\/produkt\/mehrsprachiges-woocommerce-woocommerce-ubersetzungs-plugin\/\" \/>\n<meta property=\"og:locale\" content=\"de_DE\" \/>\n<meta property=\"og:type\" content=\"article\" \/>\n<meta property=\"og:title\" content=\"Mehrsprachiges WooCommerce - WooCommerce \u00dcbersetzungs-Plugin\" \/>\n<meta property=\"og:description\" content=\"Wie \u00fcbersetzt man eine WooCommerce-Site? Welches mehrsprachige Plugin f\u00fcr WooCommerce? Wie verwalte ich \u00dcbersetzungen mit WooCommerce? All diese Fragen werden dank dieses offiziellen WooCommerce Multilingual Plugins beantwortet! Dieses WooCommerce Multilingual Plugin beantwortet sogar Fragen, die Sie sich nicht vorstellen k\u00f6nnen;)\" \/>\n<meta property=\"og:url\" content=\"https:\/\/woo-themes-plugins.com\/de\/produkt\/mehrsprachiges-woocommerce-woocommerce-ubersetzungs-plugin\/\" \/>\n<meta property=\"og:site_name\" content=\"Woo-themes-plugins.com\" \/>\n<meta property=\"og:image\" content=\"https:\/\/woo-themes-plugins.com\/wp-content\/uploads\/sites\/7\/2018\/03\/woo-themes-plugins_woocommerce-woocommerce-multilingue-plugin-woocommerce.jpg\" \/>\n\t<meta property=\"og:image:width\" content=\"900\" \/>\n\t<meta property=\"og:image:height\" content=\"900\" \/>\n\t<meta property=\"og:image:type\" content=\"image\/jpeg\" \/>\n<meta name=\"twitter:label1\" content=\"Gesch\u00e4tzte Lesezeit\" \/>\n\t<meta name=\"twitter:data1\" content=\"2\u00a0Minuten\" \/>\n<script type=\"application\/ld+json\" class=\"yoast-schema-graph\">{\"@context\":\"https:\/\/schema.org\",\"@graph\":[{\"@type\":\"WebPage\",\"@id\":\"https:\/\/woo-themes-plugins.com\/de\/produkt\/mehrsprachiges-woocommerce-woocommerce-ubersetzungs-plugin\/\",\"url\":\"https:\/\/woo-themes-plugins.com\/de\/produkt\/mehrsprachiges-woocommerce-woocommerce-ubersetzungs-plugin\/\",\"name\":\"Mehrsprachiges WooCommerce - WooCommerce \u00dcbersetzungs-Plugin\",\"isPartOf\":{\"@id\":\"https:\/\/woo-themes-plugins.com\/it\/#website\"},\"primaryImageOfPage\":{\"@id\":\"https:\/\/woo-themes-plugins.com\/de\/produkt\/mehrsprachiges-woocommerce-woocommerce-ubersetzungs-plugin\/#primaryimage\"},\"image\":{\"@id\":\"https:\/\/woo-themes-plugins.com\/de\/produkt\/mehrsprachiges-woocommerce-woocommerce-ubersetzungs-plugin\/#primaryimage\"},\"thumbnailUrl\":\"https:\/\/woo-themes-plugins.com\/wp-content\/uploads\/sites\/7\/2018\/03\/woo-themes-plugins_woocommerce-woocommerce-multilingue-plugin-woocommerce.jpg\",\"datePublished\":\"2018-03-27T09:09:52+00:00\",\"dateModified\":\"2018-03-27T09:09:52+00:00\",\"description\":\"Wie \u00fcbersetzt man eine WooCommerce-Site? Welches mehrsprachige Plugin f\u00fcr WooCommerce? Wie verwalte ich \u00dcbersetzungen mit WooCommerce? All diese Fragen werden dank dieses offiziellen WooCommerce Multilingual Plugins beantwortet! Dieses WooCommerce Multilingual Plugin beantwortet sogar Fragen, die Sie sich nicht vorstellen k\u00f6nnen;)\",\"breadcrumb\":{\"@id\":\"https:\/\/woo-themes-plugins.com\/de\/produkt\/mehrsprachiges-woocommerce-woocommerce-ubersetzungs-plugin\/#breadcrumb\"},\"inLanguage\":\"de\",\"potentialAction\":[{\"@type\":\"ReadAction\",\"target\":[\"https:\/\/woo-themes-plugins.com\/de\/produkt\/mehrsprachiges-woocommerce-woocommerce-ubersetzungs-plugin\/\"]}]},{\"@type\":\"ImageObject\",\"inLanguage\":\"de\",\"@id\":\"https:\/\/woo-themes-plugins.com\/de\/produkt\/mehrsprachiges-woocommerce-woocommerce-ubersetzungs-plugin\/#primaryimage\",\"url\":\"https:\/\/woo-themes-plugins.com\/wp-content\/uploads\/sites\/7\/2018\/03\/woo-themes-plugins_woocommerce-woocommerce-multilingue-plugin-woocommerce.jpg\",\"contentUrl\":\"https:\/\/woo-themes-plugins.com\/wp-content\/uploads\/sites\/7\/2018\/03\/woo-themes-plugins_woocommerce-woocommerce-multilingue-plugin-woocommerce.jpg\",\"width\":900,\"height\":900},{\"@type\":\"BreadcrumbList\",\"@id\":\"https:\/\/woo-themes-plugins.com\/de\/produkt\/mehrsprachiges-woocommerce-woocommerce-ubersetzungs-plugin\/#breadcrumb\",\"itemListElement\":[{\"@type\":\"ListItem\",\"position\":1,\"name\":\"Accueil\",\"item\":\"https:\/\/woo-themes-plugins.com\/fr\/\"},{\"@type\":\"ListItem\",\"position\":2,\"name\":\"Shop\",\"item\":\"https:\/\/woo-themes-plugins.com\/shop\/\"},{\"@type\":\"ListItem\",\"position\":3,\"name\":\"Mehrsprachiges WooCommerce &#8211; WooCommerce \u00dcbersetzungs-Plugin\"}]},{\"@type\":\"WebSite\",\"@id\":\"https:\/\/woo-themes-plugins.com\/it\/#website\",\"url\":\"https:\/\/woo-themes-plugins.com\/it\/\",\"name\":\"Woo-themes-plugins.com\",\"description\":\"Tous les th\u00e8mes et plugins WooCommerce Premium\",\"potentialAction\":[{\"@type\":\"SearchAction\",\"target\":{\"@type\":\"EntryPoint\",\"urlTemplate\":\"https:\/\/woo-themes-plugins.com\/it\/?s={search_term_string}\"},\"query-input\":\"required name=search_term_string\"}],\"inLanguage\":\"de\"}]}<\/script>\n<!-- \/ Yoast SEO plugin. -->","yoast_head_json":{"title":"Mehrsprachiges WooCommerce - WooCommerce \u00dcbersetzungs-Plugin","description":"Wie \u00fcbersetzt man eine WooCommerce-Site? Welches mehrsprachige Plugin f\u00fcr WooCommerce? Wie verwalte ich \u00dcbersetzungen mit WooCommerce? All diese Fragen werden dank dieses offiziellen WooCommerce Multilingual Plugins beantwortet! Dieses WooCommerce Multilingual Plugin beantwortet sogar Fragen, die Sie sich nicht vorstellen k\u00f6nnen;)","robots":{"index":"index","follow":"follow","max-snippet":"max-snippet:-1","max-image-preview":"max-image-preview:large","max-video-preview":"max-video-preview:-1"},"canonical":"https:\/\/woo-themes-plugins.com\/de\/produkt\/mehrsprachiges-woocommerce-woocommerce-ubersetzungs-plugin\/","og_locale":"de_DE","og_type":"article","og_title":"Mehrsprachiges WooCommerce - WooCommerce \u00dcbersetzungs-Plugin","og_description":"Wie \u00fcbersetzt man eine WooCommerce-Site? Welches mehrsprachige Plugin f\u00fcr WooCommerce? Wie verwalte ich \u00dcbersetzungen mit WooCommerce? All diese Fragen werden dank dieses offiziellen WooCommerce Multilingual Plugins beantwortet! Dieses WooCommerce Multilingual Plugin beantwortet sogar Fragen, die Sie sich nicht vorstellen k\u00f6nnen;)","og_url":"https:\/\/woo-themes-plugins.com\/de\/produkt\/mehrsprachiges-woocommerce-woocommerce-ubersetzungs-plugin\/","og_site_name":"Woo-themes-plugins.com","og_image":[{"width":900,"height":900,"url":"https:\/\/woo-themes-plugins.com\/wp-content\/uploads\/sites\/7\/2018\/03\/woo-themes-plugins_woocommerce-woocommerce-multilingue-plugin-woocommerce.jpg","type":"image\/jpeg"}],"twitter_misc":{"Gesch\u00e4tzte Lesezeit":"2\u00a0Minuten"},"schema":{"@context":"https:\/\/schema.org","@graph":[{"@type":"WebPage","@id":"https:\/\/woo-themes-plugins.com\/de\/produkt\/mehrsprachiges-woocommerce-woocommerce-ubersetzungs-plugin\/","url":"https:\/\/woo-themes-plugins.com\/de\/produkt\/mehrsprachiges-woocommerce-woocommerce-ubersetzungs-plugin\/","name":"Mehrsprachiges WooCommerce - WooCommerce \u00dcbersetzungs-Plugin","isPartOf":{"@id":"https:\/\/woo-themes-plugins.com\/it\/#website"},"primaryImageOfPage":{"@id":"https:\/\/woo-themes-plugins.com\/de\/produkt\/mehrsprachiges-woocommerce-woocommerce-ubersetzungs-plugin\/#primaryimage"},"image":{"@id":"https:\/\/woo-themes-plugins.com\/de\/produkt\/mehrsprachiges-woocommerce-woocommerce-ubersetzungs-plugin\/#primaryimage"},"thumbnailUrl":"https:\/\/woo-themes-plugins.com\/wp-content\/uploads\/sites\/7\/2018\/03\/woo-themes-plugins_woocommerce-woocommerce-multilingue-plugin-woocommerce.jpg","datePublished":"2018-03-27T09:09:52+00:00","dateModified":"2018-03-27T09:09:52+00:00","description":"Wie \u00fcbersetzt man eine WooCommerce-Site? Welches mehrsprachige Plugin f\u00fcr WooCommerce? Wie verwalte ich \u00dcbersetzungen mit WooCommerce? All diese Fragen werden dank dieses offiziellen WooCommerce Multilingual Plugins beantwortet! Dieses WooCommerce Multilingual Plugin beantwortet sogar Fragen, die Sie sich nicht vorstellen k\u00f6nnen;)","breadcrumb":{"@id":"https:\/\/woo-themes-plugins.com\/de\/produkt\/mehrsprachiges-woocommerce-woocommerce-ubersetzungs-plugin\/#breadcrumb"},"inLanguage":"de","potentialAction":[{"@type":"ReadAction","target":["https:\/\/woo-themes-plugins.com\/de\/produkt\/mehrsprachiges-woocommerce-woocommerce-ubersetzungs-plugin\/"]}]},{"@type":"ImageObject","inLanguage":"de","@id":"https:\/\/woo-themes-plugins.com\/de\/produkt\/mehrsprachiges-woocommerce-woocommerce-ubersetzungs-plugin\/#primaryimage","url":"https:\/\/woo-themes-plugins.com\/wp-content\/uploads\/sites\/7\/2018\/03\/woo-themes-plugins_woocommerce-woocommerce-multilingue-plugin-woocommerce.jpg","contentUrl":"https:\/\/woo-themes-plugins.com\/wp-content\/uploads\/sites\/7\/2018\/03\/woo-themes-plugins_woocommerce-woocommerce-multilingue-plugin-woocommerce.jpg","width":900,"height":900},{"@type":"BreadcrumbList","@id":"https:\/\/woo-themes-plugins.com\/de\/produkt\/mehrsprachiges-woocommerce-woocommerce-ubersetzungs-plugin\/#breadcrumb","itemListElement":[{"@type":"ListItem","position":1,"name":"Accueil","item":"https:\/\/woo-themes-plugins.com\/fr\/"},{"@type":"ListItem","position":2,"name":"Shop","item":"https:\/\/woo-themes-plugins.com\/shop\/"},{"@type":"ListItem","position":3,"name":"Mehrsprachiges WooCommerce &#8211; WooCommerce \u00dcbersetzungs-Plugin"}]},{"@type":"WebSite","@id":"https:\/\/woo-themes-plugins.com\/it\/#website","url":"https:\/\/woo-themes-plugins.com\/it\/","name":"Woo-themes-plugins.com","description":"Tous les th\u00e8mes et plugins WooCommerce Premium","potentialAction":[{"@type":"SearchAction","target":{"@type":"EntryPoint","urlTemplate":"https:\/\/woo-themes-plugins.com\/it\/?s={search_term_string}"},"query-input":"required name=search_term_string"}],"inLanguage":"de"}]}},"_links":{"self":[{"href":"https:\/\/woo-themes-plugins.com\/de\/wp-json\/wp\/v2\/product\/4648","targetHints":{"allow":["GET"]}}],"collection":[{"href":"https:\/\/woo-themes-plugins.com\/de\/wp-json\/wp\/v2\/product"}],"about":[{"href":"https:\/\/woo-themes-plugins.com\/de\/wp-json\/wp\/v2\/types\/product"}],"wp:featuredmedia":[{"embeddable":true,"href":"https:\/\/woo-themes-plugins.com\/de\/wp-json\/wp\/v2\/media\/2792"}],"wp:attachment":[{"href":"https:\/\/woo-themes-plugins.com\/de\/wp-json\/wp\/v2\/media?parent=4648"}],"wp:term":[{"taxonomy":"product_cat","embeddable":true,"href":"https:\/\/woo-themes-plugins.com\/de\/wp-json\/wp\/v2\/product_cat?post=4648"},{"taxonomy":"product_tag","embeddable":true,"href":"https:\/\/woo-themes-plugins.com\/de\/wp-json\/wp\/v2\/product_tag?post=4648"}],"curies":[{"name":"wp","href":"https:\/\/api.w.org\/{rel}","templated":true}]}}