{"id":4650,"date":"2018-03-26T06:22:46","date_gmt":"2018-03-26T05:22:46","guid":{"rendered":"https:\/\/woo-themes-plugins.com\/product\/produktpakete-benutzerdefinierte-gruppierte-produkte-woocommerce-plugin\/"},"modified":"2018-03-26T06:22:46","modified_gmt":"2018-03-26T05:22:46","slug":"produktpakete-benutzerdefinierte-gruppierte-produkte-woocommerce-plugin","status":"publish","type":"product","link":"https:\/\/woo-themes-plugins.com\/de\/product\/produktpakete-benutzerdefinierte-gruppierte-produkte-woocommerce-plugin\/","title":{"rendered":"Product Bundles &#8211; Benutzerdefinierte gruppierte Produkte &#8211; WooCommerce Plugin"},"content":{"rendered":"<p><span id=\"result_box\" class=\"\" lang=\"de\">Produktpakete sind in einem Satz eine echte Toolbox f\u00fcr Ihre WooCommerce-Produkte, mit der Sie Produktgruppen erstellen k\u00f6nnen, die Sie Ihren Kunden anbieten k\u00f6nnen.<\/p>\n<p>Geb\u00fcndelte Produkte sind eine der aggressivsten Strategien f\u00fcr die Vertriebseffizienz. Diese WooCommerce-Erweiterung erm\u00f6glicht es uns, Produkte auszuw\u00e4hlen, die zusammen gruppiert werden, einen Rabatt auf den Gesamtpreis festlegen und einfach den Umsatz steigern. Programm eher nett nein?<\/p>\n<p>Wenn Sie \u00fcber geb\u00fcndelte Produkte sprechen, denken Sie nicht nur an Reduktion. Dies ist auch eine gro\u00dfartige Gelegenheit, Ihr gesamtes Produkt in einem einzigen Produkt als gesamtes Aussehen f\u00fcr einen Modegesch\u00e4ft oder einen Computer mit all seinen Komponenten f\u00fcr einen Computerladen zu pr\u00e4sentieren.<\/p>\n<p>Dieses Plugin bietet uns sehr flexible Funktionen in Bezug auf die Produktgruppierung, so dass wir Gruppen von Produkten nach eigenem Ermessen erstellen k\u00f6nnen.<\/span><\/p>\n","protected":false},"excerpt":{"rendered":"<p><span id=\"result_box\" class=\"\" lang=\"de\">Mit dem Produktpaket-Plugin k\u00f6nnen Sie einen neuen Produkttyp erstellen: das geb\u00fcndelte Produkt, das aus anderen Produkten besteht, zu einem g\u00fcnstigen Preis &#8230; oder nicht mehr, als es tats\u00e4chlich macht;)<\/span><\/p>\n","protected":false},"featured_media":2810,"template":"","meta":{"_monsterinsights_skip_tracking":false,"_monsterinsights_sitenote_active":false,"_monsterinsights_sitenote_note":"","_monsterinsights_sitenote_category":0},"product_cat":[208],"product_tag":[1114,1099,1097],"class_list":["post-4650","product","type-product","status-publish","has-post-thumbnail","hentry","product_cat-plugin-woocommerce-de","product_tag-unverzichtbare-woocommerce","product_tag-woocommerce-preismanagement","product_tag-woocommerce-produkt-produktgruppe-komplementarprodukt-de","pa_dev-woo-plugin-theme-somewherewarm-de","pa_marketplace-woocommerce-woocommerce-com-de"],"yoast_head":"<!-- This site is optimized with the Yoast SEO plugin v23.1 - https:\/\/yoast.com\/wordpress\/plugins\/seo\/ -->\n<title>Produktpakete - Benutzerdefinierte gruppierte Produkte WooCommerce<\/title>\n<meta name=\"robots\" content=\"index, follow, max-snippet:-1, max-image-preview:large, max-video-preview:-1\" \/>\n<link rel=\"canonical\" href=\"https:\/\/woo-themes-plugins.com\/de\/produkt\/produktpakete-benutzerdefinierte-gruppierte-produkte-woocommerce-plugin\/\" \/>\n<meta property=\"og:locale\" content=\"de_DE\" \/>\n<meta property=\"og:type\" content=\"article\" \/>\n<meta property=\"og:title\" content=\"Produktpakete - Benutzerdefinierte gruppierte Produkte WooCommerce\" \/>\n<meta property=\"og:description\" content=\"Mit dem Produktpaket-Plugin k\u00f6nnen Sie einen neuen Produkttyp erstellen: das geb\u00fcndelte Produkt, das aus anderen Produkten besteht, zu einem g\u00fcnstigen Preis ... oder nicht mehr, als es tats\u00e4chlich macht;)\" \/>\n<meta property=\"og:url\" content=\"https:\/\/woo-themes-plugins.com\/de\/produkt\/produktpakete-benutzerdefinierte-gruppierte-produkte-woocommerce-plugin\/\" \/>\n<meta property=\"og:site_name\" content=\"Woo-themes-plugins.com\" \/>\n<meta property=\"og:image\" content=\"https:\/\/woo-themes-plugins.com\/wp-content\/uploads\/sites\/7\/2018\/03\/woo-themes-plugins_woocommerce-product-bundles-plugin-woocommerce.png\" \/>\n\t<meta property=\"og:image:width\" content=\"900\" \/>\n\t<meta property=\"og:image:height\" content=\"900\" \/>\n\t<meta property=\"og:image:type\" content=\"image\/png\" \/>\n<meta name=\"twitter:label1\" content=\"Gesch\u00e4tzte Lesezeit\" \/>\n\t<meta name=\"twitter:data1\" content=\"1\u00a0Minute\" \/>\n<script type=\"application\/ld+json\" class=\"yoast-schema-graph\">{\"@context\":\"https:\/\/schema.org\",\"@graph\":[{\"@type\":\"WebPage\",\"@id\":\"https:\/\/woo-themes-plugins.com\/de\/produkt\/produktpakete-benutzerdefinierte-gruppierte-produkte-woocommerce-plugin\/\",\"url\":\"https:\/\/woo-themes-plugins.com\/de\/produkt\/produktpakete-benutzerdefinierte-gruppierte-produkte-woocommerce-plugin\/\",\"name\":\"Produktpakete - Benutzerdefinierte gruppierte Produkte WooCommerce\",\"isPartOf\":{\"@id\":\"https:\/\/woo-themes-plugins.com\/it\/#website\"},\"primaryImageOfPage\":{\"@id\":\"https:\/\/woo-themes-plugins.com\/de\/produkt\/produktpakete-benutzerdefinierte-gruppierte-produkte-woocommerce-plugin\/#primaryimage\"},\"image\":{\"@id\":\"https:\/\/woo-themes-plugins.com\/de\/produkt\/produktpakete-benutzerdefinierte-gruppierte-produkte-woocommerce-plugin\/#primaryimage\"},\"thumbnailUrl\":\"https:\/\/woo-themes-plugins.com\/wp-content\/uploads\/sites\/7\/2018\/03\/woo-themes-plugins_woocommerce-product-bundles-plugin-woocommerce.png\",\"datePublished\":\"2018-03-26T05:22:46+00:00\",\"dateModified\":\"2018-03-26T05:22:46+00:00\",\"breadcrumb\":{\"@id\":\"https:\/\/woo-themes-plugins.com\/de\/produkt\/produktpakete-benutzerdefinierte-gruppierte-produkte-woocommerce-plugin\/#breadcrumb\"},\"inLanguage\":\"de\",\"potentialAction\":[{\"@type\":\"ReadAction\",\"target\":[\"https:\/\/woo-themes-plugins.com\/de\/produkt\/produktpakete-benutzerdefinierte-gruppierte-produkte-woocommerce-plugin\/\"]}]},{\"@type\":\"ImageObject\",\"inLanguage\":\"de\",\"@id\":\"https:\/\/woo-themes-plugins.com\/de\/produkt\/produktpakete-benutzerdefinierte-gruppierte-produkte-woocommerce-plugin\/#primaryimage\",\"url\":\"https:\/\/woo-themes-plugins.com\/wp-content\/uploads\/sites\/7\/2018\/03\/woo-themes-plugins_woocommerce-product-bundles-plugin-woocommerce.png\",\"contentUrl\":\"https:\/\/woo-themes-plugins.com\/wp-content\/uploads\/sites\/7\/2018\/03\/woo-themes-plugins_woocommerce-product-bundles-plugin-woocommerce.png\",\"width\":900,\"height\":900},{\"@type\":\"BreadcrumbList\",\"@id\":\"https:\/\/woo-themes-plugins.com\/de\/produkt\/produktpakete-benutzerdefinierte-gruppierte-produkte-woocommerce-plugin\/#breadcrumb\",\"itemListElement\":[{\"@type\":\"ListItem\",\"position\":1,\"name\":\"Accueil\",\"item\":\"https:\/\/woo-themes-plugins.com\/fr\/\"},{\"@type\":\"ListItem\",\"position\":2,\"name\":\"Shop\",\"item\":\"https:\/\/woo-themes-plugins.com\/shop\/\"},{\"@type\":\"ListItem\",\"position\":3,\"name\":\"Product Bundles &#8211; Benutzerdefinierte gruppierte Produkte &#8211; WooCommerce Plugin\"}]},{\"@type\":\"WebSite\",\"@id\":\"https:\/\/woo-themes-plugins.com\/it\/#website\",\"url\":\"https:\/\/woo-themes-plugins.com\/it\/\",\"name\":\"Woo-themes-plugins.com\",\"description\":\"Tous les th\u00e8mes et plugins WooCommerce Premium\",\"potentialAction\":[{\"@type\":\"SearchAction\",\"target\":{\"@type\":\"EntryPoint\",\"urlTemplate\":\"https:\/\/woo-themes-plugins.com\/it\/?s={search_term_string}\"},\"query-input\":\"required name=search_term_string\"}],\"inLanguage\":\"de\"}]}<\/script>\n<!-- \/ Yoast SEO plugin. -->","yoast_head_json":{"title":"Produktpakete - Benutzerdefinierte gruppierte Produkte WooCommerce","robots":{"index":"index","follow":"follow","max-snippet":"max-snippet:-1","max-image-preview":"max-image-preview:large","max-video-preview":"max-video-preview:-1"},"canonical":"https:\/\/woo-themes-plugins.com\/de\/produkt\/produktpakete-benutzerdefinierte-gruppierte-produkte-woocommerce-plugin\/","og_locale":"de_DE","og_type":"article","og_title":"Produktpakete - Benutzerdefinierte gruppierte Produkte WooCommerce","og_description":"Mit dem Produktpaket-Plugin k\u00f6nnen Sie einen neuen Produkttyp erstellen: das geb\u00fcndelte Produkt, das aus anderen Produkten besteht, zu einem g\u00fcnstigen Preis ... oder nicht mehr, als es tats\u00e4chlich macht;)","og_url":"https:\/\/woo-themes-plugins.com\/de\/produkt\/produktpakete-benutzerdefinierte-gruppierte-produkte-woocommerce-plugin\/","og_site_name":"Woo-themes-plugins.com","og_image":[{"width":900,"height":900,"url":"https:\/\/woo-themes-plugins.com\/wp-content\/uploads\/sites\/7\/2018\/03\/woo-themes-plugins_woocommerce-product-bundles-plugin-woocommerce.png","type":"image\/png"}],"twitter_misc":{"Gesch\u00e4tzte Lesezeit":"1\u00a0Minute"},"schema":{"@context":"https:\/\/schema.org","@graph":[{"@type":"WebPage","@id":"https:\/\/woo-themes-plugins.com\/de\/produkt\/produktpakete-benutzerdefinierte-gruppierte-produkte-woocommerce-plugin\/","url":"https:\/\/woo-themes-plugins.com\/de\/produkt\/produktpakete-benutzerdefinierte-gruppierte-produkte-woocommerce-plugin\/","name":"Produktpakete - Benutzerdefinierte gruppierte Produkte WooCommerce","isPartOf":{"@id":"https:\/\/woo-themes-plugins.com\/it\/#website"},"primaryImageOfPage":{"@id":"https:\/\/woo-themes-plugins.com\/de\/produkt\/produktpakete-benutzerdefinierte-gruppierte-produkte-woocommerce-plugin\/#primaryimage"},"image":{"@id":"https:\/\/woo-themes-plugins.com\/de\/produkt\/produktpakete-benutzerdefinierte-gruppierte-produkte-woocommerce-plugin\/#primaryimage"},"thumbnailUrl":"https:\/\/woo-themes-plugins.com\/wp-content\/uploads\/sites\/7\/2018\/03\/woo-themes-plugins_woocommerce-product-bundles-plugin-woocommerce.png","datePublished":"2018-03-26T05:22:46+00:00","dateModified":"2018-03-26T05:22:46+00:00","breadcrumb":{"@id":"https:\/\/woo-themes-plugins.com\/de\/produkt\/produktpakete-benutzerdefinierte-gruppierte-produkte-woocommerce-plugin\/#breadcrumb"},"inLanguage":"de","potentialAction":[{"@type":"ReadAction","target":["https:\/\/woo-themes-plugins.com\/de\/produkt\/produktpakete-benutzerdefinierte-gruppierte-produkte-woocommerce-plugin\/"]}]},{"@type":"ImageObject","inLanguage":"de","@id":"https:\/\/woo-themes-plugins.com\/de\/produkt\/produktpakete-benutzerdefinierte-gruppierte-produkte-woocommerce-plugin\/#primaryimage","url":"https:\/\/woo-themes-plugins.com\/wp-content\/uploads\/sites\/7\/2018\/03\/woo-themes-plugins_woocommerce-product-bundles-plugin-woocommerce.png","contentUrl":"https:\/\/woo-themes-plugins.com\/wp-content\/uploads\/sites\/7\/2018\/03\/woo-themes-plugins_woocommerce-product-bundles-plugin-woocommerce.png","width":900,"height":900},{"@type":"BreadcrumbList","@id":"https:\/\/woo-themes-plugins.com\/de\/produkt\/produktpakete-benutzerdefinierte-gruppierte-produkte-woocommerce-plugin\/#breadcrumb","itemListElement":[{"@type":"ListItem","position":1,"name":"Accueil","item":"https:\/\/woo-themes-plugins.com\/fr\/"},{"@type":"ListItem","position":2,"name":"Shop","item":"https:\/\/woo-themes-plugins.com\/shop\/"},{"@type":"ListItem","position":3,"name":"Product Bundles &#8211; Benutzerdefinierte gruppierte Produkte &#8211; WooCommerce Plugin"}]},{"@type":"WebSite","@id":"https:\/\/woo-themes-plugins.com\/it\/#website","url":"https:\/\/woo-themes-plugins.com\/it\/","name":"Woo-themes-plugins.com","description":"Tous les th\u00e8mes et plugins WooCommerce Premium","potentialAction":[{"@type":"SearchAction","target":{"@type":"EntryPoint","urlTemplate":"https:\/\/woo-themes-plugins.com\/it\/?s={search_term_string}"},"query-input":"required name=search_term_string"}],"inLanguage":"de"}]}},"_links":{"self":[{"href":"https:\/\/woo-themes-plugins.com\/de\/wp-json\/wp\/v2\/product\/4650","targetHints":{"allow":["GET"]}}],"collection":[{"href":"https:\/\/woo-themes-plugins.com\/de\/wp-json\/wp\/v2\/product"}],"about":[{"href":"https:\/\/woo-themes-plugins.com\/de\/wp-json\/wp\/v2\/types\/product"}],"wp:featuredmedia":[{"embeddable":true,"href":"https:\/\/woo-themes-plugins.com\/de\/wp-json\/wp\/v2\/media\/2810"}],"wp:attachment":[{"href":"https:\/\/woo-themes-plugins.com\/de\/wp-json\/wp\/v2\/media?parent=4650"}],"wp:term":[{"taxonomy":"product_cat","embeddable":true,"href":"https:\/\/woo-themes-plugins.com\/de\/wp-json\/wp\/v2\/product_cat?post=4650"},{"taxonomy":"product_tag","embeddable":true,"href":"https:\/\/woo-themes-plugins.com\/de\/wp-json\/wp\/v2\/product_tag?post=4650"}],"curies":[{"name":"wp","href":"https:\/\/api.w.org\/{rel}","templated":true}]}}