{"id":4652,"date":"2018-03-26T07:38:10","date_gmt":"2018-03-26T06:38:10","guid":{"rendered":"https:\/\/woo-themes-plugins.com\/product\/square-fur-woocommerce-woocommerce-zahlungslosung-woocommerce-plugin\/"},"modified":"2018-03-26T07:38:10","modified_gmt":"2018-03-26T06:38:10","slug":"square-fur-woocommerce-woocommerce-zahlungslosung-woocommerce-plugin","status":"publish","type":"product","link":"https:\/\/woo-themes-plugins.com\/de\/product\/square-fur-woocommerce-woocommerce-zahlungslosung-woocommerce-plugin\/","title":{"rendered":"Square f\u00fcr WooCommerce &#8211; WooCommerce Zahlungsl\u00f6sung &#8211; WooCommerce Plugin"},"content":{"rendered":"<p><span id=\"result_box\" class=\"\" lang=\"de\">Erweiterung f\u00fcr sowohl offiziell als auch kostenlos, Square f\u00fcr WooCommerce ist treffend benannt, weil es Ihnen erm\u00f6glicht, die Zahlungsfunktionen von Square auf Ihrer Website WooCommerce angeboten, alle mit einem Klick.<\/p>\n<p>Achtung, diese Erweiterung WooCommerce erfordert einige Besonderheiten auf ihrem WooCommerce-Hosting, n\u00e4mlich ein g\u00fcltiges SSL-Zertifikat zu haben, mindestens WooCommerce Version 2.6 zu besitzen, nat\u00fcrlich einen Square-Account zu besitzen und schlie\u00dflich &#8230; in den USA, Kanada, Australien zu sein <span class=\"\">in Japan oder Gro\u00dfbritannien, weil Square nur f\u00fcr diese L\u00e4nder funktioniert.<\/span><\/span><\/p>\n","protected":false},"excerpt":{"rendered":"<p><span id=\"result_box\" class=\"\" lang=\"de\">WooCommerce bietet Ihnen dieses Bank-Zahlungs-Plugin, mit dem Sie die Zahlungsl\u00f6sung Square direkt auf Ihrer eCommerce WooCommerce-Seite auf der Bezahlseite Ihrer Website einrichten k\u00f6nnen!<\/span><\/p>\n","protected":false},"featured_media":2488,"template":"","meta":{"_monsterinsights_skip_tracking":false,"_monsterinsights_sitenote_active":false,"_monsterinsights_sitenote_note":"","_monsterinsights_sitenote_category":0},"product_cat":[208],"product_tag":[1069,1048],"class_list":["post-4652","product","type-product","status-publish","has-post-thumbnail","hentry","product_cat-plugin-woocommerce-de","product_tag-losungszahlung-woocommerce","product_tag-woocommerce-befehle-exportieren-importieren-de","pa_dev-woo-plugin-theme-woocommerce-de","pa_marketplace-woocommerce-woocommerce-com-de"],"yoast_head":"<!-- This site is optimized with the Yoast SEO plugin v23.1 - https:\/\/yoast.com\/wordpress\/plugins\/seo\/ -->\n<title>Square for WooCommerce - WooCommerce Zahlungsl\u00f6sung<\/title>\n<meta name=\"description\" content=\"Offizielles WooCommerce Plugin f\u00fcr Square. Dank dieser Erweiterung akzeptieren Sie alle Zahlungsmittel auf Ihrer eCommerce WooCommerce-Website.\" \/>\n<meta name=\"robots\" content=\"index, follow, max-snippet:-1, max-image-preview:large, max-video-preview:-1\" \/>\n<link rel=\"canonical\" href=\"https:\/\/woo-themes-plugins.com\/de\/produkt\/square-fur-woocommerce-woocommerce-zahlungslosung-woocommerce-plugin\/\" \/>\n<meta property=\"og:locale\" content=\"de_DE\" \/>\n<meta property=\"og:type\" content=\"article\" \/>\n<meta property=\"og:title\" content=\"Square for WooCommerce - WooCommerce Zahlungsl\u00f6sung\" \/>\n<meta property=\"og:description\" content=\"Offizielles WooCommerce Plugin f\u00fcr Square. Dank dieser Erweiterung akzeptieren Sie alle Zahlungsmittel auf Ihrer eCommerce WooCommerce-Website.\" \/>\n<meta property=\"og:url\" content=\"https:\/\/woo-themes-plugins.com\/de\/produkt\/square-fur-woocommerce-woocommerce-zahlungslosung-woocommerce-plugin\/\" \/>\n<meta property=\"og:site_name\" content=\"Woo-themes-plugins.com\" \/>\n<meta property=\"og:image\" content=\"https:\/\/woo-themes-plugins.com\/wp-content\/uploads\/sites\/7\/2018\/03\/woo-themes-plugins_woocommerce-square-payment-solution-plugin-woocommerce.jpg\" \/>\n\t<meta property=\"og:image:width\" content=\"900\" \/>\n\t<meta property=\"og:image:height\" content=\"900\" \/>\n\t<meta property=\"og:image:type\" content=\"image\/jpeg\" \/>\n<script type=\"application\/ld+json\" class=\"yoast-schema-graph\">{\"@context\":\"https:\/\/schema.org\",\"@graph\":[{\"@type\":\"WebPage\",\"@id\":\"https:\/\/woo-themes-plugins.com\/de\/produkt\/square-fur-woocommerce-woocommerce-zahlungslosung-woocommerce-plugin\/\",\"url\":\"https:\/\/woo-themes-plugins.com\/de\/produkt\/square-fur-woocommerce-woocommerce-zahlungslosung-woocommerce-plugin\/\",\"name\":\"Square for WooCommerce - WooCommerce Zahlungsl\u00f6sung\",\"isPartOf\":{\"@id\":\"https:\/\/woo-themes-plugins.com\/it\/#website\"},\"primaryImageOfPage\":{\"@id\":\"https:\/\/woo-themes-plugins.com\/de\/produkt\/square-fur-woocommerce-woocommerce-zahlungslosung-woocommerce-plugin\/#primaryimage\"},\"image\":{\"@id\":\"https:\/\/woo-themes-plugins.com\/de\/produkt\/square-fur-woocommerce-woocommerce-zahlungslosung-woocommerce-plugin\/#primaryimage\"},\"thumbnailUrl\":\"https:\/\/woo-themes-plugins.com\/wp-content\/uploads\/sites\/7\/2018\/03\/woo-themes-plugins_woocommerce-square-payment-solution-plugin-woocommerce.jpg\",\"datePublished\":\"2018-03-26T06:38:10+00:00\",\"dateModified\":\"2018-03-26T06:38:10+00:00\",\"description\":\"Offizielles WooCommerce Plugin f\u00fcr Square. Dank dieser Erweiterung akzeptieren Sie alle Zahlungsmittel auf Ihrer eCommerce WooCommerce-Website.\",\"breadcrumb\":{\"@id\":\"https:\/\/woo-themes-plugins.com\/de\/produkt\/square-fur-woocommerce-woocommerce-zahlungslosung-woocommerce-plugin\/#breadcrumb\"},\"inLanguage\":\"de\",\"potentialAction\":[{\"@type\":\"ReadAction\",\"target\":[\"https:\/\/woo-themes-plugins.com\/de\/produkt\/square-fur-woocommerce-woocommerce-zahlungslosung-woocommerce-plugin\/\"]}]},{\"@type\":\"ImageObject\",\"inLanguage\":\"de\",\"@id\":\"https:\/\/woo-themes-plugins.com\/de\/produkt\/square-fur-woocommerce-woocommerce-zahlungslosung-woocommerce-plugin\/#primaryimage\",\"url\":\"https:\/\/woo-themes-plugins.com\/wp-content\/uploads\/sites\/7\/2018\/03\/woo-themes-plugins_woocommerce-square-payment-solution-plugin-woocommerce.jpg\",\"contentUrl\":\"https:\/\/woo-themes-plugins.com\/wp-content\/uploads\/sites\/7\/2018\/03\/woo-themes-plugins_woocommerce-square-payment-solution-plugin-woocommerce.jpg\",\"width\":900,\"height\":900},{\"@type\":\"BreadcrumbList\",\"@id\":\"https:\/\/woo-themes-plugins.com\/de\/produkt\/square-fur-woocommerce-woocommerce-zahlungslosung-woocommerce-plugin\/#breadcrumb\",\"itemListElement\":[{\"@type\":\"ListItem\",\"position\":1,\"name\":\"Accueil\",\"item\":\"https:\/\/woo-themes-plugins.com\/fr\/\"},{\"@type\":\"ListItem\",\"position\":2,\"name\":\"Shop\",\"item\":\"https:\/\/woo-themes-plugins.com\/shop\/\"},{\"@type\":\"ListItem\",\"position\":3,\"name\":\"Square f\u00fcr WooCommerce &#8211; WooCommerce Zahlungsl\u00f6sung &#8211; WooCommerce Plugin\"}]},{\"@type\":\"WebSite\",\"@id\":\"https:\/\/woo-themes-plugins.com\/it\/#website\",\"url\":\"https:\/\/woo-themes-plugins.com\/it\/\",\"name\":\"Woo-themes-plugins.com\",\"description\":\"Tous les th\u00e8mes et plugins WooCommerce Premium\",\"potentialAction\":[{\"@type\":\"SearchAction\",\"target\":{\"@type\":\"EntryPoint\",\"urlTemplate\":\"https:\/\/woo-themes-plugins.com\/it\/?s={search_term_string}\"},\"query-input\":\"required name=search_term_string\"}],\"inLanguage\":\"de\"}]}<\/script>\n<!-- \/ Yoast SEO plugin. -->","yoast_head_json":{"title":"Square for WooCommerce - WooCommerce Zahlungsl\u00f6sung","description":"Offizielles WooCommerce Plugin f\u00fcr Square. Dank dieser Erweiterung akzeptieren Sie alle Zahlungsmittel auf Ihrer eCommerce WooCommerce-Website.","robots":{"index":"index","follow":"follow","max-snippet":"max-snippet:-1","max-image-preview":"max-image-preview:large","max-video-preview":"max-video-preview:-1"},"canonical":"https:\/\/woo-themes-plugins.com\/de\/produkt\/square-fur-woocommerce-woocommerce-zahlungslosung-woocommerce-plugin\/","og_locale":"de_DE","og_type":"article","og_title":"Square for WooCommerce - WooCommerce Zahlungsl\u00f6sung","og_description":"Offizielles WooCommerce Plugin f\u00fcr Square. Dank dieser Erweiterung akzeptieren Sie alle Zahlungsmittel auf Ihrer eCommerce WooCommerce-Website.","og_url":"https:\/\/woo-themes-plugins.com\/de\/produkt\/square-fur-woocommerce-woocommerce-zahlungslosung-woocommerce-plugin\/","og_site_name":"Woo-themes-plugins.com","og_image":[{"width":900,"height":900,"url":"https:\/\/woo-themes-plugins.com\/wp-content\/uploads\/sites\/7\/2018\/03\/woo-themes-plugins_woocommerce-square-payment-solution-plugin-woocommerce.jpg","type":"image\/jpeg"}],"schema":{"@context":"https:\/\/schema.org","@graph":[{"@type":"WebPage","@id":"https:\/\/woo-themes-plugins.com\/de\/produkt\/square-fur-woocommerce-woocommerce-zahlungslosung-woocommerce-plugin\/","url":"https:\/\/woo-themes-plugins.com\/de\/produkt\/square-fur-woocommerce-woocommerce-zahlungslosung-woocommerce-plugin\/","name":"Square for WooCommerce - WooCommerce Zahlungsl\u00f6sung","isPartOf":{"@id":"https:\/\/woo-themes-plugins.com\/it\/#website"},"primaryImageOfPage":{"@id":"https:\/\/woo-themes-plugins.com\/de\/produkt\/square-fur-woocommerce-woocommerce-zahlungslosung-woocommerce-plugin\/#primaryimage"},"image":{"@id":"https:\/\/woo-themes-plugins.com\/de\/produkt\/square-fur-woocommerce-woocommerce-zahlungslosung-woocommerce-plugin\/#primaryimage"},"thumbnailUrl":"https:\/\/woo-themes-plugins.com\/wp-content\/uploads\/sites\/7\/2018\/03\/woo-themes-plugins_woocommerce-square-payment-solution-plugin-woocommerce.jpg","datePublished":"2018-03-26T06:38:10+00:00","dateModified":"2018-03-26T06:38:10+00:00","description":"Offizielles WooCommerce Plugin f\u00fcr Square. Dank dieser Erweiterung akzeptieren Sie alle Zahlungsmittel auf Ihrer eCommerce WooCommerce-Website.","breadcrumb":{"@id":"https:\/\/woo-themes-plugins.com\/de\/produkt\/square-fur-woocommerce-woocommerce-zahlungslosung-woocommerce-plugin\/#breadcrumb"},"inLanguage":"de","potentialAction":[{"@type":"ReadAction","target":["https:\/\/woo-themes-plugins.com\/de\/produkt\/square-fur-woocommerce-woocommerce-zahlungslosung-woocommerce-plugin\/"]}]},{"@type":"ImageObject","inLanguage":"de","@id":"https:\/\/woo-themes-plugins.com\/de\/produkt\/square-fur-woocommerce-woocommerce-zahlungslosung-woocommerce-plugin\/#primaryimage","url":"https:\/\/woo-themes-plugins.com\/wp-content\/uploads\/sites\/7\/2018\/03\/woo-themes-plugins_woocommerce-square-payment-solution-plugin-woocommerce.jpg","contentUrl":"https:\/\/woo-themes-plugins.com\/wp-content\/uploads\/sites\/7\/2018\/03\/woo-themes-plugins_woocommerce-square-payment-solution-plugin-woocommerce.jpg","width":900,"height":900},{"@type":"BreadcrumbList","@id":"https:\/\/woo-themes-plugins.com\/de\/produkt\/square-fur-woocommerce-woocommerce-zahlungslosung-woocommerce-plugin\/#breadcrumb","itemListElement":[{"@type":"ListItem","position":1,"name":"Accueil","item":"https:\/\/woo-themes-plugins.com\/fr\/"},{"@type":"ListItem","position":2,"name":"Shop","item":"https:\/\/woo-themes-plugins.com\/shop\/"},{"@type":"ListItem","position":3,"name":"Square f\u00fcr WooCommerce &#8211; WooCommerce Zahlungsl\u00f6sung &#8211; WooCommerce Plugin"}]},{"@type":"WebSite","@id":"https:\/\/woo-themes-plugins.com\/it\/#website","url":"https:\/\/woo-themes-plugins.com\/it\/","name":"Woo-themes-plugins.com","description":"Tous les th\u00e8mes et plugins WooCommerce Premium","potentialAction":[{"@type":"SearchAction","target":{"@type":"EntryPoint","urlTemplate":"https:\/\/woo-themes-plugins.com\/it\/?s={search_term_string}"},"query-input":"required name=search_term_string"}],"inLanguage":"de"}]}},"_links":{"self":[{"href":"https:\/\/woo-themes-plugins.com\/de\/wp-json\/wp\/v2\/product\/4652","targetHints":{"allow":["GET"]}}],"collection":[{"href":"https:\/\/woo-themes-plugins.com\/de\/wp-json\/wp\/v2\/product"}],"about":[{"href":"https:\/\/woo-themes-plugins.com\/de\/wp-json\/wp\/v2\/types\/product"}],"wp:featuredmedia":[{"embeddable":true,"href":"https:\/\/woo-themes-plugins.com\/de\/wp-json\/wp\/v2\/media\/2488"}],"wp:attachment":[{"href":"https:\/\/woo-themes-plugins.com\/de\/wp-json\/wp\/v2\/media?parent=4652"}],"wp:term":[{"taxonomy":"product_cat","embeddable":true,"href":"https:\/\/woo-themes-plugins.com\/de\/wp-json\/wp\/v2\/product_cat?post=4652"},{"taxonomy":"product_tag","embeddable":true,"href":"https:\/\/woo-themes-plugins.com\/de\/wp-json\/wp\/v2\/product_tag?post=4652"}],"curies":[{"name":"wp","href":"https:\/\/api.w.org\/{rel}","templated":true}]}}