{"id":4653,"date":"2018-03-26T07:41:01","date_gmt":"2018-03-26T06:41:01","guid":{"rendered":"https:\/\/woo-themes-plugins.com\/product\/table-rate-shipping-kostenloser-versand-plugin-woocommerce-plugin\/"},"modified":"2018-03-26T07:41:01","modified_gmt":"2018-03-26T06:41:01","slug":"table-rate-shipping-kostenloser-versand-plugin-woocommerce-plugin","status":"publish","type":"product","link":"https:\/\/woo-themes-plugins.com\/de\/product\/table-rate-shipping-kostenloser-versand-plugin-woocommerce-plugin\/","title":{"rendered":"Table Rate Shipping &#8211; Kostenloser Versand Plugin &#8211; WooCommerce Plugin"},"content":{"rendered":"<p><span id=\"result_box\" class=\"\" lang=\"de\"><span title=\"R\u00e9sumer ce plugin WooCommerce est simple : il va te permettre d'acc\u00e9der \u00e0 des options de livraisons avanc\u00e9es.\n\n\">Die Zusammenfassung dieses WooCommerce-Plugins ist einfach: Es erm\u00f6glicht Ihnen den Zugriff auf erweiterte Versandoptionen.<\/p>\n<p><\/span><span title=\"Ce plugin table Rate Shipping accro\u00eet les options d'exp\u00e9ditions par d\u00e9faut de WooCommerce, nous offrant la possibilit\u00e9 de personnaliser l'ensemble de ces options.\">Dieses Rate-Shipping-Tabellen-Plugin erweitert die Standard-Versandoptionen von WooCommerce und gibt uns die M\u00f6glichkeit, all diese Optionen anzupassen. <\/span><span title=\"Nous allons enfin pouvoir d\u00e9finir des frais de livraisons bas\u00e9s sur de multiples crit\u00e8res comme le prix, le poids, le lieu de livraison, le nombre d'articles dans le panier client...\n\n\">Endlich k\u00f6nnen wir die Versandkosten anhand mehrerer Kriterien wie Preis, Gewicht, Lieferort, Anzahl der Artikel im Kundenkorb definieren &#8230;<\/p>\n<p><\/span><span title=\"Ce plugin WooCommerce va donc te permettre de g\u00e9rer de nombreux tables de frais de livraisons par zone g\u00e9ographique, offrir la possibilit\u00e9 d'avoir plusieurs syst\u00e8me de calcul des frais de livraison bas\u00e9es sur diff\u00e9rents types de donn\u00e9es comme le poids ou la quantit\u00e9 et le tout sera\">Dieses WooCommerce-Plugin erm\u00f6glicht es Ihnen daher, viele Tabellen von Versandkosten nach geografischen Gebieten zu verwalten, bieten Sie die M\u00f6glichkeit, mehrere Systeme zur Berechnung der Versandkosten basierend auf verschiedenen Arten von Daten wie Gewicht oder Menge und alles wird <\/span><span title=\"m\u00eame g\u00e9rable finement car tu pourras d\u00e9cider si une r\u00e8gle s'applique par ligne produit ou sur la totalit\u00e9 de la commande.\n\n\">sogar \u00fcberschaubar, weil Sie entscheiden k\u00f6nnen, ob eine Regel f\u00fcr die erzeugte Linie oder f\u00fcr die Gesamtheit des Befehls gilt.<\/p>\n<p><\/span><span title=\"Une interface intuitive pour un outil WooCommerce puissant lorsqu'il est question de g\u00e9rer ses frais de livraison avec tr\u00e8s grande pr\u00e9cision.\">Eine intuitive Oberfl\u00e4che f\u00fcr ein leistungsstarkes WooCommerce-Tool, wenn es darum geht, die Versandkosten mit hoher Pr\u00e4zision zu verwalten.<\/span><\/span><\/p>\n","protected":false},"excerpt":{"rendered":"<p><span id=\"result_box\" class=\"\" lang=\"de\">Mit diesem Plugin f\u00fcr WooCommerce, das von demselben Team entwickelt und entwickelt wurde, k\u00f6nnen Sie Ihre Versandkosten auf der Basis vieler Kriterien sehr feinf\u00fchlig verwalten.<\/span><\/p>\n","protected":false},"featured_media":2496,"template":"","meta":{"_monsterinsights_skip_tracking":false,"_monsterinsights_sitenote_active":false,"_monsterinsights_sitenote_note":"","_monsterinsights_sitenote_category":0},"product_cat":[208],"product_tag":[1113],"class_list":["post-4653","product","type-product","status-publish","has-post-thumbnail","hentry","product_cat-plugin-woocommerce-de","product_tag-woocommerce-lieferung","pa_dev-woo-plugin-theme-woocommerce-de","pa_marketplace-woocommerce-woocommerce-com-de"],"yoast_head":"<!-- This site is optimized with the Yoast SEO plugin v23.1 - https:\/\/yoast.com\/wordpress\/plugins\/seo\/ -->\n<title>Table Rate Shipping - Kostenloser Versand Plugin - WooCommerce Plugin<\/title>\n<meta name=\"description\" content=\"Ben\u00f6tigen Sie Zugang zu erweiterten Konfigurationen, um Ihre Versandkosten auf Ihrer WooCommerce-Website zu verwalten? Table Rate Shipping ist die WooCommerce-Erweiterung, mit der Sie alle Ihre Versandkosten auf Artikelebene verwalten k\u00f6nnen, falls erforderlich. Ein offizielles WooCommerce-Plugin.\" \/>\n<meta name=\"robots\" content=\"index, follow, max-snippet:-1, max-image-preview:large, max-video-preview:-1\" \/>\n<link rel=\"canonical\" href=\"https:\/\/woo-themes-plugins.com\/de\/produkt\/table-rate-shipping-kostenloser-versand-plugin-woocommerce-plugin\/\" \/>\n<meta property=\"og:locale\" content=\"de_DE\" \/>\n<meta property=\"og:type\" content=\"article\" \/>\n<meta property=\"og:title\" content=\"Table Rate Shipping - Kostenloser Versand Plugin - WooCommerce Plugin\" \/>\n<meta property=\"og:description\" content=\"Ben\u00f6tigen Sie Zugang zu erweiterten Konfigurationen, um Ihre Versandkosten auf Ihrer WooCommerce-Website zu verwalten? Table Rate Shipping ist die WooCommerce-Erweiterung, mit der Sie alle Ihre Versandkosten auf Artikelebene verwalten k\u00f6nnen, falls erforderlich. Ein offizielles WooCommerce-Plugin.\" \/>\n<meta property=\"og:url\" content=\"https:\/\/woo-themes-plugins.com\/de\/produkt\/table-rate-shipping-kostenloser-versand-plugin-woocommerce-plugin\/\" \/>\n<meta property=\"og:site_name\" content=\"Woo-themes-plugins.com\" \/>\n<meta property=\"og:image\" content=\"https:\/\/woo-themes-plugins.com\/wp-content\/uploads\/sites\/7\/2018\/03\/woo-themes-plugins_woocommerce-table-rate-shipping-plugin-woocommerce.jpg\" \/>\n\t<meta property=\"og:image:width\" content=\"900\" \/>\n\t<meta property=\"og:image:height\" content=\"900\" \/>\n\t<meta property=\"og:image:type\" content=\"image\/jpeg\" \/>\n<meta name=\"twitter:label1\" content=\"Gesch\u00e4tzte Lesezeit\" \/>\n\t<meta name=\"twitter:data1\" content=\"1\u00a0Minute\" \/>\n<script type=\"application\/ld+json\" class=\"yoast-schema-graph\">{\"@context\":\"https:\/\/schema.org\",\"@graph\":[{\"@type\":\"WebPage\",\"@id\":\"https:\/\/woo-themes-plugins.com\/de\/produkt\/table-rate-shipping-kostenloser-versand-plugin-woocommerce-plugin\/\",\"url\":\"https:\/\/woo-themes-plugins.com\/de\/produkt\/table-rate-shipping-kostenloser-versand-plugin-woocommerce-plugin\/\",\"name\":\"Table Rate Shipping - Kostenloser Versand Plugin - WooCommerce Plugin\",\"isPartOf\":{\"@id\":\"https:\/\/woo-themes-plugins.com\/it\/#website\"},\"primaryImageOfPage\":{\"@id\":\"https:\/\/woo-themes-plugins.com\/de\/produkt\/table-rate-shipping-kostenloser-versand-plugin-woocommerce-plugin\/#primaryimage\"},\"image\":{\"@id\":\"https:\/\/woo-themes-plugins.com\/de\/produkt\/table-rate-shipping-kostenloser-versand-plugin-woocommerce-plugin\/#primaryimage\"},\"thumbnailUrl\":\"https:\/\/woo-themes-plugins.com\/wp-content\/uploads\/sites\/7\/2018\/03\/woo-themes-plugins_woocommerce-table-rate-shipping-plugin-woocommerce.jpg\",\"datePublished\":\"2018-03-26T06:41:01+00:00\",\"dateModified\":\"2018-03-26T06:41:01+00:00\",\"description\":\"Ben\u00f6tigen Sie Zugang zu erweiterten Konfigurationen, um Ihre Versandkosten auf Ihrer WooCommerce-Website zu verwalten? Table Rate Shipping ist die WooCommerce-Erweiterung, mit der Sie alle Ihre Versandkosten auf Artikelebene verwalten k\u00f6nnen, falls erforderlich. Ein offizielles WooCommerce-Plugin.\",\"breadcrumb\":{\"@id\":\"https:\/\/woo-themes-plugins.com\/de\/produkt\/table-rate-shipping-kostenloser-versand-plugin-woocommerce-plugin\/#breadcrumb\"},\"inLanguage\":\"de\",\"potentialAction\":[{\"@type\":\"ReadAction\",\"target\":[\"https:\/\/woo-themes-plugins.com\/de\/produkt\/table-rate-shipping-kostenloser-versand-plugin-woocommerce-plugin\/\"]}]},{\"@type\":\"ImageObject\",\"inLanguage\":\"de\",\"@id\":\"https:\/\/woo-themes-plugins.com\/de\/produkt\/table-rate-shipping-kostenloser-versand-plugin-woocommerce-plugin\/#primaryimage\",\"url\":\"https:\/\/woo-themes-plugins.com\/wp-content\/uploads\/sites\/7\/2018\/03\/woo-themes-plugins_woocommerce-table-rate-shipping-plugin-woocommerce.jpg\",\"contentUrl\":\"https:\/\/woo-themes-plugins.com\/wp-content\/uploads\/sites\/7\/2018\/03\/woo-themes-plugins_woocommerce-table-rate-shipping-plugin-woocommerce.jpg\",\"width\":900,\"height\":900},{\"@type\":\"BreadcrumbList\",\"@id\":\"https:\/\/woo-themes-plugins.com\/de\/produkt\/table-rate-shipping-kostenloser-versand-plugin-woocommerce-plugin\/#breadcrumb\",\"itemListElement\":[{\"@type\":\"ListItem\",\"position\":1,\"name\":\"Accueil\",\"item\":\"https:\/\/woo-themes-plugins.com\/fr\/\"},{\"@type\":\"ListItem\",\"position\":2,\"name\":\"Shop\",\"item\":\"https:\/\/woo-themes-plugins.com\/shop\/\"},{\"@type\":\"ListItem\",\"position\":3,\"name\":\"Table Rate Shipping &#8211; Kostenloser Versand Plugin &#8211; WooCommerce Plugin\"}]},{\"@type\":\"WebSite\",\"@id\":\"https:\/\/woo-themes-plugins.com\/it\/#website\",\"url\":\"https:\/\/woo-themes-plugins.com\/it\/\",\"name\":\"Woo-themes-plugins.com\",\"description\":\"Tous les th\u00e8mes et plugins WooCommerce Premium\",\"potentialAction\":[{\"@type\":\"SearchAction\",\"target\":{\"@type\":\"EntryPoint\",\"urlTemplate\":\"https:\/\/woo-themes-plugins.com\/it\/?s={search_term_string}\"},\"query-input\":\"required name=search_term_string\"}],\"inLanguage\":\"de\"}]}<\/script>\n<!-- \/ Yoast SEO plugin. -->","yoast_head_json":{"title":"Table Rate Shipping - Kostenloser Versand Plugin - WooCommerce Plugin","description":"Ben\u00f6tigen Sie Zugang zu erweiterten Konfigurationen, um Ihre Versandkosten auf Ihrer WooCommerce-Website zu verwalten? Table Rate Shipping ist die WooCommerce-Erweiterung, mit der Sie alle Ihre Versandkosten auf Artikelebene verwalten k\u00f6nnen, falls erforderlich. Ein offizielles WooCommerce-Plugin.","robots":{"index":"index","follow":"follow","max-snippet":"max-snippet:-1","max-image-preview":"max-image-preview:large","max-video-preview":"max-video-preview:-1"},"canonical":"https:\/\/woo-themes-plugins.com\/de\/produkt\/table-rate-shipping-kostenloser-versand-plugin-woocommerce-plugin\/","og_locale":"de_DE","og_type":"article","og_title":"Table Rate Shipping - Kostenloser Versand Plugin - WooCommerce Plugin","og_description":"Ben\u00f6tigen Sie Zugang zu erweiterten Konfigurationen, um Ihre Versandkosten auf Ihrer WooCommerce-Website zu verwalten? Table Rate Shipping ist die WooCommerce-Erweiterung, mit der Sie alle Ihre Versandkosten auf Artikelebene verwalten k\u00f6nnen, falls erforderlich. Ein offizielles WooCommerce-Plugin.","og_url":"https:\/\/woo-themes-plugins.com\/de\/produkt\/table-rate-shipping-kostenloser-versand-plugin-woocommerce-plugin\/","og_site_name":"Woo-themes-plugins.com","og_image":[{"width":900,"height":900,"url":"https:\/\/woo-themes-plugins.com\/wp-content\/uploads\/sites\/7\/2018\/03\/woo-themes-plugins_woocommerce-table-rate-shipping-plugin-woocommerce.jpg","type":"image\/jpeg"}],"twitter_misc":{"Gesch\u00e4tzte Lesezeit":"1\u00a0Minute"},"schema":{"@context":"https:\/\/schema.org","@graph":[{"@type":"WebPage","@id":"https:\/\/woo-themes-plugins.com\/de\/produkt\/table-rate-shipping-kostenloser-versand-plugin-woocommerce-plugin\/","url":"https:\/\/woo-themes-plugins.com\/de\/produkt\/table-rate-shipping-kostenloser-versand-plugin-woocommerce-plugin\/","name":"Table Rate Shipping - Kostenloser Versand Plugin - WooCommerce Plugin","isPartOf":{"@id":"https:\/\/woo-themes-plugins.com\/it\/#website"},"primaryImageOfPage":{"@id":"https:\/\/woo-themes-plugins.com\/de\/produkt\/table-rate-shipping-kostenloser-versand-plugin-woocommerce-plugin\/#primaryimage"},"image":{"@id":"https:\/\/woo-themes-plugins.com\/de\/produkt\/table-rate-shipping-kostenloser-versand-plugin-woocommerce-plugin\/#primaryimage"},"thumbnailUrl":"https:\/\/woo-themes-plugins.com\/wp-content\/uploads\/sites\/7\/2018\/03\/woo-themes-plugins_woocommerce-table-rate-shipping-plugin-woocommerce.jpg","datePublished":"2018-03-26T06:41:01+00:00","dateModified":"2018-03-26T06:41:01+00:00","description":"Ben\u00f6tigen Sie Zugang zu erweiterten Konfigurationen, um Ihre Versandkosten auf Ihrer WooCommerce-Website zu verwalten? Table Rate Shipping ist die WooCommerce-Erweiterung, mit der Sie alle Ihre Versandkosten auf Artikelebene verwalten k\u00f6nnen, falls erforderlich. Ein offizielles WooCommerce-Plugin.","breadcrumb":{"@id":"https:\/\/woo-themes-plugins.com\/de\/produkt\/table-rate-shipping-kostenloser-versand-plugin-woocommerce-plugin\/#breadcrumb"},"inLanguage":"de","potentialAction":[{"@type":"ReadAction","target":["https:\/\/woo-themes-plugins.com\/de\/produkt\/table-rate-shipping-kostenloser-versand-plugin-woocommerce-plugin\/"]}]},{"@type":"ImageObject","inLanguage":"de","@id":"https:\/\/woo-themes-plugins.com\/de\/produkt\/table-rate-shipping-kostenloser-versand-plugin-woocommerce-plugin\/#primaryimage","url":"https:\/\/woo-themes-plugins.com\/wp-content\/uploads\/sites\/7\/2018\/03\/woo-themes-plugins_woocommerce-table-rate-shipping-plugin-woocommerce.jpg","contentUrl":"https:\/\/woo-themes-plugins.com\/wp-content\/uploads\/sites\/7\/2018\/03\/woo-themes-plugins_woocommerce-table-rate-shipping-plugin-woocommerce.jpg","width":900,"height":900},{"@type":"BreadcrumbList","@id":"https:\/\/woo-themes-plugins.com\/de\/produkt\/table-rate-shipping-kostenloser-versand-plugin-woocommerce-plugin\/#breadcrumb","itemListElement":[{"@type":"ListItem","position":1,"name":"Accueil","item":"https:\/\/woo-themes-plugins.com\/fr\/"},{"@type":"ListItem","position":2,"name":"Shop","item":"https:\/\/woo-themes-plugins.com\/shop\/"},{"@type":"ListItem","position":3,"name":"Table Rate Shipping &#8211; Kostenloser Versand Plugin &#8211; WooCommerce Plugin"}]},{"@type":"WebSite","@id":"https:\/\/woo-themes-plugins.com\/it\/#website","url":"https:\/\/woo-themes-plugins.com\/it\/","name":"Woo-themes-plugins.com","description":"Tous les th\u00e8mes et plugins WooCommerce Premium","potentialAction":[{"@type":"SearchAction","target":{"@type":"EntryPoint","urlTemplate":"https:\/\/woo-themes-plugins.com\/it\/?s={search_term_string}"},"query-input":"required name=search_term_string"}],"inLanguage":"de"}]}},"_links":{"self":[{"href":"https:\/\/woo-themes-plugins.com\/de\/wp-json\/wp\/v2\/product\/4653","targetHints":{"allow":["GET"]}}],"collection":[{"href":"https:\/\/woo-themes-plugins.com\/de\/wp-json\/wp\/v2\/product"}],"about":[{"href":"https:\/\/woo-themes-plugins.com\/de\/wp-json\/wp\/v2\/types\/product"}],"wp:featuredmedia":[{"embeddable":true,"href":"https:\/\/woo-themes-plugins.com\/de\/wp-json\/wp\/v2\/media\/2496"}],"wp:attachment":[{"href":"https:\/\/woo-themes-plugins.com\/de\/wp-json\/wp\/v2\/media?parent=4653"}],"wp:term":[{"taxonomy":"product_cat","embeddable":true,"href":"https:\/\/woo-themes-plugins.com\/de\/wp-json\/wp\/v2\/product_cat?post=4653"},{"taxonomy":"product_tag","embeddable":true,"href":"https:\/\/woo-themes-plugins.com\/de\/wp-json\/wp\/v2\/product_tag?post=4653"}],"curies":[{"name":"wp","href":"https:\/\/api.w.org\/{rel}","templated":true}]}}