{"id":4654,"date":"2018-03-26T07:44:47","date_gmt":"2018-03-26T06:44:47","guid":{"rendered":"https:\/\/woo-themes-plugins.com\/product\/storefront-erweiterungspaket-anpassung-der-storefront-woocommerce-plugin\/"},"modified":"2018-03-26T07:44:47","modified_gmt":"2018-03-26T06:44:47","slug":"storefront-erweiterungspaket-anpassung-der-storefront-woocommerce-plugin","status":"publish","type":"product","link":"https:\/\/woo-themes-plugins.com\/de\/product\/storefront-erweiterungspaket-anpassung-der-storefront-woocommerce-plugin\/","title":{"rendered":"Storefront-Erweiterungspaket &#8211; Anpassung der Storefront &#8211; WooCommerce-Plugin"},"content":{"rendered":"<p><span id=\"result_box\" class=\"\" lang=\"de\">Storefront ist das WooCommerce-Thema<\/p>\n<p>Storefront Extensions Bundle erm\u00f6glicht Ihnen die Kontrolle \u00fcber alle Elemente, die Storefront bilden, direkt in der Personalisierungsoberfl\u00e4che von WordPress. Dieses Plugin ist tief in die klassische Funktionsweise von WordPress und letztendlich WooCommerce integriert.<\/p>\n<p>Unter all den Elementen, die Sie mit diesem WooCommerce-Plugin anpassen k\u00f6nnen, ist die Startseite eine davon. Da der erste Eindruck enorm z\u00e4hlt, ist auf einer E-Commerce-Site die Erstellung der Homepage ein wesentliches Element. Sie k\u00f6nnen jede Komponente anpassen.<\/p>\n<p><span class=\"\">Dar\u00fcber hinaus erm\u00f6glicht Ihnen dieses WooCommerce-Plugin den Zugriff auf eine Personalisierungsoberfl\u00e4che, Checkouts und sch\u00f6ne Produktbewertungen oder einen Einkaufswagen im Sticky-Modus.<\/span><\/span><\/p>\n","protected":false},"excerpt":{"rendered":"<p><span id=\"result_box\" class=\"\" lang=\"de\">Alle wesentlichen Tools und Plugins zur Anpassung des Stils und der Funktionalit\u00e4t des von WooCommerce entwickelten Storefront-Themes.<\/span><\/p>\n","protected":false},"featured_media":2932,"template":"","meta":{"_monsterinsights_skip_tracking":false,"_monsterinsights_sitenote_active":false,"_monsterinsights_sitenote_note":"","_monsterinsights_sitenote_category":0},"product_cat":[208],"product_tag":[963,1057,1044,1114],"class_list":["post-4654","product","type-product","status-publish","has-post-thumbnail","hentry","product_cat-plugin-woocommerce-de","product_tag-bundle-plugins-premium-de","product_tag-personalisierbare-woocommerce-themen","product_tag-umbautunnel-kasse-woocommerce","product_tag-unverzichtbare-woocommerce","pa_dev-woo-plugin-theme-woocommerce-de","pa_marketplace-woocommerce-woocommerce-com-de"],"yoast_head":"<!-- This site is optimized with the Yoast SEO plugin v23.1 - https:\/\/yoast.com\/wordpress\/plugins\/seo\/ -->\n<title>Storefront-Erweiterungspaket - Storefront-Anpassung und Plugins<\/title>\n<meta name=\"description\" content=\"Customize Storefront ist dank dieses WooCommerce Plugins einfach. Storefront Extensions Bundle erm\u00f6glicht Ihnen den Zugriff auf die Personalisierung der Storefront-Startseite, aber auch auf einen einzigartigen Warenkorb oder sogar Pro-Produktbewertungen. Eine unverzichtbare Storefront-Erweiterung.\" \/>\n<meta name=\"robots\" content=\"index, follow, max-snippet:-1, max-image-preview:large, max-video-preview:-1\" \/>\n<link rel=\"canonical\" href=\"https:\/\/woo-themes-plugins.com\/de\/produkt\/storefront-erweiterungspaket-anpassung-der-storefront-woocommerce-plugin\/\" \/>\n<meta property=\"og:locale\" content=\"de_DE\" \/>\n<meta property=\"og:type\" content=\"article\" \/>\n<meta property=\"og:title\" content=\"Storefront-Erweiterungspaket - Storefront-Anpassung und Plugins\" \/>\n<meta property=\"og:description\" content=\"Customize Storefront ist dank dieses WooCommerce Plugins einfach. Storefront Extensions Bundle erm\u00f6glicht Ihnen den Zugriff auf die Personalisierung der Storefront-Startseite, aber auch auf einen einzigartigen Warenkorb oder sogar Pro-Produktbewertungen. Eine unverzichtbare Storefront-Erweiterung.\" \/>\n<meta property=\"og:url\" content=\"https:\/\/woo-themes-plugins.com\/de\/produkt\/storefront-erweiterungspaket-anpassung-der-storefront-woocommerce-plugin\/\" \/>\n<meta property=\"og:site_name\" content=\"Woo-themes-plugins.com\" \/>\n<meta property=\"og:image\" content=\"https:\/\/woo-themes-plugins.com\/wp-content\/uploads\/sites\/7\/2018\/03\/woo-themes-plugins_woocommerce-storefront-extensions-bundle-plugin-woocommerce.jpg\" \/>\n\t<meta property=\"og:image:width\" content=\"900\" \/>\n\t<meta property=\"og:image:height\" content=\"900\" \/>\n\t<meta property=\"og:image:type\" content=\"image\/jpeg\" \/>\n<meta name=\"twitter:label1\" content=\"Gesch\u00e4tzte Lesezeit\" \/>\n\t<meta name=\"twitter:data1\" content=\"1\u00a0Minute\" \/>\n<script type=\"application\/ld+json\" class=\"yoast-schema-graph\">{\"@context\":\"https:\/\/schema.org\",\"@graph\":[{\"@type\":\"WebPage\",\"@id\":\"https:\/\/woo-themes-plugins.com\/de\/produkt\/storefront-erweiterungspaket-anpassung-der-storefront-woocommerce-plugin\/\",\"url\":\"https:\/\/woo-themes-plugins.com\/de\/produkt\/storefront-erweiterungspaket-anpassung-der-storefront-woocommerce-plugin\/\",\"name\":\"Storefront-Erweiterungspaket - Storefront-Anpassung und Plugins\",\"isPartOf\":{\"@id\":\"https:\/\/woo-themes-plugins.com\/it\/#website\"},\"primaryImageOfPage\":{\"@id\":\"https:\/\/woo-themes-plugins.com\/de\/produkt\/storefront-erweiterungspaket-anpassung-der-storefront-woocommerce-plugin\/#primaryimage\"},\"image\":{\"@id\":\"https:\/\/woo-themes-plugins.com\/de\/produkt\/storefront-erweiterungspaket-anpassung-der-storefront-woocommerce-plugin\/#primaryimage\"},\"thumbnailUrl\":\"https:\/\/woo-themes-plugins.com\/wp-content\/uploads\/sites\/7\/2018\/03\/woo-themes-plugins_woocommerce-storefront-extensions-bundle-plugin-woocommerce.jpg\",\"datePublished\":\"2018-03-26T06:44:47+00:00\",\"dateModified\":\"2018-03-26T06:44:47+00:00\",\"description\":\"Customize Storefront ist dank dieses WooCommerce Plugins einfach. Storefront Extensions Bundle erm\u00f6glicht Ihnen den Zugriff auf die Personalisierung der Storefront-Startseite, aber auch auf einen einzigartigen Warenkorb oder sogar Pro-Produktbewertungen. Eine unverzichtbare Storefront-Erweiterung.\",\"breadcrumb\":{\"@id\":\"https:\/\/woo-themes-plugins.com\/de\/produkt\/storefront-erweiterungspaket-anpassung-der-storefront-woocommerce-plugin\/#breadcrumb\"},\"inLanguage\":\"de\",\"potentialAction\":[{\"@type\":\"ReadAction\",\"target\":[\"https:\/\/woo-themes-plugins.com\/de\/produkt\/storefront-erweiterungspaket-anpassung-der-storefront-woocommerce-plugin\/\"]}]},{\"@type\":\"ImageObject\",\"inLanguage\":\"de\",\"@id\":\"https:\/\/woo-themes-plugins.com\/de\/produkt\/storefront-erweiterungspaket-anpassung-der-storefront-woocommerce-plugin\/#primaryimage\",\"url\":\"https:\/\/woo-themes-plugins.com\/wp-content\/uploads\/sites\/7\/2018\/03\/woo-themes-plugins_woocommerce-storefront-extensions-bundle-plugin-woocommerce.jpg\",\"contentUrl\":\"https:\/\/woo-themes-plugins.com\/wp-content\/uploads\/sites\/7\/2018\/03\/woo-themes-plugins_woocommerce-storefront-extensions-bundle-plugin-woocommerce.jpg\",\"width\":900,\"height\":900},{\"@type\":\"BreadcrumbList\",\"@id\":\"https:\/\/woo-themes-plugins.com\/de\/produkt\/storefront-erweiterungspaket-anpassung-der-storefront-woocommerce-plugin\/#breadcrumb\",\"itemListElement\":[{\"@type\":\"ListItem\",\"position\":1,\"name\":\"Accueil\",\"item\":\"https:\/\/woo-themes-plugins.com\/fr\/\"},{\"@type\":\"ListItem\",\"position\":2,\"name\":\"Shop\",\"item\":\"https:\/\/woo-themes-plugins.com\/shop\/\"},{\"@type\":\"ListItem\",\"position\":3,\"name\":\"Storefront-Erweiterungspaket &#8211; Anpassung der Storefront &#8211; WooCommerce-Plugin\"}]},{\"@type\":\"WebSite\",\"@id\":\"https:\/\/woo-themes-plugins.com\/it\/#website\",\"url\":\"https:\/\/woo-themes-plugins.com\/it\/\",\"name\":\"Woo-themes-plugins.com\",\"description\":\"Tous les th\u00e8mes et plugins WooCommerce Premium\",\"potentialAction\":[{\"@type\":\"SearchAction\",\"target\":{\"@type\":\"EntryPoint\",\"urlTemplate\":\"https:\/\/woo-themes-plugins.com\/it\/?s={search_term_string}\"},\"query-input\":\"required name=search_term_string\"}],\"inLanguage\":\"de\"}]}<\/script>\n<!-- \/ Yoast SEO plugin. -->","yoast_head_json":{"title":"Storefront-Erweiterungspaket - Storefront-Anpassung und Plugins","description":"Customize Storefront ist dank dieses WooCommerce Plugins einfach. Storefront Extensions Bundle erm\u00f6glicht Ihnen den Zugriff auf die Personalisierung der Storefront-Startseite, aber auch auf einen einzigartigen Warenkorb oder sogar Pro-Produktbewertungen. Eine unverzichtbare Storefront-Erweiterung.","robots":{"index":"index","follow":"follow","max-snippet":"max-snippet:-1","max-image-preview":"max-image-preview:large","max-video-preview":"max-video-preview:-1"},"canonical":"https:\/\/woo-themes-plugins.com\/de\/produkt\/storefront-erweiterungspaket-anpassung-der-storefront-woocommerce-plugin\/","og_locale":"de_DE","og_type":"article","og_title":"Storefront-Erweiterungspaket - Storefront-Anpassung und Plugins","og_description":"Customize Storefront ist dank dieses WooCommerce Plugins einfach. Storefront Extensions Bundle erm\u00f6glicht Ihnen den Zugriff auf die Personalisierung der Storefront-Startseite, aber auch auf einen einzigartigen Warenkorb oder sogar Pro-Produktbewertungen. Eine unverzichtbare Storefront-Erweiterung.","og_url":"https:\/\/woo-themes-plugins.com\/de\/produkt\/storefront-erweiterungspaket-anpassung-der-storefront-woocommerce-plugin\/","og_site_name":"Woo-themes-plugins.com","og_image":[{"width":900,"height":900,"url":"https:\/\/woo-themes-plugins.com\/wp-content\/uploads\/sites\/7\/2018\/03\/woo-themes-plugins_woocommerce-storefront-extensions-bundle-plugin-woocommerce.jpg","type":"image\/jpeg"}],"twitter_misc":{"Gesch\u00e4tzte Lesezeit":"1\u00a0Minute"},"schema":{"@context":"https:\/\/schema.org","@graph":[{"@type":"WebPage","@id":"https:\/\/woo-themes-plugins.com\/de\/produkt\/storefront-erweiterungspaket-anpassung-der-storefront-woocommerce-plugin\/","url":"https:\/\/woo-themes-plugins.com\/de\/produkt\/storefront-erweiterungspaket-anpassung-der-storefront-woocommerce-plugin\/","name":"Storefront-Erweiterungspaket - Storefront-Anpassung und Plugins","isPartOf":{"@id":"https:\/\/woo-themes-plugins.com\/it\/#website"},"primaryImageOfPage":{"@id":"https:\/\/woo-themes-plugins.com\/de\/produkt\/storefront-erweiterungspaket-anpassung-der-storefront-woocommerce-plugin\/#primaryimage"},"image":{"@id":"https:\/\/woo-themes-plugins.com\/de\/produkt\/storefront-erweiterungspaket-anpassung-der-storefront-woocommerce-plugin\/#primaryimage"},"thumbnailUrl":"https:\/\/woo-themes-plugins.com\/wp-content\/uploads\/sites\/7\/2018\/03\/woo-themes-plugins_woocommerce-storefront-extensions-bundle-plugin-woocommerce.jpg","datePublished":"2018-03-26T06:44:47+00:00","dateModified":"2018-03-26T06:44:47+00:00","description":"Customize Storefront ist dank dieses WooCommerce Plugins einfach. Storefront Extensions Bundle erm\u00f6glicht Ihnen den Zugriff auf die Personalisierung der Storefront-Startseite, aber auch auf einen einzigartigen Warenkorb oder sogar Pro-Produktbewertungen. Eine unverzichtbare Storefront-Erweiterung.","breadcrumb":{"@id":"https:\/\/woo-themes-plugins.com\/de\/produkt\/storefront-erweiterungspaket-anpassung-der-storefront-woocommerce-plugin\/#breadcrumb"},"inLanguage":"de","potentialAction":[{"@type":"ReadAction","target":["https:\/\/woo-themes-plugins.com\/de\/produkt\/storefront-erweiterungspaket-anpassung-der-storefront-woocommerce-plugin\/"]}]},{"@type":"ImageObject","inLanguage":"de","@id":"https:\/\/woo-themes-plugins.com\/de\/produkt\/storefront-erweiterungspaket-anpassung-der-storefront-woocommerce-plugin\/#primaryimage","url":"https:\/\/woo-themes-plugins.com\/wp-content\/uploads\/sites\/7\/2018\/03\/woo-themes-plugins_woocommerce-storefront-extensions-bundle-plugin-woocommerce.jpg","contentUrl":"https:\/\/woo-themes-plugins.com\/wp-content\/uploads\/sites\/7\/2018\/03\/woo-themes-plugins_woocommerce-storefront-extensions-bundle-plugin-woocommerce.jpg","width":900,"height":900},{"@type":"BreadcrumbList","@id":"https:\/\/woo-themes-plugins.com\/de\/produkt\/storefront-erweiterungspaket-anpassung-der-storefront-woocommerce-plugin\/#breadcrumb","itemListElement":[{"@type":"ListItem","position":1,"name":"Accueil","item":"https:\/\/woo-themes-plugins.com\/fr\/"},{"@type":"ListItem","position":2,"name":"Shop","item":"https:\/\/woo-themes-plugins.com\/shop\/"},{"@type":"ListItem","position":3,"name":"Storefront-Erweiterungspaket &#8211; Anpassung der Storefront &#8211; WooCommerce-Plugin"}]},{"@type":"WebSite","@id":"https:\/\/woo-themes-plugins.com\/it\/#website","url":"https:\/\/woo-themes-plugins.com\/it\/","name":"Woo-themes-plugins.com","description":"Tous les th\u00e8mes et plugins WooCommerce Premium","potentialAction":[{"@type":"SearchAction","target":{"@type":"EntryPoint","urlTemplate":"https:\/\/woo-themes-plugins.com\/it\/?s={search_term_string}"},"query-input":"required name=search_term_string"}],"inLanguage":"de"}]}},"_links":{"self":[{"href":"https:\/\/woo-themes-plugins.com\/de\/wp-json\/wp\/v2\/product\/4654","targetHints":{"allow":["GET"]}}],"collection":[{"href":"https:\/\/woo-themes-plugins.com\/de\/wp-json\/wp\/v2\/product"}],"about":[{"href":"https:\/\/woo-themes-plugins.com\/de\/wp-json\/wp\/v2\/types\/product"}],"wp:featuredmedia":[{"embeddable":true,"href":"https:\/\/woo-themes-plugins.com\/de\/wp-json\/wp\/v2\/media\/2932"}],"wp:attachment":[{"href":"https:\/\/woo-themes-plugins.com\/de\/wp-json\/wp\/v2\/media?parent=4654"}],"wp:term":[{"taxonomy":"product_cat","embeddable":true,"href":"https:\/\/woo-themes-plugins.com\/de\/wp-json\/wp\/v2\/product_cat?post=4654"},{"taxonomy":"product_tag","embeddable":true,"href":"https:\/\/woo-themes-plugins.com\/de\/wp-json\/wp\/v2\/product_tag?post=4654"}],"curies":[{"name":"wp","href":"https:\/\/api.w.org\/{rel}","templated":true}]}}