{"id":4655,"date":"2018-03-26T07:57:28","date_gmt":"2018-03-26T06:57:28","guid":{"rendered":"https:\/\/woo-themes-plugins.com\/product\/paypal-express-checkout-woocommerce-zahlungslosung-woocommerce-plugin\/"},"modified":"2018-03-26T07:57:28","modified_gmt":"2018-03-26T06:57:28","slug":"paypal-express-checkout-woocommerce-zahlungslosung-woocommerce-plugin","status":"publish","type":"product","link":"https:\/\/woo-themes-plugins.com\/de\/product\/paypal-express-checkout-woocommerce-zahlungslosung-woocommerce-plugin\/","title":{"rendered":"PayPal Express Checkout &#8211; WooCommerce Zahlungsl\u00f6sung &#8211; WooCommerce Plugin"},"content":{"rendered":"<p><span id=\"result_box\" class=\"\" lang=\"de\"><span title=\"Acc\u00e8de tout de suite \u00e0 la solution de paiement leader dans le monde du eCommerce, j'ai nomm\u00e9 Paypal.\">Gehen Sie direkt zur f\u00fchrenden Zahlungsl\u00f6sung in der Welt des eCommerce, ich nenne Paypal. <\/span><span title=\"Avec Paypal Express Checkout, les 179 millions de comptes actifs sur Paypal pourrant l'utiliser directement sur votre site WooCommrece.\n\n\">Mit Paypal Express Checkout k\u00f6nnen die 179 Millionen aktiven Paypal-Konten direkt auf Ihrer WooCommrece-Website genutzt werden.<\/p>\n<p><\/span><span title=\"Gr\u00e2ce \u00e0 Paypal Express Checkout, fini le le tunnel de conversion WooCommerce, tout se fait directement sur Paypal.\">Dank Paypal Express Checkout, dem WooCommerce Conversion Tunnel, ist alles direkt auf Paypal m\u00f6glich. <\/span><span title=\"De quoi ajouter une touche de confiance \u00e0 un site qui serait encore assez peu connu de son publique.\">Was einer Seite, die ihrer \u00d6ffentlichkeit noch relativ unbekannt ist, einen Hauch von Zuversicht verleiht. <\/span><span title=\"Lorsqu'un client poss\u00e9dant un compte Paypal cliquera sur le logo \u00e9ponyme dans son panier, il arrivera directement sur le checkout de Paypal.\">Wenn ein Kunde mit einem PayPal-Konto auf das gleichnamige Logo in seinem Warenkorb klickt, kommt er direkt an der Kasse von Paypal an. <\/span><span title=\"Cette simple astuce peut faire grimper votre chiffre d'affaire de plus de 40%.\">Dieser einfache Trick kann Ihren Umsatz um mehr als 40% steigern. <\/span><span title=\"Un ajout fonctionnelle presque indispensable \u00e0 WooCommerce.\n\n\">Eine funktionale Erg\u00e4nzung, die f\u00fcr WooCommerce fast unverzichtbar ist.<\/p>\n<p><\/span><span title=\"Cette extension WooCommerce gratuite te permettra donc de mettre en place Paypal sur ton site en un clic, te permettra d'accepter les cartes de bancaires typese Visa, MasterCard, American Express ou encore JCB, et te permettra d'utiliser virutellement toutes les monnaies du\">Diese kostenlose WooCommerce &#8211; Erweiterung erm\u00f6glicht es Ihnen, Paypal auf Ihrer Website mit einem Klick einzurichten, akzeptieren Sie Bankkarten wie Visa, MasterCard, American Express oder JCB und erlauben Ihnen, Virutally alle W\u00e4hrungen der <\/span><span title=\"monde sur ton site.\n\n\">Welt auf Ihrer Website.<\/p>\n<p><\/span><span title=\"C\u00f4t\u00e9 s\u00e9curit\u00e9, tout est du c\u00f4t\u00e9 de Paypal, tout le processus de paiement passant par lui.\">Seitliche Sicherheit, alles ist auf der Seite von Paypal, der ganze Zahlungsprozess durch ihn. <\/span><span title=\"Une fois tout valid\u00e9, la commande arrivera d\u00fbment compl\u00e9t\u00e9e sur ton interface d'administration des ventes WooCommerce.\">Sobald alles validiert ist, wird die Bestellung ordnungsgem\u00e4\u00df auf Ihrer WooCommerce-Verkaufsadministrationsschnittstelle abgeschlossen.<\/span><\/span><\/p>\n","protected":false},"excerpt":{"rendered":"<p><span id=\"result_box\" class=\"\" lang=\"de\">Das von den gleichen Autoren wie WooCommerce entwickelte Paypal Express Checkout-Plugin erm\u00f6glicht es Ihren Kunden, die WooCommerce-Checkout-Phase zu durchlaufen, um sofort zur Paypal-Site zu gelangen, um ihre Bestellung abwickeln zu k\u00f6nnen.<\/span><\/p>\n","protected":false},"featured_media":2512,"template":"","meta":{"_monsterinsights_skip_tracking":false,"_monsterinsights_sitenote_active":false,"_monsterinsights_sitenote_note":"","_monsterinsights_sitenote_category":0},"product_cat":[208],"product_tag":[1069,660,1044,1048],"class_list":["post-4655","product","type-product","status-publish","has-post-thumbnail","hentry","product_cat-plugin-woocommerce-de","product_tag-losungszahlung-woocommerce","product_tag-paypal-woocommerce-de","product_tag-umbautunnel-kasse-woocommerce","product_tag-woocommerce-befehle-exportieren-importieren-de","pa_dev-woo-plugin-theme-woocommerce-de","pa_marketplace-woocommerce-woocommerce-com-de"],"yoast_head":"<!-- This site is optimized with the Yoast SEO plugin v23.1 - https:\/\/yoast.com\/wordpress\/plugins\/seo\/ -->\n<title>PayPal Express Checkout - WooCommerce Zahlungsl\u00f6sung<\/title>\n<meta name=\"description\" content=\"Mit diesem WooCommerce-Plugin k\u00f6nnen Sie Ihre WooCommerce-Kasse mit einem Klick auf Paypal umstellen. Ein WooCommerce Checkout einfacher und sicherer dank Paypal Express Checkout f\u00fcr WooCommerce.\" \/>\n<meta name=\"robots\" content=\"index, follow, max-snippet:-1, max-image-preview:large, max-video-preview:-1\" \/>\n<link rel=\"canonical\" href=\"https:\/\/woo-themes-plugins.com\/de\/produkt\/paypal-express-checkout-woocommerce-zahlungslosung-woocommerce-plugin\/\" \/>\n<meta property=\"og:locale\" content=\"de_DE\" \/>\n<meta property=\"og:type\" content=\"article\" \/>\n<meta property=\"og:title\" content=\"PayPal Express Checkout - WooCommerce Zahlungsl\u00f6sung\" \/>\n<meta property=\"og:description\" content=\"Mit diesem WooCommerce-Plugin k\u00f6nnen Sie Ihre WooCommerce-Kasse mit einem Klick auf Paypal umstellen. Ein WooCommerce Checkout einfacher und sicherer dank Paypal Express Checkout f\u00fcr WooCommerce.\" \/>\n<meta property=\"og:url\" content=\"https:\/\/woo-themes-plugins.com\/de\/produkt\/paypal-express-checkout-woocommerce-zahlungslosung-woocommerce-plugin\/\" \/>\n<meta property=\"og:site_name\" content=\"Woo-themes-plugins.com\" \/>\n<meta property=\"og:image\" content=\"https:\/\/woo-themes-plugins.com\/wp-content\/uploads\/sites\/7\/2018\/03\/woo-themes-plugins_woocommerce-paypal-express-checkout-plugin-woocommerce.jpg\" \/>\n\t<meta property=\"og:image:width\" content=\"900\" \/>\n\t<meta property=\"og:image:height\" content=\"900\" \/>\n\t<meta property=\"og:image:type\" content=\"image\/jpeg\" \/>\n<meta name=\"twitter:label1\" content=\"Gesch\u00e4tzte Lesezeit\" \/>\n\t<meta name=\"twitter:data1\" content=\"1\u00a0Minute\" \/>\n<script type=\"application\/ld+json\" class=\"yoast-schema-graph\">{\"@context\":\"https:\/\/schema.org\",\"@graph\":[{\"@type\":\"WebPage\",\"@id\":\"https:\/\/woo-themes-plugins.com\/de\/produkt\/paypal-express-checkout-woocommerce-zahlungslosung-woocommerce-plugin\/\",\"url\":\"https:\/\/woo-themes-plugins.com\/de\/produkt\/paypal-express-checkout-woocommerce-zahlungslosung-woocommerce-plugin\/\",\"name\":\"PayPal Express Checkout - WooCommerce Zahlungsl\u00f6sung\",\"isPartOf\":{\"@id\":\"https:\/\/woo-themes-plugins.com\/it\/#website\"},\"primaryImageOfPage\":{\"@id\":\"https:\/\/woo-themes-plugins.com\/de\/produkt\/paypal-express-checkout-woocommerce-zahlungslosung-woocommerce-plugin\/#primaryimage\"},\"image\":{\"@id\":\"https:\/\/woo-themes-plugins.com\/de\/produkt\/paypal-express-checkout-woocommerce-zahlungslosung-woocommerce-plugin\/#primaryimage\"},\"thumbnailUrl\":\"https:\/\/woo-themes-plugins.com\/wp-content\/uploads\/sites\/7\/2018\/03\/woo-themes-plugins_woocommerce-paypal-express-checkout-plugin-woocommerce.jpg\",\"datePublished\":\"2018-03-26T06:57:28+00:00\",\"dateModified\":\"2018-03-26T06:57:28+00:00\",\"description\":\"Mit diesem WooCommerce-Plugin k\u00f6nnen Sie Ihre WooCommerce-Kasse mit einem Klick auf Paypal umstellen. Ein WooCommerce Checkout einfacher und sicherer dank Paypal Express Checkout f\u00fcr WooCommerce.\",\"breadcrumb\":{\"@id\":\"https:\/\/woo-themes-plugins.com\/de\/produkt\/paypal-express-checkout-woocommerce-zahlungslosung-woocommerce-plugin\/#breadcrumb\"},\"inLanguage\":\"de\",\"potentialAction\":[{\"@type\":\"ReadAction\",\"target\":[\"https:\/\/woo-themes-plugins.com\/de\/produkt\/paypal-express-checkout-woocommerce-zahlungslosung-woocommerce-plugin\/\"]}]},{\"@type\":\"ImageObject\",\"inLanguage\":\"de\",\"@id\":\"https:\/\/woo-themes-plugins.com\/de\/produkt\/paypal-express-checkout-woocommerce-zahlungslosung-woocommerce-plugin\/#primaryimage\",\"url\":\"https:\/\/woo-themes-plugins.com\/wp-content\/uploads\/sites\/7\/2018\/03\/woo-themes-plugins_woocommerce-paypal-express-checkout-plugin-woocommerce.jpg\",\"contentUrl\":\"https:\/\/woo-themes-plugins.com\/wp-content\/uploads\/sites\/7\/2018\/03\/woo-themes-plugins_woocommerce-paypal-express-checkout-plugin-woocommerce.jpg\",\"width\":900,\"height\":900},{\"@type\":\"BreadcrumbList\",\"@id\":\"https:\/\/woo-themes-plugins.com\/de\/produkt\/paypal-express-checkout-woocommerce-zahlungslosung-woocommerce-plugin\/#breadcrumb\",\"itemListElement\":[{\"@type\":\"ListItem\",\"position\":1,\"name\":\"Accueil\",\"item\":\"https:\/\/woo-themes-plugins.com\/fr\/\"},{\"@type\":\"ListItem\",\"position\":2,\"name\":\"Shop\",\"item\":\"https:\/\/woo-themes-plugins.com\/shop\/\"},{\"@type\":\"ListItem\",\"position\":3,\"name\":\"PayPal Express Checkout &#8211; WooCommerce Zahlungsl\u00f6sung &#8211; WooCommerce Plugin\"}]},{\"@type\":\"WebSite\",\"@id\":\"https:\/\/woo-themes-plugins.com\/it\/#website\",\"url\":\"https:\/\/woo-themes-plugins.com\/it\/\",\"name\":\"Woo-themes-plugins.com\",\"description\":\"Tous les th\u00e8mes et plugins WooCommerce Premium\",\"potentialAction\":[{\"@type\":\"SearchAction\",\"target\":{\"@type\":\"EntryPoint\",\"urlTemplate\":\"https:\/\/woo-themes-plugins.com\/it\/?s={search_term_string}\"},\"query-input\":\"required name=search_term_string\"}],\"inLanguage\":\"de\"}]}<\/script>\n<!-- \/ Yoast SEO plugin. -->","yoast_head_json":{"title":"PayPal Express Checkout - WooCommerce Zahlungsl\u00f6sung","description":"Mit diesem WooCommerce-Plugin k\u00f6nnen Sie Ihre WooCommerce-Kasse mit einem Klick auf Paypal umstellen. Ein WooCommerce Checkout einfacher und sicherer dank Paypal Express Checkout f\u00fcr WooCommerce.","robots":{"index":"index","follow":"follow","max-snippet":"max-snippet:-1","max-image-preview":"max-image-preview:large","max-video-preview":"max-video-preview:-1"},"canonical":"https:\/\/woo-themes-plugins.com\/de\/produkt\/paypal-express-checkout-woocommerce-zahlungslosung-woocommerce-plugin\/","og_locale":"de_DE","og_type":"article","og_title":"PayPal Express Checkout - WooCommerce Zahlungsl\u00f6sung","og_description":"Mit diesem WooCommerce-Plugin k\u00f6nnen Sie Ihre WooCommerce-Kasse mit einem Klick auf Paypal umstellen. Ein WooCommerce Checkout einfacher und sicherer dank Paypal Express Checkout f\u00fcr WooCommerce.","og_url":"https:\/\/woo-themes-plugins.com\/de\/produkt\/paypal-express-checkout-woocommerce-zahlungslosung-woocommerce-plugin\/","og_site_name":"Woo-themes-plugins.com","og_image":[{"width":900,"height":900,"url":"https:\/\/woo-themes-plugins.com\/wp-content\/uploads\/sites\/7\/2018\/03\/woo-themes-plugins_woocommerce-paypal-express-checkout-plugin-woocommerce.jpg","type":"image\/jpeg"}],"twitter_misc":{"Gesch\u00e4tzte Lesezeit":"1\u00a0Minute"},"schema":{"@context":"https:\/\/schema.org","@graph":[{"@type":"WebPage","@id":"https:\/\/woo-themes-plugins.com\/de\/produkt\/paypal-express-checkout-woocommerce-zahlungslosung-woocommerce-plugin\/","url":"https:\/\/woo-themes-plugins.com\/de\/produkt\/paypal-express-checkout-woocommerce-zahlungslosung-woocommerce-plugin\/","name":"PayPal Express Checkout - WooCommerce Zahlungsl\u00f6sung","isPartOf":{"@id":"https:\/\/woo-themes-plugins.com\/it\/#website"},"primaryImageOfPage":{"@id":"https:\/\/woo-themes-plugins.com\/de\/produkt\/paypal-express-checkout-woocommerce-zahlungslosung-woocommerce-plugin\/#primaryimage"},"image":{"@id":"https:\/\/woo-themes-plugins.com\/de\/produkt\/paypal-express-checkout-woocommerce-zahlungslosung-woocommerce-plugin\/#primaryimage"},"thumbnailUrl":"https:\/\/woo-themes-plugins.com\/wp-content\/uploads\/sites\/7\/2018\/03\/woo-themes-plugins_woocommerce-paypal-express-checkout-plugin-woocommerce.jpg","datePublished":"2018-03-26T06:57:28+00:00","dateModified":"2018-03-26T06:57:28+00:00","description":"Mit diesem WooCommerce-Plugin k\u00f6nnen Sie Ihre WooCommerce-Kasse mit einem Klick auf Paypal umstellen. Ein WooCommerce Checkout einfacher und sicherer dank Paypal Express Checkout f\u00fcr WooCommerce.","breadcrumb":{"@id":"https:\/\/woo-themes-plugins.com\/de\/produkt\/paypal-express-checkout-woocommerce-zahlungslosung-woocommerce-plugin\/#breadcrumb"},"inLanguage":"de","potentialAction":[{"@type":"ReadAction","target":["https:\/\/woo-themes-plugins.com\/de\/produkt\/paypal-express-checkout-woocommerce-zahlungslosung-woocommerce-plugin\/"]}]},{"@type":"ImageObject","inLanguage":"de","@id":"https:\/\/woo-themes-plugins.com\/de\/produkt\/paypal-express-checkout-woocommerce-zahlungslosung-woocommerce-plugin\/#primaryimage","url":"https:\/\/woo-themes-plugins.com\/wp-content\/uploads\/sites\/7\/2018\/03\/woo-themes-plugins_woocommerce-paypal-express-checkout-plugin-woocommerce.jpg","contentUrl":"https:\/\/woo-themes-plugins.com\/wp-content\/uploads\/sites\/7\/2018\/03\/woo-themes-plugins_woocommerce-paypal-express-checkout-plugin-woocommerce.jpg","width":900,"height":900},{"@type":"BreadcrumbList","@id":"https:\/\/woo-themes-plugins.com\/de\/produkt\/paypal-express-checkout-woocommerce-zahlungslosung-woocommerce-plugin\/#breadcrumb","itemListElement":[{"@type":"ListItem","position":1,"name":"Accueil","item":"https:\/\/woo-themes-plugins.com\/fr\/"},{"@type":"ListItem","position":2,"name":"Shop","item":"https:\/\/woo-themes-plugins.com\/shop\/"},{"@type":"ListItem","position":3,"name":"PayPal Express Checkout &#8211; WooCommerce Zahlungsl\u00f6sung &#8211; WooCommerce Plugin"}]},{"@type":"WebSite","@id":"https:\/\/woo-themes-plugins.com\/it\/#website","url":"https:\/\/woo-themes-plugins.com\/it\/","name":"Woo-themes-plugins.com","description":"Tous les th\u00e8mes et plugins WooCommerce Premium","potentialAction":[{"@type":"SearchAction","target":{"@type":"EntryPoint","urlTemplate":"https:\/\/woo-themes-plugins.com\/it\/?s={search_term_string}"},"query-input":"required name=search_term_string"}],"inLanguage":"de"}]}},"_links":{"self":[{"href":"https:\/\/woo-themes-plugins.com\/de\/wp-json\/wp\/v2\/product\/4655","targetHints":{"allow":["GET"]}}],"collection":[{"href":"https:\/\/woo-themes-plugins.com\/de\/wp-json\/wp\/v2\/product"}],"about":[{"href":"https:\/\/woo-themes-plugins.com\/de\/wp-json\/wp\/v2\/types\/product"}],"wp:featuredmedia":[{"embeddable":true,"href":"https:\/\/woo-themes-plugins.com\/de\/wp-json\/wp\/v2\/media\/2512"}],"wp:attachment":[{"href":"https:\/\/woo-themes-plugins.com\/de\/wp-json\/wp\/v2\/media?parent=4655"}],"wp:term":[{"taxonomy":"product_cat","embeddable":true,"href":"https:\/\/woo-themes-plugins.com\/de\/wp-json\/wp\/v2\/product_cat?post=4655"},{"taxonomy":"product_tag","embeddable":true,"href":"https:\/\/woo-themes-plugins.com\/de\/wp-json\/wp\/v2\/product_tag?post=4655"}],"curies":[{"name":"wp","href":"https:\/\/api.w.org\/{rel}","templated":true}]}}