{"id":4656,"date":"2018-03-26T08:00:57","date_gmt":"2018-03-26T07:00:57","guid":{"rendered":"https:\/\/woo-themes-plugins.com\/product\/checkout-field-editor-personnalisation-tunnel-de-conversion-plugin-woocommerce\/"},"modified":"2018-03-26T08:00:57","modified_gmt":"2018-03-26T07:00:57","slug":"checkout-field-editor-personnalisation-tunnel-de-conversion-plugin-woocommerce","status":"publish","type":"product","link":"https:\/\/woo-themes-plugins.com\/de\/product\/checkout-field-editor-personnalisation-tunnel-de-conversion-plugin-woocommerce\/","title":{"rendered":"Checkout Field Editor &#8211; Personnalisation Tunnel de Conversion \u2013 Plugin WooCommerce"},"content":{"rendered":"<p><span id=\"result_box\" class=\"\" lang=\"de\">Checkout Field Editor ist ein von WooCommerce entwickeltes Plugin, das uns vom klassischen Checkout von WooCommerce befreien m\u00f6chte, indem es uns die M\u00f6glichkeit gibt, Felder aus dem Bestellprozess auf WooCommerce hinzuzuf\u00fcgen, zu bearbeiten oder zu l\u00f6schen.<\/p>\n<p>Diese WooCommerce-Erweiterung erm\u00f6glicht es Ihnen, alle Felder im Rechnungs- und Versandteil zu bearbeiten und kann auch nach Auftragsnotizen verwendet werden. Nat\u00fcrlich erm\u00f6glicht diese WooCommerce-Erweiterung, verschiedene Arten von Feldern wie Textfelder, Selektionen, Datumsauswahl oder eine Dropdown-Liste zu jonglieren.<\/p>\n<p>Das Beste von allem, diese WooCommerce-Erweiterung erm\u00f6glicht es uns, mit der Positionierung der einzelnen Felder zu spielen, die f\u00fcr eine gute Bestellung unter WooCommerce notwendig sind.<\/p>\n<p><span class=\"\">Die Kontrolle \u00fcber die Tunnelkonvertierung der eCommerce WooCommerce-Website.<\/span><\/span><\/p>\n","protected":false},"excerpt":{"rendered":"<p><span id=\"result_box\" class=\"\" lang=\"de\">Plugin, das von dem Team hinter WooCommerce vorgeschlagen wurde, mit dem Sie die verschiedenen Felder des Checkout-Prozesses von WooCommerce bearbeiten k\u00f6nnen.<\/span><\/p>\n","protected":false},"featured_media":2520,"template":"","meta":{"_monsterinsights_skip_tracking":false,"_monsterinsights_sitenote_active":false,"_monsterinsights_sitenote_note":"","_monsterinsights_sitenote_category":0},"product_cat":[208],"product_tag":[1044,1114],"class_list":["post-4656","product","type-product","status-publish","has-post-thumbnail","hentry","product_cat-plugin-woocommerce-de","product_tag-umbautunnel-kasse-woocommerce","product_tag-unverzichtbare-woocommerce","pa_dev-woo-plugin-theme-woocommerce-de","pa_marketplace-woocommerce-woocommerce-com-de"],"yoast_head":"<!-- This site is optimized with the Yoast SEO plugin v23.1 - https:\/\/yoast.com\/wordpress\/plugins\/seo\/ -->\n<title>Checkout-Feld-Editor - Anpassungs-Bestellprozess<\/title>\n<meta name=\"description\" content=\"Anpassen des Konvertierungstunnels Ihrer Website WooCommerce wird dank dieser Erweiterung WooCommerce endlich einfach gemacht. Mit diesem Plugin k\u00f6nnen Sie die Kontrollfelder bearbeiten, aber auch die Reihenfolge aller Felder im Bestellvorgang unter WooCommerce \u00e4ndern.\" \/>\n<meta name=\"robots\" content=\"index, follow, max-snippet:-1, max-image-preview:large, max-video-preview:-1\" \/>\n<link rel=\"canonical\" href=\"https:\/\/woo-themes-plugins.com\/de\/produkt\/checkout-field-editor-personnalisation-tunnel-de-conversion-plugin-woocommerce\/\" \/>\n<meta property=\"og:locale\" content=\"de_DE\" \/>\n<meta property=\"og:type\" content=\"article\" \/>\n<meta property=\"og:title\" content=\"Checkout-Feld-Editor - Anpassungs-Bestellprozess\" \/>\n<meta property=\"og:description\" content=\"Anpassen des Konvertierungstunnels Ihrer Website WooCommerce wird dank dieser Erweiterung WooCommerce endlich einfach gemacht. Mit diesem Plugin k\u00f6nnen Sie die Kontrollfelder bearbeiten, aber auch die Reihenfolge aller Felder im Bestellvorgang unter WooCommerce \u00e4ndern.\" \/>\n<meta property=\"og:url\" content=\"https:\/\/woo-themes-plugins.com\/de\/produkt\/checkout-field-editor-personnalisation-tunnel-de-conversion-plugin-woocommerce\/\" \/>\n<meta property=\"og:site_name\" content=\"Woo-themes-plugins.com\" \/>\n<meta property=\"og:image\" content=\"https:\/\/woo-themes-plugins.com\/wp-content\/uploads\/sites\/7\/2018\/03\/woo-themes-plugins_woocommerce-checkout-field-editor-plugin-woocommerce.jpg\" \/>\n\t<meta property=\"og:image:width\" content=\"900\" \/>\n\t<meta property=\"og:image:height\" content=\"900\" \/>\n\t<meta property=\"og:image:type\" content=\"image\/jpeg\" \/>\n<meta name=\"twitter:label1\" content=\"Gesch\u00e4tzte Lesezeit\" \/>\n\t<meta name=\"twitter:data1\" content=\"1\u00a0Minute\" \/>\n<script type=\"application\/ld+json\" class=\"yoast-schema-graph\">{\"@context\":\"https:\/\/schema.org\",\"@graph\":[{\"@type\":\"WebPage\",\"@id\":\"https:\/\/woo-themes-plugins.com\/de\/produkt\/checkout-field-editor-personnalisation-tunnel-de-conversion-plugin-woocommerce\/\",\"url\":\"https:\/\/woo-themes-plugins.com\/de\/produkt\/checkout-field-editor-personnalisation-tunnel-de-conversion-plugin-woocommerce\/\",\"name\":\"Checkout-Feld-Editor - Anpassungs-Bestellprozess\",\"isPartOf\":{\"@id\":\"https:\/\/woo-themes-plugins.com\/it\/#website\"},\"primaryImageOfPage\":{\"@id\":\"https:\/\/woo-themes-plugins.com\/de\/produkt\/checkout-field-editor-personnalisation-tunnel-de-conversion-plugin-woocommerce\/#primaryimage\"},\"image\":{\"@id\":\"https:\/\/woo-themes-plugins.com\/de\/produkt\/checkout-field-editor-personnalisation-tunnel-de-conversion-plugin-woocommerce\/#primaryimage\"},\"thumbnailUrl\":\"https:\/\/woo-themes-plugins.com\/wp-content\/uploads\/sites\/7\/2018\/03\/woo-themes-plugins_woocommerce-checkout-field-editor-plugin-woocommerce.jpg\",\"datePublished\":\"2018-03-26T07:00:57+00:00\",\"dateModified\":\"2018-03-26T07:00:57+00:00\",\"description\":\"Anpassen des Konvertierungstunnels Ihrer Website WooCommerce wird dank dieser Erweiterung WooCommerce endlich einfach gemacht. Mit diesem Plugin k\u00f6nnen Sie die Kontrollfelder bearbeiten, aber auch die Reihenfolge aller Felder im Bestellvorgang unter WooCommerce \u00e4ndern.\",\"breadcrumb\":{\"@id\":\"https:\/\/woo-themes-plugins.com\/de\/produkt\/checkout-field-editor-personnalisation-tunnel-de-conversion-plugin-woocommerce\/#breadcrumb\"},\"inLanguage\":\"de\",\"potentialAction\":[{\"@type\":\"ReadAction\",\"target\":[\"https:\/\/woo-themes-plugins.com\/de\/produkt\/checkout-field-editor-personnalisation-tunnel-de-conversion-plugin-woocommerce\/\"]}]},{\"@type\":\"ImageObject\",\"inLanguage\":\"de\",\"@id\":\"https:\/\/woo-themes-plugins.com\/de\/produkt\/checkout-field-editor-personnalisation-tunnel-de-conversion-plugin-woocommerce\/#primaryimage\",\"url\":\"https:\/\/woo-themes-plugins.com\/wp-content\/uploads\/sites\/7\/2018\/03\/woo-themes-plugins_woocommerce-checkout-field-editor-plugin-woocommerce.jpg\",\"contentUrl\":\"https:\/\/woo-themes-plugins.com\/wp-content\/uploads\/sites\/7\/2018\/03\/woo-themes-plugins_woocommerce-checkout-field-editor-plugin-woocommerce.jpg\",\"width\":900,\"height\":900},{\"@type\":\"BreadcrumbList\",\"@id\":\"https:\/\/woo-themes-plugins.com\/de\/produkt\/checkout-field-editor-personnalisation-tunnel-de-conversion-plugin-woocommerce\/#breadcrumb\",\"itemListElement\":[{\"@type\":\"ListItem\",\"position\":1,\"name\":\"Accueil\",\"item\":\"https:\/\/woo-themes-plugins.com\/fr\/\"},{\"@type\":\"ListItem\",\"position\":2,\"name\":\"Shop\",\"item\":\"https:\/\/woo-themes-plugins.com\/shop\/\"},{\"@type\":\"ListItem\",\"position\":3,\"name\":\"Checkout Field Editor &#8211; Personnalisation Tunnel de Conversion \u2013 Plugin WooCommerce\"}]},{\"@type\":\"WebSite\",\"@id\":\"https:\/\/woo-themes-plugins.com\/it\/#website\",\"url\":\"https:\/\/woo-themes-plugins.com\/it\/\",\"name\":\"Woo-themes-plugins.com\",\"description\":\"Tous les th\u00e8mes et plugins WooCommerce Premium\",\"potentialAction\":[{\"@type\":\"SearchAction\",\"target\":{\"@type\":\"EntryPoint\",\"urlTemplate\":\"https:\/\/woo-themes-plugins.com\/it\/?s={search_term_string}\"},\"query-input\":\"required name=search_term_string\"}],\"inLanguage\":\"de\"}]}<\/script>\n<!-- \/ Yoast SEO plugin. -->","yoast_head_json":{"title":"Checkout-Feld-Editor - Anpassungs-Bestellprozess","description":"Anpassen des Konvertierungstunnels Ihrer Website WooCommerce wird dank dieser Erweiterung WooCommerce endlich einfach gemacht. Mit diesem Plugin k\u00f6nnen Sie die Kontrollfelder bearbeiten, aber auch die Reihenfolge aller Felder im Bestellvorgang unter WooCommerce \u00e4ndern.","robots":{"index":"index","follow":"follow","max-snippet":"max-snippet:-1","max-image-preview":"max-image-preview:large","max-video-preview":"max-video-preview:-1"},"canonical":"https:\/\/woo-themes-plugins.com\/de\/produkt\/checkout-field-editor-personnalisation-tunnel-de-conversion-plugin-woocommerce\/","og_locale":"de_DE","og_type":"article","og_title":"Checkout-Feld-Editor - Anpassungs-Bestellprozess","og_description":"Anpassen des Konvertierungstunnels Ihrer Website WooCommerce wird dank dieser Erweiterung WooCommerce endlich einfach gemacht. Mit diesem Plugin k\u00f6nnen Sie die Kontrollfelder bearbeiten, aber auch die Reihenfolge aller Felder im Bestellvorgang unter WooCommerce \u00e4ndern.","og_url":"https:\/\/woo-themes-plugins.com\/de\/produkt\/checkout-field-editor-personnalisation-tunnel-de-conversion-plugin-woocommerce\/","og_site_name":"Woo-themes-plugins.com","og_image":[{"width":900,"height":900,"url":"https:\/\/woo-themes-plugins.com\/wp-content\/uploads\/sites\/7\/2018\/03\/woo-themes-plugins_woocommerce-checkout-field-editor-plugin-woocommerce.jpg","type":"image\/jpeg"}],"twitter_misc":{"Gesch\u00e4tzte Lesezeit":"1\u00a0Minute"},"schema":{"@context":"https:\/\/schema.org","@graph":[{"@type":"WebPage","@id":"https:\/\/woo-themes-plugins.com\/de\/produkt\/checkout-field-editor-personnalisation-tunnel-de-conversion-plugin-woocommerce\/","url":"https:\/\/woo-themes-plugins.com\/de\/produkt\/checkout-field-editor-personnalisation-tunnel-de-conversion-plugin-woocommerce\/","name":"Checkout-Feld-Editor - Anpassungs-Bestellprozess","isPartOf":{"@id":"https:\/\/woo-themes-plugins.com\/it\/#website"},"primaryImageOfPage":{"@id":"https:\/\/woo-themes-plugins.com\/de\/produkt\/checkout-field-editor-personnalisation-tunnel-de-conversion-plugin-woocommerce\/#primaryimage"},"image":{"@id":"https:\/\/woo-themes-plugins.com\/de\/produkt\/checkout-field-editor-personnalisation-tunnel-de-conversion-plugin-woocommerce\/#primaryimage"},"thumbnailUrl":"https:\/\/woo-themes-plugins.com\/wp-content\/uploads\/sites\/7\/2018\/03\/woo-themes-plugins_woocommerce-checkout-field-editor-plugin-woocommerce.jpg","datePublished":"2018-03-26T07:00:57+00:00","dateModified":"2018-03-26T07:00:57+00:00","description":"Anpassen des Konvertierungstunnels Ihrer Website WooCommerce wird dank dieser Erweiterung WooCommerce endlich einfach gemacht. Mit diesem Plugin k\u00f6nnen Sie die Kontrollfelder bearbeiten, aber auch die Reihenfolge aller Felder im Bestellvorgang unter WooCommerce \u00e4ndern.","breadcrumb":{"@id":"https:\/\/woo-themes-plugins.com\/de\/produkt\/checkout-field-editor-personnalisation-tunnel-de-conversion-plugin-woocommerce\/#breadcrumb"},"inLanguage":"de","potentialAction":[{"@type":"ReadAction","target":["https:\/\/woo-themes-plugins.com\/de\/produkt\/checkout-field-editor-personnalisation-tunnel-de-conversion-plugin-woocommerce\/"]}]},{"@type":"ImageObject","inLanguage":"de","@id":"https:\/\/woo-themes-plugins.com\/de\/produkt\/checkout-field-editor-personnalisation-tunnel-de-conversion-plugin-woocommerce\/#primaryimage","url":"https:\/\/woo-themes-plugins.com\/wp-content\/uploads\/sites\/7\/2018\/03\/woo-themes-plugins_woocommerce-checkout-field-editor-plugin-woocommerce.jpg","contentUrl":"https:\/\/woo-themes-plugins.com\/wp-content\/uploads\/sites\/7\/2018\/03\/woo-themes-plugins_woocommerce-checkout-field-editor-plugin-woocommerce.jpg","width":900,"height":900},{"@type":"BreadcrumbList","@id":"https:\/\/woo-themes-plugins.com\/de\/produkt\/checkout-field-editor-personnalisation-tunnel-de-conversion-plugin-woocommerce\/#breadcrumb","itemListElement":[{"@type":"ListItem","position":1,"name":"Accueil","item":"https:\/\/woo-themes-plugins.com\/fr\/"},{"@type":"ListItem","position":2,"name":"Shop","item":"https:\/\/woo-themes-plugins.com\/shop\/"},{"@type":"ListItem","position":3,"name":"Checkout Field Editor &#8211; Personnalisation Tunnel de Conversion \u2013 Plugin WooCommerce"}]},{"@type":"WebSite","@id":"https:\/\/woo-themes-plugins.com\/it\/#website","url":"https:\/\/woo-themes-plugins.com\/it\/","name":"Woo-themes-plugins.com","description":"Tous les th\u00e8mes et plugins WooCommerce Premium","potentialAction":[{"@type":"SearchAction","target":{"@type":"EntryPoint","urlTemplate":"https:\/\/woo-themes-plugins.com\/it\/?s={search_term_string}"},"query-input":"required name=search_term_string"}],"inLanguage":"de"}]}},"_links":{"self":[{"href":"https:\/\/woo-themes-plugins.com\/de\/wp-json\/wp\/v2\/product\/4656","targetHints":{"allow":["GET"]}}],"collection":[{"href":"https:\/\/woo-themes-plugins.com\/de\/wp-json\/wp\/v2\/product"}],"about":[{"href":"https:\/\/woo-themes-plugins.com\/de\/wp-json\/wp\/v2\/types\/product"}],"wp:featuredmedia":[{"embeddable":true,"href":"https:\/\/woo-themes-plugins.com\/de\/wp-json\/wp\/v2\/media\/2520"}],"wp:attachment":[{"href":"https:\/\/woo-themes-plugins.com\/de\/wp-json\/wp\/v2\/media?parent=4656"}],"wp:term":[{"taxonomy":"product_cat","embeddable":true,"href":"https:\/\/woo-themes-plugins.com\/de\/wp-json\/wp\/v2\/product_cat?post=4656"},{"taxonomy":"product_tag","embeddable":true,"href":"https:\/\/woo-themes-plugins.com\/de\/wp-json\/wp\/v2\/product_tag?post=4656"}],"curies":[{"name":"wp","href":"https:\/\/api.w.org\/{rel}","templated":true}]}}