{"id":4657,"date":"2018-03-26T08:04:00","date_gmt":"2018-03-26T07:04:00","guid":{"rendered":"https:\/\/woo-themes-plugins.com\/product\/woocommerce-drucken-rechnungen-packlisten-rechnungsdruck-und-verpackung-woocommerce-plugin\/"},"modified":"2018-03-26T08:04:00","modified_gmt":"2018-03-26T07:04:00","slug":"woocommerce-drucken-rechnungen-packlisten-rechnungsdruck-und-verpackung-woocommerce-plugin","status":"publish","type":"product","link":"https:\/\/woo-themes-plugins.com\/de\/product\/woocommerce-drucken-rechnungen-packlisten-rechnungsdruck-und-verpackung-woocommerce-plugin\/","title":{"rendered":"WooCommerce Drucken Rechnungen &amp; Packlisten &#8211; Rechnungsdruck und Verpackung &#8211; WooCommerce Plugin"},"content":{"rendered":"<p><span id=\"result_box\" class=\"\" lang=\"de\"><span title=\"Print Invoices &amp; Packing lists est une extension WooCommerce \u00e0 regarder de tr\u00e8s pr\u00e9s si tu recherches une mani\u00e8re simple d'imprimer tes commandes WooCommerce, mais aussi tes listes de colissage.\">Drucken Sie Rechnungen und Packlisten ist eine WooCommerce-Erweiterung, die Sie genau beobachten k\u00f6nnen, wenn Sie nach einer einfachen M\u00f6glichkeit suchen, Ihre WooCommerce-Bestellungen, aber auch Ihre Colander-Listen zu drucken. <\/span><span title=\"C\u00f4t\u00e9 gestionnaire de la boutique, cette extension WooCommerce va nous permettre d'imprimer toute une commande, ou juste la liste de colissage, tr\u00e8s rapide \u00e0 partir de son interface d'administration.\">Auf der Manager-Seite des Shops wird es diese WooCommerce-Erweiterung erm\u00f6glichen, eine komplette Bestellung oder nur die Colissage-Liste sehr schnell \u00fcber die Administrationsoberfl\u00e4che zu drucken. <\/span><span title=\"C\u00f4t\u00e9 client, ce plugin WooCommerce offrira la possibilit\u00e9 de retrouver toutes ses commandes au format PDF dans la rubrique Mon Compte.\n\n\">Auf der Client-Seite bietet dieses WooCommerce-Plugin die M\u00f6glichkeit, alle seine Bestellungen im PDF-Format im Bereich Mein Konto zu finden.<\/p>\n<p><\/span><span title=\"Avec cette extension WooCommerce, il te sera aussi possible de faire imprimer une liste de documents comme par exemple tes CGV, ou encore les conditions de retour.\">Mit dieser Erweiterung WooCommerce k\u00f6nnen Sie auch eine Liste von Dokumenten wie Ihre Bedingungen oder R\u00fcckgabebedingungen ausdrucken. <\/span><span title=\"Print Invoices &amp; Packng List s'occupe de tout se travail d'information du client, important, mais fastidieux.\n\n\">Print Invoices &amp; Packng List k\u00fcmmert sich um die gesamte Kundeninformation, wichtig aber m\u00fchsam.<\/p>\n<p><\/span><span title=\"En constant d\u00e9veloppement, ce plugin a connu une r\u00e9volution dans sa version 3. Il est maintenant possible de personnaliser ses factures WooCommerce.\">In stetiger Weiterentwicklung hat dieses Plugin eine Revolution in Version 3 erlebt. Es ist nun m\u00f6glich, seine WooCommerce-Rechnungen anzupassen. <\/span><span title=\"Le tout est rendu aussi simple que personnaliser une page WordPress.\n\n\">Alles ist so einfach wie das Anpassen einer WordPress-Seite.<\/p>\n<p><\/span><span title=\"Les factures seront imprimables individuellement ou en groupe, envoy\u00e9 automatiquement par email lorsque le paiement est valid\u00e9 ou encore accessiblent au client au travers de leur interface client.\n\n\">Die Rechnungen k\u00f6nnen einzeln oder in einer Gruppe gedruckt werden und werden automatisch per E-Mail gesendet, wenn die Zahlung validiert oder \u00fcber ihre Kundenschnittstelle f\u00fcr den Kunden zug\u00e4nglich ist.<\/p>\n<p><\/span><span title=\"La fonction de picking a \u00e9t\u00e9 pens\u00e9e pour nous permettre de l'inclure dans le processus de picking que nous avons d\u00e9j\u00e0 mis en place dans notre entrep\u00f4t.\">Die Kommissionierfunktion wurde so konzipiert, dass wir sie in den Kommissionierprozess einbeziehen k\u00f6nnen, den wir bereits in unserem Lager eingerichtet haben. <\/span><span title=\"Ainsi, lorsqu'une commande est imprim\u00e9e, les bonnes informations sont tout de suites disponibles.\">Wenn also ein Auftrag gedruckt wird, sind die richtigen Informationen sofort verf\u00fcgbar. <\/span><span title=\"Encore mieux, si vous vendez des produits physiques et des produits virtuels, seul les produits physiques apparaitrons dans l'ordre de picking.\">Noch besser, wenn Sie physische Produkte und virtuelle Produkte verkaufen, werden nur physische Produkte in der Reihenfolge der Kommissionierung angezeigt. <\/span><span title=\"Cool.\n\n\">K\u00fchle.<\/p>\n<p><\/span><span title=\"Dernier d\u00e9tail bien sympathique \u00e0 souligner, il est possible de travailler \u00e0 la fois sur une seule commande comme sur plusieurs en une seule fois.\">Letztes sehr sch\u00f6nes Detail zu betonen, es ist m\u00f6glich, sowohl an einem einzigen Befehl als auch an mehreren gleichzeitig zu arbeiten. <\/span><span title=\"Des options de traitement par lot vraiment utiles lorsqu'on rencontre ce type de besoin.\n\n\">Batch-Verarbeitungsoptionen, die wirklich n\u00fctzlich sind, um diese Art von Bedarf zu erf\u00fcllen.<\/p>\n<p><\/span><span title=\"WooCommerce Print Invoices est clairement un plugin indispensable \u00e0 WooCommerce.\">WooCommerce Print Invoices ist eindeutig ein unverzichtbares Plugin f\u00fcr WooCommerce.<\/span><\/span><\/p>\n","protected":false},"excerpt":{"rendered":"<p><span id=\"result_box\" class=\"\" lang=\"de\">Vorgeschlagen von WooCommece, dieses Plugin erm\u00f6glicht es Ihnen, in zwei Klicks die Rechnungen oder die Informationen der Verpackung Ihres Kunden zu drucken. Dar\u00fcber hinaus k\u00f6nnen Ihre Kunden sie in ihrem Kundenbereich problemlos wiederherstellen. Ein fast notwendiges Plugin f\u00fcr WooCommerce.<\/span><\/p>\n","protected":false},"featured_media":2528,"template":"","meta":{"_monsterinsights_skip_tracking":false,"_monsterinsights_sitenote_active":false,"_monsterinsights_sitenote_note":"","_monsterinsights_sitenote_category":0},"product_cat":[208],"product_tag":[1114,1102],"class_list":["post-4657","product","type-product","status-publish","has-post-thumbnail","hentry","product_cat-plugin-woocommerce-de","product_tag-unverzichtbare-woocommerce","product_tag-woocommerce-rechnung","pa_dev-woo-plugin-theme-woocommerce-de","pa_marketplace-woocommerce-woocommerce-com-de"],"yoast_head":"<!-- This site is optimized with the Yoast SEO plugin v23.1 - https:\/\/yoast.com\/wordpress\/plugins\/seo\/ -->\n<title>WooCommerce Drucken Sie Rechnungen und Packlisten - Drucken Sie Rechnungen<\/title>\n<meta name=\"description\" content=\"M\u00fcssen Sie Ihre WooCommerce-Bestellungen, Ihre Packlisten drucken oder den Bestellvorbereitungsschein ausdrucken? Mit diesem WooCommerce-Plugin ist der Rechnungsdruck und die Packliste endlich einfach, effizient und automatisiert. Au\u00dferdem wird Ihr Kunde seine Rechnungen in seinem Konto finden!\" \/>\n<meta name=\"robots\" content=\"index, follow, max-snippet:-1, max-image-preview:large, max-video-preview:-1\" \/>\n<link rel=\"canonical\" href=\"https:\/\/woo-themes-plugins.com\/de\/produkt\/woocommerce-drucken-rechnungen-packlisten-rechnungsdruck-und-verpackung-woocommerce-plugin\/\" \/>\n<meta property=\"og:locale\" content=\"de_DE\" \/>\n<meta property=\"og:type\" content=\"article\" \/>\n<meta property=\"og:title\" content=\"WooCommerce Drucken Sie Rechnungen und Packlisten - Drucken Sie Rechnungen\" \/>\n<meta property=\"og:description\" content=\"M\u00fcssen Sie Ihre WooCommerce-Bestellungen, Ihre Packlisten drucken oder den Bestellvorbereitungsschein ausdrucken? Mit diesem WooCommerce-Plugin ist der Rechnungsdruck und die Packliste endlich einfach, effizient und automatisiert. Au\u00dferdem wird Ihr Kunde seine Rechnungen in seinem Konto finden!\" \/>\n<meta property=\"og:url\" content=\"https:\/\/woo-themes-plugins.com\/de\/produkt\/woocommerce-drucken-rechnungen-packlisten-rechnungsdruck-und-verpackung-woocommerce-plugin\/\" \/>\n<meta property=\"og:site_name\" content=\"Woo-themes-plugins.com\" \/>\n<meta property=\"og:image\" content=\"https:\/\/woo-themes-plugins.com\/wp-content\/uploads\/sites\/7\/2018\/03\/woo-themes-plugins_woocommerce-woocommerce-print-invoices-plugin-woocommerce.jpg\" \/>\n\t<meta property=\"og:image:width\" content=\"900\" \/>\n\t<meta property=\"og:image:height\" content=\"900\" \/>\n\t<meta property=\"og:image:type\" content=\"image\/jpeg\" \/>\n<meta name=\"twitter:label1\" content=\"Gesch\u00e4tzte Lesezeit\" \/>\n\t<meta name=\"twitter:data1\" content=\"1\u00a0Minute\" \/>\n<script type=\"application\/ld+json\" class=\"yoast-schema-graph\">{\"@context\":\"https:\/\/schema.org\",\"@graph\":[{\"@type\":\"WebPage\",\"@id\":\"https:\/\/woo-themes-plugins.com\/de\/produkt\/woocommerce-drucken-rechnungen-packlisten-rechnungsdruck-und-verpackung-woocommerce-plugin\/\",\"url\":\"https:\/\/woo-themes-plugins.com\/de\/produkt\/woocommerce-drucken-rechnungen-packlisten-rechnungsdruck-und-verpackung-woocommerce-plugin\/\",\"name\":\"WooCommerce Drucken Sie Rechnungen und Packlisten - Drucken Sie Rechnungen\",\"isPartOf\":{\"@id\":\"https:\/\/woo-themes-plugins.com\/it\/#website\"},\"primaryImageOfPage\":{\"@id\":\"https:\/\/woo-themes-plugins.com\/de\/produkt\/woocommerce-drucken-rechnungen-packlisten-rechnungsdruck-und-verpackung-woocommerce-plugin\/#primaryimage\"},\"image\":{\"@id\":\"https:\/\/woo-themes-plugins.com\/de\/produkt\/woocommerce-drucken-rechnungen-packlisten-rechnungsdruck-und-verpackung-woocommerce-plugin\/#primaryimage\"},\"thumbnailUrl\":\"https:\/\/woo-themes-plugins.com\/wp-content\/uploads\/sites\/7\/2018\/03\/woo-themes-plugins_woocommerce-woocommerce-print-invoices-plugin-woocommerce.jpg\",\"datePublished\":\"2018-03-26T07:04:00+00:00\",\"dateModified\":\"2018-03-26T07:04:00+00:00\",\"description\":\"M\u00fcssen Sie Ihre WooCommerce-Bestellungen, Ihre Packlisten drucken oder den Bestellvorbereitungsschein ausdrucken? Mit diesem WooCommerce-Plugin ist der Rechnungsdruck und die Packliste endlich einfach, effizient und automatisiert. Au\u00dferdem wird Ihr Kunde seine Rechnungen in seinem Konto finden!\",\"breadcrumb\":{\"@id\":\"https:\/\/woo-themes-plugins.com\/de\/produkt\/woocommerce-drucken-rechnungen-packlisten-rechnungsdruck-und-verpackung-woocommerce-plugin\/#breadcrumb\"},\"inLanguage\":\"de\",\"potentialAction\":[{\"@type\":\"ReadAction\",\"target\":[\"https:\/\/woo-themes-plugins.com\/de\/produkt\/woocommerce-drucken-rechnungen-packlisten-rechnungsdruck-und-verpackung-woocommerce-plugin\/\"]}]},{\"@type\":\"ImageObject\",\"inLanguage\":\"de\",\"@id\":\"https:\/\/woo-themes-plugins.com\/de\/produkt\/woocommerce-drucken-rechnungen-packlisten-rechnungsdruck-und-verpackung-woocommerce-plugin\/#primaryimage\",\"url\":\"https:\/\/woo-themes-plugins.com\/wp-content\/uploads\/sites\/7\/2018\/03\/woo-themes-plugins_woocommerce-woocommerce-print-invoices-plugin-woocommerce.jpg\",\"contentUrl\":\"https:\/\/woo-themes-plugins.com\/wp-content\/uploads\/sites\/7\/2018\/03\/woo-themes-plugins_woocommerce-woocommerce-print-invoices-plugin-woocommerce.jpg\",\"width\":900,\"height\":900},{\"@type\":\"BreadcrumbList\",\"@id\":\"https:\/\/woo-themes-plugins.com\/de\/produkt\/woocommerce-drucken-rechnungen-packlisten-rechnungsdruck-und-verpackung-woocommerce-plugin\/#breadcrumb\",\"itemListElement\":[{\"@type\":\"ListItem\",\"position\":1,\"name\":\"Accueil\",\"item\":\"https:\/\/woo-themes-plugins.com\/fr\/\"},{\"@type\":\"ListItem\",\"position\":2,\"name\":\"Shop\",\"item\":\"https:\/\/woo-themes-plugins.com\/shop\/\"},{\"@type\":\"ListItem\",\"position\":3,\"name\":\"WooCommerce Drucken Rechnungen &amp; Packlisten &#8211; Rechnungsdruck und Verpackung &#8211; WooCommerce Plugin\"}]},{\"@type\":\"WebSite\",\"@id\":\"https:\/\/woo-themes-plugins.com\/it\/#website\",\"url\":\"https:\/\/woo-themes-plugins.com\/it\/\",\"name\":\"Woo-themes-plugins.com\",\"description\":\"Tous les th\u00e8mes et plugins WooCommerce Premium\",\"potentialAction\":[{\"@type\":\"SearchAction\",\"target\":{\"@type\":\"EntryPoint\",\"urlTemplate\":\"https:\/\/woo-themes-plugins.com\/it\/?s={search_term_string}\"},\"query-input\":\"required name=search_term_string\"}],\"inLanguage\":\"de\"}]}<\/script>\n<!-- \/ Yoast SEO plugin. -->","yoast_head_json":{"title":"WooCommerce Drucken Sie Rechnungen und Packlisten - Drucken Sie Rechnungen","description":"M\u00fcssen Sie Ihre WooCommerce-Bestellungen, Ihre Packlisten drucken oder den Bestellvorbereitungsschein ausdrucken? Mit diesem WooCommerce-Plugin ist der Rechnungsdruck und die Packliste endlich einfach, effizient und automatisiert. Au\u00dferdem wird Ihr Kunde seine Rechnungen in seinem Konto finden!","robots":{"index":"index","follow":"follow","max-snippet":"max-snippet:-1","max-image-preview":"max-image-preview:large","max-video-preview":"max-video-preview:-1"},"canonical":"https:\/\/woo-themes-plugins.com\/de\/produkt\/woocommerce-drucken-rechnungen-packlisten-rechnungsdruck-und-verpackung-woocommerce-plugin\/","og_locale":"de_DE","og_type":"article","og_title":"WooCommerce Drucken Sie Rechnungen und Packlisten - Drucken Sie Rechnungen","og_description":"M\u00fcssen Sie Ihre WooCommerce-Bestellungen, Ihre Packlisten drucken oder den Bestellvorbereitungsschein ausdrucken? Mit diesem WooCommerce-Plugin ist der Rechnungsdruck und die Packliste endlich einfach, effizient und automatisiert. Au\u00dferdem wird Ihr Kunde seine Rechnungen in seinem Konto finden!","og_url":"https:\/\/woo-themes-plugins.com\/de\/produkt\/woocommerce-drucken-rechnungen-packlisten-rechnungsdruck-und-verpackung-woocommerce-plugin\/","og_site_name":"Woo-themes-plugins.com","og_image":[{"width":900,"height":900,"url":"https:\/\/woo-themes-plugins.com\/wp-content\/uploads\/sites\/7\/2018\/03\/woo-themes-plugins_woocommerce-woocommerce-print-invoices-plugin-woocommerce.jpg","type":"image\/jpeg"}],"twitter_misc":{"Gesch\u00e4tzte Lesezeit":"1\u00a0Minute"},"schema":{"@context":"https:\/\/schema.org","@graph":[{"@type":"WebPage","@id":"https:\/\/woo-themes-plugins.com\/de\/produkt\/woocommerce-drucken-rechnungen-packlisten-rechnungsdruck-und-verpackung-woocommerce-plugin\/","url":"https:\/\/woo-themes-plugins.com\/de\/produkt\/woocommerce-drucken-rechnungen-packlisten-rechnungsdruck-und-verpackung-woocommerce-plugin\/","name":"WooCommerce Drucken Sie Rechnungen und Packlisten - Drucken Sie Rechnungen","isPartOf":{"@id":"https:\/\/woo-themes-plugins.com\/it\/#website"},"primaryImageOfPage":{"@id":"https:\/\/woo-themes-plugins.com\/de\/produkt\/woocommerce-drucken-rechnungen-packlisten-rechnungsdruck-und-verpackung-woocommerce-plugin\/#primaryimage"},"image":{"@id":"https:\/\/woo-themes-plugins.com\/de\/produkt\/woocommerce-drucken-rechnungen-packlisten-rechnungsdruck-und-verpackung-woocommerce-plugin\/#primaryimage"},"thumbnailUrl":"https:\/\/woo-themes-plugins.com\/wp-content\/uploads\/sites\/7\/2018\/03\/woo-themes-plugins_woocommerce-woocommerce-print-invoices-plugin-woocommerce.jpg","datePublished":"2018-03-26T07:04:00+00:00","dateModified":"2018-03-26T07:04:00+00:00","description":"M\u00fcssen Sie Ihre WooCommerce-Bestellungen, Ihre Packlisten drucken oder den Bestellvorbereitungsschein ausdrucken? Mit diesem WooCommerce-Plugin ist der Rechnungsdruck und die Packliste endlich einfach, effizient und automatisiert. Au\u00dferdem wird Ihr Kunde seine Rechnungen in seinem Konto finden!","breadcrumb":{"@id":"https:\/\/woo-themes-plugins.com\/de\/produkt\/woocommerce-drucken-rechnungen-packlisten-rechnungsdruck-und-verpackung-woocommerce-plugin\/#breadcrumb"},"inLanguage":"de","potentialAction":[{"@type":"ReadAction","target":["https:\/\/woo-themes-plugins.com\/de\/produkt\/woocommerce-drucken-rechnungen-packlisten-rechnungsdruck-und-verpackung-woocommerce-plugin\/"]}]},{"@type":"ImageObject","inLanguage":"de","@id":"https:\/\/woo-themes-plugins.com\/de\/produkt\/woocommerce-drucken-rechnungen-packlisten-rechnungsdruck-und-verpackung-woocommerce-plugin\/#primaryimage","url":"https:\/\/woo-themes-plugins.com\/wp-content\/uploads\/sites\/7\/2018\/03\/woo-themes-plugins_woocommerce-woocommerce-print-invoices-plugin-woocommerce.jpg","contentUrl":"https:\/\/woo-themes-plugins.com\/wp-content\/uploads\/sites\/7\/2018\/03\/woo-themes-plugins_woocommerce-woocommerce-print-invoices-plugin-woocommerce.jpg","width":900,"height":900},{"@type":"BreadcrumbList","@id":"https:\/\/woo-themes-plugins.com\/de\/produkt\/woocommerce-drucken-rechnungen-packlisten-rechnungsdruck-und-verpackung-woocommerce-plugin\/#breadcrumb","itemListElement":[{"@type":"ListItem","position":1,"name":"Accueil","item":"https:\/\/woo-themes-plugins.com\/fr\/"},{"@type":"ListItem","position":2,"name":"Shop","item":"https:\/\/woo-themes-plugins.com\/shop\/"},{"@type":"ListItem","position":3,"name":"WooCommerce Drucken Rechnungen &amp; Packlisten &#8211; Rechnungsdruck und Verpackung &#8211; WooCommerce Plugin"}]},{"@type":"WebSite","@id":"https:\/\/woo-themes-plugins.com\/it\/#website","url":"https:\/\/woo-themes-plugins.com\/it\/","name":"Woo-themes-plugins.com","description":"Tous les th\u00e8mes et plugins WooCommerce Premium","potentialAction":[{"@type":"SearchAction","target":{"@type":"EntryPoint","urlTemplate":"https:\/\/woo-themes-plugins.com\/it\/?s={search_term_string}"},"query-input":"required name=search_term_string"}],"inLanguage":"de"}]}},"_links":{"self":[{"href":"https:\/\/woo-themes-plugins.com\/de\/wp-json\/wp\/v2\/product\/4657","targetHints":{"allow":["GET"]}}],"collection":[{"href":"https:\/\/woo-themes-plugins.com\/de\/wp-json\/wp\/v2\/product"}],"about":[{"href":"https:\/\/woo-themes-plugins.com\/de\/wp-json\/wp\/v2\/types\/product"}],"wp:featuredmedia":[{"embeddable":true,"href":"https:\/\/woo-themes-plugins.com\/de\/wp-json\/wp\/v2\/media\/2528"}],"wp:attachment":[{"href":"https:\/\/woo-themes-plugins.com\/de\/wp-json\/wp\/v2\/media?parent=4657"}],"wp:term":[{"taxonomy":"product_cat","embeddable":true,"href":"https:\/\/woo-themes-plugins.com\/de\/wp-json\/wp\/v2\/product_cat?post=4657"},{"taxonomy":"product_tag","embeddable":true,"href":"https:\/\/woo-themes-plugins.com\/de\/wp-json\/wp\/v2\/product_tag?post=4657"}],"curies":[{"name":"wp","href":"https:\/\/api.w.org\/{rel}","templated":true}]}}