{"id":4658,"date":"2018-03-26T08:07:50","date_gmt":"2018-03-26T07:07:50","guid":{"rendered":"https:\/\/woo-themes-plugins.com\/product\/woocommerce-mitgliedschaften-mitgliedschaft-paywall-woocommerce-plugin\/"},"modified":"2018-03-26T08:07:50","modified_gmt":"2018-03-26T07:07:50","slug":"woocommerce-mitgliedschaften-mitgliedschaft-paywall-woocommerce-plugin","status":"publish","type":"product","link":"https:\/\/woo-themes-plugins.com\/de\/product\/woocommerce-mitgliedschaften-mitgliedschaft-paywall-woocommerce-plugin\/","title":{"rendered":"WooCommerce Mitgliedschaften &#8211; Mitgliedschaft \/ Paywall &#8211; WooCommerce Plugin"},"content":{"rendered":"<p><span id=\"result_box\" class=\"\" lang=\"de\"><span title=\"En un mot, WooCommerce Memberships est la solution ultime pour la gestion d'espace privatif, ou seul des membres peuvent acc\u00e9der, le tout int\u00e9gr\u00e9 \u00e0 100% au contenu g\u00e9n\u00e9r\u00e9 par WooCommerce mais aussi g\u00e9n\u00e9ra par WordPress dans son ensemble.\n\n\">Mit einem Wort, WooCommerce Mitgliedschaften ist die ultimative L\u00f6sung f\u00fcr das Management von privatem Raum, auf den nur Mitglieder zugreifen k\u00f6nnen, die alle zu 100% in den von WooCommerce generierten Inhalt integriert sind, aber auch von WordPress als Ganzes generiert werden.<\/p>\n<p><\/span><span title=\"WooCommerce Memberships est une extension WooCommerce qui tente de se diff\u00e9rencier des autres extensions de restriction de contenu en offrant justement bien plus qu'un simple plugin de restriction de contenu classique.\">WooCommerce-Mitgliedschaften ist eine WooCommerce-Erweiterung, die sich von anderen Inhaltsbeschr\u00e4nkungserweiterungen zu unterscheiden versucht, indem sie weit mehr als nur ein traditionelles Inhaltseinschr\u00e4nkungs-Plugin bietet. <\/span><span title=\"Cette extension WooCommerce est avant tout simple de mise en place.\">Diese WooCommerce-Erweiterung ist in erster Linie einfach einzurichten. <\/span><span title=\"Ensuite, elle te permet de restreindre l'acc\u00e8s de 100% de ton site WooCommerce \u00e0 tes adh\u00e9rents.\n\n\">Dann k\u00f6nnen Sie den Zugriff von 100% Ihrer WooCommerce-Site auf Ihre Mitglieder einschr\u00e4nken.<\/p>\n<p><\/span><span title=\"Membership est donc un plugin WooCommerce qui nous permet de cr\u00e9er un syst\u00e8me d'adh\u00e9sion totale \u00e0 notre site WooCommerce.\n\n\">Die Mitgliedschaft ist ein WooCommerce-Plugin, mit dem wir ein vollst\u00e4ndiges Mitgliedschaftssystem f\u00fcr unsere WooCommerce-Website erstellen k\u00f6nnen.<\/p>\n<p><\/span><span title=\"Cette extension WooCommerce nous permet donc de mettre en place des zones ou des produits qui seront accessibles uniquement \u00e0 un certain type de client ou d'abonn\u00e9 sur ton site, mais il va aussi permettre un petit quelque chose que j'aime beaucoup : d\u00e9finir quand\">Diese WooCommerce-Erweiterung erm\u00f6glicht es uns, Zonen oder Produkte einzurichten, die nur f\u00fcr einen bestimmten Typ von Kunden oder Abonnenten auf Ihrer Website zug\u00e4nglich sind, aber es erlaubt auch ein kleines Etwas, das ich wirklich mag: wann definieren <\/span><span title=\"un produit est pr\u00e9sent ou non.\">ein Produkt ist vorhanden oder nicht. <\/span><span title=\"En d'autre terme, voila un superbe plugin taill\u00e9 pour la mise en place d'un site avec des soldes priv\u00e9es par exemple.\n\n\">Mit anderen Worten, hier ist eine hervorragende Plugin-Schnitt f\u00fcr die Einrichtung einer Website mit privaten Salden zum Beispiel.<\/p>\n<p><\/span><span title=\"Concernant l'adh\u00e9sion \u00e0 votre site, celle-ci peut \u00eatre payante, attribu\u00e9e manuellement au travers de l'interface d'administration et l'ensemble de notre site peut \u00eatre soumis \u00e0 ce r\u00e9gime d'adh\u00e9sion.\n\n\">In Bezug auf die Mitgliedschaft auf Ihrer Website kann es bezahlt werden, manuell \u00fcber die Administrationsoberfl\u00e4che zugewiesen werden und unsere gesamte Website unterliegt m\u00f6glicherweise diesem Mitgliedschaftsschema.<\/p>\n<p><\/span><span title=\"La vente d'abonnement ne produire pas de nouveau produit sur ton site.\">Der Abonnementverkauf erzeugt kein neues Produkt auf Ihrer Website. <\/span><span title=\"Au lieu de cela, les plans d'adh\u00e9sions sont g\u00e9r\u00e9s dans une partie ind\u00e9pendantes des produits.\">Stattdessen werden Mitgliedschaftspl\u00e4ne in einem unabh\u00e4ngigen Teil der Produkte verwaltet. <\/span><span title=\"Cela offre une bien plus grande fl\u00e9xibilit\u00e9 \u00e0 l'ensemble.\">Dies bietet dem Ganzen eine viel gr\u00f6\u00dfere Flexibilit\u00e4t. <\/span><span title=\"Il nous sera d\u00e9s lors possible d'assigner de 0 \u00e0 tout les produits \u00e0 un type d'abonnement.\n\n\">Wir k\u00f6nnen von 0 zu allen Produkten einer Abonnementart zuweisen.<\/p>\n<p><\/span><span title=\"Enfin, cette extension WooCommerce nous permet de venir pr\u00e9senter des produits qu'\u00e0 partir d'un certain moment.\">Schlie\u00dflich erm\u00f6glicht diese Erweiterung WooCommerce, Produkte nur ab einem bestimmten Zeitpunkt zu pr\u00e4sentieren. <\/span><span title=\"Je m'explique.\">Ich erkl\u00e4re mich selbst. <\/span><span title=\"Je te propose un produit \u00e0 un prix canon accessible uniquement aux adh\u00e9rants de plus d'un mois par exemple.\n\n\">Ich schlage ein Produkt zu einem Preis vor, der nur f\u00fcr Mitglieder von mehr als einem Monat zug\u00e4nglich ist.<\/p>\n<p><\/span><span title=\"Un plugin WooCommerce qui va clairement apporter un co\u00fbt de boost significatif \u00e0 la fid\u00e9lit\u00e9 sur notre site WooCommerce.\">Ein WooCommerce-Plugin, das die Loyalit\u00e4t unserer WooCommerce-Seite deutlich steigern wird.<\/span><\/span><\/p>\n","protected":false},"excerpt":{"rendered":"<p><span id=\"result_box\" class=\"\" lang=\"de\">Die Verwaltung einer Website, auf der Sie in Form von Mitgliedschaft bezahlen, um bestimmte Teile davon zu nutzen, war dank der WooCommerce-Mitgliedschaften nie einfacher.<\/span><\/p>\n","protected":false},"featured_media":2536,"template":"","meta":{"_monsterinsights_skip_tracking":false,"_monsterinsights_sitenote_active":false,"_monsterinsights_sitenote_note":"","_monsterinsights_sitenote_category":0},"product_cat":[208],"product_tag":[652,1060,1061],"class_list":["post-4658","product","type-product","status-publish","has-post-thumbnail","hentry","product_cat-plugin-woocommerce-de","product_tag-paywall-woocommerce-de","product_tag-plugin-abonnement-woocommerce-de","product_tag-plugin-mitgliedschaft","pa_dev-woo-plugin-theme-skyverge-de","pa_marketplace-woocommerce-woocommerce-com-de"],"yoast_head":"<!-- This site is optimized with the Yoast SEO plugin v23.1 - https:\/\/yoast.com\/wordpress\/plugins\/seo\/ -->\n<title>WooCommerce Memberships - Monatliches Abonnement \/ Paywall<\/title>\n<meta name=\"description\" content=\"Der Zugriff auf seine WooCommerce-Site nur auf ein Mitgliedsprofil ist durchaus m\u00f6glich. Dies ist das Ziel dieser WooCommerce-Erweiterung. Definieren Sie mit wenigen Klicks Ihre kostenlosen oder kostenpflichtigen Mitgliedschaftsrichtlinien sowie die WooCommerce-Produkte, aus denen sie besteht. Einfache WooCommerce-Mitgliedschaft.\" \/>\n<meta name=\"robots\" content=\"index, follow, max-snippet:-1, max-image-preview:large, max-video-preview:-1\" \/>\n<link rel=\"canonical\" href=\"https:\/\/woo-themes-plugins.com\/de\/produkt\/woocommerce-mitgliedschaften-mitgliedschaft-paywall-woocommerce-plugin\/\" \/>\n<meta property=\"og:locale\" content=\"de_DE\" \/>\n<meta property=\"og:type\" content=\"article\" \/>\n<meta property=\"og:title\" content=\"WooCommerce Memberships - Monatliches Abonnement \/ Paywall\" \/>\n<meta property=\"og:description\" content=\"Der Zugriff auf seine WooCommerce-Site nur auf ein Mitgliedsprofil ist durchaus m\u00f6glich. Dies ist das Ziel dieser WooCommerce-Erweiterung. Definieren Sie mit wenigen Klicks Ihre kostenlosen oder kostenpflichtigen Mitgliedschaftsrichtlinien sowie die WooCommerce-Produkte, aus denen sie besteht. Einfache WooCommerce-Mitgliedschaft.\" \/>\n<meta property=\"og:url\" content=\"https:\/\/woo-themes-plugins.com\/de\/produkt\/woocommerce-mitgliedschaften-mitgliedschaft-paywall-woocommerce-plugin\/\" \/>\n<meta property=\"og:site_name\" content=\"Woo-themes-plugins.com\" \/>\n<meta property=\"og:image\" content=\"https:\/\/woo-themes-plugins.com\/wp-content\/uploads\/sites\/7\/2018\/03\/woo-themes-plugins_woocommerce-woocommerce-memberships-plugin-woocommerce.jpg\" \/>\n\t<meta property=\"og:image:width\" content=\"900\" \/>\n\t<meta property=\"og:image:height\" content=\"900\" \/>\n\t<meta property=\"og:image:type\" content=\"image\/jpeg\" \/>\n<meta name=\"twitter:label1\" content=\"Gesch\u00e4tzte Lesezeit\" \/>\n\t<meta name=\"twitter:data1\" content=\"1\u00a0Minute\" \/>\n<script type=\"application\/ld+json\" class=\"yoast-schema-graph\">{\"@context\":\"https:\/\/schema.org\",\"@graph\":[{\"@type\":\"WebPage\",\"@id\":\"https:\/\/woo-themes-plugins.com\/de\/produkt\/woocommerce-mitgliedschaften-mitgliedschaft-paywall-woocommerce-plugin\/\",\"url\":\"https:\/\/woo-themes-plugins.com\/de\/produkt\/woocommerce-mitgliedschaften-mitgliedschaft-paywall-woocommerce-plugin\/\",\"name\":\"WooCommerce Memberships - Monatliches Abonnement \/ Paywall\",\"isPartOf\":{\"@id\":\"https:\/\/woo-themes-plugins.com\/it\/#website\"},\"primaryImageOfPage\":{\"@id\":\"https:\/\/woo-themes-plugins.com\/de\/produkt\/woocommerce-mitgliedschaften-mitgliedschaft-paywall-woocommerce-plugin\/#primaryimage\"},\"image\":{\"@id\":\"https:\/\/woo-themes-plugins.com\/de\/produkt\/woocommerce-mitgliedschaften-mitgliedschaft-paywall-woocommerce-plugin\/#primaryimage\"},\"thumbnailUrl\":\"https:\/\/woo-themes-plugins.com\/wp-content\/uploads\/sites\/7\/2018\/03\/woo-themes-plugins_woocommerce-woocommerce-memberships-plugin-woocommerce.jpg\",\"datePublished\":\"2018-03-26T07:07:50+00:00\",\"dateModified\":\"2018-03-26T07:07:50+00:00\",\"description\":\"Der Zugriff auf seine WooCommerce-Site nur auf ein Mitgliedsprofil ist durchaus m\u00f6glich. Dies ist das Ziel dieser WooCommerce-Erweiterung. Definieren Sie mit wenigen Klicks Ihre kostenlosen oder kostenpflichtigen Mitgliedschaftsrichtlinien sowie die WooCommerce-Produkte, aus denen sie besteht. Einfache WooCommerce-Mitgliedschaft.\",\"breadcrumb\":{\"@id\":\"https:\/\/woo-themes-plugins.com\/de\/produkt\/woocommerce-mitgliedschaften-mitgliedschaft-paywall-woocommerce-plugin\/#breadcrumb\"},\"inLanguage\":\"de\",\"potentialAction\":[{\"@type\":\"ReadAction\",\"target\":[\"https:\/\/woo-themes-plugins.com\/de\/produkt\/woocommerce-mitgliedschaften-mitgliedschaft-paywall-woocommerce-plugin\/\"]}]},{\"@type\":\"ImageObject\",\"inLanguage\":\"de\",\"@id\":\"https:\/\/woo-themes-plugins.com\/de\/produkt\/woocommerce-mitgliedschaften-mitgliedschaft-paywall-woocommerce-plugin\/#primaryimage\",\"url\":\"https:\/\/woo-themes-plugins.com\/wp-content\/uploads\/sites\/7\/2018\/03\/woo-themes-plugins_woocommerce-woocommerce-memberships-plugin-woocommerce.jpg\",\"contentUrl\":\"https:\/\/woo-themes-plugins.com\/wp-content\/uploads\/sites\/7\/2018\/03\/woo-themes-plugins_woocommerce-woocommerce-memberships-plugin-woocommerce.jpg\",\"width\":900,\"height\":900},{\"@type\":\"BreadcrumbList\",\"@id\":\"https:\/\/woo-themes-plugins.com\/de\/produkt\/woocommerce-mitgliedschaften-mitgliedschaft-paywall-woocommerce-plugin\/#breadcrumb\",\"itemListElement\":[{\"@type\":\"ListItem\",\"position\":1,\"name\":\"Accueil\",\"item\":\"https:\/\/woo-themes-plugins.com\/fr\/\"},{\"@type\":\"ListItem\",\"position\":2,\"name\":\"Shop\",\"item\":\"https:\/\/woo-themes-plugins.com\/shop\/\"},{\"@type\":\"ListItem\",\"position\":3,\"name\":\"WooCommerce Mitgliedschaften &#8211; Mitgliedschaft \/ Paywall &#8211; WooCommerce Plugin\"}]},{\"@type\":\"WebSite\",\"@id\":\"https:\/\/woo-themes-plugins.com\/it\/#website\",\"url\":\"https:\/\/woo-themes-plugins.com\/it\/\",\"name\":\"Woo-themes-plugins.com\",\"description\":\"Tous les th\u00e8mes et plugins WooCommerce Premium\",\"potentialAction\":[{\"@type\":\"SearchAction\",\"target\":{\"@type\":\"EntryPoint\",\"urlTemplate\":\"https:\/\/woo-themes-plugins.com\/it\/?s={search_term_string}\"},\"query-input\":\"required name=search_term_string\"}],\"inLanguage\":\"de\"}]}<\/script>\n<!-- \/ Yoast SEO plugin. -->","yoast_head_json":{"title":"WooCommerce Memberships - Monatliches Abonnement \/ Paywall","description":"Der Zugriff auf seine WooCommerce-Site nur auf ein Mitgliedsprofil ist durchaus m\u00f6glich. Dies ist das Ziel dieser WooCommerce-Erweiterung. Definieren Sie mit wenigen Klicks Ihre kostenlosen oder kostenpflichtigen Mitgliedschaftsrichtlinien sowie die WooCommerce-Produkte, aus denen sie besteht. Einfache WooCommerce-Mitgliedschaft.","robots":{"index":"index","follow":"follow","max-snippet":"max-snippet:-1","max-image-preview":"max-image-preview:large","max-video-preview":"max-video-preview:-1"},"canonical":"https:\/\/woo-themes-plugins.com\/de\/produkt\/woocommerce-mitgliedschaften-mitgliedschaft-paywall-woocommerce-plugin\/","og_locale":"de_DE","og_type":"article","og_title":"WooCommerce Memberships - Monatliches Abonnement \/ Paywall","og_description":"Der Zugriff auf seine WooCommerce-Site nur auf ein Mitgliedsprofil ist durchaus m\u00f6glich. Dies ist das Ziel dieser WooCommerce-Erweiterung. Definieren Sie mit wenigen Klicks Ihre kostenlosen oder kostenpflichtigen Mitgliedschaftsrichtlinien sowie die WooCommerce-Produkte, aus denen sie besteht. Einfache WooCommerce-Mitgliedschaft.","og_url":"https:\/\/woo-themes-plugins.com\/de\/produkt\/woocommerce-mitgliedschaften-mitgliedschaft-paywall-woocommerce-plugin\/","og_site_name":"Woo-themes-plugins.com","og_image":[{"width":900,"height":900,"url":"https:\/\/woo-themes-plugins.com\/wp-content\/uploads\/sites\/7\/2018\/03\/woo-themes-plugins_woocommerce-woocommerce-memberships-plugin-woocommerce.jpg","type":"image\/jpeg"}],"twitter_misc":{"Gesch\u00e4tzte Lesezeit":"1\u00a0Minute"},"schema":{"@context":"https:\/\/schema.org","@graph":[{"@type":"WebPage","@id":"https:\/\/woo-themes-plugins.com\/de\/produkt\/woocommerce-mitgliedschaften-mitgliedschaft-paywall-woocommerce-plugin\/","url":"https:\/\/woo-themes-plugins.com\/de\/produkt\/woocommerce-mitgliedschaften-mitgliedschaft-paywall-woocommerce-plugin\/","name":"WooCommerce Memberships - Monatliches Abonnement \/ Paywall","isPartOf":{"@id":"https:\/\/woo-themes-plugins.com\/it\/#website"},"primaryImageOfPage":{"@id":"https:\/\/woo-themes-plugins.com\/de\/produkt\/woocommerce-mitgliedschaften-mitgliedschaft-paywall-woocommerce-plugin\/#primaryimage"},"image":{"@id":"https:\/\/woo-themes-plugins.com\/de\/produkt\/woocommerce-mitgliedschaften-mitgliedschaft-paywall-woocommerce-plugin\/#primaryimage"},"thumbnailUrl":"https:\/\/woo-themes-plugins.com\/wp-content\/uploads\/sites\/7\/2018\/03\/woo-themes-plugins_woocommerce-woocommerce-memberships-plugin-woocommerce.jpg","datePublished":"2018-03-26T07:07:50+00:00","dateModified":"2018-03-26T07:07:50+00:00","description":"Der Zugriff auf seine WooCommerce-Site nur auf ein Mitgliedsprofil ist durchaus m\u00f6glich. Dies ist das Ziel dieser WooCommerce-Erweiterung. Definieren Sie mit wenigen Klicks Ihre kostenlosen oder kostenpflichtigen Mitgliedschaftsrichtlinien sowie die WooCommerce-Produkte, aus denen sie besteht. Einfache WooCommerce-Mitgliedschaft.","breadcrumb":{"@id":"https:\/\/woo-themes-plugins.com\/de\/produkt\/woocommerce-mitgliedschaften-mitgliedschaft-paywall-woocommerce-plugin\/#breadcrumb"},"inLanguage":"de","potentialAction":[{"@type":"ReadAction","target":["https:\/\/woo-themes-plugins.com\/de\/produkt\/woocommerce-mitgliedschaften-mitgliedschaft-paywall-woocommerce-plugin\/"]}]},{"@type":"ImageObject","inLanguage":"de","@id":"https:\/\/woo-themes-plugins.com\/de\/produkt\/woocommerce-mitgliedschaften-mitgliedschaft-paywall-woocommerce-plugin\/#primaryimage","url":"https:\/\/woo-themes-plugins.com\/wp-content\/uploads\/sites\/7\/2018\/03\/woo-themes-plugins_woocommerce-woocommerce-memberships-plugin-woocommerce.jpg","contentUrl":"https:\/\/woo-themes-plugins.com\/wp-content\/uploads\/sites\/7\/2018\/03\/woo-themes-plugins_woocommerce-woocommerce-memberships-plugin-woocommerce.jpg","width":900,"height":900},{"@type":"BreadcrumbList","@id":"https:\/\/woo-themes-plugins.com\/de\/produkt\/woocommerce-mitgliedschaften-mitgliedschaft-paywall-woocommerce-plugin\/#breadcrumb","itemListElement":[{"@type":"ListItem","position":1,"name":"Accueil","item":"https:\/\/woo-themes-plugins.com\/fr\/"},{"@type":"ListItem","position":2,"name":"Shop","item":"https:\/\/woo-themes-plugins.com\/shop\/"},{"@type":"ListItem","position":3,"name":"WooCommerce Mitgliedschaften &#8211; Mitgliedschaft \/ Paywall &#8211; WooCommerce Plugin"}]},{"@type":"WebSite","@id":"https:\/\/woo-themes-plugins.com\/it\/#website","url":"https:\/\/woo-themes-plugins.com\/it\/","name":"Woo-themes-plugins.com","description":"Tous les th\u00e8mes et plugins WooCommerce Premium","potentialAction":[{"@type":"SearchAction","target":{"@type":"EntryPoint","urlTemplate":"https:\/\/woo-themes-plugins.com\/it\/?s={search_term_string}"},"query-input":"required name=search_term_string"}],"inLanguage":"de"}]}},"_links":{"self":[{"href":"https:\/\/woo-themes-plugins.com\/de\/wp-json\/wp\/v2\/product\/4658","targetHints":{"allow":["GET"]}}],"collection":[{"href":"https:\/\/woo-themes-plugins.com\/de\/wp-json\/wp\/v2\/product"}],"about":[{"href":"https:\/\/woo-themes-plugins.com\/de\/wp-json\/wp\/v2\/types\/product"}],"wp:featuredmedia":[{"embeddable":true,"href":"https:\/\/woo-themes-plugins.com\/de\/wp-json\/wp\/v2\/media\/2536"}],"wp:attachment":[{"href":"https:\/\/woo-themes-plugins.com\/de\/wp-json\/wp\/v2\/media?parent=4658"}],"wp:term":[{"taxonomy":"product_cat","embeddable":true,"href":"https:\/\/woo-themes-plugins.com\/de\/wp-json\/wp\/v2\/product_cat?post=4658"},{"taxonomy":"product_tag","embeddable":true,"href":"https:\/\/woo-themes-plugins.com\/de\/wp-json\/wp\/v2\/product_tag?post=4658"}],"curies":[{"name":"wp","href":"https:\/\/api.w.org\/{rel}","templated":true}]}}