{"id":4659,"date":"2018-03-26T08:10:13","date_gmt":"2018-03-26T07:10:13","guid":{"rendered":"https:\/\/woo-themes-plugins.com\/product\/mailchimp-fur-woocommerce-emailing-emarketing-woocommerce-plugin\/"},"modified":"2018-03-26T08:10:13","modified_gmt":"2018-03-26T07:10:13","slug":"mailchimp-fur-woocommerce-emailing-emarketing-woocommerce-plugin","status":"publish","type":"product","link":"https:\/\/woo-themes-plugins.com\/de\/product\/mailchimp-fur-woocommerce-emailing-emarketing-woocommerce-plugin\/","title":{"rendered":"MailChimp f\u00fcr WooCommerce &#8211; eMailing &amp; eMarketing &#8211; WooCommerce Plugin"},"content":{"rendered":"<p><span id=\"result_box\" class=\"\" lang=\"de\"><span title=\"Avec plus de 16 000 000 de clients dans le monde du eCommerce, je crois qu'on est en droit de dire que MailChimp est un v\u00e9ritable expert tr\u00e8s largement reconnu dans le monde l'envoi d'emailing et newsletter.\n\n\">Mit mehr als 16.000.000 eCommerce-Kunden kann man sagen, dass MailChimp ein echter Experte ist, der in der Welt des E-Mail- und Newsletter-Versands weithin anerkannt ist.<\/p>\n<p><\/span><span title=\"Gr\u00e2ce \u00e0 cette extension faite par les \u00e9quipes de MailChimp, et cela gratieusement, il nous est possible de venir synchroniser nos clients et leurs commandes sous MailChimp, ce qui va nous permettre de venir mettre en place des campagnes personnalis\u00e9es ou automatis\u00e9es, le tout en tenant\">Dank dieser Erweiterung, die von den Teams von MailChimp gemacht wurde, und dank dieser Bereicherung, ist es uns m\u00f6glich, unsere Kunden und ihre Bestellungen unter MailChimp zu synchronisieren, so dass wir personalisierte oder automatisierte Kampagnen einrichten k\u00f6nnen <\/span><span title=\"compte de l'historique de chaque client.\">Konto der Geschichte jedes Kunden. <\/span><span title=\"En poussant plus loin, on peut m\u00eame venir utiliser MailChimp pour relancer les paniers abandonn\u00e9s sur ton site WooCommerce.\">Wenn Sie weiter dr\u00fccken, k\u00f6nnen wir sogar MailChimp verwenden, um verlassene K\u00f6rbe auf Ihrer WooCommerce-Site neu zu starten. <\/span><span title=\"Le mien dans tout cela, c'est que MailChimp va t'offrir la chance d'\u00eatre en mesure de conna\u00eetre ton ROI sur chacune de tes campagnes.\">Eines meiner Ziele ist, dass MailChimp Ihnen die M\u00f6glichkeit gibt, Ihren ROI f\u00fcr jede Ihrer Kampagnen zu kennen. <\/span><span title=\"Un outil clairement tr\u00e8s professionnel, et pourtant d\u00e9concertant de simplicit\u00e9 lorsqu'il est question de la prise en main de l'ensemble.\n\n\">Ein Werkzeug, das eindeutig sehr professionell ist, und dennoch eine beunruhigende Einfachheit, wenn es um den Griff des Ganzen geht.<\/p>\n<p><\/span><span title=\"Aurais-je oublier de dire que cette extension est un plugin WooCommerce gratuit ?\n\n\">W\u00fcrde ich vergessen zu sagen, dass diese Erweiterung ein kostenloses WooCommerce-Plugin ist?<\/p>\n<p><\/span><span title=\"Avec cette extension WooCommerce tu vas donc pouvoir :\n\n\u00a0\u00a0\u00a0\u00a0\">Mit dieser Erweiterung WooCommerce k\u00f6nnen Sie:<\/p>\n<p><\/span><span title=\"Syncrhoniser tes listes\n\u00a0\u00a0\u00a0\u00a0\">Synchronisieren Sie Ihre Listen<br \/>\n<\/span><span title=\"Syncrhoniser les achats avec les listes\n\u00a0\u00a0\u00a0\u00a0\">Synchronisieren Sie K\u00e4ufe mit Listen<br \/>\n<\/span><span title=\"Mettre en place des campagnes automatis\u00e9es sur la base de donn\u00e9es eCommerce comme ce qui est contenu dans le chariot client, ses derni\u00e8res commandes...\n\u00a0\u00a0\u00a0\u00a0\">Richten Sie automatisierte Kampagnen in der eCommerce-Datenbank ein, wie im Kundenwagen, den letzten Bestellungen &#8230;<br \/>\n<\/span><span title=\"Mettre en avant les produits recommand\u00e9s\n\u00a0\u00a0\u00a0\u00a0\">Markieren Sie die empfohlenen Produkte<br \/>\n<\/span><span title=\"Suivre et cat\u00e9goris\u00e9 ses clients en fonction de l'historique et la fr\u00e9quence d'achat\n\u00a0\u00a0\u00a0\u00a0\">Verfolgen und kategorisieren Sie Kunden basierend auf der Historie und H\u00e4ufigkeit des Kaufs<br \/>\n<\/span><span title=\"Suivre l'ensemble des performances de vos campagnes dans le tableau de bord MailChimp\n\u00a0\u00a0\u00a0\u00a0\">Verfolgen Sie die gesamte Leistung Ihrer Kampagnen im MailChimp-Dashboard<br \/>\n<\/span><span title=\"Int\u00e9gration d'une POP-UP d'inscription \u00e0 sa newsletter\n\n\">Integration einer POP-UP-Registrierung in den Newsletter<\/p>\n<p><\/span><span title=\"Petit d\u00e9tail, il faut que ton h\u00e9bergement WooCommerce respecte certains standards comme PHP en version minimale \u00e0 5.6, l'utilisation d'un environnement de d\u00e9veloppement avant la mise en ligne... Bref, tout ce qu'un bon h\u00e9bergement WordPress doit savoir faire\">Kleines Detail, ist es notwendig, dass Ihr Hosting WooCommerce respektiert bestimmte Standards wie PHP in der minimalen Version zu 5.6, die Verwendung einer Entwicklungsumgebung vor dem Online-Schaltung &#8230; Kurz gesagt, alles, was ein gutes Hosting WordPress muss wissen, wie zu tun ist <\/span><span title=\".\">.<\/span><\/span><\/p>\n","protected":false},"excerpt":{"rendered":"<p><span id=\"result_box\" class=\"\" lang=\"de\">Wer au\u00dfer MailChimp schl\u00e4gt das beste Plugin vor, mit dem Sie alle Ihre E-Commerce-Daten von WooCommerce auf MailChimp verfolgen k\u00f6nnen? Erh\u00f6ht die M\u00f6glichkeiten Ihrer E-Mail-Kampagnen dank dieses Plugins, das die T\u00fcren der eCommerce 360 Funktionen von MailChimp \u00f6ffnet.<\/span><\/p>\n","protected":false},"featured_media":2544,"template":"","meta":{"_monsterinsights_skip_tracking":false,"_monsterinsights_sitenote_active":false,"_monsterinsights_sitenote_note":"","_monsterinsights_sitenote_category":0},"product_cat":[208],"product_tag":[1087,621,1058,1114,1048],"class_list":["post-4659","product","type-product","status-publish","has-post-thumbnail","hentry","product_cat-plugin-woocommerce-de","product_tag-e-mail-marketing-woocommerce-de","product_tag-mailchimp-woocommerce-de","product_tag-plugin-emarketing-woocommerce-de","product_tag-unverzichtbare-woocommerce","product_tag-woocommerce-befehle-exportieren-importieren-de","pa_dev-woo-plugin-theme-mailchimp-de","pa_marketplace-woocommerce-woocommerce-com-de"],"yoast_head":"<!-- This site is optimized with the Yoast SEO plugin v23.1 - https:\/\/yoast.com\/wordpress\/plugins\/seo\/ -->\n<title>MailChimp f\u00fcr WooCommerce - Mailing &amp; Marketing<\/title>\n<meta name=\"description\" content=\"Kostenlose WooCommerce-Erweiterung, um Ihren WooCommerce-Shop mit der beliebten E-Mail-Versandl\u00f6sung zu verbinden: MailChimp! Dieses Plugin ist perfekt zwischen WooCommerce und MailChimp integriert, um das Beste aus beiden Welten zu bieten. Ein handliches Werkzeug, um Ihren Umsatz leicht zu erh\u00f6hen!\" \/>\n<meta name=\"robots\" content=\"index, follow, max-snippet:-1, max-image-preview:large, max-video-preview:-1\" \/>\n<link rel=\"canonical\" href=\"https:\/\/woo-themes-plugins.com\/de\/produkt\/mailchimp-fur-woocommerce-emailing-emarketing-woocommerce-plugin\/\" \/>\n<meta property=\"og:locale\" content=\"de_DE\" \/>\n<meta property=\"og:type\" content=\"article\" \/>\n<meta property=\"og:title\" content=\"MailChimp f\u00fcr WooCommerce - Mailing &amp; Marketing\" \/>\n<meta property=\"og:description\" content=\"Kostenlose WooCommerce-Erweiterung, um Ihren WooCommerce-Shop mit der beliebten E-Mail-Versandl\u00f6sung zu verbinden: MailChimp! Dieses Plugin ist perfekt zwischen WooCommerce und MailChimp integriert, um das Beste aus beiden Welten zu bieten. Ein handliches Werkzeug, um Ihren Umsatz leicht zu erh\u00f6hen!\" \/>\n<meta property=\"og:url\" content=\"https:\/\/woo-themes-plugins.com\/de\/produkt\/mailchimp-fur-woocommerce-emailing-emarketing-woocommerce-plugin\/\" \/>\n<meta property=\"og:site_name\" content=\"Woo-themes-plugins.com\" \/>\n<meta property=\"og:image\" content=\"https:\/\/woo-themes-plugins.com\/wp-content\/uploads\/sites\/7\/2018\/03\/woo-themes-plugins_woocommerce-mailchimp-woocommerce-emailing-plugin-woocommerce.jpg\" \/>\n\t<meta property=\"og:image:width\" content=\"900\" \/>\n\t<meta property=\"og:image:height\" content=\"900\" \/>\n\t<meta property=\"og:image:type\" content=\"image\/jpeg\" \/>\n<meta name=\"twitter:label1\" content=\"Gesch\u00e4tzte Lesezeit\" \/>\n\t<meta name=\"twitter:data1\" content=\"1\u00a0Minute\" \/>\n<script type=\"application\/ld+json\" class=\"yoast-schema-graph\">{\"@context\":\"https:\/\/schema.org\",\"@graph\":[{\"@type\":\"WebPage\",\"@id\":\"https:\/\/woo-themes-plugins.com\/de\/produkt\/mailchimp-fur-woocommerce-emailing-emarketing-woocommerce-plugin\/\",\"url\":\"https:\/\/woo-themes-plugins.com\/de\/produkt\/mailchimp-fur-woocommerce-emailing-emarketing-woocommerce-plugin\/\",\"name\":\"MailChimp f\u00fcr WooCommerce - Mailing & Marketing\",\"isPartOf\":{\"@id\":\"https:\/\/woo-themes-plugins.com\/it\/#website\"},\"primaryImageOfPage\":{\"@id\":\"https:\/\/woo-themes-plugins.com\/de\/produkt\/mailchimp-fur-woocommerce-emailing-emarketing-woocommerce-plugin\/#primaryimage\"},\"image\":{\"@id\":\"https:\/\/woo-themes-plugins.com\/de\/produkt\/mailchimp-fur-woocommerce-emailing-emarketing-woocommerce-plugin\/#primaryimage\"},\"thumbnailUrl\":\"https:\/\/woo-themes-plugins.com\/wp-content\/uploads\/sites\/7\/2018\/03\/woo-themes-plugins_woocommerce-mailchimp-woocommerce-emailing-plugin-woocommerce.jpg\",\"datePublished\":\"2018-03-26T07:10:13+00:00\",\"dateModified\":\"2018-03-26T07:10:13+00:00\",\"description\":\"Kostenlose WooCommerce-Erweiterung, um Ihren WooCommerce-Shop mit der beliebten E-Mail-Versandl\u00f6sung zu verbinden: MailChimp! Dieses Plugin ist perfekt zwischen WooCommerce und MailChimp integriert, um das Beste aus beiden Welten zu bieten. Ein handliches Werkzeug, um Ihren Umsatz leicht zu erh\u00f6hen!\",\"breadcrumb\":{\"@id\":\"https:\/\/woo-themes-plugins.com\/de\/produkt\/mailchimp-fur-woocommerce-emailing-emarketing-woocommerce-plugin\/#breadcrumb\"},\"inLanguage\":\"de\",\"potentialAction\":[{\"@type\":\"ReadAction\",\"target\":[\"https:\/\/woo-themes-plugins.com\/de\/produkt\/mailchimp-fur-woocommerce-emailing-emarketing-woocommerce-plugin\/\"]}]},{\"@type\":\"ImageObject\",\"inLanguage\":\"de\",\"@id\":\"https:\/\/woo-themes-plugins.com\/de\/produkt\/mailchimp-fur-woocommerce-emailing-emarketing-woocommerce-plugin\/#primaryimage\",\"url\":\"https:\/\/woo-themes-plugins.com\/wp-content\/uploads\/sites\/7\/2018\/03\/woo-themes-plugins_woocommerce-mailchimp-woocommerce-emailing-plugin-woocommerce.jpg\",\"contentUrl\":\"https:\/\/woo-themes-plugins.com\/wp-content\/uploads\/sites\/7\/2018\/03\/woo-themes-plugins_woocommerce-mailchimp-woocommerce-emailing-plugin-woocommerce.jpg\",\"width\":900,\"height\":900},{\"@type\":\"BreadcrumbList\",\"@id\":\"https:\/\/woo-themes-plugins.com\/de\/produkt\/mailchimp-fur-woocommerce-emailing-emarketing-woocommerce-plugin\/#breadcrumb\",\"itemListElement\":[{\"@type\":\"ListItem\",\"position\":1,\"name\":\"Accueil\",\"item\":\"https:\/\/woo-themes-plugins.com\/fr\/\"},{\"@type\":\"ListItem\",\"position\":2,\"name\":\"Shop\",\"item\":\"https:\/\/woo-themes-plugins.com\/shop\/\"},{\"@type\":\"ListItem\",\"position\":3,\"name\":\"MailChimp f\u00fcr WooCommerce &#8211; eMailing &amp; eMarketing &#8211; WooCommerce Plugin\"}]},{\"@type\":\"WebSite\",\"@id\":\"https:\/\/woo-themes-plugins.com\/it\/#website\",\"url\":\"https:\/\/woo-themes-plugins.com\/it\/\",\"name\":\"Woo-themes-plugins.com\",\"description\":\"Tous les th\u00e8mes et plugins WooCommerce Premium\",\"potentialAction\":[{\"@type\":\"SearchAction\",\"target\":{\"@type\":\"EntryPoint\",\"urlTemplate\":\"https:\/\/woo-themes-plugins.com\/it\/?s={search_term_string}\"},\"query-input\":\"required name=search_term_string\"}],\"inLanguage\":\"de\"}]}<\/script>\n<!-- \/ Yoast SEO plugin. -->","yoast_head_json":{"title":"MailChimp f\u00fcr WooCommerce - Mailing & Marketing","description":"Kostenlose WooCommerce-Erweiterung, um Ihren WooCommerce-Shop mit der beliebten E-Mail-Versandl\u00f6sung zu verbinden: MailChimp! Dieses Plugin ist perfekt zwischen WooCommerce und MailChimp integriert, um das Beste aus beiden Welten zu bieten. Ein handliches Werkzeug, um Ihren Umsatz leicht zu erh\u00f6hen!","robots":{"index":"index","follow":"follow","max-snippet":"max-snippet:-1","max-image-preview":"max-image-preview:large","max-video-preview":"max-video-preview:-1"},"canonical":"https:\/\/woo-themes-plugins.com\/de\/produkt\/mailchimp-fur-woocommerce-emailing-emarketing-woocommerce-plugin\/","og_locale":"de_DE","og_type":"article","og_title":"MailChimp f\u00fcr WooCommerce - Mailing & Marketing","og_description":"Kostenlose WooCommerce-Erweiterung, um Ihren WooCommerce-Shop mit der beliebten E-Mail-Versandl\u00f6sung zu verbinden: MailChimp! Dieses Plugin ist perfekt zwischen WooCommerce und MailChimp integriert, um das Beste aus beiden Welten zu bieten. Ein handliches Werkzeug, um Ihren Umsatz leicht zu erh\u00f6hen!","og_url":"https:\/\/woo-themes-plugins.com\/de\/produkt\/mailchimp-fur-woocommerce-emailing-emarketing-woocommerce-plugin\/","og_site_name":"Woo-themes-plugins.com","og_image":[{"width":900,"height":900,"url":"https:\/\/woo-themes-plugins.com\/wp-content\/uploads\/sites\/7\/2018\/03\/woo-themes-plugins_woocommerce-mailchimp-woocommerce-emailing-plugin-woocommerce.jpg","type":"image\/jpeg"}],"twitter_misc":{"Gesch\u00e4tzte Lesezeit":"1\u00a0Minute"},"schema":{"@context":"https:\/\/schema.org","@graph":[{"@type":"WebPage","@id":"https:\/\/woo-themes-plugins.com\/de\/produkt\/mailchimp-fur-woocommerce-emailing-emarketing-woocommerce-plugin\/","url":"https:\/\/woo-themes-plugins.com\/de\/produkt\/mailchimp-fur-woocommerce-emailing-emarketing-woocommerce-plugin\/","name":"MailChimp f\u00fcr WooCommerce - Mailing & Marketing","isPartOf":{"@id":"https:\/\/woo-themes-plugins.com\/it\/#website"},"primaryImageOfPage":{"@id":"https:\/\/woo-themes-plugins.com\/de\/produkt\/mailchimp-fur-woocommerce-emailing-emarketing-woocommerce-plugin\/#primaryimage"},"image":{"@id":"https:\/\/woo-themes-plugins.com\/de\/produkt\/mailchimp-fur-woocommerce-emailing-emarketing-woocommerce-plugin\/#primaryimage"},"thumbnailUrl":"https:\/\/woo-themes-plugins.com\/wp-content\/uploads\/sites\/7\/2018\/03\/woo-themes-plugins_woocommerce-mailchimp-woocommerce-emailing-plugin-woocommerce.jpg","datePublished":"2018-03-26T07:10:13+00:00","dateModified":"2018-03-26T07:10:13+00:00","description":"Kostenlose WooCommerce-Erweiterung, um Ihren WooCommerce-Shop mit der beliebten E-Mail-Versandl\u00f6sung zu verbinden: MailChimp! Dieses Plugin ist perfekt zwischen WooCommerce und MailChimp integriert, um das Beste aus beiden Welten zu bieten. Ein handliches Werkzeug, um Ihren Umsatz leicht zu erh\u00f6hen!","breadcrumb":{"@id":"https:\/\/woo-themes-plugins.com\/de\/produkt\/mailchimp-fur-woocommerce-emailing-emarketing-woocommerce-plugin\/#breadcrumb"},"inLanguage":"de","potentialAction":[{"@type":"ReadAction","target":["https:\/\/woo-themes-plugins.com\/de\/produkt\/mailchimp-fur-woocommerce-emailing-emarketing-woocommerce-plugin\/"]}]},{"@type":"ImageObject","inLanguage":"de","@id":"https:\/\/woo-themes-plugins.com\/de\/produkt\/mailchimp-fur-woocommerce-emailing-emarketing-woocommerce-plugin\/#primaryimage","url":"https:\/\/woo-themes-plugins.com\/wp-content\/uploads\/sites\/7\/2018\/03\/woo-themes-plugins_woocommerce-mailchimp-woocommerce-emailing-plugin-woocommerce.jpg","contentUrl":"https:\/\/woo-themes-plugins.com\/wp-content\/uploads\/sites\/7\/2018\/03\/woo-themes-plugins_woocommerce-mailchimp-woocommerce-emailing-plugin-woocommerce.jpg","width":900,"height":900},{"@type":"BreadcrumbList","@id":"https:\/\/woo-themes-plugins.com\/de\/produkt\/mailchimp-fur-woocommerce-emailing-emarketing-woocommerce-plugin\/#breadcrumb","itemListElement":[{"@type":"ListItem","position":1,"name":"Accueil","item":"https:\/\/woo-themes-plugins.com\/fr\/"},{"@type":"ListItem","position":2,"name":"Shop","item":"https:\/\/woo-themes-plugins.com\/shop\/"},{"@type":"ListItem","position":3,"name":"MailChimp f\u00fcr WooCommerce &#8211; eMailing &amp; eMarketing &#8211; WooCommerce Plugin"}]},{"@type":"WebSite","@id":"https:\/\/woo-themes-plugins.com\/it\/#website","url":"https:\/\/woo-themes-plugins.com\/it\/","name":"Woo-themes-plugins.com","description":"Tous les th\u00e8mes et plugins WooCommerce Premium","potentialAction":[{"@type":"SearchAction","target":{"@type":"EntryPoint","urlTemplate":"https:\/\/woo-themes-plugins.com\/it\/?s={search_term_string}"},"query-input":"required name=search_term_string"}],"inLanguage":"de"}]}},"_links":{"self":[{"href":"https:\/\/woo-themes-plugins.com\/de\/wp-json\/wp\/v2\/product\/4659","targetHints":{"allow":["GET"]}}],"collection":[{"href":"https:\/\/woo-themes-plugins.com\/de\/wp-json\/wp\/v2\/product"}],"about":[{"href":"https:\/\/woo-themes-plugins.com\/de\/wp-json\/wp\/v2\/types\/product"}],"wp:featuredmedia":[{"embeddable":true,"href":"https:\/\/woo-themes-plugins.com\/de\/wp-json\/wp\/v2\/media\/2544"}],"wp:attachment":[{"href":"https:\/\/woo-themes-plugins.com\/de\/wp-json\/wp\/v2\/media?parent=4659"}],"wp:term":[{"taxonomy":"product_cat","embeddable":true,"href":"https:\/\/woo-themes-plugins.com\/de\/wp-json\/wp\/v2\/product_cat?post=4659"},{"taxonomy":"product_tag","embeddable":true,"href":"https:\/\/woo-themes-plugins.com\/de\/wp-json\/wp\/v2\/product_tag?post=4659"}],"curies":[{"name":"wp","href":"https:\/\/api.w.org\/{rel}","templated":true}]}}