{"id":4660,"date":"2018-03-26T08:13:48","date_gmt":"2018-03-26T07:13:48","guid":{"rendered":"https:\/\/woo-themes-plugins.com\/product\/paypal-pro-woocommerce-zahlungslosung-woocommerce-plugin\/"},"modified":"2018-03-26T08:13:48","modified_gmt":"2018-03-26T07:13:48","slug":"paypal-pro-woocommerce-zahlungslosung-woocommerce-plugin","status":"publish","type":"product","link":"https:\/\/woo-themes-plugins.com\/de\/product\/paypal-pro-woocommerce-zahlungslosung-woocommerce-plugin\/","title":{"rendered":"PayPal Pro &#8211; WooCommerce-Zahlungsl\u00f6sung &#8211; WooCommerce-Plugin"},"content":{"rendered":"<p><span id=\"result_box\" class=\"\" lang=\"de\">Wir bieten die M\u00f6glichkeit, Bankkarten direkt auf unserer Website WooCommerce zu nutzen, hier ist es, was PaypPal Pro, eine WooCommerce-Erweiterung, sehr interessant macht. Um es anders auszudr\u00fccken: W\u00e4hrend der Bestellphase wird Ihr Kunde seine Kreditkartennummer eingeben und Paypal wird sich um alles andere k\u00fcmmern. Dies f\u00fchrt Ihren Kunden nat\u00fcrlich dazu, auf Ihrer Website zu bleiben, auch wenn Sie zahlen. Viele Studien in der Welt des eCommerce zeigen, dass wir dadurch die Abbrecherquote deutlich reduzieren.<\/p>\n<p>Diese WooCommerce Erweiterung unterst\u00fctzt sowohl Paypal Pro als auch Paypal Pro Pay Flow Editionen.<\/span><\/p>\n","protected":false},"excerpt":{"rendered":"<p><span id=\"result_box\" class=\"\" lang=\"de\">Paypal ist eine gro\u00dfartige Zahlungsl\u00f6sung. Aber um es richtig zu machen, sollten Ihre Kunden Ihre Website niemals verlassen, auch nicht um zu bezahlen. Dank des von WooCommerce vorgeschlagenen Paypal Pro-Plugins k\u00f6nnen Sie das Paypal-Zahlungsmodul direkt auf Ihrer Website integrieren.<\/span><\/p>\n","protected":false},"featured_media":2552,"template":"","meta":{"_monsterinsights_skip_tracking":false,"_monsterinsights_sitenote_active":false,"_monsterinsights_sitenote_note":"","_monsterinsights_sitenote_category":0},"product_cat":[208],"product_tag":[1069,660,1044],"class_list":["post-4660","product","type-product","status-publish","has-post-thumbnail","hentry","product_cat-plugin-woocommerce-de","product_tag-losungszahlung-woocommerce","product_tag-paypal-woocommerce-de","product_tag-umbautunnel-kasse-woocommerce","pa_dev-woo-plugin-theme-woocommerce-de","pa_marketplace-woocommerce-woocommerce-com-de"],"yoast_head":"<!-- This site is optimized with the Yoast SEO plugin v23.1 - https:\/\/yoast.com\/wordpress\/plugins\/seo\/ -->\n<title>PayPal Pro - WooCommerce-Zahlungsl\u00f6sung<\/title>\n<meta name=\"description\" content=\"Eine WooCommerce-Erweiterung, mit der Sie direkt auf Ihrer Website auf Bankkarten zugreifen k\u00f6nnen. Ihr Kunde gibt seine Kreditkartennummer auf Ihrer Website ein und unten k\u00fcmmert sich Paypal um alles!\" \/>\n<meta name=\"robots\" content=\"index, follow, max-snippet:-1, max-image-preview:large, max-video-preview:-1\" \/>\n<link rel=\"canonical\" href=\"https:\/\/woo-themes-plugins.com\/de\/produkt\/paypal-pro-woocommerce-zahlungslosung-woocommerce-plugin\/\" \/>\n<meta property=\"og:locale\" content=\"de_DE\" \/>\n<meta property=\"og:type\" content=\"article\" \/>\n<meta property=\"og:title\" content=\"PayPal Pro - WooCommerce-Zahlungsl\u00f6sung\" \/>\n<meta property=\"og:description\" content=\"Eine WooCommerce-Erweiterung, mit der Sie direkt auf Ihrer Website auf Bankkarten zugreifen k\u00f6nnen. Ihr Kunde gibt seine Kreditkartennummer auf Ihrer Website ein und unten k\u00fcmmert sich Paypal um alles!\" \/>\n<meta property=\"og:url\" content=\"https:\/\/woo-themes-plugins.com\/de\/produkt\/paypal-pro-woocommerce-zahlungslosung-woocommerce-plugin\/\" \/>\n<meta property=\"og:site_name\" content=\"Woo-themes-plugins.com\" \/>\n<meta property=\"og:image\" content=\"https:\/\/woo-themes-plugins.com\/wp-content\/uploads\/sites\/7\/2018\/03\/woo-themes-plugins_woocommerce-paypal-pro-plugin-woocommerce.jpg\" \/>\n\t<meta property=\"og:image:width\" content=\"900\" \/>\n\t<meta property=\"og:image:height\" content=\"900\" \/>\n\t<meta property=\"og:image:type\" content=\"image\/jpeg\" \/>\n<script type=\"application\/ld+json\" class=\"yoast-schema-graph\">{\"@context\":\"https:\/\/schema.org\",\"@graph\":[{\"@type\":\"WebPage\",\"@id\":\"https:\/\/woo-themes-plugins.com\/de\/produkt\/paypal-pro-woocommerce-zahlungslosung-woocommerce-plugin\/\",\"url\":\"https:\/\/woo-themes-plugins.com\/de\/produkt\/paypal-pro-woocommerce-zahlungslosung-woocommerce-plugin\/\",\"name\":\"PayPal Pro - WooCommerce-Zahlungsl\u00f6sung\",\"isPartOf\":{\"@id\":\"https:\/\/woo-themes-plugins.com\/it\/#website\"},\"primaryImageOfPage\":{\"@id\":\"https:\/\/woo-themes-plugins.com\/de\/produkt\/paypal-pro-woocommerce-zahlungslosung-woocommerce-plugin\/#primaryimage\"},\"image\":{\"@id\":\"https:\/\/woo-themes-plugins.com\/de\/produkt\/paypal-pro-woocommerce-zahlungslosung-woocommerce-plugin\/#primaryimage\"},\"thumbnailUrl\":\"https:\/\/woo-themes-plugins.com\/wp-content\/uploads\/sites\/7\/2018\/03\/woo-themes-plugins_woocommerce-paypal-pro-plugin-woocommerce.jpg\",\"datePublished\":\"2018-03-26T07:13:48+00:00\",\"dateModified\":\"2018-03-26T07:13:48+00:00\",\"description\":\"Eine WooCommerce-Erweiterung, mit der Sie direkt auf Ihrer Website auf Bankkarten zugreifen k\u00f6nnen. Ihr Kunde gibt seine Kreditkartennummer auf Ihrer Website ein und unten k\u00fcmmert sich Paypal um alles!\",\"breadcrumb\":{\"@id\":\"https:\/\/woo-themes-plugins.com\/de\/produkt\/paypal-pro-woocommerce-zahlungslosung-woocommerce-plugin\/#breadcrumb\"},\"inLanguage\":\"de\",\"potentialAction\":[{\"@type\":\"ReadAction\",\"target\":[\"https:\/\/woo-themes-plugins.com\/de\/produkt\/paypal-pro-woocommerce-zahlungslosung-woocommerce-plugin\/\"]}]},{\"@type\":\"ImageObject\",\"inLanguage\":\"de\",\"@id\":\"https:\/\/woo-themes-plugins.com\/de\/produkt\/paypal-pro-woocommerce-zahlungslosung-woocommerce-plugin\/#primaryimage\",\"url\":\"https:\/\/woo-themes-plugins.com\/wp-content\/uploads\/sites\/7\/2018\/03\/woo-themes-plugins_woocommerce-paypal-pro-plugin-woocommerce.jpg\",\"contentUrl\":\"https:\/\/woo-themes-plugins.com\/wp-content\/uploads\/sites\/7\/2018\/03\/woo-themes-plugins_woocommerce-paypal-pro-plugin-woocommerce.jpg\",\"width\":900,\"height\":900},{\"@type\":\"BreadcrumbList\",\"@id\":\"https:\/\/woo-themes-plugins.com\/de\/produkt\/paypal-pro-woocommerce-zahlungslosung-woocommerce-plugin\/#breadcrumb\",\"itemListElement\":[{\"@type\":\"ListItem\",\"position\":1,\"name\":\"Accueil\",\"item\":\"https:\/\/woo-themes-plugins.com\/fr\/\"},{\"@type\":\"ListItem\",\"position\":2,\"name\":\"Shop\",\"item\":\"https:\/\/woo-themes-plugins.com\/shop\/\"},{\"@type\":\"ListItem\",\"position\":3,\"name\":\"PayPal Pro &#8211; WooCommerce-Zahlungsl\u00f6sung &#8211; WooCommerce-Plugin\"}]},{\"@type\":\"WebSite\",\"@id\":\"https:\/\/woo-themes-plugins.com\/it\/#website\",\"url\":\"https:\/\/woo-themes-plugins.com\/it\/\",\"name\":\"Woo-themes-plugins.com\",\"description\":\"Tous les th\u00e8mes et plugins WooCommerce Premium\",\"potentialAction\":[{\"@type\":\"SearchAction\",\"target\":{\"@type\":\"EntryPoint\",\"urlTemplate\":\"https:\/\/woo-themes-plugins.com\/it\/?s={search_term_string}\"},\"query-input\":\"required name=search_term_string\"}],\"inLanguage\":\"de\"}]}<\/script>\n<!-- \/ Yoast SEO plugin. -->","yoast_head_json":{"title":"PayPal Pro - WooCommerce-Zahlungsl\u00f6sung","description":"Eine WooCommerce-Erweiterung, mit der Sie direkt auf Ihrer Website auf Bankkarten zugreifen k\u00f6nnen. Ihr Kunde gibt seine Kreditkartennummer auf Ihrer Website ein und unten k\u00fcmmert sich Paypal um alles!","robots":{"index":"index","follow":"follow","max-snippet":"max-snippet:-1","max-image-preview":"max-image-preview:large","max-video-preview":"max-video-preview:-1"},"canonical":"https:\/\/woo-themes-plugins.com\/de\/produkt\/paypal-pro-woocommerce-zahlungslosung-woocommerce-plugin\/","og_locale":"de_DE","og_type":"article","og_title":"PayPal Pro - WooCommerce-Zahlungsl\u00f6sung","og_description":"Eine WooCommerce-Erweiterung, mit der Sie direkt auf Ihrer Website auf Bankkarten zugreifen k\u00f6nnen. Ihr Kunde gibt seine Kreditkartennummer auf Ihrer Website ein und unten k\u00fcmmert sich Paypal um alles!","og_url":"https:\/\/woo-themes-plugins.com\/de\/produkt\/paypal-pro-woocommerce-zahlungslosung-woocommerce-plugin\/","og_site_name":"Woo-themes-plugins.com","og_image":[{"width":900,"height":900,"url":"https:\/\/woo-themes-plugins.com\/wp-content\/uploads\/sites\/7\/2018\/03\/woo-themes-plugins_woocommerce-paypal-pro-plugin-woocommerce.jpg","type":"image\/jpeg"}],"schema":{"@context":"https:\/\/schema.org","@graph":[{"@type":"WebPage","@id":"https:\/\/woo-themes-plugins.com\/de\/produkt\/paypal-pro-woocommerce-zahlungslosung-woocommerce-plugin\/","url":"https:\/\/woo-themes-plugins.com\/de\/produkt\/paypal-pro-woocommerce-zahlungslosung-woocommerce-plugin\/","name":"PayPal Pro - WooCommerce-Zahlungsl\u00f6sung","isPartOf":{"@id":"https:\/\/woo-themes-plugins.com\/it\/#website"},"primaryImageOfPage":{"@id":"https:\/\/woo-themes-plugins.com\/de\/produkt\/paypal-pro-woocommerce-zahlungslosung-woocommerce-plugin\/#primaryimage"},"image":{"@id":"https:\/\/woo-themes-plugins.com\/de\/produkt\/paypal-pro-woocommerce-zahlungslosung-woocommerce-plugin\/#primaryimage"},"thumbnailUrl":"https:\/\/woo-themes-plugins.com\/wp-content\/uploads\/sites\/7\/2018\/03\/woo-themes-plugins_woocommerce-paypal-pro-plugin-woocommerce.jpg","datePublished":"2018-03-26T07:13:48+00:00","dateModified":"2018-03-26T07:13:48+00:00","description":"Eine WooCommerce-Erweiterung, mit der Sie direkt auf Ihrer Website auf Bankkarten zugreifen k\u00f6nnen. Ihr Kunde gibt seine Kreditkartennummer auf Ihrer Website ein und unten k\u00fcmmert sich Paypal um alles!","breadcrumb":{"@id":"https:\/\/woo-themes-plugins.com\/de\/produkt\/paypal-pro-woocommerce-zahlungslosung-woocommerce-plugin\/#breadcrumb"},"inLanguage":"de","potentialAction":[{"@type":"ReadAction","target":["https:\/\/woo-themes-plugins.com\/de\/produkt\/paypal-pro-woocommerce-zahlungslosung-woocommerce-plugin\/"]}]},{"@type":"ImageObject","inLanguage":"de","@id":"https:\/\/woo-themes-plugins.com\/de\/produkt\/paypal-pro-woocommerce-zahlungslosung-woocommerce-plugin\/#primaryimage","url":"https:\/\/woo-themes-plugins.com\/wp-content\/uploads\/sites\/7\/2018\/03\/woo-themes-plugins_woocommerce-paypal-pro-plugin-woocommerce.jpg","contentUrl":"https:\/\/woo-themes-plugins.com\/wp-content\/uploads\/sites\/7\/2018\/03\/woo-themes-plugins_woocommerce-paypal-pro-plugin-woocommerce.jpg","width":900,"height":900},{"@type":"BreadcrumbList","@id":"https:\/\/woo-themes-plugins.com\/de\/produkt\/paypal-pro-woocommerce-zahlungslosung-woocommerce-plugin\/#breadcrumb","itemListElement":[{"@type":"ListItem","position":1,"name":"Accueil","item":"https:\/\/woo-themes-plugins.com\/fr\/"},{"@type":"ListItem","position":2,"name":"Shop","item":"https:\/\/woo-themes-plugins.com\/shop\/"},{"@type":"ListItem","position":3,"name":"PayPal Pro &#8211; WooCommerce-Zahlungsl\u00f6sung &#8211; WooCommerce-Plugin"}]},{"@type":"WebSite","@id":"https:\/\/woo-themes-plugins.com\/it\/#website","url":"https:\/\/woo-themes-plugins.com\/it\/","name":"Woo-themes-plugins.com","description":"Tous les th\u00e8mes et plugins WooCommerce Premium","potentialAction":[{"@type":"SearchAction","target":{"@type":"EntryPoint","urlTemplate":"https:\/\/woo-themes-plugins.com\/it\/?s={search_term_string}"},"query-input":"required name=search_term_string"}],"inLanguage":"de"}]}},"_links":{"self":[{"href":"https:\/\/woo-themes-plugins.com\/de\/wp-json\/wp\/v2\/product\/4660","targetHints":{"allow":["GET"]}}],"collection":[{"href":"https:\/\/woo-themes-plugins.com\/de\/wp-json\/wp\/v2\/product"}],"about":[{"href":"https:\/\/woo-themes-plugins.com\/de\/wp-json\/wp\/v2\/types\/product"}],"wp:featuredmedia":[{"embeddable":true,"href":"https:\/\/woo-themes-plugins.com\/de\/wp-json\/wp\/v2\/media\/2552"}],"wp:attachment":[{"href":"https:\/\/woo-themes-plugins.com\/de\/wp-json\/wp\/v2\/media?parent=4660"}],"wp:term":[{"taxonomy":"product_cat","embeddable":true,"href":"https:\/\/woo-themes-plugins.com\/de\/wp-json\/wp\/v2\/product_cat?post=4660"},{"taxonomy":"product_tag","embeddable":true,"href":"https:\/\/woo-themes-plugins.com\/de\/wp-json\/wp\/v2\/product_tag?post=4660"}],"curies":[{"name":"wp","href":"https:\/\/api.w.org\/{rel}","templated":true}]}}