{"id":4663,"date":"2018-03-26T08:24:53","date_gmt":"2018-03-26T07:24:53","guid":{"rendered":"https:\/\/woo-themes-plugins.com\/product\/authorize-net-cim-woocommerce-zahlungslosung-woocommerce-plugin\/"},"modified":"2018-03-26T08:24:53","modified_gmt":"2018-03-26T07:24:53","slug":"authorize-net-cim-woocommerce-zahlungslosung-woocommerce-plugin","status":"publish","type":"product","link":"https:\/\/woo-themes-plugins.com\/de\/product\/authorize-net-cim-woocommerce-zahlungslosung-woocommerce-plugin\/","title":{"rendered":"Authorize.Net CIM &#8211; WooCommerce Zahlungsl\u00f6sung &#8211; WooCommerce Plugin"},"content":{"rendered":"<p><span id=\"result_box\" class=\"\" lang=\"de\">Dank dieses WooCommerce-Plugins kann Ihr Shop Kreditkartenzahlungen akzeptieren! Das verwendete Banking-Gateway-System ist das von Authorize.net in seiner AIM-Version. Die authorize.net-Kreditkartenzahlungserweiterung f\u00fcr WooCommerce wird eine vollst\u00e4ndig integrierte Benutzererfahrung auf Ihrer eigenen eCommerce-Website schaffen. Ihre Kunden m\u00fcssen Ihre Website nicht mehr verlassen, um zu bezahlen. Dieses Plugin basiert auf dem Script JavaScript Accept.js.<\/p>\n<p>Die AIM-Version des WooCommerc authorize.net-Plugins gibt uns die M\u00f6glichkeit, unseren Kunden auf der Website zu halten, anstatt ihn an die Website der Bank zur\u00fcckzusenden. <span class=\"\">Daf\u00fcr ist das obligatorische Vorhandensein eines SSL-Zertifikats auf dem Checkout-Teil Ihrer WooCommerce-Site unerl\u00e4sslich.<\/span> <span class=\"\">Jedes gute WooCommerce-Hosting wird Ihnen erlauben.<\/span><\/span><\/p>\n","protected":false},"excerpt":{"rendered":"<p><span id=\"result_box\" class=\"\" lang=\"de\">SkyVerge bietet Ihnen dieses sichere Bank-Zahlungs-Plugin, mit dem Sie die Authorize.net-Zahlungsl\u00f6sung in CIM-Version direkt auf Ihrer eCommerce WooCommerce-Seite auf der Bezahlseite Ihrer Website einrichten k\u00f6nnen! Mit der CIM-Version von Authorize.net k\u00f6nnen Sie die Dienste von Authorize.net hervorragend nutzen.<\/span><\/p>\n","protected":false},"featured_media":2576,"template":"","meta":{"_monsterinsights_skip_tracking":false,"_monsterinsights_sitenote_active":false,"_monsterinsights_sitenote_note":"","_monsterinsights_sitenote_category":0},"product_cat":[208],"product_tag":[960,1069],"class_list":["post-4663","product","type-product","status-publish","has-post-thumbnail","hentry","product_cat-plugin-woocommerce-de","product_tag-authorize-net-woocommerce-de","product_tag-losungszahlung-woocommerce","pa_dev-woo-plugin-theme-skyverge-de","pa_marketplace-woocommerce-woocommerce-com-de"],"yoast_head":"<!-- This site is optimized with the Yoast SEO plugin v23.1 - https:\/\/yoast.com\/wordpress\/plugins\/seo\/ -->\n<title>Authorize.Net CIM - WooCommerce Bankkarten-Plugin<\/title>\n<meta name=\"description\" content=\"Das offizielle WooCommerce-Plugin f\u00fcr die Verwaltung der Authorize.net-Zahlungsl\u00f6sung in seiner AIM-Version Dank dieser WooCommerce-Erweiterung k\u00f6nnen Sie Kreditkartenzahlungen direkt auf Ihre E-Commerce-Website akzeptieren und den Kunden nicht mehr zur Bankseite schicken bezahlen!\" \/>\n<meta name=\"robots\" content=\"index, follow, max-snippet:-1, max-image-preview:large, max-video-preview:-1\" \/>\n<link rel=\"canonical\" href=\"https:\/\/woo-themes-plugins.com\/de\/produkt\/authorize-net-cim-woocommerce-zahlungslosung-woocommerce-plugin\/\" \/>\n<meta property=\"og:locale\" content=\"de_DE\" \/>\n<meta property=\"og:type\" content=\"article\" \/>\n<meta property=\"og:title\" content=\"Authorize.Net CIM - WooCommerce Bankkarten-Plugin\" \/>\n<meta property=\"og:description\" content=\"Das offizielle WooCommerce-Plugin f\u00fcr die Verwaltung der Authorize.net-Zahlungsl\u00f6sung in seiner AIM-Version Dank dieser WooCommerce-Erweiterung k\u00f6nnen Sie Kreditkartenzahlungen direkt auf Ihre E-Commerce-Website akzeptieren und den Kunden nicht mehr zur Bankseite schicken bezahlen!\" \/>\n<meta property=\"og:url\" content=\"https:\/\/woo-themes-plugins.com\/de\/produkt\/authorize-net-cim-woocommerce-zahlungslosung-woocommerce-plugin\/\" \/>\n<meta property=\"og:site_name\" content=\"Woo-themes-plugins.com\" \/>\n<meta property=\"og:image\" content=\"https:\/\/woo-themes-plugins.com\/wp-content\/uploads\/sites\/7\/2018\/03\/woo-themes-plugins_woocommerce-authorize-net-cim-plugin-woocommerce.jpg\" \/>\n\t<meta property=\"og:image:width\" content=\"900\" \/>\n\t<meta property=\"og:image:height\" content=\"900\" \/>\n\t<meta property=\"og:image:type\" content=\"image\/jpeg\" \/>\n<meta name=\"twitter:label1\" content=\"Gesch\u00e4tzte Lesezeit\" \/>\n\t<meta name=\"twitter:data1\" content=\"1\u00a0Minute\" \/>\n<script type=\"application\/ld+json\" class=\"yoast-schema-graph\">{\"@context\":\"https:\/\/schema.org\",\"@graph\":[{\"@type\":\"WebPage\",\"@id\":\"https:\/\/woo-themes-plugins.com\/de\/produkt\/authorize-net-cim-woocommerce-zahlungslosung-woocommerce-plugin\/\",\"url\":\"https:\/\/woo-themes-plugins.com\/de\/produkt\/authorize-net-cim-woocommerce-zahlungslosung-woocommerce-plugin\/\",\"name\":\"Authorize.Net CIM - WooCommerce Bankkarten-Plugin\",\"isPartOf\":{\"@id\":\"https:\/\/woo-themes-plugins.com\/it\/#website\"},\"primaryImageOfPage\":{\"@id\":\"https:\/\/woo-themes-plugins.com\/de\/produkt\/authorize-net-cim-woocommerce-zahlungslosung-woocommerce-plugin\/#primaryimage\"},\"image\":{\"@id\":\"https:\/\/woo-themes-plugins.com\/de\/produkt\/authorize-net-cim-woocommerce-zahlungslosung-woocommerce-plugin\/#primaryimage\"},\"thumbnailUrl\":\"https:\/\/woo-themes-plugins.com\/wp-content\/uploads\/sites\/7\/2018\/03\/woo-themes-plugins_woocommerce-authorize-net-cim-plugin-woocommerce.jpg\",\"datePublished\":\"2018-03-26T07:24:53+00:00\",\"dateModified\":\"2018-03-26T07:24:53+00:00\",\"description\":\"Das offizielle WooCommerce-Plugin f\u00fcr die Verwaltung der Authorize.net-Zahlungsl\u00f6sung in seiner AIM-Version Dank dieser WooCommerce-Erweiterung k\u00f6nnen Sie Kreditkartenzahlungen direkt auf Ihre E-Commerce-Website akzeptieren und den Kunden nicht mehr zur Bankseite schicken bezahlen!\",\"breadcrumb\":{\"@id\":\"https:\/\/woo-themes-plugins.com\/de\/produkt\/authorize-net-cim-woocommerce-zahlungslosung-woocommerce-plugin\/#breadcrumb\"},\"inLanguage\":\"de\",\"potentialAction\":[{\"@type\":\"ReadAction\",\"target\":[\"https:\/\/woo-themes-plugins.com\/de\/produkt\/authorize-net-cim-woocommerce-zahlungslosung-woocommerce-plugin\/\"]}]},{\"@type\":\"ImageObject\",\"inLanguage\":\"de\",\"@id\":\"https:\/\/woo-themes-plugins.com\/de\/produkt\/authorize-net-cim-woocommerce-zahlungslosung-woocommerce-plugin\/#primaryimage\",\"url\":\"https:\/\/woo-themes-plugins.com\/wp-content\/uploads\/sites\/7\/2018\/03\/woo-themes-plugins_woocommerce-authorize-net-cim-plugin-woocommerce.jpg\",\"contentUrl\":\"https:\/\/woo-themes-plugins.com\/wp-content\/uploads\/sites\/7\/2018\/03\/woo-themes-plugins_woocommerce-authorize-net-cim-plugin-woocommerce.jpg\",\"width\":900,\"height\":900},{\"@type\":\"BreadcrumbList\",\"@id\":\"https:\/\/woo-themes-plugins.com\/de\/produkt\/authorize-net-cim-woocommerce-zahlungslosung-woocommerce-plugin\/#breadcrumb\",\"itemListElement\":[{\"@type\":\"ListItem\",\"position\":1,\"name\":\"Accueil\",\"item\":\"https:\/\/woo-themes-plugins.com\/fr\/\"},{\"@type\":\"ListItem\",\"position\":2,\"name\":\"Shop\",\"item\":\"https:\/\/woo-themes-plugins.com\/shop\/\"},{\"@type\":\"ListItem\",\"position\":3,\"name\":\"Authorize.Net CIM &#8211; WooCommerce Zahlungsl\u00f6sung &#8211; WooCommerce Plugin\"}]},{\"@type\":\"WebSite\",\"@id\":\"https:\/\/woo-themes-plugins.com\/it\/#website\",\"url\":\"https:\/\/woo-themes-plugins.com\/it\/\",\"name\":\"Woo-themes-plugins.com\",\"description\":\"Tous les th\u00e8mes et plugins WooCommerce Premium\",\"potentialAction\":[{\"@type\":\"SearchAction\",\"target\":{\"@type\":\"EntryPoint\",\"urlTemplate\":\"https:\/\/woo-themes-plugins.com\/it\/?s={search_term_string}\"},\"query-input\":\"required name=search_term_string\"}],\"inLanguage\":\"de\"}]}<\/script>\n<!-- \/ Yoast SEO plugin. -->","yoast_head_json":{"title":"Authorize.Net CIM - WooCommerce Bankkarten-Plugin","description":"Das offizielle WooCommerce-Plugin f\u00fcr die Verwaltung der Authorize.net-Zahlungsl\u00f6sung in seiner AIM-Version Dank dieser WooCommerce-Erweiterung k\u00f6nnen Sie Kreditkartenzahlungen direkt auf Ihre E-Commerce-Website akzeptieren und den Kunden nicht mehr zur Bankseite schicken bezahlen!","robots":{"index":"index","follow":"follow","max-snippet":"max-snippet:-1","max-image-preview":"max-image-preview:large","max-video-preview":"max-video-preview:-1"},"canonical":"https:\/\/woo-themes-plugins.com\/de\/produkt\/authorize-net-cim-woocommerce-zahlungslosung-woocommerce-plugin\/","og_locale":"de_DE","og_type":"article","og_title":"Authorize.Net CIM - WooCommerce Bankkarten-Plugin","og_description":"Das offizielle WooCommerce-Plugin f\u00fcr die Verwaltung der Authorize.net-Zahlungsl\u00f6sung in seiner AIM-Version Dank dieser WooCommerce-Erweiterung k\u00f6nnen Sie Kreditkartenzahlungen direkt auf Ihre E-Commerce-Website akzeptieren und den Kunden nicht mehr zur Bankseite schicken bezahlen!","og_url":"https:\/\/woo-themes-plugins.com\/de\/produkt\/authorize-net-cim-woocommerce-zahlungslosung-woocommerce-plugin\/","og_site_name":"Woo-themes-plugins.com","og_image":[{"width":900,"height":900,"url":"https:\/\/woo-themes-plugins.com\/wp-content\/uploads\/sites\/7\/2018\/03\/woo-themes-plugins_woocommerce-authorize-net-cim-plugin-woocommerce.jpg","type":"image\/jpeg"}],"twitter_misc":{"Gesch\u00e4tzte Lesezeit":"1\u00a0Minute"},"schema":{"@context":"https:\/\/schema.org","@graph":[{"@type":"WebPage","@id":"https:\/\/woo-themes-plugins.com\/de\/produkt\/authorize-net-cim-woocommerce-zahlungslosung-woocommerce-plugin\/","url":"https:\/\/woo-themes-plugins.com\/de\/produkt\/authorize-net-cim-woocommerce-zahlungslosung-woocommerce-plugin\/","name":"Authorize.Net CIM - WooCommerce Bankkarten-Plugin","isPartOf":{"@id":"https:\/\/woo-themes-plugins.com\/it\/#website"},"primaryImageOfPage":{"@id":"https:\/\/woo-themes-plugins.com\/de\/produkt\/authorize-net-cim-woocommerce-zahlungslosung-woocommerce-plugin\/#primaryimage"},"image":{"@id":"https:\/\/woo-themes-plugins.com\/de\/produkt\/authorize-net-cim-woocommerce-zahlungslosung-woocommerce-plugin\/#primaryimage"},"thumbnailUrl":"https:\/\/woo-themes-plugins.com\/wp-content\/uploads\/sites\/7\/2018\/03\/woo-themes-plugins_woocommerce-authorize-net-cim-plugin-woocommerce.jpg","datePublished":"2018-03-26T07:24:53+00:00","dateModified":"2018-03-26T07:24:53+00:00","description":"Das offizielle WooCommerce-Plugin f\u00fcr die Verwaltung der Authorize.net-Zahlungsl\u00f6sung in seiner AIM-Version Dank dieser WooCommerce-Erweiterung k\u00f6nnen Sie Kreditkartenzahlungen direkt auf Ihre E-Commerce-Website akzeptieren und den Kunden nicht mehr zur Bankseite schicken bezahlen!","breadcrumb":{"@id":"https:\/\/woo-themes-plugins.com\/de\/produkt\/authorize-net-cim-woocommerce-zahlungslosung-woocommerce-plugin\/#breadcrumb"},"inLanguage":"de","potentialAction":[{"@type":"ReadAction","target":["https:\/\/woo-themes-plugins.com\/de\/produkt\/authorize-net-cim-woocommerce-zahlungslosung-woocommerce-plugin\/"]}]},{"@type":"ImageObject","inLanguage":"de","@id":"https:\/\/woo-themes-plugins.com\/de\/produkt\/authorize-net-cim-woocommerce-zahlungslosung-woocommerce-plugin\/#primaryimage","url":"https:\/\/woo-themes-plugins.com\/wp-content\/uploads\/sites\/7\/2018\/03\/woo-themes-plugins_woocommerce-authorize-net-cim-plugin-woocommerce.jpg","contentUrl":"https:\/\/woo-themes-plugins.com\/wp-content\/uploads\/sites\/7\/2018\/03\/woo-themes-plugins_woocommerce-authorize-net-cim-plugin-woocommerce.jpg","width":900,"height":900},{"@type":"BreadcrumbList","@id":"https:\/\/woo-themes-plugins.com\/de\/produkt\/authorize-net-cim-woocommerce-zahlungslosung-woocommerce-plugin\/#breadcrumb","itemListElement":[{"@type":"ListItem","position":1,"name":"Accueil","item":"https:\/\/woo-themes-plugins.com\/fr\/"},{"@type":"ListItem","position":2,"name":"Shop","item":"https:\/\/woo-themes-plugins.com\/shop\/"},{"@type":"ListItem","position":3,"name":"Authorize.Net CIM &#8211; WooCommerce Zahlungsl\u00f6sung &#8211; WooCommerce Plugin"}]},{"@type":"WebSite","@id":"https:\/\/woo-themes-plugins.com\/it\/#website","url":"https:\/\/woo-themes-plugins.com\/it\/","name":"Woo-themes-plugins.com","description":"Tous les th\u00e8mes et plugins WooCommerce Premium","potentialAction":[{"@type":"SearchAction","target":{"@type":"EntryPoint","urlTemplate":"https:\/\/woo-themes-plugins.com\/it\/?s={search_term_string}"},"query-input":"required name=search_term_string"}],"inLanguage":"de"}]}},"_links":{"self":[{"href":"https:\/\/woo-themes-plugins.com\/de\/wp-json\/wp\/v2\/product\/4663","targetHints":{"allow":["GET"]}}],"collection":[{"href":"https:\/\/woo-themes-plugins.com\/de\/wp-json\/wp\/v2\/product"}],"about":[{"href":"https:\/\/woo-themes-plugins.com\/de\/wp-json\/wp\/v2\/types\/product"}],"wp:featuredmedia":[{"embeddable":true,"href":"https:\/\/woo-themes-plugins.com\/de\/wp-json\/wp\/v2\/media\/2576"}],"wp:attachment":[{"href":"https:\/\/woo-themes-plugins.com\/de\/wp-json\/wp\/v2\/media?parent=4663"}],"wp:term":[{"taxonomy":"product_cat","embeddable":true,"href":"https:\/\/woo-themes-plugins.com\/de\/wp-json\/wp\/v2\/product_cat?post=4663"},{"taxonomy":"product_tag","embeddable":true,"href":"https:\/\/woo-themes-plugins.com\/de\/wp-json\/wp\/v2\/product_tag?post=4663"}],"curies":[{"name":"wp","href":"https:\/\/api.w.org\/{rel}","templated":true}]}}