{"id":4664,"date":"2018-03-26T08:26:30","date_gmt":"2018-03-26T07:26:30","guid":{"rendered":"https:\/\/woo-themes-plugins.com\/product\/sendungsverfolgung-plugin-sendungsverfolgung-woocommerce-plugin\/"},"modified":"2018-03-26T08:26:30","modified_gmt":"2018-03-26T07:26:30","slug":"sendungsverfolgung-plugin-sendungsverfolgung-woocommerce-plugin","status":"publish","type":"product","link":"https:\/\/woo-themes-plugins.com\/de\/product\/sendungsverfolgung-plugin-sendungsverfolgung-woocommerce-plugin\/","title":{"rendered":"Sendungsverfolgung &#8211; Plugin Sendungsverfolgung &#8211; WooCommerce Plugin"},"content":{"rendered":"<p><span id=\"result_box\" class=\"\" lang=\"de\">Sendungsverfolgung ist eine WooCommerce-Erweiterung, mit der Sie Lieferverfolgungsinformationen direkt zu Ihren Kundenauftr\u00e4gen hinzuf\u00fcgen k\u00f6nnen. Dank dieses WooCommerce-Plugins k\u00f6nnen Sie Ihre Kunden sehr einfach dar\u00fcber informieren, wie Sendungen direkt in Ihrer WooCommerce-Management-Oberfl\u00e4che verfolgt werden k\u00f6nnen. Sobald Sie alle f\u00fcr die ordnungsgem\u00e4\u00dfe Sendungsverfolgung erforderlichen Informationen angegeben haben, werden die Informationen in den E-Mails, der Auftragsverfolgungsseite f\u00fcr den Kunden und dem Site-Administrator, aber auch im Abschnitt f\u00fcr die Kontoauftr\u00e4ge vervielf\u00e4ltigt Kunden.<\/p>\n<p>Nat\u00fcrlich ist diese Versandverfolgungserweiterung zu 100% anpassbar. Um uns Zeit zu sparen, sind einige Lieferanten wie Kanadische Post, SAPO, City Link, DHL, DPD, Royal Mail, TNT, UPS &#8230;<\/span><\/p>\n","protected":false},"excerpt":{"rendered":"<p><span id=\"result_box\" class=\"\" lang=\"de\">Die Nachverfolgung seiner Expeditionen anzubieten, ist nicht sehr komplex. Die meiste Zeit verlassen wir uns auf den Service unseres Lieferers. Sie m\u00fcssen jedoch immer noch die Tracking-Nummer und den Link senden k\u00f6nnen, um den Fortschritt der Online-Kundenzustellung zu verfolgen. Dieses von WooCommerce vorgeschlagene Plugin erm\u00f6glicht es Ihnen, eine Tracking-Nummer Ihrer Sendungen direkt in Ihren Bestellungen hinzuzuf\u00fcgen. K\u00fchle.<\/span><\/p>\n","protected":false},"featured_media":2584,"template":"","meta":{"_monsterinsights_skip_tracking":false,"_monsterinsights_sitenote_active":false,"_monsterinsights_sitenote_note":"","_monsterinsights_sitenote_category":0},"product_cat":[208],"product_tag":[1055,1113],"class_list":["post-4664","product","type-product","status-publish","has-post-thumbnail","hentry","product_cat-plugin-woocommerce-de","product_tag-bestellungen-woocommerce","product_tag-woocommerce-lieferung","pa_dev-woo-plugin-theme-woocommerce-de","pa_marketplace-woocommerce-woocommerce-com-de"],"yoast_head":"<!-- This site is optimized with the Yoast SEO plugin v23.1 - https:\/\/yoast.com\/wordpress\/plugins\/seo\/ -->\n<title>Sendungsverfolgung - Plugin Sendungsverfolgung - WooCommerce Plugin<\/title>\n<meta name=\"description\" content=\"Integrieren Sie direkt in seine WooCommerce Orders Tracking-Sendungen, hier bietet sich die Erweiterung WooCommerce &quot;Shipment Tracking&quot; an. Geben Sie bei diesem WooCommerce-Plugin Ihre Tracking-Nummer ein, die an den Kunden gesendet wird und in der Bestellverfolgungsoberfl\u00e4che angezeigt wird.\" \/>\n<meta name=\"robots\" content=\"index, follow, max-snippet:-1, max-image-preview:large, max-video-preview:-1\" \/>\n<link rel=\"canonical\" href=\"https:\/\/woo-themes-plugins.com\/de\/produkt\/sendungsverfolgung-plugin-sendungsverfolgung-woocommerce-plugin\/\" \/>\n<meta property=\"og:locale\" content=\"de_DE\" \/>\n<meta property=\"og:type\" content=\"article\" \/>\n<meta property=\"og:title\" content=\"Sendungsverfolgung - Plugin Sendungsverfolgung - WooCommerce Plugin\" \/>\n<meta property=\"og:description\" content=\"Integrieren Sie direkt in seine WooCommerce Orders Tracking-Sendungen, hier bietet sich die Erweiterung WooCommerce &quot;Shipment Tracking&quot; an. Geben Sie bei diesem WooCommerce-Plugin Ihre Tracking-Nummer ein, die an den Kunden gesendet wird und in der Bestellverfolgungsoberfl\u00e4che angezeigt wird.\" \/>\n<meta property=\"og:url\" content=\"https:\/\/woo-themes-plugins.com\/de\/produkt\/sendungsverfolgung-plugin-sendungsverfolgung-woocommerce-plugin\/\" \/>\n<meta property=\"og:site_name\" content=\"Woo-themes-plugins.com\" \/>\n<meta property=\"og:image\" content=\"https:\/\/woo-themes-plugins.com\/wp-content\/uploads\/sites\/7\/2018\/03\/woo-themes-plugins_woocommerce-table-rate-shipping-plugin-woocommerce-1.jpg\" \/>\n\t<meta property=\"og:image:width\" content=\"900\" \/>\n\t<meta property=\"og:image:height\" content=\"900\" \/>\n\t<meta property=\"og:image:type\" content=\"image\/jpeg\" \/>\n<meta name=\"twitter:label1\" content=\"Gesch\u00e4tzte Lesezeit\" \/>\n\t<meta name=\"twitter:data1\" content=\"1\u00a0Minute\" \/>\n<script type=\"application\/ld+json\" class=\"yoast-schema-graph\">{\"@context\":\"https:\/\/schema.org\",\"@graph\":[{\"@type\":\"WebPage\",\"@id\":\"https:\/\/woo-themes-plugins.com\/de\/produkt\/sendungsverfolgung-plugin-sendungsverfolgung-woocommerce-plugin\/\",\"url\":\"https:\/\/woo-themes-plugins.com\/de\/produkt\/sendungsverfolgung-plugin-sendungsverfolgung-woocommerce-plugin\/\",\"name\":\"Sendungsverfolgung - Plugin Sendungsverfolgung - WooCommerce Plugin\",\"isPartOf\":{\"@id\":\"https:\/\/woo-themes-plugins.com\/it\/#website\"},\"primaryImageOfPage\":{\"@id\":\"https:\/\/woo-themes-plugins.com\/de\/produkt\/sendungsverfolgung-plugin-sendungsverfolgung-woocommerce-plugin\/#primaryimage\"},\"image\":{\"@id\":\"https:\/\/woo-themes-plugins.com\/de\/produkt\/sendungsverfolgung-plugin-sendungsverfolgung-woocommerce-plugin\/#primaryimage\"},\"thumbnailUrl\":\"https:\/\/woo-themes-plugins.com\/wp-content\/uploads\/sites\/7\/2018\/03\/woo-themes-plugins_woocommerce-table-rate-shipping-plugin-woocommerce-1.jpg\",\"datePublished\":\"2018-03-26T07:26:30+00:00\",\"dateModified\":\"2018-03-26T07:26:30+00:00\",\"description\":\"Integrieren Sie direkt in seine WooCommerce Orders Tracking-Sendungen, hier bietet sich die Erweiterung WooCommerce \\\"Shipment Tracking\\\" an. Geben Sie bei diesem WooCommerce-Plugin Ihre Tracking-Nummer ein, die an den Kunden gesendet wird und in der Bestellverfolgungsoberfl\u00e4che angezeigt wird.\",\"breadcrumb\":{\"@id\":\"https:\/\/woo-themes-plugins.com\/de\/produkt\/sendungsverfolgung-plugin-sendungsverfolgung-woocommerce-plugin\/#breadcrumb\"},\"inLanguage\":\"de\",\"potentialAction\":[{\"@type\":\"ReadAction\",\"target\":[\"https:\/\/woo-themes-plugins.com\/de\/produkt\/sendungsverfolgung-plugin-sendungsverfolgung-woocommerce-plugin\/\"]}]},{\"@type\":\"ImageObject\",\"inLanguage\":\"de\",\"@id\":\"https:\/\/woo-themes-plugins.com\/de\/produkt\/sendungsverfolgung-plugin-sendungsverfolgung-woocommerce-plugin\/#primaryimage\",\"url\":\"https:\/\/woo-themes-plugins.com\/wp-content\/uploads\/sites\/7\/2018\/03\/woo-themes-plugins_woocommerce-table-rate-shipping-plugin-woocommerce-1.jpg\",\"contentUrl\":\"https:\/\/woo-themes-plugins.com\/wp-content\/uploads\/sites\/7\/2018\/03\/woo-themes-plugins_woocommerce-table-rate-shipping-plugin-woocommerce-1.jpg\",\"width\":900,\"height\":900},{\"@type\":\"BreadcrumbList\",\"@id\":\"https:\/\/woo-themes-plugins.com\/de\/produkt\/sendungsverfolgung-plugin-sendungsverfolgung-woocommerce-plugin\/#breadcrumb\",\"itemListElement\":[{\"@type\":\"ListItem\",\"position\":1,\"name\":\"Accueil\",\"item\":\"https:\/\/woo-themes-plugins.com\/fr\/\"},{\"@type\":\"ListItem\",\"position\":2,\"name\":\"Shop\",\"item\":\"https:\/\/woo-themes-plugins.com\/shop\/\"},{\"@type\":\"ListItem\",\"position\":3,\"name\":\"Sendungsverfolgung &#8211; Plugin Sendungsverfolgung &#8211; WooCommerce Plugin\"}]},{\"@type\":\"WebSite\",\"@id\":\"https:\/\/woo-themes-plugins.com\/it\/#website\",\"url\":\"https:\/\/woo-themes-plugins.com\/it\/\",\"name\":\"Woo-themes-plugins.com\",\"description\":\"Tous les th\u00e8mes et plugins WooCommerce Premium\",\"potentialAction\":[{\"@type\":\"SearchAction\",\"target\":{\"@type\":\"EntryPoint\",\"urlTemplate\":\"https:\/\/woo-themes-plugins.com\/it\/?s={search_term_string}\"},\"query-input\":\"required name=search_term_string\"}],\"inLanguage\":\"de\"}]}<\/script>\n<!-- \/ Yoast SEO plugin. -->","yoast_head_json":{"title":"Sendungsverfolgung - Plugin Sendungsverfolgung - WooCommerce Plugin","description":"Integrieren Sie direkt in seine WooCommerce Orders Tracking-Sendungen, hier bietet sich die Erweiterung WooCommerce \"Shipment Tracking\" an. Geben Sie bei diesem WooCommerce-Plugin Ihre Tracking-Nummer ein, die an den Kunden gesendet wird und in der Bestellverfolgungsoberfl\u00e4che angezeigt wird.","robots":{"index":"index","follow":"follow","max-snippet":"max-snippet:-1","max-image-preview":"max-image-preview:large","max-video-preview":"max-video-preview:-1"},"canonical":"https:\/\/woo-themes-plugins.com\/de\/produkt\/sendungsverfolgung-plugin-sendungsverfolgung-woocommerce-plugin\/","og_locale":"de_DE","og_type":"article","og_title":"Sendungsverfolgung - Plugin Sendungsverfolgung - WooCommerce Plugin","og_description":"Integrieren Sie direkt in seine WooCommerce Orders Tracking-Sendungen, hier bietet sich die Erweiterung WooCommerce \"Shipment Tracking\" an. Geben Sie bei diesem WooCommerce-Plugin Ihre Tracking-Nummer ein, die an den Kunden gesendet wird und in der Bestellverfolgungsoberfl\u00e4che angezeigt wird.","og_url":"https:\/\/woo-themes-plugins.com\/de\/produkt\/sendungsverfolgung-plugin-sendungsverfolgung-woocommerce-plugin\/","og_site_name":"Woo-themes-plugins.com","og_image":[{"width":900,"height":900,"url":"https:\/\/woo-themes-plugins.com\/wp-content\/uploads\/sites\/7\/2018\/03\/woo-themes-plugins_woocommerce-table-rate-shipping-plugin-woocommerce-1.jpg","type":"image\/jpeg"}],"twitter_misc":{"Gesch\u00e4tzte Lesezeit":"1\u00a0Minute"},"schema":{"@context":"https:\/\/schema.org","@graph":[{"@type":"WebPage","@id":"https:\/\/woo-themes-plugins.com\/de\/produkt\/sendungsverfolgung-plugin-sendungsverfolgung-woocommerce-plugin\/","url":"https:\/\/woo-themes-plugins.com\/de\/produkt\/sendungsverfolgung-plugin-sendungsverfolgung-woocommerce-plugin\/","name":"Sendungsverfolgung - Plugin Sendungsverfolgung - WooCommerce Plugin","isPartOf":{"@id":"https:\/\/woo-themes-plugins.com\/it\/#website"},"primaryImageOfPage":{"@id":"https:\/\/woo-themes-plugins.com\/de\/produkt\/sendungsverfolgung-plugin-sendungsverfolgung-woocommerce-plugin\/#primaryimage"},"image":{"@id":"https:\/\/woo-themes-plugins.com\/de\/produkt\/sendungsverfolgung-plugin-sendungsverfolgung-woocommerce-plugin\/#primaryimage"},"thumbnailUrl":"https:\/\/woo-themes-plugins.com\/wp-content\/uploads\/sites\/7\/2018\/03\/woo-themes-plugins_woocommerce-table-rate-shipping-plugin-woocommerce-1.jpg","datePublished":"2018-03-26T07:26:30+00:00","dateModified":"2018-03-26T07:26:30+00:00","description":"Integrieren Sie direkt in seine WooCommerce Orders Tracking-Sendungen, hier bietet sich die Erweiterung WooCommerce \"Shipment Tracking\" an. Geben Sie bei diesem WooCommerce-Plugin Ihre Tracking-Nummer ein, die an den Kunden gesendet wird und in der Bestellverfolgungsoberfl\u00e4che angezeigt wird.","breadcrumb":{"@id":"https:\/\/woo-themes-plugins.com\/de\/produkt\/sendungsverfolgung-plugin-sendungsverfolgung-woocommerce-plugin\/#breadcrumb"},"inLanguage":"de","potentialAction":[{"@type":"ReadAction","target":["https:\/\/woo-themes-plugins.com\/de\/produkt\/sendungsverfolgung-plugin-sendungsverfolgung-woocommerce-plugin\/"]}]},{"@type":"ImageObject","inLanguage":"de","@id":"https:\/\/woo-themes-plugins.com\/de\/produkt\/sendungsverfolgung-plugin-sendungsverfolgung-woocommerce-plugin\/#primaryimage","url":"https:\/\/woo-themes-plugins.com\/wp-content\/uploads\/sites\/7\/2018\/03\/woo-themes-plugins_woocommerce-table-rate-shipping-plugin-woocommerce-1.jpg","contentUrl":"https:\/\/woo-themes-plugins.com\/wp-content\/uploads\/sites\/7\/2018\/03\/woo-themes-plugins_woocommerce-table-rate-shipping-plugin-woocommerce-1.jpg","width":900,"height":900},{"@type":"BreadcrumbList","@id":"https:\/\/woo-themes-plugins.com\/de\/produkt\/sendungsverfolgung-plugin-sendungsverfolgung-woocommerce-plugin\/#breadcrumb","itemListElement":[{"@type":"ListItem","position":1,"name":"Accueil","item":"https:\/\/woo-themes-plugins.com\/fr\/"},{"@type":"ListItem","position":2,"name":"Shop","item":"https:\/\/woo-themes-plugins.com\/shop\/"},{"@type":"ListItem","position":3,"name":"Sendungsverfolgung &#8211; Plugin Sendungsverfolgung &#8211; WooCommerce Plugin"}]},{"@type":"WebSite","@id":"https:\/\/woo-themes-plugins.com\/it\/#website","url":"https:\/\/woo-themes-plugins.com\/it\/","name":"Woo-themes-plugins.com","description":"Tous les th\u00e8mes et plugins WooCommerce Premium","potentialAction":[{"@type":"SearchAction","target":{"@type":"EntryPoint","urlTemplate":"https:\/\/woo-themes-plugins.com\/it\/?s={search_term_string}"},"query-input":"required name=search_term_string"}],"inLanguage":"de"}]}},"_links":{"self":[{"href":"https:\/\/woo-themes-plugins.com\/de\/wp-json\/wp\/v2\/product\/4664","targetHints":{"allow":["GET"]}}],"collection":[{"href":"https:\/\/woo-themes-plugins.com\/de\/wp-json\/wp\/v2\/product"}],"about":[{"href":"https:\/\/woo-themes-plugins.com\/de\/wp-json\/wp\/v2\/types\/product"}],"wp:featuredmedia":[{"embeddable":true,"href":"https:\/\/woo-themes-plugins.com\/de\/wp-json\/wp\/v2\/media\/2584"}],"wp:attachment":[{"href":"https:\/\/woo-themes-plugins.com\/de\/wp-json\/wp\/v2\/media?parent=4664"}],"wp:term":[{"taxonomy":"product_cat","embeddable":true,"href":"https:\/\/woo-themes-plugins.com\/de\/wp-json\/wp\/v2\/product_cat?post=4664"},{"taxonomy":"product_tag","embeddable":true,"href":"https:\/\/woo-themes-plugins.com\/de\/wp-json\/wp\/v2\/product_tag?post=4664"}],"curies":[{"name":"wp","href":"https:\/\/api.w.org\/{rel}","templated":true}]}}