{"id":4665,"date":"2018-03-26T08:58:43","date_gmt":"2018-03-26T07:58:43","guid":{"rendered":"https:\/\/woo-themes-plugins.com\/product\/woocommerce-buchungen-plugin-booking-woocommerce-plugin\/"},"modified":"2018-03-26T08:58:43","modified_gmt":"2018-03-26T07:58:43","slug":"woocommerce-buchungen-plugin-booking-woocommerce-plugin","status":"publish","type":"product","link":"https:\/\/woo-themes-plugins.com\/de\/product\/woocommerce-buchungen-plugin-booking-woocommerce-plugin\/","title":{"rendered":"WooCommerce Buchungen &#8211; Plugin Booking &#8211; WooCommerce Plugin"},"content":{"rendered":"<p><span id=\"result_box\" class=\"\" lang=\"de\"><span title=\"WooCommerce Bookings est une extension WooCommerce qui vient carr\u00e9ment ajouter un nouveau type de produit !\">WooCommerce Bookings ist eine WooCommerce-Erweiterung, die nur einen neuen Produkttyp hinzuf\u00fcgt! <\/span><span title=\"Ce produit, c'est du temps.\">Dieses Produkt ist Zeit. <\/span><span title=\"Avec cette extension WooCommerce, tu vas pouvoir aussi bien vendre des tranches de temps, que des journ\u00e9es enti\u00e8res.\">Mit dieser Erweiterung WooCommerce k\u00f6nnen Sie Zeitfenster sowie ganze Tage verkaufen. <\/span><span title=\"Un plugin va \u00eatre tr\u00e8s vite aim\u00e9 par tous ceux voulant mettre sur pied un site WooCommerce de r\u00e9servation d'h\u00f4tel, de camping, un site pour un garagiste, un plombier, un m\u00e9decin, un site de location automobile, de location de bien touristiques.\">Ein Plugin wird schnell von allen geliebt werden, die eine WooCommerce Website f\u00fcr Hotelbuchung, Camping, eine Seite f\u00fcr einen Mechaniker, einen Klempner, einen Arzt, eine Autovermietungsstelle, Vermietungen von Touristenattraktionen einrichten m\u00f6chten. <\/span><span title=\".. du moment que tu as du temps \u00e0 vendre, c'est ce plugin WooCommerce qu'il te faut !\n\n\">.. solange du Zeit hast zu verkaufen, das ist das Plugin WooCommerce das du brauchst!<\/p>\n<p><\/span><span title=\"WooCommerce Bookings est un plugin qui vient ajouter de nombreuses fonctionnalit\u00e9s, toutes li\u00e9es \u00e0 la gestion d'un produit temporel.\">WooCommerce Bookings ist ein Plugin, das viele Funktionen zur Verwaltung eines tempor\u00e4ren Produkts hinzuf\u00fcgt. <\/span><span title=\"Ainsi, nous avons acc\u00e8s \u00e0 la possibilit\u00e9 de d\u00e9finir des jours et des dates fixes ou de laisser le client choisir, une possibilit\u00e9 de mise \u00e0 jour de ses disponibilit\u00e9s en mode expresse, de faire des r\u00e9servations de groupe, de cr\u00e9er des r\u00e9servations manuelles directement dans\">So haben wir Zugriff auf die M\u00f6glichkeit, feste Tage und Termine zu definieren oder dem Kunden die M\u00f6glichkeit zu geben, seine Verf\u00fcgbarkeit im Express-Modus zu aktualisieren, um Gruppenbuchungen vorzunehmen, manuelle Reservierungen direkt zu erstellen <\/span><span title=\"l'interface d'administration dont l'information se r\u00e9percute tout de suite sur les disponibilit\u00e9s offertes sur votre site WooCommerce, notification par email, d\u00e9finition d'une politique tarifaire en fonction des horaires... Les possibilit\u00e9s offertes par ce plugin WooCommerce de gestion\">Die Administrationsoberfl\u00e4che, deren Informationen sofort auf die auf Ihrer Website angebotenen WooCommerce, E-Mail-Benachrichtigung, Definition einer Tarifpolitik nach Zeitpl\u00e4nen usw. reflektiert werden. Die M\u00f6glichkeiten, die dieses Plugin WooCommerce Management bietet <\/span><span title=\"des r\u00e9servations est tr\u00e8s vaste.\n\n\">Reservierungen sind sehr umfangreich.<\/p>\n<p><\/span><span title=\"Pour te faire un avis plus complet sur les possibilit\u00e9s offertes par cette extension, une d\u00e9mo sur la page de t\u00e9l\u00e9chargement est accessible.\">Um Ihnen eine umfassendere Meinung zu den M\u00f6glichkeiten dieser Erweiterung zu geben, ist eine Demo auf der Download-Seite verf\u00fcgbar.<\/span><\/span><\/p>\n","protected":false},"excerpt":{"rendered":"<p><span id=\"result_box\" class=\"\" lang=\"de\">Zeit ist Geld. Mit diesem WooCommerce Buchungsmanagement-Plugin k\u00f6nnen Sie es verkaufen. Ob f\u00fcr eine Terminverwaltung, Dienstleistungen oder Vermietungen, hier ist ein von WooCommerce entwickeltes Plugin, das schnell essentiell sein wird.<\/span><\/p>\n","protected":false},"featured_media":2592,"template":"","meta":{"_monsterinsights_skip_tracking":false,"_monsterinsights_sitenote_active":false,"_monsterinsights_sitenote_note":"","_monsterinsights_sitenote_category":0},"product_cat":[208],"product_tag":[1052,1114,1066],"class_list":["post-4665","product","type-product","status-publish","has-post-thumbnail","hentry","product_cat-plugin-woocommerce-de","product_tag-lage-buchung-woocommerce","product_tag-unverzichtbare-woocommerce","product_tag-verkauf-dienstleistungen-woocommerce","pa_dev-woo-plugin-theme-woocommerce-de","pa_marketplace-woocommerce-woocommerce-com-de"],"yoast_head":"<!-- This site is optimized with the Yoast SEO plugin v23.1 - https:\/\/yoast.com\/wordpress\/plugins\/seo\/ -->\n<title>WooCommerce Buchungen - Plugin Booking - WooCommerce Plugin - Woo-themes-plugins.com<\/title>\n<meta name=\"robots\" content=\"index, follow, max-snippet:-1, max-image-preview:large, max-video-preview:-1\" \/>\n<link rel=\"canonical\" href=\"https:\/\/woo-themes-plugins.com\/de\/produkt\/woocommerce-buchungen-plugin-booking-woocommerce-plugin\/\" \/>\n<meta property=\"og:locale\" content=\"de_DE\" \/>\n<meta property=\"og:type\" content=\"article\" \/>\n<meta property=\"og:title\" content=\"WooCommerce Buchungen - Plugin Booking - WooCommerce Plugin - Woo-themes-plugins.com\" \/>\n<meta property=\"og:description\" content=\"Zeit ist Geld. Mit diesem WooCommerce Buchungsmanagement-Plugin k\u00f6nnen Sie es verkaufen. Ob f\u00fcr eine Terminverwaltung, Dienstleistungen oder Vermietungen, hier ist ein von WooCommerce entwickeltes Plugin, das schnell essentiell sein wird.\" \/>\n<meta property=\"og:url\" content=\"https:\/\/woo-themes-plugins.com\/de\/produkt\/woocommerce-buchungen-plugin-booking-woocommerce-plugin\/\" \/>\n<meta property=\"og:site_name\" content=\"Woo-themes-plugins.com\" \/>\n<meta property=\"og:image\" content=\"https:\/\/woo-themes-plugins.com\/wp-content\/uploads\/sites\/7\/2018\/03\/woo-themes-plugins_woocommerce-woocommerce-booking-plugin-woocommerce.jpg\" \/>\n\t<meta property=\"og:image:width\" content=\"900\" \/>\n\t<meta property=\"og:image:height\" content=\"900\" \/>\n\t<meta property=\"og:image:type\" content=\"image\/jpeg\" \/>\n<meta name=\"twitter:label1\" content=\"Gesch\u00e4tzte Lesezeit\" \/>\n\t<meta name=\"twitter:data1\" content=\"1\u00a0Minute\" \/>\n<script type=\"application\/ld+json\" class=\"yoast-schema-graph\">{\"@context\":\"https:\/\/schema.org\",\"@graph\":[{\"@type\":\"WebPage\",\"@id\":\"https:\/\/woo-themes-plugins.com\/de\/produkt\/woocommerce-buchungen-plugin-booking-woocommerce-plugin\/\",\"url\":\"https:\/\/woo-themes-plugins.com\/de\/produkt\/woocommerce-buchungen-plugin-booking-woocommerce-plugin\/\",\"name\":\"WooCommerce Buchungen - Plugin Booking - WooCommerce Plugin - Woo-themes-plugins.com\",\"isPartOf\":{\"@id\":\"https:\/\/woo-themes-plugins.com\/it\/#website\"},\"primaryImageOfPage\":{\"@id\":\"https:\/\/woo-themes-plugins.com\/de\/produkt\/woocommerce-buchungen-plugin-booking-woocommerce-plugin\/#primaryimage\"},\"image\":{\"@id\":\"https:\/\/woo-themes-plugins.com\/de\/produkt\/woocommerce-buchungen-plugin-booking-woocommerce-plugin\/#primaryimage\"},\"thumbnailUrl\":\"https:\/\/woo-themes-plugins.com\/wp-content\/uploads\/sites\/7\/2018\/03\/woo-themes-plugins_woocommerce-woocommerce-booking-plugin-woocommerce.jpg\",\"datePublished\":\"2018-03-26T07:58:43+00:00\",\"dateModified\":\"2018-03-26T07:58:43+00:00\",\"breadcrumb\":{\"@id\":\"https:\/\/woo-themes-plugins.com\/de\/produkt\/woocommerce-buchungen-plugin-booking-woocommerce-plugin\/#breadcrumb\"},\"inLanguage\":\"de\",\"potentialAction\":[{\"@type\":\"ReadAction\",\"target\":[\"https:\/\/woo-themes-plugins.com\/de\/produkt\/woocommerce-buchungen-plugin-booking-woocommerce-plugin\/\"]}]},{\"@type\":\"ImageObject\",\"inLanguage\":\"de\",\"@id\":\"https:\/\/woo-themes-plugins.com\/de\/produkt\/woocommerce-buchungen-plugin-booking-woocommerce-plugin\/#primaryimage\",\"url\":\"https:\/\/woo-themes-plugins.com\/wp-content\/uploads\/sites\/7\/2018\/03\/woo-themes-plugins_woocommerce-woocommerce-booking-plugin-woocommerce.jpg\",\"contentUrl\":\"https:\/\/woo-themes-plugins.com\/wp-content\/uploads\/sites\/7\/2018\/03\/woo-themes-plugins_woocommerce-woocommerce-booking-plugin-woocommerce.jpg\",\"width\":900,\"height\":900},{\"@type\":\"BreadcrumbList\",\"@id\":\"https:\/\/woo-themes-plugins.com\/de\/produkt\/woocommerce-buchungen-plugin-booking-woocommerce-plugin\/#breadcrumb\",\"itemListElement\":[{\"@type\":\"ListItem\",\"position\":1,\"name\":\"Accueil\",\"item\":\"https:\/\/woo-themes-plugins.com\/fr\/\"},{\"@type\":\"ListItem\",\"position\":2,\"name\":\"Shop\",\"item\":\"https:\/\/woo-themes-plugins.com\/shop\/\"},{\"@type\":\"ListItem\",\"position\":3,\"name\":\"WooCommerce Buchungen &#8211; Plugin Booking &#8211; WooCommerce Plugin\"}]},{\"@type\":\"WebSite\",\"@id\":\"https:\/\/woo-themes-plugins.com\/it\/#website\",\"url\":\"https:\/\/woo-themes-plugins.com\/it\/\",\"name\":\"Woo-themes-plugins.com\",\"description\":\"Tous les th\u00e8mes et plugins WooCommerce Premium\",\"potentialAction\":[{\"@type\":\"SearchAction\",\"target\":{\"@type\":\"EntryPoint\",\"urlTemplate\":\"https:\/\/woo-themes-plugins.com\/it\/?s={search_term_string}\"},\"query-input\":\"required name=search_term_string\"}],\"inLanguage\":\"de\"}]}<\/script>\n<!-- \/ Yoast SEO plugin. -->","yoast_head_json":{"title":"WooCommerce Buchungen - Plugin Booking - WooCommerce Plugin - Woo-themes-plugins.com","robots":{"index":"index","follow":"follow","max-snippet":"max-snippet:-1","max-image-preview":"max-image-preview:large","max-video-preview":"max-video-preview:-1"},"canonical":"https:\/\/woo-themes-plugins.com\/de\/produkt\/woocommerce-buchungen-plugin-booking-woocommerce-plugin\/","og_locale":"de_DE","og_type":"article","og_title":"WooCommerce Buchungen - Plugin Booking - WooCommerce Plugin - Woo-themes-plugins.com","og_description":"Zeit ist Geld. Mit diesem WooCommerce Buchungsmanagement-Plugin k\u00f6nnen Sie es verkaufen. Ob f\u00fcr eine Terminverwaltung, Dienstleistungen oder Vermietungen, hier ist ein von WooCommerce entwickeltes Plugin, das schnell essentiell sein wird.","og_url":"https:\/\/woo-themes-plugins.com\/de\/produkt\/woocommerce-buchungen-plugin-booking-woocommerce-plugin\/","og_site_name":"Woo-themes-plugins.com","og_image":[{"width":900,"height":900,"url":"https:\/\/woo-themes-plugins.com\/wp-content\/uploads\/sites\/7\/2018\/03\/woo-themes-plugins_woocommerce-woocommerce-booking-plugin-woocommerce.jpg","type":"image\/jpeg"}],"twitter_misc":{"Gesch\u00e4tzte Lesezeit":"1\u00a0Minute"},"schema":{"@context":"https:\/\/schema.org","@graph":[{"@type":"WebPage","@id":"https:\/\/woo-themes-plugins.com\/de\/produkt\/woocommerce-buchungen-plugin-booking-woocommerce-plugin\/","url":"https:\/\/woo-themes-plugins.com\/de\/produkt\/woocommerce-buchungen-plugin-booking-woocommerce-plugin\/","name":"WooCommerce Buchungen - Plugin Booking - WooCommerce Plugin - Woo-themes-plugins.com","isPartOf":{"@id":"https:\/\/woo-themes-plugins.com\/it\/#website"},"primaryImageOfPage":{"@id":"https:\/\/woo-themes-plugins.com\/de\/produkt\/woocommerce-buchungen-plugin-booking-woocommerce-plugin\/#primaryimage"},"image":{"@id":"https:\/\/woo-themes-plugins.com\/de\/produkt\/woocommerce-buchungen-plugin-booking-woocommerce-plugin\/#primaryimage"},"thumbnailUrl":"https:\/\/woo-themes-plugins.com\/wp-content\/uploads\/sites\/7\/2018\/03\/woo-themes-plugins_woocommerce-woocommerce-booking-plugin-woocommerce.jpg","datePublished":"2018-03-26T07:58:43+00:00","dateModified":"2018-03-26T07:58:43+00:00","breadcrumb":{"@id":"https:\/\/woo-themes-plugins.com\/de\/produkt\/woocommerce-buchungen-plugin-booking-woocommerce-plugin\/#breadcrumb"},"inLanguage":"de","potentialAction":[{"@type":"ReadAction","target":["https:\/\/woo-themes-plugins.com\/de\/produkt\/woocommerce-buchungen-plugin-booking-woocommerce-plugin\/"]}]},{"@type":"ImageObject","inLanguage":"de","@id":"https:\/\/woo-themes-plugins.com\/de\/produkt\/woocommerce-buchungen-plugin-booking-woocommerce-plugin\/#primaryimage","url":"https:\/\/woo-themes-plugins.com\/wp-content\/uploads\/sites\/7\/2018\/03\/woo-themes-plugins_woocommerce-woocommerce-booking-plugin-woocommerce.jpg","contentUrl":"https:\/\/woo-themes-plugins.com\/wp-content\/uploads\/sites\/7\/2018\/03\/woo-themes-plugins_woocommerce-woocommerce-booking-plugin-woocommerce.jpg","width":900,"height":900},{"@type":"BreadcrumbList","@id":"https:\/\/woo-themes-plugins.com\/de\/produkt\/woocommerce-buchungen-plugin-booking-woocommerce-plugin\/#breadcrumb","itemListElement":[{"@type":"ListItem","position":1,"name":"Accueil","item":"https:\/\/woo-themes-plugins.com\/fr\/"},{"@type":"ListItem","position":2,"name":"Shop","item":"https:\/\/woo-themes-plugins.com\/shop\/"},{"@type":"ListItem","position":3,"name":"WooCommerce Buchungen &#8211; Plugin Booking &#8211; WooCommerce Plugin"}]},{"@type":"WebSite","@id":"https:\/\/woo-themes-plugins.com\/it\/#website","url":"https:\/\/woo-themes-plugins.com\/it\/","name":"Woo-themes-plugins.com","description":"Tous les th\u00e8mes et plugins WooCommerce Premium","potentialAction":[{"@type":"SearchAction","target":{"@type":"EntryPoint","urlTemplate":"https:\/\/woo-themes-plugins.com\/it\/?s={search_term_string}"},"query-input":"required name=search_term_string"}],"inLanguage":"de"}]}},"_links":{"self":[{"href":"https:\/\/woo-themes-plugins.com\/de\/wp-json\/wp\/v2\/product\/4665","targetHints":{"allow":["GET"]}}],"collection":[{"href":"https:\/\/woo-themes-plugins.com\/de\/wp-json\/wp\/v2\/product"}],"about":[{"href":"https:\/\/woo-themes-plugins.com\/de\/wp-json\/wp\/v2\/types\/product"}],"wp:featuredmedia":[{"embeddable":true,"href":"https:\/\/woo-themes-plugins.com\/de\/wp-json\/wp\/v2\/media\/2592"}],"wp:attachment":[{"href":"https:\/\/woo-themes-plugins.com\/de\/wp-json\/wp\/v2\/media?parent=4665"}],"wp:term":[{"taxonomy":"product_cat","embeddable":true,"href":"https:\/\/woo-themes-plugins.com\/de\/wp-json\/wp\/v2\/product_cat?post=4665"},{"taxonomy":"product_tag","embeddable":true,"href":"https:\/\/woo-themes-plugins.com\/de\/wp-json\/wp\/v2\/product_tag?post=4665"}],"curies":[{"name":"wp","href":"https:\/\/api.w.org\/{rel}","templated":true}]}}