{"id":4666,"date":"2018-03-26T09:07:28","date_gmt":"2018-03-26T08:07:28","guid":{"rendered":"https:\/\/woo-themes-plugins.com\/product\/nennen-sie-ihren-preis-preis-vom-kunden-vorgegeben-woocommerce-plugin\/"},"modified":"2018-03-26T09:07:28","modified_gmt":"2018-03-26T08:07:28","slug":"nennen-sie-ihren-preis-preis-vom-kunden-vorgegeben-woocommerce-plugin","status":"publish","type":"product","link":"https:\/\/woo-themes-plugins.com\/de\/product\/nennen-sie-ihren-preis-preis-vom-kunden-vorgegeben-woocommerce-plugin\/","title":{"rendered":"Nennen Sie Ihren Preis &#8211; Preis vom Kunden vorgegeben &#8211; WooCommerce Plugin"},"content":{"rendered":"<p><span id=\"result_box\" class=\"\" lang=\"de\"><span title=\"Permettre \u00e0 tes clients de payer le prix juste pour le produit ou le service que tu as \u00e0 vendre, voici l'id\u00e9e derri\u00e8re name your price, un plugin WooCommerce qui va rapidement devenir indispensable dans pareil situation.\n\n\">Indem Sie Ihren Kunden erlauben, den richtigen Preis f\u00fcr das Produkt oder die Dienstleistung zu bezahlen, die Sie zum Verkauf anbieten, nennen Sie hier Ihren Preis, ein WooCommerce-Plugin, das in einer solchen Situation schnell unverzichtbar wird.<\/p>\n<p><\/span><span title=\"Gr\u00e2ce \u00e0 ce plugin WooCommerce, tu va \u00eatre en mesure de fixer un prix flexible que tu es pr\u00eat \u00e0 accepter pour un produit ou service donn\u00e9.\">Mit diesem WooCommerce-Plugin k\u00f6nnen Sie einen flexiblen Preis festlegen, den Sie f\u00fcr ein bestimmtes Produkt oder eine bestimmte Dienstleistung akzeptieren. <\/span><span title=\"Ce plugin WooCommerce se sentira autant \u00e0 l'aise dans le cadre d'un projet de donation que dans la mise en place d'une nouvelle approche du eCommerce.\">Dieses WooCommerce-Plugin wird sich bei einem Spendenprojekt genauso wohl f\u00fchlen wie bei einem neuen E-Commerce-Ansatz. <\/span><span title=\"Penses \u00e0 Metallica par exemple.\">Denken Sie zum Beispiel an Metallica. <\/span><span title=\"Un param\u00e9trage fin est permis par ce plugin.\">Feineinstellung ist durch dieses Plugin erlaubt. <\/span><span title=\"Par question de simplement proposer un plugin qui laisse un champs libre comme montant \u00e0 saisir.\">Durch die Frage einfach ein Plugin vorzuschlagen, das ein freies Feld als Betrag zum Ergreifen \u00fcbrig l\u00e4sst. <\/span><span title=\"Avec ce plugin, tu vas par exemple pouvoir laisser la case du prix totalement libre, mais indiqu\u00e9 le montant que tu souhaiterais, ou encore le minimum que tu acceptes.\">Mit diesem Plugin k\u00f6nnen Sie zum Beispiel die Box des Preises komplett frei lassen, geben aber den Betrag an, den Sie m\u00f6chten, oder das Minimum, das Sie akzeptieren. <\/span><span title=\"Ce ne sont que des exemples comme d'autres.\n\n\">Dies sind nur Beispiele wie andere.<\/p>\n<p><\/span><span title=\"On adore ce plugin pour :\n\n\u00a0\u00a0\u00a0\u00a0\">Wir lieben dieses Plugin f\u00fcr:<\/p>\n<p><\/span><span title=\"Faire un espace donation\n\u00a0\u00a0\u00a0\u00a0\">Platzieren Sie eine Spende<br \/>\n<\/span><span title=\"Mettre sur pied une campagne de vente originale\n\u00a0\u00a0\u00a0\u00a0\">Richten Sie eine urspr\u00fcngliche Verkaufsaktion ein<br \/>\n<\/span><span title=\"Accro\u00eetre le profit r\u00e9alis\u00e9 sur la vente d'un produit\n\u00a0\u00a0\u00a0\u00a0\">Erh\u00f6hen Sie den Gewinn aus dem Verkauf eines Produkts<br \/>\n<\/span><span title=\"Faire une \u00e9tude de march\u00e9 sur l'impact du prix\n\n\">Machen Sie eine Marktstudie \u00fcber die Auswirkungen des Preises<\/p>\n<p><\/span><span title=\"Je te le disais, ce plugin offre une grande finesse dans le contr\u00f4le de l'ensemble.\">Ich habe dir gesagt, dieses Plugin bietet gro\u00dfe Finesse bei der Kontrolle des Ganzen. <\/span><span title=\"\u00c0 ce titre, les variations produits sont support\u00e9es.\">Daher werden die erzeugten Variationen unterst\u00fctzt. <\/span><span title=\"Cela signifie que tu vas \u00eatre en mesure de d\u00e9finir une politique tarifaire s\u00e9par\u00e9e m\u00eame au niveau de la variation d'un produit.\">Dies bedeutet, dass Sie in der Lage sein werden, eine separate Preispolitik auch auf der Ebene der Variation eines Produkts zu definieren. <\/span><span title=\"\u00c7a, c'est top.\n\n\">Das ist gro\u00dfartig.<\/p>\n<p><\/span><span title=\"Un autre avantage de ce plugin, c'est qu'il soit d\u00e9velopp\u00e9 par les \u00e9quipes de WooCommerce.\">Ein weiterer Vorteil dieses Plugins ist, dass es von den Teams von WooCommerce entwickelt wird. <\/span><span title=\"Non pas tant pour la qualit\u00e9 d'int\u00e9gration du plugin avec l'\u00e9cosyst\u00e8me WooCommerce qui doit \u00eatre excellent j'imagine, mais surtout par sa compatibilit\u00e9 avec tout l'\u00e9cosyst\u00e8me de plugin mis en place par WooCommerce.\">Nicht so sehr f\u00fcr die Qualit\u00e4t der Integration des Plugins mit dem \u00d6kosystem WooCommerce, das muss ich mir hervorragend vorstellen, sondern vor allem f\u00fcr seine Kompatibilit\u00e4t mit dem gesamten \u00d6kosystem des von WooCommerce eingerichteten Plugins. <\/span><span title=\"Ainsi, quoi de plus naturel que ce plugin soit \u00e9galement compatible avec des plugins permettant la vente par lot, des plugins permettant le cr\u00e9ation de contenu r\u00e9serv\u00e9 \u00e0 des abonn\u00e9s... Le tableau est tr\u00e8s large.\n\n\">So ist es nat\u00fcrlich, dass dieses Plugin auch kompatibel ist mit Plugins f\u00fcr den Batch-Verkauf, Plugins f\u00fcr die Erstellung von Inhalten f\u00fcr Abonnenten &#8230; Der Tisch ist sehr breit.<\/p>\n<p><\/span><span title=\"On appr\u00e9ciera \u00e9galement la facilit\u00e9 de prise en main d'un tel plugin de d\u00e9finition des prix par le client final.\">Wir werden auch die einfache Handhabung eines solchen preissetzenden Plugins durch den Endkunden zu sch\u00e4tzen wissen.<\/span><\/span><\/p>\n","protected":false},"excerpt":{"rendered":"<p><span id=\"result_box\" class=\"\" lang=\"de\">Manchmal m\u00f6chten wir einem Produkt keinen festen Preis geben. Wir m\u00f6chten, dass der Kunde den Preis bezahlt, der f\u00fcr das Produkt angemessen erscheint. Dies ist zum Beispiel beim Verkauf von Musik ziemlich \u00fcblich geworden. Das Name your price-Plugin bietet Ihnen die M\u00f6glichkeit, den Preis eines Produkts Ihrem Endkunden zu \u00fcberlassen.<\/span><\/p>\n","protected":false},"featured_media":2600,"template":"","meta":{"_monsterinsights_skip_tracking":false,"_monsterinsights_sitenote_active":false,"_monsterinsights_sitenote_note":"","_monsterinsights_sitenote_category":0},"product_cat":[208],"product_tag":[1099],"class_list":["post-4666","product","type-product","status-publish","has-post-thumbnail","hentry","product_cat-plugin-woocommerce-de","product_tag-woocommerce-preismanagement","pa_dev-woo-plugin-theme-kathy-darling-de","pa_marketplace-woocommerce-woocommerce-com-de"],"yoast_head":"<!-- This site is optimized with the Yoast SEO plugin v23.1 - https:\/\/yoast.com\/wordpress\/plugins\/seo\/ -->\n<title>Nennen Sie Ihren Preis - Preis vom Kunden vorgegeben - WooCommerce Plugin<\/title>\n<meta name=\"description\" content=\"M\u00f6chten Sie, dass wir den Preis frei setzen k\u00f6nnen, den wir f\u00fcr das Produkt haben, das Sie verkaufen m\u00fcssen? Also dieses WooCommerce-Plugin ist f\u00fcr Sie! Dank dieses WooCommerce-Plugins kann Ihr Kunde den Preis zahlen, den er f\u00fcr &quot;richtig&quot; h\u00e4lt, um dieses Gut oder Service zu erwerben;)\" \/>\n<meta name=\"robots\" content=\"index, follow, max-snippet:-1, max-image-preview:large, max-video-preview:-1\" \/>\n<link rel=\"canonical\" href=\"https:\/\/woo-themes-plugins.com\/de\/produkt\/nennen-sie-ihren-preis-preis-vom-kunden-vorgegeben-woocommerce-plugin\/\" \/>\n<meta property=\"og:locale\" content=\"de_DE\" \/>\n<meta property=\"og:type\" content=\"article\" \/>\n<meta property=\"og:title\" content=\"Nennen Sie Ihren Preis - Preis vom Kunden vorgegeben - WooCommerce Plugin\" \/>\n<meta property=\"og:description\" content=\"M\u00f6chten Sie, dass wir den Preis frei setzen k\u00f6nnen, den wir f\u00fcr das Produkt haben, das Sie verkaufen m\u00fcssen? Also dieses WooCommerce-Plugin ist f\u00fcr Sie! Dank dieses WooCommerce-Plugins kann Ihr Kunde den Preis zahlen, den er f\u00fcr &quot;richtig&quot; h\u00e4lt, um dieses Gut oder Service zu erwerben;)\" \/>\n<meta property=\"og:url\" content=\"https:\/\/woo-themes-plugins.com\/de\/produkt\/nennen-sie-ihren-preis-preis-vom-kunden-vorgegeben-woocommerce-plugin\/\" \/>\n<meta property=\"og:site_name\" content=\"Woo-themes-plugins.com\" \/>\n<meta property=\"og:image\" content=\"https:\/\/woo-themes-plugins.com\/wp-content\/uploads\/sites\/7\/2018\/03\/woo-themes-plugins_woocommerce-name-your-price-plugin-woocommerce.jpg\" \/>\n\t<meta property=\"og:image:width\" content=\"900\" \/>\n\t<meta property=\"og:image:height\" content=\"900\" \/>\n\t<meta property=\"og:image:type\" content=\"image\/jpeg\" \/>\n<meta name=\"twitter:label1\" content=\"Gesch\u00e4tzte Lesezeit\" \/>\n\t<meta name=\"twitter:data1\" content=\"2\u00a0Minuten\" \/>\n<script type=\"application\/ld+json\" class=\"yoast-schema-graph\">{\"@context\":\"https:\/\/schema.org\",\"@graph\":[{\"@type\":\"WebPage\",\"@id\":\"https:\/\/woo-themes-plugins.com\/de\/produkt\/nennen-sie-ihren-preis-preis-vom-kunden-vorgegeben-woocommerce-plugin\/\",\"url\":\"https:\/\/woo-themes-plugins.com\/de\/produkt\/nennen-sie-ihren-preis-preis-vom-kunden-vorgegeben-woocommerce-plugin\/\",\"name\":\"Nennen Sie Ihren Preis - Preis vom Kunden vorgegeben - WooCommerce Plugin\",\"isPartOf\":{\"@id\":\"https:\/\/woo-themes-plugins.com\/it\/#website\"},\"primaryImageOfPage\":{\"@id\":\"https:\/\/woo-themes-plugins.com\/de\/produkt\/nennen-sie-ihren-preis-preis-vom-kunden-vorgegeben-woocommerce-plugin\/#primaryimage\"},\"image\":{\"@id\":\"https:\/\/woo-themes-plugins.com\/de\/produkt\/nennen-sie-ihren-preis-preis-vom-kunden-vorgegeben-woocommerce-plugin\/#primaryimage\"},\"thumbnailUrl\":\"https:\/\/woo-themes-plugins.com\/wp-content\/uploads\/sites\/7\/2018\/03\/woo-themes-plugins_woocommerce-name-your-price-plugin-woocommerce.jpg\",\"datePublished\":\"2018-03-26T08:07:28+00:00\",\"dateModified\":\"2018-03-26T08:07:28+00:00\",\"description\":\"M\u00f6chten Sie, dass wir den Preis frei setzen k\u00f6nnen, den wir f\u00fcr das Produkt haben, das Sie verkaufen m\u00fcssen? Also dieses WooCommerce-Plugin ist f\u00fcr Sie! Dank dieses WooCommerce-Plugins kann Ihr Kunde den Preis zahlen, den er f\u00fcr \\\"richtig\\\" h\u00e4lt, um dieses Gut oder Service zu erwerben;)\",\"breadcrumb\":{\"@id\":\"https:\/\/woo-themes-plugins.com\/de\/produkt\/nennen-sie-ihren-preis-preis-vom-kunden-vorgegeben-woocommerce-plugin\/#breadcrumb\"},\"inLanguage\":\"de\",\"potentialAction\":[{\"@type\":\"ReadAction\",\"target\":[\"https:\/\/woo-themes-plugins.com\/de\/produkt\/nennen-sie-ihren-preis-preis-vom-kunden-vorgegeben-woocommerce-plugin\/\"]}]},{\"@type\":\"ImageObject\",\"inLanguage\":\"de\",\"@id\":\"https:\/\/woo-themes-plugins.com\/de\/produkt\/nennen-sie-ihren-preis-preis-vom-kunden-vorgegeben-woocommerce-plugin\/#primaryimage\",\"url\":\"https:\/\/woo-themes-plugins.com\/wp-content\/uploads\/sites\/7\/2018\/03\/woo-themes-plugins_woocommerce-name-your-price-plugin-woocommerce.jpg\",\"contentUrl\":\"https:\/\/woo-themes-plugins.com\/wp-content\/uploads\/sites\/7\/2018\/03\/woo-themes-plugins_woocommerce-name-your-price-plugin-woocommerce.jpg\",\"width\":900,\"height\":900},{\"@type\":\"BreadcrumbList\",\"@id\":\"https:\/\/woo-themes-plugins.com\/de\/produkt\/nennen-sie-ihren-preis-preis-vom-kunden-vorgegeben-woocommerce-plugin\/#breadcrumb\",\"itemListElement\":[{\"@type\":\"ListItem\",\"position\":1,\"name\":\"Accueil\",\"item\":\"https:\/\/woo-themes-plugins.com\/fr\/\"},{\"@type\":\"ListItem\",\"position\":2,\"name\":\"Shop\",\"item\":\"https:\/\/woo-themes-plugins.com\/shop\/\"},{\"@type\":\"ListItem\",\"position\":3,\"name\":\"Nennen Sie Ihren Preis &#8211; Preis vom Kunden vorgegeben &#8211; WooCommerce Plugin\"}]},{\"@type\":\"WebSite\",\"@id\":\"https:\/\/woo-themes-plugins.com\/it\/#website\",\"url\":\"https:\/\/woo-themes-plugins.com\/it\/\",\"name\":\"Woo-themes-plugins.com\",\"description\":\"Tous les th\u00e8mes et plugins WooCommerce Premium\",\"potentialAction\":[{\"@type\":\"SearchAction\",\"target\":{\"@type\":\"EntryPoint\",\"urlTemplate\":\"https:\/\/woo-themes-plugins.com\/it\/?s={search_term_string}\"},\"query-input\":\"required name=search_term_string\"}],\"inLanguage\":\"de\"}]}<\/script>\n<!-- \/ Yoast SEO plugin. -->","yoast_head_json":{"title":"Nennen Sie Ihren Preis - Preis vom Kunden vorgegeben - WooCommerce Plugin","description":"M\u00f6chten Sie, dass wir den Preis frei setzen k\u00f6nnen, den wir f\u00fcr das Produkt haben, das Sie verkaufen m\u00fcssen? Also dieses WooCommerce-Plugin ist f\u00fcr Sie! Dank dieses WooCommerce-Plugins kann Ihr Kunde den Preis zahlen, den er f\u00fcr \"richtig\" h\u00e4lt, um dieses Gut oder Service zu erwerben;)","robots":{"index":"index","follow":"follow","max-snippet":"max-snippet:-1","max-image-preview":"max-image-preview:large","max-video-preview":"max-video-preview:-1"},"canonical":"https:\/\/woo-themes-plugins.com\/de\/produkt\/nennen-sie-ihren-preis-preis-vom-kunden-vorgegeben-woocommerce-plugin\/","og_locale":"de_DE","og_type":"article","og_title":"Nennen Sie Ihren Preis - Preis vom Kunden vorgegeben - WooCommerce Plugin","og_description":"M\u00f6chten Sie, dass wir den Preis frei setzen k\u00f6nnen, den wir f\u00fcr das Produkt haben, das Sie verkaufen m\u00fcssen? Also dieses WooCommerce-Plugin ist f\u00fcr Sie! Dank dieses WooCommerce-Plugins kann Ihr Kunde den Preis zahlen, den er f\u00fcr \"richtig\" h\u00e4lt, um dieses Gut oder Service zu erwerben;)","og_url":"https:\/\/woo-themes-plugins.com\/de\/produkt\/nennen-sie-ihren-preis-preis-vom-kunden-vorgegeben-woocommerce-plugin\/","og_site_name":"Woo-themes-plugins.com","og_image":[{"width":900,"height":900,"url":"https:\/\/woo-themes-plugins.com\/wp-content\/uploads\/sites\/7\/2018\/03\/woo-themes-plugins_woocommerce-name-your-price-plugin-woocommerce.jpg","type":"image\/jpeg"}],"twitter_misc":{"Gesch\u00e4tzte Lesezeit":"2\u00a0Minuten"},"schema":{"@context":"https:\/\/schema.org","@graph":[{"@type":"WebPage","@id":"https:\/\/woo-themes-plugins.com\/de\/produkt\/nennen-sie-ihren-preis-preis-vom-kunden-vorgegeben-woocommerce-plugin\/","url":"https:\/\/woo-themes-plugins.com\/de\/produkt\/nennen-sie-ihren-preis-preis-vom-kunden-vorgegeben-woocommerce-plugin\/","name":"Nennen Sie Ihren Preis - Preis vom Kunden vorgegeben - WooCommerce Plugin","isPartOf":{"@id":"https:\/\/woo-themes-plugins.com\/it\/#website"},"primaryImageOfPage":{"@id":"https:\/\/woo-themes-plugins.com\/de\/produkt\/nennen-sie-ihren-preis-preis-vom-kunden-vorgegeben-woocommerce-plugin\/#primaryimage"},"image":{"@id":"https:\/\/woo-themes-plugins.com\/de\/produkt\/nennen-sie-ihren-preis-preis-vom-kunden-vorgegeben-woocommerce-plugin\/#primaryimage"},"thumbnailUrl":"https:\/\/woo-themes-plugins.com\/wp-content\/uploads\/sites\/7\/2018\/03\/woo-themes-plugins_woocommerce-name-your-price-plugin-woocommerce.jpg","datePublished":"2018-03-26T08:07:28+00:00","dateModified":"2018-03-26T08:07:28+00:00","description":"M\u00f6chten Sie, dass wir den Preis frei setzen k\u00f6nnen, den wir f\u00fcr das Produkt haben, das Sie verkaufen m\u00fcssen? Also dieses WooCommerce-Plugin ist f\u00fcr Sie! Dank dieses WooCommerce-Plugins kann Ihr Kunde den Preis zahlen, den er f\u00fcr \"richtig\" h\u00e4lt, um dieses Gut oder Service zu erwerben;)","breadcrumb":{"@id":"https:\/\/woo-themes-plugins.com\/de\/produkt\/nennen-sie-ihren-preis-preis-vom-kunden-vorgegeben-woocommerce-plugin\/#breadcrumb"},"inLanguage":"de","potentialAction":[{"@type":"ReadAction","target":["https:\/\/woo-themes-plugins.com\/de\/produkt\/nennen-sie-ihren-preis-preis-vom-kunden-vorgegeben-woocommerce-plugin\/"]}]},{"@type":"ImageObject","inLanguage":"de","@id":"https:\/\/woo-themes-plugins.com\/de\/produkt\/nennen-sie-ihren-preis-preis-vom-kunden-vorgegeben-woocommerce-plugin\/#primaryimage","url":"https:\/\/woo-themes-plugins.com\/wp-content\/uploads\/sites\/7\/2018\/03\/woo-themes-plugins_woocommerce-name-your-price-plugin-woocommerce.jpg","contentUrl":"https:\/\/woo-themes-plugins.com\/wp-content\/uploads\/sites\/7\/2018\/03\/woo-themes-plugins_woocommerce-name-your-price-plugin-woocommerce.jpg","width":900,"height":900},{"@type":"BreadcrumbList","@id":"https:\/\/woo-themes-plugins.com\/de\/produkt\/nennen-sie-ihren-preis-preis-vom-kunden-vorgegeben-woocommerce-plugin\/#breadcrumb","itemListElement":[{"@type":"ListItem","position":1,"name":"Accueil","item":"https:\/\/woo-themes-plugins.com\/fr\/"},{"@type":"ListItem","position":2,"name":"Shop","item":"https:\/\/woo-themes-plugins.com\/shop\/"},{"@type":"ListItem","position":3,"name":"Nennen Sie Ihren Preis &#8211; Preis vom Kunden vorgegeben &#8211; WooCommerce Plugin"}]},{"@type":"WebSite","@id":"https:\/\/woo-themes-plugins.com\/it\/#website","url":"https:\/\/woo-themes-plugins.com\/it\/","name":"Woo-themes-plugins.com","description":"Tous les th\u00e8mes et plugins WooCommerce Premium","potentialAction":[{"@type":"SearchAction","target":{"@type":"EntryPoint","urlTemplate":"https:\/\/woo-themes-plugins.com\/it\/?s={search_term_string}"},"query-input":"required name=search_term_string"}],"inLanguage":"de"}]}},"_links":{"self":[{"href":"https:\/\/woo-themes-plugins.com\/de\/wp-json\/wp\/v2\/product\/4666","targetHints":{"allow":["GET"]}}],"collection":[{"href":"https:\/\/woo-themes-plugins.com\/de\/wp-json\/wp\/v2\/product"}],"about":[{"href":"https:\/\/woo-themes-plugins.com\/de\/wp-json\/wp\/v2\/types\/product"}],"wp:featuredmedia":[{"embeddable":true,"href":"https:\/\/woo-themes-plugins.com\/de\/wp-json\/wp\/v2\/media\/2600"}],"wp:attachment":[{"href":"https:\/\/woo-themes-plugins.com\/de\/wp-json\/wp\/v2\/media?parent=4666"}],"wp:term":[{"taxonomy":"product_cat","embeddable":true,"href":"https:\/\/woo-themes-plugins.com\/de\/wp-json\/wp\/v2\/product_cat?post=4666"},{"taxonomy":"product_tag","embeddable":true,"href":"https:\/\/woo-themes-plugins.com\/de\/wp-json\/wp\/v2\/product_tag?post=4666"}],"curies":[{"name":"wp","href":"https:\/\/api.w.org\/{rel}","templated":true}]}}