{"id":4667,"date":"2018-03-26T09:12:24","date_gmt":"2018-03-26T08:12:24","guid":{"rendered":"https:\/\/woo-themes-plugins.com\/product\/woocommerce-versand-plugin-versand-woocommerce-plugin\/"},"modified":"2018-03-26T09:12:24","modified_gmt":"2018-03-26T08:12:24","slug":"woocommerce-versand-plugin-versand-woocommerce-plugin","status":"publish","type":"product","link":"https:\/\/woo-themes-plugins.com\/de\/product\/woocommerce-versand-plugin-versand-woocommerce-plugin\/","title":{"rendered":"WooCommerce Versand &#8211; Plugin Versand &#8211; WooCommerce Plugin"},"content":{"rendered":"","protected":false},"excerpt":{"rendered":"<p><span id=\"result_box\" class=\"\" lang=\"de\">WooCommerce Shipping ist JetPacks Liefermanagement-Plugin. Dieses Plugin erm\u00f6glicht es uns, die Echtzeitpreise unseres Lieferanten zu nutzen, aber auch die Etiketten zu drucken, die f\u00fcr die Lieferung Ihrer Pakete durch Ihren Anbieter gut geeignet sind. Es ist eine sichere Wette, dass diese Expansion durch die Integration neuer Anbieter und neuer L\u00e4nder im Laufe der Zeit immer wichtiger wird.<\/span><\/p>\n","protected":false},"featured_media":2608,"template":"","meta":{"_monsterinsights_skip_tracking":false,"_monsterinsights_sitenote_active":false,"_monsterinsights_sitenote_note":"","_monsterinsights_sitenote_category":0},"product_cat":[208],"product_tag":[1055,1113,1048],"class_list":["post-4667","product","type-product","status-publish","has-post-thumbnail","hentry","product_cat-plugin-woocommerce-de","product_tag-bestellungen-woocommerce","product_tag-woocommerce-lieferung","product_tag-woocommerce-befehle-exportieren-importieren-de","pa_dev-woo-plugin-theme-woocommerce-de","pa_marketplace-woocommerce-woocommerce-com-de"],"yoast_head":"<!-- This site is optimized with the Yoast SEO plugin v23.1 - https:\/\/yoast.com\/wordpress\/plugins\/seo\/ -->\n<title>WooCommerce Versand - Plugin Versand - WooCommerce Plugin<\/title>\n<meta name=\"description\" content=\"Diese WooCommerce-Erweiterung ist die offizielle L\u00f6sung von WooCommerce und JetPack, mit der wir Lieferungen wie Pro verwalten k\u00f6nnen. Echtzeit-Anzeige der Kosten der Lieferung, intelligente erm\u00e4\u00dfigte Preise, Verwaltung der Versandetiketten, dieses WooCommerce-Lieferungs-Plugin ist unverzichtbar!\" \/>\n<meta name=\"robots\" content=\"index, follow, max-snippet:-1, max-image-preview:large, max-video-preview:-1\" \/>\n<link rel=\"canonical\" href=\"https:\/\/woo-themes-plugins.com\/de\/produkt\/woocommerce-versand-plugin-versand-woocommerce-plugin\/\" \/>\n<meta property=\"og:locale\" content=\"de_DE\" \/>\n<meta property=\"og:type\" content=\"article\" \/>\n<meta property=\"og:title\" content=\"WooCommerce Versand - Plugin Versand - WooCommerce Plugin\" \/>\n<meta property=\"og:description\" content=\"Diese WooCommerce-Erweiterung ist die offizielle L\u00f6sung von WooCommerce und JetPack, mit der wir Lieferungen wie Pro verwalten k\u00f6nnen. Echtzeit-Anzeige der Kosten der Lieferung, intelligente erm\u00e4\u00dfigte Preise, Verwaltung der Versandetiketten, dieses WooCommerce-Lieferungs-Plugin ist unverzichtbar!\" \/>\n<meta property=\"og:url\" content=\"https:\/\/woo-themes-plugins.com\/de\/produkt\/woocommerce-versand-plugin-versand-woocommerce-plugin\/\" \/>\n<meta property=\"og:site_name\" content=\"Woo-themes-plugins.com\" \/>\n<meta property=\"og:image\" content=\"https:\/\/woo-themes-plugins.com\/wp-content\/uploads\/sites\/7\/2018\/03\/woo-themes-plugins_woocommerce-woocommerce-shipping-plugin-woocommerce.jpg\" \/>\n\t<meta property=\"og:image:width\" content=\"900\" \/>\n\t<meta property=\"og:image:height\" content=\"900\" \/>\n\t<meta property=\"og:image:type\" content=\"image\/jpeg\" \/>\n<script type=\"application\/ld+json\" class=\"yoast-schema-graph\">{\"@context\":\"https:\/\/schema.org\",\"@graph\":[{\"@type\":\"WebPage\",\"@id\":\"https:\/\/woo-themes-plugins.com\/de\/produkt\/woocommerce-versand-plugin-versand-woocommerce-plugin\/\",\"url\":\"https:\/\/woo-themes-plugins.com\/de\/produkt\/woocommerce-versand-plugin-versand-woocommerce-plugin\/\",\"name\":\"WooCommerce Versand - Plugin Versand - WooCommerce Plugin\",\"isPartOf\":{\"@id\":\"https:\/\/woo-themes-plugins.com\/it\/#website\"},\"primaryImageOfPage\":{\"@id\":\"https:\/\/woo-themes-plugins.com\/de\/produkt\/woocommerce-versand-plugin-versand-woocommerce-plugin\/#primaryimage\"},\"image\":{\"@id\":\"https:\/\/woo-themes-plugins.com\/de\/produkt\/woocommerce-versand-plugin-versand-woocommerce-plugin\/#primaryimage\"},\"thumbnailUrl\":\"https:\/\/woo-themes-plugins.com\/wp-content\/uploads\/sites\/7\/2018\/03\/woo-themes-plugins_woocommerce-woocommerce-shipping-plugin-woocommerce.jpg\",\"datePublished\":\"2018-03-26T08:12:24+00:00\",\"dateModified\":\"2018-03-26T08:12:24+00:00\",\"description\":\"Diese WooCommerce-Erweiterung ist die offizielle L\u00f6sung von WooCommerce und JetPack, mit der wir Lieferungen wie Pro verwalten k\u00f6nnen. Echtzeit-Anzeige der Kosten der Lieferung, intelligente erm\u00e4\u00dfigte Preise, Verwaltung der Versandetiketten, dieses WooCommerce-Lieferungs-Plugin ist unverzichtbar!\",\"breadcrumb\":{\"@id\":\"https:\/\/woo-themes-plugins.com\/de\/produkt\/woocommerce-versand-plugin-versand-woocommerce-plugin\/#breadcrumb\"},\"inLanguage\":\"de\",\"potentialAction\":[{\"@type\":\"ReadAction\",\"target\":[\"https:\/\/woo-themes-plugins.com\/de\/produkt\/woocommerce-versand-plugin-versand-woocommerce-plugin\/\"]}]},{\"@type\":\"ImageObject\",\"inLanguage\":\"de\",\"@id\":\"https:\/\/woo-themes-plugins.com\/de\/produkt\/woocommerce-versand-plugin-versand-woocommerce-plugin\/#primaryimage\",\"url\":\"https:\/\/woo-themes-plugins.com\/wp-content\/uploads\/sites\/7\/2018\/03\/woo-themes-plugins_woocommerce-woocommerce-shipping-plugin-woocommerce.jpg\",\"contentUrl\":\"https:\/\/woo-themes-plugins.com\/wp-content\/uploads\/sites\/7\/2018\/03\/woo-themes-plugins_woocommerce-woocommerce-shipping-plugin-woocommerce.jpg\",\"width\":900,\"height\":900},{\"@type\":\"BreadcrumbList\",\"@id\":\"https:\/\/woo-themes-plugins.com\/de\/produkt\/woocommerce-versand-plugin-versand-woocommerce-plugin\/#breadcrumb\",\"itemListElement\":[{\"@type\":\"ListItem\",\"position\":1,\"name\":\"Accueil\",\"item\":\"https:\/\/woo-themes-plugins.com\/fr\/\"},{\"@type\":\"ListItem\",\"position\":2,\"name\":\"Shop\",\"item\":\"https:\/\/woo-themes-plugins.com\/shop\/\"},{\"@type\":\"ListItem\",\"position\":3,\"name\":\"WooCommerce Versand &#8211; Plugin Versand &#8211; WooCommerce Plugin\"}]},{\"@type\":\"WebSite\",\"@id\":\"https:\/\/woo-themes-plugins.com\/it\/#website\",\"url\":\"https:\/\/woo-themes-plugins.com\/it\/\",\"name\":\"Woo-themes-plugins.com\",\"description\":\"Tous les th\u00e8mes et plugins WooCommerce Premium\",\"potentialAction\":[{\"@type\":\"SearchAction\",\"target\":{\"@type\":\"EntryPoint\",\"urlTemplate\":\"https:\/\/woo-themes-plugins.com\/it\/?s={search_term_string}\"},\"query-input\":\"required name=search_term_string\"}],\"inLanguage\":\"de\"}]}<\/script>\n<!-- \/ Yoast SEO plugin. -->","yoast_head_json":{"title":"WooCommerce Versand - Plugin Versand - WooCommerce Plugin","description":"Diese WooCommerce-Erweiterung ist die offizielle L\u00f6sung von WooCommerce und JetPack, mit der wir Lieferungen wie Pro verwalten k\u00f6nnen. Echtzeit-Anzeige der Kosten der Lieferung, intelligente erm\u00e4\u00dfigte Preise, Verwaltung der Versandetiketten, dieses WooCommerce-Lieferungs-Plugin ist unverzichtbar!","robots":{"index":"index","follow":"follow","max-snippet":"max-snippet:-1","max-image-preview":"max-image-preview:large","max-video-preview":"max-video-preview:-1"},"canonical":"https:\/\/woo-themes-plugins.com\/de\/produkt\/woocommerce-versand-plugin-versand-woocommerce-plugin\/","og_locale":"de_DE","og_type":"article","og_title":"WooCommerce Versand - Plugin Versand - WooCommerce Plugin","og_description":"Diese WooCommerce-Erweiterung ist die offizielle L\u00f6sung von WooCommerce und JetPack, mit der wir Lieferungen wie Pro verwalten k\u00f6nnen. Echtzeit-Anzeige der Kosten der Lieferung, intelligente erm\u00e4\u00dfigte Preise, Verwaltung der Versandetiketten, dieses WooCommerce-Lieferungs-Plugin ist unverzichtbar!","og_url":"https:\/\/woo-themes-plugins.com\/de\/produkt\/woocommerce-versand-plugin-versand-woocommerce-plugin\/","og_site_name":"Woo-themes-plugins.com","og_image":[{"width":900,"height":900,"url":"https:\/\/woo-themes-plugins.com\/wp-content\/uploads\/sites\/7\/2018\/03\/woo-themes-plugins_woocommerce-woocommerce-shipping-plugin-woocommerce.jpg","type":"image\/jpeg"}],"schema":{"@context":"https:\/\/schema.org","@graph":[{"@type":"WebPage","@id":"https:\/\/woo-themes-plugins.com\/de\/produkt\/woocommerce-versand-plugin-versand-woocommerce-plugin\/","url":"https:\/\/woo-themes-plugins.com\/de\/produkt\/woocommerce-versand-plugin-versand-woocommerce-plugin\/","name":"WooCommerce Versand - Plugin Versand - WooCommerce Plugin","isPartOf":{"@id":"https:\/\/woo-themes-plugins.com\/it\/#website"},"primaryImageOfPage":{"@id":"https:\/\/woo-themes-plugins.com\/de\/produkt\/woocommerce-versand-plugin-versand-woocommerce-plugin\/#primaryimage"},"image":{"@id":"https:\/\/woo-themes-plugins.com\/de\/produkt\/woocommerce-versand-plugin-versand-woocommerce-plugin\/#primaryimage"},"thumbnailUrl":"https:\/\/woo-themes-plugins.com\/wp-content\/uploads\/sites\/7\/2018\/03\/woo-themes-plugins_woocommerce-woocommerce-shipping-plugin-woocommerce.jpg","datePublished":"2018-03-26T08:12:24+00:00","dateModified":"2018-03-26T08:12:24+00:00","description":"Diese WooCommerce-Erweiterung ist die offizielle L\u00f6sung von WooCommerce und JetPack, mit der wir Lieferungen wie Pro verwalten k\u00f6nnen. Echtzeit-Anzeige der Kosten der Lieferung, intelligente erm\u00e4\u00dfigte Preise, Verwaltung der Versandetiketten, dieses WooCommerce-Lieferungs-Plugin ist unverzichtbar!","breadcrumb":{"@id":"https:\/\/woo-themes-plugins.com\/de\/produkt\/woocommerce-versand-plugin-versand-woocommerce-plugin\/#breadcrumb"},"inLanguage":"de","potentialAction":[{"@type":"ReadAction","target":["https:\/\/woo-themes-plugins.com\/de\/produkt\/woocommerce-versand-plugin-versand-woocommerce-plugin\/"]}]},{"@type":"ImageObject","inLanguage":"de","@id":"https:\/\/woo-themes-plugins.com\/de\/produkt\/woocommerce-versand-plugin-versand-woocommerce-plugin\/#primaryimage","url":"https:\/\/woo-themes-plugins.com\/wp-content\/uploads\/sites\/7\/2018\/03\/woo-themes-plugins_woocommerce-woocommerce-shipping-plugin-woocommerce.jpg","contentUrl":"https:\/\/woo-themes-plugins.com\/wp-content\/uploads\/sites\/7\/2018\/03\/woo-themes-plugins_woocommerce-woocommerce-shipping-plugin-woocommerce.jpg","width":900,"height":900},{"@type":"BreadcrumbList","@id":"https:\/\/woo-themes-plugins.com\/de\/produkt\/woocommerce-versand-plugin-versand-woocommerce-plugin\/#breadcrumb","itemListElement":[{"@type":"ListItem","position":1,"name":"Accueil","item":"https:\/\/woo-themes-plugins.com\/fr\/"},{"@type":"ListItem","position":2,"name":"Shop","item":"https:\/\/woo-themes-plugins.com\/shop\/"},{"@type":"ListItem","position":3,"name":"WooCommerce Versand &#8211; Plugin Versand &#8211; WooCommerce Plugin"}]},{"@type":"WebSite","@id":"https:\/\/woo-themes-plugins.com\/it\/#website","url":"https:\/\/woo-themes-plugins.com\/it\/","name":"Woo-themes-plugins.com","description":"Tous les th\u00e8mes et plugins WooCommerce Premium","potentialAction":[{"@type":"SearchAction","target":{"@type":"EntryPoint","urlTemplate":"https:\/\/woo-themes-plugins.com\/it\/?s={search_term_string}"},"query-input":"required name=search_term_string"}],"inLanguage":"de"}]}},"_links":{"self":[{"href":"https:\/\/woo-themes-plugins.com\/de\/wp-json\/wp\/v2\/product\/4667","targetHints":{"allow":["GET"]}}],"collection":[{"href":"https:\/\/woo-themes-plugins.com\/de\/wp-json\/wp\/v2\/product"}],"about":[{"href":"https:\/\/woo-themes-plugins.com\/de\/wp-json\/wp\/v2\/types\/product"}],"wp:featuredmedia":[{"embeddable":true,"href":"https:\/\/woo-themes-plugins.com\/de\/wp-json\/wp\/v2\/media\/2608"}],"wp:attachment":[{"href":"https:\/\/woo-themes-plugins.com\/de\/wp-json\/wp\/v2\/media?parent=4667"}],"wp:term":[{"taxonomy":"product_cat","embeddable":true,"href":"https:\/\/woo-themes-plugins.com\/de\/wp-json\/wp\/v2\/product_cat?post=4667"},{"taxonomy":"product_tag","embeddable":true,"href":"https:\/\/woo-themes-plugins.com\/de\/wp-json\/wp\/v2\/product_tag?post=4667"}],"curies":[{"name":"wp","href":"https:\/\/api.w.org\/{rel}","templated":true}]}}