{"id":4669,"date":"2018-03-26T09:22:21","date_gmt":"2018-03-26T08:22:21","guid":{"rendered":"https:\/\/woo-themes-plugins.com\/product\/fedex-versandmethode-plugin-versand-woocommerce-plugin\/"},"modified":"2018-03-26T09:22:21","modified_gmt":"2018-03-26T08:22:21","slug":"fedex-versandmethode-plugin-versand-woocommerce-plugin","status":"publish","type":"product","link":"https:\/\/woo-themes-plugins.com\/de\/product\/fedex-versandmethode-plugin-versand-woocommerce-plugin\/","title":{"rendered":"FedEx Versandmethode &#8211; Plugin Versand &#8211; WooCommerce Plugin"},"content":{"rendered":"<p><span id=\"result_box\" class=\"\" lang=\"de\">Bevor Sie weitermachen, m\u00fcssen Sie sicherstellen, dass SOAP auf Ihrem WooCommerce-Hosting aktiv ist! Andernfalls k\u00f6nnen Sie diese WooCommerce-Erweiterung nicht ausf\u00fchren. Aus gutem Grund f\u00fchrt es SOAP-Abfragen auf FedEx-Servern durch, damit Ihr Kunde den genauen Preis f\u00fcr seine Sendung kennt.<\/p>\n<p>FedEx, es ist niemand in der Welt der Expeditionen, weil es immer noch sie sind, die das Konzept ein wenig erfunden haben &#8230; und mit seiner St\u00e4rke in 220 L\u00e4ndern &#8230; wie sagt man &#8230; schwer, es besser zu machen.<\/p>\n<p>Standardm\u00e4\u00dfig arbeitet diese FedEx-Erweiterung f\u00fcr WooCommerce auf Basis des US-Dollars oder Kanadischen Dollars.<\/span><\/p>\n","protected":false},"excerpt":{"rendered":"<p><span id=\"result_box\" class=\"\" lang=\"de\">Verwenden Sie FedEx-Services f\u00fcr Ihre Sendungen? Hier ist ein WooCommerce-Plugin, das Sie sehr interessieren sollte: FedEx Shipping Method. <span class=\"\">Mit diesem Plug-In FedEx f\u00fcr WooCommerce haben Ihre Kunden immer den fairsten Preis, der f\u00fcr sie gilt.<\/span><\/span><\/p>\n","protected":false},"featured_media":2624,"template":"","meta":{"_monsterinsights_skip_tracking":false,"_monsterinsights_sitenote_active":false,"_monsterinsights_sitenote_note":"","_monsterinsights_sitenote_category":0},"product_cat":[208],"product_tag":[1055,608,1113],"class_list":["post-4669","product","type-product","status-publish","has-post-thumbnail","hentry","product_cat-plugin-woocommerce-de","product_tag-bestellungen-woocommerce","product_tag-fedex-woocommerce-de","product_tag-woocommerce-lieferung","pa_dev-woo-plugin-theme-woocommerce-de","pa_marketplace-woocommerce-woocommerce-com-de"],"yoast_head":"<!-- This site is optimized with the Yoast SEO plugin v23.1 - https:\/\/yoast.com\/wordpress\/plugins\/seo\/ -->\n<title>FedEx Versandmethode - Plugin Versand - WooCommerce Plugin<\/title>\n<meta name=\"description\" content=\"Offizielles WooCommerce-Plugin zur Integration der Echtzeitabfrage der vom FedEx-Carrier berechneten Preise. Wenn Sie mit WooCommerce und FedEx arbeiten, ist hier eine WooCommerce-Erweiterung, die schnell essentiell sein wird!\" \/>\n<meta name=\"robots\" content=\"index, follow, max-snippet:-1, max-image-preview:large, max-video-preview:-1\" \/>\n<link rel=\"canonical\" href=\"https:\/\/woo-themes-plugins.com\/de\/produkt\/fedex-versandmethode-plugin-versand-woocommerce-plugin\/\" \/>\n<meta property=\"og:locale\" content=\"de_DE\" \/>\n<meta property=\"og:type\" content=\"article\" \/>\n<meta property=\"og:title\" content=\"FedEx Versandmethode - Plugin Versand - WooCommerce Plugin\" \/>\n<meta property=\"og:description\" content=\"Offizielles WooCommerce-Plugin zur Integration der Echtzeitabfrage der vom FedEx-Carrier berechneten Preise. Wenn Sie mit WooCommerce und FedEx arbeiten, ist hier eine WooCommerce-Erweiterung, die schnell essentiell sein wird!\" \/>\n<meta property=\"og:url\" content=\"https:\/\/woo-themes-plugins.com\/de\/produkt\/fedex-versandmethode-plugin-versand-woocommerce-plugin\/\" \/>\n<meta property=\"og:site_name\" content=\"Woo-themes-plugins.com\" \/>\n<meta property=\"og:image\" content=\"https:\/\/woo-themes-plugins.com\/wp-content\/uploads\/sites\/7\/2018\/03\/woo-themes-plugins_woocommerce-fedex-shipping-method-plugin-woocommerce.jpg\" \/>\n\t<meta property=\"og:image:width\" content=\"900\" \/>\n\t<meta property=\"og:image:height\" content=\"900\" \/>\n\t<meta property=\"og:image:type\" content=\"image\/jpeg\" \/>\n<script type=\"application\/ld+json\" class=\"yoast-schema-graph\">{\"@context\":\"https:\/\/schema.org\",\"@graph\":[{\"@type\":\"WebPage\",\"@id\":\"https:\/\/woo-themes-plugins.com\/de\/produkt\/fedex-versandmethode-plugin-versand-woocommerce-plugin\/\",\"url\":\"https:\/\/woo-themes-plugins.com\/de\/produkt\/fedex-versandmethode-plugin-versand-woocommerce-plugin\/\",\"name\":\"FedEx Versandmethode - Plugin Versand - WooCommerce Plugin\",\"isPartOf\":{\"@id\":\"https:\/\/woo-themes-plugins.com\/it\/#website\"},\"primaryImageOfPage\":{\"@id\":\"https:\/\/woo-themes-plugins.com\/de\/produkt\/fedex-versandmethode-plugin-versand-woocommerce-plugin\/#primaryimage\"},\"image\":{\"@id\":\"https:\/\/woo-themes-plugins.com\/de\/produkt\/fedex-versandmethode-plugin-versand-woocommerce-plugin\/#primaryimage\"},\"thumbnailUrl\":\"https:\/\/woo-themes-plugins.com\/wp-content\/uploads\/sites\/7\/2018\/03\/woo-themes-plugins_woocommerce-fedex-shipping-method-plugin-woocommerce.jpg\",\"datePublished\":\"2018-03-26T08:22:21+00:00\",\"dateModified\":\"2018-03-26T08:22:21+00:00\",\"description\":\"Offizielles WooCommerce-Plugin zur Integration der Echtzeitabfrage der vom FedEx-Carrier berechneten Preise. Wenn Sie mit WooCommerce und FedEx arbeiten, ist hier eine WooCommerce-Erweiterung, die schnell essentiell sein wird!\",\"breadcrumb\":{\"@id\":\"https:\/\/woo-themes-plugins.com\/de\/produkt\/fedex-versandmethode-plugin-versand-woocommerce-plugin\/#breadcrumb\"},\"inLanguage\":\"de\",\"potentialAction\":[{\"@type\":\"ReadAction\",\"target\":[\"https:\/\/woo-themes-plugins.com\/de\/produkt\/fedex-versandmethode-plugin-versand-woocommerce-plugin\/\"]}]},{\"@type\":\"ImageObject\",\"inLanguage\":\"de\",\"@id\":\"https:\/\/woo-themes-plugins.com\/de\/produkt\/fedex-versandmethode-plugin-versand-woocommerce-plugin\/#primaryimage\",\"url\":\"https:\/\/woo-themes-plugins.com\/wp-content\/uploads\/sites\/7\/2018\/03\/woo-themes-plugins_woocommerce-fedex-shipping-method-plugin-woocommerce.jpg\",\"contentUrl\":\"https:\/\/woo-themes-plugins.com\/wp-content\/uploads\/sites\/7\/2018\/03\/woo-themes-plugins_woocommerce-fedex-shipping-method-plugin-woocommerce.jpg\",\"width\":900,\"height\":900},{\"@type\":\"BreadcrumbList\",\"@id\":\"https:\/\/woo-themes-plugins.com\/de\/produkt\/fedex-versandmethode-plugin-versand-woocommerce-plugin\/#breadcrumb\",\"itemListElement\":[{\"@type\":\"ListItem\",\"position\":1,\"name\":\"Accueil\",\"item\":\"https:\/\/woo-themes-plugins.com\/fr\/\"},{\"@type\":\"ListItem\",\"position\":2,\"name\":\"Shop\",\"item\":\"https:\/\/woo-themes-plugins.com\/shop\/\"},{\"@type\":\"ListItem\",\"position\":3,\"name\":\"FedEx Versandmethode &#8211; Plugin Versand &#8211; WooCommerce Plugin\"}]},{\"@type\":\"WebSite\",\"@id\":\"https:\/\/woo-themes-plugins.com\/it\/#website\",\"url\":\"https:\/\/woo-themes-plugins.com\/it\/\",\"name\":\"Woo-themes-plugins.com\",\"description\":\"Tous les th\u00e8mes et plugins WooCommerce Premium\",\"potentialAction\":[{\"@type\":\"SearchAction\",\"target\":{\"@type\":\"EntryPoint\",\"urlTemplate\":\"https:\/\/woo-themes-plugins.com\/it\/?s={search_term_string}\"},\"query-input\":\"required name=search_term_string\"}],\"inLanguage\":\"de\"}]}<\/script>\n<!-- \/ Yoast SEO plugin. -->","yoast_head_json":{"title":"FedEx Versandmethode - Plugin Versand - WooCommerce Plugin","description":"Offizielles WooCommerce-Plugin zur Integration der Echtzeitabfrage der vom FedEx-Carrier berechneten Preise. Wenn Sie mit WooCommerce und FedEx arbeiten, ist hier eine WooCommerce-Erweiterung, die schnell essentiell sein wird!","robots":{"index":"index","follow":"follow","max-snippet":"max-snippet:-1","max-image-preview":"max-image-preview:large","max-video-preview":"max-video-preview:-1"},"canonical":"https:\/\/woo-themes-plugins.com\/de\/produkt\/fedex-versandmethode-plugin-versand-woocommerce-plugin\/","og_locale":"de_DE","og_type":"article","og_title":"FedEx Versandmethode - Plugin Versand - WooCommerce Plugin","og_description":"Offizielles WooCommerce-Plugin zur Integration der Echtzeitabfrage der vom FedEx-Carrier berechneten Preise. Wenn Sie mit WooCommerce und FedEx arbeiten, ist hier eine WooCommerce-Erweiterung, die schnell essentiell sein wird!","og_url":"https:\/\/woo-themes-plugins.com\/de\/produkt\/fedex-versandmethode-plugin-versand-woocommerce-plugin\/","og_site_name":"Woo-themes-plugins.com","og_image":[{"width":900,"height":900,"url":"https:\/\/woo-themes-plugins.com\/wp-content\/uploads\/sites\/7\/2018\/03\/woo-themes-plugins_woocommerce-fedex-shipping-method-plugin-woocommerce.jpg","type":"image\/jpeg"}],"schema":{"@context":"https:\/\/schema.org","@graph":[{"@type":"WebPage","@id":"https:\/\/woo-themes-plugins.com\/de\/produkt\/fedex-versandmethode-plugin-versand-woocommerce-plugin\/","url":"https:\/\/woo-themes-plugins.com\/de\/produkt\/fedex-versandmethode-plugin-versand-woocommerce-plugin\/","name":"FedEx Versandmethode - Plugin Versand - WooCommerce Plugin","isPartOf":{"@id":"https:\/\/woo-themes-plugins.com\/it\/#website"},"primaryImageOfPage":{"@id":"https:\/\/woo-themes-plugins.com\/de\/produkt\/fedex-versandmethode-plugin-versand-woocommerce-plugin\/#primaryimage"},"image":{"@id":"https:\/\/woo-themes-plugins.com\/de\/produkt\/fedex-versandmethode-plugin-versand-woocommerce-plugin\/#primaryimage"},"thumbnailUrl":"https:\/\/woo-themes-plugins.com\/wp-content\/uploads\/sites\/7\/2018\/03\/woo-themes-plugins_woocommerce-fedex-shipping-method-plugin-woocommerce.jpg","datePublished":"2018-03-26T08:22:21+00:00","dateModified":"2018-03-26T08:22:21+00:00","description":"Offizielles WooCommerce-Plugin zur Integration der Echtzeitabfrage der vom FedEx-Carrier berechneten Preise. Wenn Sie mit WooCommerce und FedEx arbeiten, ist hier eine WooCommerce-Erweiterung, die schnell essentiell sein wird!","breadcrumb":{"@id":"https:\/\/woo-themes-plugins.com\/de\/produkt\/fedex-versandmethode-plugin-versand-woocommerce-plugin\/#breadcrumb"},"inLanguage":"de","potentialAction":[{"@type":"ReadAction","target":["https:\/\/woo-themes-plugins.com\/de\/produkt\/fedex-versandmethode-plugin-versand-woocommerce-plugin\/"]}]},{"@type":"ImageObject","inLanguage":"de","@id":"https:\/\/woo-themes-plugins.com\/de\/produkt\/fedex-versandmethode-plugin-versand-woocommerce-plugin\/#primaryimage","url":"https:\/\/woo-themes-plugins.com\/wp-content\/uploads\/sites\/7\/2018\/03\/woo-themes-plugins_woocommerce-fedex-shipping-method-plugin-woocommerce.jpg","contentUrl":"https:\/\/woo-themes-plugins.com\/wp-content\/uploads\/sites\/7\/2018\/03\/woo-themes-plugins_woocommerce-fedex-shipping-method-plugin-woocommerce.jpg","width":900,"height":900},{"@type":"BreadcrumbList","@id":"https:\/\/woo-themes-plugins.com\/de\/produkt\/fedex-versandmethode-plugin-versand-woocommerce-plugin\/#breadcrumb","itemListElement":[{"@type":"ListItem","position":1,"name":"Accueil","item":"https:\/\/woo-themes-plugins.com\/fr\/"},{"@type":"ListItem","position":2,"name":"Shop","item":"https:\/\/woo-themes-plugins.com\/shop\/"},{"@type":"ListItem","position":3,"name":"FedEx Versandmethode &#8211; Plugin Versand &#8211; WooCommerce Plugin"}]},{"@type":"WebSite","@id":"https:\/\/woo-themes-plugins.com\/it\/#website","url":"https:\/\/woo-themes-plugins.com\/it\/","name":"Woo-themes-plugins.com","description":"Tous les th\u00e8mes et plugins WooCommerce Premium","potentialAction":[{"@type":"SearchAction","target":{"@type":"EntryPoint","urlTemplate":"https:\/\/woo-themes-plugins.com\/it\/?s={search_term_string}"},"query-input":"required name=search_term_string"}],"inLanguage":"de"}]}},"_links":{"self":[{"href":"https:\/\/woo-themes-plugins.com\/de\/wp-json\/wp\/v2\/product\/4669","targetHints":{"allow":["GET"]}}],"collection":[{"href":"https:\/\/woo-themes-plugins.com\/de\/wp-json\/wp\/v2\/product"}],"about":[{"href":"https:\/\/woo-themes-plugins.com\/de\/wp-json\/wp\/v2\/types\/product"}],"wp:featuredmedia":[{"embeddable":true,"href":"https:\/\/woo-themes-plugins.com\/de\/wp-json\/wp\/v2\/media\/2624"}],"wp:attachment":[{"href":"https:\/\/woo-themes-plugins.com\/de\/wp-json\/wp\/v2\/media?parent=4669"}],"wp:term":[{"taxonomy":"product_cat","embeddable":true,"href":"https:\/\/woo-themes-plugins.com\/de\/wp-json\/wp\/v2\/product_cat?post=4669"},{"taxonomy":"product_tag","embeddable":true,"href":"https:\/\/woo-themes-plugins.com\/de\/wp-json\/wp\/v2\/product_tag?post=4669"}],"curies":[{"name":"wp","href":"https:\/\/api.w.org\/{rel}","templated":true}]}}