{"id":4670,"date":"2018-03-26T09:24:55","date_gmt":"2018-03-26T08:24:55","guid":{"rendered":"https:\/\/woo-themes-plugins.com\/product\/katalogsichtbarkeitsoptionen-online-katalog-woocommerce-plugin\/"},"modified":"2018-03-26T09:24:55","modified_gmt":"2018-03-26T08:24:55","slug":"katalogsichtbarkeitsoptionen-online-katalog-woocommerce-plugin","status":"publish","type":"product","link":"https:\/\/woo-themes-plugins.com\/de\/product\/katalogsichtbarkeitsoptionen-online-katalog-woocommerce-plugin\/","title":{"rendered":"Katalogsichtbarkeitsoptionen &#8211; Online-Katalog &#8211; WooCommerce-Plugin"},"content":{"rendered":"<p><span id=\"result_box\" class=\"\" lang=\"de\"><span title=\"Une extension WooCommerce qui a pour but de venir retirer toutes les fonctionnalit\u00e9s eCommerce \u00e0 WooCommerce, c'est bien ce que propose l'extension WooCommerce Catalog Visibility Options.\">Eine WooCommerce-Erweiterung, die alle eCommerce-Funktionen von WooCommerce entfernen soll, bietet die Erweiterung WooCommerce Catalog Visibility Options. <\/span><span title=\"Bien que cela puisse sembler \u00e9trange de prime abord, il arrive parfois que l'on ait surtout besoin de pr\u00e9senter un catalogue de produits \u00e0 ses clients, sa possibilit\u00e9 d'achat en ligne.\">Obwohl es auf den ersten Blick seltsam erscheinen mag, ist es manchmal notwendig, seinen Kunden einen Katalog von Produkten zu pr\u00e4sentieren, die M\u00f6glichkeit, online zu kaufen. <\/span><span title=\"WooCommerce est un outil formidable pour pr\u00e9senter un catalogue en ligne si on y pense bien.\">WooCommerce ist ein gro\u00dfartiges Werkzeug, um einen Online-Katalog zu pr\u00e4sentieren, wenn Sie dar\u00fcber nachdenken. <\/span><span title=\"Il suffit pour cela de venir retirer les fonctionnalit\u00e9s de chariot, le bouton d'ajout au panier et retirer tout le checkout et qu'est-ce qu'on obtient ?\">Einfach die Warenkorbfunktionen entfernen, den Hinzuf\u00fcgen-Button zum Warenkorb und alle Checkouts entfernen und was bekommen wir? <\/span><span title=\"Un super syst\u00e8me de catalogue en ligne !\">Ein tolles Online-Katalogsystem! <\/span><span title=\"Cerise sur le g\u00e2teau, transformer ton site catalogue en v\u00e9ritable site de eCommerce sera aussi difficile que d\u00e9sactiver cette extension WooCommerce.\n\n\">Das Beste daran ist, dass die Umwandlung Ihrer Katalogseite in eine echte E-Commerce-Site ebenso schwierig sein wird wie das Deaktivieren dieser WooCommerce-Erweiterung.<\/p>\n<p><\/span><span title=\"Petit d\u00e9tail sympa permis par cette extension WooCommerce, il nous est possible de venir modifier le message sur le bouton d'ajout au chariot, voir compl\u00e8tement le supprimer;\">Kleines nettes Detail, das durch diese Erweiterung WooCommerce erlaubt wird, ist es uns m\u00f6glich, die Nachricht auf dem Knopf zu \u00e4ndern, um zum Warenkorb hinzuzuf\u00fcgen, sehen Sie es vollst\u00e4ndig l\u00f6schen; <\/span><span title=\"au choix !\n\n\">w\u00e4hlen!<\/p>\n<p><\/span><span title=\"Quelques mots de plus sur ce plugin WooCommerce de gestion de catalogue en ligne :\n\n\u00a0\u00a0\u00a0\u00a0\">Noch ein paar Worte zu diesem WooCommerce Online-Katalog-Management-Plugin:<\/p>\n<p><\/span><span title=\"Possibilit\u00e9 offerte de cacher les prix aux utilisateurs non connect\u00e9s, et de les afficher uniquement aux utilisateurs connect\u00e9s\n\u00a0\u00a0\u00a0\u00a0\">M\u00f6glichkeit, Preise von nicht verbundenen Benutzern zu verbergen und sie nur f\u00fcr verbundene Benutzer anzuzeigen<br \/>\n<\/span><span title=\"Possibilit\u00e9 de retirer les fonctionnalit\u00e9s eCommerce en d\u00e9sactivant le chariot\">M\u00f6glichkeit, eCommerce-Funktionen zu entfernen, indem der Einkaufswagen deaktiviert wird<\/span><\/span><\/p>\n","protected":false},"excerpt":{"rendered":"<p><span id=\"result_box\" class=\"\" lang=\"de\">Mit den Optionen f\u00fcr die Katalogsichtbarkeit k\u00f6nnen Sie Ihren WooCommerce Online-Shop in einen Online-Katalog verwandeln. Mit anderen Worten, dieses Plugin entfernt alle f\u00fcr eCommerce WooCommerce spezifischen Funktionen, um die Produkte einfach als Online-Katalog darzustellen.<\/span><\/p>\n","protected":false},"featured_media":2632,"template":"","meta":{"_monsterinsights_skip_tracking":false,"_monsterinsights_sitenote_active":false,"_monsterinsights_sitenote_note":"","_monsterinsights_sitenote_category":0},"product_cat":[208],"product_tag":[1045,1099],"class_list":["post-4670","product","type-product","status-publish","has-post-thumbnail","hentry","product_cat-plugin-woocommerce-de","product_tag-katalog-lookbook-woocommerce","product_tag-woocommerce-preismanagement","pa_dev-woo-plugin-theme-lucas-stark-de","pa_marketplace-woocommerce-woocommerce-com-de"],"yoast_head":"<!-- This site is optimized with the Yoast SEO plugin v23.1 - https:\/\/yoast.com\/wordpress\/plugins\/seo\/ -->\n<title>Katalogsichtbarkeitsoptionen - Online-Katalog - WooCommerce-Plugin<\/title>\n<meta name=\"description\" content=\"Plugin WooCommerce, um seinen WooCommerce Online-Shop in einen durchsuchbaren Online-Katalog zu verwandeln, ohne die M\u00f6glichkeit zu haben, Eink\u00e4ufe zu t\u00e4tigen. Ein wesentliches WooCommerce-Plugin, um einen Katalog online von WooCommerce zu stellen.\" \/>\n<meta name=\"robots\" content=\"index, follow, max-snippet:-1, max-image-preview:large, max-video-preview:-1\" \/>\n<link rel=\"canonical\" href=\"https:\/\/woo-themes-plugins.com\/de\/produkt\/katalogsichtbarkeitsoptionen-online-katalog-woocommerce-plugin\/\" \/>\n<meta property=\"og:locale\" content=\"de_DE\" \/>\n<meta property=\"og:type\" content=\"article\" \/>\n<meta property=\"og:title\" content=\"Katalogsichtbarkeitsoptionen - Online-Katalog - WooCommerce-Plugin\" \/>\n<meta property=\"og:description\" content=\"Plugin WooCommerce, um seinen WooCommerce Online-Shop in einen durchsuchbaren Online-Katalog zu verwandeln, ohne die M\u00f6glichkeit zu haben, Eink\u00e4ufe zu t\u00e4tigen. Ein wesentliches WooCommerce-Plugin, um einen Katalog online von WooCommerce zu stellen.\" \/>\n<meta property=\"og:url\" content=\"https:\/\/woo-themes-plugins.com\/de\/produkt\/katalogsichtbarkeitsoptionen-online-katalog-woocommerce-plugin\/\" \/>\n<meta property=\"og:site_name\" content=\"Woo-themes-plugins.com\" \/>\n<meta property=\"og:image\" content=\"https:\/\/woo-themes-plugins.com\/wp-content\/uploads\/sites\/7\/2018\/03\/woo-themes-plugins_woocommerce-catalog-visibilty-options-plugin-woocommerce.jpg\" \/>\n\t<meta property=\"og:image:width\" content=\"900\" \/>\n\t<meta property=\"og:image:height\" content=\"900\" \/>\n\t<meta property=\"og:image:type\" content=\"image\/jpeg\" \/>\n<meta name=\"twitter:label1\" content=\"Gesch\u00e4tzte Lesezeit\" \/>\n\t<meta name=\"twitter:data1\" content=\"1\u00a0Minute\" \/>\n<script type=\"application\/ld+json\" class=\"yoast-schema-graph\">{\"@context\":\"https:\/\/schema.org\",\"@graph\":[{\"@type\":\"WebPage\",\"@id\":\"https:\/\/woo-themes-plugins.com\/de\/produkt\/katalogsichtbarkeitsoptionen-online-katalog-woocommerce-plugin\/\",\"url\":\"https:\/\/woo-themes-plugins.com\/de\/produkt\/katalogsichtbarkeitsoptionen-online-katalog-woocommerce-plugin\/\",\"name\":\"Katalogsichtbarkeitsoptionen - Online-Katalog - WooCommerce-Plugin\",\"isPartOf\":{\"@id\":\"https:\/\/woo-themes-plugins.com\/it\/#website\"},\"primaryImageOfPage\":{\"@id\":\"https:\/\/woo-themes-plugins.com\/de\/produkt\/katalogsichtbarkeitsoptionen-online-katalog-woocommerce-plugin\/#primaryimage\"},\"image\":{\"@id\":\"https:\/\/woo-themes-plugins.com\/de\/produkt\/katalogsichtbarkeitsoptionen-online-katalog-woocommerce-plugin\/#primaryimage\"},\"thumbnailUrl\":\"https:\/\/woo-themes-plugins.com\/wp-content\/uploads\/sites\/7\/2018\/03\/woo-themes-plugins_woocommerce-catalog-visibilty-options-plugin-woocommerce.jpg\",\"datePublished\":\"2018-03-26T08:24:55+00:00\",\"dateModified\":\"2018-03-26T08:24:55+00:00\",\"description\":\"Plugin WooCommerce, um seinen WooCommerce Online-Shop in einen durchsuchbaren Online-Katalog zu verwandeln, ohne die M\u00f6glichkeit zu haben, Eink\u00e4ufe zu t\u00e4tigen. Ein wesentliches WooCommerce-Plugin, um einen Katalog online von WooCommerce zu stellen.\",\"breadcrumb\":{\"@id\":\"https:\/\/woo-themes-plugins.com\/de\/produkt\/katalogsichtbarkeitsoptionen-online-katalog-woocommerce-plugin\/#breadcrumb\"},\"inLanguage\":\"de\",\"potentialAction\":[{\"@type\":\"ReadAction\",\"target\":[\"https:\/\/woo-themes-plugins.com\/de\/produkt\/katalogsichtbarkeitsoptionen-online-katalog-woocommerce-plugin\/\"]}]},{\"@type\":\"ImageObject\",\"inLanguage\":\"de\",\"@id\":\"https:\/\/woo-themes-plugins.com\/de\/produkt\/katalogsichtbarkeitsoptionen-online-katalog-woocommerce-plugin\/#primaryimage\",\"url\":\"https:\/\/woo-themes-plugins.com\/wp-content\/uploads\/sites\/7\/2018\/03\/woo-themes-plugins_woocommerce-catalog-visibilty-options-plugin-woocommerce.jpg\",\"contentUrl\":\"https:\/\/woo-themes-plugins.com\/wp-content\/uploads\/sites\/7\/2018\/03\/woo-themes-plugins_woocommerce-catalog-visibilty-options-plugin-woocommerce.jpg\",\"width\":900,\"height\":900},{\"@type\":\"BreadcrumbList\",\"@id\":\"https:\/\/woo-themes-plugins.com\/de\/produkt\/katalogsichtbarkeitsoptionen-online-katalog-woocommerce-plugin\/#breadcrumb\",\"itemListElement\":[{\"@type\":\"ListItem\",\"position\":1,\"name\":\"Accueil\",\"item\":\"https:\/\/woo-themes-plugins.com\/fr\/\"},{\"@type\":\"ListItem\",\"position\":2,\"name\":\"Shop\",\"item\":\"https:\/\/woo-themes-plugins.com\/shop\/\"},{\"@type\":\"ListItem\",\"position\":3,\"name\":\"Katalogsichtbarkeitsoptionen &#8211; Online-Katalog &#8211; WooCommerce-Plugin\"}]},{\"@type\":\"WebSite\",\"@id\":\"https:\/\/woo-themes-plugins.com\/it\/#website\",\"url\":\"https:\/\/woo-themes-plugins.com\/it\/\",\"name\":\"Woo-themes-plugins.com\",\"description\":\"Tous les th\u00e8mes et plugins WooCommerce Premium\",\"potentialAction\":[{\"@type\":\"SearchAction\",\"target\":{\"@type\":\"EntryPoint\",\"urlTemplate\":\"https:\/\/woo-themes-plugins.com\/it\/?s={search_term_string}\"},\"query-input\":\"required name=search_term_string\"}],\"inLanguage\":\"de\"}]}<\/script>\n<!-- \/ Yoast SEO plugin. -->","yoast_head_json":{"title":"Katalogsichtbarkeitsoptionen - Online-Katalog - WooCommerce-Plugin","description":"Plugin WooCommerce, um seinen WooCommerce Online-Shop in einen durchsuchbaren Online-Katalog zu verwandeln, ohne die M\u00f6glichkeit zu haben, Eink\u00e4ufe zu t\u00e4tigen. Ein wesentliches WooCommerce-Plugin, um einen Katalog online von WooCommerce zu stellen.","robots":{"index":"index","follow":"follow","max-snippet":"max-snippet:-1","max-image-preview":"max-image-preview:large","max-video-preview":"max-video-preview:-1"},"canonical":"https:\/\/woo-themes-plugins.com\/de\/produkt\/katalogsichtbarkeitsoptionen-online-katalog-woocommerce-plugin\/","og_locale":"de_DE","og_type":"article","og_title":"Katalogsichtbarkeitsoptionen - Online-Katalog - WooCommerce-Plugin","og_description":"Plugin WooCommerce, um seinen WooCommerce Online-Shop in einen durchsuchbaren Online-Katalog zu verwandeln, ohne die M\u00f6glichkeit zu haben, Eink\u00e4ufe zu t\u00e4tigen. Ein wesentliches WooCommerce-Plugin, um einen Katalog online von WooCommerce zu stellen.","og_url":"https:\/\/woo-themes-plugins.com\/de\/produkt\/katalogsichtbarkeitsoptionen-online-katalog-woocommerce-plugin\/","og_site_name":"Woo-themes-plugins.com","og_image":[{"width":900,"height":900,"url":"https:\/\/woo-themes-plugins.com\/wp-content\/uploads\/sites\/7\/2018\/03\/woo-themes-plugins_woocommerce-catalog-visibilty-options-plugin-woocommerce.jpg","type":"image\/jpeg"}],"twitter_misc":{"Gesch\u00e4tzte Lesezeit":"1\u00a0Minute"},"schema":{"@context":"https:\/\/schema.org","@graph":[{"@type":"WebPage","@id":"https:\/\/woo-themes-plugins.com\/de\/produkt\/katalogsichtbarkeitsoptionen-online-katalog-woocommerce-plugin\/","url":"https:\/\/woo-themes-plugins.com\/de\/produkt\/katalogsichtbarkeitsoptionen-online-katalog-woocommerce-plugin\/","name":"Katalogsichtbarkeitsoptionen - Online-Katalog - WooCommerce-Plugin","isPartOf":{"@id":"https:\/\/woo-themes-plugins.com\/it\/#website"},"primaryImageOfPage":{"@id":"https:\/\/woo-themes-plugins.com\/de\/produkt\/katalogsichtbarkeitsoptionen-online-katalog-woocommerce-plugin\/#primaryimage"},"image":{"@id":"https:\/\/woo-themes-plugins.com\/de\/produkt\/katalogsichtbarkeitsoptionen-online-katalog-woocommerce-plugin\/#primaryimage"},"thumbnailUrl":"https:\/\/woo-themes-plugins.com\/wp-content\/uploads\/sites\/7\/2018\/03\/woo-themes-plugins_woocommerce-catalog-visibilty-options-plugin-woocommerce.jpg","datePublished":"2018-03-26T08:24:55+00:00","dateModified":"2018-03-26T08:24:55+00:00","description":"Plugin WooCommerce, um seinen WooCommerce Online-Shop in einen durchsuchbaren Online-Katalog zu verwandeln, ohne die M\u00f6glichkeit zu haben, Eink\u00e4ufe zu t\u00e4tigen. Ein wesentliches WooCommerce-Plugin, um einen Katalog online von WooCommerce zu stellen.","breadcrumb":{"@id":"https:\/\/woo-themes-plugins.com\/de\/produkt\/katalogsichtbarkeitsoptionen-online-katalog-woocommerce-plugin\/#breadcrumb"},"inLanguage":"de","potentialAction":[{"@type":"ReadAction","target":["https:\/\/woo-themes-plugins.com\/de\/produkt\/katalogsichtbarkeitsoptionen-online-katalog-woocommerce-plugin\/"]}]},{"@type":"ImageObject","inLanguage":"de","@id":"https:\/\/woo-themes-plugins.com\/de\/produkt\/katalogsichtbarkeitsoptionen-online-katalog-woocommerce-plugin\/#primaryimage","url":"https:\/\/woo-themes-plugins.com\/wp-content\/uploads\/sites\/7\/2018\/03\/woo-themes-plugins_woocommerce-catalog-visibilty-options-plugin-woocommerce.jpg","contentUrl":"https:\/\/woo-themes-plugins.com\/wp-content\/uploads\/sites\/7\/2018\/03\/woo-themes-plugins_woocommerce-catalog-visibilty-options-plugin-woocommerce.jpg","width":900,"height":900},{"@type":"BreadcrumbList","@id":"https:\/\/woo-themes-plugins.com\/de\/produkt\/katalogsichtbarkeitsoptionen-online-katalog-woocommerce-plugin\/#breadcrumb","itemListElement":[{"@type":"ListItem","position":1,"name":"Accueil","item":"https:\/\/woo-themes-plugins.com\/fr\/"},{"@type":"ListItem","position":2,"name":"Shop","item":"https:\/\/woo-themes-plugins.com\/shop\/"},{"@type":"ListItem","position":3,"name":"Katalogsichtbarkeitsoptionen &#8211; Online-Katalog &#8211; WooCommerce-Plugin"}]},{"@type":"WebSite","@id":"https:\/\/woo-themes-plugins.com\/it\/#website","url":"https:\/\/woo-themes-plugins.com\/it\/","name":"Woo-themes-plugins.com","description":"Tous les th\u00e8mes et plugins WooCommerce Premium","potentialAction":[{"@type":"SearchAction","target":{"@type":"EntryPoint","urlTemplate":"https:\/\/woo-themes-plugins.com\/it\/?s={search_term_string}"},"query-input":"required name=search_term_string"}],"inLanguage":"de"}]}},"_links":{"self":[{"href":"https:\/\/woo-themes-plugins.com\/de\/wp-json\/wp\/v2\/product\/4670","targetHints":{"allow":["GET"]}}],"collection":[{"href":"https:\/\/woo-themes-plugins.com\/de\/wp-json\/wp\/v2\/product"}],"about":[{"href":"https:\/\/woo-themes-plugins.com\/de\/wp-json\/wp\/v2\/types\/product"}],"wp:featuredmedia":[{"embeddable":true,"href":"https:\/\/woo-themes-plugins.com\/de\/wp-json\/wp\/v2\/media\/2632"}],"wp:attachment":[{"href":"https:\/\/woo-themes-plugins.com\/de\/wp-json\/wp\/v2\/media?parent=4670"}],"wp:term":[{"taxonomy":"product_cat","embeddable":true,"href":"https:\/\/woo-themes-plugins.com\/de\/wp-json\/wp\/v2\/product_cat?post=4670"},{"taxonomy":"product_tag","embeddable":true,"href":"https:\/\/woo-themes-plugins.com\/de\/wp-json\/wp\/v2\/product_tag?post=4670"}],"curies":[{"name":"wp","href":"https:\/\/api.w.org\/{rel}","templated":true}]}}